{"id":11665,"date":"2022-01-19T12:55:01","date_gmt":"2022-01-19T11:55:01","guid":{"rendered":"https:\/\/new.tiketi.com\/bus-tickets-in-malawi-online-bus-ticket-booking\/"},"modified":"2022-02-01T12:23:38","modified_gmt":"2022-02-01T11:23:38","slug":"cheap-bus-tickets-in-malawi","status":"publish","type":"page","link":"https:\/\/tiketi.com\/fr-fr\/cheap-bus-tickets-in-malawi\/","title":{"rendered":"Billets de bus au Malawi - R\u00e9servation de billets de bus en ligne"},"content":{"rendered":"<p>[wbtm-bus-search]<\/p>\n<h2>Cheap Online Bus Ticket Booking Malawi<\/h2>\n<h3>Discover your travel route on web, mobile or app and book cheap trips using our bus booking app in Malawi online.<\/h3>\n<p>Easy and safe online bus ticket booking Malawi top bus company is AXA Coach Service, with 3 classes of vehicle: Executive, Super Executive and Special. The former is the a luxury nonstop service with Malawi online bus booking, toilet, air-con, relaxing reclining seats, reading lights, USB ports, snacks, good drivers, fresh coffee and even on-board magazine. Buses in Malawi services run between Lilongwe and Blantyre twice a day, leaving every afternoon and morning from unique departure points in each city. The special and executive services are the next in line. These cheapest bus booking in Malawi services have air-con and reclining seats as well as Televisions, but they do not have toilets. They ply the route between Karonga and Blantyre via Mzuzu and Lilongwe daily, serving the key towns, with restricted stops elsewhere. So use our bus booking app in Malawi to do cheap online bus ticket booking in Malawi now and save time and money. Here is the detail of booking bus tickets in Malawi .<\/p>\n<h2>Buses in Malawi<\/h2>\n<h3>The main national buses in Malawi operators:<\/h3>\n<p>Other little bus firms, including the National Bus Company, have daily services up and down the lake and between the country&#8217;s key centres. There are marginally more relax than minibuses, but no more efficient, and they usually cost the same.<\/p>\n<h2>Direct buses Malawi online bus booking<\/h2>\n<p>To get into Malawi form Mozambique, in the south, one can book Malawi bus tickets online from Tete (north-west Mozambique) to Zombwe. After crossing, take another bus from the Blantyre border. This crossing is pretty hectic, and it is closed at night, so one should plan on getting there early, and trying to keep it chill with the all border-hawkers.<\/p>\n<h3>Malawi bus fare<\/h3>\n<p>Direct buses in Malawi\u00a0online bus ticket bookings run from Lusaka, Zambia to Lilongwe, but are top reject if 18- 20 hours on a bus does not sound like your idea of a best time. There is also minibuses from Mbeya in Tanzania to the border. From the Malawi side border, take a taxi to Karonga. Shuttle and bus tickets in Malawi fare cost around 400-500 MK depend on negotiation. From Karonga bus station, take a minibus or bus to other places in Malawi. Bus is affordable than minibuses. The simplest way to take direct bus from Dar es Salaam in Tanzania to Lilongwe or Mzuzu.<\/p>\n<p>There are no direct buses Mbeya to Malawi but you can book shuttle and bus tickets in Malawi online. You must take a ride to the border and walk across.<\/p>\n<h2>Mini bus tickets in Malawi<\/h2>\n<p>Minibuses are the most famous choice because they leave regularly all through the day. The run on a fill-up-and go basis, you can speed up process, and your buy yourself some relaxation, buy buying book bus &amp; shuttle tickets in Malawi two sets. Direct long-distance minibuses are becoming more general, you will likely have to replace once or twice on a long distance journey up the M1 or lakeshore. You can still cheapest bus services in Malawi &#8211; the driver should transfer your fare to the linking service &#8211; but it is wiser to just pay as far as the place where you will replace minibuses.<\/p>\n<p>In rural areas, the frequency of minibuses and buses drops dramatically. In cases like this, the bus in Malawi is generally a pick up or truck, with people just piled in the back. In Malawi this is known as matola.<\/p>\n<h2>Malawi bus ticket booking stations\u00a0and online bus ticket\u00a0booking Malawi confirmed bus reservation<\/h2>\n<p>You can buy online bus booking Malawi tickets in advance for AXA services, all of which have set of departure time, and doing so is advised. AXA has offline or online bus ticket booking Malawi agents and offices at the main bus stations and departure points, so you can Malawi cheap bus tickets at branches of Post Dot Nets (internet, post, and business centres found in Malawi big towns). A weeks&#8217; notice is sometimes required for the Super Executive Coach, mainly for Friday and Sunday services. Choose us for Malawi online bus booking and you don\u00b4t need to\u00a0stand in long queues or search at different bus ticket booking counters.<\/p>\n","protected":false},"excerpt":{"rendered":"<p>[wbtm-bus-search] Cheap Online Bus Ticket Booking Malawi Discover your travel route on web, mobile or app and book cheap trips using our bus booking app in Malawi online. Easy and safe online bus ticket booking Malawi top bus company is AXA Coach Service, with 3 classes of vehicle: Executive, Super Executive and Special. The former [&hellip;]<\/p>\n","protected":false},"author":1,"featured_media":13999,"parent":0,"menu_order":0,"comment_status":"open","ping_status":"closed","template":"template-home-modern.php","meta":{"footnotes":""},"class_list":["post-11665","page","type-page","status-publish","has-post-thumbnail","hentry"],"yoast_head":"<!-- This site is optimized with the Yoast SEO plugin v27.2 - https:\/\/yoast.com\/product\/yoast-seo-wordpress\/ -->\n<title>Bus Tickets in Malawi - Online Bus Ticket Booking<\/title>\n<meta name=\"description\" content=\"Looking for online bus ticket\u00a0booking to and from Malawi, app, route, fare &amp; schedule? Compare and book cheap bus tickets in Malawi online\" \/>\n<meta name=\"robots\" content=\"index, follow, max-snippet:-1, max-image-preview:large, max-video-preview:-1\" \/>\n<link rel=\"canonical\" href=\"https:\/\/tiketi.com\/fr-fr\/cheap-bus-tickets-in-malawi\/\" \/>\n<meta property=\"og:locale\" content=\"fr_FR\" \/>\n<meta property=\"og:type\" content=\"article\" \/>\n<meta property=\"og:title\" content=\"Bus Tickets in Malawi - Online Bus Ticket Booking\" \/>\n<meta property=\"og:description\" content=\"Looking for online bus ticket\u00a0booking to and from Malawi, app, route, fare &amp; schedule? Compare and book cheap bus tickets in Malawi online\" \/>\n<meta property=\"og:url\" content=\"https:\/\/tiketi.com\/fr-fr\/cheap-bus-tickets-in-malawi\/\" \/>\n<meta property=\"og:site_name\" content=\"Tiketi.com\" \/>\n<meta property=\"article:publisher\" content=\"https:\/\/www.facebook.com\/TiketiCom\/\" \/>\n<meta property=\"article:modified_time\" content=\"2022-02-01T11:23:38+00:00\" \/>\n<meta property=\"og:image\" content=\"https:\/\/tiketi.com\/wp-content\/uploads\/2022\/01\/bus-ticket-online-booking.jpg\" \/>\n\t<meta property=\"og:image:width\" content=\"1200\" \/>\n\t<meta property=\"og:image:height\" content=\"206\" \/>\n\t<meta property=\"og:image:type\" content=\"image\/jpeg\" \/>\n<meta name=\"twitter:card\" content=\"summary_large_image\" \/>\n<meta name=\"twitter:label1\" content=\"Dur\u00e9e de lecture estim\u00e9e\" \/>\n\t<meta name=\"twitter:data1\" content=\"4 minutes\" \/>\n<script type=\"application\/ld+json\" class=\"yoast-schema-graph\">{\"@context\":\"https:\/\/schema.org\",\"@graph\":[{\"@type\":\"WebPage\",\"@id\":\"https:\/\/tiketi.com\/cheap-bus-tickets-in-malawi\/\",\"url\":\"https:\/\/tiketi.com\/cheap-bus-tickets-in-malawi\/\",\"name\":\"Bus Tickets in Malawi - Online Bus Ticket Booking\",\"isPartOf\":{\"@id\":\"https:\/\/tiketi.com\/#website\"},\"primaryImageOfPage\":{\"@id\":\"https:\/\/tiketi.com\/cheap-bus-tickets-in-malawi\/#primaryimage\"},\"image\":{\"@id\":\"https:\/\/tiketi.com\/cheap-bus-tickets-in-malawi\/#primaryimage\"},\"thumbnailUrl\":\"https:\/\/tiketi.com\/wp-content\/uploads\/2022\/01\/bus-ticket-online-booking.jpg\",\"datePublished\":\"2022-01-19T11:55:01+00:00\",\"dateModified\":\"2022-02-01T11:23:38+00:00\",\"description\":\"Looking for online bus ticket\u00a0booking to and from Malawi, app, route, fare & schedule? Compare and book cheap bus tickets in Malawi online\",\"breadcrumb\":{\"@id\":\"https:\/\/tiketi.com\/cheap-bus-tickets-in-malawi\/#breadcrumb\"},\"inLanguage\":\"fr-FR\",\"potentialAction\":[{\"@type\":\"ReadAction\",\"target\":[\"https:\/\/tiketi.com\/cheap-bus-tickets-in-malawi\/\"]}]},{\"@type\":\"ImageObject\",\"inLanguage\":\"fr-FR\",\"@id\":\"https:\/\/tiketi.com\/cheap-bus-tickets-in-malawi\/#primaryimage\",\"url\":\"https:\/\/tiketi.com\/wp-content\/uploads\/2022\/01\/bus-ticket-online-booking.jpg\",\"contentUrl\":\"https:\/\/tiketi.com\/wp-content\/uploads\/2022\/01\/bus-ticket-online-booking.jpg\",\"width\":1200,\"height\":206,\"caption\":\"Online Bus Ticket Booking\"},{\"@type\":\"BreadcrumbList\",\"@id\":\"https:\/\/tiketi.com\/cheap-bus-tickets-in-malawi\/#breadcrumb\",\"itemListElement\":[{\"@type\":\"ListItem\",\"position\":1,\"name\":\"Home\",\"item\":\"https:\/\/tiketi.com\/\"},{\"@type\":\"ListItem\",\"position\":2,\"name\":\"Bus Tickets in Malawi &#8211; Online Bus Ticket Booking\"}]},{\"@type\":\"WebSite\",\"@id\":\"https:\/\/tiketi.com\/#website\",\"url\":\"https:\/\/tiketi.com\/\",\"name\":\"Flight & Bus Tickets, Tour Packages & Activitites - Tiketi.com\",\"description\":\"Flight &amp; Bus Tickets, Tours, Activitites\",\"publisher\":{\"@id\":\"https:\/\/tiketi.com\/#organization\"},\"potentialAction\":[{\"@type\":\"SearchAction\",\"target\":{\"@type\":\"EntryPoint\",\"urlTemplate\":\"https:\/\/tiketi.com\/?s={search_term_string}\"},\"query-input\":{\"@type\":\"PropertyValueSpecification\",\"valueRequired\":true,\"valueName\":\"search_term_string\"}}],\"inLanguage\":\"fr-FR\"},{\"@type\":\"Organization\",\"@id\":\"https:\/\/tiketi.com\/#organization\",\"name\":\"Tiketi.com\",\"alternateName\":\"Tiketi\",\"url\":\"https:\/\/tiketi.com\/\",\"logo\":{\"@type\":\"ImageObject\",\"inLanguage\":\"fr-FR\",\"@id\":\"https:\/\/tiketi.com\/#\/schema\/logo\/image\/\",\"url\":\"https:\/\/tiketi.com\/wp-content\/uploads\/2019\/05\/tiketi-logo-696.png\",\"contentUrl\":\"https:\/\/tiketi.com\/wp-content\/uploads\/2019\/05\/tiketi-logo-696.png\",\"width\":696,\"height\":696,\"caption\":\"Tiketi.com\"},\"image\":{\"@id\":\"https:\/\/tiketi.com\/#\/schema\/logo\/image\/\"},\"sameAs\":[\"https:\/\/www.facebook.com\/TiketiCom\/\"]}]}<\/script>\n<!-- \/ Yoast SEO plugin. -->","yoast_head_json":{"title":"Billets de bus au Malawi - R\u00e9servation de billets de bus en ligne","description":"Vous recherchez une r\u00e9servation de billets de bus en ligne vers et depuis le Malawi, une application, un itin\u00e9raire, un tarif et des horaires\u00a0? Comparez et r\u00e9servez en ligne des billets de bus pas chers au Malawi","robots":{"index":"index","follow":"follow","max-snippet":"max-snippet:-1","max-image-preview":"max-image-preview:large","max-video-preview":"max-video-preview:-1"},"canonical":"https:\/\/tiketi.com\/fr-fr\/cheap-bus-tickets-in-malawi\/","og_locale":"fr_FR","og_type":"article","og_title":"Bus Tickets in Malawi - Online Bus Ticket Booking","og_description":"Looking for online bus ticket\u00a0booking to and from Malawi, app, route, fare & schedule? Compare and book cheap bus tickets in Malawi online","og_url":"https:\/\/tiketi.com\/fr-fr\/cheap-bus-tickets-in-malawi\/","og_site_name":"Tiketi.com","article_publisher":"https:\/\/www.facebook.com\/TiketiCom\/","article_modified_time":"2022-02-01T11:23:38+00:00","og_image":[{"width":1200,"height":206,"url":"https:\/\/tiketi.com\/wp-content\/uploads\/2022\/01\/bus-ticket-online-booking.jpg","type":"image\/jpeg"}],"twitter_card":"summary_large_image","twitter_misc":{"Dur\u00e9e de lecture estim\u00e9e":"4 minutes"},"schema":{"@context":"https:\/\/schema.org","@graph":[{"@type":"WebPage","@id":"https:\/\/tiketi.com\/cheap-bus-tickets-in-malawi\/","url":"https:\/\/tiketi.com\/cheap-bus-tickets-in-malawi\/","name":"Billets de bus au Malawi - R\u00e9servation de billets de bus en ligne","isPartOf":{"@id":"https:\/\/tiketi.com\/#website"},"primaryImageOfPage":{"@id":"https:\/\/tiketi.com\/cheap-bus-tickets-in-malawi\/#primaryimage"},"image":{"@id":"https:\/\/tiketi.com\/cheap-bus-tickets-in-malawi\/#primaryimage"},"thumbnailUrl":"https:\/\/tiketi.com\/wp-content\/uploads\/2022\/01\/bus-ticket-online-booking.jpg","datePublished":"2022-01-19T11:55:01+00:00","dateModified":"2022-02-01T11:23:38+00:00","description":"Vous recherchez une r\u00e9servation de billets de bus en ligne vers et depuis le Malawi, une application, un itin\u00e9raire, un tarif et des horaires\u00a0? Comparez et r\u00e9servez en ligne des billets de bus pas chers au Malawi","breadcrumb":{"@id":"https:\/\/tiketi.com\/cheap-bus-tickets-in-malawi\/#breadcrumb"},"inLanguage":"fr-FR","potentialAction":[{"@type":"ReadAction","target":["https:\/\/tiketi.com\/cheap-bus-tickets-in-malawi\/"]}]},{"@type":"ImageObject","inLanguage":"fr-FR","@id":"https:\/\/tiketi.com\/cheap-bus-tickets-in-malawi\/#primaryimage","url":"https:\/\/tiketi.com\/wp-content\/uploads\/2022\/01\/bus-ticket-online-booking.jpg","contentUrl":"https:\/\/tiketi.com\/wp-content\/uploads\/2022\/01\/bus-ticket-online-booking.jpg","width":1200,"height":206,"caption":"Online Bus Ticket Booking"},{"@type":"BreadcrumbList","@id":"https:\/\/tiketi.com\/cheap-bus-tickets-in-malawi\/#breadcrumb","itemListElement":[{"@type":"ListItem","position":1,"name":"Home","item":"https:\/\/tiketi.com\/"},{"@type":"ListItem","position":2,"name":"Bus Tickets in Malawi &#8211; Online Bus Ticket Booking"}]},{"@type":"WebSite","@id":"https:\/\/tiketi.com\/#website","url":"https:\/\/tiketi.com\/","name":"Billets d&#039;avion et de bus, forfaits touristiques et activit\u00e9s - Tiketi.com","description":"Billets d&#039;avion et de bus, Tours, Activit\u00e9s","publisher":{"@id":"https:\/\/tiketi.com\/#organization"},"potentialAction":[{"@type":"SearchAction","target":{"@type":"EntryPoint","urlTemplate":"https:\/\/tiketi.com\/?s={search_term_string}"},"query-input":{"@type":"PropertyValueSpecification","valueRequired":true,"valueName":"search_term_string"}}],"inLanguage":"fr-FR"},{"@type":"Organization","@id":"https:\/\/tiketi.com\/#organization","name":"Tiketi.com","alternateName":"Tiketi","url":"https:\/\/tiketi.com\/","logo":{"@type":"ImageObject","inLanguage":"fr-FR","@id":"https:\/\/tiketi.com\/#\/schema\/logo\/image\/","url":"https:\/\/tiketi.com\/wp-content\/uploads\/2019\/05\/tiketi-logo-696.png","contentUrl":"https:\/\/tiketi.com\/wp-content\/uploads\/2019\/05\/tiketi-logo-696.png","width":696,"height":696,"caption":"Tiketi.com"},"image":{"@id":"https:\/\/tiketi.com\/#\/schema\/logo\/image\/"},"sameAs":["https:\/\/www.facebook.com\/TiketiCom\/"]}]}},"_links":{"self":[{"href":"https:\/\/tiketi.com\/fr-fr\/wp-json\/wp\/v2\/pages\/11665","targetHints":{"allow":["GET"]}}],"collection":[{"href":"https:\/\/tiketi.com\/fr-fr\/wp-json\/wp\/v2\/pages"}],"about":[{"href":"https:\/\/tiketi.com\/fr-fr\/wp-json\/wp\/v2\/types\/page"}],"author":[{"embeddable":true,"href":"https:\/\/tiketi.com\/fr-fr\/wp-json\/wp\/v2\/users\/1"}],"replies":[{"embeddable":true,"href":"https:\/\/tiketi.com\/fr-fr\/wp-json\/wp\/v2\/comments?post=11665"}],"version-history":[{"count":0,"href":"https:\/\/tiketi.com\/fr-fr\/wp-json\/wp\/v2\/pages\/11665\/revisions"}],"wp:featuredmedia":[{"embeddable":true,"href":"https:\/\/tiketi.com\/fr-fr\/wp-json\/wp\/v2\/media\/13999"}],"wp:attachment":[{"href":"https:\/\/tiketi.com\/fr-fr\/wp-json\/wp\/v2\/media?parent=11665"}],"curies":[{"name":"wp","href":"https:\/\/api.w.org\/{rel}","templated":true}]}}