{"id":11666,"date":"2022-01-19T12:55:01","date_gmt":"2022-01-19T11:55:01","guid":{"rendered":"https:\/\/new.tiketi.com\/bus-from-hurghada-to-cairo-bus-tickets-route-fare-schedule\/"},"modified":"2022-01-28T16:22:28","modified_gmt":"2022-01-28T15:22:28","slug":"cheap-bus-tickets-from-hurghada-to-cairo","status":"publish","type":"page","link":"https:\/\/tiketi.com\/fr-fr\/cheap-bus-tickets-from-hurghada-to-cairo\/","title":{"rendered":"Bus de Hurghada \u00e0 Le Caire Billets de bus, itin\u00e9raire, tarifs et horaires"},"content":{"rendered":"<h2>Billets de bus pas chers de Hurghada \u00e0 Le Caire R\u00e9servation en ligne<\/h2>\n<h3>D\u00e9couvrez votre itin\u00e9raire de voyage sur le Web, votre mobile ou votre application et r\u00e9servez d\u00e8s maintenant en ligne un billet de bus pas cher d&#039;Hurghada \u00e0 Le Caire.<\/h3>\n<p>R\u00e9servez des billets de bus pas chers d&#039;Hurghada au Caire en ligne et voyagez d&#039;Hurghada au Caire par la route. La ville du Caire, qui est la capitale de l&#039;\u00c9gypte, s&#039;efforce de visiter un certain nombre de lieux historiques, notamment des \u00e9glises, des mosqu\u00e9es, des temples et des palais appartenant aux tr\u00e8s anciens \u00c9gyptiens. Vous pouvez visiter Hurghada en r\u00e9servant d\u00e8s maintenant en ligne des billets de bus pas chers d&#039;Hurghada au Caire.<\/p>\n<h2>Bus de Hurghada \u00e0 Le Caire Billets de bus, itin\u00e9raires, horaires et tarifs - FAQ<\/h2>\n<h3>Quel est le moyen le moins cher pour se rendre de Hurghada \u00e0 Le Caire ?<\/h3>\n<p>Le bus est le moyen le plus abordable pour se rendre d&#039;Hurghada au Caire. Les billets de bus pas chers de Hurghada au Caire co\u00fbtent $3 \u2013 $35 et dure 5h 5m.<\/p>\n<h3>Existe-t-il un bus direct de Hurghada \u00e0 Le Caire ?<\/h3>\n<p>Oui, il y a un bus direct de Hurghada \u00e0 Le Caire. Les services partent toutes les 2 heures, et op\u00e8rent tous les jours. Le trajet dure environ 5h 5min.<\/p>\n<h3>Quelle est la distance entre Hurghada et Le Caire en bus ?<\/h3>\n<p>La distance entre Hurghada et Le Caire en bus est de 400 km.<\/p>\n<h3>Comment se rendre de Hurghada au Caire sans voiture ?<\/h3>\n<p>Le meilleur moyen pour se rendre de Hurghada au Caire sans voiture est de bus, ce qui dure 5h 5m et le tarif se situe entre $3 et $35.<\/p>\n<h3>O\u00f9 prendre le bus depuis Hurghada pour Le Caire ?<\/h3>\n<p>Billets de bus bon march\u00e9 d&#039;Hurghada au Caire, g\u00e9r\u00e9s par Ask Aladdin.<\/p>\n<h3>Avion ou bus Hurghada jusqu&#039;au Caire?<\/h3>\n<p>Le meilleur moyen pour se rendre de Hurghada au Caire est de <a href=\"https:\/\/tiketi.com\/fr-fr\/flightst\/\" target=\"_blank\" rel=\"noopener\">voler<\/a> ce qui prend 3h et co\u00fbte $35 \u2013 $300. Alternativement, vous pouvez bus, excursion d&#039;une journ\u00e9e d&#039;Hurghada au Caire en bus co\u00fbte $3 \u2013 $35 et dure 5h 5m.<\/p>\n<h2>Conseils pour les billets de bus de Hurghada au Caire<\/h2>\n<p>Voici quelques-uns des excellents endroits \u00e0 visiter au Caire :<\/p>\n<h3>El Gizeh<\/h3>\n<p>Situ\u00e9 \u00e0 une vingtaine de kilom\u00e8tres au sud-ouest du centre du Caire, c&#039;est l&#039;endroit le plus visit\u00e9 de toute l&#039;\u00c9gypte. Ici vous trouverez les gigantesques pyramides de Gizeh et l&#039;\u00e9nigmatique Sphinx, montrant la merveille de l&#039;architecture \u00e9gyptienne tr\u00e8s ancienne.<\/p>\n<h3>Le Nil<\/h3>\n<p>Consid\u00e9r\u00e9 comme le plus long fleuve de la plan\u00e8te, le Nil attire de nombreux visiteurs souhaitant naviguer sur ses eaux claires. Les touristes et les locaux appr\u00e9cient les croisi\u00e8res sur ce fleuve historique.<\/p>\n<h3>Op\u00e9ra<\/h3>\n<p>L&#039;Op\u00e9ra du Caire est situ\u00e9 au centre-ville et propose des spectacles en direct d&#039;artistes du monde entier en visite. Il est pr\u00e9f\u00e9rable de r\u00e9server le bus Hurghada au Caire \u00e0 l&#039;avance.<\/p>","protected":false},"excerpt":{"rendered":"<p>Cheap Bus Tickets from\u00a0Hurghada to Cairo\u00a0Online Booking Discover your travel route on web, mobile or app and book cheap bus ticket from Hurghada to Cairo online now. Do\u00a0cheap bus from Hurghada to Cairo bus tickets online booking and travel Hurghada to Cairo by road.\u00a0The Cairo city which is the capital of Egypt endeavors a number [&hellip;]<\/p>\n","protected":false},"author":1,"featured_media":13999,"parent":0,"menu_order":0,"comment_status":"open","ping_status":"closed","template":"template-home-modern.php","meta":{"footnotes":""},"class_list":["post-11666","page","type-page","status-publish","has-post-thumbnail","hentry"],"yoast_head":"<!-- This site is optimized with the Yoast SEO plugin v27.4 - https:\/\/yoast.com\/product\/yoast-seo-wordpress\/ -->\n<title>Bus from Hurghada to Cairo Bus Tickets, Route, Fare &amp; Schedule<\/title>\n<meta name=\"description\" content=\"Looking for bus from\u00a0Hurghada to Cairo bus tickets booking app, route, schedule &amp; fare? Book cheap bus tickets from Hurghada to Cairo online\" \/>\n<meta name=\"robots\" content=\"index, follow, max-snippet:-1, max-image-preview:large, max-video-preview:-1\" \/>\n<link rel=\"canonical\" href=\"https:\/\/tiketi.com\/fr-fr\/cheap-bus-tickets-from-hurghada-to-cairo\/\" \/>\n<meta property=\"og:locale\" content=\"fr_FR\" \/>\n<meta property=\"og:type\" content=\"article\" \/>\n<meta property=\"og:title\" content=\"Bus from Hurghada to Cairo Bus Tickets, Route, Fare &amp; Schedule\" \/>\n<meta property=\"og:description\" content=\"Looking for bus from\u00a0Hurghada to Cairo bus tickets booking app, route, schedule &amp; fare? Book cheap bus tickets from Hurghada to Cairo online\" \/>\n<meta property=\"og:url\" content=\"https:\/\/tiketi.com\/fr-fr\/cheap-bus-tickets-from-hurghada-to-cairo\/\" \/>\n<meta property=\"og:site_name\" content=\"Tiketi.com\" \/>\n<meta property=\"article:publisher\" content=\"https:\/\/www.facebook.com\/TiketiCom\/\" \/>\n<meta property=\"article:modified_time\" content=\"2022-01-28T15:22:28+00:00\" \/>\n<meta property=\"og:image\" content=\"https:\/\/tiketi.com\/wp-content\/uploads\/2022\/01\/bus-ticket-online-booking.jpg\" \/>\n\t<meta property=\"og:image:width\" content=\"1200\" \/>\n\t<meta property=\"og:image:height\" content=\"206\" \/>\n\t<meta property=\"og:image:type\" content=\"image\/jpeg\" \/>\n<meta name=\"twitter:card\" content=\"summary_large_image\" \/>\n<meta name=\"twitter:label1\" content=\"Dur\u00e9e de lecture estim\u00e9e\" \/>\n\t<meta name=\"twitter:data1\" content=\"2 minutes\" \/>\n<script type=\"application\/ld+json\" class=\"yoast-schema-graph\">{\"@context\":\"https:\\\/\\\/schema.org\",\"@graph\":[{\"@type\":\"WebPage\",\"@id\":\"https:\\\/\\\/tiketi.com\\\/cheap-bus-tickets-from-hurghada-to-cairo\\\/\",\"url\":\"https:\\\/\\\/tiketi.com\\\/cheap-bus-tickets-from-hurghada-to-cairo\\\/\",\"name\":\"Bus from Hurghada to Cairo Bus Tickets, Route, Fare & Schedule\",\"isPartOf\":{\"@id\":\"https:\\\/\\\/tiketi.com\\\/#website\"},\"primaryImageOfPage\":{\"@id\":\"https:\\\/\\\/tiketi.com\\\/cheap-bus-tickets-from-hurghada-to-cairo\\\/#primaryimage\"},\"image\":{\"@id\":\"https:\\\/\\\/tiketi.com\\\/cheap-bus-tickets-from-hurghada-to-cairo\\\/#primaryimage\"},\"thumbnailUrl\":\"https:\\\/\\\/tiketi.com\\\/wp-content\\\/uploads\\\/2022\\\/01\\\/bus-ticket-online-booking.jpg\",\"datePublished\":\"2022-01-19T11:55:01+00:00\",\"dateModified\":\"2022-01-28T15:22:28+00:00\",\"description\":\"Looking for bus from\u00a0Hurghada to Cairo bus tickets booking app, route, schedule & fare? Book cheap bus tickets from Hurghada to Cairo online\",\"breadcrumb\":{\"@id\":\"https:\\\/\\\/tiketi.com\\\/cheap-bus-tickets-from-hurghada-to-cairo\\\/#breadcrumb\"},\"inLanguage\":\"fr-FR\",\"potentialAction\":[{\"@type\":\"ReadAction\",\"target\":[\"https:\\\/\\\/tiketi.com\\\/cheap-bus-tickets-from-hurghada-to-cairo\\\/\"]}]},{\"@type\":\"ImageObject\",\"inLanguage\":\"fr-FR\",\"@id\":\"https:\\\/\\\/tiketi.com\\\/cheap-bus-tickets-from-hurghada-to-cairo\\\/#primaryimage\",\"url\":\"https:\\\/\\\/tiketi.com\\\/wp-content\\\/uploads\\\/2022\\\/01\\\/bus-ticket-online-booking.jpg\",\"contentUrl\":\"https:\\\/\\\/tiketi.com\\\/wp-content\\\/uploads\\\/2022\\\/01\\\/bus-ticket-online-booking.jpg\",\"width\":1200,\"height\":206,\"caption\":\"Online Bus Ticket Booking\"},{\"@type\":\"BreadcrumbList\",\"@id\":\"https:\\\/\\\/tiketi.com\\\/cheap-bus-tickets-from-hurghada-to-cairo\\\/#breadcrumb\",\"itemListElement\":[{\"@type\":\"ListItem\",\"position\":1,\"name\":\"Home\",\"item\":\"https:\\\/\\\/tiketi.com\\\/\"},{\"@type\":\"ListItem\",\"position\":2,\"name\":\"Bus from Hurghada to Cairo Bus Tickets, Route, Fare &#038; Schedule\"}]},{\"@type\":\"WebSite\",\"@id\":\"https:\\\/\\\/tiketi.com\\\/#website\",\"url\":\"https:\\\/\\\/tiketi.com\\\/\",\"name\":\"Flight & Bus Tickets, Tour Packages & Activitites - Tiketi.com\",\"description\":\"Flight &amp; Bus Tickets, Tours, Activitites\",\"publisher\":{\"@id\":\"https:\\\/\\\/tiketi.com\\\/#organization\"},\"potentialAction\":[{\"@type\":\"SearchAction\",\"target\":{\"@type\":\"EntryPoint\",\"urlTemplate\":\"https:\\\/\\\/tiketi.com\\\/?s={search_term_string}\"},\"query-input\":{\"@type\":\"PropertyValueSpecification\",\"valueRequired\":true,\"valueName\":\"search_term_string\"}}],\"inLanguage\":\"fr-FR\"},{\"@type\":\"Organization\",\"@id\":\"https:\\\/\\\/tiketi.com\\\/#organization\",\"name\":\"Tiketi.com\",\"alternateName\":\"Tiketi\",\"url\":\"https:\\\/\\\/tiketi.com\\\/\",\"logo\":{\"@type\":\"ImageObject\",\"inLanguage\":\"fr-FR\",\"@id\":\"https:\\\/\\\/tiketi.com\\\/#\\\/schema\\\/logo\\\/image\\\/\",\"url\":\"https:\\\/\\\/tiketi.com\\\/wp-content\\\/uploads\\\/2019\\\/05\\\/tiketi-logo-696.png\",\"contentUrl\":\"https:\\\/\\\/tiketi.com\\\/wp-content\\\/uploads\\\/2019\\\/05\\\/tiketi-logo-696.png\",\"width\":696,\"height\":696,\"caption\":\"Tiketi.com\"},\"image\":{\"@id\":\"https:\\\/\\\/tiketi.com\\\/#\\\/schema\\\/logo\\\/image\\\/\"},\"sameAs\":[\"https:\\\/\\\/www.facebook.com\\\/TiketiCom\\\/\"]}]}<\/script>\n<!-- \/ Yoast SEO plugin. -->","yoast_head_json":{"title":"Bus de Hurghada \u00e0 Le Caire Billets de bus, itin\u00e9raire, tarifs et horaires","description":"Vous recherchez une application de r\u00e9servation de billets de bus, un itin\u00e9raire, un horaire et un tarif de Hurghada \u00e0 Le Caire ? R\u00e9servez vos billets de bus pas chers de Hurghada \u00e0 Le Caire en ligne","robots":{"index":"index","follow":"follow","max-snippet":"max-snippet:-1","max-image-preview":"max-image-preview:large","max-video-preview":"max-video-preview:-1"},"canonical":"https:\/\/tiketi.com\/fr-fr\/cheap-bus-tickets-from-hurghada-to-cairo\/","og_locale":"fr_FR","og_type":"article","og_title":"Bus from Hurghada to Cairo Bus Tickets, Route, Fare & Schedule","og_description":"Looking for bus from\u00a0Hurghada to Cairo bus tickets booking app, route, schedule & fare? Book cheap bus tickets from Hurghada to Cairo online","og_url":"https:\/\/tiketi.com\/fr-fr\/cheap-bus-tickets-from-hurghada-to-cairo\/","og_site_name":"Tiketi.com","article_publisher":"https:\/\/www.facebook.com\/TiketiCom\/","article_modified_time":"2022-01-28T15:22:28+00:00","og_image":[{"width":1200,"height":206,"url":"https:\/\/tiketi.com\/wp-content\/uploads\/2022\/01\/bus-ticket-online-booking.jpg","type":"image\/jpeg"}],"twitter_card":"summary_large_image","twitter_misc":{"Dur\u00e9e de lecture estim\u00e9e":"2 minutes"},"schema":{"@context":"https:\/\/schema.org","@graph":[{"@type":"WebPage","@id":"https:\/\/tiketi.com\/cheap-bus-tickets-from-hurghada-to-cairo\/","url":"https:\/\/tiketi.com\/cheap-bus-tickets-from-hurghada-to-cairo\/","name":"Bus de Hurghada \u00e0 Le Caire Billets de bus, itin\u00e9raire, tarifs et horaires","isPartOf":{"@id":"https:\/\/tiketi.com\/#website"},"primaryImageOfPage":{"@id":"https:\/\/tiketi.com\/cheap-bus-tickets-from-hurghada-to-cairo\/#primaryimage"},"image":{"@id":"https:\/\/tiketi.com\/cheap-bus-tickets-from-hurghada-to-cairo\/#primaryimage"},"thumbnailUrl":"https:\/\/tiketi.com\/wp-content\/uploads\/2022\/01\/bus-ticket-online-booking.jpg","datePublished":"2022-01-19T11:55:01+00:00","dateModified":"2022-01-28T15:22:28+00:00","description":"Vous recherchez une application de r\u00e9servation de billets de bus, un itin\u00e9raire, un horaire et un tarif de Hurghada \u00e0 Le Caire ? R\u00e9servez vos billets de bus pas chers de Hurghada \u00e0 Le Caire en ligne","breadcrumb":{"@id":"https:\/\/tiketi.com\/cheap-bus-tickets-from-hurghada-to-cairo\/#breadcrumb"},"inLanguage":"fr-FR","potentialAction":[{"@type":"ReadAction","target":["https:\/\/tiketi.com\/cheap-bus-tickets-from-hurghada-to-cairo\/"]}]},{"@type":"ImageObject","inLanguage":"fr-FR","@id":"https:\/\/tiketi.com\/cheap-bus-tickets-from-hurghada-to-cairo\/#primaryimage","url":"https:\/\/tiketi.com\/wp-content\/uploads\/2022\/01\/bus-ticket-online-booking.jpg","contentUrl":"https:\/\/tiketi.com\/wp-content\/uploads\/2022\/01\/bus-ticket-online-booking.jpg","width":1200,"height":206,"caption":"Online Bus Ticket Booking"},{"@type":"BreadcrumbList","@id":"https:\/\/tiketi.com\/cheap-bus-tickets-from-hurghada-to-cairo\/#breadcrumb","itemListElement":[{"@type":"ListItem","position":1,"name":"Home","item":"https:\/\/tiketi.com\/"},{"@type":"ListItem","position":2,"name":"Bus from Hurghada to Cairo Bus Tickets, Route, Fare &#038; Schedule"}]},{"@type":"WebSite","@id":"https:\/\/tiketi.com\/#website","url":"https:\/\/tiketi.com\/","name":"Billets d&#039;avion et de bus, forfaits touristiques et activit\u00e9s - Tiketi.com","description":"Billets d&#039;avion et de bus, Tours, Activit\u00e9s","publisher":{"@id":"https:\/\/tiketi.com\/#organization"},"potentialAction":[{"@type":"SearchAction","target":{"@type":"EntryPoint","urlTemplate":"https:\/\/tiketi.com\/?s={search_term_string}"},"query-input":{"@type":"PropertyValueSpecification","valueRequired":true,"valueName":"search_term_string"}}],"inLanguage":"fr-FR"},{"@type":"Organization","@id":"https:\/\/tiketi.com\/#organization","name":"Tiketi.com","alternateName":"Tiketi","url":"https:\/\/tiketi.com\/","logo":{"@type":"ImageObject","inLanguage":"fr-FR","@id":"https:\/\/tiketi.com\/#\/schema\/logo\/image\/","url":"https:\/\/tiketi.com\/wp-content\/uploads\/2019\/05\/tiketi-logo-696.png","contentUrl":"https:\/\/tiketi.com\/wp-content\/uploads\/2019\/05\/tiketi-logo-696.png","width":696,"height":696,"caption":"Tiketi.com"},"image":{"@id":"https:\/\/tiketi.com\/#\/schema\/logo\/image\/"},"sameAs":["https:\/\/www.facebook.com\/TiketiCom\/"]}]}},"_links":{"self":[{"href":"https:\/\/tiketi.com\/fr-fr\/wp-json\/wp\/v2\/pages\/11666","targetHints":{"allow":["GET"]}}],"collection":[{"href":"https:\/\/tiketi.com\/fr-fr\/wp-json\/wp\/v2\/pages"}],"about":[{"href":"https:\/\/tiketi.com\/fr-fr\/wp-json\/wp\/v2\/types\/page"}],"author":[{"embeddable":true,"href":"https:\/\/tiketi.com\/fr-fr\/wp-json\/wp\/v2\/users\/1"}],"replies":[{"embeddable":true,"href":"https:\/\/tiketi.com\/fr-fr\/wp-json\/wp\/v2\/comments?post=11666"}],"version-history":[{"count":0,"href":"https:\/\/tiketi.com\/fr-fr\/wp-json\/wp\/v2\/pages\/11666\/revisions"}],"wp:featuredmedia":[{"embeddable":true,"href":"https:\/\/tiketi.com\/fr-fr\/wp-json\/wp\/v2\/media\/13999"}],"wp:attachment":[{"href":"https:\/\/tiketi.com\/fr-fr\/wp-json\/wp\/v2\/media?parent=11666"}],"curies":[{"name":"wp","href":"https:\/\/api.w.org\/{rel}","templated":true}]}}