{"id":11668,"date":"2022-01-19T12:55:01","date_gmt":"2022-01-19T11:55:01","guid":{"rendered":"https:\/\/new.tiketi.com\/bus-from-cairo-to-hurghada-bus-tickets-route-fare-schedule\/"},"modified":"2022-01-27T12:31:54","modified_gmt":"2022-01-27T11:31:54","slug":"cheap-bus-tickets-from-cairo-to-hurghada","status":"publish","type":"page","link":"https:\/\/tiketi.com\/fr-fr\/cheap-bus-tickets-from-cairo-to-hurghada\/","title":{"rendered":"Bus de Le Caire \u00e0 Hurghada Billets de bus, itin\u00e9raire, tarifs et horaires"},"content":{"rendered":"<h2>Billets de bus pas chers du Caire \u00e0 Hurghada R\u00e9servation en ligne<\/h2>\n<h3>D\u00e9couvrez votre itin\u00e9raire de voyage sur le web, le mobile ou l&#039;application et r\u00e9servez en ligne maintenant un billet de bus pas cher de Le Caire \u00e0 Hurghada.<\/h3>\n<p>R\u00e9servez en ligne des billets de bus pas chers du Caire \u00e0 Hurghada et voyagez du Caire \u00e0 Hurghada par la route. Hurghada \u00e9tait autrefois un petit village de p\u00eacheurs situ\u00e9 \u00e0 c\u00f4t\u00e9 de la mer Rouge, c&#039;est maintenant l&#039;un des lieux de visite les plus visit\u00e9s en raison de ses magnifiques plages. Il y a plus d&#039;une centaine d&#039;h\u00f4tels sur le littoral qui facilitent la vie des vacanciers en visite. Vous pouvez visiter cette ville en r\u00e9servant un bus pas cher Le Caire \u00e0 Hurghada en ligne d\u00e8s maintenant.<\/p>\n<h2>Bus de Le Caire \u00e0 Hurghada FAQ sur les billets de bus, les itin\u00e9raires, les horaires et les tarifs<\/h2>\n<h3>Quel est le moyen abordable pour se rendre de Le Caire \u00e0 Hurghada ?<\/h3>\n<p>Le moyen abordable de se rendre de Le Caire \u00e0 Hurghada en bus qui co\u00fbte $5 - $35 et dure 5h 5m.<\/p>\n<h3>Y a-t-il un bus direct entre Le Caire et Hurghada ?<\/h3>\n<p>Oui, il y a des bus directs du Caire \u00e0 Hurghada. Les services partent toutes les 3 heures, et op\u00e8rent chaque jour. Le trajet dure environ 5h 5m.<\/p>\n<h3>Quelle est la distance entre Le Caire et Hurghada en bus ?<\/h3>\n<p>La distance de trajet du Caire \u00e0 Hurghada en bus est de 400 km.<\/p>\n<h3>Comment se d\u00e9placer du Caire \u00e0 Hurghada sans voiture ?<\/h3>\n<p>Le meilleur moyen pour se rendre de Le Caire \u00e0 Hurghada sans voiture est en bus, ce qui dure 5h 5m et le tarif est $5 - $35.<\/p>\n<h3>O\u00f9 prendre le bus depuis Le Caire pour Hurghada ?<\/h3>\n<p>Billets de bus pas chers depuis Le Caire jusqu&#039;\u00e0 Hurghada, op\u00e9r\u00e9s par El Gouna bus Le Caire jusqu&#039;\u00e0 Hurghada.<\/p>\n<h3>Avion ou bus Le Caire jusqu&#039;\u00e0 Hurghada ?<\/h3>\n<p>Le meilleur moyen de se rendre du Caire \u00e0 Hurghada est de <a href=\"https:\/\/tiketi.com\/fr-fr\/flightst\/\" target=\"_blank\" rel=\"noopener\">voler<\/a> qui dure 3h 5m et co\u00fbte $35 \u2013 $290. Sinon, vous pouvez prendre le bus, Le Caire \u00e0 Hurghada tarif du bus $5 \u2013 $35 et dure 5h 5m.<\/p>\n<h2>Billets de bus de Le Caire \u00e0 Hurghada<\/h2>\n<h3>Voici quelques-unes des meilleures attractions de la ville :<\/h3>\n<h3>Aquarium de la Mer Rouge<\/h3>\n<p>Un arr\u00eat id\u00e9al pour les familles, car les spectacles vous expliquent comment et o\u00f9 rep\u00e9rer tous les types d&#039;esp\u00e8ces diff\u00e9rentes dans les mers environnantes et apprenez les noms de tous ces poissons avec lesquels vous avez plong\u00e9.<\/p>\n<h3>\u00celes Giftoun<\/h3>\n<p>La grande \u00eele Giftun et la petite \u00eele Giftun abritent toutes deux une grande vie marine et d&#039;autres attractions sous-marines, en ajoutant des requins baleines, des requins oc\u00e9aniques \u00e0 pointe blanche et des barracudas. Offrant de magnifiques coraux, des grottes, des eaux profondes et des canyons, les \u00eeles sont un lieu incontournable pour une excursion d&#039;une journ\u00e9e au d\u00e9part d&#039;Hurghada.<\/p>","protected":false},"excerpt":{"rendered":"<p>Cheap Bus Tickets from\u00a0Cairo to Hurghada Online Booking Discover your travel route on web, mobile or app and book cheap bus ticket from Cairo to Hurghada online now. Do cheap bus from Cairo to Hurghada bus tickets online booking and travel Cairo to Hurghada by road. Hurghada was once a little fishing village placed next [&hellip;]<\/p>\n","protected":false},"author":1,"featured_media":13999,"parent":0,"menu_order":0,"comment_status":"open","ping_status":"closed","template":"template-home-modern.php","meta":{"footnotes":""},"class_list":["post-11668","page","type-page","status-publish","has-post-thumbnail","hentry"],"yoast_head":"<!-- This site is optimized with the Yoast SEO plugin v27.2 - https:\/\/yoast.com\/product\/yoast-seo-wordpress\/ -->\n<title>Bus from Cairo to Hurghada Bus Tickets, Route, Fare &amp; Schedule<\/title>\n<meta name=\"description\" content=\"Looking for bus from\u00a0Cairo to Hurghada bus tickets booking app, route, schedule &amp; fare? Book cheap bus tickets from Cairo to Hurghada online\" \/>\n<meta name=\"robots\" content=\"index, follow, max-snippet:-1, max-image-preview:large, max-video-preview:-1\" \/>\n<link rel=\"canonical\" href=\"https:\/\/tiketi.com\/fr-fr\/cheap-bus-tickets-from-cairo-to-hurghada\/\" \/>\n<meta property=\"og:locale\" content=\"fr_FR\" \/>\n<meta property=\"og:type\" content=\"article\" \/>\n<meta property=\"og:title\" content=\"Bus from Cairo to Hurghada Bus Tickets, Route, Fare &amp; Schedule\" \/>\n<meta property=\"og:description\" content=\"Looking for bus from\u00a0Cairo to Hurghada bus tickets booking app, route, schedule &amp; fare? Book cheap bus tickets from Cairo to Hurghada online\" \/>\n<meta property=\"og:url\" content=\"https:\/\/tiketi.com\/fr-fr\/cheap-bus-tickets-from-cairo-to-hurghada\/\" \/>\n<meta property=\"og:site_name\" content=\"Tiketi.com\" \/>\n<meta property=\"article:publisher\" content=\"https:\/\/www.facebook.com\/TiketiCom\/\" \/>\n<meta property=\"article:modified_time\" content=\"2022-01-27T11:31:54+00:00\" \/>\n<meta property=\"og:image\" content=\"https:\/\/tiketi.com\/wp-content\/uploads\/2022\/01\/bus-ticket-online-booking.jpg\" \/>\n\t<meta property=\"og:image:width\" content=\"1200\" \/>\n\t<meta property=\"og:image:height\" content=\"206\" \/>\n\t<meta property=\"og:image:type\" content=\"image\/jpeg\" \/>\n<meta name=\"twitter:card\" content=\"summary_large_image\" \/>\n<meta name=\"twitter:label1\" content=\"Dur\u00e9e de lecture estim\u00e9e\" \/>\n\t<meta name=\"twitter:data1\" content=\"2 minutes\" \/>\n<script type=\"application\/ld+json\" class=\"yoast-schema-graph\">{\"@context\":\"https:\/\/schema.org\",\"@graph\":[{\"@type\":\"WebPage\",\"@id\":\"https:\/\/tiketi.com\/en-gb\/cheap-bus-tickets-from-cairo-to-hurghada\/\",\"url\":\"https:\/\/tiketi.com\/en-gb\/cheap-bus-tickets-from-cairo-to-hurghada\/\",\"name\":\"Bus from Cairo to Hurghada Bus Tickets, Route, Fare & Schedule\",\"isPartOf\":{\"@id\":\"https:\/\/tiketi.com\/#website\"},\"primaryImageOfPage\":{\"@id\":\"https:\/\/tiketi.com\/en-gb\/cheap-bus-tickets-from-cairo-to-hurghada\/#primaryimage\"},\"image\":{\"@id\":\"https:\/\/tiketi.com\/en-gb\/cheap-bus-tickets-from-cairo-to-hurghada\/#primaryimage\"},\"thumbnailUrl\":\"https:\/\/tiketi.com\/wp-content\/uploads\/2022\/01\/bus-ticket-online-booking.jpg\",\"datePublished\":\"2022-01-19T11:55:01+00:00\",\"dateModified\":\"2022-01-27T11:31:54+00:00\",\"description\":\"Looking for bus from\u00a0Cairo to Hurghada bus tickets booking app, route, schedule & fare? Book cheap bus tickets from Cairo to Hurghada online\",\"breadcrumb\":{\"@id\":\"https:\/\/tiketi.com\/en-gb\/cheap-bus-tickets-from-cairo-to-hurghada\/#breadcrumb\"},\"inLanguage\":\"fr-FR\",\"potentialAction\":[{\"@type\":\"ReadAction\",\"target\":[\"https:\/\/tiketi.com\/en-gb\/cheap-bus-tickets-from-cairo-to-hurghada\/\"]}]},{\"@type\":\"ImageObject\",\"inLanguage\":\"fr-FR\",\"@id\":\"https:\/\/tiketi.com\/en-gb\/cheap-bus-tickets-from-cairo-to-hurghada\/#primaryimage\",\"url\":\"https:\/\/tiketi.com\/wp-content\/uploads\/2022\/01\/bus-ticket-online-booking.jpg\",\"contentUrl\":\"https:\/\/tiketi.com\/wp-content\/uploads\/2022\/01\/bus-ticket-online-booking.jpg\",\"width\":1200,\"height\":206,\"caption\":\"Online Bus Ticket Booking\"},{\"@type\":\"BreadcrumbList\",\"@id\":\"https:\/\/tiketi.com\/en-gb\/cheap-bus-tickets-from-cairo-to-hurghada\/#breadcrumb\",\"itemListElement\":[{\"@type\":\"ListItem\",\"position\":1,\"name\":\"Home\",\"item\":\"https:\/\/tiketi.com\/\"},{\"@type\":\"ListItem\",\"position\":2,\"name\":\"Bus from Cairo to Hurghada Bus Tickets, Route, Fare &#038; Schedule\"}]},{\"@type\":\"WebSite\",\"@id\":\"https:\/\/tiketi.com\/#website\",\"url\":\"https:\/\/tiketi.com\/\",\"name\":\"Flight & Bus Tickets, Tour Packages & Activitites - Tiketi.com\",\"description\":\"Flight &amp; Bus Tickets, Tours, Activitites\",\"publisher\":{\"@id\":\"https:\/\/tiketi.com\/#organization\"},\"potentialAction\":[{\"@type\":\"SearchAction\",\"target\":{\"@type\":\"EntryPoint\",\"urlTemplate\":\"https:\/\/tiketi.com\/?s={search_term_string}\"},\"query-input\":{\"@type\":\"PropertyValueSpecification\",\"valueRequired\":true,\"valueName\":\"search_term_string\"}}],\"inLanguage\":\"fr-FR\"},{\"@type\":\"Organization\",\"@id\":\"https:\/\/tiketi.com\/#organization\",\"name\":\"Tiketi.com\",\"alternateName\":\"Tiketi\",\"url\":\"https:\/\/tiketi.com\/\",\"logo\":{\"@type\":\"ImageObject\",\"inLanguage\":\"fr-FR\",\"@id\":\"https:\/\/tiketi.com\/#\/schema\/logo\/image\/\",\"url\":\"https:\/\/tiketi.com\/wp-content\/uploads\/2019\/05\/tiketi-logo-696.png\",\"contentUrl\":\"https:\/\/tiketi.com\/wp-content\/uploads\/2019\/05\/tiketi-logo-696.png\",\"width\":696,\"height\":696,\"caption\":\"Tiketi.com\"},\"image\":{\"@id\":\"https:\/\/tiketi.com\/#\/schema\/logo\/image\/\"},\"sameAs\":[\"https:\/\/www.facebook.com\/TiketiCom\/\"]}]}<\/script>\n<!-- \/ Yoast SEO plugin. -->","yoast_head_json":{"title":"Bus de Le Caire \u00e0 Hurghada Billets de bus, itin\u00e9raire, tarifs et horaires","description":"\u00c0 la recherche d&#039;une application de r\u00e9servation de billets de bus de Le Caire \u00e0 Hurghada, d&#039;un itin\u00e9raire, d&#039;un horaire et d&#039;un tarif\u00a0? R\u00e9servez en ligne des billets de bus \u00e0 bas prix de Le Caire \u00e0 Hurghada","robots":{"index":"index","follow":"follow","max-snippet":"max-snippet:-1","max-image-preview":"max-image-preview:large","max-video-preview":"max-video-preview:-1"},"canonical":"https:\/\/tiketi.com\/fr-fr\/cheap-bus-tickets-from-cairo-to-hurghada\/","og_locale":"fr_FR","og_type":"article","og_title":"Bus from Cairo to Hurghada Bus Tickets, Route, Fare & Schedule","og_description":"Looking for bus from\u00a0Cairo to Hurghada bus tickets booking app, route, schedule & fare? Book cheap bus tickets from Cairo to Hurghada online","og_url":"https:\/\/tiketi.com\/fr-fr\/cheap-bus-tickets-from-cairo-to-hurghada\/","og_site_name":"Tiketi.com","article_publisher":"https:\/\/www.facebook.com\/TiketiCom\/","article_modified_time":"2022-01-27T11:31:54+00:00","og_image":[{"width":1200,"height":206,"url":"https:\/\/tiketi.com\/wp-content\/uploads\/2022\/01\/bus-ticket-online-booking.jpg","type":"image\/jpeg"}],"twitter_card":"summary_large_image","twitter_misc":{"Dur\u00e9e de lecture estim\u00e9e":"2 minutes"},"schema":{"@context":"https:\/\/schema.org","@graph":[{"@type":"WebPage","@id":"https:\/\/tiketi.com\/en-gb\/cheap-bus-tickets-from-cairo-to-hurghada\/","url":"https:\/\/tiketi.com\/en-gb\/cheap-bus-tickets-from-cairo-to-hurghada\/","name":"Bus de Le Caire \u00e0 Hurghada Billets de bus, itin\u00e9raire, tarifs et horaires","isPartOf":{"@id":"https:\/\/tiketi.com\/#website"},"primaryImageOfPage":{"@id":"https:\/\/tiketi.com\/en-gb\/cheap-bus-tickets-from-cairo-to-hurghada\/#primaryimage"},"image":{"@id":"https:\/\/tiketi.com\/en-gb\/cheap-bus-tickets-from-cairo-to-hurghada\/#primaryimage"},"thumbnailUrl":"https:\/\/tiketi.com\/wp-content\/uploads\/2022\/01\/bus-ticket-online-booking.jpg","datePublished":"2022-01-19T11:55:01+00:00","dateModified":"2022-01-27T11:31:54+00:00","description":"\u00c0 la recherche d&#039;une application de r\u00e9servation de billets de bus de Le Caire \u00e0 Hurghada, d&#039;un itin\u00e9raire, d&#039;un horaire et d&#039;un tarif\u00a0? R\u00e9servez en ligne des billets de bus \u00e0 bas prix de Le Caire \u00e0 Hurghada","breadcrumb":{"@id":"https:\/\/tiketi.com\/en-gb\/cheap-bus-tickets-from-cairo-to-hurghada\/#breadcrumb"},"inLanguage":"fr-FR","potentialAction":[{"@type":"ReadAction","target":["https:\/\/tiketi.com\/en-gb\/cheap-bus-tickets-from-cairo-to-hurghada\/"]}]},{"@type":"ImageObject","inLanguage":"fr-FR","@id":"https:\/\/tiketi.com\/en-gb\/cheap-bus-tickets-from-cairo-to-hurghada\/#primaryimage","url":"https:\/\/tiketi.com\/wp-content\/uploads\/2022\/01\/bus-ticket-online-booking.jpg","contentUrl":"https:\/\/tiketi.com\/wp-content\/uploads\/2022\/01\/bus-ticket-online-booking.jpg","width":1200,"height":206,"caption":"Online Bus Ticket Booking"},{"@type":"BreadcrumbList","@id":"https:\/\/tiketi.com\/en-gb\/cheap-bus-tickets-from-cairo-to-hurghada\/#breadcrumb","itemListElement":[{"@type":"ListItem","position":1,"name":"Home","item":"https:\/\/tiketi.com\/"},{"@type":"ListItem","position":2,"name":"Bus from Cairo to Hurghada Bus Tickets, Route, Fare &#038; Schedule"}]},{"@type":"WebSite","@id":"https:\/\/tiketi.com\/#website","url":"https:\/\/tiketi.com\/","name":"Billets d&#039;avion et de bus, forfaits touristiques et activit\u00e9s - Tiketi.com","description":"Billets d&#039;avion et de bus, Tours, Activit\u00e9s","publisher":{"@id":"https:\/\/tiketi.com\/#organization"},"potentialAction":[{"@type":"SearchAction","target":{"@type":"EntryPoint","urlTemplate":"https:\/\/tiketi.com\/?s={search_term_string}"},"query-input":{"@type":"PropertyValueSpecification","valueRequired":true,"valueName":"search_term_string"}}],"inLanguage":"fr-FR"},{"@type":"Organization","@id":"https:\/\/tiketi.com\/#organization","name":"Tiketi.com","alternateName":"Tiketi","url":"https:\/\/tiketi.com\/","logo":{"@type":"ImageObject","inLanguage":"fr-FR","@id":"https:\/\/tiketi.com\/#\/schema\/logo\/image\/","url":"https:\/\/tiketi.com\/wp-content\/uploads\/2019\/05\/tiketi-logo-696.png","contentUrl":"https:\/\/tiketi.com\/wp-content\/uploads\/2019\/05\/tiketi-logo-696.png","width":696,"height":696,"caption":"Tiketi.com"},"image":{"@id":"https:\/\/tiketi.com\/#\/schema\/logo\/image\/"},"sameAs":["https:\/\/www.facebook.com\/TiketiCom\/"]}]}},"_links":{"self":[{"href":"https:\/\/tiketi.com\/fr-fr\/wp-json\/wp\/v2\/pages\/11668","targetHints":{"allow":["GET"]}}],"collection":[{"href":"https:\/\/tiketi.com\/fr-fr\/wp-json\/wp\/v2\/pages"}],"about":[{"href":"https:\/\/tiketi.com\/fr-fr\/wp-json\/wp\/v2\/types\/page"}],"author":[{"embeddable":true,"href":"https:\/\/tiketi.com\/fr-fr\/wp-json\/wp\/v2\/users\/1"}],"replies":[{"embeddable":true,"href":"https:\/\/tiketi.com\/fr-fr\/wp-json\/wp\/v2\/comments?post=11668"}],"version-history":[{"count":0,"href":"https:\/\/tiketi.com\/fr-fr\/wp-json\/wp\/v2\/pages\/11668\/revisions"}],"wp:featuredmedia":[{"embeddable":true,"href":"https:\/\/tiketi.com\/fr-fr\/wp-json\/wp\/v2\/media\/13999"}],"wp:attachment":[{"href":"https:\/\/tiketi.com\/fr-fr\/wp-json\/wp\/v2\/media?parent=11668"}],"curies":[{"name":"wp","href":"https:\/\/api.w.org\/{rel}","templated":true}]}}