{"id":11670,"date":"2022-01-19T12:55:03","date_gmt":"2022-01-19T11:55:03","guid":{"rendered":"https:\/\/new.tiketi.com\/bus-from-kampala-to-nairobi-bus-tickets-route-schedule-fare\/"},"modified":"2022-01-28T21:09:54","modified_gmt":"2022-01-28T20:09:54","slug":"cheap-bus-tickets-from-kampala-to-nairobi","status":"publish","type":"page","link":"https:\/\/tiketi.com\/fr-fr\/cheap-bus-tickets-from-kampala-to-nairobi\/","title":{"rendered":"Bus de Kampala \u00e0 Nairobi Billets de bus, itin\u00e9raire, horaires et tarifs"},"content":{"rendered":"<h2>Billets de bus pas chers de Kampala \u00e0 Nairobi R\u00e9servation en ligne<\/h2>\n<h3>D\u00e9couvrez votre itin\u00e9raire sur le web, le mobile ou l&#039;application et r\u00e9servez en ligne maintenant un billet de bus pas cher de Kampala \u00e0 Nairobi.<\/h3>\n<p>Comparez et faites des r\u00e9servations en ligne de bus pas chers de Kampala \u00e0 Nairobi et voyagez de Kampala \u00e0 Nairobi par la route. Bien que Nairobi serve souvent de base aux visiteurs qui se dirigent vers le Kenya, de nombreux parcs naturels et r\u00e9serves de gibier. C&#039;est un lieu de visite lui-m\u00eame. Alors qu&#039;attendez-vous pour r\u00e9server vos billets de bus pas chers de Kampala \u00e0 Nairobi en ligne d\u00e8s maintenant.<\/p>\n<h2>Bus de Kampala \u00e0 Nairobi R\u00e9servation de billets de bus, itin\u00e9raires, horaires et tarifs FAQs<\/h2>\n<h3>Quel est le moyen abordable pour se rendre de Kampala \u00e0 Nairobi ?<\/h3>\n<p>Le moyen abordable de se rendre de Kampala \u00e0 Nairobi en bus qui co\u00fbte $12 - $35 et dure 11h 25m.<\/p>\n<h3>Y a-t-il un bus direct de Kampala \u00e0 Nairobi ?<\/h3>\n<p>Oui, il y a un bus direct Kampala jusqu&#039;\u00e0 Nairobi et arrive \u00e0 Nairobi. Les services partent toutes les 4 heures, et op\u00e8rent chaque jour. Le trajet dure environ 11h30.<\/p>\n<h3>Quelle est la distance entre Kampala et Nairobi en bus ?<\/h3>\n<p>La distance parcourue entre Nairobi et Kampala est de 503 km.<\/p>\n<h3>O\u00f9 prendre le bus depuis Kampala pour Nairobi ?<\/h3>\n<p>Les billets de bus bon march\u00e9 de Kampala \u00e0 Nairobi, g\u00e9r\u00e9s par Mash, partent de la gare de Kampala.<\/p>\n<h3>Avion ou bus de Kampala \u00e0 Nairobi ?<\/h3>\n<p>L&#039;excellent moyen de se rendre de Kampala \u00e0 Nairobi est de <a href=\"https:\/\/tiketi.com\/fr-fr\/flightst\/\" target=\"_blank\" rel=\"noopener\">voler<\/a> qui prend 11 55m et co\u00fbte $150 \u2013 $390. Alternativement, vous pouvez prendre le bus, Kampala \u00e0 Nairobi tarif du bus $12 \u2013 $35 et dure 11h 35m.<\/p>\n<h2>Bus Kampala \u00e0 Nairobi Conseils<\/h2>\n<p>Voici quelques-uns des meilleurs endroits de Nairobi :<\/p>\n<h3>Centre commercial Galleria<\/h3>\n<p>Le centre commercial Galleria est l&#039;un des lieux de vente au d\u00e9tail les plus \u00e9tonnants de Nairobi, qui offre une exp\u00e9rience de divertissement, de loisirs et de shopping. Le centre commercial offre des activit\u00e9s et des installations in\u00e9gal\u00e9es telles que des restaurants remarquables, des grands magasins de luxe, des magasins de mode et des aires de jeux amusantes pour les enfants.<\/p>\n<h3>Panari Sky Centre<\/h3>\n<p>Panari Sky Center est un endroit amusant, c&#039;est un centre commercial brillant et un h\u00f4tel qui abrite la seule et unique patinoire de Nairobi. Il y a plusieurs magasins et installations amusantes au centre. C&#039;est vraiment un endroit remarquable pour passer du temps avec votre famille et vos amis. Vous pouvez faire du shopping ou patiner ici.<\/p>\n<h3>Karting GP<\/h3>\n<p>Il n&#039;y a rien de plus amusant que le sport automobile, c&#039;est vraiment amusant. Il existe une large gamme d&#039;activit\u00e9s \u00e0 sensations fortes \u00e0 pratiquer sur le site. Il y a aussi un bar et un restaurant o\u00f9 vous pourrez d\u00eener et boire du vin apr\u00e8s la course.<\/p>","protected":false},"excerpt":{"rendered":"<p>Cheap Bus Tickets from&nbsp;Kampala to Nairobi Online Booking Discover your travel route on web, mobile or app and book cheap bus ticket from Kampala to Nairobi online now. Compare and&nbsp;do cheap bus from Kampala to Nairobi bus tickets online booking and travel Kampala to Nairobi by road. Though many times Nairobi serves as a base [&hellip;]<\/p>\n","protected":false},"author":1,"featured_media":13999,"parent":0,"menu_order":0,"comment_status":"open","ping_status":"closed","template":"template-home-modern.php","meta":{"footnotes":""},"class_list":["post-11670","page","type-page","status-publish","has-post-thumbnail","hentry"],"yoast_head":"<!-- This site is optimized with the Yoast SEO plugin v27.2 - https:\/\/yoast.com\/product\/yoast-seo-wordpress\/ -->\n<title>Bus from Kampala to Nairobi Bus Tickets, Route, Schedule &amp; Fare<\/title>\n<meta name=\"description\" content=\"Looking for bus from\u00a0Kampala to Nairobi bus ticket booking app, schedule &amp; fare? Book cheap bus tickets from Kampala to Nairobi online now\" \/>\n<meta name=\"robots\" content=\"index, follow, max-snippet:-1, max-image-preview:large, max-video-preview:-1\" \/>\n<link rel=\"canonical\" href=\"https:\/\/tiketi.com\/fr-fr\/cheap-bus-tickets-from-kampala-to-nairobi\/\" \/>\n<meta property=\"og:locale\" content=\"fr_FR\" \/>\n<meta property=\"og:type\" content=\"article\" \/>\n<meta property=\"og:title\" content=\"Bus from Kampala to Nairobi Bus Tickets, Route, Schedule &amp; Fare\" \/>\n<meta property=\"og:description\" content=\"Looking for bus from\u00a0Kampala to Nairobi bus ticket booking app, schedule &amp; fare? Book cheap bus tickets from Kampala to Nairobi online now\" \/>\n<meta property=\"og:url\" content=\"https:\/\/tiketi.com\/fr-fr\/cheap-bus-tickets-from-kampala-to-nairobi\/\" \/>\n<meta property=\"og:site_name\" content=\"Tiketi.com\" \/>\n<meta property=\"article:publisher\" content=\"https:\/\/www.facebook.com\/TiketiCom\/\" \/>\n<meta property=\"article:modified_time\" content=\"2022-01-28T20:09:54+00:00\" \/>\n<meta property=\"og:image\" content=\"https:\/\/tiketi.com\/wp-content\/uploads\/2022\/01\/bus-ticket-online-booking.jpg\" \/>\n\t<meta property=\"og:image:width\" content=\"1200\" \/>\n\t<meta property=\"og:image:height\" content=\"206\" \/>\n\t<meta property=\"og:image:type\" content=\"image\/jpeg\" \/>\n<meta name=\"twitter:card\" content=\"summary_large_image\" \/>\n<meta name=\"twitter:label1\" content=\"Dur\u00e9e de lecture estim\u00e9e\" \/>\n\t<meta name=\"twitter:data1\" content=\"2 minutes\" \/>\n<script type=\"application\/ld+json\" class=\"yoast-schema-graph\">{\"@context\":\"https:\/\/schema.org\",\"@graph\":[{\"@type\":\"WebPage\",\"@id\":\"https:\/\/tiketi.com\/cheap-bus-tickets-from-kampala-to-nairobi\/\",\"url\":\"https:\/\/tiketi.com\/cheap-bus-tickets-from-kampala-to-nairobi\/\",\"name\":\"Bus from Kampala to Nairobi Bus Tickets, Route, Schedule & Fare\",\"isPartOf\":{\"@id\":\"https:\/\/tiketi.com\/#website\"},\"primaryImageOfPage\":{\"@id\":\"https:\/\/tiketi.com\/cheap-bus-tickets-from-kampala-to-nairobi\/#primaryimage\"},\"image\":{\"@id\":\"https:\/\/tiketi.com\/cheap-bus-tickets-from-kampala-to-nairobi\/#primaryimage\"},\"thumbnailUrl\":\"https:\/\/tiketi.com\/wp-content\/uploads\/2022\/01\/bus-ticket-online-booking.jpg\",\"datePublished\":\"2022-01-19T11:55:03+00:00\",\"dateModified\":\"2022-01-28T20:09:54+00:00\",\"description\":\"Looking for bus from\u00a0Kampala to Nairobi bus ticket booking app, schedule & fare? Book cheap bus tickets from Kampala to Nairobi online now\",\"breadcrumb\":{\"@id\":\"https:\/\/tiketi.com\/cheap-bus-tickets-from-kampala-to-nairobi\/#breadcrumb\"},\"inLanguage\":\"fr-FR\",\"potentialAction\":[{\"@type\":\"ReadAction\",\"target\":[\"https:\/\/tiketi.com\/cheap-bus-tickets-from-kampala-to-nairobi\/\"]}]},{\"@type\":\"ImageObject\",\"inLanguage\":\"fr-FR\",\"@id\":\"https:\/\/tiketi.com\/cheap-bus-tickets-from-kampala-to-nairobi\/#primaryimage\",\"url\":\"https:\/\/tiketi.com\/wp-content\/uploads\/2022\/01\/bus-ticket-online-booking.jpg\",\"contentUrl\":\"https:\/\/tiketi.com\/wp-content\/uploads\/2022\/01\/bus-ticket-online-booking.jpg\",\"width\":1200,\"height\":206,\"caption\":\"Online Bus Ticket Booking\"},{\"@type\":\"BreadcrumbList\",\"@id\":\"https:\/\/tiketi.com\/cheap-bus-tickets-from-kampala-to-nairobi\/#breadcrumb\",\"itemListElement\":[{\"@type\":\"ListItem\",\"position\":1,\"name\":\"Home\",\"item\":\"https:\/\/tiketi.com\/\"},{\"@type\":\"ListItem\",\"position\":2,\"name\":\"Bus from Kampala to Nairobi Bus Tickets, Route, Schedule &#038; Fare\"}]},{\"@type\":\"WebSite\",\"@id\":\"https:\/\/tiketi.com\/#website\",\"url\":\"https:\/\/tiketi.com\/\",\"name\":\"Flight & Bus Tickets, Tour Packages & Activitites - Tiketi.com\",\"description\":\"Flight &amp; Bus Tickets, Tours, Activitites\",\"publisher\":{\"@id\":\"https:\/\/tiketi.com\/#organization\"},\"potentialAction\":[{\"@type\":\"SearchAction\",\"target\":{\"@type\":\"EntryPoint\",\"urlTemplate\":\"https:\/\/tiketi.com\/?s={search_term_string}\"},\"query-input\":{\"@type\":\"PropertyValueSpecification\",\"valueRequired\":true,\"valueName\":\"search_term_string\"}}],\"inLanguage\":\"fr-FR\"},{\"@type\":\"Organization\",\"@id\":\"https:\/\/tiketi.com\/#organization\",\"name\":\"Tiketi.com\",\"alternateName\":\"Tiketi\",\"url\":\"https:\/\/tiketi.com\/\",\"logo\":{\"@type\":\"ImageObject\",\"inLanguage\":\"fr-FR\",\"@id\":\"https:\/\/tiketi.com\/#\/schema\/logo\/image\/\",\"url\":\"https:\/\/tiketi.com\/wp-content\/uploads\/2019\/05\/tiketi-logo-696.png\",\"contentUrl\":\"https:\/\/tiketi.com\/wp-content\/uploads\/2019\/05\/tiketi-logo-696.png\",\"width\":696,\"height\":696,\"caption\":\"Tiketi.com\"},\"image\":{\"@id\":\"https:\/\/tiketi.com\/#\/schema\/logo\/image\/\"},\"sameAs\":[\"https:\/\/www.facebook.com\/TiketiCom\/\"]}]}<\/script>\n<!-- \/ Yoast SEO plugin. -->","yoast_head_json":{"title":"Bus de Kampala \u00e0 Nairobi Billets de bus, itin\u00e9raire, horaires et tarifs","description":"Vous recherchez une application de r\u00e9servation de billets de bus de Kampala \u00e0 Nairobi en bus, les horaires et les tarifs\u00a0? R\u00e9servez en ligne maintenant des billets de bus \u00e0 bas prix de Kampala \u00e0 Nairobi","robots":{"index":"index","follow":"follow","max-snippet":"max-snippet:-1","max-image-preview":"max-image-preview:large","max-video-preview":"max-video-preview:-1"},"canonical":"https:\/\/tiketi.com\/fr-fr\/cheap-bus-tickets-from-kampala-to-nairobi\/","og_locale":"fr_FR","og_type":"article","og_title":"Bus from Kampala to Nairobi Bus Tickets, Route, Schedule & Fare","og_description":"Looking for bus from\u00a0Kampala to Nairobi bus ticket booking app, schedule & fare? Book cheap bus tickets from Kampala to Nairobi online now","og_url":"https:\/\/tiketi.com\/fr-fr\/cheap-bus-tickets-from-kampala-to-nairobi\/","og_site_name":"Tiketi.com","article_publisher":"https:\/\/www.facebook.com\/TiketiCom\/","article_modified_time":"2022-01-28T20:09:54+00:00","og_image":[{"width":1200,"height":206,"url":"https:\/\/tiketi.com\/wp-content\/uploads\/2022\/01\/bus-ticket-online-booking.jpg","type":"image\/jpeg"}],"twitter_card":"summary_large_image","twitter_misc":{"Dur\u00e9e de lecture estim\u00e9e":"2 minutes"},"schema":{"@context":"https:\/\/schema.org","@graph":[{"@type":"WebPage","@id":"https:\/\/tiketi.com\/cheap-bus-tickets-from-kampala-to-nairobi\/","url":"https:\/\/tiketi.com\/cheap-bus-tickets-from-kampala-to-nairobi\/","name":"Bus de Kampala \u00e0 Nairobi Billets de bus, itin\u00e9raire, horaires et tarifs","isPartOf":{"@id":"https:\/\/tiketi.com\/#website"},"primaryImageOfPage":{"@id":"https:\/\/tiketi.com\/cheap-bus-tickets-from-kampala-to-nairobi\/#primaryimage"},"image":{"@id":"https:\/\/tiketi.com\/cheap-bus-tickets-from-kampala-to-nairobi\/#primaryimage"},"thumbnailUrl":"https:\/\/tiketi.com\/wp-content\/uploads\/2022\/01\/bus-ticket-online-booking.jpg","datePublished":"2022-01-19T11:55:03+00:00","dateModified":"2022-01-28T20:09:54+00:00","description":"Vous recherchez une application de r\u00e9servation de billets de bus de Kampala \u00e0 Nairobi en bus, les horaires et les tarifs\u00a0? R\u00e9servez en ligne maintenant des billets de bus \u00e0 bas prix de Kampala \u00e0 Nairobi","breadcrumb":{"@id":"https:\/\/tiketi.com\/cheap-bus-tickets-from-kampala-to-nairobi\/#breadcrumb"},"inLanguage":"fr-FR","potentialAction":[{"@type":"ReadAction","target":["https:\/\/tiketi.com\/cheap-bus-tickets-from-kampala-to-nairobi\/"]}]},{"@type":"ImageObject","inLanguage":"fr-FR","@id":"https:\/\/tiketi.com\/cheap-bus-tickets-from-kampala-to-nairobi\/#primaryimage","url":"https:\/\/tiketi.com\/wp-content\/uploads\/2022\/01\/bus-ticket-online-booking.jpg","contentUrl":"https:\/\/tiketi.com\/wp-content\/uploads\/2022\/01\/bus-ticket-online-booking.jpg","width":1200,"height":206,"caption":"Online Bus Ticket Booking"},{"@type":"BreadcrumbList","@id":"https:\/\/tiketi.com\/cheap-bus-tickets-from-kampala-to-nairobi\/#breadcrumb","itemListElement":[{"@type":"ListItem","position":1,"name":"Home","item":"https:\/\/tiketi.com\/"},{"@type":"ListItem","position":2,"name":"Bus from Kampala to Nairobi Bus Tickets, Route, Schedule &#038; Fare"}]},{"@type":"WebSite","@id":"https:\/\/tiketi.com\/#website","url":"https:\/\/tiketi.com\/","name":"Billets d&#039;avion et de bus, forfaits touristiques et activit\u00e9s - Tiketi.com","description":"Billets d&#039;avion et de bus, Tours, Activit\u00e9s","publisher":{"@id":"https:\/\/tiketi.com\/#organization"},"potentialAction":[{"@type":"SearchAction","target":{"@type":"EntryPoint","urlTemplate":"https:\/\/tiketi.com\/?s={search_term_string}"},"query-input":{"@type":"PropertyValueSpecification","valueRequired":true,"valueName":"search_term_string"}}],"inLanguage":"fr-FR"},{"@type":"Organization","@id":"https:\/\/tiketi.com\/#organization","name":"Tiketi.com","alternateName":"Tiketi","url":"https:\/\/tiketi.com\/","logo":{"@type":"ImageObject","inLanguage":"fr-FR","@id":"https:\/\/tiketi.com\/#\/schema\/logo\/image\/","url":"https:\/\/tiketi.com\/wp-content\/uploads\/2019\/05\/tiketi-logo-696.png","contentUrl":"https:\/\/tiketi.com\/wp-content\/uploads\/2019\/05\/tiketi-logo-696.png","width":696,"height":696,"caption":"Tiketi.com"},"image":{"@id":"https:\/\/tiketi.com\/#\/schema\/logo\/image\/"},"sameAs":["https:\/\/www.facebook.com\/TiketiCom\/"]}]}},"_links":{"self":[{"href":"https:\/\/tiketi.com\/fr-fr\/wp-json\/wp\/v2\/pages\/11670","targetHints":{"allow":["GET"]}}],"collection":[{"href":"https:\/\/tiketi.com\/fr-fr\/wp-json\/wp\/v2\/pages"}],"about":[{"href":"https:\/\/tiketi.com\/fr-fr\/wp-json\/wp\/v2\/types\/page"}],"author":[{"embeddable":true,"href":"https:\/\/tiketi.com\/fr-fr\/wp-json\/wp\/v2\/users\/1"}],"replies":[{"embeddable":true,"href":"https:\/\/tiketi.com\/fr-fr\/wp-json\/wp\/v2\/comments?post=11670"}],"version-history":[{"count":0,"href":"https:\/\/tiketi.com\/fr-fr\/wp-json\/wp\/v2\/pages\/11670\/revisions"}],"wp:featuredmedia":[{"embeddable":true,"href":"https:\/\/tiketi.com\/fr-fr\/wp-json\/wp\/v2\/media\/13999"}],"wp:attachment":[{"href":"https:\/\/tiketi.com\/fr-fr\/wp-json\/wp\/v2\/media?parent=11670"}],"curies":[{"name":"wp","href":"https:\/\/api.w.org\/{rel}","templated":true}]}}