{"id":11671,"date":"2022-01-19T12:55:03","date_gmt":"2022-01-19T11:55:03","guid":{"rendered":"https:\/\/new.tiketi.com\/bus-from-kampala-to-kigali-bus-tickets-routes-schedules-fares\/"},"modified":"2022-01-28T19:53:39","modified_gmt":"2022-01-28T18:53:39","slug":"cheap-bus-tickets-from-kampala-to-kigali","status":"publish","type":"page","link":"https:\/\/tiketi.com\/fr-fr\/cheap-bus-tickets-from-kampala-to-kigali\/","title":{"rendered":"Bus de Kampala \u00e0 Kigali Billets de bus, itin\u00e9raires, horaires et tarifs"},"content":{"rendered":"<h2>Billets de bus pas chers de Kampala \u00e0 Kigali R\u00e9servation en ligne<\/h2>\n<h3>D\u00e9couvrez votre itin\u00e9raire sur le web, le mobile ou l&#039;application et r\u00e9servez en ligne maintenant un billet de bus pas cher de Kampala \u00e0 Kigali.<\/h3>\n<p>Il vous suffit de rechercher et de r\u00e9server en ligne des billets de bus pas chers de Kampala \u00e0 Kigali. \u00c9tablie comme capitale apr\u00e8s que le Rwanda a obtenu la libert\u00e9 de la Belgique en 1962, Kigali est plac\u00e9e \u00e0 peu pr\u00e8s au centre g\u00e9ographique du pays. C&#039;est une passerelle naturelle pour les clients et une base incroyable pour explorer les principales attractions du Rwanda. Vous pouvez visiter Kigali en r\u00e9servant en ligne d\u00e8s maintenant des billets de bus pas chers de Kampala \u00e0 Kigali.<\/p>\n<h2>Bus de Kampala \u00e0 Kigali Billets de bus, itin\u00e9raires, horaires et tarifs FAQ<\/h2>\n<h3>Quel est le moyen le moins cher pour se rendre de Kampala \u00e0 Kigali ?<\/h3>\n<p>Le moyen abordable de se rendre de Kampala \u00e0 Kigali en bus. Kampala \u00e0 Kigali bus tarif $11 et dure 9h.<\/p>\n<h3>Y a-t-il un bus direct de Kampala \u00e0 Kigali ?<\/h3>\n<p>Oui, il y a des bus directs de Kampala \u00e0 Kigali et arrivant \u00e0 Kigali. Les services partent toutes les 4 heures, et op\u00e8rent chaque jour. Le trajet dure environ 9h.<\/p>\n<h3>Quelle distance y a-t-il entre Kampala et Kigali ?<\/h3>\n<p>La distance parcourue entre Kigali et Kampala est de 377 km.<\/p>\n<h3>O\u00f9 prendre le bus depuis Kampala pour Kigali ?<\/h3>\n<p>Bus c\u00f4tier moderne de Kampala \u00e0 Kigali, exploit\u00e9 par des billets de bus bon march\u00e9 volcan de Kampala \u00e0 Kigali.<\/p>\n<h3>Avion ou bus de Kampala \u00e0 Kigali ?<\/h3>\n<p>L&#039;excellent moyen de se rendre de Kampala \u00e0 Kigali est de <a href=\"https:\/\/tiketi.com\/fr-fr\/flightst\/\" target=\"_blank\" rel=\"noopener\">voler<\/a> qui prend 1h 35m et co\u00fbte $65 \u2013 $210. Sinon, vous pouvez prendre le bus, les compagnies de bus de Kampala \u00e0 Kigali co\u00fbtent $11 et dure 9h.<\/p>\n<h2>Billets de bus de Kampala \u00e0 Kigali<\/h2>\n<h3>Centre d&#039;art Inema<\/h3>\n<p>Fond\u00e9 en 2012 par 2 fr\u00e8res passionn\u00e9s par le soutien et la pr\u00e9sentation d&#039;artistes rwandais \u00e9mergents, Inema Art Center est aujourd&#039;hui l&#039;une des meilleures galeries contemporaines de la ville. Il sp\u00e9cifie le travail d&#039;artistes \u00e9mergents et \u00e9tablis du monde entier et sert \u00e9galement de studio pour dix artistes en r\u00e9sidence, qui travaillent g\u00e9n\u00e9ralement sur un \u00e9ventail de supports diff\u00e9rents.<\/p>\n<h3>March\u00e9 Kimironko<\/h3>\n<p>Pour une exp\u00e9rience de magasinage vraiment remarquable, rendez-vous dans le vaste complexe d&#039;entrep\u00f4ts appel\u00e9 Kimironko Mrket. C&#039;est le march\u00e9 le plus fr\u00e9quent\u00e9 et le plus c\u00e9l\u00e8bre de la ville avec des vendeurs vendant des marchandises de tout le Rwanda ainsi que d&#039;Afrique centrale, orientale et occidentale.<\/p>\n<h3>Centre des femmes de Nyamirambo<\/h3>\n<p>Situ\u00e9 dans la r\u00e9gion multiculturelle de Nyamirambo \u00e0 Kigali, le Centre des femmes de Nyamirambo est une initiative \u00e0 but non lucratif destin\u00e9e \u00e0 offrir aux femmes rwandaises la formation et l&#039;\u00e9ducation n\u00e9cessaires pour trouver un emploi.<\/p>","protected":false},"excerpt":{"rendered":"<p>Cheap Bus Tickets from\u00a0Kampala to Kigali\u00a0Online Booking Discover your travel route on web, mobile or app and book cheap bus ticket from Kampala to Kigali online now. Simply search and\u00a0do cheap bus from Kampala to Kigali bus tickets online booking. Established as the capital after Rwanda got freedom from Belgium in 1962, Kigali is placed [&hellip;]<\/p>\n","protected":false},"author":1,"featured_media":13999,"parent":0,"menu_order":0,"comment_status":"open","ping_status":"closed","template":"template-home-modern.php","meta":{"footnotes":""},"class_list":["post-11671","page","type-page","status-publish","has-post-thumbnail","hentry"],"yoast_head":"<!-- This site is optimized with the Yoast SEO plugin v27.3 - https:\/\/yoast.com\/product\/yoast-seo-wordpress\/ -->\n<title>Bus from Kampala to Kigali\u00a0Bus Tickets, Routes, Schedules &amp; Fares<\/title>\n<meta name=\"description\" content=\"Looking for bus from\u00a0Kampala to Kigali bus ticket booking app, route, schedule &amp; fare? Book cheap bus tickets from Kampala to Kigali online\" \/>\n<meta name=\"robots\" content=\"index, follow, max-snippet:-1, max-image-preview:large, max-video-preview:-1\" \/>\n<link rel=\"canonical\" href=\"https:\/\/tiketi.com\/fr-fr\/cheap-bus-tickets-from-kampala-to-kigali\/\" \/>\n<meta property=\"og:locale\" content=\"fr_FR\" \/>\n<meta property=\"og:type\" content=\"article\" \/>\n<meta property=\"og:title\" content=\"Bus from Kampala to Kigali\u00a0Bus Tickets, Routes, Schedules &amp; Fares\" \/>\n<meta property=\"og:description\" content=\"Looking for bus from\u00a0Kampala to Kigali bus ticket booking app, route, schedule &amp; fare? Book cheap bus tickets from Kampala to Kigali online\" \/>\n<meta property=\"og:url\" content=\"https:\/\/tiketi.com\/fr-fr\/cheap-bus-tickets-from-kampala-to-kigali\/\" \/>\n<meta property=\"og:site_name\" content=\"Tiketi.com\" \/>\n<meta property=\"article:publisher\" content=\"https:\/\/www.facebook.com\/TiketiCom\/\" \/>\n<meta property=\"article:modified_time\" content=\"2022-01-28T18:53:39+00:00\" \/>\n<meta property=\"og:image\" content=\"https:\/\/tiketi.com\/wp-content\/uploads\/2022\/01\/bus-ticket-online-booking.jpg\" \/>\n\t<meta property=\"og:image:width\" content=\"1200\" \/>\n\t<meta property=\"og:image:height\" content=\"206\" \/>\n\t<meta property=\"og:image:type\" content=\"image\/jpeg\" \/>\n<meta name=\"twitter:card\" content=\"summary_large_image\" \/>\n<meta name=\"twitter:label1\" content=\"Dur\u00e9e de lecture estim\u00e9e\" \/>\n\t<meta name=\"twitter:data1\" content=\"2 minutes\" \/>\n<script type=\"application\/ld+json\" class=\"yoast-schema-graph\">{\"@context\":\"https:\\\/\\\/schema.org\",\"@graph\":[{\"@type\":\"WebPage\",\"@id\":\"https:\\\/\\\/tiketi.com\\\/cheap-bus-tickets-from-kampala-to-kigali\\\/\",\"url\":\"https:\\\/\\\/tiketi.com\\\/cheap-bus-tickets-from-kampala-to-kigali\\\/\",\"name\":\"Bus from Kampala to Kigali\u00a0Bus Tickets, Routes, Schedules & Fares\",\"isPartOf\":{\"@id\":\"https:\\\/\\\/tiketi.com\\\/#website\"},\"primaryImageOfPage\":{\"@id\":\"https:\\\/\\\/tiketi.com\\\/cheap-bus-tickets-from-kampala-to-kigali\\\/#primaryimage\"},\"image\":{\"@id\":\"https:\\\/\\\/tiketi.com\\\/cheap-bus-tickets-from-kampala-to-kigali\\\/#primaryimage\"},\"thumbnailUrl\":\"https:\\\/\\\/tiketi.com\\\/wp-content\\\/uploads\\\/2022\\\/01\\\/bus-ticket-online-booking.jpg\",\"datePublished\":\"2022-01-19T11:55:03+00:00\",\"dateModified\":\"2022-01-28T18:53:39+00:00\",\"description\":\"Looking for bus from\u00a0Kampala to Kigali bus ticket booking app, route, schedule & fare? Book cheap bus tickets from Kampala to Kigali online\",\"breadcrumb\":{\"@id\":\"https:\\\/\\\/tiketi.com\\\/cheap-bus-tickets-from-kampala-to-kigali\\\/#breadcrumb\"},\"inLanguage\":\"fr-FR\",\"potentialAction\":[{\"@type\":\"ReadAction\",\"target\":[\"https:\\\/\\\/tiketi.com\\\/cheap-bus-tickets-from-kampala-to-kigali\\\/\"]}]},{\"@type\":\"ImageObject\",\"inLanguage\":\"fr-FR\",\"@id\":\"https:\\\/\\\/tiketi.com\\\/cheap-bus-tickets-from-kampala-to-kigali\\\/#primaryimage\",\"url\":\"https:\\\/\\\/tiketi.com\\\/wp-content\\\/uploads\\\/2022\\\/01\\\/bus-ticket-online-booking.jpg\",\"contentUrl\":\"https:\\\/\\\/tiketi.com\\\/wp-content\\\/uploads\\\/2022\\\/01\\\/bus-ticket-online-booking.jpg\",\"width\":1200,\"height\":206,\"caption\":\"Online Bus Ticket Booking\"},{\"@type\":\"BreadcrumbList\",\"@id\":\"https:\\\/\\\/tiketi.com\\\/cheap-bus-tickets-from-kampala-to-kigali\\\/#breadcrumb\",\"itemListElement\":[{\"@type\":\"ListItem\",\"position\":1,\"name\":\"Home\",\"item\":\"https:\\\/\\\/tiketi.com\\\/\"},{\"@type\":\"ListItem\",\"position\":2,\"name\":\"Bus from Kampala to Kigali\u00a0Bus Tickets, Routes, Schedules &#038; Fares\"}]},{\"@type\":\"WebSite\",\"@id\":\"https:\\\/\\\/tiketi.com\\\/#website\",\"url\":\"https:\\\/\\\/tiketi.com\\\/\",\"name\":\"Flight & Bus Tickets, Tour Packages & Activitites - Tiketi.com\",\"description\":\"Flight &amp; Bus Tickets, Tours, Activitites\",\"publisher\":{\"@id\":\"https:\\\/\\\/tiketi.com\\\/#organization\"},\"potentialAction\":[{\"@type\":\"SearchAction\",\"target\":{\"@type\":\"EntryPoint\",\"urlTemplate\":\"https:\\\/\\\/tiketi.com\\\/?s={search_term_string}\"},\"query-input\":{\"@type\":\"PropertyValueSpecification\",\"valueRequired\":true,\"valueName\":\"search_term_string\"}}],\"inLanguage\":\"fr-FR\"},{\"@type\":\"Organization\",\"@id\":\"https:\\\/\\\/tiketi.com\\\/#organization\",\"name\":\"Tiketi.com\",\"alternateName\":\"Tiketi\",\"url\":\"https:\\\/\\\/tiketi.com\\\/\",\"logo\":{\"@type\":\"ImageObject\",\"inLanguage\":\"fr-FR\",\"@id\":\"https:\\\/\\\/tiketi.com\\\/#\\\/schema\\\/logo\\\/image\\\/\",\"url\":\"https:\\\/\\\/tiketi.com\\\/wp-content\\\/uploads\\\/2019\\\/05\\\/tiketi-logo-696.png\",\"contentUrl\":\"https:\\\/\\\/tiketi.com\\\/wp-content\\\/uploads\\\/2019\\\/05\\\/tiketi-logo-696.png\",\"width\":696,\"height\":696,\"caption\":\"Tiketi.com\"},\"image\":{\"@id\":\"https:\\\/\\\/tiketi.com\\\/#\\\/schema\\\/logo\\\/image\\\/\"},\"sameAs\":[\"https:\\\/\\\/www.facebook.com\\\/TiketiCom\\\/\"]}]}<\/script>\n<!-- \/ Yoast SEO plugin. -->","yoast_head_json":{"title":"Bus de Kampala \u00e0 Kigali Billets de bus, itin\u00e9raires, horaires et tarifs","description":"\u00c0 la recherche d&#039;une application de r\u00e9servation de billets de bus de Kampala \u00e0 Kigali en bus, d&#039;un itin\u00e9raire, d&#039;un horaire et d&#039;un tarif\u00a0? R\u00e9servez en ligne des billets de bus \u00e0 bas prix de Kampala \u00e0 Kigali","robots":{"index":"index","follow":"follow","max-snippet":"max-snippet:-1","max-image-preview":"max-image-preview:large","max-video-preview":"max-video-preview:-1"},"canonical":"https:\/\/tiketi.com\/fr-fr\/cheap-bus-tickets-from-kampala-to-kigali\/","og_locale":"fr_FR","og_type":"article","og_title":"Bus from Kampala to Kigali\u00a0Bus Tickets, Routes, Schedules & Fares","og_description":"Looking for bus from\u00a0Kampala to Kigali bus ticket booking app, route, schedule & fare? Book cheap bus tickets from Kampala to Kigali online","og_url":"https:\/\/tiketi.com\/fr-fr\/cheap-bus-tickets-from-kampala-to-kigali\/","og_site_name":"Tiketi.com","article_publisher":"https:\/\/www.facebook.com\/TiketiCom\/","article_modified_time":"2022-01-28T18:53:39+00:00","og_image":[{"width":1200,"height":206,"url":"https:\/\/tiketi.com\/wp-content\/uploads\/2022\/01\/bus-ticket-online-booking.jpg","type":"image\/jpeg"}],"twitter_card":"summary_large_image","twitter_misc":{"Dur\u00e9e de lecture estim\u00e9e":"2 minutes"},"schema":{"@context":"https:\/\/schema.org","@graph":[{"@type":"WebPage","@id":"https:\/\/tiketi.com\/cheap-bus-tickets-from-kampala-to-kigali\/","url":"https:\/\/tiketi.com\/cheap-bus-tickets-from-kampala-to-kigali\/","name":"Bus de Kampala \u00e0 Kigali Billets de bus, itin\u00e9raires, horaires et tarifs","isPartOf":{"@id":"https:\/\/tiketi.com\/#website"},"primaryImageOfPage":{"@id":"https:\/\/tiketi.com\/cheap-bus-tickets-from-kampala-to-kigali\/#primaryimage"},"image":{"@id":"https:\/\/tiketi.com\/cheap-bus-tickets-from-kampala-to-kigali\/#primaryimage"},"thumbnailUrl":"https:\/\/tiketi.com\/wp-content\/uploads\/2022\/01\/bus-ticket-online-booking.jpg","datePublished":"2022-01-19T11:55:03+00:00","dateModified":"2022-01-28T18:53:39+00:00","description":"\u00c0 la recherche d&#039;une application de r\u00e9servation de billets de bus de Kampala \u00e0 Kigali en bus, d&#039;un itin\u00e9raire, d&#039;un horaire et d&#039;un tarif\u00a0? R\u00e9servez en ligne des billets de bus \u00e0 bas prix de Kampala \u00e0 Kigali","breadcrumb":{"@id":"https:\/\/tiketi.com\/cheap-bus-tickets-from-kampala-to-kigali\/#breadcrumb"},"inLanguage":"fr-FR","potentialAction":[{"@type":"ReadAction","target":["https:\/\/tiketi.com\/cheap-bus-tickets-from-kampala-to-kigali\/"]}]},{"@type":"ImageObject","inLanguage":"fr-FR","@id":"https:\/\/tiketi.com\/cheap-bus-tickets-from-kampala-to-kigali\/#primaryimage","url":"https:\/\/tiketi.com\/wp-content\/uploads\/2022\/01\/bus-ticket-online-booking.jpg","contentUrl":"https:\/\/tiketi.com\/wp-content\/uploads\/2022\/01\/bus-ticket-online-booking.jpg","width":1200,"height":206,"caption":"Online Bus Ticket Booking"},{"@type":"BreadcrumbList","@id":"https:\/\/tiketi.com\/cheap-bus-tickets-from-kampala-to-kigali\/#breadcrumb","itemListElement":[{"@type":"ListItem","position":1,"name":"Home","item":"https:\/\/tiketi.com\/"},{"@type":"ListItem","position":2,"name":"Bus from Kampala to Kigali\u00a0Bus Tickets, Routes, Schedules &#038; Fares"}]},{"@type":"WebSite","@id":"https:\/\/tiketi.com\/#website","url":"https:\/\/tiketi.com\/","name":"Billets d&#039;avion et de bus, forfaits touristiques et activit\u00e9s - Tiketi.com","description":"Billets d&#039;avion et de bus, Tours, Activit\u00e9s","publisher":{"@id":"https:\/\/tiketi.com\/#organization"},"potentialAction":[{"@type":"SearchAction","target":{"@type":"EntryPoint","urlTemplate":"https:\/\/tiketi.com\/?s={search_term_string}"},"query-input":{"@type":"PropertyValueSpecification","valueRequired":true,"valueName":"search_term_string"}}],"inLanguage":"fr-FR"},{"@type":"Organization","@id":"https:\/\/tiketi.com\/#organization","name":"Tiketi.com","alternateName":"Tiketi","url":"https:\/\/tiketi.com\/","logo":{"@type":"ImageObject","inLanguage":"fr-FR","@id":"https:\/\/tiketi.com\/#\/schema\/logo\/image\/","url":"https:\/\/tiketi.com\/wp-content\/uploads\/2019\/05\/tiketi-logo-696.png","contentUrl":"https:\/\/tiketi.com\/wp-content\/uploads\/2019\/05\/tiketi-logo-696.png","width":696,"height":696,"caption":"Tiketi.com"},"image":{"@id":"https:\/\/tiketi.com\/#\/schema\/logo\/image\/"},"sameAs":["https:\/\/www.facebook.com\/TiketiCom\/"]}]}},"_links":{"self":[{"href":"https:\/\/tiketi.com\/fr-fr\/wp-json\/wp\/v2\/pages\/11671","targetHints":{"allow":["GET"]}}],"collection":[{"href":"https:\/\/tiketi.com\/fr-fr\/wp-json\/wp\/v2\/pages"}],"about":[{"href":"https:\/\/tiketi.com\/fr-fr\/wp-json\/wp\/v2\/types\/page"}],"author":[{"embeddable":true,"href":"https:\/\/tiketi.com\/fr-fr\/wp-json\/wp\/v2\/users\/1"}],"replies":[{"embeddable":true,"href":"https:\/\/tiketi.com\/fr-fr\/wp-json\/wp\/v2\/comments?post=11671"}],"version-history":[{"count":0,"href":"https:\/\/tiketi.com\/fr-fr\/wp-json\/wp\/v2\/pages\/11671\/revisions"}],"wp:featuredmedia":[{"embeddable":true,"href":"https:\/\/tiketi.com\/fr-fr\/wp-json\/wp\/v2\/media\/13999"}],"wp:attachment":[{"href":"https:\/\/tiketi.com\/fr-fr\/wp-json\/wp\/v2\/media?parent=11671"}],"curies":[{"name":"wp","href":"https:\/\/api.w.org\/{rel}","templated":true}]}}