{"id":11672,"date":"2022-01-19T12:55:03","date_gmt":"2022-01-19T11:55:03","guid":{"rendered":"https:\/\/new.tiketi.com\/bus-from-dar-es-salaam-to-kampala-bus-tickets-route-schedule-fare\/"},"modified":"2022-01-27T12:52:13","modified_gmt":"2022-01-27T11:52:13","slug":"cheap-bus-tickets-from-dar-es-salaam-to-kampala","status":"publish","type":"page","link":"https:\/\/tiketi.com\/fr-fr\/cheap-bus-tickets-from-dar-es-salaam-to-kampala\/","title":{"rendered":"Bus de Dar es Salaam \u00e0 Kampala Billets de bus, itin\u00e9raire, horaires et tarifs"},"content":{"rendered":"<h2>Billets de bus pas chers de Dar es Salaam \u00e0 Kampala R\u00e9servation en ligne<\/h2>\n<h3>D\u00e9couvrez votre itin\u00e9raire sur le web, le mobile ou l&#039;application et r\u00e9servez en ligne maintenant un billet de bus pas cher de Dar es Salam \u00e0 Kampala.<\/h3>\n<p>Recherchez, comparez et r\u00e9servez des billets de bus en ligne de Dar es Salam \u00e0 Kampala pas chers et voyagez de Dar es Salam \u00e0 Kampala par la route. Kampala a de nombreux charmes dans les 7 collines sur lesquelles elle se trouve - chacune offrant une histoire particuli\u00e8re, un point de vue sur le charmant chaos et plusieurs attractions pour vous occuper pendant quelques jours. Vous pouvez visiter Kampala en r\u00e9servant en ligne d\u00e8s maintenant des billets de bus pas chers de Dar es Salaam \u00e0 Kampala et \u00e9conomiser du temps et de l&#039;argent.<\/p>\n<h2>Bus de Dar es Salaam \u00e0 Kampala FAQ sur les billets de bus, les itin\u00e9raires, les horaires et les tarifs<\/h2>\n<h3>Quel est le moyen abordable pour se rendre de Dar es Salam \u00e0 Kampala ?<\/h3>\n<p>Le moyen abordable de se rendre de Dar es Salaam \u00e0 Kampala en bus. Dar es Salaam \u00e0 Kampala bus tarif $40 \u2013 $55 et dure 29h 30m.<\/p>\n<h3>Y a-t-il un bus direct entre Dar es Salam et Kampala ?<\/h3>\n<p>Non, il n&#039;y a pas de meilleur bus direct de Dar es Salam jusqu&#039;\u00e0 Kampala. Quoi qu&#039;il en soit, il y a des services au d\u00e9part de Jangwani et arrivant \u00e0 Kampala par Nairobi et Dar es Salaam. Le trajet, y compris les transferts, prend environ 29 \u00e0 20m.<\/p>\n<h3>Quelle est la distance entre Dar es Salam et Kampala en bus ?<\/h3>\n<p>La distance entre Dar es Salam et Kampala est de 1087 km.<\/p>\n<h3>O\u00f9 prendre le bus depuis Dar es Salam pour Kampala ?<\/h3>\n<p>Billets de bus pas chers de Dar es Salaam au service de bus de Kampala, g\u00e9r\u00e9 par Darlux Co. Ltd.<\/p>\n<h3>Avion ou bus de Dar es Salaam \u00e0 Kampala ?<\/h3>\n<p>L&#039;excellent moyen de se rendre de Dar es Salaam \u00e0 Kampala est de <u><a href=\"https:\/\/tiketi.com\/fr-fr\/flightst\/\" target=\"_blank\" rel=\"noopener\">voler<\/a><\/u> qui dure 4h 30m et co\u00fbte $140 \u2013 $600. Alternativement, vous pouvez bus, bus Dar es Salaam \u00e0 Kampala via mutukula co\u00fbte $45 \u2013 $65 et dure 29h 20m.<\/p>\n<h2>Billets de bus de Dar es Salaam \u00e0 Kampala Tips<\/h2>\n<p><strong>Voici quelques-unes des meilleures attractions :<\/strong><\/p>\n<h3>Centre culturel national de l&#039;Ouganda<\/h3>\n<p>Ce centre culturel g\u00e9n\u00e9ralement appel\u00e9 Th\u00e9\u00e2tre National propose une programmation de grands spectacles de musique, de danse, de cin\u00e9ma et de th\u00e9\u00e2tre dans l&#039;auditorium. Ce sont des restaurants et des bars, et des \u00e9v\u00e9nements nocturnes en plein air, notamment des percussions, des jam sessions et des soir\u00e9es comiques.<\/p>\n<h3>Tombes de Kasubi<\/h3>\n<p>Les tombes de Kasubi sont le lieu de s\u00e9pulture des rois et de la famille royale du royaume de Buganda. L&#039;UNESCO a class\u00e9 ce lieu pour son importance pour le Royaume. Une visite au tombeau donne aux visiteurs l&#039;impression d&#039;un village rural avec sa remarquable hutte au toit de chaume construite pour Kabaka Mutesa en tant que palais en 1882, qui a \u00e9t\u00e9 transform\u00e9e en lieu de s\u00e9pulture pour sa mort 2 ans plus tard.<\/p>","protected":false},"excerpt":{"rendered":"<p>Cheap Bus Tickets from\u00a0Dar es Salaam to Kampala Online Booking Discover your travel route on web, mobile or app and book cheap bus ticket from Dar es Salaam to Kampala online now. Search, compare and book cheap bus from Dar es Salaam to Kampala bus tickets online and\u00a0travel Dar es Salaam to Kampala by road. [&hellip;]<\/p>\n","protected":false},"author":1,"featured_media":13999,"parent":0,"menu_order":0,"comment_status":"open","ping_status":"closed","template":"template-home-modern.php","meta":{"footnotes":""},"class_list":["post-11672","page","type-page","status-publish","has-post-thumbnail","hentry"],"yoast_head":"<!-- This site is optimized with the Yoast SEO plugin v27.3 - https:\/\/yoast.com\/product\/yoast-seo-wordpress\/ -->\n<title>Bus from Dar es Salaam to Kampala Bus Tickets, Route,\u00a0Schedule &amp; Fare<\/title>\n<meta name=\"description\" content=\"Looking for bus from Dar es Salaam to Kampala bus ticket booking app, route, schedule &amp; fare? Book cheap bus tickets from Dar es Salaam to Kampala online\" \/>\n<meta name=\"robots\" content=\"index, follow, max-snippet:-1, max-image-preview:large, max-video-preview:-1\" \/>\n<link rel=\"canonical\" href=\"https:\/\/tiketi.com\/fr-fr\/cheap-bus-tickets-from-dar-es-salaam-to-kampala\/\" \/>\n<meta property=\"og:locale\" content=\"fr_FR\" \/>\n<meta property=\"og:type\" content=\"article\" \/>\n<meta property=\"og:title\" content=\"Bus from Dar es Salaam to Kampala Bus Tickets, Route,\u00a0Schedule &amp; Fare\" \/>\n<meta property=\"og:description\" content=\"Looking for bus from Dar es Salaam to Kampala bus ticket booking app, route, schedule &amp; fare? Book cheap bus tickets from Dar es Salaam to Kampala online\" \/>\n<meta property=\"og:url\" content=\"https:\/\/tiketi.com\/fr-fr\/cheap-bus-tickets-from-dar-es-salaam-to-kampala\/\" \/>\n<meta property=\"og:site_name\" content=\"Tiketi.com\" \/>\n<meta property=\"article:publisher\" content=\"https:\/\/www.facebook.com\/TiketiCom\/\" \/>\n<meta property=\"article:modified_time\" content=\"2022-01-27T11:52:13+00:00\" \/>\n<meta property=\"og:image\" content=\"https:\/\/tiketi.com\/wp-content\/uploads\/2022\/01\/bus-ticket-online-booking.jpg\" \/>\n\t<meta property=\"og:image:width\" content=\"1200\" \/>\n\t<meta property=\"og:image:height\" content=\"206\" \/>\n\t<meta property=\"og:image:type\" content=\"image\/jpeg\" \/>\n<meta name=\"twitter:card\" content=\"summary_large_image\" \/>\n<meta name=\"twitter:label1\" content=\"Dur\u00e9e de lecture estim\u00e9e\" \/>\n\t<meta name=\"twitter:data1\" content=\"2 minutes\" \/>\n<script type=\"application\/ld+json\" class=\"yoast-schema-graph\">{\"@context\":\"https:\\\/\\\/schema.org\",\"@graph\":[{\"@type\":\"WebPage\",\"@id\":\"https:\\\/\\\/tiketi.com\\\/cheap-bus-tickets-from-dar-es-salaam-to-kampala\\\/\",\"url\":\"https:\\\/\\\/tiketi.com\\\/cheap-bus-tickets-from-dar-es-salaam-to-kampala\\\/\",\"name\":\"Bus from Dar es Salaam to Kampala Bus Tickets, Route,\u00a0Schedule & Fare\",\"isPartOf\":{\"@id\":\"https:\\\/\\\/tiketi.com\\\/#website\"},\"primaryImageOfPage\":{\"@id\":\"https:\\\/\\\/tiketi.com\\\/cheap-bus-tickets-from-dar-es-salaam-to-kampala\\\/#primaryimage\"},\"image\":{\"@id\":\"https:\\\/\\\/tiketi.com\\\/cheap-bus-tickets-from-dar-es-salaam-to-kampala\\\/#primaryimage\"},\"thumbnailUrl\":\"https:\\\/\\\/tiketi.com\\\/wp-content\\\/uploads\\\/2022\\\/01\\\/bus-ticket-online-booking.jpg\",\"datePublished\":\"2022-01-19T11:55:03+00:00\",\"dateModified\":\"2022-01-27T11:52:13+00:00\",\"description\":\"Looking for bus from Dar es Salaam to Kampala bus ticket booking app, route, schedule & fare? Book cheap bus tickets from Dar es Salaam to Kampala online\",\"breadcrumb\":{\"@id\":\"https:\\\/\\\/tiketi.com\\\/cheap-bus-tickets-from-dar-es-salaam-to-kampala\\\/#breadcrumb\"},\"inLanguage\":\"fr-FR\",\"potentialAction\":[{\"@type\":\"ReadAction\",\"target\":[\"https:\\\/\\\/tiketi.com\\\/cheap-bus-tickets-from-dar-es-salaam-to-kampala\\\/\"]}]},{\"@type\":\"ImageObject\",\"inLanguage\":\"fr-FR\",\"@id\":\"https:\\\/\\\/tiketi.com\\\/cheap-bus-tickets-from-dar-es-salaam-to-kampala\\\/#primaryimage\",\"url\":\"https:\\\/\\\/tiketi.com\\\/wp-content\\\/uploads\\\/2022\\\/01\\\/bus-ticket-online-booking.jpg\",\"contentUrl\":\"https:\\\/\\\/tiketi.com\\\/wp-content\\\/uploads\\\/2022\\\/01\\\/bus-ticket-online-booking.jpg\",\"width\":1200,\"height\":206,\"caption\":\"Online Bus Ticket Booking\"},{\"@type\":\"BreadcrumbList\",\"@id\":\"https:\\\/\\\/tiketi.com\\\/cheap-bus-tickets-from-dar-es-salaam-to-kampala\\\/#breadcrumb\",\"itemListElement\":[{\"@type\":\"ListItem\",\"position\":1,\"name\":\"Home\",\"item\":\"https:\\\/\\\/tiketi.com\\\/\"},{\"@type\":\"ListItem\",\"position\":2,\"name\":\"Bus from Dar es Salaam to Kampala Bus Tickets, Route,\u00a0Schedule &#038; Fare\"}]},{\"@type\":\"WebSite\",\"@id\":\"https:\\\/\\\/tiketi.com\\\/#website\",\"url\":\"https:\\\/\\\/tiketi.com\\\/\",\"name\":\"Flight & Bus Tickets, Tour Packages & Activitites - Tiketi.com\",\"description\":\"Flight &amp; Bus Tickets, Tours, Activitites\",\"publisher\":{\"@id\":\"https:\\\/\\\/tiketi.com\\\/#organization\"},\"potentialAction\":[{\"@type\":\"SearchAction\",\"target\":{\"@type\":\"EntryPoint\",\"urlTemplate\":\"https:\\\/\\\/tiketi.com\\\/?s={search_term_string}\"},\"query-input\":{\"@type\":\"PropertyValueSpecification\",\"valueRequired\":true,\"valueName\":\"search_term_string\"}}],\"inLanguage\":\"fr-FR\"},{\"@type\":\"Organization\",\"@id\":\"https:\\\/\\\/tiketi.com\\\/#organization\",\"name\":\"Tiketi.com\",\"alternateName\":\"Tiketi\",\"url\":\"https:\\\/\\\/tiketi.com\\\/\",\"logo\":{\"@type\":\"ImageObject\",\"inLanguage\":\"fr-FR\",\"@id\":\"https:\\\/\\\/tiketi.com\\\/#\\\/schema\\\/logo\\\/image\\\/\",\"url\":\"https:\\\/\\\/tiketi.com\\\/wp-content\\\/uploads\\\/2019\\\/05\\\/tiketi-logo-696.png\",\"contentUrl\":\"https:\\\/\\\/tiketi.com\\\/wp-content\\\/uploads\\\/2019\\\/05\\\/tiketi-logo-696.png\",\"width\":696,\"height\":696,\"caption\":\"Tiketi.com\"},\"image\":{\"@id\":\"https:\\\/\\\/tiketi.com\\\/#\\\/schema\\\/logo\\\/image\\\/\"},\"sameAs\":[\"https:\\\/\\\/www.facebook.com\\\/TiketiCom\\\/\"]}]}<\/script>\n<!-- \/ Yoast SEO plugin. -->","yoast_head_json":{"title":"Bus de Dar es Salaam \u00e0 Kampala Billets de bus, itin\u00e9raire, horaires et tarifs","description":"\u00c0 la recherche d&#039;une application de r\u00e9servation de billets de bus de Dar es Salaam \u00e0 Kampala, d&#039;un itin\u00e9raire, d&#039;un horaire et d&#039;un tarif de bus ? R\u00e9servez en ligne des billets de bus pas chers de Dar es Salam \u00e0 Kampala","robots":{"index":"index","follow":"follow","max-snippet":"max-snippet:-1","max-image-preview":"max-image-preview:large","max-video-preview":"max-video-preview:-1"},"canonical":"https:\/\/tiketi.com\/fr-fr\/cheap-bus-tickets-from-dar-es-salaam-to-kampala\/","og_locale":"fr_FR","og_type":"article","og_title":"Bus from Dar es Salaam to Kampala Bus Tickets, Route,\u00a0Schedule & Fare","og_description":"Looking for bus from Dar es Salaam to Kampala bus ticket booking app, route, schedule & fare? Book cheap bus tickets from Dar es Salaam to Kampala online","og_url":"https:\/\/tiketi.com\/fr-fr\/cheap-bus-tickets-from-dar-es-salaam-to-kampala\/","og_site_name":"Tiketi.com","article_publisher":"https:\/\/www.facebook.com\/TiketiCom\/","article_modified_time":"2022-01-27T11:52:13+00:00","og_image":[{"width":1200,"height":206,"url":"https:\/\/tiketi.com\/wp-content\/uploads\/2022\/01\/bus-ticket-online-booking.jpg","type":"image\/jpeg"}],"twitter_card":"summary_large_image","twitter_misc":{"Dur\u00e9e de lecture estim\u00e9e":"2 minutes"},"schema":{"@context":"https:\/\/schema.org","@graph":[{"@type":"WebPage","@id":"https:\/\/tiketi.com\/cheap-bus-tickets-from-dar-es-salaam-to-kampala\/","url":"https:\/\/tiketi.com\/cheap-bus-tickets-from-dar-es-salaam-to-kampala\/","name":"Bus de Dar es Salaam \u00e0 Kampala Billets de bus, itin\u00e9raire, horaires et tarifs","isPartOf":{"@id":"https:\/\/tiketi.com\/#website"},"primaryImageOfPage":{"@id":"https:\/\/tiketi.com\/cheap-bus-tickets-from-dar-es-salaam-to-kampala\/#primaryimage"},"image":{"@id":"https:\/\/tiketi.com\/cheap-bus-tickets-from-dar-es-salaam-to-kampala\/#primaryimage"},"thumbnailUrl":"https:\/\/tiketi.com\/wp-content\/uploads\/2022\/01\/bus-ticket-online-booking.jpg","datePublished":"2022-01-19T11:55:03+00:00","dateModified":"2022-01-27T11:52:13+00:00","description":"\u00c0 la recherche d&#039;une application de r\u00e9servation de billets de bus de Dar es Salaam \u00e0 Kampala, d&#039;un itin\u00e9raire, d&#039;un horaire et d&#039;un tarif de bus ? R\u00e9servez en ligne des billets de bus pas chers de Dar es Salam \u00e0 Kampala","breadcrumb":{"@id":"https:\/\/tiketi.com\/cheap-bus-tickets-from-dar-es-salaam-to-kampala\/#breadcrumb"},"inLanguage":"fr-FR","potentialAction":[{"@type":"ReadAction","target":["https:\/\/tiketi.com\/cheap-bus-tickets-from-dar-es-salaam-to-kampala\/"]}]},{"@type":"ImageObject","inLanguage":"fr-FR","@id":"https:\/\/tiketi.com\/cheap-bus-tickets-from-dar-es-salaam-to-kampala\/#primaryimage","url":"https:\/\/tiketi.com\/wp-content\/uploads\/2022\/01\/bus-ticket-online-booking.jpg","contentUrl":"https:\/\/tiketi.com\/wp-content\/uploads\/2022\/01\/bus-ticket-online-booking.jpg","width":1200,"height":206,"caption":"Online Bus Ticket Booking"},{"@type":"BreadcrumbList","@id":"https:\/\/tiketi.com\/cheap-bus-tickets-from-dar-es-salaam-to-kampala\/#breadcrumb","itemListElement":[{"@type":"ListItem","position":1,"name":"Home","item":"https:\/\/tiketi.com\/"},{"@type":"ListItem","position":2,"name":"Bus from Dar es Salaam to Kampala Bus Tickets, Route,\u00a0Schedule &#038; Fare"}]},{"@type":"WebSite","@id":"https:\/\/tiketi.com\/#website","url":"https:\/\/tiketi.com\/","name":"Billets d&#039;avion et de bus, forfaits touristiques et activit\u00e9s - Tiketi.com","description":"Billets d&#039;avion et de bus, Tours, Activit\u00e9s","publisher":{"@id":"https:\/\/tiketi.com\/#organization"},"potentialAction":[{"@type":"SearchAction","target":{"@type":"EntryPoint","urlTemplate":"https:\/\/tiketi.com\/?s={search_term_string}"},"query-input":{"@type":"PropertyValueSpecification","valueRequired":true,"valueName":"search_term_string"}}],"inLanguage":"fr-FR"},{"@type":"Organization","@id":"https:\/\/tiketi.com\/#organization","name":"Tiketi.com","alternateName":"Tiketi","url":"https:\/\/tiketi.com\/","logo":{"@type":"ImageObject","inLanguage":"fr-FR","@id":"https:\/\/tiketi.com\/#\/schema\/logo\/image\/","url":"https:\/\/tiketi.com\/wp-content\/uploads\/2019\/05\/tiketi-logo-696.png","contentUrl":"https:\/\/tiketi.com\/wp-content\/uploads\/2019\/05\/tiketi-logo-696.png","width":696,"height":696,"caption":"Tiketi.com"},"image":{"@id":"https:\/\/tiketi.com\/#\/schema\/logo\/image\/"},"sameAs":["https:\/\/www.facebook.com\/TiketiCom\/"]}]}},"_links":{"self":[{"href":"https:\/\/tiketi.com\/fr-fr\/wp-json\/wp\/v2\/pages\/11672","targetHints":{"allow":["GET"]}}],"collection":[{"href":"https:\/\/tiketi.com\/fr-fr\/wp-json\/wp\/v2\/pages"}],"about":[{"href":"https:\/\/tiketi.com\/fr-fr\/wp-json\/wp\/v2\/types\/page"}],"author":[{"embeddable":true,"href":"https:\/\/tiketi.com\/fr-fr\/wp-json\/wp\/v2\/users\/1"}],"replies":[{"embeddable":true,"href":"https:\/\/tiketi.com\/fr-fr\/wp-json\/wp\/v2\/comments?post=11672"}],"version-history":[{"count":0,"href":"https:\/\/tiketi.com\/fr-fr\/wp-json\/wp\/v2\/pages\/11672\/revisions"}],"wp:featuredmedia":[{"embeddable":true,"href":"https:\/\/tiketi.com\/fr-fr\/wp-json\/wp\/v2\/media\/13999"}],"wp:attachment":[{"href":"https:\/\/tiketi.com\/fr-fr\/wp-json\/wp\/v2\/media?parent=11672"}],"curies":[{"name":"wp","href":"https:\/\/api.w.org\/{rel}","templated":true}]}}