{"id":11673,"date":"2022-01-19T12:55:03","date_gmt":"2022-01-19T11:55:03","guid":{"rendered":"https:\/\/new.tiketi.com\/bus-from-accra-to-kumasi-bus-tickets-booking-fare-route-schedule\/"},"modified":"2022-01-29T19:31:10","modified_gmt":"2022-01-29T18:31:10","slug":"bus-tickets-from-kumasi-to-accra","status":"publish","type":"page","link":"https:\/\/tiketi.com\/fr-fr\/bus-tickets-from-kumasi-to-accra\/","title":{"rendered":"Bus de Kumasi \u00e0 Accra, r\u00e9servation de billets de bus, tarifs, itin\u00e9raire et horaires"},"content":{"rendered":"<h2>Billets de bus pas chers de Kumasi \u00e0 Accra R\u00e9servation en ligne<\/h2>\n<h3>D\u00e9couvrez votre itin\u00e9raire de voyage sur le Web, votre mobile ou votre application et r\u00e9servez d\u00e8s maintenant en ligne un billet de bus pas cher de Kumasi \u00e0 Accra.<\/h3>\n<p>R\u00e9servez des billets de bus pas chers de Kumasi \u00e0 Accra en ligne et voyagez de Kumasi \u00e0 Accra par la route. Kumasi est la capitale de la r\u00e9gion Ashanti, un centre historique et vital du Ghana. La tradition est tr\u00e8s pr\u00e9sente \u00e0 Kumasi et se marie extr\u00eamement bien avec la modernit\u00e9. Il existe un large \u00e9ventail d\u2019attractions \u00e0 Kumasi. Le palais Manhyia, si\u00e8ge du roi d&#039;Ashanti et des membres de la famille royale, est situ\u00e9 dans la partie nord de la ville. Voici le guide pour prendre des billets de bus de Kumasi \u00e0 Accra :<\/p>\n<p>Des collines verdoyantes et un grand march\u00e9 central aussi anim\u00e9 que n&#039;importe quel d\u00e9cor de la r\u00e9gion entourent Kumasi. La grande attraction de la ville est le Centre Culturel National, situ\u00e9 \u00e0 quelques minutes \u00e0 pied du march\u00e9. Le complexe comprend un \u00e9tonnant mus\u00e9e de l&#039;histoire Ashanti, une c\u00e9l\u00e8bre biblioth\u00e8que, une remarquable boutique d&#039;artisanat et une salle d&#039;exposition.<\/p>\n<h2>Bus de Kumasi \u00e0 Accra, billets de bus, itin\u00e9raires, horaires et tarifs - FAQ<\/h2>\n<h3>Quel est le moyen le moins cher pour se rendre de Kumasi \u00e0 Accra ?<\/h3>\n<p>Le moyen abordable d\u2019aller de Kumasi \u00e0 Accra en bus. Kumasi \u00e0 Accra bus tarif $8 et dure 4h 29m.<\/p>\n<h3>Existe-t-il un bus sans escale de Kumasi \u00e0 Accra ?<\/h3>\n<p>Oui, il y a un bus sans arr\u00eat, qui part de Accra et arrive \u00e0 Kumasi. Les services de bus de Kumasi \u00e0 Accra partent toutes les 2 heures, et op\u00e8rent chaque jour. Le trajet dure environ 4h 30min.<\/p>\n<h3>Quelle est la distance entre Kumasi et Accra en bus ?<\/h3>\n<p>La distance \u00e0 parcourir entre Accra et Kumasi est de 202 km. La distance routi\u00e8re entre Kumasi et Accra est de 250,2 km.<\/p>\n<h3>Comment voyager de Kumasi \u00e0 Accra sans v\u00e9hicule personnel ?<\/h3>\n<p>Le meilleur moyen pour se rendre de Kumasi \u00e0 Accra sans v\u00e9hicule est de bus, ce qui dure 4h 30m et co\u00fbte $8.<\/p>\n<h3>O\u00f9 prendre le bus depuis Kumasi pour Accra ?<\/h3>\n<p>Les services de bus de Kumasi \u00e0 Accra, g\u00e9r\u00e9s par les autocars Intercity STC, partent de la gare d&#039;Accra.<\/p>\n<h3>Avion ou bus Kumasi jusqu&#039;\u00e0 Accra?<\/h3>\n<p>Le meilleur moyen pour aller de Kumasi \u00e0 Accra est de <a href=\"https:\/\/tiketi.com\/fr-fr\/flightst\/\" target=\"_blank\" rel=\"noopener\">voler<\/a> ce qui prend 52 minutes et co\u00fbte $30 \u2013 $90. Alternativement, vous pouvez prendre un bus de Kumasi \u00e0 Accra, les billets de bus pas chers de Kumasi \u00e0 Accra prennent 4h 30m.<\/p>\n<h2>Conseils pour les billets de bus pas chers de Kumasi \u00e0 Accra<\/h2>\n<p>\u00c0 Kumasi, la saison des pluies est g\u00e9n\u00e9ralement nuageuse et oppressante, la saison s\u00e8che est partiellement nuageuse et lourde et le temps est chaud toute l&#039;ann\u00e9e. Au cours de l&#039;ann\u00e9e, la temp\u00e9rature varie g\u00e9n\u00e9ralement de 68F \u00e0 95F et est rarement inf\u00e9rieure \u00e0 62F ou sup\u00e9rieure \u00e0 100F.<\/p>\n<p>Le meilleur moment pour visiter Kumasi est pour les activit\u00e9s par temps chaud, de mi-novembre \u00e0 fin janvier.<\/p>","protected":false},"excerpt":{"rendered":"<p>Cheap Bus Tickets from Kumasi to Accra\u00a0Online Booking Discover your travel route on web, mobile or app and book cheap bus ticket from Kumasi to Accra online now. Do cheap bus from Kumasi to Accra bus tickets online booking and travel Kumasi to Accra by road. Kumasi is the capital city of the Ashanti area, [&hellip;]<\/p>\n","protected":false},"author":1,"featured_media":13999,"parent":0,"menu_order":0,"comment_status":"open","ping_status":"closed","template":"template-home-modern.php","meta":{"footnotes":""},"class_list":["post-11673","page","type-page","status-publish","has-post-thumbnail","hentry"],"yoast_head":"<!-- This site is optimized with the Yoast SEO plugin v27.2 - https:\/\/yoast.com\/product\/yoast-seo-wordpress\/ -->\n<title>Bus from Kumasi to Accra Bus Tickets Booking, Fare, Route &amp; Schedule<\/title>\n<meta name=\"description\" content=\"Looking for bus from Kumasi to Accra bus tickets booking app, routes, schedules &amp; fares? Book cheap bus tickets from Kumasi to Accra now\" \/>\n<meta name=\"robots\" content=\"index, follow, max-snippet:-1, max-image-preview:large, max-video-preview:-1\" \/>\n<link rel=\"canonical\" href=\"https:\/\/tiketi.com\/fr-fr\/bus-tickets-from-kumasi-to-accra\/\" \/>\n<meta property=\"og:locale\" content=\"fr_FR\" \/>\n<meta property=\"og:type\" content=\"article\" \/>\n<meta property=\"og:title\" content=\"Bus from Kumasi to Accra Bus Tickets Booking, Fare, Route &amp; Schedule\" \/>\n<meta property=\"og:description\" content=\"Looking for bus from Kumasi to Accra bus tickets booking app, routes, schedules &amp; fares? Book cheap bus tickets from Kumasi to Accra now\" \/>\n<meta property=\"og:url\" content=\"https:\/\/tiketi.com\/fr-fr\/bus-tickets-from-kumasi-to-accra\/\" \/>\n<meta property=\"og:site_name\" content=\"Tiketi.com\" \/>\n<meta property=\"article:publisher\" content=\"https:\/\/www.facebook.com\/TiketiCom\/\" \/>\n<meta property=\"article:modified_time\" content=\"2022-01-29T18:31:10+00:00\" \/>\n<meta property=\"og:image\" content=\"https:\/\/tiketi.com\/wp-content\/uploads\/2022\/01\/bus-ticket-online-booking.jpg\" \/>\n\t<meta property=\"og:image:width\" content=\"1200\" \/>\n\t<meta property=\"og:image:height\" content=\"206\" \/>\n\t<meta property=\"og:image:type\" content=\"image\/jpeg\" \/>\n<meta name=\"twitter:card\" content=\"summary_large_image\" \/>\n<meta name=\"twitter:label1\" content=\"Dur\u00e9e de lecture estim\u00e9e\" \/>\n\t<meta name=\"twitter:data1\" content=\"3 minutes\" \/>\n<script type=\"application\/ld+json\" class=\"yoast-schema-graph\">{\"@context\":\"https:\/\/schema.org\",\"@graph\":[{\"@type\":\"WebPage\",\"@id\":\"https:\/\/tiketi.com\/fr-fr\/bus-tickets-from-kumasi-to-accra\/\",\"url\":\"https:\/\/tiketi.com\/fr-fr\/bus-tickets-from-kumasi-to-accra\/\",\"name\":\"Bus from Kumasi to Accra Bus Tickets Booking, Fare, Route & Schedule\",\"isPartOf\":{\"@id\":\"https:\/\/tiketi.com\/#website\"},\"primaryImageOfPage\":{\"@id\":\"https:\/\/tiketi.com\/fr-fr\/bus-tickets-from-kumasi-to-accra\/#primaryimage\"},\"image\":{\"@id\":\"https:\/\/tiketi.com\/fr-fr\/bus-tickets-from-kumasi-to-accra\/#primaryimage\"},\"thumbnailUrl\":\"https:\/\/tiketi.com\/wp-content\/uploads\/2022\/01\/bus-ticket-online-booking.jpg\",\"datePublished\":\"2022-01-19T11:55:03+00:00\",\"dateModified\":\"2022-01-29T18:31:10+00:00\",\"description\":\"Looking for bus from Kumasi to Accra bus tickets booking app, routes, schedules & fares? Book cheap bus tickets from Kumasi to Accra now\",\"breadcrumb\":{\"@id\":\"https:\/\/tiketi.com\/fr-fr\/bus-tickets-from-kumasi-to-accra\/#breadcrumb\"},\"inLanguage\":\"fr-FR\",\"potentialAction\":[{\"@type\":\"ReadAction\",\"target\":[\"https:\/\/tiketi.com\/fr-fr\/bus-tickets-from-kumasi-to-accra\/\"]}]},{\"@type\":\"ImageObject\",\"inLanguage\":\"fr-FR\",\"@id\":\"https:\/\/tiketi.com\/fr-fr\/bus-tickets-from-kumasi-to-accra\/#primaryimage\",\"url\":\"https:\/\/tiketi.com\/wp-content\/uploads\/2022\/01\/bus-ticket-online-booking.jpg\",\"contentUrl\":\"https:\/\/tiketi.com\/wp-content\/uploads\/2022\/01\/bus-ticket-online-booking.jpg\",\"width\":1200,\"height\":206,\"caption\":\"Online Bus Ticket Booking\"},{\"@type\":\"BreadcrumbList\",\"@id\":\"https:\/\/tiketi.com\/fr-fr\/bus-tickets-from-kumasi-to-accra\/#breadcrumb\",\"itemListElement\":[{\"@type\":\"ListItem\",\"position\":1,\"name\":\"Home\",\"item\":\"https:\/\/tiketi.com\/\"},{\"@type\":\"ListItem\",\"position\":2,\"name\":\"Bus from Kumasi to Accra, Bus Tickets Booking, Fare, Route &#038; Schedule\"}]},{\"@type\":\"WebSite\",\"@id\":\"https:\/\/tiketi.com\/#website\",\"url\":\"https:\/\/tiketi.com\/\",\"name\":\"Flight & Bus Tickets, Tour Packages & Activitites - Tiketi.com\",\"description\":\"Flight &amp; Bus Tickets, Tours, Activitites\",\"publisher\":{\"@id\":\"https:\/\/tiketi.com\/#organization\"},\"potentialAction\":[{\"@type\":\"SearchAction\",\"target\":{\"@type\":\"EntryPoint\",\"urlTemplate\":\"https:\/\/tiketi.com\/?s={search_term_string}\"},\"query-input\":{\"@type\":\"PropertyValueSpecification\",\"valueRequired\":true,\"valueName\":\"search_term_string\"}}],\"inLanguage\":\"fr-FR\"},{\"@type\":\"Organization\",\"@id\":\"https:\/\/tiketi.com\/#organization\",\"name\":\"Tiketi.com\",\"alternateName\":\"Tiketi\",\"url\":\"https:\/\/tiketi.com\/\",\"logo\":{\"@type\":\"ImageObject\",\"inLanguage\":\"fr-FR\",\"@id\":\"https:\/\/tiketi.com\/#\/schema\/logo\/image\/\",\"url\":\"https:\/\/tiketi.com\/wp-content\/uploads\/2019\/05\/tiketi-logo-696.png\",\"contentUrl\":\"https:\/\/tiketi.com\/wp-content\/uploads\/2019\/05\/tiketi-logo-696.png\",\"width\":696,\"height\":696,\"caption\":\"Tiketi.com\"},\"image\":{\"@id\":\"https:\/\/tiketi.com\/#\/schema\/logo\/image\/\"},\"sameAs\":[\"https:\/\/www.facebook.com\/TiketiCom\/\"]}]}<\/script>\n<!-- \/ Yoast SEO plugin. -->","yoast_head_json":{"title":"Bus de Kumasi \u00e0 Accra R\u00e9servation de billets de bus, tarifs, itin\u00e9raire et horaires","description":"Vous recherchez des applications de r\u00e9servation de billets de bus, des itin\u00e9raires, des horaires et des tarifs de Kumasi \u00e0 Accra ? R\u00e9servez maintenant vos billets de bus pas chers de Kumasi \u00e0 Accra","robots":{"index":"index","follow":"follow","max-snippet":"max-snippet:-1","max-image-preview":"max-image-preview:large","max-video-preview":"max-video-preview:-1"},"canonical":"https:\/\/tiketi.com\/fr-fr\/bus-tickets-from-kumasi-to-accra\/","og_locale":"fr_FR","og_type":"article","og_title":"Bus from Kumasi to Accra Bus Tickets Booking, Fare, Route & Schedule","og_description":"Looking for bus from Kumasi to Accra bus tickets booking app, routes, schedules & fares? Book cheap bus tickets from Kumasi to Accra now","og_url":"https:\/\/tiketi.com\/fr-fr\/bus-tickets-from-kumasi-to-accra\/","og_site_name":"Tiketi.com","article_publisher":"https:\/\/www.facebook.com\/TiketiCom\/","article_modified_time":"2022-01-29T18:31:10+00:00","og_image":[{"width":1200,"height":206,"url":"https:\/\/tiketi.com\/wp-content\/uploads\/2022\/01\/bus-ticket-online-booking.jpg","type":"image\/jpeg"}],"twitter_card":"summary_large_image","twitter_misc":{"Dur\u00e9e de lecture estim\u00e9e":"3 minutes"},"schema":{"@context":"https:\/\/schema.org","@graph":[{"@type":"WebPage","@id":"https:\/\/tiketi.com\/fr-fr\/bus-tickets-from-kumasi-to-accra\/","url":"https:\/\/tiketi.com\/fr-fr\/bus-tickets-from-kumasi-to-accra\/","name":"Bus de Kumasi \u00e0 Accra R\u00e9servation de billets de bus, tarifs, itin\u00e9raire et horaires","isPartOf":{"@id":"https:\/\/tiketi.com\/#website"},"primaryImageOfPage":{"@id":"https:\/\/tiketi.com\/fr-fr\/bus-tickets-from-kumasi-to-accra\/#primaryimage"},"image":{"@id":"https:\/\/tiketi.com\/fr-fr\/bus-tickets-from-kumasi-to-accra\/#primaryimage"},"thumbnailUrl":"https:\/\/tiketi.com\/wp-content\/uploads\/2022\/01\/bus-ticket-online-booking.jpg","datePublished":"2022-01-19T11:55:03+00:00","dateModified":"2022-01-29T18:31:10+00:00","description":"Vous recherchez des applications de r\u00e9servation de billets de bus, des itin\u00e9raires, des horaires et des tarifs de Kumasi \u00e0 Accra ? R\u00e9servez maintenant vos billets de bus pas chers de Kumasi \u00e0 Accra","breadcrumb":{"@id":"https:\/\/tiketi.com\/fr-fr\/bus-tickets-from-kumasi-to-accra\/#breadcrumb"},"inLanguage":"fr-FR","potentialAction":[{"@type":"ReadAction","target":["https:\/\/tiketi.com\/fr-fr\/bus-tickets-from-kumasi-to-accra\/"]}]},{"@type":"ImageObject","inLanguage":"fr-FR","@id":"https:\/\/tiketi.com\/fr-fr\/bus-tickets-from-kumasi-to-accra\/#primaryimage","url":"https:\/\/tiketi.com\/wp-content\/uploads\/2022\/01\/bus-ticket-online-booking.jpg","contentUrl":"https:\/\/tiketi.com\/wp-content\/uploads\/2022\/01\/bus-ticket-online-booking.jpg","width":1200,"height":206,"caption":"Online Bus Ticket Booking"},{"@type":"BreadcrumbList","@id":"https:\/\/tiketi.com\/fr-fr\/bus-tickets-from-kumasi-to-accra\/#breadcrumb","itemListElement":[{"@type":"ListItem","position":1,"name":"Home","item":"https:\/\/tiketi.com\/"},{"@type":"ListItem","position":2,"name":"Bus from Kumasi to Accra, Bus Tickets Booking, Fare, Route &#038; Schedule"}]},{"@type":"WebSite","@id":"https:\/\/tiketi.com\/#website","url":"https:\/\/tiketi.com\/","name":"Billets d&#039;avion et de bus, forfaits touristiques et activit\u00e9s - Tiketi.com","description":"Billets d&#039;avion et de bus, Tours, Activit\u00e9s","publisher":{"@id":"https:\/\/tiketi.com\/#organization"},"potentialAction":[{"@type":"SearchAction","target":{"@type":"EntryPoint","urlTemplate":"https:\/\/tiketi.com\/?s={search_term_string}"},"query-input":{"@type":"PropertyValueSpecification","valueRequired":true,"valueName":"search_term_string"}}],"inLanguage":"fr-FR"},{"@type":"Organization","@id":"https:\/\/tiketi.com\/#organization","name":"Tiketi.com","alternateName":"Tiketi","url":"https:\/\/tiketi.com\/","logo":{"@type":"ImageObject","inLanguage":"fr-FR","@id":"https:\/\/tiketi.com\/#\/schema\/logo\/image\/","url":"https:\/\/tiketi.com\/wp-content\/uploads\/2019\/05\/tiketi-logo-696.png","contentUrl":"https:\/\/tiketi.com\/wp-content\/uploads\/2019\/05\/tiketi-logo-696.png","width":696,"height":696,"caption":"Tiketi.com"},"image":{"@id":"https:\/\/tiketi.com\/#\/schema\/logo\/image\/"},"sameAs":["https:\/\/www.facebook.com\/TiketiCom\/"]}]}},"_links":{"self":[{"href":"https:\/\/tiketi.com\/fr-fr\/wp-json\/wp\/v2\/pages\/11673","targetHints":{"allow":["GET"]}}],"collection":[{"href":"https:\/\/tiketi.com\/fr-fr\/wp-json\/wp\/v2\/pages"}],"about":[{"href":"https:\/\/tiketi.com\/fr-fr\/wp-json\/wp\/v2\/types\/page"}],"author":[{"embeddable":true,"href":"https:\/\/tiketi.com\/fr-fr\/wp-json\/wp\/v2\/users\/1"}],"replies":[{"embeddable":true,"href":"https:\/\/tiketi.com\/fr-fr\/wp-json\/wp\/v2\/comments?post=11673"}],"version-history":[{"count":0,"href":"https:\/\/tiketi.com\/fr-fr\/wp-json\/wp\/v2\/pages\/11673\/revisions"}],"wp:featuredmedia":[{"embeddable":true,"href":"https:\/\/tiketi.com\/fr-fr\/wp-json\/wp\/v2\/media\/13999"}],"wp:attachment":[{"href":"https:\/\/tiketi.com\/fr-fr\/wp-json\/wp\/v2\/media?parent=11673"}],"curies":[{"name":"wp","href":"https:\/\/api.w.org\/{rel}","templated":true}]}}