{"id":11674,"date":"2022-01-19T12:55:03","date_gmt":"2022-01-19T11:55:03","guid":{"rendered":"https:\/\/new.tiketi.com\/bus-from-kampala-to-dar-es-salaam-bus-tickets-route-schedule-fare\/"},"modified":"2022-08-24T17:42:27","modified_gmt":"2022-08-24T16:42:27","slug":"cheap-bus-tickets-from-kampala-to-dar-es-salaam","status":"publish","type":"page","link":"https:\/\/tiketi.com\/fr-fr\/cheap-bus-tickets-from-kampala-to-dar-es-salaam\/","title":{"rendered":"Bus de Kampala \u00e0 Dar es Salaam Billets de bus, itin\u00e9raire, horaires et tarifs"},"content":{"rendered":"<h2>Billets de bus pas chers de Kampala \u00e0 Dar es Salaam R\u00e9servation en ligne<\/h2>\n<h3>D\u00e9couvrez votre itin\u00e9raire sur le web, le mobile ou l&#039;application et r\u00e9servez en ligne maintenant un billet de bus pas cher de Kampala \u00e0 Dar es Salam.<\/h3>\n<p>R\u00e9servez en ligne des billets de bus pas chers de Kampala \u00e0 Dar es Salam et voyagez de Kampala \u00e0 Dar es Salam par la route. Dar es Salaam est l&#039;ancienne capitale de la Tanzanie et se situe sur la c\u00f4te est du pays sur l&#039;oc\u00e9an Indien. Anciennement appel\u00e9e Mzizima, est la plus grande ville de Tanzanie en termes de population et le centre \u00e9conomique le plus vital du pays. Vous pouvez visiter Dar es Salam en r\u00e9servant en ligne d\u00e8s maintenant des billets de bus pas chers de Kampala \u00e0 Dar es Salam et \u00e9conomiser du temps et de l&#039;argent.<\/p>\n<h2>Bus de Kampala \u00e0 Dar es Salaam Billets de bus, itin\u00e9raires, horaires et tarifs FAQ<\/h2>\n<h3>Quel est le moyen abordable pour se rendre de Kampala \u00e0 Dar es Salam ?<\/h3>\n<p>Le moyen abordable de se rendre de Kampala \u00e0 Dar es Salaam en bus. Kampala \u00e0 Dar es Salaam bus tarif $45 \u2013 $80 et prend 29h.<\/p>\n<h3>Y a-t-il un bus direct entre Kampala et Dar es Salam ?<\/h3>\n<p>Non, il n&#039;y a pas de billets de bus pas chers directs de Kampala \u00e0 Dar es Salam via Mutukula. Quoi qu&#039;il en soit, il y a des services au d\u00e9part de Kampala et arrivant \u00e0 Jangwani par Urafiki et Nairobi. Le trajet, y compris les transferts, dure environ 28h 35m.<\/p>\n<h3>Quelle est la distance entre Kampala et Dar es Salam en bus ?<\/h3>\n<p>La distance parcourue en bus de Dar es Salam \u00e0 Kampala est de 1087 km.<\/p>\n<h3>O\u00f9 prendre le bus depuis Kampala pour Dar es Salam ?<\/h3>\n<p>Service de bus de Dar es Salaam \u00e0 Kampala, op\u00e9r\u00e9 par Mash.<\/p>\n<h3>Avion ou bus Kampala jusqu&#039;\u00e0 Dar es Salaam ?<\/h3>\n<p>Le meilleur moyen de se rendre de Kampala \u00e0 Dar es Salaam est de <a href=\"https:\/\/tiketi.com\/fr-fr\/flightst\/\" target=\"_blank\" rel=\"noopener\">voler<\/a> qui dure 3h 50m et co\u00fbte $140 \u2013 $600. Alternativement, vous pouvez prendre le bus, les tarifs de bus de Kampala \u00e0 Dar es Salaam $45 \u2013 $80 et prend 29h.<\/p>\n<h2>Billets de bus de Kampala \u00e0 Dar es Salaam<\/h2>\n<p>Voici quelques-uns des meilleurs <a href=\"https:\/\/tiketi.com\/fr-fr\/vacations\/dar-es-salaam-tour-packages\/\" target=\"_blank\" rel=\"noopener\">attractions \u00e0 Dar es Salam<\/a>:<\/p>\n<h3>Le Mus\u00e9e National et Maison de la Culture<\/h3>\n<p>Ce mus\u00e9e a \u00e9t\u00e9 ouvert en 1940 en tant que m\u00e9morial du roi George V. Le mus\u00e9e emm\u00e8ne les visiteurs dans un voyage dans le pass\u00e9 pour les familiariser avec l&#039;histoire de la Tanzanie, o\u00f9 le mus\u00e9e montre des fouilles vitales de certains des premiers anc\u00eatres humains d\u00e9couverts lors des fouilles.<\/p>\n<h3>Cath\u00e9drale Saint-Joseph<\/h3>\n<p>Cette c\u00e9l\u00e8bre cath\u00e9drale construite par les Allemands entre 1897 et 1902. L&#039;\u00e9glise catholique romaine est l&#039;un des monuments les plus vitaux de Dar es Salaam surplombant le front de mer. Sa conception se caract\u00e9rise par ses vitraux, son toit vo\u00fbt\u00e9 et ses magnifiques fen\u00eatres cath\u00e9drales.<\/p>","protected":false},"excerpt":{"rendered":"<p>Cheap Bus Tickets from\u00a0Kampala to Dar es Salaam Online Booking Discover your travel route on web, mobile or app and book cheap bus ticket from Kampala to Dar es Salaam online now. Book cheap bus from Kampala to Dar es Salaam bus tickets online and travel Kampala to Dar es Salaam by road. Dar es [&hellip;]<\/p>\n","protected":false},"author":1,"featured_media":13999,"parent":0,"menu_order":0,"comment_status":"open","ping_status":"closed","template":"template-home-modern.php","meta":{"footnotes":""},"class_list":["post-11674","page","type-page","status-publish","has-post-thumbnail","hentry"],"yoast_head":"<!-- This site is optimized with the Yoast SEO plugin v27.2 - https:\/\/yoast.com\/product\/yoast-seo-wordpress\/ -->\n<title>Bus from Kampala to Dar es Salaam Bus Tickets, Route, Schedule &amp; Fare<\/title>\n<meta name=\"description\" content=\"Looking for bus from\u00a0Kampala to Dar es Salaam bus ticket booking app, route, schedule &amp; fare? Book cheap bus tickets from Kampala to Dar es Salaam online\" \/>\n<meta name=\"robots\" content=\"index, follow, max-snippet:-1, max-image-preview:large, max-video-preview:-1\" \/>\n<link rel=\"canonical\" href=\"https:\/\/tiketi.com\/fr-fr\/cheap-bus-tickets-from-kampala-to-dar-es-salaam\/\" \/>\n<meta property=\"og:locale\" content=\"fr_FR\" \/>\n<meta property=\"og:type\" content=\"article\" \/>\n<meta property=\"og:title\" content=\"Bus from Kampala to Dar es Salaam Bus Tickets, Route, Schedule &amp; Fare\" \/>\n<meta property=\"og:description\" content=\"Looking for bus from\u00a0Kampala to Dar es Salaam bus ticket booking app, route, schedule &amp; fare? Book cheap bus tickets from Kampala to Dar es Salaam online\" \/>\n<meta property=\"og:url\" content=\"https:\/\/tiketi.com\/fr-fr\/cheap-bus-tickets-from-kampala-to-dar-es-salaam\/\" \/>\n<meta property=\"og:site_name\" content=\"Tiketi.com\" \/>\n<meta property=\"article:publisher\" content=\"https:\/\/www.facebook.com\/TiketiCom\/\" \/>\n<meta property=\"article:modified_time\" content=\"2022-08-24T16:42:27+00:00\" \/>\n<meta property=\"og:image\" content=\"https:\/\/tiketi.com\/wp-content\/uploads\/2022\/01\/bus-ticket-online-booking.jpg\" \/>\n\t<meta property=\"og:image:width\" content=\"1200\" \/>\n\t<meta property=\"og:image:height\" content=\"206\" \/>\n\t<meta property=\"og:image:type\" content=\"image\/jpeg\" \/>\n<meta name=\"twitter:card\" content=\"summary_large_image\" \/>\n<meta name=\"twitter:label1\" content=\"Dur\u00e9e de lecture estim\u00e9e\" \/>\n\t<meta name=\"twitter:data1\" content=\"2 minutes\" \/>\n<script type=\"application\/ld+json\" class=\"yoast-schema-graph\">{\"@context\":\"https:\/\/schema.org\",\"@graph\":[{\"@type\":\"WebPage\",\"@id\":\"https:\/\/tiketi.com\/cheap-bus-tickets-from-kampala-to-dar-es-salaam\/\",\"url\":\"https:\/\/tiketi.com\/cheap-bus-tickets-from-kampala-to-dar-es-salaam\/\",\"name\":\"Bus from Kampala to Dar es Salaam Bus Tickets, Route, Schedule & Fare\",\"isPartOf\":{\"@id\":\"https:\/\/tiketi.com\/#website\"},\"primaryImageOfPage\":{\"@id\":\"https:\/\/tiketi.com\/cheap-bus-tickets-from-kampala-to-dar-es-salaam\/#primaryimage\"},\"image\":{\"@id\":\"https:\/\/tiketi.com\/cheap-bus-tickets-from-kampala-to-dar-es-salaam\/#primaryimage\"},\"thumbnailUrl\":\"https:\/\/tiketi.com\/wp-content\/uploads\/2022\/01\/bus-ticket-online-booking.jpg\",\"datePublished\":\"2022-01-19T11:55:03+00:00\",\"dateModified\":\"2022-08-24T16:42:27+00:00\",\"description\":\"Looking for bus from\u00a0Kampala to Dar es Salaam bus ticket booking app, route, schedule & fare? Book cheap bus tickets from Kampala to Dar es Salaam online\",\"breadcrumb\":{\"@id\":\"https:\/\/tiketi.com\/cheap-bus-tickets-from-kampala-to-dar-es-salaam\/#breadcrumb\"},\"inLanguage\":\"fr-FR\",\"potentialAction\":[{\"@type\":\"ReadAction\",\"target\":[\"https:\/\/tiketi.com\/cheap-bus-tickets-from-kampala-to-dar-es-salaam\/\"]}]},{\"@type\":\"ImageObject\",\"inLanguage\":\"fr-FR\",\"@id\":\"https:\/\/tiketi.com\/cheap-bus-tickets-from-kampala-to-dar-es-salaam\/#primaryimage\",\"url\":\"https:\/\/tiketi.com\/wp-content\/uploads\/2022\/01\/bus-ticket-online-booking.jpg\",\"contentUrl\":\"https:\/\/tiketi.com\/wp-content\/uploads\/2022\/01\/bus-ticket-online-booking.jpg\",\"width\":1200,\"height\":206,\"caption\":\"Online Bus Ticket Booking\"},{\"@type\":\"BreadcrumbList\",\"@id\":\"https:\/\/tiketi.com\/cheap-bus-tickets-from-kampala-to-dar-es-salaam\/#breadcrumb\",\"itemListElement\":[{\"@type\":\"ListItem\",\"position\":1,\"name\":\"Home\",\"item\":\"https:\/\/tiketi.com\/\"},{\"@type\":\"ListItem\",\"position\":2,\"name\":\"Bus from Kampala to Dar es Salaam Bus Tickets, Route, Schedule &#038; Fare\"}]},{\"@type\":\"WebSite\",\"@id\":\"https:\/\/tiketi.com\/#website\",\"url\":\"https:\/\/tiketi.com\/\",\"name\":\"Flight & Bus Tickets, Tour Packages & Activitites - Tiketi.com\",\"description\":\"Flight &amp; Bus Tickets, Tours, Activitites\",\"publisher\":{\"@id\":\"https:\/\/tiketi.com\/#organization\"},\"potentialAction\":[{\"@type\":\"SearchAction\",\"target\":{\"@type\":\"EntryPoint\",\"urlTemplate\":\"https:\/\/tiketi.com\/?s={search_term_string}\"},\"query-input\":{\"@type\":\"PropertyValueSpecification\",\"valueRequired\":true,\"valueName\":\"search_term_string\"}}],\"inLanguage\":\"fr-FR\"},{\"@type\":\"Organization\",\"@id\":\"https:\/\/tiketi.com\/#organization\",\"name\":\"Tiketi.com\",\"alternateName\":\"Tiketi\",\"url\":\"https:\/\/tiketi.com\/\",\"logo\":{\"@type\":\"ImageObject\",\"inLanguage\":\"fr-FR\",\"@id\":\"https:\/\/tiketi.com\/#\/schema\/logo\/image\/\",\"url\":\"https:\/\/tiketi.com\/wp-content\/uploads\/2019\/05\/tiketi-logo-696.png\",\"contentUrl\":\"https:\/\/tiketi.com\/wp-content\/uploads\/2019\/05\/tiketi-logo-696.png\",\"width\":696,\"height\":696,\"caption\":\"Tiketi.com\"},\"image\":{\"@id\":\"https:\/\/tiketi.com\/#\/schema\/logo\/image\/\"},\"sameAs\":[\"https:\/\/www.facebook.com\/TiketiCom\/\"]}]}<\/script>\n<!-- \/ Yoast SEO plugin. -->","yoast_head_json":{"title":"Bus de Kampala \u00e0 Dar es Salaam Billets de bus, itin\u00e9raire, horaires et tarifs","description":"\u00c0 la recherche d&#039;une application de r\u00e9servation de billets de bus de Kampala \u00e0 Dar es Salaam, d&#039;un itin\u00e9raire, d&#039;un horaire et d&#039;un tarif de bus ? R\u00e9servez en ligne des billets de bus \u00e0 bas prix de Kampala \u00e0 Dar es Salam","robots":{"index":"index","follow":"follow","max-snippet":"max-snippet:-1","max-image-preview":"max-image-preview:large","max-video-preview":"max-video-preview:-1"},"canonical":"https:\/\/tiketi.com\/fr-fr\/cheap-bus-tickets-from-kampala-to-dar-es-salaam\/","og_locale":"fr_FR","og_type":"article","og_title":"Bus from Kampala to Dar es Salaam Bus Tickets, Route, Schedule & Fare","og_description":"Looking for bus from\u00a0Kampala to Dar es Salaam bus ticket booking app, route, schedule & fare? Book cheap bus tickets from Kampala to Dar es Salaam online","og_url":"https:\/\/tiketi.com\/fr-fr\/cheap-bus-tickets-from-kampala-to-dar-es-salaam\/","og_site_name":"Tiketi.com","article_publisher":"https:\/\/www.facebook.com\/TiketiCom\/","article_modified_time":"2022-08-24T16:42:27+00:00","og_image":[{"width":1200,"height":206,"url":"https:\/\/tiketi.com\/wp-content\/uploads\/2022\/01\/bus-ticket-online-booking.jpg","type":"image\/jpeg"}],"twitter_card":"summary_large_image","twitter_misc":{"Dur\u00e9e de lecture estim\u00e9e":"2 minutes"},"schema":{"@context":"https:\/\/schema.org","@graph":[{"@type":"WebPage","@id":"https:\/\/tiketi.com\/cheap-bus-tickets-from-kampala-to-dar-es-salaam\/","url":"https:\/\/tiketi.com\/cheap-bus-tickets-from-kampala-to-dar-es-salaam\/","name":"Bus de Kampala \u00e0 Dar es Salaam Billets de bus, itin\u00e9raire, horaires et tarifs","isPartOf":{"@id":"https:\/\/tiketi.com\/#website"},"primaryImageOfPage":{"@id":"https:\/\/tiketi.com\/cheap-bus-tickets-from-kampala-to-dar-es-salaam\/#primaryimage"},"image":{"@id":"https:\/\/tiketi.com\/cheap-bus-tickets-from-kampala-to-dar-es-salaam\/#primaryimage"},"thumbnailUrl":"https:\/\/tiketi.com\/wp-content\/uploads\/2022\/01\/bus-ticket-online-booking.jpg","datePublished":"2022-01-19T11:55:03+00:00","dateModified":"2022-08-24T16:42:27+00:00","description":"\u00c0 la recherche d&#039;une application de r\u00e9servation de billets de bus de Kampala \u00e0 Dar es Salaam, d&#039;un itin\u00e9raire, d&#039;un horaire et d&#039;un tarif de bus ? R\u00e9servez en ligne des billets de bus \u00e0 bas prix de Kampala \u00e0 Dar es Salam","breadcrumb":{"@id":"https:\/\/tiketi.com\/cheap-bus-tickets-from-kampala-to-dar-es-salaam\/#breadcrumb"},"inLanguage":"fr-FR","potentialAction":[{"@type":"ReadAction","target":["https:\/\/tiketi.com\/cheap-bus-tickets-from-kampala-to-dar-es-salaam\/"]}]},{"@type":"ImageObject","inLanguage":"fr-FR","@id":"https:\/\/tiketi.com\/cheap-bus-tickets-from-kampala-to-dar-es-salaam\/#primaryimage","url":"https:\/\/tiketi.com\/wp-content\/uploads\/2022\/01\/bus-ticket-online-booking.jpg","contentUrl":"https:\/\/tiketi.com\/wp-content\/uploads\/2022\/01\/bus-ticket-online-booking.jpg","width":1200,"height":206,"caption":"Online Bus Ticket Booking"},{"@type":"BreadcrumbList","@id":"https:\/\/tiketi.com\/cheap-bus-tickets-from-kampala-to-dar-es-salaam\/#breadcrumb","itemListElement":[{"@type":"ListItem","position":1,"name":"Home","item":"https:\/\/tiketi.com\/"},{"@type":"ListItem","position":2,"name":"Bus from Kampala to Dar es Salaam Bus Tickets, Route, Schedule &#038; Fare"}]},{"@type":"WebSite","@id":"https:\/\/tiketi.com\/#website","url":"https:\/\/tiketi.com\/","name":"Billets d&#039;avion et de bus, forfaits touristiques et activit\u00e9s - Tiketi.com","description":"Billets d&#039;avion et de bus, Tours, Activit\u00e9s","publisher":{"@id":"https:\/\/tiketi.com\/#organization"},"potentialAction":[{"@type":"SearchAction","target":{"@type":"EntryPoint","urlTemplate":"https:\/\/tiketi.com\/?s={search_term_string}"},"query-input":{"@type":"PropertyValueSpecification","valueRequired":true,"valueName":"search_term_string"}}],"inLanguage":"fr-FR"},{"@type":"Organization","@id":"https:\/\/tiketi.com\/#organization","name":"Tiketi.com","alternateName":"Tiketi","url":"https:\/\/tiketi.com\/","logo":{"@type":"ImageObject","inLanguage":"fr-FR","@id":"https:\/\/tiketi.com\/#\/schema\/logo\/image\/","url":"https:\/\/tiketi.com\/wp-content\/uploads\/2019\/05\/tiketi-logo-696.png","contentUrl":"https:\/\/tiketi.com\/wp-content\/uploads\/2019\/05\/tiketi-logo-696.png","width":696,"height":696,"caption":"Tiketi.com"},"image":{"@id":"https:\/\/tiketi.com\/#\/schema\/logo\/image\/"},"sameAs":["https:\/\/www.facebook.com\/TiketiCom\/"]}]}},"_links":{"self":[{"href":"https:\/\/tiketi.com\/fr-fr\/wp-json\/wp\/v2\/pages\/11674","targetHints":{"allow":["GET"]}}],"collection":[{"href":"https:\/\/tiketi.com\/fr-fr\/wp-json\/wp\/v2\/pages"}],"about":[{"href":"https:\/\/tiketi.com\/fr-fr\/wp-json\/wp\/v2\/types\/page"}],"author":[{"embeddable":true,"href":"https:\/\/tiketi.com\/fr-fr\/wp-json\/wp\/v2\/users\/1"}],"replies":[{"embeddable":true,"href":"https:\/\/tiketi.com\/fr-fr\/wp-json\/wp\/v2\/comments?post=11674"}],"version-history":[{"count":0,"href":"https:\/\/tiketi.com\/fr-fr\/wp-json\/wp\/v2\/pages\/11674\/revisions"}],"wp:featuredmedia":[{"embeddable":true,"href":"https:\/\/tiketi.com\/fr-fr\/wp-json\/wp\/v2\/media\/13999"}],"wp:attachment":[{"href":"https:\/\/tiketi.com\/fr-fr\/wp-json\/wp\/v2\/media?parent=11674"}],"curies":[{"name":"wp","href":"https:\/\/api.w.org\/{rel}","templated":true}]}}