{"id":11675,"date":"2022-01-19T12:55:03","date_gmt":"2022-01-19T11:55:03","guid":{"rendered":"https:\/\/new.tiketi.com\/bus-from-kigali-to-kampala-bus-tickets-booking-fare-route-schedule\/"},"modified":"2022-08-24T17:41:40","modified_gmt":"2022-08-24T16:41:40","slug":"cheap-bus-tickets-from-kigali-to-kampala","status":"publish","type":"page","link":"https:\/\/tiketi.com\/fr-fr\/cheap-bus-tickets-from-kigali-to-kampala\/","title":{"rendered":"Bus de Kigali \u00e0 Kampala R\u00e9servation de billets de bus, tarif, itin\u00e9raire et horaires"},"content":{"rendered":"<h2>Billets de bus pas chers de Kigali \u00e0 Kampala R\u00e9servation en ligne<\/h2>\n<h3>D\u00e9couvrez votre itin\u00e9raire sur le web, le mobile ou l&#039;application et r\u00e9servez en ligne maintenant un billet de bus pas cher de Kigali \u00e0 Kampala.<\/h3>\n<p>Il vous suffit de rechercher et de r\u00e9server les meilleures offres de bus pas chers de Kigali \u00e0 Kampala en r\u00e9servant en ligne des billets de bus. Kampala est la capitale commerciale et nationale de l&#039;Ouganda bordant le lac Victoria, le plus grand lac d&#039;Afrique. Si vous voyagez et pr\u00e9voyez de visiter Kampala, je vous conseillerais que 1 \u00e0 2 jours suffisent pour voir ses attractions. Vous pouvez visiter cette ville en r\u00e9servant en ligne d\u00e8s maintenant des billets de bus pas chers de Kigali \u00e0 Kampala et \u00e9conomiser du temps et de l&#039;argent.<\/p>\n<h2>Bus de Kigali \u00e0 Kampala R\u00e9servation de billets de bus, tarifs, itin\u00e9raires et horaires FAQ<\/h2>\n<h3>Le bus Kigali-Kampala est-il le moyen abordable de se rendre \u00e0 Kampala ?<\/h3>\n<p>Le moyen abordable de se rendre de Kigali \u00e0 Kampala en bus. Kigali \u00e0 Kampala trajet en bus $11 et dur\u00e9e 7h.<\/p>\n<h3>Y a-t-il un bus direct de Kigali \u00e0 Kampala ?<\/h3>\n<p>Oui, il y a des bus directs de Kigali \u00e0 Kampala et arrivant \u00e0 Kampala. Les services partent toutes les 4 heures, et op\u00e8rent chaque jour. Le trajet dure 7h.<\/p>\n<h3>Quelle distance y a-t-il entre Kigali et Kampala ?<\/h3>\n<p>La distance parcourue entre Kampala et Kigali est de 377 km.<\/p>\n<h4>O\u00f9 prendre le bus depuis Kigali pour Kampala ?<\/h4>\n<p>Billets de bus pas chers du service de Kigali \u00e0 Kampala, op\u00e9r\u00e9s par Jaguar bus Kigali \u00e0 Kampala.<\/p>\n<h3>Avion ou bus de Kigali \u00e0 Kampala ?<\/h3>\n<p>Le meilleur moyen de se rendre de Kigali \u00e0 Kampala est de <a href=\"https:\/\/tiketi.com\/fr-fr\/flightst\/\" target=\"_blank\" rel=\"noopener\">voler<\/a> qui prend 1h 5m et co\u00fbte $70 \u2013 $210. Sinon, vous pouvez prendre le bus, les compagnies de bus de Kampala \u00e0 Kigali co\u00fbtent $11 et dure 7h.<\/p>\n<h3>Comment puis-je me d\u00e9placer de Kigali \u00e0 Kampala sans voiture ?<\/h3>\n<p>Le meilleur moyen pour se rendre de Kigali \u00e0 Kampala sans voiture est le bus. Ce qui prend 7h et le bus de Kampala Ouganda \u00e0 kigalirwanda co\u00fbte $11.<\/p>\n<h2>Billets de bus de Kigali \u00e0 Kampala Tips<\/h2>\n<p>Voici quelques-uns des meilleurs <a href=\"https:\/\/tiketi.com\/fr-fr\/vacations\/kampala-tour-packages\/\" target=\"_blank\" rel=\"noopener\">attractions \u00e0 Kampala<\/a>:<\/p>\n<h3>Mus\u00e9e de l&#039;Ouganda<\/h3>\n<p>Le mus\u00e9e cr\u00e9\u00e9 en 1908 est le plus ancien mus\u00e9e d&#039;Afrique de l&#039;Est. Le mus\u00e9e pr\u00e9sente le patrimoine culturel ougandais o\u00f9 l&#039;on peut voir des expositions naturelles et ethno-historiques, un rappel vif du pass\u00e9 color\u00e9 du pays. Il sp\u00e9cifie \u00e9galement un ensemble d&#039;outils musicaux traditionnels, qui sont libres de jouer.<\/p>\n<h3>Galerie d&#039;art Asante<\/h3>\n<p>La sc\u00e8ne des galeries d&#039;art \u00e0 Kampala brille, tant d&#039;artistes talentueux pr\u00e9sentent des \u0153uvres d&#039;art \u00e9tonnantes et excentriques, de l&#039;artisanat, des peintures, des estampes et plus encore. Soutenez un artiste en achetant quelque chose pour votre maison ou celle qui vous est ch\u00e8re. Asante Art Gallery vise \u00e0 promouvoir et \u00e0 exposer un endroit parfait pour les amateurs d&#039;art et les artistes.<\/p>","protected":false},"excerpt":{"rendered":"<p>Cheap Bus Tickets from\u00a0Kigali to Kampala\u00a0Online Booking Discover your travel route on web, mobile or app and book cheap bus ticket from Kigali to Kampala online now. Simply search and\u00a0book the best offers on cheap bus from Kigali to Kampala bus tickets online booking.\u00a0Kampala is Uganda commercial and national capital bordering Lake Victoria, Africa biggest [&hellip;]<\/p>\n","protected":false},"author":1,"featured_media":13999,"parent":0,"menu_order":0,"comment_status":"open","ping_status":"closed","template":"template-home-modern.php","meta":{"footnotes":""},"class_list":["post-11675","page","type-page","status-publish","has-post-thumbnail","hentry"],"yoast_head":"<!-- This site is optimized with the Yoast SEO plugin v27.3 - https:\/\/yoast.com\/product\/yoast-seo-wordpress\/ -->\n<title>Bus from Kigali to Kampala Bus Tickets Booking, Fare, Route &amp; Schedule<\/title>\n<meta name=\"description\" content=\"Looking for bus tickets from Kigali to Kampala bus ticket booking app, schedule &amp; fare? Book cheap bus tickets from Kigali to Kampala online\" \/>\n<meta name=\"robots\" content=\"index, follow, max-snippet:-1, max-image-preview:large, max-video-preview:-1\" \/>\n<link rel=\"canonical\" href=\"https:\/\/tiketi.com\/fr-fr\/cheap-bus-tickets-from-kigali-to-kampala\/\" \/>\n<meta property=\"og:locale\" content=\"fr_FR\" \/>\n<meta property=\"og:type\" content=\"article\" \/>\n<meta property=\"og:title\" content=\"Bus from Kigali to Kampala Bus Tickets Booking, Fare, Route &amp; Schedule\" \/>\n<meta property=\"og:description\" content=\"Looking for bus tickets from Kigali to Kampala bus ticket booking app, schedule &amp; fare? Book cheap bus tickets from Kigali to Kampala online\" \/>\n<meta property=\"og:url\" content=\"https:\/\/tiketi.com\/fr-fr\/cheap-bus-tickets-from-kigali-to-kampala\/\" \/>\n<meta property=\"og:site_name\" content=\"Tiketi.com\" \/>\n<meta property=\"article:publisher\" content=\"https:\/\/www.facebook.com\/TiketiCom\/\" \/>\n<meta property=\"article:modified_time\" content=\"2022-08-24T16:41:40+00:00\" \/>\n<meta property=\"og:image\" content=\"https:\/\/tiketi.com\/wp-content\/uploads\/2022\/01\/bus-ticket-online-booking.jpg\" \/>\n\t<meta property=\"og:image:width\" content=\"1200\" \/>\n\t<meta property=\"og:image:height\" content=\"206\" \/>\n\t<meta property=\"og:image:type\" content=\"image\/jpeg\" \/>\n<meta name=\"twitter:card\" content=\"summary_large_image\" \/>\n<meta name=\"twitter:label1\" content=\"Dur\u00e9e de lecture estim\u00e9e\" \/>\n\t<meta name=\"twitter:data1\" content=\"2 minutes\" \/>\n<script type=\"application\/ld+json\" class=\"yoast-schema-graph\">{\"@context\":\"https:\\\/\\\/schema.org\",\"@graph\":[{\"@type\":\"WebPage\",\"@id\":\"https:\\\/\\\/tiketi.com\\\/cheap-bus-tickets-from-kigali-to-kampala\\\/\",\"url\":\"https:\\\/\\\/tiketi.com\\\/cheap-bus-tickets-from-kigali-to-kampala\\\/\",\"name\":\"Bus from Kigali to Kampala Bus Tickets Booking, Fare, Route & Schedule\",\"isPartOf\":{\"@id\":\"https:\\\/\\\/tiketi.com\\\/#website\"},\"primaryImageOfPage\":{\"@id\":\"https:\\\/\\\/tiketi.com\\\/cheap-bus-tickets-from-kigali-to-kampala\\\/#primaryimage\"},\"image\":{\"@id\":\"https:\\\/\\\/tiketi.com\\\/cheap-bus-tickets-from-kigali-to-kampala\\\/#primaryimage\"},\"thumbnailUrl\":\"https:\\\/\\\/tiketi.com\\\/wp-content\\\/uploads\\\/2022\\\/01\\\/bus-ticket-online-booking.jpg\",\"datePublished\":\"2022-01-19T11:55:03+00:00\",\"dateModified\":\"2022-08-24T16:41:40+00:00\",\"description\":\"Looking for bus tickets from Kigali to Kampala bus ticket booking app, schedule & fare? Book cheap bus tickets from Kigali to Kampala online\",\"breadcrumb\":{\"@id\":\"https:\\\/\\\/tiketi.com\\\/cheap-bus-tickets-from-kigali-to-kampala\\\/#breadcrumb\"},\"inLanguage\":\"fr-FR\",\"potentialAction\":[{\"@type\":\"ReadAction\",\"target\":[\"https:\\\/\\\/tiketi.com\\\/cheap-bus-tickets-from-kigali-to-kampala\\\/\"]}]},{\"@type\":\"ImageObject\",\"inLanguage\":\"fr-FR\",\"@id\":\"https:\\\/\\\/tiketi.com\\\/cheap-bus-tickets-from-kigali-to-kampala\\\/#primaryimage\",\"url\":\"https:\\\/\\\/tiketi.com\\\/wp-content\\\/uploads\\\/2022\\\/01\\\/bus-ticket-online-booking.jpg\",\"contentUrl\":\"https:\\\/\\\/tiketi.com\\\/wp-content\\\/uploads\\\/2022\\\/01\\\/bus-ticket-online-booking.jpg\",\"width\":1200,\"height\":206,\"caption\":\"Online Bus Ticket Booking\"},{\"@type\":\"BreadcrumbList\",\"@id\":\"https:\\\/\\\/tiketi.com\\\/cheap-bus-tickets-from-kigali-to-kampala\\\/#breadcrumb\",\"itemListElement\":[{\"@type\":\"ListItem\",\"position\":1,\"name\":\"Home\",\"item\":\"https:\\\/\\\/tiketi.com\\\/\"},{\"@type\":\"ListItem\",\"position\":2,\"name\":\"Bus from Kigali to Kampala Bus Tickets Booking, Fare, Route &#038; Schedule\"}]},{\"@type\":\"WebSite\",\"@id\":\"https:\\\/\\\/tiketi.com\\\/#website\",\"url\":\"https:\\\/\\\/tiketi.com\\\/\",\"name\":\"Flight & Bus Tickets, Tour Packages & Activitites - Tiketi.com\",\"description\":\"Flight &amp; Bus Tickets, Tours, Activitites\",\"publisher\":{\"@id\":\"https:\\\/\\\/tiketi.com\\\/#organization\"},\"potentialAction\":[{\"@type\":\"SearchAction\",\"target\":{\"@type\":\"EntryPoint\",\"urlTemplate\":\"https:\\\/\\\/tiketi.com\\\/?s={search_term_string}\"},\"query-input\":{\"@type\":\"PropertyValueSpecification\",\"valueRequired\":true,\"valueName\":\"search_term_string\"}}],\"inLanguage\":\"fr-FR\"},{\"@type\":\"Organization\",\"@id\":\"https:\\\/\\\/tiketi.com\\\/#organization\",\"name\":\"Tiketi.com\",\"alternateName\":\"Tiketi\",\"url\":\"https:\\\/\\\/tiketi.com\\\/\",\"logo\":{\"@type\":\"ImageObject\",\"inLanguage\":\"fr-FR\",\"@id\":\"https:\\\/\\\/tiketi.com\\\/#\\\/schema\\\/logo\\\/image\\\/\",\"url\":\"https:\\\/\\\/tiketi.com\\\/wp-content\\\/uploads\\\/2019\\\/05\\\/tiketi-logo-696.png\",\"contentUrl\":\"https:\\\/\\\/tiketi.com\\\/wp-content\\\/uploads\\\/2019\\\/05\\\/tiketi-logo-696.png\",\"width\":696,\"height\":696,\"caption\":\"Tiketi.com\"},\"image\":{\"@id\":\"https:\\\/\\\/tiketi.com\\\/#\\\/schema\\\/logo\\\/image\\\/\"},\"sameAs\":[\"https:\\\/\\\/www.facebook.com\\\/TiketiCom\\\/\"]}]}<\/script>\n<!-- \/ Yoast SEO plugin. -->","yoast_head_json":{"title":"Bus de Kigali \u00e0 Kampala R\u00e9servation de billets de bus, tarif, itin\u00e9raire et horaires","description":"Vous recherchez des billets de bus de Kigali \u00e0 Kampala, l&#039;application de r\u00e9servation de billets de bus, les horaires et les tarifs\u00a0? R\u00e9servez en ligne des billets de bus \u00e0 bas prix de Kigali \u00e0 Kampala","robots":{"index":"index","follow":"follow","max-snippet":"max-snippet:-1","max-image-preview":"max-image-preview:large","max-video-preview":"max-video-preview:-1"},"canonical":"https:\/\/tiketi.com\/fr-fr\/cheap-bus-tickets-from-kigali-to-kampala\/","og_locale":"fr_FR","og_type":"article","og_title":"Bus from Kigali to Kampala Bus Tickets Booking, Fare, Route & Schedule","og_description":"Looking for bus tickets from Kigali to Kampala bus ticket booking app, schedule & fare? Book cheap bus tickets from Kigali to Kampala online","og_url":"https:\/\/tiketi.com\/fr-fr\/cheap-bus-tickets-from-kigali-to-kampala\/","og_site_name":"Tiketi.com","article_publisher":"https:\/\/www.facebook.com\/TiketiCom\/","article_modified_time":"2022-08-24T16:41:40+00:00","og_image":[{"width":1200,"height":206,"url":"https:\/\/tiketi.com\/wp-content\/uploads\/2022\/01\/bus-ticket-online-booking.jpg","type":"image\/jpeg"}],"twitter_card":"summary_large_image","twitter_misc":{"Dur\u00e9e de lecture estim\u00e9e":"2 minutes"},"schema":{"@context":"https:\/\/schema.org","@graph":[{"@type":"WebPage","@id":"https:\/\/tiketi.com\/cheap-bus-tickets-from-kigali-to-kampala\/","url":"https:\/\/tiketi.com\/cheap-bus-tickets-from-kigali-to-kampala\/","name":"Bus de Kigali \u00e0 Kampala R\u00e9servation de billets de bus, tarif, itin\u00e9raire et horaires","isPartOf":{"@id":"https:\/\/tiketi.com\/#website"},"primaryImageOfPage":{"@id":"https:\/\/tiketi.com\/cheap-bus-tickets-from-kigali-to-kampala\/#primaryimage"},"image":{"@id":"https:\/\/tiketi.com\/cheap-bus-tickets-from-kigali-to-kampala\/#primaryimage"},"thumbnailUrl":"https:\/\/tiketi.com\/wp-content\/uploads\/2022\/01\/bus-ticket-online-booking.jpg","datePublished":"2022-01-19T11:55:03+00:00","dateModified":"2022-08-24T16:41:40+00:00","description":"Vous recherchez des billets de bus de Kigali \u00e0 Kampala, l&#039;application de r\u00e9servation de billets de bus, les horaires et les tarifs\u00a0? R\u00e9servez en ligne des billets de bus \u00e0 bas prix de Kigali \u00e0 Kampala","breadcrumb":{"@id":"https:\/\/tiketi.com\/cheap-bus-tickets-from-kigali-to-kampala\/#breadcrumb"},"inLanguage":"fr-FR","potentialAction":[{"@type":"ReadAction","target":["https:\/\/tiketi.com\/cheap-bus-tickets-from-kigali-to-kampala\/"]}]},{"@type":"ImageObject","inLanguage":"fr-FR","@id":"https:\/\/tiketi.com\/cheap-bus-tickets-from-kigali-to-kampala\/#primaryimage","url":"https:\/\/tiketi.com\/wp-content\/uploads\/2022\/01\/bus-ticket-online-booking.jpg","contentUrl":"https:\/\/tiketi.com\/wp-content\/uploads\/2022\/01\/bus-ticket-online-booking.jpg","width":1200,"height":206,"caption":"Online Bus Ticket Booking"},{"@type":"BreadcrumbList","@id":"https:\/\/tiketi.com\/cheap-bus-tickets-from-kigali-to-kampala\/#breadcrumb","itemListElement":[{"@type":"ListItem","position":1,"name":"Home","item":"https:\/\/tiketi.com\/"},{"@type":"ListItem","position":2,"name":"Bus from Kigali to Kampala Bus Tickets Booking, Fare, Route &#038; Schedule"}]},{"@type":"WebSite","@id":"https:\/\/tiketi.com\/#website","url":"https:\/\/tiketi.com\/","name":"Billets d&#039;avion et de bus, forfaits touristiques et activit\u00e9s - Tiketi.com","description":"Billets d&#039;avion et de bus, Tours, Activit\u00e9s","publisher":{"@id":"https:\/\/tiketi.com\/#organization"},"potentialAction":[{"@type":"SearchAction","target":{"@type":"EntryPoint","urlTemplate":"https:\/\/tiketi.com\/?s={search_term_string}"},"query-input":{"@type":"PropertyValueSpecification","valueRequired":true,"valueName":"search_term_string"}}],"inLanguage":"fr-FR"},{"@type":"Organization","@id":"https:\/\/tiketi.com\/#organization","name":"Tiketi.com","alternateName":"Tiketi","url":"https:\/\/tiketi.com\/","logo":{"@type":"ImageObject","inLanguage":"fr-FR","@id":"https:\/\/tiketi.com\/#\/schema\/logo\/image\/","url":"https:\/\/tiketi.com\/wp-content\/uploads\/2019\/05\/tiketi-logo-696.png","contentUrl":"https:\/\/tiketi.com\/wp-content\/uploads\/2019\/05\/tiketi-logo-696.png","width":696,"height":696,"caption":"Tiketi.com"},"image":{"@id":"https:\/\/tiketi.com\/#\/schema\/logo\/image\/"},"sameAs":["https:\/\/www.facebook.com\/TiketiCom\/"]}]}},"_links":{"self":[{"href":"https:\/\/tiketi.com\/fr-fr\/wp-json\/wp\/v2\/pages\/11675","targetHints":{"allow":["GET"]}}],"collection":[{"href":"https:\/\/tiketi.com\/fr-fr\/wp-json\/wp\/v2\/pages"}],"about":[{"href":"https:\/\/tiketi.com\/fr-fr\/wp-json\/wp\/v2\/types\/page"}],"author":[{"embeddable":true,"href":"https:\/\/tiketi.com\/fr-fr\/wp-json\/wp\/v2\/users\/1"}],"replies":[{"embeddable":true,"href":"https:\/\/tiketi.com\/fr-fr\/wp-json\/wp\/v2\/comments?post=11675"}],"version-history":[{"count":0,"href":"https:\/\/tiketi.com\/fr-fr\/wp-json\/wp\/v2\/pages\/11675\/revisions"}],"wp:featuredmedia":[{"embeddable":true,"href":"https:\/\/tiketi.com\/fr-fr\/wp-json\/wp\/v2\/media\/13999"}],"wp:attachment":[{"href":"https:\/\/tiketi.com\/fr-fr\/wp-json\/wp\/v2\/media?parent=11675"}],"curies":[{"name":"wp","href":"https:\/\/api.w.org\/{rel}","templated":true}]}}