{"id":11676,"date":"2022-01-19T12:55:03","date_gmt":"2022-01-19T11:55:03","guid":{"rendered":"https:\/\/new.tiketi.com\/bus-from-agadir-to-marrakech-bus-tickets-route-fare-schedule\/"},"modified":"2022-08-23T14:13:19","modified_gmt":"2022-08-23T13:13:19","slug":"cheap-bus-tickets-from-agadir-to-marrakech","status":"publish","type":"page","link":"https:\/\/tiketi.com\/fr-fr\/cheap-bus-tickets-from-agadir-to-marrakech\/","title":{"rendered":"Bus de Agadir \u00e0 Marrakech, Billets de bus, Itin\u00e9raire, Tarif &amp; Horaires"},"content":{"rendered":"<h2>Billets de bus pas chers d&#039;Agadir \u00e0 Marrakech R\u00e9servation en ligne<\/h2>\n<h3>D\u00e9couvrez votre itin\u00e9raire de voyage sur le web, le mobile ou l&#039;application et r\u00e9servez en ligne maintenant un billet de bus pas cher de Agadir \u00e0 Marrakech.<\/h3>\n<p>R\u00e9servez en ligne des billets de bus pas chers d&#039;Agadir \u00e0 Marrakech et voyagez d&#039;Agadir \u00e0 Marrakech par la route. Marrakech est le meilleur endroit pour d\u00e9couvrir l&#039;histoire marocaine, principalement parce qu&#039;il existe de nombreux lieux et monuments d&#039;int\u00e9r\u00eat qui attendent votre visite. Vous pouvez visiter Marrakech en r\u00e9servant en ligne d\u00e8s maintenant des billets de bus pas chers d&#039;Agadir \u00e0 Marrakech. Voici quelques-uns des meilleurs endroits \u00e0 visiter \u00e0 Marrakech :<\/p>\n<h2>Bus de Agadir \u00e0 Marrakech FAQ sur les billets de bus, les itin\u00e9raires, les horaires et les tarifs<\/h2>\n<h3>Quel est le moyen abordable pour se rendre de Agadir \u00e0 Marrakech ?<\/h3>\n<p>Le moyen abordable de se rendre d&#039;agadir \u00e0 Marrakech en bus. Billet de bus Agadir \u00e0 Marrakech $8 \u2013 $15 et dure 3h 30m.<\/p>\n<h3>Y a-t-il un bus direct d&#039;Agadir \u00e0 Marrakech ?<\/h3>\n<p>Oui, il y a un bus direct pour Agadir depuis Marrakech. Les services partent toutes les heures, et op\u00e8rent chaque jour. Le trajet dure environ 3h30.<\/p>\n<h3>Quelle distance y a-t-il entre Agadir et Marrakech ?<\/h3>\n<p>La distance parcourue entre Marrakech et Agadir est de 203 km.<\/p>\n<h3>O\u00f9 prendre le bus depuis Agadir pour Marrakech ?<\/h3>\n<p>Billets de bus pas chers depuis Agadir vers Marrakech, op\u00e9r\u00e9s par Supratours.<\/p>\n<h3>Comment se d\u00e9placer d&#039;Agadir \u00e0 Marrakech sans voiture ?<\/h3>\n<p>Le meilleur moyen pour se rendre de Agadir \u00e0 Marrakech sans voiture est de bus. Le bus de Agadir \u00e0 Marrakech co\u00fbte $8 \u2013 $15 et dure 3h 30m.<\/p>\n<h2>Billets de bus de Agadir \u00e0 Marrakech<\/h2>\n<p>Voici quelques-uns des meilleurs <a href=\"https:\/\/tiketi.com\/fr-fr\/vacations\/marrakech-tour-packages\/\" target=\"_blank\" rel=\"noopener\">attractions<\/a> \u00e0 Marrakech :<\/p>\n<h3>La Koutoubia<\/h3>\n<p>La Koutoubia est une tour de 70 m\u00e8tres de haut de la mosqu\u00e9e de la Koutoubia, un rep\u00e8re qui domine toute la ville. Visible \u00e0 des kilom\u00e8tres, cette tour du XIIe si\u00e8cle est \u00e0 Marrakech ce que l&#039;Eiffel est \u00e0 Paris. La tour est d\u00e9cor\u00e9e d&#039;un travail de titre complexe et surmont\u00e9e de 3 orbes dor\u00e9s. De nombreux visiteurs l&#039;utilisent pour naviguer dans les rues d\u00e9routantes de la vieille ville.<\/p>\n<h3>Les Tombeaux Saadiens<\/h3>\n<p>D\u00e9couvertes aussi r\u00e9cemment qu&#039;au d\u00e9but du vingti\u00e8me si\u00e8cle, ces tombes sont le v\u00e9ritable lieu de s\u00e9pulture des prix saadiens. Merveilleusement d\u00e9cor\u00e9es, elles offrent au visiteur un aper\u00e7u de l&#039;opulence de cette p\u00e9riode de l&#039;histoire marocaine.<\/p>\n<h3>Le Jardin Majorelle<\/h3>\n<p>C&#039;est tout simplement l&#039;attraction la plus visit\u00e9e du Maroc. Il a fallu 40 ans de d\u00e9vouement \u00e0 l&#039;artiste fran\u00e7ais Jaques Majorelle pour cr\u00e9er cet endroit merveilleux. Ce jardin botanique clos, autrefois propri\u00e9t\u00e9 d&#039;Yves Saint Laurent, offre une promenade magique en plein c\u0153ur de la ville, mais tr\u00e8s loin d&#039;elle. Promenez-vous \u00e0 travers des fleurs exotiques et un feuillage vert artistiquement dispos\u00e9s autour d&#039;\u00e9tangs bord\u00e9s de mosa\u00efques regorgeant de n\u00e9nuphars et de fleurs de lotus.<\/p>","protected":false},"excerpt":{"rendered":"<p>Cheap Bus Tickets from\u00a0Agadir to Marrakech Online\u00a0Booking Discover your travel route on web, mobile or app and book cheap bus ticket from Agadir to Marrakech online now. Do\u00a0cheap bus from Agadir to Marrakech bus tickets online booking and travel Agadir to Marrakech by road.\u00a0Marrakech is the top place to discover the Moroccan history, mostly because [&hellip;]<\/p>\n","protected":false},"author":1,"featured_media":13999,"parent":0,"menu_order":0,"comment_status":"open","ping_status":"closed","template":"template-home-modern.php","meta":{"footnotes":""},"class_list":["post-11676","page","type-page","status-publish","has-post-thumbnail","hentry"],"yoast_head":"<!-- This site is optimized with the Yoast SEO plugin v27.3 - https:\/\/yoast.com\/product\/yoast-seo-wordpress\/ -->\n<title>Bus from Agadir to Marrakech Bus Tickets, Route, Fare &amp; Schedule<\/title>\n<meta name=\"description\" content=\"Looking for bus from\u00a0Agadir to Marrakech bus ticket booking app, route, schedule &amp; fare? Book cheap bus tickets from Agadir to Marrakech online\" \/>\n<meta name=\"robots\" content=\"index, follow, max-snippet:-1, max-image-preview:large, max-video-preview:-1\" \/>\n<link rel=\"canonical\" href=\"https:\/\/tiketi.com\/fr-fr\/cheap-bus-tickets-from-agadir-to-marrakech\/\" \/>\n<meta property=\"og:locale\" content=\"fr_FR\" \/>\n<meta property=\"og:type\" content=\"article\" \/>\n<meta property=\"og:title\" content=\"Bus from Agadir to Marrakech Bus Tickets, Route, Fare &amp; Schedule\" \/>\n<meta property=\"og:description\" content=\"Looking for bus from\u00a0Agadir to Marrakech bus ticket booking app, route, schedule &amp; fare? Book cheap bus tickets from Agadir to Marrakech online\" \/>\n<meta property=\"og:url\" content=\"https:\/\/tiketi.com\/fr-fr\/cheap-bus-tickets-from-agadir-to-marrakech\/\" \/>\n<meta property=\"og:site_name\" content=\"Tiketi.com\" \/>\n<meta property=\"article:publisher\" content=\"https:\/\/www.facebook.com\/TiketiCom\/\" \/>\n<meta property=\"article:modified_time\" content=\"2022-08-23T13:13:19+00:00\" \/>\n<meta property=\"og:image\" content=\"https:\/\/tiketi.com\/wp-content\/uploads\/2022\/01\/bus-ticket-online-booking.jpg\" \/>\n\t<meta property=\"og:image:width\" content=\"1200\" \/>\n\t<meta property=\"og:image:height\" content=\"206\" \/>\n\t<meta property=\"og:image:type\" content=\"image\/jpeg\" \/>\n<meta name=\"twitter:card\" content=\"summary_large_image\" \/>\n<meta name=\"twitter:label1\" content=\"Dur\u00e9e de lecture estim\u00e9e\" \/>\n\t<meta name=\"twitter:data1\" content=\"2 minutes\" \/>\n<script type=\"application\/ld+json\" class=\"yoast-schema-graph\">{\"@context\":\"https:\\\/\\\/schema.org\",\"@graph\":[{\"@type\":\"WebPage\",\"@id\":\"https:\\\/\\\/tiketi.com\\\/cheap-bus-tickets-from-agadir-to-marrakech\\\/\",\"url\":\"https:\\\/\\\/tiketi.com\\\/cheap-bus-tickets-from-agadir-to-marrakech\\\/\",\"name\":\"Bus from Agadir to Marrakech Bus Tickets, Route, Fare & Schedule\",\"isPartOf\":{\"@id\":\"https:\\\/\\\/tiketi.com\\\/#website\"},\"primaryImageOfPage\":{\"@id\":\"https:\\\/\\\/tiketi.com\\\/cheap-bus-tickets-from-agadir-to-marrakech\\\/#primaryimage\"},\"image\":{\"@id\":\"https:\\\/\\\/tiketi.com\\\/cheap-bus-tickets-from-agadir-to-marrakech\\\/#primaryimage\"},\"thumbnailUrl\":\"https:\\\/\\\/tiketi.com\\\/wp-content\\\/uploads\\\/2022\\\/01\\\/bus-ticket-online-booking.jpg\",\"datePublished\":\"2022-01-19T11:55:03+00:00\",\"dateModified\":\"2022-08-23T13:13:19+00:00\",\"description\":\"Looking for bus from\u00a0Agadir to Marrakech bus ticket booking app, route, schedule & fare? Book cheap bus tickets from Agadir to Marrakech online\",\"breadcrumb\":{\"@id\":\"https:\\\/\\\/tiketi.com\\\/cheap-bus-tickets-from-agadir-to-marrakech\\\/#breadcrumb\"},\"inLanguage\":\"fr-FR\",\"potentialAction\":[{\"@type\":\"ReadAction\",\"target\":[\"https:\\\/\\\/tiketi.com\\\/cheap-bus-tickets-from-agadir-to-marrakech\\\/\"]}]},{\"@type\":\"ImageObject\",\"inLanguage\":\"fr-FR\",\"@id\":\"https:\\\/\\\/tiketi.com\\\/cheap-bus-tickets-from-agadir-to-marrakech\\\/#primaryimage\",\"url\":\"https:\\\/\\\/tiketi.com\\\/wp-content\\\/uploads\\\/2022\\\/01\\\/bus-ticket-online-booking.jpg\",\"contentUrl\":\"https:\\\/\\\/tiketi.com\\\/wp-content\\\/uploads\\\/2022\\\/01\\\/bus-ticket-online-booking.jpg\",\"width\":1200,\"height\":206,\"caption\":\"Online Bus Ticket Booking\"},{\"@type\":\"BreadcrumbList\",\"@id\":\"https:\\\/\\\/tiketi.com\\\/cheap-bus-tickets-from-agadir-to-marrakech\\\/#breadcrumb\",\"itemListElement\":[{\"@type\":\"ListItem\",\"position\":1,\"name\":\"Home\",\"item\":\"https:\\\/\\\/tiketi.com\\\/\"},{\"@type\":\"ListItem\",\"position\":2,\"name\":\"Bus from Agadir to Marrakech, Bus Tickets, Route, Fare &#038; Schedule\"}]},{\"@type\":\"WebSite\",\"@id\":\"https:\\\/\\\/tiketi.com\\\/#website\",\"url\":\"https:\\\/\\\/tiketi.com\\\/\",\"name\":\"Flight & Bus Tickets, Tour Packages & Activitites - Tiketi.com\",\"description\":\"Flight &amp; Bus Tickets, Tours, Activitites\",\"publisher\":{\"@id\":\"https:\\\/\\\/tiketi.com\\\/#organization\"},\"potentialAction\":[{\"@type\":\"SearchAction\",\"target\":{\"@type\":\"EntryPoint\",\"urlTemplate\":\"https:\\\/\\\/tiketi.com\\\/?s={search_term_string}\"},\"query-input\":{\"@type\":\"PropertyValueSpecification\",\"valueRequired\":true,\"valueName\":\"search_term_string\"}}],\"inLanguage\":\"fr-FR\"},{\"@type\":\"Organization\",\"@id\":\"https:\\\/\\\/tiketi.com\\\/#organization\",\"name\":\"Tiketi.com\",\"alternateName\":\"Tiketi\",\"url\":\"https:\\\/\\\/tiketi.com\\\/\",\"logo\":{\"@type\":\"ImageObject\",\"inLanguage\":\"fr-FR\",\"@id\":\"https:\\\/\\\/tiketi.com\\\/#\\\/schema\\\/logo\\\/image\\\/\",\"url\":\"https:\\\/\\\/tiketi.com\\\/wp-content\\\/uploads\\\/2019\\\/05\\\/tiketi-logo-696.png\",\"contentUrl\":\"https:\\\/\\\/tiketi.com\\\/wp-content\\\/uploads\\\/2019\\\/05\\\/tiketi-logo-696.png\",\"width\":696,\"height\":696,\"caption\":\"Tiketi.com\"},\"image\":{\"@id\":\"https:\\\/\\\/tiketi.com\\\/#\\\/schema\\\/logo\\\/image\\\/\"},\"sameAs\":[\"https:\\\/\\\/www.facebook.com\\\/TiketiCom\\\/\"]}]}<\/script>\n<!-- \/ Yoast SEO plugin. -->","yoast_head_json":{"title":"Bus de Agadir \u00e0 Marrakech Billets de bus, itin\u00e9raire, tarifs et horaires","description":"\u00c0 la recherche d&#039;une application de r\u00e9servation de billets de bus de Agadir \u00e0 Marrakech, d&#039;un itin\u00e9raire, d&#039;un horaire et d&#039;un tarif de bus ? R\u00e9servez en ligne des billets de bus \u00e0 bas prix de Agadir \u00e0 Marrakech","robots":{"index":"index","follow":"follow","max-snippet":"max-snippet:-1","max-image-preview":"max-image-preview:large","max-video-preview":"max-video-preview:-1"},"canonical":"https:\/\/tiketi.com\/fr-fr\/cheap-bus-tickets-from-agadir-to-marrakech\/","og_locale":"fr_FR","og_type":"article","og_title":"Bus from Agadir to Marrakech Bus Tickets, Route, Fare & Schedule","og_description":"Looking for bus from\u00a0Agadir to Marrakech bus ticket booking app, route, schedule & fare? Book cheap bus tickets from Agadir to Marrakech online","og_url":"https:\/\/tiketi.com\/fr-fr\/cheap-bus-tickets-from-agadir-to-marrakech\/","og_site_name":"Tiketi.com","article_publisher":"https:\/\/www.facebook.com\/TiketiCom\/","article_modified_time":"2022-08-23T13:13:19+00:00","og_image":[{"width":1200,"height":206,"url":"https:\/\/tiketi.com\/wp-content\/uploads\/2022\/01\/bus-ticket-online-booking.jpg","type":"image\/jpeg"}],"twitter_card":"summary_large_image","twitter_misc":{"Dur\u00e9e de lecture estim\u00e9e":"2 minutes"},"schema":{"@context":"https:\/\/schema.org","@graph":[{"@type":"WebPage","@id":"https:\/\/tiketi.com\/cheap-bus-tickets-from-agadir-to-marrakech\/","url":"https:\/\/tiketi.com\/cheap-bus-tickets-from-agadir-to-marrakech\/","name":"Bus de Agadir \u00e0 Marrakech Billets de bus, itin\u00e9raire, tarifs et horaires","isPartOf":{"@id":"https:\/\/tiketi.com\/#website"},"primaryImageOfPage":{"@id":"https:\/\/tiketi.com\/cheap-bus-tickets-from-agadir-to-marrakech\/#primaryimage"},"image":{"@id":"https:\/\/tiketi.com\/cheap-bus-tickets-from-agadir-to-marrakech\/#primaryimage"},"thumbnailUrl":"https:\/\/tiketi.com\/wp-content\/uploads\/2022\/01\/bus-ticket-online-booking.jpg","datePublished":"2022-01-19T11:55:03+00:00","dateModified":"2022-08-23T13:13:19+00:00","description":"\u00c0 la recherche d&#039;une application de r\u00e9servation de billets de bus de Agadir \u00e0 Marrakech, d&#039;un itin\u00e9raire, d&#039;un horaire et d&#039;un tarif de bus ? R\u00e9servez en ligne des billets de bus \u00e0 bas prix de Agadir \u00e0 Marrakech","breadcrumb":{"@id":"https:\/\/tiketi.com\/cheap-bus-tickets-from-agadir-to-marrakech\/#breadcrumb"},"inLanguage":"fr-FR","potentialAction":[{"@type":"ReadAction","target":["https:\/\/tiketi.com\/cheap-bus-tickets-from-agadir-to-marrakech\/"]}]},{"@type":"ImageObject","inLanguage":"fr-FR","@id":"https:\/\/tiketi.com\/cheap-bus-tickets-from-agadir-to-marrakech\/#primaryimage","url":"https:\/\/tiketi.com\/wp-content\/uploads\/2022\/01\/bus-ticket-online-booking.jpg","contentUrl":"https:\/\/tiketi.com\/wp-content\/uploads\/2022\/01\/bus-ticket-online-booking.jpg","width":1200,"height":206,"caption":"Online Bus Ticket Booking"},{"@type":"BreadcrumbList","@id":"https:\/\/tiketi.com\/cheap-bus-tickets-from-agadir-to-marrakech\/#breadcrumb","itemListElement":[{"@type":"ListItem","position":1,"name":"Home","item":"https:\/\/tiketi.com\/"},{"@type":"ListItem","position":2,"name":"Bus from Agadir to Marrakech, Bus Tickets, Route, Fare &#038; Schedule"}]},{"@type":"WebSite","@id":"https:\/\/tiketi.com\/#website","url":"https:\/\/tiketi.com\/","name":"Billets d&#039;avion et de bus, forfaits touristiques et activit\u00e9s - Tiketi.com","description":"Billets d&#039;avion et de bus, Tours, Activit\u00e9s","publisher":{"@id":"https:\/\/tiketi.com\/#organization"},"potentialAction":[{"@type":"SearchAction","target":{"@type":"EntryPoint","urlTemplate":"https:\/\/tiketi.com\/?s={search_term_string}"},"query-input":{"@type":"PropertyValueSpecification","valueRequired":true,"valueName":"search_term_string"}}],"inLanguage":"fr-FR"},{"@type":"Organization","@id":"https:\/\/tiketi.com\/#organization","name":"Tiketi.com","alternateName":"Tiketi","url":"https:\/\/tiketi.com\/","logo":{"@type":"ImageObject","inLanguage":"fr-FR","@id":"https:\/\/tiketi.com\/#\/schema\/logo\/image\/","url":"https:\/\/tiketi.com\/wp-content\/uploads\/2019\/05\/tiketi-logo-696.png","contentUrl":"https:\/\/tiketi.com\/wp-content\/uploads\/2019\/05\/tiketi-logo-696.png","width":696,"height":696,"caption":"Tiketi.com"},"image":{"@id":"https:\/\/tiketi.com\/#\/schema\/logo\/image\/"},"sameAs":["https:\/\/www.facebook.com\/TiketiCom\/"]}]}},"_links":{"self":[{"href":"https:\/\/tiketi.com\/fr-fr\/wp-json\/wp\/v2\/pages\/11676","targetHints":{"allow":["GET"]}}],"collection":[{"href":"https:\/\/tiketi.com\/fr-fr\/wp-json\/wp\/v2\/pages"}],"about":[{"href":"https:\/\/tiketi.com\/fr-fr\/wp-json\/wp\/v2\/types\/page"}],"author":[{"embeddable":true,"href":"https:\/\/tiketi.com\/fr-fr\/wp-json\/wp\/v2\/users\/1"}],"replies":[{"embeddable":true,"href":"https:\/\/tiketi.com\/fr-fr\/wp-json\/wp\/v2\/comments?post=11676"}],"version-history":[{"count":0,"href":"https:\/\/tiketi.com\/fr-fr\/wp-json\/wp\/v2\/pages\/11676\/revisions"}],"wp:featuredmedia":[{"embeddable":true,"href":"https:\/\/tiketi.com\/fr-fr\/wp-json\/wp\/v2\/media\/13999"}],"wp:attachment":[{"href":"https:\/\/tiketi.com\/fr-fr\/wp-json\/wp\/v2\/media?parent=11676"}],"curies":[{"name":"wp","href":"https:\/\/api.w.org\/{rel}","templated":true}]}}