{"id":11677,"date":"2022-01-19T12:55:03","date_gmt":"2022-01-19T11:55:03","guid":{"rendered":"https:\/\/new.tiketi.com\/bus-from-kumasi-to-accra-bus-tickets-booking-fare-routes-schedule\/"},"modified":"2022-01-29T19:29:49","modified_gmt":"2022-01-29T18:29:49","slug":"bus-tickets-from-lagos-to-accra","status":"publish","type":"page","link":"https:\/\/tiketi.com\/fr-fr\/bus-tickets-from-lagos-to-accra\/","title":{"rendered":"Bus de Lagos \u00e0 Accra R\u00e9servation de billets de bus, tarifs, itin\u00e9raires et horaires"},"content":{"rendered":"<h2>Billets de bus pas chers de Lagos \u00e0 Accra R\u00e9servation en ligne<\/h2>\n<h3>D\u00e9couvrez votre itin\u00e9raire sur le web, le mobile ou l&#039;application et r\u00e9servez en ligne maintenant un billet de bus pas cher de Lagos \u00e0 Accra.<\/h3>\n<p>Il vous suffit de rechercher, comparer et r\u00e9server en ligne les meilleures offres de bus pas chers de Lagos \u00e0 Accra. L&#039;une des villes les plus importantes et les plus \u00e9tonnantes d&#039;Afrique est Accra, la capitale la plus peupl\u00e9e du Ghana. L&#039;a\u00e9roport international de Kotoka est situ\u00e9 \u00e0 Accra. Avec ses plages romantiques et son nombre d&#039;endroits, Accra, au Ghana, est un meilleur endroit \u00e0 visiter. Profitez d&#039;offres incroyables sur des billets de bus \u00e0 prix r\u00e9duit de Lagos \u00e0 Accra en ligne d\u00e8s maintenant.<\/p>\n<h1>Bus de Lagos \u00e0 Accra R\u00e9servation de billets, tarifs, itin\u00e9raires et horaires FAQ<\/h1>\n<h3>Quel est le moyen abordable pour se rendre de Lagos \u00e0 Accra ?<\/h3>\n<p>Le moyen abordable de se rendre de Lagos \u00e0 Accra en bus. Lagos \u00e0 Accra tarif de bus $9 et dure 4h 30m.<\/p>\n<h3>Y a-t-il un bus direct de l&#039;a\u00e9roport de Lagos \u00e0 Accra ?<\/h3>\n<p>Oui, il y a un bus direct de Lagos \u00e0 Accra. Les services partent toutes les 3 heures, et circulent tous les jours. Le trajet dure environ 4h 30m.<\/p>\n<h3>Quelle est la distance entre Lagos et Accra en bus ?<\/h3>\n<p>La distance parcourue en bus de Lagos \u00e0 Accra est de 202 km.<\/p>\n<h3>O\u00f9 prendre le bus depuis Lagos pour Accra ?<\/h3>\n<p>Billets de bus bon march\u00e9 du service de Lagos \u00e0 Accra, g\u00e9r\u00e9 par les entra\u00eeneurs interurbains STC.<\/p>\n<h3>Vol ou de Lagos \u00e0 Accra?<\/h3>\n<p>L&#039;excellent moyen de se rendre de Lagos \u00e0 Accra est de <a href=\"https:\/\/tiketi.com\/fr-fr\/cheap-flights-from-kumasi-to-accra-kms-acc\/\" target=\"_blank\" rel=\"noopener\">voler<\/a> qui prend quarante-quatre minutes et co\u00fbte $30 \u2013 $160. Sinon, vous pouvez bus, bus de l&#039;a\u00e9roport d&#039;Accra \u00e0 Kumasi co\u00fbte $9 et dure 4h 30m.<\/p>\n<h3>Comment puis-je me d\u00e9placer de Lagos \u00e0 Accra sans voiture ?<\/h3>\n<p>Le meilleur moyen pour se rendre de Lagos \u00e0 Accra sans voiture est de bus, ce qui dure 4h 30m et co\u00fbte $9.<\/p>\n<h2>R\u00e9servez des billets de bus de Lagos \u00e0 Accra<\/h2>\n<h3>Le Th\u00e9\u00e2tre National<\/h3>\n<p>Construit en coop\u00e9ration avec un entrepreneur chinois. Ce th\u00e9\u00e2tre est vraiment un endroit o\u00f9 aller pour regarder et admirer les arts du spectacle africains. C&#039;est un lieu incontournable pour les amateurs d&#039;arts de la sc\u00e8ne. La caract\u00e9ristique la plus merveilleuse de ce th\u00e9\u00e2tre est l&#039;Orchestre symphonique national du Ghana qui attire \u00e9tonnamment Bus Lagos \u00e0 Accra.<\/p>\n<h3>R\u00e9serve de ressources chiites<\/h3>\n<p>Sans aucun doute, l&#039;endroit le plus \u00e9tonnant et le plus proche de la nature est les r\u00e9serves de ressources chiites. Il est plac\u00e9 \u00e0 environ dix-sept kilom\u00e8tres d&#039;Accra et situ\u00e9 au centre d&#039;une prairie de plaine ouverte et bois\u00e9e ch\u00e8re. Constitu\u00e9es d&#039;une gamme extr\u00eamement attrayante et saisissante de collines, les r\u00e9serves de ressources de Shai sont cit\u00e9es dans un endroit d&#039;environ 52 km carr\u00e9s.<\/p>","protected":false},"excerpt":{"rendered":"<p>Cheap Bus Tickets from\u00a0Lagos to Accra Online\u00a0Booking Discover your travel route on web, mobile or app and book cheap bus ticket from Lagos to Accra online now. Simply search, compare &amp; book the best offers on cheap bus from Lagos to Accra bus tickets online. One of the top and most amazing cities in Africa [&hellip;]<\/p>\n","protected":false},"author":1,"featured_media":13999,"parent":0,"menu_order":0,"comment_status":"open","ping_status":"closed","template":"template-home-modern.php","meta":{"footnotes":""},"class_list":["post-11677","page","type-page","status-publish","has-post-thumbnail","hentry"],"yoast_head":"<!-- This site is optimized with the Yoast SEO plugin v27.2 - https:\/\/yoast.com\/product\/yoast-seo-wordpress\/ -->\n<title>Bus from Lagos to Accra Bus Tickets Booking, Fare, Routes &amp; Schedule<\/title>\n<meta name=\"description\" content=\"Looking for bus from Lagos to Accra bus ticket booking app, routes, schedules &amp; fares? Book cheap bus tickets from Lagos to Accra online\" \/>\n<meta name=\"robots\" content=\"index, follow, max-snippet:-1, max-image-preview:large, max-video-preview:-1\" \/>\n<link rel=\"canonical\" href=\"https:\/\/tiketi.com\/fr-fr\/bus-tickets-from-lagos-to-accra\/\" \/>\n<meta property=\"og:locale\" content=\"fr_FR\" \/>\n<meta property=\"og:type\" content=\"article\" \/>\n<meta property=\"og:title\" content=\"Bus from Lagos to Accra Bus Tickets Booking, Fare, Routes &amp; Schedule\" \/>\n<meta property=\"og:description\" content=\"Looking for bus from Lagos to Accra bus ticket booking app, routes, schedules &amp; fares? Book cheap bus tickets from Lagos to Accra online\" \/>\n<meta property=\"og:url\" content=\"https:\/\/tiketi.com\/fr-fr\/bus-tickets-from-lagos-to-accra\/\" \/>\n<meta property=\"og:site_name\" content=\"Tiketi.com\" \/>\n<meta property=\"article:publisher\" content=\"https:\/\/www.facebook.com\/TiketiCom\/\" \/>\n<meta property=\"article:modified_time\" content=\"2022-01-29T18:29:49+00:00\" \/>\n<meta property=\"og:image\" content=\"https:\/\/tiketi.com\/wp-content\/uploads\/2022\/01\/bus-ticket-online-booking.jpg\" \/>\n\t<meta property=\"og:image:width\" content=\"1200\" \/>\n\t<meta property=\"og:image:height\" content=\"206\" \/>\n\t<meta property=\"og:image:type\" content=\"image\/jpeg\" \/>\n<meta name=\"twitter:card\" content=\"summary_large_image\" \/>\n<meta name=\"twitter:label1\" content=\"Dur\u00e9e de lecture estim\u00e9e\" \/>\n\t<meta name=\"twitter:data1\" content=\"2 minutes\" \/>\n<script type=\"application\/ld+json\" class=\"yoast-schema-graph\">{\"@context\":\"https:\/\/schema.org\",\"@graph\":[{\"@type\":\"WebPage\",\"@id\":\"https:\/\/tiketi.com\/bus-tickets-from-lagos-to-accra\/\",\"url\":\"https:\/\/tiketi.com\/bus-tickets-from-lagos-to-accra\/\",\"name\":\"Bus from Lagos to Accra Bus Tickets Booking, Fare, Routes & Schedule\",\"isPartOf\":{\"@id\":\"https:\/\/tiketi.com\/#website\"},\"primaryImageOfPage\":{\"@id\":\"https:\/\/tiketi.com\/bus-tickets-from-lagos-to-accra\/#primaryimage\"},\"image\":{\"@id\":\"https:\/\/tiketi.com\/bus-tickets-from-lagos-to-accra\/#primaryimage\"},\"thumbnailUrl\":\"https:\/\/tiketi.com\/wp-content\/uploads\/2022\/01\/bus-ticket-online-booking.jpg\",\"datePublished\":\"2022-01-19T11:55:03+00:00\",\"dateModified\":\"2022-01-29T18:29:49+00:00\",\"description\":\"Looking for bus from Lagos to Accra bus ticket booking app, routes, schedules & fares? Book cheap bus tickets from Lagos to Accra online\",\"breadcrumb\":{\"@id\":\"https:\/\/tiketi.com\/bus-tickets-from-lagos-to-accra\/#breadcrumb\"},\"inLanguage\":\"fr-FR\",\"potentialAction\":[{\"@type\":\"ReadAction\",\"target\":[\"https:\/\/tiketi.com\/bus-tickets-from-lagos-to-accra\/\"]}]},{\"@type\":\"ImageObject\",\"inLanguage\":\"fr-FR\",\"@id\":\"https:\/\/tiketi.com\/bus-tickets-from-lagos-to-accra\/#primaryimage\",\"url\":\"https:\/\/tiketi.com\/wp-content\/uploads\/2022\/01\/bus-ticket-online-booking.jpg\",\"contentUrl\":\"https:\/\/tiketi.com\/wp-content\/uploads\/2022\/01\/bus-ticket-online-booking.jpg\",\"width\":1200,\"height\":206,\"caption\":\"Online Bus Ticket Booking\"},{\"@type\":\"BreadcrumbList\",\"@id\":\"https:\/\/tiketi.com\/bus-tickets-from-lagos-to-accra\/#breadcrumb\",\"itemListElement\":[{\"@type\":\"ListItem\",\"position\":1,\"name\":\"Home\",\"item\":\"https:\/\/tiketi.com\/\"},{\"@type\":\"ListItem\",\"position\":2,\"name\":\"Bus from Lagos to Accra Bus Tickets Booking, Fare, Routes &#038; Schedule\"}]},{\"@type\":\"WebSite\",\"@id\":\"https:\/\/tiketi.com\/#website\",\"url\":\"https:\/\/tiketi.com\/\",\"name\":\"Flight & Bus Tickets, Tour Packages & Activitites - Tiketi.com\",\"description\":\"Flight &amp; Bus Tickets, Tours, Activitites\",\"publisher\":{\"@id\":\"https:\/\/tiketi.com\/#organization\"},\"potentialAction\":[{\"@type\":\"SearchAction\",\"target\":{\"@type\":\"EntryPoint\",\"urlTemplate\":\"https:\/\/tiketi.com\/?s={search_term_string}\"},\"query-input\":{\"@type\":\"PropertyValueSpecification\",\"valueRequired\":true,\"valueName\":\"search_term_string\"}}],\"inLanguage\":\"fr-FR\"},{\"@type\":\"Organization\",\"@id\":\"https:\/\/tiketi.com\/#organization\",\"name\":\"Tiketi.com\",\"alternateName\":\"Tiketi\",\"url\":\"https:\/\/tiketi.com\/\",\"logo\":{\"@type\":\"ImageObject\",\"inLanguage\":\"fr-FR\",\"@id\":\"https:\/\/tiketi.com\/#\/schema\/logo\/image\/\",\"url\":\"https:\/\/tiketi.com\/wp-content\/uploads\/2019\/05\/tiketi-logo-696.png\",\"contentUrl\":\"https:\/\/tiketi.com\/wp-content\/uploads\/2019\/05\/tiketi-logo-696.png\",\"width\":696,\"height\":696,\"caption\":\"Tiketi.com\"},\"image\":{\"@id\":\"https:\/\/tiketi.com\/#\/schema\/logo\/image\/\"},\"sameAs\":[\"https:\/\/www.facebook.com\/TiketiCom\/\"]}]}<\/script>\n<!-- \/ Yoast SEO plugin. -->","yoast_head_json":{"title":"Bus de Lagos \u00e0 Accra R\u00e9servation de billets de bus, tarifs, itin\u00e9raires et horaires","description":"Vous recherchez une application de r\u00e9servation de billets de bus de Lagos \u00e0 Accra, des itin\u00e9raires, des horaires et des tarifs\u00a0? R\u00e9servez en ligne des billets de bus \u00e0 bas prix de Lagos \u00e0 Accra","robots":{"index":"index","follow":"follow","max-snippet":"max-snippet:-1","max-image-preview":"max-image-preview:large","max-video-preview":"max-video-preview:-1"},"canonical":"https:\/\/tiketi.com\/fr-fr\/bus-tickets-from-lagos-to-accra\/","og_locale":"fr_FR","og_type":"article","og_title":"Bus from Lagos to Accra Bus Tickets Booking, Fare, Routes & Schedule","og_description":"Looking for bus from Lagos to Accra bus ticket booking app, routes, schedules & fares? Book cheap bus tickets from Lagos to Accra online","og_url":"https:\/\/tiketi.com\/fr-fr\/bus-tickets-from-lagos-to-accra\/","og_site_name":"Tiketi.com","article_publisher":"https:\/\/www.facebook.com\/TiketiCom\/","article_modified_time":"2022-01-29T18:29:49+00:00","og_image":[{"width":1200,"height":206,"url":"https:\/\/tiketi.com\/wp-content\/uploads\/2022\/01\/bus-ticket-online-booking.jpg","type":"image\/jpeg"}],"twitter_card":"summary_large_image","twitter_misc":{"Dur\u00e9e de lecture estim\u00e9e":"2 minutes"},"schema":{"@context":"https:\/\/schema.org","@graph":[{"@type":"WebPage","@id":"https:\/\/tiketi.com\/bus-tickets-from-lagos-to-accra\/","url":"https:\/\/tiketi.com\/bus-tickets-from-lagos-to-accra\/","name":"Bus de Lagos \u00e0 Accra R\u00e9servation de billets de bus, tarifs, itin\u00e9raires et horaires","isPartOf":{"@id":"https:\/\/tiketi.com\/#website"},"primaryImageOfPage":{"@id":"https:\/\/tiketi.com\/bus-tickets-from-lagos-to-accra\/#primaryimage"},"image":{"@id":"https:\/\/tiketi.com\/bus-tickets-from-lagos-to-accra\/#primaryimage"},"thumbnailUrl":"https:\/\/tiketi.com\/wp-content\/uploads\/2022\/01\/bus-ticket-online-booking.jpg","datePublished":"2022-01-19T11:55:03+00:00","dateModified":"2022-01-29T18:29:49+00:00","description":"Vous recherchez une application de r\u00e9servation de billets de bus de Lagos \u00e0 Accra, des itin\u00e9raires, des horaires et des tarifs\u00a0? R\u00e9servez en ligne des billets de bus \u00e0 bas prix de Lagos \u00e0 Accra","breadcrumb":{"@id":"https:\/\/tiketi.com\/bus-tickets-from-lagos-to-accra\/#breadcrumb"},"inLanguage":"fr-FR","potentialAction":[{"@type":"ReadAction","target":["https:\/\/tiketi.com\/bus-tickets-from-lagos-to-accra\/"]}]},{"@type":"ImageObject","inLanguage":"fr-FR","@id":"https:\/\/tiketi.com\/bus-tickets-from-lagos-to-accra\/#primaryimage","url":"https:\/\/tiketi.com\/wp-content\/uploads\/2022\/01\/bus-ticket-online-booking.jpg","contentUrl":"https:\/\/tiketi.com\/wp-content\/uploads\/2022\/01\/bus-ticket-online-booking.jpg","width":1200,"height":206,"caption":"Online Bus Ticket Booking"},{"@type":"BreadcrumbList","@id":"https:\/\/tiketi.com\/bus-tickets-from-lagos-to-accra\/#breadcrumb","itemListElement":[{"@type":"ListItem","position":1,"name":"Home","item":"https:\/\/tiketi.com\/"},{"@type":"ListItem","position":2,"name":"Bus from Lagos to Accra Bus Tickets Booking, Fare, Routes &#038; Schedule"}]},{"@type":"WebSite","@id":"https:\/\/tiketi.com\/#website","url":"https:\/\/tiketi.com\/","name":"Billets d&#039;avion et de bus, forfaits touristiques et activit\u00e9s - Tiketi.com","description":"Billets d&#039;avion et de bus, Tours, Activit\u00e9s","publisher":{"@id":"https:\/\/tiketi.com\/#organization"},"potentialAction":[{"@type":"SearchAction","target":{"@type":"EntryPoint","urlTemplate":"https:\/\/tiketi.com\/?s={search_term_string}"},"query-input":{"@type":"PropertyValueSpecification","valueRequired":true,"valueName":"search_term_string"}}],"inLanguage":"fr-FR"},{"@type":"Organization","@id":"https:\/\/tiketi.com\/#organization","name":"Tiketi.com","alternateName":"Tiketi","url":"https:\/\/tiketi.com\/","logo":{"@type":"ImageObject","inLanguage":"fr-FR","@id":"https:\/\/tiketi.com\/#\/schema\/logo\/image\/","url":"https:\/\/tiketi.com\/wp-content\/uploads\/2019\/05\/tiketi-logo-696.png","contentUrl":"https:\/\/tiketi.com\/wp-content\/uploads\/2019\/05\/tiketi-logo-696.png","width":696,"height":696,"caption":"Tiketi.com"},"image":{"@id":"https:\/\/tiketi.com\/#\/schema\/logo\/image\/"},"sameAs":["https:\/\/www.facebook.com\/TiketiCom\/"]}]}},"_links":{"self":[{"href":"https:\/\/tiketi.com\/fr-fr\/wp-json\/wp\/v2\/pages\/11677","targetHints":{"allow":["GET"]}}],"collection":[{"href":"https:\/\/tiketi.com\/fr-fr\/wp-json\/wp\/v2\/pages"}],"about":[{"href":"https:\/\/tiketi.com\/fr-fr\/wp-json\/wp\/v2\/types\/page"}],"author":[{"embeddable":true,"href":"https:\/\/tiketi.com\/fr-fr\/wp-json\/wp\/v2\/users\/1"}],"replies":[{"embeddable":true,"href":"https:\/\/tiketi.com\/fr-fr\/wp-json\/wp\/v2\/comments?post=11677"}],"version-history":[{"count":0,"href":"https:\/\/tiketi.com\/fr-fr\/wp-json\/wp\/v2\/pages\/11677\/revisions"}],"wp:featuredmedia":[{"embeddable":true,"href":"https:\/\/tiketi.com\/fr-fr\/wp-json\/wp\/v2\/media\/13999"}],"wp:attachment":[{"href":"https:\/\/tiketi.com\/fr-fr\/wp-json\/wp\/v2\/media?parent=11677"}],"curies":[{"name":"wp","href":"https:\/\/api.w.org\/{rel}","templated":true}]}}