{"id":11678,"date":"2022-01-19T12:55:03","date_gmt":"2022-01-19T11:55:03","guid":{"rendered":"https:\/\/new.tiketi.com\/bus-tickets-from-durban-to-cape-town-bus-booking-fare-schedule\/"},"modified":"2022-02-01T09:47:44","modified_gmt":"2022-02-01T08:47:44","slug":"cheap-bus-tickets-from-durban-to-cape-town","status":"publish","type":"page","link":"https:\/\/tiketi.com\/fr-fr\/cheap-bus-tickets-from-durban-to-cape-town\/","title":{"rendered":"Bus Tickets from\u00a0Durban to Cape Town Bus Booking, Fare &#038; Schedule"},"content":{"rendered":"<p>[wbtm-bus-search]<\/p>\n<h2>Cheap Bus from Durban to Cape Town Online Ticket Booking<\/h2>\n<h3>Discover your travel route on web, mobile or app and book cheap bus ticket from Durban to Cape Town online now.<\/h3>\n<p>We offer best deals on cheap bus tickets from Durban to Cape Town bus booking. Best famous for its wonderful ambience and charming beauty, the jewel of South Africa has changed into one of the warmest hubs in the planet. With diverse natural forms from plateaus to beaches, the city is indeed a must visit for globe trotters from across the planet. With a Dutch history behind it, Cape Town is a cosmopolitan city with diverse ethnicity and culture among its locals. So book your cheap bus from Durban to Cape Town online now.<\/p>\n<h2>Bus Tickets from Durban to Cape Town Bus Booking, Fares, Routes &amp; Schedules FAQs<\/h2>\n<h3>What is the affordable way to get from Durban to Cape Town?<\/h3>\n<p>The affordable way to get from Durban to Cape Town by bus. Bus Durban to Cape Town fare $35 &#8211; $80 and takes 24h 50m.<\/p>\n<h3>Is there a straight bus Durban to Cape Town?<\/h3>\n<p>Yes, there is a direct bus from Durban to Cape Town and arriving at Cape Town. Services depart 5 times a day, and operate every day. The trip takes about 24h 50m.<\/p>\n<h3>What is the buses from Durban to Cape Town distance?<\/h3>\n<p>The distance between Durban and Cape Town is 1272km.<\/p>\n<h3>How do I move from Durban to Cape Town without a car?<\/h3>\n<p>The excellent way to get from Durban to Cape Town without a car is to bus, which takes 24h 50m. Cheap bus tickets from Durban to Cape Town price $35 &#8211; $80.<\/p>\n<h3>Where do I take the Durban to Cape Town bus from?<\/h3>\n<p>Cheap bus from Durban to Cape Town, operated by TransLux Express, Citiliner and Intercape.<\/p>\n<h3>Fly, train or bus from Durban to Cape Town?<\/h3>\n<p>The excellent way to get from Durban to Cape Town is to <a href=\"https:\/\/tiketi.com\/flights-durban-cape-town-dur-cpt\" target=\"_blank\" rel=\"noopener\">fly<\/a> which takes 3h 10m and costs $85 &#8211; $280. Alternatively, you can bus, Durban to Cape Town bus fare $35 &#8211; $80 and takes 24h 50m, you could train, which costs $290 &#8211; $330 and takes 41h 20m.<\/p>\n<h2>Bus from Durban to Cape Town Tips<\/h2>\n<p>One of the first places that can explore is the big number of diverse beaches. Cape Town houses beaches of different types. This is possible due to the different climatic situations that prevail in the separate parts of the city.<\/p>\n","protected":false},"excerpt":{"rendered":"<p>[wbtm-bus-search] Cheap Bus from Durban to Cape Town Online Ticket Booking Discover your travel route on web, mobile or app and book cheap bus ticket from Durban to Cape Town online now. We offer best deals on cheap bus tickets from Durban to Cape Town bus booking. Best famous for its wonderful ambience and charming [&hellip;]<\/p>\n","protected":false},"author":1,"featured_media":13999,"parent":0,"menu_order":0,"comment_status":"open","ping_status":"closed","template":"template-home-modern.php","meta":{"footnotes":""},"class_list":["post-11678","page","type-page","status-publish","has-post-thumbnail","hentry"],"yoast_head":"<!-- This site is optimized with the Yoast SEO plugin v27.2 - https:\/\/yoast.com\/product\/yoast-seo-wordpress\/ -->\n<title>Bus Tickets from\u00a0Durban to Cape Town Bus Booking, Fare &amp; Schedule<\/title>\n<meta name=\"description\" content=\"Looking for bus from Durban to Cape Town bus booking app, routes, schedules &amp; fares? Book cheap bus tickets from Durban to Cape Town online\" \/>\n<meta name=\"robots\" content=\"index, follow, max-snippet:-1, max-image-preview:large, max-video-preview:-1\" \/>\n<link rel=\"canonical\" href=\"https:\/\/tiketi.com\/fr-fr\/cheap-bus-tickets-from-durban-to-cape-town\/\" \/>\n<meta property=\"og:locale\" content=\"fr_FR\" \/>\n<meta property=\"og:type\" content=\"article\" \/>\n<meta property=\"og:title\" content=\"Bus Tickets from\u00a0Durban to Cape Town Bus Booking, Fare &amp; Schedule\" \/>\n<meta property=\"og:description\" content=\"Looking for bus from Durban to Cape Town bus booking app, routes, schedules &amp; fares? Book cheap bus tickets from Durban to Cape Town online\" \/>\n<meta property=\"og:url\" content=\"https:\/\/tiketi.com\/fr-fr\/cheap-bus-tickets-from-durban-to-cape-town\/\" \/>\n<meta property=\"og:site_name\" content=\"Tiketi.com\" \/>\n<meta property=\"article:publisher\" content=\"https:\/\/www.facebook.com\/TiketiCom\/\" \/>\n<meta property=\"article:modified_time\" content=\"2022-02-01T08:47:44+00:00\" \/>\n<meta property=\"og:image\" content=\"https:\/\/tiketi.com\/wp-content\/uploads\/2022\/01\/bus-ticket-online-booking.jpg\" \/>\n\t<meta property=\"og:image:width\" content=\"1200\" \/>\n\t<meta property=\"og:image:height\" content=\"206\" \/>\n\t<meta property=\"og:image:type\" content=\"image\/jpeg\" \/>\n<meta name=\"twitter:card\" content=\"summary_large_image\" \/>\n<meta name=\"twitter:label1\" content=\"Dur\u00e9e de lecture estim\u00e9e\" \/>\n\t<meta name=\"twitter:data1\" content=\"2 minutes\" \/>\n<script type=\"application\/ld+json\" class=\"yoast-schema-graph\">{\"@context\":\"https:\/\/schema.org\",\"@graph\":[{\"@type\":\"WebPage\",\"@id\":\"https:\/\/tiketi.com\/cheap-bus-tickets-from-durban-to-cape-town\/\",\"url\":\"https:\/\/tiketi.com\/cheap-bus-tickets-from-durban-to-cape-town\/\",\"name\":\"Bus Tickets from\u00a0Durban to Cape Town Bus Booking, Fare & Schedule\",\"isPartOf\":{\"@id\":\"https:\/\/tiketi.com\/#website\"},\"primaryImageOfPage\":{\"@id\":\"https:\/\/tiketi.com\/cheap-bus-tickets-from-durban-to-cape-town\/#primaryimage\"},\"image\":{\"@id\":\"https:\/\/tiketi.com\/cheap-bus-tickets-from-durban-to-cape-town\/#primaryimage\"},\"thumbnailUrl\":\"https:\/\/tiketi.com\/wp-content\/uploads\/2022\/01\/bus-ticket-online-booking.jpg\",\"datePublished\":\"2022-01-19T11:55:03+00:00\",\"dateModified\":\"2022-02-01T08:47:44+00:00\",\"description\":\"Looking for bus from Durban to Cape Town bus booking app, routes, schedules & fares? Book cheap bus tickets from Durban to Cape Town online\",\"breadcrumb\":{\"@id\":\"https:\/\/tiketi.com\/cheap-bus-tickets-from-durban-to-cape-town\/#breadcrumb\"},\"inLanguage\":\"fr-FR\",\"potentialAction\":[{\"@type\":\"ReadAction\",\"target\":[\"https:\/\/tiketi.com\/cheap-bus-tickets-from-durban-to-cape-town\/\"]}]},{\"@type\":\"ImageObject\",\"inLanguage\":\"fr-FR\",\"@id\":\"https:\/\/tiketi.com\/cheap-bus-tickets-from-durban-to-cape-town\/#primaryimage\",\"url\":\"https:\/\/tiketi.com\/wp-content\/uploads\/2022\/01\/bus-ticket-online-booking.jpg\",\"contentUrl\":\"https:\/\/tiketi.com\/wp-content\/uploads\/2022\/01\/bus-ticket-online-booking.jpg\",\"width\":1200,\"height\":206,\"caption\":\"Online Bus Ticket Booking\"},{\"@type\":\"BreadcrumbList\",\"@id\":\"https:\/\/tiketi.com\/cheap-bus-tickets-from-durban-to-cape-town\/#breadcrumb\",\"itemListElement\":[{\"@type\":\"ListItem\",\"position\":1,\"name\":\"Home\",\"item\":\"https:\/\/tiketi.com\/\"},{\"@type\":\"ListItem\",\"position\":2,\"name\":\"Bus Tickets from\u00a0Durban to Cape Town Bus Booking, Fare &#038; Schedule\"}]},{\"@type\":\"WebSite\",\"@id\":\"https:\/\/tiketi.com\/#website\",\"url\":\"https:\/\/tiketi.com\/\",\"name\":\"Flight & Bus Tickets, Tour Packages & Activitites - Tiketi.com\",\"description\":\"Flight &amp; Bus Tickets, Tours, Activitites\",\"publisher\":{\"@id\":\"https:\/\/tiketi.com\/#organization\"},\"potentialAction\":[{\"@type\":\"SearchAction\",\"target\":{\"@type\":\"EntryPoint\",\"urlTemplate\":\"https:\/\/tiketi.com\/?s={search_term_string}\"},\"query-input\":{\"@type\":\"PropertyValueSpecification\",\"valueRequired\":true,\"valueName\":\"search_term_string\"}}],\"inLanguage\":\"fr-FR\"},{\"@type\":\"Organization\",\"@id\":\"https:\/\/tiketi.com\/#organization\",\"name\":\"Tiketi.com\",\"alternateName\":\"Tiketi\",\"url\":\"https:\/\/tiketi.com\/\",\"logo\":{\"@type\":\"ImageObject\",\"inLanguage\":\"fr-FR\",\"@id\":\"https:\/\/tiketi.com\/#\/schema\/logo\/image\/\",\"url\":\"https:\/\/tiketi.com\/wp-content\/uploads\/2019\/05\/tiketi-logo-696.png\",\"contentUrl\":\"https:\/\/tiketi.com\/wp-content\/uploads\/2019\/05\/tiketi-logo-696.png\",\"width\":696,\"height\":696,\"caption\":\"Tiketi.com\"},\"image\":{\"@id\":\"https:\/\/tiketi.com\/#\/schema\/logo\/image\/\"},\"sameAs\":[\"https:\/\/www.facebook.com\/TiketiCom\/\"]}]}<\/script>\n<!-- \/ Yoast SEO plugin. -->","yoast_head_json":{"title":"Billets de bus de Durban \u00e0 Cape Town\u00a0: r\u00e9servation, tarifs et horaires","description":"Vous cherchez une application pour r\u00e9server un bus de Durban \u00e0 Cape Town\u00a0? Consultez les itin\u00e9raires, les horaires et les tarifs. R\u00e9servez vos billets de bus Durban-Cape Town \u00e0 petit prix en ligne.","robots":{"index":"index","follow":"follow","max-snippet":"max-snippet:-1","max-image-preview":"max-image-preview:large","max-video-preview":"max-video-preview:-1"},"canonical":"https:\/\/tiketi.com\/fr-fr\/cheap-bus-tickets-from-durban-to-cape-town\/","og_locale":"fr_FR","og_type":"article","og_title":"Bus Tickets from\u00a0Durban to Cape Town Bus Booking, Fare & Schedule","og_description":"Looking for bus from Durban to Cape Town bus booking app, routes, schedules & fares? Book cheap bus tickets from Durban to Cape Town online","og_url":"https:\/\/tiketi.com\/fr-fr\/cheap-bus-tickets-from-durban-to-cape-town\/","og_site_name":"Tiketi.com","article_publisher":"https:\/\/www.facebook.com\/TiketiCom\/","article_modified_time":"2022-02-01T08:47:44+00:00","og_image":[{"width":1200,"height":206,"url":"https:\/\/tiketi.com\/wp-content\/uploads\/2022\/01\/bus-ticket-online-booking.jpg","type":"image\/jpeg"}],"twitter_card":"summary_large_image","twitter_misc":{"Dur\u00e9e de lecture estim\u00e9e":"2 minutes"},"schema":{"@context":"https:\/\/schema.org","@graph":[{"@type":"WebPage","@id":"https:\/\/tiketi.com\/cheap-bus-tickets-from-durban-to-cape-town\/","url":"https:\/\/tiketi.com\/cheap-bus-tickets-from-durban-to-cape-town\/","name":"Billets de bus de Durban \u00e0 Cape Town\u00a0: r\u00e9servation, tarifs et horaires","isPartOf":{"@id":"https:\/\/tiketi.com\/#website"},"primaryImageOfPage":{"@id":"https:\/\/tiketi.com\/cheap-bus-tickets-from-durban-to-cape-town\/#primaryimage"},"image":{"@id":"https:\/\/tiketi.com\/cheap-bus-tickets-from-durban-to-cape-town\/#primaryimage"},"thumbnailUrl":"https:\/\/tiketi.com\/wp-content\/uploads\/2022\/01\/bus-ticket-online-booking.jpg","datePublished":"2022-01-19T11:55:03+00:00","dateModified":"2022-02-01T08:47:44+00:00","description":"Vous cherchez une application pour r\u00e9server un bus de Durban \u00e0 Cape Town\u00a0? Consultez les itin\u00e9raires, les horaires et les tarifs. R\u00e9servez vos billets de bus Durban-Cape Town \u00e0 petit prix en ligne.","breadcrumb":{"@id":"https:\/\/tiketi.com\/cheap-bus-tickets-from-durban-to-cape-town\/#breadcrumb"},"inLanguage":"fr-FR","potentialAction":[{"@type":"ReadAction","target":["https:\/\/tiketi.com\/cheap-bus-tickets-from-durban-to-cape-town\/"]}]},{"@type":"ImageObject","inLanguage":"fr-FR","@id":"https:\/\/tiketi.com\/cheap-bus-tickets-from-durban-to-cape-town\/#primaryimage","url":"https:\/\/tiketi.com\/wp-content\/uploads\/2022\/01\/bus-ticket-online-booking.jpg","contentUrl":"https:\/\/tiketi.com\/wp-content\/uploads\/2022\/01\/bus-ticket-online-booking.jpg","width":1200,"height":206,"caption":"Online Bus Ticket Booking"},{"@type":"BreadcrumbList","@id":"https:\/\/tiketi.com\/cheap-bus-tickets-from-durban-to-cape-town\/#breadcrumb","itemListElement":[{"@type":"ListItem","position":1,"name":"Home","item":"https:\/\/tiketi.com\/"},{"@type":"ListItem","position":2,"name":"Bus Tickets from\u00a0Durban to Cape Town Bus Booking, Fare &#038; Schedule"}]},{"@type":"WebSite","@id":"https:\/\/tiketi.com\/#website","url":"https:\/\/tiketi.com\/","name":"Billets d&#039;avion et de bus, forfaits touristiques et activit\u00e9s - Tiketi.com","description":"Billets d&#039;avion et de bus, Tours, Activit\u00e9s","publisher":{"@id":"https:\/\/tiketi.com\/#organization"},"potentialAction":[{"@type":"SearchAction","target":{"@type":"EntryPoint","urlTemplate":"https:\/\/tiketi.com\/?s={search_term_string}"},"query-input":{"@type":"PropertyValueSpecification","valueRequired":true,"valueName":"search_term_string"}}],"inLanguage":"fr-FR"},{"@type":"Organization","@id":"https:\/\/tiketi.com\/#organization","name":"Tiketi.com","alternateName":"Tiketi","url":"https:\/\/tiketi.com\/","logo":{"@type":"ImageObject","inLanguage":"fr-FR","@id":"https:\/\/tiketi.com\/#\/schema\/logo\/image\/","url":"https:\/\/tiketi.com\/wp-content\/uploads\/2019\/05\/tiketi-logo-696.png","contentUrl":"https:\/\/tiketi.com\/wp-content\/uploads\/2019\/05\/tiketi-logo-696.png","width":696,"height":696,"caption":"Tiketi.com"},"image":{"@id":"https:\/\/tiketi.com\/#\/schema\/logo\/image\/"},"sameAs":["https:\/\/www.facebook.com\/TiketiCom\/"]}]}},"_links":{"self":[{"href":"https:\/\/tiketi.com\/fr-fr\/wp-json\/wp\/v2\/pages\/11678","targetHints":{"allow":["GET"]}}],"collection":[{"href":"https:\/\/tiketi.com\/fr-fr\/wp-json\/wp\/v2\/pages"}],"about":[{"href":"https:\/\/tiketi.com\/fr-fr\/wp-json\/wp\/v2\/types\/page"}],"author":[{"embeddable":true,"href":"https:\/\/tiketi.com\/fr-fr\/wp-json\/wp\/v2\/users\/1"}],"replies":[{"embeddable":true,"href":"https:\/\/tiketi.com\/fr-fr\/wp-json\/wp\/v2\/comments?post=11678"}],"version-history":[{"count":0,"href":"https:\/\/tiketi.com\/fr-fr\/wp-json\/wp\/v2\/pages\/11678\/revisions"}],"wp:featuredmedia":[{"embeddable":true,"href":"https:\/\/tiketi.com\/fr-fr\/wp-json\/wp\/v2\/media\/13999"}],"wp:attachment":[{"href":"https:\/\/tiketi.com\/fr-fr\/wp-json\/wp\/v2\/media?parent=11678"}],"curies":[{"name":"wp","href":"https:\/\/api.w.org\/{rel}","templated":true}]}}