{"id":11679,"date":"2022-01-19T12:55:03","date_gmt":"2022-01-19T11:55:03","guid":{"rendered":"https:\/\/new.tiketi.com\/bus-from-nairobi-to-arusha-bus-tickets-route-schedule-fare\/"},"modified":"2023-08-21T11:12:01","modified_gmt":"2023-08-21T10:12:01","slug":"nairobi-to-arusha","status":"publish","type":"page","link":"https:\/\/tiketi.com\/fr-fr\/routes\/bus\/nairobi-to-arusha\/","title":{"rendered":"Navette de bus de Nairobi \u00e0 Arusha Billets de bus, horaires et tarifs"},"content":{"rendered":"<h2>Billets de bus pas chers de Nairobi \u00e0 Arusha : r\u00e9servation en ligne<\/h2>\n<h3>D\u00e9couvrez votre itin\u00e9raire de voyage sur le Web, votre mobile ou votre application et r\u00e9servez d\u00e8s maintenant en ligne un billet de bus pas cher de Nairobi \u00e0 Arusha.<\/h3>\n<p>Comparez les prix et r\u00e9servez d\u00e8s maintenant en ligne des billets de navette pas chers de Nairobi \u00e0 Arusha et voyagez de Nairobi \u00e0 Arusha en bus. Arusha est c\u00e9l\u00e8bre pour son mode de vie d\u00e9contract\u00e9, son environnement relaxant, ses paysages \u00e0 couper le souffle et sa large gamme d&#039;attractions. Cette petite ville anim\u00e9e a quelque chose de remarquable \u00e0 offrir \u00e0 chacun : des attractions culturelles, de merveilleux restaurants et des aventures remarquables invitent tous ceux qui recherchent la meilleure exp\u00e9rience de voyage en Tanzanie. Comparez donc votre transfert de navette de Nairobi \u00e0 Arusha et r\u00e9servez d\u00e8s maintenant des billets de bus pas chers de Nairobi \u00e0 Arusha en ligne \u2013 gagnez du temps et de l&#039;argent.<\/p>\n<h2>Navette de bus de Nairobi \u00e0 Arusha : FAQ sur les tarifs, les itin\u00e9raires et les horaires<\/h2>\n<h3>Le bus de Nairobi \u00e0 Arusha est-il le moyen abordable pour se rendre de Nairobi \u00e0 Arusha ?<\/h3>\n<p>Oui, prendre le bus de Nairobi \u00e0 Arusha est le moyen le plus abordable pour se rendre de Nairobi \u00e0 Arusha par la route. Le trajet en bus pas cher de Nairobi \u00e0 Arusha est de $25 \u2013 $35 et dure 5 \u00e0 6 heures.<\/p>\n<h3>Quelle est la distance en bus depuis Nairobi vers Arusha ?<\/h3>\n<p>La distance en bus du transfert de Nairobi \u00e0 Arusha est de 272 km.<\/p>\n<h3>Vol ou navette en bus de Nairobi \u00e0 Arusha ?<\/h3>\n<p>L\u2019excellent moyen de se rendre de Nairobi \u00e0 Arusha est de <a href=\"https:\/\/tiketi.com\/fr-fr\/cheap-flights\/\" target=\"_blank\" rel=\"noopener\">voler<\/a> ce qui prend environ 3 \u00e0 4 heures et co\u00fbte $150 \u2013 $500. Alternativement, vous pouvez prendre le bus, les billets de bus bon march\u00e9 de Nairobi \u00e0 Arusha co\u00fbtent entre $25 \u2013 $35 et dure 5 \u2013 6h.<\/p>\n<h3>Puis-je conduire de Nairobi \u00e0 Arusha ?<\/h3>\n<p>Oui, la distance entre Arusha et Kenya est de 272 km. Il faut environ 3h 60m pour conduire de Nairobi \u00e0 Arusha. S&#039;il vous pla\u00eet v\u00e9rifier notre pas cher <a href=\"https:\/\/tiketi.com\/fr-fr\/car-rentals\/\" target=\"_blank\" rel=\"noopener\">location de voitures<\/a> ou transfert priv\u00e9 de Nairobi \u00e0 Arusha.<\/p>\n<h3>Transfert en taxi ou navette de Nairobi \u00e0 Arusha ?<\/h3>\n<p>L\u2019excellent moyen de se rendre \u00e0 Arusha depuis Nairobi sans v\u00e9hicule est de prendre la navette Nairobi-Arusha Transfer ou un taxi, ce qui dure environ 4 \u00e0 6 heures et co\u00fbte $25 \u2013 $200.<\/p>\n<h2>Conseils pour les billets de bus de Nairobi \u00e0 Arusha<\/h2>\n<h3>Via Via Caf\u00e9<\/h3>\n<p>Pour une vie nocturne \u00e9poustouflante \u00e0 Arusha, vous devriez visiter Via Via et vous divertir jusqu&#039;aux petites heures. Les f\u00eates au Via Via sont l\u00e9gendaires, elles proposent de la musique live le jeudi soir, un DJ jouant de la musique et du karaok\u00e9 les autres soirs. Pour un clubbing, un dernier verre ou un boogie, Via Via est un lieu dynamique appr\u00e9ci\u00e9 des expatri\u00e9s et des locaux.<\/p>\n<h3>Lac Duluti<\/h3>\n<p>Profitez d&#039;une excursion d&#039;une journ\u00e9e au lac Duluti depuis Arusha. Le lac de crat\u00e8re se trouve \u00e0 environ vingt minutes de route de la ville et a pour toile de fond le mont Meru. La r\u00e9gion du lac propose un large \u00e9ventail d&#039;activit\u00e9s telles que des randonn\u00e9es, l&#039;observation des oiseaux et le cano\u00eb. Les for\u00eats environnantes abritent plusieurs oiseaux et reptiles. Le lac Duluti est un r\u00eave pour les ornithologues amateurs, abritant des oiseaux aquatiques.<\/p>","protected":false},"excerpt":{"rendered":"<p>Cheap Bus Tickets from Nairobi to Arusha\u00a0Online Booking Discover your travel route on web, mobile or app and book cheap bus ticket from Nairobi to Arusha online now. Compare prices and book cheap shuttle bus from Nairobi to Arusha bus fare online now and travel Nairobi to Arusha by bus. Arusha is famous for its [&hellip;]<\/p>\n","protected":false},"author":1,"featured_media":13999,"parent":25566,"menu_order":0,"comment_status":"open","ping_status":"closed","template":"template-home-modern.php","meta":{"footnotes":""},"class_list":["post-11679","page","type-page","status-publish","has-post-thumbnail","hentry"],"yoast_head":"<!-- This site is optimized with the Yoast SEO plugin v27.3 - https:\/\/yoast.com\/product\/yoast-seo-wordpress\/ -->\n<title>Shuttle Bus from Nairobi to Arusha Bus Tickets, Schedule &amp; Fares<\/title>\n<meta name=\"description\" content=\"Looking for shuttle bus from Nairobi to Arusha bus fare, booking app, routes &amp; schedule? Book cheap bus tickets from Nairobi to Arusha transfer\" \/>\n<meta name=\"robots\" content=\"index, follow, max-snippet:-1, max-image-preview:large, max-video-preview:-1\" \/>\n<link rel=\"canonical\" href=\"https:\/\/tiketi.com\/fr-fr\/routes\/bus\/nairobi-to-arusha\/\" \/>\n<meta property=\"og:locale\" content=\"fr_FR\" \/>\n<meta property=\"og:type\" content=\"article\" \/>\n<meta property=\"og:title\" content=\"Shuttle Bus from Nairobi to Arusha Bus Tickets, Schedule &amp; Fares\" \/>\n<meta property=\"og:description\" content=\"Looking for shuttle bus from Nairobi to Arusha bus fare, booking app, routes &amp; schedule? Book cheap bus tickets from Nairobi to Arusha transfer\" \/>\n<meta property=\"og:url\" content=\"https:\/\/tiketi.com\/fr-fr\/routes\/bus\/nairobi-to-arusha\/\" \/>\n<meta property=\"og:site_name\" content=\"Tiketi.com\" \/>\n<meta property=\"article:publisher\" content=\"https:\/\/www.facebook.com\/TiketiCom\/\" \/>\n<meta property=\"article:modified_time\" content=\"2023-08-21T10:12:01+00:00\" \/>\n<meta property=\"og:image\" content=\"https:\/\/tiketi.com\/wp-content\/uploads\/2022\/01\/bus-ticket-online-booking.jpg\" \/>\n\t<meta property=\"og:image:width\" content=\"1200\" \/>\n\t<meta property=\"og:image:height\" content=\"206\" \/>\n\t<meta property=\"og:image:type\" content=\"image\/jpeg\" \/>\n<meta name=\"twitter:card\" content=\"summary_large_image\" \/>\n<meta name=\"twitter:label1\" content=\"Dur\u00e9e de lecture estim\u00e9e\" \/>\n\t<meta name=\"twitter:data1\" content=\"3 minutes\" \/>\n<script type=\"application\/ld+json\" class=\"yoast-schema-graph\">{\"@context\":\"https:\\\/\\\/schema.org\",\"@graph\":[{\"@type\":\"WebPage\",\"@id\":\"https:\\\/\\\/tiketi.com\\\/routes\\\/bus\\\/nairobi-to-arusha\\\/\",\"url\":\"https:\\\/\\\/tiketi.com\\\/routes\\\/bus\\\/nairobi-to-arusha\\\/\",\"name\":\"Shuttle Bus from Nairobi to Arusha Bus Tickets, Schedule & Fares\",\"isPartOf\":{\"@id\":\"https:\\\/\\\/tiketi.com\\\/#website\"},\"primaryImageOfPage\":{\"@id\":\"https:\\\/\\\/tiketi.com\\\/routes\\\/bus\\\/nairobi-to-arusha\\\/#primaryimage\"},\"image\":{\"@id\":\"https:\\\/\\\/tiketi.com\\\/routes\\\/bus\\\/nairobi-to-arusha\\\/#primaryimage\"},\"thumbnailUrl\":\"https:\\\/\\\/tiketi.com\\\/wp-content\\\/uploads\\\/2022\\\/01\\\/bus-ticket-online-booking.jpg\",\"datePublished\":\"2022-01-19T11:55:03+00:00\",\"dateModified\":\"2023-08-21T10:12:01+00:00\",\"description\":\"Looking for shuttle bus from Nairobi to Arusha bus fare, booking app, routes & schedule? Book cheap bus tickets from Nairobi to Arusha transfer\",\"breadcrumb\":{\"@id\":\"https:\\\/\\\/tiketi.com\\\/routes\\\/bus\\\/nairobi-to-arusha\\\/#breadcrumb\"},\"inLanguage\":\"fr-FR\",\"potentialAction\":[{\"@type\":\"ReadAction\",\"target\":[\"https:\\\/\\\/tiketi.com\\\/routes\\\/bus\\\/nairobi-to-arusha\\\/\"]}]},{\"@type\":\"ImageObject\",\"inLanguage\":\"fr-FR\",\"@id\":\"https:\\\/\\\/tiketi.com\\\/routes\\\/bus\\\/nairobi-to-arusha\\\/#primaryimage\",\"url\":\"https:\\\/\\\/tiketi.com\\\/wp-content\\\/uploads\\\/2022\\\/01\\\/bus-ticket-online-booking.jpg\",\"contentUrl\":\"https:\\\/\\\/tiketi.com\\\/wp-content\\\/uploads\\\/2022\\\/01\\\/bus-ticket-online-booking.jpg\",\"width\":1200,\"height\":206,\"caption\":\"Online Bus Ticket Booking\"},{\"@type\":\"BreadcrumbList\",\"@id\":\"https:\\\/\\\/tiketi.com\\\/routes\\\/bus\\\/nairobi-to-arusha\\\/#breadcrumb\",\"itemListElement\":[{\"@type\":\"ListItem\",\"position\":1,\"name\":\"Home\",\"item\":\"https:\\\/\\\/tiketi.com\\\/\"},{\"@type\":\"ListItem\",\"position\":2,\"name\":\"Routes\",\"item\":\"https:\\\/\\\/tiketi.com\\\/routes\\\/\"},{\"@type\":\"ListItem\",\"position\":3,\"name\":\"Bus\",\"item\":\"https:\\\/\\\/tiketi.com\\\/routes\\\/bus\\\/\"},{\"@type\":\"ListItem\",\"position\":4,\"name\":\"Shuttle Bus from Nairobi to Arusha Bus Tickets, Schedule &#038; Fares\"}]},{\"@type\":\"WebSite\",\"@id\":\"https:\\\/\\\/tiketi.com\\\/#website\",\"url\":\"https:\\\/\\\/tiketi.com\\\/\",\"name\":\"Flight & Bus Tickets, Tour Packages & Activitites - Tiketi.com\",\"description\":\"Flight &amp; Bus Tickets, Tours, Activitites\",\"publisher\":{\"@id\":\"https:\\\/\\\/tiketi.com\\\/#organization\"},\"potentialAction\":[{\"@type\":\"SearchAction\",\"target\":{\"@type\":\"EntryPoint\",\"urlTemplate\":\"https:\\\/\\\/tiketi.com\\\/?s={search_term_string}\"},\"query-input\":{\"@type\":\"PropertyValueSpecification\",\"valueRequired\":true,\"valueName\":\"search_term_string\"}}],\"inLanguage\":\"fr-FR\"},{\"@type\":\"Organization\",\"@id\":\"https:\\\/\\\/tiketi.com\\\/#organization\",\"name\":\"Tiketi.com\",\"alternateName\":\"Tiketi\",\"url\":\"https:\\\/\\\/tiketi.com\\\/\",\"logo\":{\"@type\":\"ImageObject\",\"inLanguage\":\"fr-FR\",\"@id\":\"https:\\\/\\\/tiketi.com\\\/#\\\/schema\\\/logo\\\/image\\\/\",\"url\":\"https:\\\/\\\/tiketi.com\\\/wp-content\\\/uploads\\\/2019\\\/05\\\/tiketi-logo-696.png\",\"contentUrl\":\"https:\\\/\\\/tiketi.com\\\/wp-content\\\/uploads\\\/2019\\\/05\\\/tiketi-logo-696.png\",\"width\":696,\"height\":696,\"caption\":\"Tiketi.com\"},\"image\":{\"@id\":\"https:\\\/\\\/tiketi.com\\\/#\\\/schema\\\/logo\\\/image\\\/\"},\"sameAs\":[\"https:\\\/\\\/www.facebook.com\\\/TiketiCom\\\/\"]}]}<\/script>\n<!-- \/ Yoast SEO plugin. -->","yoast_head_json":{"title":"Navette de bus de Nairobi \u00e0 Arusha Billets de bus, horaires et tarifs","description":"Vous recherchez des tarifs de bus, une application de r\u00e9servation, des itin\u00e9raires et des horaires pour une navette de Nairobi \u00e0 Arusha ? R\u00e9servez des billets de bus pas chers de Nairobi \u00e0 Arusha","robots":{"index":"index","follow":"follow","max-snippet":"max-snippet:-1","max-image-preview":"max-image-preview:large","max-video-preview":"max-video-preview:-1"},"canonical":"https:\/\/tiketi.com\/fr-fr\/routes\/bus\/nairobi-to-arusha\/","og_locale":"fr_FR","og_type":"article","og_title":"Shuttle Bus from Nairobi to Arusha Bus Tickets, Schedule & Fares","og_description":"Looking for shuttle bus from Nairobi to Arusha bus fare, booking app, routes & schedule? Book cheap bus tickets from Nairobi to Arusha transfer","og_url":"https:\/\/tiketi.com\/fr-fr\/routes\/bus\/nairobi-to-arusha\/","og_site_name":"Tiketi.com","article_publisher":"https:\/\/www.facebook.com\/TiketiCom\/","article_modified_time":"2023-08-21T10:12:01+00:00","og_image":[{"width":1200,"height":206,"url":"https:\/\/tiketi.com\/wp-content\/uploads\/2022\/01\/bus-ticket-online-booking.jpg","type":"image\/jpeg"}],"twitter_card":"summary_large_image","twitter_misc":{"Dur\u00e9e de lecture estim\u00e9e":"3 minutes"},"schema":{"@context":"https:\/\/schema.org","@graph":[{"@type":"WebPage","@id":"https:\/\/tiketi.com\/routes\/bus\/nairobi-to-arusha\/","url":"https:\/\/tiketi.com\/routes\/bus\/nairobi-to-arusha\/","name":"Navette de bus de Nairobi \u00e0 Arusha Billets de bus, horaires et tarifs","isPartOf":{"@id":"https:\/\/tiketi.com\/#website"},"primaryImageOfPage":{"@id":"https:\/\/tiketi.com\/routes\/bus\/nairobi-to-arusha\/#primaryimage"},"image":{"@id":"https:\/\/tiketi.com\/routes\/bus\/nairobi-to-arusha\/#primaryimage"},"thumbnailUrl":"https:\/\/tiketi.com\/wp-content\/uploads\/2022\/01\/bus-ticket-online-booking.jpg","datePublished":"2022-01-19T11:55:03+00:00","dateModified":"2023-08-21T10:12:01+00:00","description":"Vous recherchez des tarifs de bus, une application de r\u00e9servation, des itin\u00e9raires et des horaires pour une navette de Nairobi \u00e0 Arusha ? R\u00e9servez des billets de bus pas chers de Nairobi \u00e0 Arusha","breadcrumb":{"@id":"https:\/\/tiketi.com\/routes\/bus\/nairobi-to-arusha\/#breadcrumb"},"inLanguage":"fr-FR","potentialAction":[{"@type":"ReadAction","target":["https:\/\/tiketi.com\/routes\/bus\/nairobi-to-arusha\/"]}]},{"@type":"ImageObject","inLanguage":"fr-FR","@id":"https:\/\/tiketi.com\/routes\/bus\/nairobi-to-arusha\/#primaryimage","url":"https:\/\/tiketi.com\/wp-content\/uploads\/2022\/01\/bus-ticket-online-booking.jpg","contentUrl":"https:\/\/tiketi.com\/wp-content\/uploads\/2022\/01\/bus-ticket-online-booking.jpg","width":1200,"height":206,"caption":"Online Bus Ticket Booking"},{"@type":"BreadcrumbList","@id":"https:\/\/tiketi.com\/routes\/bus\/nairobi-to-arusha\/#breadcrumb","itemListElement":[{"@type":"ListItem","position":1,"name":"Home","item":"https:\/\/tiketi.com\/"},{"@type":"ListItem","position":2,"name":"Routes","item":"https:\/\/tiketi.com\/routes\/"},{"@type":"ListItem","position":3,"name":"Bus","item":"https:\/\/tiketi.com\/routes\/bus\/"},{"@type":"ListItem","position":4,"name":"Shuttle Bus from Nairobi to Arusha Bus Tickets, Schedule &#038; Fares"}]},{"@type":"WebSite","@id":"https:\/\/tiketi.com\/#website","url":"https:\/\/tiketi.com\/","name":"Billets d&#039;avion et de bus, forfaits touristiques et activit\u00e9s - Tiketi.com","description":"Billets d&#039;avion et de bus, Tours, Activit\u00e9s","publisher":{"@id":"https:\/\/tiketi.com\/#organization"},"potentialAction":[{"@type":"SearchAction","target":{"@type":"EntryPoint","urlTemplate":"https:\/\/tiketi.com\/?s={search_term_string}"},"query-input":{"@type":"PropertyValueSpecification","valueRequired":true,"valueName":"search_term_string"}}],"inLanguage":"fr-FR"},{"@type":"Organization","@id":"https:\/\/tiketi.com\/#organization","name":"Tiketi.com","alternateName":"Tiketi","url":"https:\/\/tiketi.com\/","logo":{"@type":"ImageObject","inLanguage":"fr-FR","@id":"https:\/\/tiketi.com\/#\/schema\/logo\/image\/","url":"https:\/\/tiketi.com\/wp-content\/uploads\/2019\/05\/tiketi-logo-696.png","contentUrl":"https:\/\/tiketi.com\/wp-content\/uploads\/2019\/05\/tiketi-logo-696.png","width":696,"height":696,"caption":"Tiketi.com"},"image":{"@id":"https:\/\/tiketi.com\/#\/schema\/logo\/image\/"},"sameAs":["https:\/\/www.facebook.com\/TiketiCom\/"]}]}},"_links":{"self":[{"href":"https:\/\/tiketi.com\/fr-fr\/wp-json\/wp\/v2\/pages\/11679","targetHints":{"allow":["GET"]}}],"collection":[{"href":"https:\/\/tiketi.com\/fr-fr\/wp-json\/wp\/v2\/pages"}],"about":[{"href":"https:\/\/tiketi.com\/fr-fr\/wp-json\/wp\/v2\/types\/page"}],"author":[{"embeddable":true,"href":"https:\/\/tiketi.com\/fr-fr\/wp-json\/wp\/v2\/users\/1"}],"replies":[{"embeddable":true,"href":"https:\/\/tiketi.com\/fr-fr\/wp-json\/wp\/v2\/comments?post=11679"}],"version-history":[{"count":0,"href":"https:\/\/tiketi.com\/fr-fr\/wp-json\/wp\/v2\/pages\/11679\/revisions"}],"up":[{"embeddable":true,"href":"https:\/\/tiketi.com\/fr-fr\/wp-json\/wp\/v2\/pages\/25566"}],"wp:featuredmedia":[{"embeddable":true,"href":"https:\/\/tiketi.com\/fr-fr\/wp-json\/wp\/v2\/media\/13999"}],"wp:attachment":[{"href":"https:\/\/tiketi.com\/fr-fr\/wp-json\/wp\/v2\/media?parent=11679"}],"curies":[{"name":"wp","href":"https:\/\/api.w.org\/{rel}","templated":true}]}}