{"id":11680,"date":"2022-01-19T12:55:03","date_gmt":"2022-01-19T11:55:03","guid":{"rendered":"https:\/\/new.tiketi.com\/bus-tickets-from-harare-to-johannesburg-bus-booking-fare-route-schedule\/"},"modified":"2022-10-28T09:35:51","modified_gmt":"2022-10-28T08:35:51","slug":"tickets-harare-to-johannesburg","status":"publish","type":"page","link":"https:\/\/tiketi.com\/fr-fr\/routes\/bus\/tickets-harare-to-johannesburg\/","title":{"rendered":"Billets de bus Harare - Johannesburg\u00a0: r\u00e9servation, tarifs, itin\u00e9raires et horaires"},"content":{"rendered":"<h2>R\u00e9servation en ligne de bus pas cher de Harare \u00e0 Johannesburg<\/h2>\n<h3>D\u00e9couvrez votre itin\u00e9raire sur le web, sur mobile ou via une application et r\u00e9servez d\u00e8s maintenant en ligne un billet de bus pas cher de Harare \u00e0 Johannesburg.<\/h3>\n<p>R\u00e9servez vos billets de bus pas chers de Harare \u00e0 Johannesburg en ligne. Johannesburg, ville dynamique situ\u00e9e dans la province du Gauteng en Afrique du Sud, est un v\u00e9ritable carrefour cosmopolite et multiculturel o\u00f9 se c\u00f4toient des personnes de tous horizons et du monde entier. Voici quelques-unes des principales attractions de la ville. Qu&#039;attendez-vous ? R\u00e9servez d\u00e8s maintenant votre billet de bus pas cher de Harare \u00e0 Johannesburg en ligne !.<\/p>\n<h2>Billets de bus de Harare \u00e0 Johannesburg\u00a0: r\u00e9servation, tarifs, itin\u00e9raires et horaires \u2013 FAQ<\/h2>\n<h3>Quel est le moyen le plus abordable de se rendre de Harare \u00e0 Johannesburg ?<\/h3>\n<p>Le moyen le plus \u00e9conomique de se rendre de Harare \u00e0 Johannesburg est le bus. Un bus pas cher de Harare \u00e0 Johannesburg co\u00fbte entre $30 et $55 et le trajet dure 19 heures.<\/p>\n<h3>Existe-t-il un bus direct d&#039;Harare \u00e0 Johannesburg\u00a0?<\/h3>\n<p>Oui, il existe un bus direct entre Harare et Johannesburg. Il y a cinq d\u00e9parts par jour, tous les jours. Le trajet dure environ 19 heures.<\/p>\n<h3>Quelle est la distance entre Harare et Johannesburg en bus ?<\/h3>\n<p>La distance \u00e0 parcourir en bus entre Harare et Johannesburg est de 981 km.<\/p>\n<h3>O\u00f9 puis-je prendre le bus pour aller de Harare \u00e0 Johannesburg ?<\/h3>\n<p>R\u00e9servez des billets de bus pas chers pour les trajets Harare-Johannesburg, tarifs Intercape, d\u00e9part de la gare routi\u00e8re de Harare.<\/p>\n<h3>Prendre l&#039;avion ou le bus pour aller de Harare \u00e0 Johannesburg ?<\/h3>\n<p>Le meilleur moyen de se rendre de Harare \u00e0 Johannesburg est de <a href=\"https:\/\/tiketi.com\/fr-fr\/flights-harare-johannesburg-hre-jnb\/\" target=\"_blank\" rel=\"noopener\">voler<\/a> Le trajet dure 2 h 50 et co\u00fbte entre $130 et $500. Vous pouvez \u00e9galement prendre le bus, de Harare \u00e0 Johannesburg (tarif\u00a0: $30 \u2013 $55), pour un trajet de 19\u00a0h.<\/p>\n<h2>Conseils pour les trajets en bus de Harare \u00e0 Johannesburg<\/h2>\n<p>Voici quelques-uns des meilleurs <a href=\"https:\/\/tiketi.com\/fr-fr\/tours\/South-Africa\/Johannesburg\/\" target=\"_blank\" rel=\"noopener\">attractions \u00e0 Johannesbourg<\/a>:<\/p>\n<h3>Parc d&#039;Auckland<\/h3>\n<p>C&#039;est une banlieue situ\u00e9e au nord-ouest du centre-ville de Johannesburg. Elle offre un large \u00e9ventail d&#039;infrastructures et d&#039;activit\u00e9s de loisirs. L&#039;ambiance y est tr\u00e8s anim\u00e9e\u00a0: restaurants, boutiques originales et terrasses de caf\u00e9s sont monnaie courante.<br \/>\nKensington<br \/>\nIl s&#039;agit d&#039;un des quartiers historiques du centre-ville. Il est dens\u00e9ment arbor\u00e9, ce qui lui conf\u00e8re un aspect bois\u00e9 caract\u00e9ristique.<\/p>\n<h3>Cit\u00e9 du r\u00e9cif d&#039;or<\/h3>\n<p>Il y a un grand et tr\u00e8s c\u00e9l\u00e8bre parc d&#039;attractions \u00e0 Johannesburg. Il attire de nombreux visiteurs gr\u00e2ce \u00e0 son m\u00e9lange de fantaisie, de divertissement et de faits historiques, le tout dans une atmosph\u00e8re s\u00e9curis\u00e9e avec un grand parking.<br \/>\nPour visiter toutes les attractions de Johannesburg, il faut y s\u00e9journer au moins une semaine. Se loger \u00e0 Johannesburg ne pose pas de probl\u00e8me majeur.<\/p>","protected":false},"excerpt":{"rendered":"<p>Cheap Bus from Harare to Johannesburg\u00a0Online Booking Discover your travel route on web, mobile or app and book cheap bus ticket from Harare to Johannesburg online now. Do cheap bus tickets from\u00a0Harare to Johannesburg bus booking online. Johannesburg is a naturally packed city in the little province of South Africa, Gauteng, and is a cosmopolitan, [&hellip;]<\/p>\n","protected":false},"author":1,"featured_media":13999,"parent":25566,"menu_order":0,"comment_status":"open","ping_status":"closed","template":"template-home-modern.php","meta":{"footnotes":""},"class_list":["post-11680","page","type-page","status-publish","has-post-thumbnail","hentry"],"yoast_head":"<!-- This site is optimized with the Yoast SEO plugin v27.5 - https:\/\/yoast.com\/product\/yoast-seo-wordpress\/ -->\n<title>Bus Tickets from Harare to Johannesburg Bus Booking, Fare, Route &amp; Schedule<\/title>\n<meta name=\"description\" content=\"Looking for bus tickets from Harare to Johannesburg bus ticket app, schedule &amp; fare? Book cheap bus tickets from Harare to Johannesburg online\" \/>\n<meta name=\"robots\" content=\"index, follow, max-snippet:-1, max-image-preview:large, max-video-preview:-1\" \/>\n<link rel=\"canonical\" href=\"https:\/\/tiketi.com\/fr-fr\/routes\/bus\/tickets-harare-to-johannesburg\/\" \/>\n<meta property=\"og:locale\" content=\"fr_FR\" \/>\n<meta property=\"og:type\" content=\"article\" \/>\n<meta property=\"og:title\" content=\"Bus Tickets from Harare to Johannesburg Bus Booking, Fare, Route &amp; Schedule\" \/>\n<meta property=\"og:description\" content=\"Looking for bus tickets from Harare to Johannesburg bus ticket app, schedule &amp; fare? Book cheap bus tickets from Harare to Johannesburg online\" \/>\n<meta property=\"og:url\" content=\"https:\/\/tiketi.com\/fr-fr\/routes\/bus\/tickets-harare-to-johannesburg\/\" \/>\n<meta property=\"og:site_name\" content=\"Tiketi.com\" \/>\n<meta property=\"article:publisher\" content=\"https:\/\/www.facebook.com\/TiketiCom\/\" \/>\n<meta property=\"article:modified_time\" content=\"2022-10-28T08:35:51+00:00\" \/>\n<meta property=\"og:image\" content=\"https:\/\/tiketi.com\/wp-content\/uploads\/2022\/01\/bus-ticket-online-booking.jpg\" \/>\n\t<meta property=\"og:image:width\" content=\"1200\" \/>\n\t<meta property=\"og:image:height\" content=\"206\" \/>\n\t<meta property=\"og:image:type\" content=\"image\/jpeg\" \/>\n<meta name=\"twitter:card\" content=\"summary_large_image\" \/>\n<meta name=\"twitter:label1\" content=\"Dur\u00e9e de lecture estim\u00e9e\" \/>\n\t<meta name=\"twitter:data1\" content=\"2 minutes\" \/>\n<script type=\"application\/ld+json\" class=\"yoast-schema-graph\">{\"@context\":\"https:\\\/\\\/schema.org\",\"@graph\":[{\"@type\":\"WebPage\",\"@id\":\"https:\\\/\\\/tiketi.com\\\/routes\\\/bus\\\/tickets-harare-to-johannesburg\\\/\",\"url\":\"https:\\\/\\\/tiketi.com\\\/routes\\\/bus\\\/tickets-harare-to-johannesburg\\\/\",\"name\":\"Bus Tickets from Harare to Johannesburg Bus Booking, Fare, Route & Schedule\",\"isPartOf\":{\"@id\":\"https:\\\/\\\/tiketi.com\\\/#website\"},\"primaryImageOfPage\":{\"@id\":\"https:\\\/\\\/tiketi.com\\\/routes\\\/bus\\\/tickets-harare-to-johannesburg\\\/#primaryimage\"},\"image\":{\"@id\":\"https:\\\/\\\/tiketi.com\\\/routes\\\/bus\\\/tickets-harare-to-johannesburg\\\/#primaryimage\"},\"thumbnailUrl\":\"https:\\\/\\\/tiketi.com\\\/wp-content\\\/uploads\\\/2022\\\/01\\\/bus-ticket-online-booking.jpg\",\"datePublished\":\"2022-01-19T11:55:03+00:00\",\"dateModified\":\"2022-10-28T08:35:51+00:00\",\"description\":\"Looking for bus tickets from Harare to Johannesburg bus ticket app, schedule & fare? Book cheap bus tickets from Harare to Johannesburg online\",\"breadcrumb\":{\"@id\":\"https:\\\/\\\/tiketi.com\\\/routes\\\/bus\\\/tickets-harare-to-johannesburg\\\/#breadcrumb\"},\"inLanguage\":\"fr-FR\",\"potentialAction\":[{\"@type\":\"ReadAction\",\"target\":[\"https:\\\/\\\/tiketi.com\\\/routes\\\/bus\\\/tickets-harare-to-johannesburg\\\/\"]}]},{\"@type\":\"ImageObject\",\"inLanguage\":\"fr-FR\",\"@id\":\"https:\\\/\\\/tiketi.com\\\/routes\\\/bus\\\/tickets-harare-to-johannesburg\\\/#primaryimage\",\"url\":\"https:\\\/\\\/tiketi.com\\\/wp-content\\\/uploads\\\/2022\\\/01\\\/bus-ticket-online-booking.jpg\",\"contentUrl\":\"https:\\\/\\\/tiketi.com\\\/wp-content\\\/uploads\\\/2022\\\/01\\\/bus-ticket-online-booking.jpg\",\"width\":1200,\"height\":206,\"caption\":\"Online Bus Ticket Booking\"},{\"@type\":\"BreadcrumbList\",\"@id\":\"https:\\\/\\\/tiketi.com\\\/routes\\\/bus\\\/tickets-harare-to-johannesburg\\\/#breadcrumb\",\"itemListElement\":[{\"@type\":\"ListItem\",\"position\":1,\"name\":\"Home\",\"item\":\"https:\\\/\\\/tiketi.com\\\/\"},{\"@type\":\"ListItem\",\"position\":2,\"name\":\"Routes\",\"item\":\"https:\\\/\\\/tiketi.com\\\/routes\\\/\"},{\"@type\":\"ListItem\",\"position\":3,\"name\":\"Bus\",\"item\":\"https:\\\/\\\/tiketi.com\\\/routes\\\/bus\\\/\"},{\"@type\":\"ListItem\",\"position\":4,\"name\":\"Bus Tickets from Harare to Johannesburg Bus Booking, Fare, Route &#038; Schedule\"}]},{\"@type\":\"WebSite\",\"@id\":\"https:\\\/\\\/tiketi.com\\\/#website\",\"url\":\"https:\\\/\\\/tiketi.com\\\/\",\"name\":\"Flight & Bus Tickets, Tour Packages & Activitites - Tiketi.com\",\"description\":\"Flight &amp; Bus Tickets, Tours, Activitites\",\"publisher\":{\"@id\":\"https:\\\/\\\/tiketi.com\\\/#organization\"},\"potentialAction\":[{\"@type\":\"SearchAction\",\"target\":{\"@type\":\"EntryPoint\",\"urlTemplate\":\"https:\\\/\\\/tiketi.com\\\/?s={search_term_string}\"},\"query-input\":{\"@type\":\"PropertyValueSpecification\",\"valueRequired\":true,\"valueName\":\"search_term_string\"}}],\"inLanguage\":\"fr-FR\"},{\"@type\":\"Organization\",\"@id\":\"https:\\\/\\\/tiketi.com\\\/#organization\",\"name\":\"Tiketi.com\",\"alternateName\":\"Tiketi\",\"url\":\"https:\\\/\\\/tiketi.com\\\/\",\"logo\":{\"@type\":\"ImageObject\",\"inLanguage\":\"fr-FR\",\"@id\":\"https:\\\/\\\/tiketi.com\\\/#\\\/schema\\\/logo\\\/image\\\/\",\"url\":\"https:\\\/\\\/tiketi.com\\\/wp-content\\\/uploads\\\/2019\\\/05\\\/tiketi-logo-696.png\",\"contentUrl\":\"https:\\\/\\\/tiketi.com\\\/wp-content\\\/uploads\\\/2019\\\/05\\\/tiketi-logo-696.png\",\"width\":696,\"height\":696,\"caption\":\"Tiketi.com\"},\"image\":{\"@id\":\"https:\\\/\\\/tiketi.com\\\/#\\\/schema\\\/logo\\\/image\\\/\"},\"sameAs\":[\"https:\\\/\\\/www.facebook.com\\\/TiketiCom\\\/\"]}]}<\/script>\n<!-- \/ Yoast SEO plugin. -->","yoast_head_json":{"title":"Billets de bus Harare - Johannesburg\u00a0: r\u00e9servation, tarifs, itin\u00e9raires et horaires","description":"Vous cherchez des billets de bus Harare-Johannesburg\u00a0? Consultez les horaires et les tarifs\u00a0! R\u00e9servez vos billets de bus Harare-Johannesburg en ligne \u00e0 petit prix.","robots":{"index":"index","follow":"follow","max-snippet":"max-snippet:-1","max-image-preview":"max-image-preview:large","max-video-preview":"max-video-preview:-1"},"canonical":"https:\/\/tiketi.com\/fr-fr\/routes\/bus\/tickets-harare-to-johannesburg\/","og_locale":"fr_FR","og_type":"article","og_title":"Bus Tickets from Harare to Johannesburg Bus Booking, Fare, Route & Schedule","og_description":"Looking for bus tickets from Harare to Johannesburg bus ticket app, schedule & fare? Book cheap bus tickets from Harare to Johannesburg online","og_url":"https:\/\/tiketi.com\/fr-fr\/routes\/bus\/tickets-harare-to-johannesburg\/","og_site_name":"Tiketi.com","article_publisher":"https:\/\/www.facebook.com\/TiketiCom\/","article_modified_time":"2022-10-28T08:35:51+00:00","og_image":[{"width":1200,"height":206,"url":"https:\/\/tiketi.com\/wp-content\/uploads\/2022\/01\/bus-ticket-online-booking.jpg","type":"image\/jpeg"}],"twitter_card":"summary_large_image","twitter_misc":{"Dur\u00e9e de lecture estim\u00e9e":"2 minutes"},"schema":{"@context":"https:\/\/schema.org","@graph":[{"@type":"WebPage","@id":"https:\/\/tiketi.com\/routes\/bus\/tickets-harare-to-johannesburg\/","url":"https:\/\/tiketi.com\/routes\/bus\/tickets-harare-to-johannesburg\/","name":"Billets de bus Harare - Johannesburg\u00a0: r\u00e9servation, tarifs, itin\u00e9raires et horaires","isPartOf":{"@id":"https:\/\/tiketi.com\/#website"},"primaryImageOfPage":{"@id":"https:\/\/tiketi.com\/routes\/bus\/tickets-harare-to-johannesburg\/#primaryimage"},"image":{"@id":"https:\/\/tiketi.com\/routes\/bus\/tickets-harare-to-johannesburg\/#primaryimage"},"thumbnailUrl":"https:\/\/tiketi.com\/wp-content\/uploads\/2022\/01\/bus-ticket-online-booking.jpg","datePublished":"2022-01-19T11:55:03+00:00","dateModified":"2022-10-28T08:35:51+00:00","description":"Vous cherchez des billets de bus Harare-Johannesburg\u00a0? Consultez les horaires et les tarifs\u00a0! R\u00e9servez vos billets de bus Harare-Johannesburg en ligne \u00e0 petit prix.","breadcrumb":{"@id":"https:\/\/tiketi.com\/routes\/bus\/tickets-harare-to-johannesburg\/#breadcrumb"},"inLanguage":"fr-FR","potentialAction":[{"@type":"ReadAction","target":["https:\/\/tiketi.com\/routes\/bus\/tickets-harare-to-johannesburg\/"]}]},{"@type":"ImageObject","inLanguage":"fr-FR","@id":"https:\/\/tiketi.com\/routes\/bus\/tickets-harare-to-johannesburg\/#primaryimage","url":"https:\/\/tiketi.com\/wp-content\/uploads\/2022\/01\/bus-ticket-online-booking.jpg","contentUrl":"https:\/\/tiketi.com\/wp-content\/uploads\/2022\/01\/bus-ticket-online-booking.jpg","width":1200,"height":206,"caption":"Online Bus Ticket Booking"},{"@type":"BreadcrumbList","@id":"https:\/\/tiketi.com\/routes\/bus\/tickets-harare-to-johannesburg\/#breadcrumb","itemListElement":[{"@type":"ListItem","position":1,"name":"Home","item":"https:\/\/tiketi.com\/"},{"@type":"ListItem","position":2,"name":"Routes","item":"https:\/\/tiketi.com\/routes\/"},{"@type":"ListItem","position":3,"name":"Bus","item":"https:\/\/tiketi.com\/routes\/bus\/"},{"@type":"ListItem","position":4,"name":"Bus Tickets from Harare to Johannesburg Bus Booking, Fare, Route &#038; Schedule"}]},{"@type":"WebSite","@id":"https:\/\/tiketi.com\/#website","url":"https:\/\/tiketi.com\/","name":"Billets d&#039;avion et de bus, forfaits touristiques et activit\u00e9s - Tiketi.com","description":"Billets d&#039;avion et de bus, Tours, Activit\u00e9s","publisher":{"@id":"https:\/\/tiketi.com\/#organization"},"potentialAction":[{"@type":"SearchAction","target":{"@type":"EntryPoint","urlTemplate":"https:\/\/tiketi.com\/?s={search_term_string}"},"query-input":{"@type":"PropertyValueSpecification","valueRequired":true,"valueName":"search_term_string"}}],"inLanguage":"fr-FR"},{"@type":"Organization","@id":"https:\/\/tiketi.com\/#organization","name":"Tiketi.com","alternateName":"Tiketi","url":"https:\/\/tiketi.com\/","logo":{"@type":"ImageObject","inLanguage":"fr-FR","@id":"https:\/\/tiketi.com\/#\/schema\/logo\/image\/","url":"https:\/\/tiketi.com\/wp-content\/uploads\/2019\/05\/tiketi-logo-696.png","contentUrl":"https:\/\/tiketi.com\/wp-content\/uploads\/2019\/05\/tiketi-logo-696.png","width":696,"height":696,"caption":"Tiketi.com"},"image":{"@id":"https:\/\/tiketi.com\/#\/schema\/logo\/image\/"},"sameAs":["https:\/\/www.facebook.com\/TiketiCom\/"]}]}},"_links":{"self":[{"href":"https:\/\/tiketi.com\/fr-fr\/wp-json\/wp\/v2\/pages\/11680","targetHints":{"allow":["GET"]}}],"collection":[{"href":"https:\/\/tiketi.com\/fr-fr\/wp-json\/wp\/v2\/pages"}],"about":[{"href":"https:\/\/tiketi.com\/fr-fr\/wp-json\/wp\/v2\/types\/page"}],"author":[{"embeddable":true,"href":"https:\/\/tiketi.com\/fr-fr\/wp-json\/wp\/v2\/users\/1"}],"replies":[{"embeddable":true,"href":"https:\/\/tiketi.com\/fr-fr\/wp-json\/wp\/v2\/comments?post=11680"}],"version-history":[{"count":0,"href":"https:\/\/tiketi.com\/fr-fr\/wp-json\/wp\/v2\/pages\/11680\/revisions"}],"up":[{"embeddable":true,"href":"https:\/\/tiketi.com\/fr-fr\/wp-json\/wp\/v2\/pages\/25566"}],"wp:featuredmedia":[{"embeddable":true,"href":"https:\/\/tiketi.com\/fr-fr\/wp-json\/wp\/v2\/media\/13999"}],"wp:attachment":[{"href":"https:\/\/tiketi.com\/fr-fr\/wp-json\/wp\/v2\/media?parent=11680"}],"curies":[{"name":"wp","href":"https:\/\/api.w.org\/{rel}","templated":true}]}}