{"id":11681,"date":"2022-01-19T12:55:03","date_gmt":"2022-01-19T11:55:03","guid":{"rendered":"https:\/\/new.tiketi.com\/bus-tickets-from-johannesburg-to-lusaka-bus-booking-fare-schedule\/"},"modified":"2022-02-01T10:15:36","modified_gmt":"2022-02-01T09:15:36","slug":"cheap-bus-tickets-from-johannesburg-to-lusaka","status":"publish","type":"page","link":"https:\/\/tiketi.com\/fr-fr\/cheap-bus-tickets-from-johannesburg-to-lusaka\/","title":{"rendered":"Billets de bus de Johannesbourg \u00e0 Lusaka : r\u00e9servation, tarifs et horaires de bus"},"content":{"rendered":"<p>[wbtm-bus-search]<\/p>\n<h2>Bus from Johannesburg to Lusaka Online Ticket\u00a0Booking<\/h2>\n<h3>Discover your travel route on web, mobile or app and book cheap bus ticket from Johannesburg to Lusaka online now.<\/h3>\n<p>Tourism in Lusaka is famous, so what are you waiting for, do your cheap bus tickets from Johannesburg to Lusaka bus booking online now. Tourist attractions at Lusaka are varied. They range from shopping centers to historical monuments to Safari parks. Simply search, compare and book discounted deals on cheap bus from Johannesburg to Lusaka tickets online now.<\/p>\n<h2>Bus Tickets from Johannesburg to Lusaka Bus Booking, Fares, Routes &amp; Schedules FAQs<\/h2>\n<h3>What is the affordable way to get from Johannesburg to Lusaka?<\/h3>\n<p>The affordable way to get from Johannesburg to Lusaka by bus. Buses from Johannesburg to Lusaka fare costs $36 and takes 20h 30m.<\/p>\n<h3>Is there a direct bus Johannesburg to Lusaka?<\/h3>\n<p>Yes, there is a direct bus Johannesburg to Lusaka and arriving at Lusaka. Services depart once daily, and run every day. The journey takes about 20h 30m.<\/p>\n<h3>What is the distance of Johannesburg to Lusaka by bus?<\/h3>\n<p>The distance between Lusaka and Johannesburg is 1201km.<\/p>\n<h3>Where do I take the Johannesburg to Lusaka bus from?<\/h3>\n<p>Cheap bus tickets from Johannesburg to Lusaka, operated by shalom bus from Johannesburg to Lusaka.<\/p>\n<h3>Fly or bus from Johannesburg to Lusaka?<\/h3>\n<p>The top way to get from Johannesburg to Lusaka is not to <a href=\"https:\/\/tiketi.com\/flightst\" target=\"_blank\" rel=\"noopener\">fly<\/a> which takes 5h 20m and costs $190 and $300. Alternatively, you can intercede bus fare from Johannesburg to lusaka costs $36 and 20h 30m.<\/p>\n<h2>Bus from Johannesburg to Lusaka Tips<\/h2>\n<p><strong>Here are some of the best attractions of Lusaka:<\/strong><\/p>\n<h3>Natural attractions<\/h3>\n<p>Lusaka is popular for its natural beauty. Botanical Garden, Lusaka Zoo, and Munda Wanga Environmental Park are most popular natural attractions. Munda Wanga Environmental Park is a big attraction. It is a hard housing environmental educational center, a Botanical Garden and a Wildlife park and Sanctuary. This place has over one-thousand plant species, and over forty species of wild animals. Terrace restaurant and bar, the park has 2 swimming pools, adventure fields and playground.<\/p>\n<h3>Cultural attractions<\/h3>\n<p>Cultural attractions at Lusaka are ample and contain, the Agricultural society show ground, the Moore Pottery Factory, the Cathedral of the Holy Cross in, the Lusaka Playhouse theater. The Lusaka Playhouse theater is very famous among visitors as well as locals. Other locations you may enjoy at Lusaka contain: Lusaka Central Sports Club and a Golf Club.<\/p>\n","protected":false},"excerpt":{"rendered":"<p>[wbtm-bus-search] Bus from Johannesburg to Lusaka Online Ticket\u00a0Booking Discover your travel route on web, mobile or app and book cheap bus ticket from Johannesburg to Lusaka online now. Tourism in Lusaka is famous, so what are you waiting for, do your cheap bus tickets from Johannesburg to Lusaka bus booking online now. Tourist attractions at [&hellip;]<\/p>\n","protected":false},"author":1,"featured_media":13999,"parent":0,"menu_order":0,"comment_status":"open","ping_status":"closed","template":"template-home-modern.php","meta":{"footnotes":""},"class_list":["post-11681","page","type-page","status-publish","has-post-thumbnail","hentry"],"yoast_head":"<!-- This site is optimized with the Yoast SEO plugin v27.2 - https:\/\/yoast.com\/product\/yoast-seo-wordpress\/ -->\n<title>Bus Tickets from Johannesburg to Lusaka Bus Booking, Fare &amp; Schedule<\/title>\n<meta name=\"description\" content=\"Looking for bus tickets from Johannesburg to Lusaka bus booking app, schedule &amp; fare? Book cheap bus from Johannesburg to Lusaka online\" \/>\n<meta name=\"robots\" content=\"index, follow, max-snippet:-1, max-image-preview:large, max-video-preview:-1\" \/>\n<link rel=\"canonical\" href=\"https:\/\/tiketi.com\/fr-fr\/cheap-bus-tickets-from-johannesburg-to-lusaka\/\" \/>\n<meta property=\"og:locale\" content=\"fr_FR\" \/>\n<meta property=\"og:type\" content=\"article\" \/>\n<meta property=\"og:title\" content=\"Bus Tickets from Johannesburg to Lusaka Bus Booking, Fare &amp; Schedule\" \/>\n<meta property=\"og:description\" content=\"Looking for bus tickets from Johannesburg to Lusaka bus booking app, schedule &amp; fare? Book cheap bus from Johannesburg to Lusaka online\" \/>\n<meta property=\"og:url\" content=\"https:\/\/tiketi.com\/fr-fr\/cheap-bus-tickets-from-johannesburg-to-lusaka\/\" \/>\n<meta property=\"og:site_name\" content=\"Tiketi.com\" \/>\n<meta property=\"article:publisher\" content=\"https:\/\/www.facebook.com\/TiketiCom\/\" \/>\n<meta property=\"article:modified_time\" content=\"2022-02-01T09:15:36+00:00\" \/>\n<meta property=\"og:image\" content=\"https:\/\/tiketi.com\/wp-content\/uploads\/2022\/01\/bus-ticket-online-booking.jpg\" \/>\n\t<meta property=\"og:image:width\" content=\"1200\" \/>\n\t<meta property=\"og:image:height\" content=\"206\" \/>\n\t<meta property=\"og:image:type\" content=\"image\/jpeg\" \/>\n<meta name=\"twitter:card\" content=\"summary_large_image\" \/>\n<meta name=\"twitter:label1\" content=\"Dur\u00e9e de lecture estim\u00e9e\" \/>\n\t<meta name=\"twitter:data1\" content=\"2 minutes\" \/>\n<script type=\"application\/ld+json\" class=\"yoast-schema-graph\">{\"@context\":\"https:\/\/schema.org\",\"@graph\":[{\"@type\":\"WebPage\",\"@id\":\"https:\/\/tiketi.com\/cheap-bus-tickets-from-johannesburg-to-lusaka\/\",\"url\":\"https:\/\/tiketi.com\/cheap-bus-tickets-from-johannesburg-to-lusaka\/\",\"name\":\"Bus Tickets from Johannesburg to Lusaka Bus Booking, Fare & Schedule\",\"isPartOf\":{\"@id\":\"https:\/\/tiketi.com\/#website\"},\"primaryImageOfPage\":{\"@id\":\"https:\/\/tiketi.com\/cheap-bus-tickets-from-johannesburg-to-lusaka\/#primaryimage\"},\"image\":{\"@id\":\"https:\/\/tiketi.com\/cheap-bus-tickets-from-johannesburg-to-lusaka\/#primaryimage\"},\"thumbnailUrl\":\"https:\/\/tiketi.com\/wp-content\/uploads\/2022\/01\/bus-ticket-online-booking.jpg\",\"datePublished\":\"2022-01-19T11:55:03+00:00\",\"dateModified\":\"2022-02-01T09:15:36+00:00\",\"description\":\"Looking for bus tickets from Johannesburg to Lusaka bus booking app, schedule & fare? Book cheap bus from Johannesburg to Lusaka online\",\"breadcrumb\":{\"@id\":\"https:\/\/tiketi.com\/cheap-bus-tickets-from-johannesburg-to-lusaka\/#breadcrumb\"},\"inLanguage\":\"fr-FR\",\"potentialAction\":[{\"@type\":\"ReadAction\",\"target\":[\"https:\/\/tiketi.com\/cheap-bus-tickets-from-johannesburg-to-lusaka\/\"]}]},{\"@type\":\"ImageObject\",\"inLanguage\":\"fr-FR\",\"@id\":\"https:\/\/tiketi.com\/cheap-bus-tickets-from-johannesburg-to-lusaka\/#primaryimage\",\"url\":\"https:\/\/tiketi.com\/wp-content\/uploads\/2022\/01\/bus-ticket-online-booking.jpg\",\"contentUrl\":\"https:\/\/tiketi.com\/wp-content\/uploads\/2022\/01\/bus-ticket-online-booking.jpg\",\"width\":1200,\"height\":206,\"caption\":\"Online Bus Ticket Booking\"},{\"@type\":\"BreadcrumbList\",\"@id\":\"https:\/\/tiketi.com\/cheap-bus-tickets-from-johannesburg-to-lusaka\/#breadcrumb\",\"itemListElement\":[{\"@type\":\"ListItem\",\"position\":1,\"name\":\"Home\",\"item\":\"https:\/\/tiketi.com\/\"},{\"@type\":\"ListItem\",\"position\":2,\"name\":\"Bus Tickets from Johannesburg to Lusaka Bus Booking, Fare &#038; Schedule\"}]},{\"@type\":\"WebSite\",\"@id\":\"https:\/\/tiketi.com\/#website\",\"url\":\"https:\/\/tiketi.com\/\",\"name\":\"Flight & Bus Tickets, Tour Packages & Activitites - Tiketi.com\",\"description\":\"Flight &amp; Bus Tickets, Tours, Activitites\",\"publisher\":{\"@id\":\"https:\/\/tiketi.com\/#organization\"},\"potentialAction\":[{\"@type\":\"SearchAction\",\"target\":{\"@type\":\"EntryPoint\",\"urlTemplate\":\"https:\/\/tiketi.com\/?s={search_term_string}\"},\"query-input\":{\"@type\":\"PropertyValueSpecification\",\"valueRequired\":true,\"valueName\":\"search_term_string\"}}],\"inLanguage\":\"fr-FR\"},{\"@type\":\"Organization\",\"@id\":\"https:\/\/tiketi.com\/#organization\",\"name\":\"Tiketi.com\",\"alternateName\":\"Tiketi\",\"url\":\"https:\/\/tiketi.com\/\",\"logo\":{\"@type\":\"ImageObject\",\"inLanguage\":\"fr-FR\",\"@id\":\"https:\/\/tiketi.com\/#\/schema\/logo\/image\/\",\"url\":\"https:\/\/tiketi.com\/wp-content\/uploads\/2019\/05\/tiketi-logo-696.png\",\"contentUrl\":\"https:\/\/tiketi.com\/wp-content\/uploads\/2019\/05\/tiketi-logo-696.png\",\"width\":696,\"height\":696,\"caption\":\"Tiketi.com\"},\"image\":{\"@id\":\"https:\/\/tiketi.com\/#\/schema\/logo\/image\/\"},\"sameAs\":[\"https:\/\/www.facebook.com\/TiketiCom\/\"]}]}<\/script>\n<!-- \/ Yoast SEO plugin. -->","yoast_head_json":{"title":"Billets de bus de Johannesbourg \u00e0 Lusaka : r\u00e9servation, tarifs et horaires de bus","description":"Vous recherchez des billets de bus de Johannesbourg \u00e0 Lusaka, application de r\u00e9servation de bus, horaires et tarifs ? R\u00e9server un bus pas cher de Johannesbourg \u00e0 Lusaka en ligne","robots":{"index":"index","follow":"follow","max-snippet":"max-snippet:-1","max-image-preview":"max-image-preview:large","max-video-preview":"max-video-preview:-1"},"canonical":"https:\/\/tiketi.com\/fr-fr\/cheap-bus-tickets-from-johannesburg-to-lusaka\/","og_locale":"fr_FR","og_type":"article","og_title":"Bus Tickets from Johannesburg to Lusaka Bus Booking, Fare & Schedule","og_description":"Looking for bus tickets from Johannesburg to Lusaka bus booking app, schedule & fare? Book cheap bus from Johannesburg to Lusaka online","og_url":"https:\/\/tiketi.com\/fr-fr\/cheap-bus-tickets-from-johannesburg-to-lusaka\/","og_site_name":"Tiketi.com","article_publisher":"https:\/\/www.facebook.com\/TiketiCom\/","article_modified_time":"2022-02-01T09:15:36+00:00","og_image":[{"width":1200,"height":206,"url":"https:\/\/tiketi.com\/wp-content\/uploads\/2022\/01\/bus-ticket-online-booking.jpg","type":"image\/jpeg"}],"twitter_card":"summary_large_image","twitter_misc":{"Dur\u00e9e de lecture estim\u00e9e":"2 minutes"},"schema":{"@context":"https:\/\/schema.org","@graph":[{"@type":"WebPage","@id":"https:\/\/tiketi.com\/cheap-bus-tickets-from-johannesburg-to-lusaka\/","url":"https:\/\/tiketi.com\/cheap-bus-tickets-from-johannesburg-to-lusaka\/","name":"Billets de bus de Johannesbourg \u00e0 Lusaka : r\u00e9servation, tarifs et horaires de bus","isPartOf":{"@id":"https:\/\/tiketi.com\/#website"},"primaryImageOfPage":{"@id":"https:\/\/tiketi.com\/cheap-bus-tickets-from-johannesburg-to-lusaka\/#primaryimage"},"image":{"@id":"https:\/\/tiketi.com\/cheap-bus-tickets-from-johannesburg-to-lusaka\/#primaryimage"},"thumbnailUrl":"https:\/\/tiketi.com\/wp-content\/uploads\/2022\/01\/bus-ticket-online-booking.jpg","datePublished":"2022-01-19T11:55:03+00:00","dateModified":"2022-02-01T09:15:36+00:00","description":"Vous recherchez des billets de bus de Johannesbourg \u00e0 Lusaka, application de r\u00e9servation de bus, horaires et tarifs ? R\u00e9server un bus pas cher de Johannesbourg \u00e0 Lusaka en ligne","breadcrumb":{"@id":"https:\/\/tiketi.com\/cheap-bus-tickets-from-johannesburg-to-lusaka\/#breadcrumb"},"inLanguage":"fr-FR","potentialAction":[{"@type":"ReadAction","target":["https:\/\/tiketi.com\/cheap-bus-tickets-from-johannesburg-to-lusaka\/"]}]},{"@type":"ImageObject","inLanguage":"fr-FR","@id":"https:\/\/tiketi.com\/cheap-bus-tickets-from-johannesburg-to-lusaka\/#primaryimage","url":"https:\/\/tiketi.com\/wp-content\/uploads\/2022\/01\/bus-ticket-online-booking.jpg","contentUrl":"https:\/\/tiketi.com\/wp-content\/uploads\/2022\/01\/bus-ticket-online-booking.jpg","width":1200,"height":206,"caption":"Online Bus Ticket Booking"},{"@type":"BreadcrumbList","@id":"https:\/\/tiketi.com\/cheap-bus-tickets-from-johannesburg-to-lusaka\/#breadcrumb","itemListElement":[{"@type":"ListItem","position":1,"name":"Home","item":"https:\/\/tiketi.com\/"},{"@type":"ListItem","position":2,"name":"Bus Tickets from Johannesburg to Lusaka Bus Booking, Fare &#038; Schedule"}]},{"@type":"WebSite","@id":"https:\/\/tiketi.com\/#website","url":"https:\/\/tiketi.com\/","name":"Billets d&#039;avion et de bus, forfaits touristiques et activit\u00e9s - Tiketi.com","description":"Billets d&#039;avion et de bus, Tours, Activit\u00e9s","publisher":{"@id":"https:\/\/tiketi.com\/#organization"},"potentialAction":[{"@type":"SearchAction","target":{"@type":"EntryPoint","urlTemplate":"https:\/\/tiketi.com\/?s={search_term_string}"},"query-input":{"@type":"PropertyValueSpecification","valueRequired":true,"valueName":"search_term_string"}}],"inLanguage":"fr-FR"},{"@type":"Organization","@id":"https:\/\/tiketi.com\/#organization","name":"Tiketi.com","alternateName":"Tiketi","url":"https:\/\/tiketi.com\/","logo":{"@type":"ImageObject","inLanguage":"fr-FR","@id":"https:\/\/tiketi.com\/#\/schema\/logo\/image\/","url":"https:\/\/tiketi.com\/wp-content\/uploads\/2019\/05\/tiketi-logo-696.png","contentUrl":"https:\/\/tiketi.com\/wp-content\/uploads\/2019\/05\/tiketi-logo-696.png","width":696,"height":696,"caption":"Tiketi.com"},"image":{"@id":"https:\/\/tiketi.com\/#\/schema\/logo\/image\/"},"sameAs":["https:\/\/www.facebook.com\/TiketiCom\/"]}]}},"_links":{"self":[{"href":"https:\/\/tiketi.com\/fr-fr\/wp-json\/wp\/v2\/pages\/11681","targetHints":{"allow":["GET"]}}],"collection":[{"href":"https:\/\/tiketi.com\/fr-fr\/wp-json\/wp\/v2\/pages"}],"about":[{"href":"https:\/\/tiketi.com\/fr-fr\/wp-json\/wp\/v2\/types\/page"}],"author":[{"embeddable":true,"href":"https:\/\/tiketi.com\/fr-fr\/wp-json\/wp\/v2\/users\/1"}],"replies":[{"embeddable":true,"href":"https:\/\/tiketi.com\/fr-fr\/wp-json\/wp\/v2\/comments?post=11681"}],"version-history":[{"count":0,"href":"https:\/\/tiketi.com\/fr-fr\/wp-json\/wp\/v2\/pages\/11681\/revisions"}],"wp:featuredmedia":[{"embeddable":true,"href":"https:\/\/tiketi.com\/fr-fr\/wp-json\/wp\/v2\/media\/13999"}],"wp:attachment":[{"href":"https:\/\/tiketi.com\/fr-fr\/wp-json\/wp\/v2\/media?parent=11681"}],"curies":[{"name":"wp","href":"https:\/\/api.w.org\/{rel}","templated":true}]}}