{"id":11684,"date":"2022-01-19T12:55:03","date_gmt":"2022-01-19T11:55:03","guid":{"rendered":"https:\/\/new.tiketi.com\/bus-from-arusha-to-nairobi-bus-tickets-routes-schedules-fares\/"},"modified":"2023-08-21T11:12:14","modified_gmt":"2023-08-21T10:12:14","slug":"arusha-to-nairobi","status":"publish","type":"page","link":"https:\/\/tiketi.com\/fr-fr\/routes\/bus\/arusha-to-nairobi\/","title":{"rendered":"Navette d&#039;Arusha \u00e0 Nairobi Billets de bus, horaires et tarifs"},"content":{"rendered":"<h2>Billets de bus pas chers d&#039;Arusha \u00e0 Nairobi R\u00e9servation en ligne<\/h2>\n<h3>D\u00e9couvrez votre itin\u00e9raire de voyage sur le Web, votre mobile ou votre application et r\u00e9servez d\u00e8s maintenant vos billets de bus pas chers d&#039;Arusha \u00e0 Nairobi en ligne.<\/h3>\n<p>Comparez et faites les meilleurs et les moins chers navettes de bus d&#039;Arusha \u00e0 Nairobi en r\u00e9servant maintenant en ligne et voyagez d&#039;Arusha \u00e0 Nairobi en bus. La nouvelle ann\u00e9e approche \u00e0 grands pas et nombreux sont ceux qui recherchent des endroits amusants \u00e0 visiter en famille ou entre amis. Dans cet esprit, nous d\u00e9crivons ici les lieux c\u00e9l\u00e8bres de la ville de Nairobi. Alors r\u00e9servez d\u00e8s maintenant vos billets de navette d&#039;Arusha \u00e0 Nairobi en ligne et voyagez par la route.<\/p>\n<h2>FAQ sur les tarifs, les itin\u00e9raires et les horaires des bus de la meilleure navette d&#039;Arusha \u00e0 Nairobi<\/h2>\n<h3>Est-ce qu&#039;Arusha \u00e0 Nairobi en bus est le moyen abordable d&#039;aller d&#039;Arusha \u00e0 Nairobi ?<\/h3>\n<p>Oui, le bus est le moyen le moins cher pour se rendre d\u2019Arusha \u00e0 Nairobi. Les billets de bus bon march\u00e9 d\u2019Arusha \u00e0 Nairobi co\u00fbtent $25 \u2013 $35 et dure 5 \u2013 6h.<\/p>\n<h3>Quelle est la distance entre Arusha et Nairobi en bus ?<\/h3>\n<p>La distance parcourue par la navette d&#039;Arusha \u00e0 Nairobi est de 232 km.<\/p>\n<h3>Comment puis-je me d\u00e9placer d&#039;Arusha \u00e0 Nairobi sans voiture ?<\/h3>\n<p>L&#039;excellent moyen pour se rendre d&#039;Arusha \u00e0 Nairobi sans voiture est de bus ou taxi, ce qui dure environ 5 \u00e0 6h et co\u00fbte $25 \u2013 $200.<\/p>\n<h3>Avion ou navette d&#039;Arusha \u00e0 Nairobi ?<\/h3>\n<p>L&#039;excellent moyen de se rendre d&#039;Arusha \u00e0 Nairobi est de <a href=\"https:\/\/tiketi.com\/fr-fr\/flightst\/\" target=\"_blank\" rel=\"noopener\">voler<\/a> ce qui prend environ 3 heures et co\u00fbte $150 \u2013 $500. Alternativement, vous pouvez prendre un bus pas cher d&#039;Arusha \u00e0 Nairobi en bus, le tarif est $25 \u2013 $35 et dure 5 \u00e0 6h.<\/p>\n<h3>Puis-je conduire moi-m\u00eame ou dois-je voyager en bus d&#039;Arusha \u00e0 Nairobi ?<\/h3>\n<p>Oui, vous pouvez conduire ou prendre le bus. La distance en voiture entre Nairobi et Arusha est de 271 km. Il faut environ 5 \u00e0 6 heures pour prendre le bus d\u2019Arusha \u00e0 Nairobi, au Kenya. Bon march\u00e9 <a href=\"https:\/\/tiketi.com\/fr-fr\/car-rentals\/\" target=\"_blank\" rel=\"noopener\">location de voitures<\/a>.<\/p>\n<h2>Conseils pour la navette d&#039;Arusha \u00e0 Nairobi<\/h2>\n<p>Voici quelques-uns des meilleurs <a href=\"https:\/\/tiketi.com\/fr-fr\/vacations\/nairobi-tour-packages\/\" target=\"_blank\" rel=\"noopener\">attractions<\/a> \u00e0 Nairobi :<\/p>\n<h3>Mondes aquatiques Splash<\/h3>\n<p>Ce parc est le parc aquatique le plus humide de Nairobi avec des piscines et des toboggans. Splash Water World est le magasin num\u00e9ro 1 \u00e0 Nairobi et c&#039;est un paradis pour les enfants. Si jamais vous en avez assez des \u00e9claboussures, vous pouvez essayer les promenades \u00e0 cheval et \u00e0 dos de chameau, le beach-volley et d&#039;autres choix amusants.<\/p>\n<h3>paradis perdu<\/h3>\n<p>Si vous aimez la nature, le meilleur endroit amusant \u00e0 visiter est le paradis perdu. C&#039;est une charmante retraite situ\u00e9e \u00e0 proximit\u00e9 de la ville de Kiambu, \u00e0 environ dix kilom\u00e8tres de Nairobi. Le paradis est un labyrinthe de grottes et il poss\u00e8de une cascade incroyable. Si vous gardez un \u0153il attentif, vous verrez de nombreux oiseaux charmants, des autruches et vous pourrez \u00e9galement participer \u00e0 des activit\u00e9s amusantes.<\/p>\n<h3>Centre Sarit<\/h3>\n<p>Sarit Center est l&#039;un des grands centres commerciaux de Nairobi. Situ\u00e9 dans la place Westlands, il abrite les marques les plus renomm\u00e9es et les favoris de la rue tels que Airtel, Adidas, Bata, Safaricom, Levis et bien d&#039;autres.<\/p>","protected":false},"excerpt":{"rendered":"<p>Cheap Bus Tickets from Arusha to Nairobi\u00a0Online Booking Discover your travel route on web, mobile or app and book cheap bus tickets from Arusha to Nairobi online now. Compare and do best and cheap shuttle bus from Arusha to Nairobi bus tickets online booking now and travel Arusha to Nairobi by bus. The New Year [&hellip;]<\/p>\n","protected":false},"author":1,"featured_media":13999,"parent":25566,"menu_order":0,"comment_status":"open","ping_status":"closed","template":"template-home-modern.php","meta":{"footnotes":""},"class_list":["post-11684","page","type-page","status-publish","has-post-thumbnail","hentry"],"yoast_head":"<!-- This site is optimized with the Yoast SEO plugin v27.3 - https:\/\/yoast.com\/product\/yoast-seo-wordpress\/ -->\n<title>Shuttle Bus from Arusha to Nairobi Bus Tickets, Schedule &amp; Fares<\/title>\n<meta name=\"description\" content=\"Looking for shuttle bus from Arusha to Nairobi bus tickets, routes, schedule &amp; fares? Book cheap bus tickets from Arusha to Nairobi online and travel by bus\" \/>\n<meta name=\"robots\" content=\"index, follow, max-snippet:-1, max-image-preview:large, max-video-preview:-1\" \/>\n<link rel=\"canonical\" href=\"https:\/\/tiketi.com\/fr-fr\/routes\/bus\/arusha-to-nairobi\/\" \/>\n<meta property=\"og:locale\" content=\"fr_FR\" \/>\n<meta property=\"og:type\" content=\"article\" \/>\n<meta property=\"og:title\" content=\"Shuttle Bus from Arusha to Nairobi Bus Tickets, Schedule &amp; Fares\" \/>\n<meta property=\"og:description\" content=\"Looking for shuttle bus from Arusha to Nairobi bus tickets, routes, schedule &amp; fares? Book cheap bus tickets from Arusha to Nairobi online and travel by bus\" \/>\n<meta property=\"og:url\" content=\"https:\/\/tiketi.com\/fr-fr\/routes\/bus\/arusha-to-nairobi\/\" \/>\n<meta property=\"og:site_name\" content=\"Tiketi.com\" \/>\n<meta property=\"article:publisher\" content=\"https:\/\/www.facebook.com\/TiketiCom\/\" \/>\n<meta property=\"article:modified_time\" content=\"2023-08-21T10:12:14+00:00\" \/>\n<meta property=\"og:image\" content=\"https:\/\/tiketi.com\/wp-content\/uploads\/2022\/01\/bus-ticket-online-booking.jpg\" \/>\n\t<meta property=\"og:image:width\" content=\"1200\" \/>\n\t<meta property=\"og:image:height\" content=\"206\" \/>\n\t<meta property=\"og:image:type\" content=\"image\/jpeg\" \/>\n<meta name=\"twitter:card\" content=\"summary_large_image\" \/>\n<meta name=\"twitter:label1\" content=\"Dur\u00e9e de lecture estim\u00e9e\" \/>\n\t<meta name=\"twitter:data1\" content=\"3 minutes\" \/>\n<script type=\"application\/ld+json\" class=\"yoast-schema-graph\">{\"@context\":\"https:\\\/\\\/schema.org\",\"@graph\":[{\"@type\":\"WebPage\",\"@id\":\"https:\\\/\\\/tiketi.com\\\/routes\\\/bus\\\/arusha-to-nairobi\\\/\",\"url\":\"https:\\\/\\\/tiketi.com\\\/routes\\\/bus\\\/arusha-to-nairobi\\\/\",\"name\":\"Shuttle Bus from Arusha to Nairobi Bus Tickets, Schedule & Fares\",\"isPartOf\":{\"@id\":\"https:\\\/\\\/tiketi.com\\\/#website\"},\"primaryImageOfPage\":{\"@id\":\"https:\\\/\\\/tiketi.com\\\/routes\\\/bus\\\/arusha-to-nairobi\\\/#primaryimage\"},\"image\":{\"@id\":\"https:\\\/\\\/tiketi.com\\\/routes\\\/bus\\\/arusha-to-nairobi\\\/#primaryimage\"},\"thumbnailUrl\":\"https:\\\/\\\/tiketi.com\\\/wp-content\\\/uploads\\\/2022\\\/01\\\/bus-ticket-online-booking.jpg\",\"datePublished\":\"2022-01-19T11:55:03+00:00\",\"dateModified\":\"2023-08-21T10:12:14+00:00\",\"description\":\"Looking for shuttle bus from Arusha to Nairobi bus tickets, routes, schedule & fares? Book cheap bus tickets from Arusha to Nairobi online and travel by bus\",\"breadcrumb\":{\"@id\":\"https:\\\/\\\/tiketi.com\\\/routes\\\/bus\\\/arusha-to-nairobi\\\/#breadcrumb\"},\"inLanguage\":\"fr-FR\",\"potentialAction\":[{\"@type\":\"ReadAction\",\"target\":[\"https:\\\/\\\/tiketi.com\\\/routes\\\/bus\\\/arusha-to-nairobi\\\/\"]}]},{\"@type\":\"ImageObject\",\"inLanguage\":\"fr-FR\",\"@id\":\"https:\\\/\\\/tiketi.com\\\/routes\\\/bus\\\/arusha-to-nairobi\\\/#primaryimage\",\"url\":\"https:\\\/\\\/tiketi.com\\\/wp-content\\\/uploads\\\/2022\\\/01\\\/bus-ticket-online-booking.jpg\",\"contentUrl\":\"https:\\\/\\\/tiketi.com\\\/wp-content\\\/uploads\\\/2022\\\/01\\\/bus-ticket-online-booking.jpg\",\"width\":1200,\"height\":206,\"caption\":\"Online Bus Ticket Booking\"},{\"@type\":\"BreadcrumbList\",\"@id\":\"https:\\\/\\\/tiketi.com\\\/routes\\\/bus\\\/arusha-to-nairobi\\\/#breadcrumb\",\"itemListElement\":[{\"@type\":\"ListItem\",\"position\":1,\"name\":\"Home\",\"item\":\"https:\\\/\\\/tiketi.com\\\/\"},{\"@type\":\"ListItem\",\"position\":2,\"name\":\"Routes\",\"item\":\"https:\\\/\\\/tiketi.com\\\/routes\\\/\"},{\"@type\":\"ListItem\",\"position\":3,\"name\":\"Bus\",\"item\":\"https:\\\/\\\/tiketi.com\\\/routes\\\/bus\\\/\"},{\"@type\":\"ListItem\",\"position\":4,\"name\":\"Shuttle Bus from Arusha to Nairobi Bus Tickets, Schedule &#038; Fares\"}]},{\"@type\":\"WebSite\",\"@id\":\"https:\\\/\\\/tiketi.com\\\/#website\",\"url\":\"https:\\\/\\\/tiketi.com\\\/\",\"name\":\"Flight & Bus Tickets, Tour Packages & Activitites - Tiketi.com\",\"description\":\"Flight &amp; Bus Tickets, Tours, Activitites\",\"publisher\":{\"@id\":\"https:\\\/\\\/tiketi.com\\\/#organization\"},\"potentialAction\":[{\"@type\":\"SearchAction\",\"target\":{\"@type\":\"EntryPoint\",\"urlTemplate\":\"https:\\\/\\\/tiketi.com\\\/?s={search_term_string}\"},\"query-input\":{\"@type\":\"PropertyValueSpecification\",\"valueRequired\":true,\"valueName\":\"search_term_string\"}}],\"inLanguage\":\"fr-FR\"},{\"@type\":\"Organization\",\"@id\":\"https:\\\/\\\/tiketi.com\\\/#organization\",\"name\":\"Tiketi.com\",\"alternateName\":\"Tiketi\",\"url\":\"https:\\\/\\\/tiketi.com\\\/\",\"logo\":{\"@type\":\"ImageObject\",\"inLanguage\":\"fr-FR\",\"@id\":\"https:\\\/\\\/tiketi.com\\\/#\\\/schema\\\/logo\\\/image\\\/\",\"url\":\"https:\\\/\\\/tiketi.com\\\/wp-content\\\/uploads\\\/2019\\\/05\\\/tiketi-logo-696.png\",\"contentUrl\":\"https:\\\/\\\/tiketi.com\\\/wp-content\\\/uploads\\\/2019\\\/05\\\/tiketi-logo-696.png\",\"width\":696,\"height\":696,\"caption\":\"Tiketi.com\"},\"image\":{\"@id\":\"https:\\\/\\\/tiketi.com\\\/#\\\/schema\\\/logo\\\/image\\\/\"},\"sameAs\":[\"https:\\\/\\\/www.facebook.com\\\/TiketiCom\\\/\"]}]}<\/script>\n<!-- \/ Yoast SEO plugin. -->","yoast_head_json":{"title":"Navette d&#039;Arusha \u00e0 Nairobi Billets de bus, horaires et tarifs","description":"Vous recherchez des billets de bus, des itin\u00e9raires, des horaires et des tarifs pour la navette d&#039;Arusha \u00e0 Nairobi ? R\u00e9servez en ligne vos billets de bus pas chers d&#039;Arusha \u00e0 Nairobi et voyagez en bus","robots":{"index":"index","follow":"follow","max-snippet":"max-snippet:-1","max-image-preview":"max-image-preview:large","max-video-preview":"max-video-preview:-1"},"canonical":"https:\/\/tiketi.com\/fr-fr\/routes\/bus\/arusha-to-nairobi\/","og_locale":"fr_FR","og_type":"article","og_title":"Shuttle Bus from Arusha to Nairobi Bus Tickets, Schedule & Fares","og_description":"Looking for shuttle bus from Arusha to Nairobi bus tickets, routes, schedule & fares? Book cheap bus tickets from Arusha to Nairobi online and travel by bus","og_url":"https:\/\/tiketi.com\/fr-fr\/routes\/bus\/arusha-to-nairobi\/","og_site_name":"Tiketi.com","article_publisher":"https:\/\/www.facebook.com\/TiketiCom\/","article_modified_time":"2023-08-21T10:12:14+00:00","og_image":[{"width":1200,"height":206,"url":"https:\/\/tiketi.com\/wp-content\/uploads\/2022\/01\/bus-ticket-online-booking.jpg","type":"image\/jpeg"}],"twitter_card":"summary_large_image","twitter_misc":{"Dur\u00e9e de lecture estim\u00e9e":"3 minutes"},"schema":{"@context":"https:\/\/schema.org","@graph":[{"@type":"WebPage","@id":"https:\/\/tiketi.com\/routes\/bus\/arusha-to-nairobi\/","url":"https:\/\/tiketi.com\/routes\/bus\/arusha-to-nairobi\/","name":"Navette d&#039;Arusha \u00e0 Nairobi Billets de bus, horaires et tarifs","isPartOf":{"@id":"https:\/\/tiketi.com\/#website"},"primaryImageOfPage":{"@id":"https:\/\/tiketi.com\/routes\/bus\/arusha-to-nairobi\/#primaryimage"},"image":{"@id":"https:\/\/tiketi.com\/routes\/bus\/arusha-to-nairobi\/#primaryimage"},"thumbnailUrl":"https:\/\/tiketi.com\/wp-content\/uploads\/2022\/01\/bus-ticket-online-booking.jpg","datePublished":"2022-01-19T11:55:03+00:00","dateModified":"2023-08-21T10:12:14+00:00","description":"Vous recherchez des billets de bus, des itin\u00e9raires, des horaires et des tarifs pour la navette d&#039;Arusha \u00e0 Nairobi ? R\u00e9servez en ligne vos billets de bus pas chers d&#039;Arusha \u00e0 Nairobi et voyagez en bus","breadcrumb":{"@id":"https:\/\/tiketi.com\/routes\/bus\/arusha-to-nairobi\/#breadcrumb"},"inLanguage":"fr-FR","potentialAction":[{"@type":"ReadAction","target":["https:\/\/tiketi.com\/routes\/bus\/arusha-to-nairobi\/"]}]},{"@type":"ImageObject","inLanguage":"fr-FR","@id":"https:\/\/tiketi.com\/routes\/bus\/arusha-to-nairobi\/#primaryimage","url":"https:\/\/tiketi.com\/wp-content\/uploads\/2022\/01\/bus-ticket-online-booking.jpg","contentUrl":"https:\/\/tiketi.com\/wp-content\/uploads\/2022\/01\/bus-ticket-online-booking.jpg","width":1200,"height":206,"caption":"Online Bus Ticket Booking"},{"@type":"BreadcrumbList","@id":"https:\/\/tiketi.com\/routes\/bus\/arusha-to-nairobi\/#breadcrumb","itemListElement":[{"@type":"ListItem","position":1,"name":"Home","item":"https:\/\/tiketi.com\/"},{"@type":"ListItem","position":2,"name":"Routes","item":"https:\/\/tiketi.com\/routes\/"},{"@type":"ListItem","position":3,"name":"Bus","item":"https:\/\/tiketi.com\/routes\/bus\/"},{"@type":"ListItem","position":4,"name":"Shuttle Bus from Arusha to Nairobi Bus Tickets, Schedule &#038; Fares"}]},{"@type":"WebSite","@id":"https:\/\/tiketi.com\/#website","url":"https:\/\/tiketi.com\/","name":"Billets d&#039;avion et de bus, forfaits touristiques et activit\u00e9s - Tiketi.com","description":"Billets d&#039;avion et de bus, Tours, Activit\u00e9s","publisher":{"@id":"https:\/\/tiketi.com\/#organization"},"potentialAction":[{"@type":"SearchAction","target":{"@type":"EntryPoint","urlTemplate":"https:\/\/tiketi.com\/?s={search_term_string}"},"query-input":{"@type":"PropertyValueSpecification","valueRequired":true,"valueName":"search_term_string"}}],"inLanguage":"fr-FR"},{"@type":"Organization","@id":"https:\/\/tiketi.com\/#organization","name":"Tiketi.com","alternateName":"Tiketi","url":"https:\/\/tiketi.com\/","logo":{"@type":"ImageObject","inLanguage":"fr-FR","@id":"https:\/\/tiketi.com\/#\/schema\/logo\/image\/","url":"https:\/\/tiketi.com\/wp-content\/uploads\/2019\/05\/tiketi-logo-696.png","contentUrl":"https:\/\/tiketi.com\/wp-content\/uploads\/2019\/05\/tiketi-logo-696.png","width":696,"height":696,"caption":"Tiketi.com"},"image":{"@id":"https:\/\/tiketi.com\/#\/schema\/logo\/image\/"},"sameAs":["https:\/\/www.facebook.com\/TiketiCom\/"]}]}},"_links":{"self":[{"href":"https:\/\/tiketi.com\/fr-fr\/wp-json\/wp\/v2\/pages\/11684","targetHints":{"allow":["GET"]}}],"collection":[{"href":"https:\/\/tiketi.com\/fr-fr\/wp-json\/wp\/v2\/pages"}],"about":[{"href":"https:\/\/tiketi.com\/fr-fr\/wp-json\/wp\/v2\/types\/page"}],"author":[{"embeddable":true,"href":"https:\/\/tiketi.com\/fr-fr\/wp-json\/wp\/v2\/users\/1"}],"replies":[{"embeddable":true,"href":"https:\/\/tiketi.com\/fr-fr\/wp-json\/wp\/v2\/comments?post=11684"}],"version-history":[{"count":0,"href":"https:\/\/tiketi.com\/fr-fr\/wp-json\/wp\/v2\/pages\/11684\/revisions"}],"up":[{"embeddable":true,"href":"https:\/\/tiketi.com\/fr-fr\/wp-json\/wp\/v2\/pages\/25566"}],"wp:featuredmedia":[{"embeddable":true,"href":"https:\/\/tiketi.com\/fr-fr\/wp-json\/wp\/v2\/media\/13999"}],"wp:attachment":[{"href":"https:\/\/tiketi.com\/fr-fr\/wp-json\/wp\/v2\/media?parent=11684"}],"curies":[{"name":"wp","href":"https:\/\/api.w.org\/{rel}","templated":true}]}}