{"id":11687,"date":"2022-01-19T12:55:03","date_gmt":"2022-01-19T11:55:03","guid":{"rendered":"https:\/\/new.tiketi.com\/bus-from-mwanza-to-dar-es-salaam-bus-tickets-routes-fares\/"},"modified":"2023-07-28T18:10:51","modified_gmt":"2023-07-28T17:10:51","slug":"tickets-from-mwanza-to-dar-es-salaam","status":"publish","type":"page","link":"https:\/\/tiketi.com\/fr-fr\/routes\/bus\/tickets-from-mwanza-to-dar-es-salaam\/","title":{"rendered":"Bus de Mwanza \u00e0 Dar es Salaam Billets, itin\u00e9raires et tarifs de bus"},"content":{"rendered":"<h2>Billets de bus pas chers de Mwanza \u00e0 Dar es Salaam R\u00e9servation en ligne<\/h2>\n<h3>D\u00e9couvrez votre itin\u00e9raire sur le web, le mobile ou l&#039;application et r\u00e9servez en ligne maintenant votre billet de bus pas cher de Mwanza \u00e0 Dar es Salam.<\/h3>\n<p>Comparez et r\u00e9servez les billets de bus pas chers de Mwanza \u00e0 Dar es Salam en ligne d\u00e8s maintenant. Dar es Salaam est l&#039;un des ports les plus fr\u00e9quent\u00e9s et les plus c\u00e9l\u00e8bres d&#039;Afrique de l&#039;Est, et c&#039;est la plus grande ville et le centre commercial de Tanzanie. Dar es Salaam dans la langue arabe locale signifie havre de paix, ce qui correspondait mieux \u00e0 l&#039;ancienne r\u00e9putation de la ville en tant que village de p\u00eacheurs somnolent, associ\u00e9e \u00e0 la ville anim\u00e9e actuelle de plus de trois millions d&#039;habitants. R\u00e9servez en ligne d\u00e8s maintenant vos billets de bus de Mwanza \u00e0 Dar es Salam et \u00e9conomisez du temps et de l&#039;argent.<\/p>\n<h2>Bus de Mwanza \u00e0 Dar es Salaam Billets de bus, itin\u00e9raires et tarifs FAQ<\/h2>\n<h3>Le bus Mwanza-Dar es Salam est-il le moyen le plus \u00e9conomique de se rendre de Dar es Salam ?<\/h3>\n<p>Le moyen le plus abordable pour se rendre de Mwanza \u00e0 Dar es Salaam en bus. Le bus Mwanza \u00e0 Dar es Salaam co\u00fbte 47 000 \u2013 65 000 Tsh et prend 18 \u2013 20h.<\/p>\n<h3>Quelle est la distance entre Mwanza et Dar es Salam en bus ?<\/h3>\n<p>La distance entre bus Mwanza et Dar es Salam est de 818 km.<\/p>\n<h3>Comment voyager de Mwanza \u00e0 Dar es Salam sans voiture ?<\/h3>\n<p>L&#039;excellent moyen pour se rendre de Mwanza \u00e0 Dar es Salam sans v\u00e9hicule est de bus, ce qui dure 18h 50m. Billets de bus pas chers de Mwanza \u00e0 Dar es Salaam au tarif $19 \u2013 $29.<\/p>\n<h3>Avion ou bus Mwanza jusqu&#039;\u00e0 Dar es Salaam ?<\/h3>\n<p>L&#039;excellent moyen de se rendre de Mwanza \u00e0 Dar es Salaam est de <a href=\"https:\/\/cheap-flights-from-mwanza-to-dar-es-salaam\" target=\"_blank\" rel=\"noopener\">voler<\/a> ce qui dure 1h 30m. Le prix du bus de Mwanza \u00e0 Dar es Salaam est de 47 000 \u2013 65 000 Tsh et dure 18 \u2013 20h.<\/p>\n<h2>Billets de bus de Mwanza \u00e0 Dar es Salaam<\/h2>\n<h3>Monument d&#039;Askari<\/h3>\n<p>Fort en bronze, ce monument d&#039;Askari repr\u00e9sente un Askari portant un uniforme de la Premi\u00e8re Guerre mondiale et la ba\u00efonnette de son arme \u00e0 feu pointant vers le port voisin. Ce monument rappelle les troupes africaines qui ont combattu en tant que Carrier Corps pendant la Premi\u00e8re Guerre mondiale.<\/p>\n<h3>jardins botaniques<\/h3>\n<p>C&#039;est l&#039;endroit o\u00f9 trouver la Soci\u00e9t\u00e9 d&#039;horticulture de Dar es Salaam; ces jardins botaniques ont \u00e9t\u00e9 cr\u00e9\u00e9s en 1893 par le professeur Stuhlmann, qui fut le tout premier directeur de l&#039;agriculture. Ils ont \u00e9t\u00e9 utilis\u00e9s comme pi\u00e8ce de piste pour tester diff\u00e9rents types de cultures de plantation ainsi que trois esp\u00e8ces. \u00c0 l&#039;heure actuelle, les amateurs de jardin peuvent encourager un merveilleux m\u00e9lange de plantes indig\u00e8nes et exotiques parmi lesquelles le bougainvillier violet, l&#039;hibiscus rouge, le flamboyant \u00e9carlate et le jacaranda bleu.<\/p>","protected":false},"excerpt":{"rendered":"<p>Cheap Bus Tickets from\u00a0Mwanza to Dar es Salaam Online Booking Discover your travel route on web, mobile or app and book your cheap bus ticket from Mwanza to Dar es Salaam online now. Compare and book cheap bus from Mwanza to Dar es Salaam bus tickets online now. Dar es Salaam is among the busiest [&hellip;]<\/p>\n","protected":false},"author":1,"featured_media":13999,"parent":25566,"menu_order":0,"comment_status":"open","ping_status":"closed","template":"template-home-modern.php","meta":{"footnotes":""},"class_list":["post-11687","page","type-page","status-publish","has-post-thumbnail","hentry"],"yoast_head":"<!-- This site is optimized with the Yoast SEO plugin v27.2 - https:\/\/yoast.com\/product\/yoast-seo-wordpress\/ -->\n<title>Bus from\u00a0Mwanza to Dar es Salaam Bus Tickets, Routes &amp; Fares<\/title>\n<meta name=\"description\" content=\"Looking for bus from Mwanza to Dar es Salaam bus ticket\u00a0booking app, fares &amp; schedule? Do cheap bus tickets from Mwanza to Dar es Salaam bus online\" \/>\n<meta name=\"robots\" content=\"index, follow, max-snippet:-1, max-image-preview:large, max-video-preview:-1\" \/>\n<link rel=\"canonical\" href=\"https:\/\/tiketi.com\/fr-fr\/njia\/nauli-mabasi\/mwanza-kwenda-dar-es-salaam\/\" \/>\n<meta property=\"og:locale\" content=\"fr_FR\" \/>\n<meta property=\"og:type\" content=\"article\" \/>\n<meta property=\"og:title\" content=\"Bus from\u00a0Mwanza to Dar es Salaam Bus Tickets, Routes &amp; Fares\" \/>\n<meta property=\"og:description\" content=\"Looking for bus from Mwanza to Dar es Salaam bus ticket\u00a0booking app, fares &amp; schedule? Do cheap bus tickets from Mwanza to Dar es Salaam bus online\" \/>\n<meta property=\"og:url\" content=\"https:\/\/tiketi.com\/fr-fr\/njia\/nauli-mabasi\/mwanza-kwenda-dar-es-salaam\/\" \/>\n<meta property=\"og:site_name\" content=\"Tiketi.com\" \/>\n<meta property=\"article:publisher\" content=\"https:\/\/www.facebook.com\/TiketiCom\/\" \/>\n<meta property=\"article:modified_time\" content=\"2023-07-28T17:10:51+00:00\" \/>\n<meta property=\"og:image\" content=\"https:\/\/tiketi.com\/wp-content\/uploads\/2022\/01\/bus-ticket-online-booking.jpg\" \/>\n\t<meta property=\"og:image:width\" content=\"1200\" \/>\n\t<meta property=\"og:image:height\" content=\"206\" \/>\n\t<meta property=\"og:image:type\" content=\"image\/jpeg\" \/>\n<meta name=\"twitter:card\" content=\"summary_large_image\" \/>\n<meta name=\"twitter:label1\" content=\"Dur\u00e9e de lecture estim\u00e9e\" \/>\n\t<meta name=\"twitter:data1\" content=\"2 minutes\" \/>\n<script type=\"application\/ld+json\" class=\"yoast-schema-graph\">{\"@context\":\"https:\/\/schema.org\",\"@graph\":[{\"@type\":\"WebPage\",\"@id\":\"https:\/\/tiketi.com\/sw\/njia\/nauli-mabasi\/mwanza-kwenda-dar-es-salaam\/\",\"url\":\"https:\/\/tiketi.com\/sw\/njia\/nauli-mabasi\/mwanza-kwenda-dar-es-salaam\/\",\"name\":\"Bus from\u00a0Mwanza to Dar es Salaam Bus Tickets, Routes & Fares\",\"isPartOf\":{\"@id\":\"https:\/\/tiketi.com\/#website\"},\"primaryImageOfPage\":{\"@id\":\"https:\/\/tiketi.com\/sw\/njia\/nauli-mabasi\/mwanza-kwenda-dar-es-salaam\/#primaryimage\"},\"image\":{\"@id\":\"https:\/\/tiketi.com\/sw\/njia\/nauli-mabasi\/mwanza-kwenda-dar-es-salaam\/#primaryimage\"},\"thumbnailUrl\":\"https:\/\/tiketi.com\/wp-content\/uploads\/2022\/01\/bus-ticket-online-booking.jpg\",\"datePublished\":\"2022-01-19T11:55:03+00:00\",\"dateModified\":\"2023-07-28T17:10:51+00:00\",\"description\":\"Looking for bus from Mwanza to Dar es Salaam bus ticket\u00a0booking app, fares & schedule? Do cheap bus tickets from Mwanza to Dar es Salaam bus online\",\"breadcrumb\":{\"@id\":\"https:\/\/tiketi.com\/sw\/njia\/nauli-mabasi\/mwanza-kwenda-dar-es-salaam\/#breadcrumb\"},\"inLanguage\":\"fr-FR\",\"potentialAction\":[{\"@type\":\"ReadAction\",\"target\":[\"https:\/\/tiketi.com\/sw\/njia\/nauli-mabasi\/mwanza-kwenda-dar-es-salaam\/\"]}]},{\"@type\":\"ImageObject\",\"inLanguage\":\"fr-FR\",\"@id\":\"https:\/\/tiketi.com\/sw\/njia\/nauli-mabasi\/mwanza-kwenda-dar-es-salaam\/#primaryimage\",\"url\":\"https:\/\/tiketi.com\/wp-content\/uploads\/2022\/01\/bus-ticket-online-booking.jpg\",\"contentUrl\":\"https:\/\/tiketi.com\/wp-content\/uploads\/2022\/01\/bus-ticket-online-booking.jpg\",\"width\":1200,\"height\":206,\"caption\":\"Online Bus Ticket Booking\"},{\"@type\":\"BreadcrumbList\",\"@id\":\"https:\/\/tiketi.com\/sw\/njia\/nauli-mabasi\/mwanza-kwenda-dar-es-salaam\/#breadcrumb\",\"itemListElement\":[{\"@type\":\"ListItem\",\"position\":1,\"name\":\"Home\",\"item\":\"https:\/\/tiketi.com\/\"},{\"@type\":\"ListItem\",\"position\":2,\"name\":\"Routes\",\"item\":\"https:\/\/tiketi.com\/routes\/\"},{\"@type\":\"ListItem\",\"position\":3,\"name\":\"Bus\",\"item\":\"https:\/\/tiketi.com\/routes\/bus\/\"},{\"@type\":\"ListItem\",\"position\":4,\"name\":\"Bus from\u00a0Mwanza to Dar es Salaam Bus Tickets, Routes &#038; Fares\"}]},{\"@type\":\"WebSite\",\"@id\":\"https:\/\/tiketi.com\/#website\",\"url\":\"https:\/\/tiketi.com\/\",\"name\":\"Flight & Bus Tickets, Tour Packages & Activitites - Tiketi.com\",\"description\":\"Flight &amp; Bus Tickets, Tours, Activitites\",\"publisher\":{\"@id\":\"https:\/\/tiketi.com\/#organization\"},\"potentialAction\":[{\"@type\":\"SearchAction\",\"target\":{\"@type\":\"EntryPoint\",\"urlTemplate\":\"https:\/\/tiketi.com\/?s={search_term_string}\"},\"query-input\":{\"@type\":\"PropertyValueSpecification\",\"valueRequired\":true,\"valueName\":\"search_term_string\"}}],\"inLanguage\":\"fr-FR\"},{\"@type\":\"Organization\",\"@id\":\"https:\/\/tiketi.com\/#organization\",\"name\":\"Tiketi.com\",\"alternateName\":\"Tiketi\",\"url\":\"https:\/\/tiketi.com\/\",\"logo\":{\"@type\":\"ImageObject\",\"inLanguage\":\"fr-FR\",\"@id\":\"https:\/\/tiketi.com\/#\/schema\/logo\/image\/\",\"url\":\"https:\/\/tiketi.com\/wp-content\/uploads\/2019\/05\/tiketi-logo-696.png\",\"contentUrl\":\"https:\/\/tiketi.com\/wp-content\/uploads\/2019\/05\/tiketi-logo-696.png\",\"width\":696,\"height\":696,\"caption\":\"Tiketi.com\"},\"image\":{\"@id\":\"https:\/\/tiketi.com\/#\/schema\/logo\/image\/\"},\"sameAs\":[\"https:\/\/www.facebook.com\/TiketiCom\/\"]}]}<\/script>\n<!-- \/ Yoast SEO plugin. -->","yoast_head_json":{"title":"Bus de Mwanza \u00e0 Dar es Salaam Billets, itin\u00e9raires et tarifs de bus","description":"\u00c0 la recherche d&#039;une application de r\u00e9servation de billets de bus de Mwanza \u00e0 Dar es Salaam, des tarifs et des horaires de bus ? Faites des billets de bus pas chers de Mwanza \u00e0 Dar es Salam bus en ligne","robots":{"index":"index","follow":"follow","max-snippet":"max-snippet:-1","max-image-preview":"max-image-preview:large","max-video-preview":"max-video-preview:-1"},"canonical":"https:\/\/tiketi.com\/fr-fr\/njia\/nauli-mabasi\/mwanza-kwenda-dar-es-salaam\/","og_locale":"fr_FR","og_type":"article","og_title":"Bus from\u00a0Mwanza to Dar es Salaam Bus Tickets, Routes & Fares","og_description":"Looking for bus from Mwanza to Dar es Salaam bus ticket\u00a0booking app, fares & schedule? Do cheap bus tickets from Mwanza to Dar es Salaam bus online","og_url":"https:\/\/tiketi.com\/fr-fr\/njia\/nauli-mabasi\/mwanza-kwenda-dar-es-salaam\/","og_site_name":"Tiketi.com","article_publisher":"https:\/\/www.facebook.com\/TiketiCom\/","article_modified_time":"2023-07-28T17:10:51+00:00","og_image":[{"width":1200,"height":206,"url":"https:\/\/tiketi.com\/wp-content\/uploads\/2022\/01\/bus-ticket-online-booking.jpg","type":"image\/jpeg"}],"twitter_card":"summary_large_image","twitter_misc":{"Dur\u00e9e de lecture estim\u00e9e":"2 minutes"},"schema":{"@context":"https:\/\/schema.org","@graph":[{"@type":"WebPage","@id":"https:\/\/tiketi.com\/sw\/njia\/nauli-mabasi\/mwanza-kwenda-dar-es-salaam\/","url":"https:\/\/tiketi.com\/sw\/njia\/nauli-mabasi\/mwanza-kwenda-dar-es-salaam\/","name":"Bus de Mwanza \u00e0 Dar es Salaam Billets, itin\u00e9raires et tarifs de bus","isPartOf":{"@id":"https:\/\/tiketi.com\/#website"},"primaryImageOfPage":{"@id":"https:\/\/tiketi.com\/sw\/njia\/nauli-mabasi\/mwanza-kwenda-dar-es-salaam\/#primaryimage"},"image":{"@id":"https:\/\/tiketi.com\/sw\/njia\/nauli-mabasi\/mwanza-kwenda-dar-es-salaam\/#primaryimage"},"thumbnailUrl":"https:\/\/tiketi.com\/wp-content\/uploads\/2022\/01\/bus-ticket-online-booking.jpg","datePublished":"2022-01-19T11:55:03+00:00","dateModified":"2023-07-28T17:10:51+00:00","description":"\u00c0 la recherche d&#039;une application de r\u00e9servation de billets de bus de Mwanza \u00e0 Dar es Salaam, des tarifs et des horaires de bus ? Faites des billets de bus pas chers de Mwanza \u00e0 Dar es Salam bus en ligne","breadcrumb":{"@id":"https:\/\/tiketi.com\/sw\/njia\/nauli-mabasi\/mwanza-kwenda-dar-es-salaam\/#breadcrumb"},"inLanguage":"fr-FR","potentialAction":[{"@type":"ReadAction","target":["https:\/\/tiketi.com\/sw\/njia\/nauli-mabasi\/mwanza-kwenda-dar-es-salaam\/"]}]},{"@type":"ImageObject","inLanguage":"fr-FR","@id":"https:\/\/tiketi.com\/sw\/njia\/nauli-mabasi\/mwanza-kwenda-dar-es-salaam\/#primaryimage","url":"https:\/\/tiketi.com\/wp-content\/uploads\/2022\/01\/bus-ticket-online-booking.jpg","contentUrl":"https:\/\/tiketi.com\/wp-content\/uploads\/2022\/01\/bus-ticket-online-booking.jpg","width":1200,"height":206,"caption":"Online Bus Ticket Booking"},{"@type":"BreadcrumbList","@id":"https:\/\/tiketi.com\/sw\/njia\/nauli-mabasi\/mwanza-kwenda-dar-es-salaam\/#breadcrumb","itemListElement":[{"@type":"ListItem","position":1,"name":"Home","item":"https:\/\/tiketi.com\/"},{"@type":"ListItem","position":2,"name":"Routes","item":"https:\/\/tiketi.com\/routes\/"},{"@type":"ListItem","position":3,"name":"Bus","item":"https:\/\/tiketi.com\/routes\/bus\/"},{"@type":"ListItem","position":4,"name":"Bus from\u00a0Mwanza to Dar es Salaam Bus Tickets, Routes &#038; Fares"}]},{"@type":"WebSite","@id":"https:\/\/tiketi.com\/#website","url":"https:\/\/tiketi.com\/","name":"Billets d&#039;avion et de bus, forfaits touristiques et activit\u00e9s - Tiketi.com","description":"Billets d&#039;avion et de bus, Tours, Activit\u00e9s","publisher":{"@id":"https:\/\/tiketi.com\/#organization"},"potentialAction":[{"@type":"SearchAction","target":{"@type":"EntryPoint","urlTemplate":"https:\/\/tiketi.com\/?s={search_term_string}"},"query-input":{"@type":"PropertyValueSpecification","valueRequired":true,"valueName":"search_term_string"}}],"inLanguage":"fr-FR"},{"@type":"Organization","@id":"https:\/\/tiketi.com\/#organization","name":"Tiketi.com","alternateName":"Tiketi","url":"https:\/\/tiketi.com\/","logo":{"@type":"ImageObject","inLanguage":"fr-FR","@id":"https:\/\/tiketi.com\/#\/schema\/logo\/image\/","url":"https:\/\/tiketi.com\/wp-content\/uploads\/2019\/05\/tiketi-logo-696.png","contentUrl":"https:\/\/tiketi.com\/wp-content\/uploads\/2019\/05\/tiketi-logo-696.png","width":696,"height":696,"caption":"Tiketi.com"},"image":{"@id":"https:\/\/tiketi.com\/#\/schema\/logo\/image\/"},"sameAs":["https:\/\/www.facebook.com\/TiketiCom\/"]}]}},"_links":{"self":[{"href":"https:\/\/tiketi.com\/fr-fr\/wp-json\/wp\/v2\/pages\/11687","targetHints":{"allow":["GET"]}}],"collection":[{"href":"https:\/\/tiketi.com\/fr-fr\/wp-json\/wp\/v2\/pages"}],"about":[{"href":"https:\/\/tiketi.com\/fr-fr\/wp-json\/wp\/v2\/types\/page"}],"author":[{"embeddable":true,"href":"https:\/\/tiketi.com\/fr-fr\/wp-json\/wp\/v2\/users\/1"}],"replies":[{"embeddable":true,"href":"https:\/\/tiketi.com\/fr-fr\/wp-json\/wp\/v2\/comments?post=11687"}],"version-history":[{"count":0,"href":"https:\/\/tiketi.com\/fr-fr\/wp-json\/wp\/v2\/pages\/11687\/revisions"}],"up":[{"embeddable":true,"href":"https:\/\/tiketi.com\/fr-fr\/wp-json\/wp\/v2\/pages\/25566"}],"wp:featuredmedia":[{"embeddable":true,"href":"https:\/\/tiketi.com\/fr-fr\/wp-json\/wp\/v2\/media\/13999"}],"wp:attachment":[{"href":"https:\/\/tiketi.com\/fr-fr\/wp-json\/wp\/v2\/media?parent=11687"}],"curies":[{"name":"wp","href":"https:\/\/api.w.org\/{rel}","templated":true}]}}