{"id":11688,"date":"2022-01-19T12:55:03","date_gmt":"2022-01-19T11:55:03","guid":{"rendered":"https:\/\/new.tiketi.com\/bus-from-dar-es-salaam-to-nairobi-bus-booking-tickets-schedule-fare\/"},"modified":"2024-07-19T13:08:51","modified_gmt":"2024-07-19T12:08:51","slug":"tickets-dar-es-salaam-to-nairobi","status":"publish","type":"page","link":"https:\/\/tiketi.com\/fr-fr\/routes\/bus\/tickets-dar-es-salaam-to-nairobi\/","title":{"rendered":"Bus de Dar es Salaam \u00e0 Nairobi R\u00e9servation de bus, billets, horaires et tarifs"},"content":{"rendered":"<h2>Billets de bus pas chers de Dar es Salaam \u00e0 Nairobi R\u00e9servation en ligne<\/h2>\n<h3>D\u00e9couvrez votre itin\u00e9raire de voyage sur le web, le mobile ou l&#039;application et r\u00e9servez en ligne maintenant un billet de bus pas cher de Dar es Salaam \u00e0 Nairobi.<\/h3>\n<p>Comparez et r\u00e9servez en ligne des billets de bus de Dar es Salam \u00e0 Nairobi en bus pas chers et voyagez de Dar es Salam \u00e0 Nairobi par la route. Nairobi, la capitale du Kenya, est l&#039;une des villes africaines \u00e0 la croissance la plus rapide. Nairobi est la plus grande ville du Kenya, tant par sa population que par sa g\u00e9ographie. Dans la ville, il existe des lieux d&#039;attraction touristique dont vous n&#039;\u00eates peut-\u00eatre pas conscient. D&#039;une mani\u00e8re ou d&#039;une autre, vous passez \u00e0 proximit\u00e9 en allant au travail ou en vous promenant simplement dans la ville ou certains que vous avez peut-\u00eatre simplement choisi d&#039;ignorer. Profitez d&#039;offres incroyables sur des billets de bus pas chers de Dar es Salaam \u00e0 Nairobi.<\/p>\n<h2>Bus de Dar es Salaam \u00e0 Nairobi R\u00e9servation de billets de bus, itin\u00e9raires, horaires et tarifs FAQs<\/h2>\n<h3>Quel est le moyen abordable pour se rendre de Dar es Salam \u00e0 Nairobi ?<\/h3>\n<p>Le moyen abordable de se rendre de Dar es Salaam \u00e0 Nairobi en bus. Des billets de bus pas chers de Dar es Salam \u00e0 Nairobi tarif de bus $30 et dure 16h 50m.<\/p>\n<h3>Y a-t-il un bus direct entre Dar es Salam et Nairobi ?<\/h3>\n<p>Non, il n&#039;y a pas de bus vers Dar es Salaam depuis Nairobi. Quoi qu&#039;il en soit, il y a des services au d\u00e9part de Jangwani. Le trajet, en ajoutant les transferts, dure environ 16h 50m.<\/p>\n<h3>Quelle est la distance entre Dar es Salam et Nairobi en bus ?<\/h3>\n<p>La distance entre Dar es Salaam et Nairobi en bus est de 673 km.<\/p>\n<h3>O\u00f9 prendre le bus depuis Dar es Salam pour Nairobi ?<\/h3>\n<p>Billets de bus pas chers du service de Dar es Salaam \u00e0 Nairobi, g\u00e9r\u00e9 par Darlux Co.ltd.<\/p>\n<h3>Avion ou bus Dar es Salaam jusqu&#039;\u00e0 Nairobi ?<\/h3>\n<p>L&#039;excellent moyen de se rendre de Dar es Salaam \u00e0 Nairobi est de <a href=\"https:\/\/tiketi.com\/fr-fr\/cheap-flights\/dar-es-salaam-to-nairobi-dar-nbo\/\" target=\"_blank\" rel=\"noopener\">voler<\/a> qui dure 1h 50m et co\u00fbte $140 \u2013 $290. Sinon, vous pouvez bus, ticket de bus Dar es Salaam \u00e0 Nairobi $30 et dure 16h 50m.<\/p>\n<h2>Billets de bus de Dar es Salaam \u00e0 Nairobi<\/h2>\n<p>Voici quelques-uns des meilleurs <a href=\"https:\/\/tiketi.com\/fr-fr\/tours\/Kenya\/Nairobi\/\" target=\"_blank\" rel=\"noopener\">attractions<\/a> de Nairobi\u00a0:<\/p>\n<h3>Parc national de Nairobi<\/h3>\n<p>Ce parc est un endroit s\u00fbr pour la faune et \u00e0 seulement 7 kilom\u00e8tres des gratte-ciel du centre-ville de Nairobi. Le parc est \u00e9galement un sanctuaire de rhinoc\u00e9ros, qui sauve plus de cinquante de ces cr\u00e9atures en danger critique d&#039;extinction.<\/p>\n<h3>Bomas du Kenya<\/h3>\n<p>Bomas of Kenya est un mus\u00e9e vivant c\u00e9l\u00e9brant les tribus dynamiques du Kenya. C&#039;est le meilleur endroit pour en apprendre davantage sur l&#039;art, le mode de vie, l&#039;artisanat, la musique et la culture de chaque tribu. Le complexe comprend un village traditionnel recr\u00e9\u00e9 avec bomas ou homestands, chacun refl\u00e9tant la culture d&#039;un grand groupe ethnique.<\/p>","protected":false},"excerpt":{"rendered":"<p>Cheap Bus Tickets from Dar es Salaam to Nairobi Online Booking Discover your travel route on web, mobile or app and book cheap bus ticket from Dar es Salaam to Nairobi online now. Compare and do cheap bus from Dar es Salaam to Nairobi bus tickets booking online and\u00a0travel Dar es Salaam to Nairobi\u00a0by road. [&hellip;]<\/p>\n","protected":false},"author":1,"featured_media":13999,"parent":25566,"menu_order":0,"comment_status":"open","ping_status":"closed","template":"template-home-modern.php","meta":{"footnotes":""},"class_list":["post-11688","page","type-page","status-publish","has-post-thumbnail","hentry"],"yoast_head":"<!-- This site is optimized with the Yoast SEO plugin v27.2 - https:\/\/yoast.com\/product\/yoast-seo-wordpress\/ -->\n<title>Bus from Dar es Salaam to Nairobi Bus Booking, Tickets, Schedule &amp; Fare<\/title>\n<meta name=\"description\" content=\"Looking for bus from\u00a0Dar es Salaam to Nairobi bus tickets booking app, route, schedule &amp; fare? Book cheap bus tickets from Dar es Salaam to Nairobi\" \/>\n<meta name=\"robots\" content=\"index, follow, max-snippet:-1, max-image-preview:large, max-video-preview:-1\" \/>\n<link rel=\"canonical\" href=\"https:\/\/tiketi.com\/fr-fr\/routes\/bus\/tickets-dar-es-salaam-to-nairobi\/\" \/>\n<meta property=\"og:locale\" content=\"fr_FR\" \/>\n<meta property=\"og:type\" content=\"article\" \/>\n<meta property=\"og:title\" content=\"Bus from Dar es Salaam to Nairobi Bus Booking, Tickets, Schedule &amp; Fare\" \/>\n<meta property=\"og:description\" content=\"Looking for bus from\u00a0Dar es Salaam to Nairobi bus tickets booking app, route, schedule &amp; fare? Book cheap bus tickets from Dar es Salaam to Nairobi\" \/>\n<meta property=\"og:url\" content=\"https:\/\/tiketi.com\/fr-fr\/routes\/bus\/tickets-dar-es-salaam-to-nairobi\/\" \/>\n<meta property=\"og:site_name\" content=\"Tiketi.com\" \/>\n<meta property=\"article:publisher\" content=\"https:\/\/www.facebook.com\/TiketiCom\/\" \/>\n<meta property=\"article:modified_time\" content=\"2024-07-19T12:08:51+00:00\" \/>\n<meta property=\"og:image\" content=\"https:\/\/tiketi.com\/wp-content\/uploads\/2022\/01\/bus-ticket-online-booking.jpg\" \/>\n\t<meta property=\"og:image:width\" content=\"1200\" \/>\n\t<meta property=\"og:image:height\" content=\"206\" \/>\n\t<meta property=\"og:image:type\" content=\"image\/jpeg\" \/>\n<meta name=\"twitter:card\" content=\"summary_large_image\" \/>\n<meta name=\"twitter:label1\" content=\"Dur\u00e9e de lecture estim\u00e9e\" \/>\n\t<meta name=\"twitter:data1\" content=\"3 minutes\" \/>\n<script type=\"application\/ld+json\" class=\"yoast-schema-graph\">{\"@context\":\"https:\/\/schema.org\",\"@graph\":[{\"@type\":\"WebPage\",\"@id\":\"https:\/\/tiketi.com\/routes\/bus\/tickets-dar-es-salaam-to-nairobi\/\",\"url\":\"https:\/\/tiketi.com\/routes\/bus\/tickets-dar-es-salaam-to-nairobi\/\",\"name\":\"Bus from Dar es Salaam to Nairobi Bus Booking, Tickets, Schedule & Fare\",\"isPartOf\":{\"@id\":\"https:\/\/tiketi.com\/#website\"},\"primaryImageOfPage\":{\"@id\":\"https:\/\/tiketi.com\/routes\/bus\/tickets-dar-es-salaam-to-nairobi\/#primaryimage\"},\"image\":{\"@id\":\"https:\/\/tiketi.com\/routes\/bus\/tickets-dar-es-salaam-to-nairobi\/#primaryimage\"},\"thumbnailUrl\":\"https:\/\/tiketi.com\/wp-content\/uploads\/2022\/01\/bus-ticket-online-booking.jpg\",\"datePublished\":\"2022-01-19T11:55:03+00:00\",\"dateModified\":\"2024-07-19T12:08:51+00:00\",\"description\":\"Looking for bus from\u00a0Dar es Salaam to Nairobi bus tickets booking app, route, schedule & fare? Book cheap bus tickets from Dar es Salaam to Nairobi\",\"breadcrumb\":{\"@id\":\"https:\/\/tiketi.com\/routes\/bus\/tickets-dar-es-salaam-to-nairobi\/#breadcrumb\"},\"inLanguage\":\"fr-FR\",\"potentialAction\":[{\"@type\":\"ReadAction\",\"target\":[\"https:\/\/tiketi.com\/routes\/bus\/tickets-dar-es-salaam-to-nairobi\/\"]}]},{\"@type\":\"ImageObject\",\"inLanguage\":\"fr-FR\",\"@id\":\"https:\/\/tiketi.com\/routes\/bus\/tickets-dar-es-salaam-to-nairobi\/#primaryimage\",\"url\":\"https:\/\/tiketi.com\/wp-content\/uploads\/2022\/01\/bus-ticket-online-booking.jpg\",\"contentUrl\":\"https:\/\/tiketi.com\/wp-content\/uploads\/2022\/01\/bus-ticket-online-booking.jpg\",\"width\":1200,\"height\":206,\"caption\":\"Online Bus Ticket Booking\"},{\"@type\":\"BreadcrumbList\",\"@id\":\"https:\/\/tiketi.com\/routes\/bus\/tickets-dar-es-salaam-to-nairobi\/#breadcrumb\",\"itemListElement\":[{\"@type\":\"ListItem\",\"position\":1,\"name\":\"Home\",\"item\":\"https:\/\/tiketi.com\/\"},{\"@type\":\"ListItem\",\"position\":2,\"name\":\"Routes\",\"item\":\"https:\/\/tiketi.com\/routes\/\"},{\"@type\":\"ListItem\",\"position\":3,\"name\":\"Bus\",\"item\":\"https:\/\/tiketi.com\/routes\/bus\/\"},{\"@type\":\"ListItem\",\"position\":4,\"name\":\"Bus from Dar es Salaam to Nairobi Bus Booking, Tickets, Schedule &#038; Fare\"}]},{\"@type\":\"WebSite\",\"@id\":\"https:\/\/tiketi.com\/#website\",\"url\":\"https:\/\/tiketi.com\/\",\"name\":\"Flight & Bus Tickets, Tour Packages & Activitites - Tiketi.com\",\"description\":\"Flight &amp; Bus Tickets, Tours, Activitites\",\"publisher\":{\"@id\":\"https:\/\/tiketi.com\/#organization\"},\"potentialAction\":[{\"@type\":\"SearchAction\",\"target\":{\"@type\":\"EntryPoint\",\"urlTemplate\":\"https:\/\/tiketi.com\/?s={search_term_string}\"},\"query-input\":{\"@type\":\"PropertyValueSpecification\",\"valueRequired\":true,\"valueName\":\"search_term_string\"}}],\"inLanguage\":\"fr-FR\"},{\"@type\":\"Organization\",\"@id\":\"https:\/\/tiketi.com\/#organization\",\"name\":\"Tiketi.com\",\"alternateName\":\"Tiketi\",\"url\":\"https:\/\/tiketi.com\/\",\"logo\":{\"@type\":\"ImageObject\",\"inLanguage\":\"fr-FR\",\"@id\":\"https:\/\/tiketi.com\/#\/schema\/logo\/image\/\",\"url\":\"https:\/\/tiketi.com\/wp-content\/uploads\/2019\/05\/tiketi-logo-696.png\",\"contentUrl\":\"https:\/\/tiketi.com\/wp-content\/uploads\/2019\/05\/tiketi-logo-696.png\",\"width\":696,\"height\":696,\"caption\":\"Tiketi.com\"},\"image\":{\"@id\":\"https:\/\/tiketi.com\/#\/schema\/logo\/image\/\"},\"sameAs\":[\"https:\/\/www.facebook.com\/TiketiCom\/\"]}]}<\/script>\n<!-- \/ Yoast SEO plugin. -->","yoast_head_json":{"title":"Bus de Dar es Salaam \u00e0 Nairobi R\u00e9servation de bus, billets, horaires et tarifs","description":"\u00c0 la recherche d&#039;une application de r\u00e9servation de billets de bus de Dar es Salaam \u00e0 Nairobi, d&#039;un itin\u00e9raire, d&#039;un horaire et d&#039;un tarif\u00a0? R\u00e9servez des billets de bus pas chers de Dar es Salam \u00e0 Nairobi","robots":{"index":"index","follow":"follow","max-snippet":"max-snippet:-1","max-image-preview":"max-image-preview:large","max-video-preview":"max-video-preview:-1"},"canonical":"https:\/\/tiketi.com\/fr-fr\/routes\/bus\/tickets-dar-es-salaam-to-nairobi\/","og_locale":"fr_FR","og_type":"article","og_title":"Bus from Dar es Salaam to Nairobi Bus Booking, Tickets, Schedule & Fare","og_description":"Looking for bus from\u00a0Dar es Salaam to Nairobi bus tickets booking app, route, schedule & fare? Book cheap bus tickets from Dar es Salaam to Nairobi","og_url":"https:\/\/tiketi.com\/fr-fr\/routes\/bus\/tickets-dar-es-salaam-to-nairobi\/","og_site_name":"Tiketi.com","article_publisher":"https:\/\/www.facebook.com\/TiketiCom\/","article_modified_time":"2024-07-19T12:08:51+00:00","og_image":[{"width":1200,"height":206,"url":"https:\/\/tiketi.com\/wp-content\/uploads\/2022\/01\/bus-ticket-online-booking.jpg","type":"image\/jpeg"}],"twitter_card":"summary_large_image","twitter_misc":{"Dur\u00e9e de lecture estim\u00e9e":"3 minutes"},"schema":{"@context":"https:\/\/schema.org","@graph":[{"@type":"WebPage","@id":"https:\/\/tiketi.com\/routes\/bus\/tickets-dar-es-salaam-to-nairobi\/","url":"https:\/\/tiketi.com\/routes\/bus\/tickets-dar-es-salaam-to-nairobi\/","name":"Bus de Dar es Salaam \u00e0 Nairobi R\u00e9servation de bus, billets, horaires et tarifs","isPartOf":{"@id":"https:\/\/tiketi.com\/#website"},"primaryImageOfPage":{"@id":"https:\/\/tiketi.com\/routes\/bus\/tickets-dar-es-salaam-to-nairobi\/#primaryimage"},"image":{"@id":"https:\/\/tiketi.com\/routes\/bus\/tickets-dar-es-salaam-to-nairobi\/#primaryimage"},"thumbnailUrl":"https:\/\/tiketi.com\/wp-content\/uploads\/2022\/01\/bus-ticket-online-booking.jpg","datePublished":"2022-01-19T11:55:03+00:00","dateModified":"2024-07-19T12:08:51+00:00","description":"\u00c0 la recherche d&#039;une application de r\u00e9servation de billets de bus de Dar es Salaam \u00e0 Nairobi, d&#039;un itin\u00e9raire, d&#039;un horaire et d&#039;un tarif\u00a0? R\u00e9servez des billets de bus pas chers de Dar es Salam \u00e0 Nairobi","breadcrumb":{"@id":"https:\/\/tiketi.com\/routes\/bus\/tickets-dar-es-salaam-to-nairobi\/#breadcrumb"},"inLanguage":"fr-FR","potentialAction":[{"@type":"ReadAction","target":["https:\/\/tiketi.com\/routes\/bus\/tickets-dar-es-salaam-to-nairobi\/"]}]},{"@type":"ImageObject","inLanguage":"fr-FR","@id":"https:\/\/tiketi.com\/routes\/bus\/tickets-dar-es-salaam-to-nairobi\/#primaryimage","url":"https:\/\/tiketi.com\/wp-content\/uploads\/2022\/01\/bus-ticket-online-booking.jpg","contentUrl":"https:\/\/tiketi.com\/wp-content\/uploads\/2022\/01\/bus-ticket-online-booking.jpg","width":1200,"height":206,"caption":"Online Bus Ticket Booking"},{"@type":"BreadcrumbList","@id":"https:\/\/tiketi.com\/routes\/bus\/tickets-dar-es-salaam-to-nairobi\/#breadcrumb","itemListElement":[{"@type":"ListItem","position":1,"name":"Home","item":"https:\/\/tiketi.com\/"},{"@type":"ListItem","position":2,"name":"Routes","item":"https:\/\/tiketi.com\/routes\/"},{"@type":"ListItem","position":3,"name":"Bus","item":"https:\/\/tiketi.com\/routes\/bus\/"},{"@type":"ListItem","position":4,"name":"Bus from Dar es Salaam to Nairobi Bus Booking, Tickets, Schedule &#038; Fare"}]},{"@type":"WebSite","@id":"https:\/\/tiketi.com\/#website","url":"https:\/\/tiketi.com\/","name":"Billets d&#039;avion et de bus, forfaits touristiques et activit\u00e9s - Tiketi.com","description":"Billets d&#039;avion et de bus, Tours, Activit\u00e9s","publisher":{"@id":"https:\/\/tiketi.com\/#organization"},"potentialAction":[{"@type":"SearchAction","target":{"@type":"EntryPoint","urlTemplate":"https:\/\/tiketi.com\/?s={search_term_string}"},"query-input":{"@type":"PropertyValueSpecification","valueRequired":true,"valueName":"search_term_string"}}],"inLanguage":"fr-FR"},{"@type":"Organization","@id":"https:\/\/tiketi.com\/#organization","name":"Tiketi.com","alternateName":"Tiketi","url":"https:\/\/tiketi.com\/","logo":{"@type":"ImageObject","inLanguage":"fr-FR","@id":"https:\/\/tiketi.com\/#\/schema\/logo\/image\/","url":"https:\/\/tiketi.com\/wp-content\/uploads\/2019\/05\/tiketi-logo-696.png","contentUrl":"https:\/\/tiketi.com\/wp-content\/uploads\/2019\/05\/tiketi-logo-696.png","width":696,"height":696,"caption":"Tiketi.com"},"image":{"@id":"https:\/\/tiketi.com\/#\/schema\/logo\/image\/"},"sameAs":["https:\/\/www.facebook.com\/TiketiCom\/"]}]}},"_links":{"self":[{"href":"https:\/\/tiketi.com\/fr-fr\/wp-json\/wp\/v2\/pages\/11688","targetHints":{"allow":["GET"]}}],"collection":[{"href":"https:\/\/tiketi.com\/fr-fr\/wp-json\/wp\/v2\/pages"}],"about":[{"href":"https:\/\/tiketi.com\/fr-fr\/wp-json\/wp\/v2\/types\/page"}],"author":[{"embeddable":true,"href":"https:\/\/tiketi.com\/fr-fr\/wp-json\/wp\/v2\/users\/1"}],"replies":[{"embeddable":true,"href":"https:\/\/tiketi.com\/fr-fr\/wp-json\/wp\/v2\/comments?post=11688"}],"version-history":[{"count":0,"href":"https:\/\/tiketi.com\/fr-fr\/wp-json\/wp\/v2\/pages\/11688\/revisions"}],"up":[{"embeddable":true,"href":"https:\/\/tiketi.com\/fr-fr\/wp-json\/wp\/v2\/pages\/25566"}],"wp:featuredmedia":[{"embeddable":true,"href":"https:\/\/tiketi.com\/fr-fr\/wp-json\/wp\/v2\/media\/13999"}],"wp:attachment":[{"href":"https:\/\/tiketi.com\/fr-fr\/wp-json\/wp\/v2\/media?parent=11688"}],"curies":[{"name":"wp","href":"https:\/\/api.w.org\/{rel}","templated":true}]}}