{"id":11689,"date":"2022-01-19T12:55:05","date_gmt":"2022-01-19T11:55:05","guid":{"rendered":"https:\/\/new.tiketi.com\/bus-from-dar-es-salaam-to-mwanza-bus-tickets-route-schedule-fare\/"},"modified":"2023-07-28T18:12:47","modified_gmt":"2023-07-28T17:12:47","slug":"dar-es-salaam-to-mwanza","status":"publish","type":"page","link":"https:\/\/tiketi.com\/fr-fr\/routes\/bus\/dar-es-salaam-to-mwanza\/","title":{"rendered":"Bus de Dar es Salaam \u00e0 Mwanza Billets de bus, horaires et tarifs"},"content":{"rendered":"<h2>Billets de bus pas chers de Dar es Salaam \u00e0 Mwanza R\u00e9servation en ligne<\/h2>\n<h3>D\u00e9couvrez votre itin\u00e9raire sur le web, le mobile ou l&#039;application et r\u00e9servez en ligne maintenant un billet de bus pas cher de Dar es Salam \u00e0 Mwanza.<\/h3>\n<p>R\u00e9servez en ligne des billets de bus pas chers de Dar es Salaam \u00e0 Mwanza et voyagez de Dar es Salaam \u00e0 Mwanza en bus. Voyagez de Dar es Salaam \u00e0 Mwanza par la route et visitez la ville portuaire sur la rive du lac Victoria, dans le nord de la Tanzanie. Il est entour\u00e9 de collines luxuriantes. La ville est c\u00e9l\u00e8bre pour ses formations rocheuses inhabituelles comme Bismarck Rocker, \u00e0 proximit\u00e9 du terminal de ferry de Kamanga. Alors qu&#039;attendez-vous pour acheter vos billets de bus de Dar es Salaam \u00e0 Mwanza en ligne maintenant et gagner du temps et de l&#039;argent ?<\/p>\n<h2>Bus de Dar es Salaam \u00e0 Mwanza FAQ sur les billets de bus, les itin\u00e9raires, les horaires et les tarifs<\/h2>\n<h3>Est-ce que Dar es Salaam \u00e0 Mwanza en bus est le moyen le plus abordable pour se rendre \u00e0 Mwanza ?<\/h3>\n<p>Dar es Salaam \u00e0 Mwanza en bus est l&#039;un des moyens les plus abordables pour se rendre \u00e0 Mwanza. Le prix du billet de bus de Dar es Salaam \u00e0 Mwanza est de 47 000 \u00e0 65 000 Tsh et prend 20h.<\/p>\n<h3>Y a-t-il un bus direct de Dar es Salam \u00e0 Mwanza ?<\/h3>\n<p>Non, il n&#039;y a pas de bus direct de Dar es Salam \u00e0 Mwanza. Quoi qu&#039;il en soit, il y a des services au d\u00e9part de Gerezani et arrivant \u00e0 Mwanza. Le trajet Dar es Salaam \u00e0 Mwanza par la route, y compris les transferts, prend environ 20h.<\/p>\n<h3>Quelle est la distance entre Dar es Salam et Mwanza en bus ?<\/h3>\n<p>Le trajet en bus de Dar es Salaam \u00e0 Mwanza est de 853 km.<\/p>\n<h3>O\u00f9 prendre le bus depuis Dar es Salam pour Mwanza ?<\/h3>\n<p>Billets de bus bon march\u00e9 de Dar es Salaam aux services de Mwanza, g\u00e9r\u00e9s par Travel Partner, Darlux, etc.<\/p>\n<h3>Avion, train ou Dar es Salaam jusqu&#039;\u00e0 Mwanza par la route ?<\/h3>\n<p>L&#039;excellent moyen de se rendre de Dar es Salaam \u00e0 Mwanza est de <u><a href=\"https:\/\/tiketi.com\/fr-fr\/flights-dar-es-salaam-mwanza-dar-mwz\/\" target=\"_blank\" rel=\"noopener\">voler<\/a><\/u> qui dure 1h 40m et co\u00fbte $40 \u2013 $250. Alternativement, vous pouvez prendre le bus, Dar es Salaam \u00e0 Mwanza par la route $19 - $29, et prend 20h.<\/p>\n<h2>Billets de bus de Dar es Salaam \u00e0 Mwanza Tips<\/h2>\n<p>Voici quelques-unes des meilleures attractions de Mwanza :<\/p>\n<h3>Mus\u00e9e Sukuma<\/h3>\n<p>Le mus\u00e9e Sukuma est une institution culturelle qui c\u00e9l\u00e8bre et promeut les traditions, l&#039;histoire et les arts contemporains de la tribu Sukuma et est situ\u00e9 dans la ville de Mwanza en Tanzanie. C&#039;est un groupe d&#039;organisations bas\u00e9es sur les personnes qui offre un environnement d&#039;apprentissage r\u00e9actif et \u00e9ducatif o\u00f9 les anciens de Sukuma \u00e9duquent les jeunes g\u00e9n\u00e9rations \u00e0 la mani\u00e8re du peuple Sukuma.<\/p>\n<h3>Lac Victoria<\/h3>\n<p>Nomm\u00e9 d&#039;apr\u00e8s la reine Victoria, c&#039;est l&#039;un des meilleurs lacs d&#039;Afrique, portant les titres de plus grand lac du continent par superficie, de plus grand lac tropical au monde et de deuxi\u00e8me plus grande eau douce apr\u00e8s le lac Sup\u00e9rieur. Le lac Victoria est situ\u00e9 dans le nord-ouest de la Tanzanie, une r\u00e9gion autrement appel\u00e9e r\u00e9gion des grands lacs d&#039;Afrique.<\/p>","protected":false},"excerpt":{"rendered":"<p>Cheap Bus Tickets from Dar es Salaam to Mwanza Online Booking Discover your travel route on web, mobile or app and book cheap bus ticket from Dar es Salaam to Mwanza online now. Do cheap bus from Dar es Salaam to Mwanza bus tickets online booking and travel Dar es Salaam to Mwanza by bus. [&hellip;]<\/p>\n","protected":false},"author":1,"featured_media":13999,"parent":25566,"menu_order":0,"comment_status":"open","ping_status":"closed","template":"template-home-modern.php","meta":{"footnotes":""},"class_list":["post-11689","page","type-page","status-publish","has-post-thumbnail","hentry"],"yoast_head":"<!-- This site is optimized with the Yoast SEO plugin v27.2 - https:\/\/yoast.com\/product\/yoast-seo-wordpress\/ -->\n<title>Bus from Dar es Salaam to Mwanza Bus Tickets, Schedule &amp; Fares<\/title>\n<meta name=\"description\" content=\"Looking for bus from Dar es Salaam to Mwanza bus ticket booking app, route, schedule &amp; fares? Book cheap bus tickets from\u00a0Dar es Salaam to Mwanza online\" \/>\n<meta name=\"robots\" content=\"index, follow, max-snippet:-1, max-image-preview:large, max-video-preview:-1\" \/>\n<link rel=\"canonical\" href=\"https:\/\/tiketi.com\/fr-fr\/routes\/bus\/dar-es-salaam-to-mwanza\/\" \/>\n<meta property=\"og:locale\" content=\"fr_FR\" \/>\n<meta property=\"og:type\" content=\"article\" \/>\n<meta property=\"og:title\" content=\"Bus from Dar es Salaam to Mwanza Bus Tickets, Schedule &amp; Fares\" \/>\n<meta property=\"og:description\" content=\"Looking for bus from Dar es Salaam to Mwanza bus ticket booking app, route, schedule &amp; fares? Book cheap bus tickets from\u00a0Dar es Salaam to Mwanza online\" \/>\n<meta property=\"og:url\" content=\"https:\/\/tiketi.com\/fr-fr\/routes\/bus\/dar-es-salaam-to-mwanza\/\" \/>\n<meta property=\"og:site_name\" content=\"Tiketi.com\" \/>\n<meta property=\"article:publisher\" content=\"https:\/\/www.facebook.com\/TiketiCom\/\" \/>\n<meta property=\"article:modified_time\" content=\"2023-07-28T17:12:47+00:00\" \/>\n<meta property=\"og:image\" content=\"https:\/\/tiketi.com\/wp-content\/uploads\/2022\/01\/bus-ticket-online-booking.jpg\" \/>\n\t<meta property=\"og:image:width\" content=\"1200\" \/>\n\t<meta property=\"og:image:height\" content=\"206\" \/>\n\t<meta property=\"og:image:type\" content=\"image\/jpeg\" \/>\n<meta name=\"twitter:card\" content=\"summary_large_image\" \/>\n<meta name=\"twitter:label1\" content=\"Dur\u00e9e de lecture estim\u00e9e\" \/>\n\t<meta name=\"twitter:data1\" content=\"3 minutes\" \/>\n<script type=\"application\/ld+json\" class=\"yoast-schema-graph\">{\"@context\":\"https:\/\/schema.org\",\"@graph\":[{\"@type\":\"WebPage\",\"@id\":\"https:\/\/tiketi.com\/routes\/bus\/dar-es-salaam-to-mwanza\/\",\"url\":\"https:\/\/tiketi.com\/routes\/bus\/dar-es-salaam-to-mwanza\/\",\"name\":\"Bus from Dar es Salaam to Mwanza Bus Tickets, Schedule & Fares\",\"isPartOf\":{\"@id\":\"https:\/\/tiketi.com\/#website\"},\"primaryImageOfPage\":{\"@id\":\"https:\/\/tiketi.com\/routes\/bus\/dar-es-salaam-to-mwanza\/#primaryimage\"},\"image\":{\"@id\":\"https:\/\/tiketi.com\/routes\/bus\/dar-es-salaam-to-mwanza\/#primaryimage\"},\"thumbnailUrl\":\"https:\/\/tiketi.com\/wp-content\/uploads\/2022\/01\/bus-ticket-online-booking.jpg\",\"datePublished\":\"2022-01-19T11:55:05+00:00\",\"dateModified\":\"2023-07-28T17:12:47+00:00\",\"description\":\"Looking for bus from Dar es Salaam to Mwanza bus ticket booking app, route, schedule & fares? Book cheap bus tickets from\u00a0Dar es Salaam to Mwanza online\",\"breadcrumb\":{\"@id\":\"https:\/\/tiketi.com\/routes\/bus\/dar-es-salaam-to-mwanza\/#breadcrumb\"},\"inLanguage\":\"fr-FR\",\"potentialAction\":[{\"@type\":\"ReadAction\",\"target\":[\"https:\/\/tiketi.com\/routes\/bus\/dar-es-salaam-to-mwanza\/\"]}]},{\"@type\":\"ImageObject\",\"inLanguage\":\"fr-FR\",\"@id\":\"https:\/\/tiketi.com\/routes\/bus\/dar-es-salaam-to-mwanza\/#primaryimage\",\"url\":\"https:\/\/tiketi.com\/wp-content\/uploads\/2022\/01\/bus-ticket-online-booking.jpg\",\"contentUrl\":\"https:\/\/tiketi.com\/wp-content\/uploads\/2022\/01\/bus-ticket-online-booking.jpg\",\"width\":1200,\"height\":206,\"caption\":\"Online Bus Ticket Booking\"},{\"@type\":\"BreadcrumbList\",\"@id\":\"https:\/\/tiketi.com\/routes\/bus\/dar-es-salaam-to-mwanza\/#breadcrumb\",\"itemListElement\":[{\"@type\":\"ListItem\",\"position\":1,\"name\":\"Home\",\"item\":\"https:\/\/tiketi.com\/\"},{\"@type\":\"ListItem\",\"position\":2,\"name\":\"Routes\",\"item\":\"https:\/\/tiketi.com\/routes\/\"},{\"@type\":\"ListItem\",\"position\":3,\"name\":\"Bus\",\"item\":\"https:\/\/tiketi.com\/routes\/bus\/\"},{\"@type\":\"ListItem\",\"position\":4,\"name\":\"Bus from Dar es Salaam to Mwanza Bus Tickets, Schedule &amp; Fares\"}]},{\"@type\":\"WebSite\",\"@id\":\"https:\/\/tiketi.com\/#website\",\"url\":\"https:\/\/tiketi.com\/\",\"name\":\"Flight & Bus Tickets, Tour Packages & Activitites - Tiketi.com\",\"description\":\"Flight &amp; Bus Tickets, Tours, Activitites\",\"publisher\":{\"@id\":\"https:\/\/tiketi.com\/#organization\"},\"potentialAction\":[{\"@type\":\"SearchAction\",\"target\":{\"@type\":\"EntryPoint\",\"urlTemplate\":\"https:\/\/tiketi.com\/?s={search_term_string}\"},\"query-input\":{\"@type\":\"PropertyValueSpecification\",\"valueRequired\":true,\"valueName\":\"search_term_string\"}}],\"inLanguage\":\"fr-FR\"},{\"@type\":\"Organization\",\"@id\":\"https:\/\/tiketi.com\/#organization\",\"name\":\"Tiketi.com\",\"alternateName\":\"Tiketi\",\"url\":\"https:\/\/tiketi.com\/\",\"logo\":{\"@type\":\"ImageObject\",\"inLanguage\":\"fr-FR\",\"@id\":\"https:\/\/tiketi.com\/#\/schema\/logo\/image\/\",\"url\":\"https:\/\/tiketi.com\/wp-content\/uploads\/2019\/05\/tiketi-logo-696.png\",\"contentUrl\":\"https:\/\/tiketi.com\/wp-content\/uploads\/2019\/05\/tiketi-logo-696.png\",\"width\":696,\"height\":696,\"caption\":\"Tiketi.com\"},\"image\":{\"@id\":\"https:\/\/tiketi.com\/#\/schema\/logo\/image\/\"},\"sameAs\":[\"https:\/\/www.facebook.com\/TiketiCom\/\"]}]}<\/script>\n<!-- \/ Yoast SEO plugin. -->","yoast_head_json":{"title":"Bus de Dar es Salaam \u00e0 Mwanza Billets de bus, horaires et tarifs","description":"\u00c0 la recherche d&#039;une application de r\u00e9servation de billets de bus de Dar es Salaam \u00e0 Mwanza, d&#039;un itin\u00e9raire, d&#039;un horaire et d&#039;un tarif de bus ? R\u00e9servez en ligne des billets de bus pas chers de Dar es Salam \u00e0 Mwanza","robots":{"index":"index","follow":"follow","max-snippet":"max-snippet:-1","max-image-preview":"max-image-preview:large","max-video-preview":"max-video-preview:-1"},"canonical":"https:\/\/tiketi.com\/fr-fr\/routes\/bus\/dar-es-salaam-to-mwanza\/","og_locale":"fr_FR","og_type":"article","og_title":"Bus from Dar es Salaam to Mwanza Bus Tickets, Schedule & Fares","og_description":"Looking for bus from Dar es Salaam to Mwanza bus ticket booking app, route, schedule & fares? Book cheap bus tickets from\u00a0Dar es Salaam to Mwanza online","og_url":"https:\/\/tiketi.com\/fr-fr\/routes\/bus\/dar-es-salaam-to-mwanza\/","og_site_name":"Tiketi.com","article_publisher":"https:\/\/www.facebook.com\/TiketiCom\/","article_modified_time":"2023-07-28T17:12:47+00:00","og_image":[{"width":1200,"height":206,"url":"https:\/\/tiketi.com\/wp-content\/uploads\/2022\/01\/bus-ticket-online-booking.jpg","type":"image\/jpeg"}],"twitter_card":"summary_large_image","twitter_misc":{"Dur\u00e9e de lecture estim\u00e9e":"3 minutes"},"schema":{"@context":"https:\/\/schema.org","@graph":[{"@type":"WebPage","@id":"https:\/\/tiketi.com\/routes\/bus\/dar-es-salaam-to-mwanza\/","url":"https:\/\/tiketi.com\/routes\/bus\/dar-es-salaam-to-mwanza\/","name":"Bus de Dar es Salaam \u00e0 Mwanza Billets de bus, horaires et tarifs","isPartOf":{"@id":"https:\/\/tiketi.com\/#website"},"primaryImageOfPage":{"@id":"https:\/\/tiketi.com\/routes\/bus\/dar-es-salaam-to-mwanza\/#primaryimage"},"image":{"@id":"https:\/\/tiketi.com\/routes\/bus\/dar-es-salaam-to-mwanza\/#primaryimage"},"thumbnailUrl":"https:\/\/tiketi.com\/wp-content\/uploads\/2022\/01\/bus-ticket-online-booking.jpg","datePublished":"2022-01-19T11:55:05+00:00","dateModified":"2023-07-28T17:12:47+00:00","description":"\u00c0 la recherche d&#039;une application de r\u00e9servation de billets de bus de Dar es Salaam \u00e0 Mwanza, d&#039;un itin\u00e9raire, d&#039;un horaire et d&#039;un tarif de bus ? R\u00e9servez en ligne des billets de bus pas chers de Dar es Salam \u00e0 Mwanza","breadcrumb":{"@id":"https:\/\/tiketi.com\/routes\/bus\/dar-es-salaam-to-mwanza\/#breadcrumb"},"inLanguage":"fr-FR","potentialAction":[{"@type":"ReadAction","target":["https:\/\/tiketi.com\/routes\/bus\/dar-es-salaam-to-mwanza\/"]}]},{"@type":"ImageObject","inLanguage":"fr-FR","@id":"https:\/\/tiketi.com\/routes\/bus\/dar-es-salaam-to-mwanza\/#primaryimage","url":"https:\/\/tiketi.com\/wp-content\/uploads\/2022\/01\/bus-ticket-online-booking.jpg","contentUrl":"https:\/\/tiketi.com\/wp-content\/uploads\/2022\/01\/bus-ticket-online-booking.jpg","width":1200,"height":206,"caption":"Online Bus Ticket Booking"},{"@type":"BreadcrumbList","@id":"https:\/\/tiketi.com\/routes\/bus\/dar-es-salaam-to-mwanza\/#breadcrumb","itemListElement":[{"@type":"ListItem","position":1,"name":"Home","item":"https:\/\/tiketi.com\/"},{"@type":"ListItem","position":2,"name":"Routes","item":"https:\/\/tiketi.com\/routes\/"},{"@type":"ListItem","position":3,"name":"Bus","item":"https:\/\/tiketi.com\/routes\/bus\/"},{"@type":"ListItem","position":4,"name":"Bus from Dar es Salaam to Mwanza Bus Tickets, Schedule &amp; Fares"}]},{"@type":"WebSite","@id":"https:\/\/tiketi.com\/#website","url":"https:\/\/tiketi.com\/","name":"Billets d&#039;avion et de bus, forfaits touristiques et activit\u00e9s - Tiketi.com","description":"Billets d&#039;avion et de bus, Tours, Activit\u00e9s","publisher":{"@id":"https:\/\/tiketi.com\/#organization"},"potentialAction":[{"@type":"SearchAction","target":{"@type":"EntryPoint","urlTemplate":"https:\/\/tiketi.com\/?s={search_term_string}"},"query-input":{"@type":"PropertyValueSpecification","valueRequired":true,"valueName":"search_term_string"}}],"inLanguage":"fr-FR"},{"@type":"Organization","@id":"https:\/\/tiketi.com\/#organization","name":"Tiketi.com","alternateName":"Tiketi","url":"https:\/\/tiketi.com\/","logo":{"@type":"ImageObject","inLanguage":"fr-FR","@id":"https:\/\/tiketi.com\/#\/schema\/logo\/image\/","url":"https:\/\/tiketi.com\/wp-content\/uploads\/2019\/05\/tiketi-logo-696.png","contentUrl":"https:\/\/tiketi.com\/wp-content\/uploads\/2019\/05\/tiketi-logo-696.png","width":696,"height":696,"caption":"Tiketi.com"},"image":{"@id":"https:\/\/tiketi.com\/#\/schema\/logo\/image\/"},"sameAs":["https:\/\/www.facebook.com\/TiketiCom\/"]}]}},"_links":{"self":[{"href":"https:\/\/tiketi.com\/fr-fr\/wp-json\/wp\/v2\/pages\/11689","targetHints":{"allow":["GET"]}}],"collection":[{"href":"https:\/\/tiketi.com\/fr-fr\/wp-json\/wp\/v2\/pages"}],"about":[{"href":"https:\/\/tiketi.com\/fr-fr\/wp-json\/wp\/v2\/types\/page"}],"author":[{"embeddable":true,"href":"https:\/\/tiketi.com\/fr-fr\/wp-json\/wp\/v2\/users\/1"}],"replies":[{"embeddable":true,"href":"https:\/\/tiketi.com\/fr-fr\/wp-json\/wp\/v2\/comments?post=11689"}],"version-history":[{"count":0,"href":"https:\/\/tiketi.com\/fr-fr\/wp-json\/wp\/v2\/pages\/11689\/revisions"}],"up":[{"embeddable":true,"href":"https:\/\/tiketi.com\/fr-fr\/wp-json\/wp\/v2\/pages\/25566"}],"wp:featuredmedia":[{"embeddable":true,"href":"https:\/\/tiketi.com\/fr-fr\/wp-json\/wp\/v2\/media\/13999"}],"wp:attachment":[{"href":"https:\/\/tiketi.com\/fr-fr\/wp-json\/wp\/v2\/media?parent=11689"}],"curies":[{"name":"wp","href":"https:\/\/api.w.org\/{rel}","templated":true}]}}