{"id":11691,"date":"2022-01-19T12:55:05","date_gmt":"2022-01-19T11:55:05","guid":{"rendered":"https:\/\/new.tiketi.com\/bus-from-kigali-to-nairobi-bus-tickets-booking-route-schedule-fare\/"},"modified":"2022-08-31T14:05:02","modified_gmt":"2022-08-31T13:05:02","slug":"cheap-bus-tickets-from-kigali-to-nairobi","status":"publish","type":"page","link":"https:\/\/tiketi.com\/fr-fr\/cheap-bus-tickets-from-kigali-to-nairobi\/","title":{"rendered":"Bus de Kigali \u00e0 Nairobi R\u00e9servation de billets de bus, itin\u00e9raire, horaires et tarifs"},"content":{"rendered":"<h2>Billets de bus pas chers de Kigali \u00e0 Nairobi R\u00e9servation en ligne<\/h2>\n<h3>D\u00e9couvrez votre itin\u00e9raire de voyage sur le web, le mobile ou l&#039;application et r\u00e9servez d\u00e8s maintenant un billet de bus pas cher de Kigali \u00e0 Nairobi.<\/h3>\n<p>R\u00e9servez en ligne d\u00e8s maintenant vos billets de bus pas chers de Kigali \u00e0 Nairobi et visitez l&#039;une des plus grandes villes d&#039;Afrique. La ville de Nairobi a \u00e9t\u00e9 \u00e9tablie \u00e0 la fin du dix-neuvi\u00e8me si\u00e8cle comme une petite ville primitive qui est plac\u00e9e sur le trac\u00e9 du chemin de fer reliant l&#039;Ouganda \u00e0 Mombasa au Kenya. Vous pouvez visiter Nairobi en r\u00e9servant en ligne d\u00e8s maintenant des billets de bus pas chers de Kigali \u00e0 Nairobi et \u00e9conomiser du temps et de l&#039;argent.<\/p>\n<h2>Bus de Kigali \u00e0 Nairobi R\u00e9servation de billets de bus, itin\u00e9raires, horaires et tarifs FAQs<\/h2>\n<h3>Quel est le moyen abordable pour se rendre de Kigali \u00e0 Nairobi ?<\/h3>\n<p>Le moyen abordable de se rendre de Kigali \u00e0 Nairobi en bus qui co\u00fbte $21 \u2013 $40 et dure 17h 20m.<\/p>\n<h3>Y a-t-il un bus direct de Nairobi \u00e0 Kigali ?<\/h3>\n<p>Oui, il y a un bus mash direct de Nairobi \u00e0 Kigali et arrivant \u00e0 Nairobi. Les services partent 3 fois par jour, et op\u00e8rent chaque jour. Le trajet dure environ 17h 20m.<\/p>\n<h3>Quelle est la distance entre Kigali et Nairobi en bus ?<\/h3>\n<p>La distance entre bus Kigali et Nairobi est de 1004km.<\/p>\n<h3>O\u00f9 prendre le bus depuis Kigali pour Nairobi ?<\/h3>\n<p>Billets de bus pas chers depuis Kigali vers Nairobi, op\u00e9r\u00e9s par modern Coast.<\/p>\n<h3>Avion ou bus Kigali jusqu&#039;\u00e0 Nairobi ?<\/h3>\n<p>L&#039;excellent moyen de se rendre de Kigali \u00e0 Nairobi est de <a href=\"https:\/\/tiketi.com\/fr-fr\/flights-kigali-nairobi-kgl-nbo\/\" target=\"_blank\" rel=\"noopener\">voler<\/a> qui dure 1h 20m et co\u00fbte $170 \u2013 $310. Alternativement, vous pouvez prendre des bus de Nairobi \u00e0 Kigali, et le bus Kigali \u00e0 Nairobi tarif $20 \u2013 $40 et dure 17h 20m.<\/p>\n<h2>Billets de bus de Kigali \u00e0 Nairobi<\/h2>\n<p><strong>Voici quelques-unes des meilleures attractions de <a href=\"https:\/\/tiketi.com\/fr-fr\/tours\/Kenya\/Nairobi\/\" target=\"_blank\" rel=\"noopener\">Nairobi<\/a>:<\/strong><\/p>\n<h3>Parc national de Nairobi<\/h3>\n<p>L&#039;une des attractions les plus \u00e9tonnantes de Nairobi est sans aucun doute le parc national de Nairobi. Cr\u00e9\u00e9 en 1946 par des colons britanniques, le parc est l&#039;un des plus grands et des plus anciens parcs nationaux du monde entier. Situ\u00e9s pr\u00e8s du centre-ville, de nombreux visiteurs qui se rendent au Kenya visitent le parc pour une excursion d&#039;une demi-journ\u00e9e et d&#039;une journ\u00e9e compl\u00e8te pendant leur s\u00e9jour \u00e0 Nairobi.<\/p>\n<h3>Mus\u00e9e national de Nairobi<\/h3>\n<p>Il y a aussi le mus\u00e9e national de Nairobi qui est le plus grand du pays. Le mus\u00e9e illustre l&#039;histoire du Kenya \u00e0 travers plusieurs expositions, notamment des fossiles d&#039;animaux disparus, de l&#039;artisanat, des portraits et de nombreuses autres expositions.<\/p>\n<h3>Parc Uhuru<\/h3>\n<p>Le meilleur conseil est de visiter le parc Uhuru. Plac\u00e9 pr\u00e8s du centre d&#039;affaires de la ville, le parc serait un endroit remarquable pour tra\u00eener et pique-niquer.<\/p>","protected":false},"excerpt":{"rendered":"<p>Cheap Bus Tickets from Kigali to Nairobi Online Booking Discover your travel route on web, mobile or app and book cheap bus ticket from Kigali to Nairobi now. Do cheap bus from Kigali to Nairobi bus tickets booking online now and visit one of Africa&#8217;s largest cities. The city of Nairobi was established at the [&hellip;]<\/p>\n","protected":false},"author":1,"featured_media":13999,"parent":0,"menu_order":0,"comment_status":"open","ping_status":"closed","template":"template-home-modern.php","meta":{"footnotes":""},"class_list":["post-11691","page","type-page","status-publish","has-post-thumbnail","hentry"],"yoast_head":"<!-- This site is optimized with the Yoast SEO plugin v27.4 - https:\/\/yoast.com\/product\/yoast-seo-wordpress\/ -->\n<title>Bus from Kigali to Nairobi Bus Tickets Booking, Route, Schedule &amp; Fare<\/title>\n<meta name=\"description\" content=\"Looking for bus from Kigali to Nairobi bus tickets booking, routes, schedules &amp; fares? Book cheap bus tickets from Kigali to Nairobi now\" \/>\n<meta name=\"robots\" content=\"index, follow, max-snippet:-1, max-image-preview:large, max-video-preview:-1\" \/>\n<link rel=\"canonical\" href=\"https:\/\/tiketi.com\/fr-fr\/cheap-bus-tickets-from-kigali-to-nairobi\/\" \/>\n<meta property=\"og:locale\" content=\"fr_FR\" \/>\n<meta property=\"og:type\" content=\"article\" \/>\n<meta property=\"og:title\" content=\"Bus from Kigali to Nairobi Bus Tickets Booking, Route, Schedule &amp; Fare\" \/>\n<meta property=\"og:description\" content=\"Looking for bus from Kigali to Nairobi bus tickets booking, routes, schedules &amp; fares? Book cheap bus tickets from Kigali to Nairobi now\" \/>\n<meta property=\"og:url\" content=\"https:\/\/tiketi.com\/fr-fr\/cheap-bus-tickets-from-kigali-to-nairobi\/\" \/>\n<meta property=\"og:site_name\" content=\"Tiketi.com\" \/>\n<meta property=\"article:publisher\" content=\"https:\/\/www.facebook.com\/TiketiCom\/\" \/>\n<meta property=\"article:modified_time\" content=\"2022-08-31T13:05:02+00:00\" \/>\n<meta property=\"og:image\" content=\"https:\/\/tiketi.com\/wp-content\/uploads\/2022\/01\/bus-ticket-online-booking.jpg\" \/>\n\t<meta property=\"og:image:width\" content=\"1200\" \/>\n\t<meta property=\"og:image:height\" content=\"206\" \/>\n\t<meta property=\"og:image:type\" content=\"image\/jpeg\" \/>\n<meta name=\"twitter:card\" content=\"summary_large_image\" \/>\n<meta name=\"twitter:label1\" content=\"Dur\u00e9e de lecture estim\u00e9e\" \/>\n\t<meta name=\"twitter:data1\" content=\"2 minutes\" \/>\n<script type=\"application\/ld+json\" class=\"yoast-schema-graph\">{\"@context\":\"https:\\\/\\\/schema.org\",\"@graph\":[{\"@type\":\"WebPage\",\"@id\":\"https:\\\/\\\/tiketi.com\\\/fr-fr\\\/cheap-bus-tickets-from-kigali-to-nairobi\\\/\",\"url\":\"https:\\\/\\\/tiketi.com\\\/fr-fr\\\/cheap-bus-tickets-from-kigali-to-nairobi\\\/\",\"name\":\"Bus from Kigali to Nairobi Bus Tickets Booking, Route, Schedule & Fare\",\"isPartOf\":{\"@id\":\"https:\\\/\\\/tiketi.com\\\/#website\"},\"primaryImageOfPage\":{\"@id\":\"https:\\\/\\\/tiketi.com\\\/fr-fr\\\/cheap-bus-tickets-from-kigali-to-nairobi\\\/#primaryimage\"},\"image\":{\"@id\":\"https:\\\/\\\/tiketi.com\\\/fr-fr\\\/cheap-bus-tickets-from-kigali-to-nairobi\\\/#primaryimage\"},\"thumbnailUrl\":\"https:\\\/\\\/tiketi.com\\\/wp-content\\\/uploads\\\/2022\\\/01\\\/bus-ticket-online-booking.jpg\",\"datePublished\":\"2022-01-19T11:55:05+00:00\",\"dateModified\":\"2022-08-31T13:05:02+00:00\",\"description\":\"Looking for bus from Kigali to Nairobi bus tickets booking, routes, schedules & fares? Book cheap bus tickets from Kigali to Nairobi now\",\"breadcrumb\":{\"@id\":\"https:\\\/\\\/tiketi.com\\\/fr-fr\\\/cheap-bus-tickets-from-kigali-to-nairobi\\\/#breadcrumb\"},\"inLanguage\":\"fr-FR\",\"potentialAction\":[{\"@type\":\"ReadAction\",\"target\":[\"https:\\\/\\\/tiketi.com\\\/fr-fr\\\/cheap-bus-tickets-from-kigali-to-nairobi\\\/\"]}]},{\"@type\":\"ImageObject\",\"inLanguage\":\"fr-FR\",\"@id\":\"https:\\\/\\\/tiketi.com\\\/fr-fr\\\/cheap-bus-tickets-from-kigali-to-nairobi\\\/#primaryimage\",\"url\":\"https:\\\/\\\/tiketi.com\\\/wp-content\\\/uploads\\\/2022\\\/01\\\/bus-ticket-online-booking.jpg\",\"contentUrl\":\"https:\\\/\\\/tiketi.com\\\/wp-content\\\/uploads\\\/2022\\\/01\\\/bus-ticket-online-booking.jpg\",\"width\":1200,\"height\":206,\"caption\":\"Online Bus Ticket Booking\"},{\"@type\":\"BreadcrumbList\",\"@id\":\"https:\\\/\\\/tiketi.com\\\/fr-fr\\\/cheap-bus-tickets-from-kigali-to-nairobi\\\/#breadcrumb\",\"itemListElement\":[{\"@type\":\"ListItem\",\"position\":1,\"name\":\"Home\",\"item\":\"https:\\\/\\\/tiketi.com\\\/\"},{\"@type\":\"ListItem\",\"position\":2,\"name\":\"Bus from Kigali to Nairobi Bus Tickets Booking, Route, Schedule &#038; Fare\"}]},{\"@type\":\"WebSite\",\"@id\":\"https:\\\/\\\/tiketi.com\\\/#website\",\"url\":\"https:\\\/\\\/tiketi.com\\\/\",\"name\":\"Flight & Bus Tickets, Tour Packages & Activitites - Tiketi.com\",\"description\":\"Flight &amp; Bus Tickets, Tours, Activitites\",\"publisher\":{\"@id\":\"https:\\\/\\\/tiketi.com\\\/#organization\"},\"potentialAction\":[{\"@type\":\"SearchAction\",\"target\":{\"@type\":\"EntryPoint\",\"urlTemplate\":\"https:\\\/\\\/tiketi.com\\\/?s={search_term_string}\"},\"query-input\":{\"@type\":\"PropertyValueSpecification\",\"valueRequired\":true,\"valueName\":\"search_term_string\"}}],\"inLanguage\":\"fr-FR\"},{\"@type\":\"Organization\",\"@id\":\"https:\\\/\\\/tiketi.com\\\/#organization\",\"name\":\"Tiketi.com\",\"alternateName\":\"Tiketi\",\"url\":\"https:\\\/\\\/tiketi.com\\\/\",\"logo\":{\"@type\":\"ImageObject\",\"inLanguage\":\"fr-FR\",\"@id\":\"https:\\\/\\\/tiketi.com\\\/#\\\/schema\\\/logo\\\/image\\\/\",\"url\":\"https:\\\/\\\/tiketi.com\\\/wp-content\\\/uploads\\\/2019\\\/05\\\/tiketi-logo-696.png\",\"contentUrl\":\"https:\\\/\\\/tiketi.com\\\/wp-content\\\/uploads\\\/2019\\\/05\\\/tiketi-logo-696.png\",\"width\":696,\"height\":696,\"caption\":\"Tiketi.com\"},\"image\":{\"@id\":\"https:\\\/\\\/tiketi.com\\\/#\\\/schema\\\/logo\\\/image\\\/\"},\"sameAs\":[\"https:\\\/\\\/www.facebook.com\\\/TiketiCom\\\/\"]}]}<\/script>\n<!-- \/ Yoast SEO plugin. -->","yoast_head_json":{"title":"Bus de Kigali \u00e0 Nairobi R\u00e9servation de billets de bus, itin\u00e9raire, horaires et tarifs","description":"Vous recherchez des billets de bus de Kigali \u00e0 Nairobi, des r\u00e9servations d&#039;itin\u00e9raires, des horaires et des tarifs de bus ? R\u00e9servez d\u00e8s maintenant des billets de bus \u00e0 bas prix de Kigali \u00e0 Nairobi","robots":{"index":"index","follow":"follow","max-snippet":"max-snippet:-1","max-image-preview":"max-image-preview:large","max-video-preview":"max-video-preview:-1"},"canonical":"https:\/\/tiketi.com\/fr-fr\/cheap-bus-tickets-from-kigali-to-nairobi\/","og_locale":"fr_FR","og_type":"article","og_title":"Bus from Kigali to Nairobi Bus Tickets Booking, Route, Schedule & Fare","og_description":"Looking for bus from Kigali to Nairobi bus tickets booking, routes, schedules & fares? Book cheap bus tickets from Kigali to Nairobi now","og_url":"https:\/\/tiketi.com\/fr-fr\/cheap-bus-tickets-from-kigali-to-nairobi\/","og_site_name":"Tiketi.com","article_publisher":"https:\/\/www.facebook.com\/TiketiCom\/","article_modified_time":"2022-08-31T13:05:02+00:00","og_image":[{"width":1200,"height":206,"url":"https:\/\/tiketi.com\/wp-content\/uploads\/2022\/01\/bus-ticket-online-booking.jpg","type":"image\/jpeg"}],"twitter_card":"summary_large_image","twitter_misc":{"Dur\u00e9e de lecture estim\u00e9e":"2 minutes"},"schema":{"@context":"https:\/\/schema.org","@graph":[{"@type":"WebPage","@id":"https:\/\/tiketi.com\/fr-fr\/cheap-bus-tickets-from-kigali-to-nairobi\/","url":"https:\/\/tiketi.com\/fr-fr\/cheap-bus-tickets-from-kigali-to-nairobi\/","name":"Bus de Kigali \u00e0 Nairobi R\u00e9servation de billets de bus, itin\u00e9raire, horaires et tarifs","isPartOf":{"@id":"https:\/\/tiketi.com\/#website"},"primaryImageOfPage":{"@id":"https:\/\/tiketi.com\/fr-fr\/cheap-bus-tickets-from-kigali-to-nairobi\/#primaryimage"},"image":{"@id":"https:\/\/tiketi.com\/fr-fr\/cheap-bus-tickets-from-kigali-to-nairobi\/#primaryimage"},"thumbnailUrl":"https:\/\/tiketi.com\/wp-content\/uploads\/2022\/01\/bus-ticket-online-booking.jpg","datePublished":"2022-01-19T11:55:05+00:00","dateModified":"2022-08-31T13:05:02+00:00","description":"Vous recherchez des billets de bus de Kigali \u00e0 Nairobi, des r\u00e9servations d&#039;itin\u00e9raires, des horaires et des tarifs de bus ? R\u00e9servez d\u00e8s maintenant des billets de bus \u00e0 bas prix de Kigali \u00e0 Nairobi","breadcrumb":{"@id":"https:\/\/tiketi.com\/fr-fr\/cheap-bus-tickets-from-kigali-to-nairobi\/#breadcrumb"},"inLanguage":"fr-FR","potentialAction":[{"@type":"ReadAction","target":["https:\/\/tiketi.com\/fr-fr\/cheap-bus-tickets-from-kigali-to-nairobi\/"]}]},{"@type":"ImageObject","inLanguage":"fr-FR","@id":"https:\/\/tiketi.com\/fr-fr\/cheap-bus-tickets-from-kigali-to-nairobi\/#primaryimage","url":"https:\/\/tiketi.com\/wp-content\/uploads\/2022\/01\/bus-ticket-online-booking.jpg","contentUrl":"https:\/\/tiketi.com\/wp-content\/uploads\/2022\/01\/bus-ticket-online-booking.jpg","width":1200,"height":206,"caption":"Online Bus Ticket Booking"},{"@type":"BreadcrumbList","@id":"https:\/\/tiketi.com\/fr-fr\/cheap-bus-tickets-from-kigali-to-nairobi\/#breadcrumb","itemListElement":[{"@type":"ListItem","position":1,"name":"Home","item":"https:\/\/tiketi.com\/"},{"@type":"ListItem","position":2,"name":"Bus from Kigali to Nairobi Bus Tickets Booking, Route, Schedule &#038; Fare"}]},{"@type":"WebSite","@id":"https:\/\/tiketi.com\/#website","url":"https:\/\/tiketi.com\/","name":"Billets d&#039;avion et de bus, forfaits touristiques et activit\u00e9s - Tiketi.com","description":"Billets d&#039;avion et de bus, Tours, Activit\u00e9s","publisher":{"@id":"https:\/\/tiketi.com\/#organization"},"potentialAction":[{"@type":"SearchAction","target":{"@type":"EntryPoint","urlTemplate":"https:\/\/tiketi.com\/?s={search_term_string}"},"query-input":{"@type":"PropertyValueSpecification","valueRequired":true,"valueName":"search_term_string"}}],"inLanguage":"fr-FR"},{"@type":"Organization","@id":"https:\/\/tiketi.com\/#organization","name":"Tiketi.com","alternateName":"Tiketi","url":"https:\/\/tiketi.com\/","logo":{"@type":"ImageObject","inLanguage":"fr-FR","@id":"https:\/\/tiketi.com\/#\/schema\/logo\/image\/","url":"https:\/\/tiketi.com\/wp-content\/uploads\/2019\/05\/tiketi-logo-696.png","contentUrl":"https:\/\/tiketi.com\/wp-content\/uploads\/2019\/05\/tiketi-logo-696.png","width":696,"height":696,"caption":"Tiketi.com"},"image":{"@id":"https:\/\/tiketi.com\/#\/schema\/logo\/image\/"},"sameAs":["https:\/\/www.facebook.com\/TiketiCom\/"]}]}},"_links":{"self":[{"href":"https:\/\/tiketi.com\/fr-fr\/wp-json\/wp\/v2\/pages\/11691","targetHints":{"allow":["GET"]}}],"collection":[{"href":"https:\/\/tiketi.com\/fr-fr\/wp-json\/wp\/v2\/pages"}],"about":[{"href":"https:\/\/tiketi.com\/fr-fr\/wp-json\/wp\/v2\/types\/page"}],"author":[{"embeddable":true,"href":"https:\/\/tiketi.com\/fr-fr\/wp-json\/wp\/v2\/users\/1"}],"replies":[{"embeddable":true,"href":"https:\/\/tiketi.com\/fr-fr\/wp-json\/wp\/v2\/comments?post=11691"}],"version-history":[{"count":0,"href":"https:\/\/tiketi.com\/fr-fr\/wp-json\/wp\/v2\/pages\/11691\/revisions"}],"wp:featuredmedia":[{"embeddable":true,"href":"https:\/\/tiketi.com\/fr-fr\/wp-json\/wp\/v2\/media\/13999"}],"wp:attachment":[{"href":"https:\/\/tiketi.com\/fr-fr\/wp-json\/wp\/v2\/media?parent=11691"}],"curies":[{"name":"wp","href":"https:\/\/api.w.org\/{rel}","templated":true}]}}