{"id":11692,"date":"2022-01-19T12:55:05","date_gmt":"2022-01-19T11:55:05","guid":{"rendered":"https:\/\/new.tiketi.com\/bus-tickets-from-mombasa-to-nairobi-bus-online-booking-fare-schedule\/"},"modified":"2022-08-31T14:04:56","modified_gmt":"2022-08-31T13:04:56","slug":"cheap-bus-tickets-from-mombasa-to-nairobi","status":"publish","type":"page","link":"https:\/\/tiketi.com\/fr-fr\/cheap-bus-tickets-from-mombasa-to-nairobi\/","title":{"rendered":"Billets de bus de Mombasa \u00e0 Nairobi R\u00e9servation en ligne de bus, tarifs et horaires"},"content":{"rendered":"<p>[wbtm-bus-search]<\/p>\n<h2>Cheap Bus from\u00a0Mombasa to Nairobi\u00a0Online Booking<\/h2>\n<h3>Discover your travel route on web, mobile or app and book cheap bus ticket from Mombasa to Nairobi online now.<\/h3>\n<p>Compare and book cheap bus tickets from Mombasa to Nairobi bus online booking. The gateway to country is its capital city, Nairobi. As the transportation center of the country, the city&#8217;s roads, airports, trains and bus stations are liable for ferrying guests to the aquamarine waters of \u00a0the coastline, the valuable Rift Valley Lake area, and wide open savannahs of the Maasai Mara or the lush landscapes in the central highlands. So, book your cheap bus from Mombasa to Nairobi online now.<\/p>\n<h2>Bus Tickets from Mombasa to Nairobi Bus Online Booking, Fare &amp; Schedule Timetable FAQs<\/h2>\n<h3>What is the affordable way to get from Mombasa to Nairobi?<\/h3>\n<p>The affordable way to get Mombasa to Nairobi by bus. Buses Mombasa to Nairobi costs $8 &#8211; $25 and takes 9h.<\/p>\n<h3>Is there a direct bus Mombasa to Nairobi?<\/h3>\n<p>Yes, there is a direct best bus Mombasa to Nairobi and arriving at Nairobi. Services depart every 3 hours, and operate every day. The journey takes about 9h.<\/p>\n<h3>What is the distance of Mombasa to Nairobi by bus?<\/h3>\n<p>The distance of bus Mombasa to Nairobi is 442 km.<\/p>\n<h3>Where do I take the Mombasa to Nairobi bus from?<\/h3>\n<p>Cheap bus from Mombasa to Nairobi services, operated by Dreamline Express, Mash Bus, Simba Coach, Tahmeed Coach, Transline Classic, Crown Bus Service and Coast Bus, depart from Nairobi or Mombasa station.<\/p>\n<h3>Fly, train or bus Mombasa to Nairobi?<\/h3>\n<p>The excellent way to get from Mombasa to Nairobi is to <a href=\"https:\/\/tiketi.com\/flightst\" target=\"_blank\" rel=\"noopener\">fly<\/a> which takes 1h 30m and costs $120 &#8211; $300. Alternatively, you can train, which costs $75 &#8211; $130 and takes 5h 20m, you could also get buses from Mombasa to Nairobi, which costs $8 &#8211; $27 and takes 9h.<\/p>\n<h2>Bus from Mombasa to Nairobi Tips<\/h2>\n<p>Do Mombasa to Nairobi bus booking and discover some of the best <a href=\"https:\/\/tiketi.com\/tours\/Kenya\/Nairobi\" target=\"_blank\" rel=\"noopener\">attractions<\/a> of Nairobi:<\/p>\n<p>The continent biggest and second-biggest mountains, Mount Kenya and Kilimanjaro, are visible from the city on a clear day. Just west of the city, Karen Blixen&#8217;s well-known Ngong Hills rest against the landscape.<\/p>\n<p>On the other hand, the Nairobi National Park can be reached by car or bus, and visitors are capable to study a multitude of wildlife going about their day against stark backdrop of the city. A visit to the David Sheldrick Wildlife Trust, placed in the park, is a must. Guests can observe orphaned rhinos and elephants being led by their carers for a daily mud bath.<\/p>\n","protected":false},"excerpt":{"rendered":"<p>[wbtm-bus-search] Cheap Bus from\u00a0Mombasa to Nairobi\u00a0Online Booking Discover your travel route on web, mobile or app and book cheap bus ticket from Mombasa to Nairobi online now. Compare and book cheap bus tickets from Mombasa to Nairobi bus online booking. The gateway to country is its capital city, Nairobi. As the transportation center of the [&hellip;]<\/p>\n","protected":false},"author":1,"featured_media":13999,"parent":0,"menu_order":0,"comment_status":"open","ping_status":"closed","template":"template-home-modern.php","meta":{"footnotes":""},"class_list":["post-11692","page","type-page","status-publish","has-post-thumbnail","hentry"],"yoast_head":"<!-- This site is optimized with the Yoast SEO plugin v27.2 - https:\/\/yoast.com\/product\/yoast-seo-wordpress\/ -->\n<title>Bus Tickets from Mombasa to Nairobi Bus Online Booking, Fare &amp; Schedule<\/title>\n<meta name=\"description\" content=\"Looking for bus from Mombasa to Nairobi bus online booking app, fare &amp; schedule. Book your cheap bus tickets from\u00a0Mombasa to Nairobi now\" \/>\n<meta name=\"robots\" content=\"index, follow, max-snippet:-1, max-image-preview:large, max-video-preview:-1\" \/>\n<link rel=\"canonical\" href=\"https:\/\/tiketi.com\/fr-fr\/cheap-bus-tickets-from-mombasa-to-nairobi\/\" \/>\n<meta property=\"og:locale\" content=\"fr_FR\" \/>\n<meta property=\"og:type\" content=\"article\" \/>\n<meta property=\"og:title\" content=\"Bus Tickets from Mombasa to Nairobi Bus Online Booking, Fare &amp; Schedule\" \/>\n<meta property=\"og:description\" content=\"Looking for bus from Mombasa to Nairobi bus online booking app, fare &amp; schedule. Book your cheap bus tickets from\u00a0Mombasa to Nairobi now\" \/>\n<meta property=\"og:url\" content=\"https:\/\/tiketi.com\/fr-fr\/cheap-bus-tickets-from-mombasa-to-nairobi\/\" \/>\n<meta property=\"og:site_name\" content=\"Tiketi.com\" \/>\n<meta property=\"article:publisher\" content=\"https:\/\/www.facebook.com\/TiketiCom\/\" \/>\n<meta property=\"article:modified_time\" content=\"2022-08-31T13:04:56+00:00\" \/>\n<meta property=\"og:image\" content=\"https:\/\/tiketi.com\/wp-content\/uploads\/2022\/01\/bus-ticket-online-booking.jpg\" \/>\n\t<meta property=\"og:image:width\" content=\"1200\" \/>\n\t<meta property=\"og:image:height\" content=\"206\" \/>\n\t<meta property=\"og:image:type\" content=\"image\/jpeg\" \/>\n<meta name=\"twitter:card\" content=\"summary_large_image\" \/>\n<meta name=\"twitter:label1\" content=\"Dur\u00e9e de lecture estim\u00e9e\" \/>\n\t<meta name=\"twitter:data1\" content=\"2 minutes\" \/>\n<script type=\"application\/ld+json\" class=\"yoast-schema-graph\">{\"@context\":\"https:\/\/schema.org\",\"@graph\":[{\"@type\":\"WebPage\",\"@id\":\"https:\/\/tiketi.com\/cheap-bus-tickets-from-mombasa-to-nairobi\/\",\"url\":\"https:\/\/tiketi.com\/cheap-bus-tickets-from-mombasa-to-nairobi\/\",\"name\":\"Bus Tickets from Mombasa to Nairobi Bus Online Booking, Fare & Schedule\",\"isPartOf\":{\"@id\":\"https:\/\/tiketi.com\/#website\"},\"primaryImageOfPage\":{\"@id\":\"https:\/\/tiketi.com\/cheap-bus-tickets-from-mombasa-to-nairobi\/#primaryimage\"},\"image\":{\"@id\":\"https:\/\/tiketi.com\/cheap-bus-tickets-from-mombasa-to-nairobi\/#primaryimage\"},\"thumbnailUrl\":\"https:\/\/tiketi.com\/wp-content\/uploads\/2022\/01\/bus-ticket-online-booking.jpg\",\"datePublished\":\"2022-01-19T11:55:05+00:00\",\"dateModified\":\"2022-08-31T13:04:56+00:00\",\"description\":\"Looking for bus from Mombasa to Nairobi bus online booking app, fare & schedule. Book your cheap bus tickets from\u00a0Mombasa to Nairobi now\",\"breadcrumb\":{\"@id\":\"https:\/\/tiketi.com\/cheap-bus-tickets-from-mombasa-to-nairobi\/#breadcrumb\"},\"inLanguage\":\"fr-FR\",\"potentialAction\":[{\"@type\":\"ReadAction\",\"target\":[\"https:\/\/tiketi.com\/cheap-bus-tickets-from-mombasa-to-nairobi\/\"]}]},{\"@type\":\"ImageObject\",\"inLanguage\":\"fr-FR\",\"@id\":\"https:\/\/tiketi.com\/cheap-bus-tickets-from-mombasa-to-nairobi\/#primaryimage\",\"url\":\"https:\/\/tiketi.com\/wp-content\/uploads\/2022\/01\/bus-ticket-online-booking.jpg\",\"contentUrl\":\"https:\/\/tiketi.com\/wp-content\/uploads\/2022\/01\/bus-ticket-online-booking.jpg\",\"width\":1200,\"height\":206,\"caption\":\"Online Bus Ticket Booking\"},{\"@type\":\"BreadcrumbList\",\"@id\":\"https:\/\/tiketi.com\/cheap-bus-tickets-from-mombasa-to-nairobi\/#breadcrumb\",\"itemListElement\":[{\"@type\":\"ListItem\",\"position\":1,\"name\":\"Home\",\"item\":\"https:\/\/tiketi.com\/\"},{\"@type\":\"ListItem\",\"position\":2,\"name\":\"Bus Tickets from Mombasa to Nairobi Bus Online Booking, Fare &#038; Schedule\"}]},{\"@type\":\"WebSite\",\"@id\":\"https:\/\/tiketi.com\/#website\",\"url\":\"https:\/\/tiketi.com\/\",\"name\":\"Flight & Bus Tickets, Tour Packages & Activitites - Tiketi.com\",\"description\":\"Flight &amp; Bus Tickets, Tours, Activitites\",\"publisher\":{\"@id\":\"https:\/\/tiketi.com\/#organization\"},\"potentialAction\":[{\"@type\":\"SearchAction\",\"target\":{\"@type\":\"EntryPoint\",\"urlTemplate\":\"https:\/\/tiketi.com\/?s={search_term_string}\"},\"query-input\":{\"@type\":\"PropertyValueSpecification\",\"valueRequired\":true,\"valueName\":\"search_term_string\"}}],\"inLanguage\":\"fr-FR\"},{\"@type\":\"Organization\",\"@id\":\"https:\/\/tiketi.com\/#organization\",\"name\":\"Tiketi.com\",\"alternateName\":\"Tiketi\",\"url\":\"https:\/\/tiketi.com\/\",\"logo\":{\"@type\":\"ImageObject\",\"inLanguage\":\"fr-FR\",\"@id\":\"https:\/\/tiketi.com\/#\/schema\/logo\/image\/\",\"url\":\"https:\/\/tiketi.com\/wp-content\/uploads\/2019\/05\/tiketi-logo-696.png\",\"contentUrl\":\"https:\/\/tiketi.com\/wp-content\/uploads\/2019\/05\/tiketi-logo-696.png\",\"width\":696,\"height\":696,\"caption\":\"Tiketi.com\"},\"image\":{\"@id\":\"https:\/\/tiketi.com\/#\/schema\/logo\/image\/\"},\"sameAs\":[\"https:\/\/www.facebook.com\/TiketiCom\/\"]}]}<\/script>\n<!-- \/ Yoast SEO plugin. -->","yoast_head_json":{"title":"Billets de bus de Mombasa \u00e0 Nairobi R\u00e9servation en ligne de bus, tarifs et horaires","description":"\u00c0 la recherche d&#039;un bus de Mombasa \u00e0 Nairobi, application de r\u00e9servation en ligne de bus, tarifs et horaires. R\u00e9servez d\u00e8s maintenant vos billets de bus \u00e0 bas prix de Mombasa \u00e0 Nairobi","robots":{"index":"index","follow":"follow","max-snippet":"max-snippet:-1","max-image-preview":"max-image-preview:large","max-video-preview":"max-video-preview:-1"},"canonical":"https:\/\/tiketi.com\/fr-fr\/cheap-bus-tickets-from-mombasa-to-nairobi\/","og_locale":"fr_FR","og_type":"article","og_title":"Bus Tickets from Mombasa to Nairobi Bus Online Booking, Fare & Schedule","og_description":"Looking for bus from Mombasa to Nairobi bus online booking app, fare & schedule. Book your cheap bus tickets from\u00a0Mombasa to Nairobi now","og_url":"https:\/\/tiketi.com\/fr-fr\/cheap-bus-tickets-from-mombasa-to-nairobi\/","og_site_name":"Tiketi.com","article_publisher":"https:\/\/www.facebook.com\/TiketiCom\/","article_modified_time":"2022-08-31T13:04:56+00:00","og_image":[{"width":1200,"height":206,"url":"https:\/\/tiketi.com\/wp-content\/uploads\/2022\/01\/bus-ticket-online-booking.jpg","type":"image\/jpeg"}],"twitter_card":"summary_large_image","twitter_misc":{"Dur\u00e9e de lecture estim\u00e9e":"2 minutes"},"schema":{"@context":"https:\/\/schema.org","@graph":[{"@type":"WebPage","@id":"https:\/\/tiketi.com\/cheap-bus-tickets-from-mombasa-to-nairobi\/","url":"https:\/\/tiketi.com\/cheap-bus-tickets-from-mombasa-to-nairobi\/","name":"Billets de bus de Mombasa \u00e0 Nairobi R\u00e9servation en ligne de bus, tarifs et horaires","isPartOf":{"@id":"https:\/\/tiketi.com\/#website"},"primaryImageOfPage":{"@id":"https:\/\/tiketi.com\/cheap-bus-tickets-from-mombasa-to-nairobi\/#primaryimage"},"image":{"@id":"https:\/\/tiketi.com\/cheap-bus-tickets-from-mombasa-to-nairobi\/#primaryimage"},"thumbnailUrl":"https:\/\/tiketi.com\/wp-content\/uploads\/2022\/01\/bus-ticket-online-booking.jpg","datePublished":"2022-01-19T11:55:05+00:00","dateModified":"2022-08-31T13:04:56+00:00","description":"\u00c0 la recherche d&#039;un bus de Mombasa \u00e0 Nairobi, application de r\u00e9servation en ligne de bus, tarifs et horaires. R\u00e9servez d\u00e8s maintenant vos billets de bus \u00e0 bas prix de Mombasa \u00e0 Nairobi","breadcrumb":{"@id":"https:\/\/tiketi.com\/cheap-bus-tickets-from-mombasa-to-nairobi\/#breadcrumb"},"inLanguage":"fr-FR","potentialAction":[{"@type":"ReadAction","target":["https:\/\/tiketi.com\/cheap-bus-tickets-from-mombasa-to-nairobi\/"]}]},{"@type":"ImageObject","inLanguage":"fr-FR","@id":"https:\/\/tiketi.com\/cheap-bus-tickets-from-mombasa-to-nairobi\/#primaryimage","url":"https:\/\/tiketi.com\/wp-content\/uploads\/2022\/01\/bus-ticket-online-booking.jpg","contentUrl":"https:\/\/tiketi.com\/wp-content\/uploads\/2022\/01\/bus-ticket-online-booking.jpg","width":1200,"height":206,"caption":"Online Bus Ticket Booking"},{"@type":"BreadcrumbList","@id":"https:\/\/tiketi.com\/cheap-bus-tickets-from-mombasa-to-nairobi\/#breadcrumb","itemListElement":[{"@type":"ListItem","position":1,"name":"Home","item":"https:\/\/tiketi.com\/"},{"@type":"ListItem","position":2,"name":"Bus Tickets from Mombasa to Nairobi Bus Online Booking, Fare &#038; Schedule"}]},{"@type":"WebSite","@id":"https:\/\/tiketi.com\/#website","url":"https:\/\/tiketi.com\/","name":"Billets d&#039;avion et de bus, forfaits touristiques et activit\u00e9s - Tiketi.com","description":"Billets d&#039;avion et de bus, Tours, Activit\u00e9s","publisher":{"@id":"https:\/\/tiketi.com\/#organization"},"potentialAction":[{"@type":"SearchAction","target":{"@type":"EntryPoint","urlTemplate":"https:\/\/tiketi.com\/?s={search_term_string}"},"query-input":{"@type":"PropertyValueSpecification","valueRequired":true,"valueName":"search_term_string"}}],"inLanguage":"fr-FR"},{"@type":"Organization","@id":"https:\/\/tiketi.com\/#organization","name":"Tiketi.com","alternateName":"Tiketi","url":"https:\/\/tiketi.com\/","logo":{"@type":"ImageObject","inLanguage":"fr-FR","@id":"https:\/\/tiketi.com\/#\/schema\/logo\/image\/","url":"https:\/\/tiketi.com\/wp-content\/uploads\/2019\/05\/tiketi-logo-696.png","contentUrl":"https:\/\/tiketi.com\/wp-content\/uploads\/2019\/05\/tiketi-logo-696.png","width":696,"height":696,"caption":"Tiketi.com"},"image":{"@id":"https:\/\/tiketi.com\/#\/schema\/logo\/image\/"},"sameAs":["https:\/\/www.facebook.com\/TiketiCom\/"]}]}},"_links":{"self":[{"href":"https:\/\/tiketi.com\/fr-fr\/wp-json\/wp\/v2\/pages\/11692","targetHints":{"allow":["GET"]}}],"collection":[{"href":"https:\/\/tiketi.com\/fr-fr\/wp-json\/wp\/v2\/pages"}],"about":[{"href":"https:\/\/tiketi.com\/fr-fr\/wp-json\/wp\/v2\/types\/page"}],"author":[{"embeddable":true,"href":"https:\/\/tiketi.com\/fr-fr\/wp-json\/wp\/v2\/users\/1"}],"replies":[{"embeddable":true,"href":"https:\/\/tiketi.com\/fr-fr\/wp-json\/wp\/v2\/comments?post=11692"}],"version-history":[{"count":0,"href":"https:\/\/tiketi.com\/fr-fr\/wp-json\/wp\/v2\/pages\/11692\/revisions"}],"wp:featuredmedia":[{"embeddable":true,"href":"https:\/\/tiketi.com\/fr-fr\/wp-json\/wp\/v2\/media\/13999"}],"wp:attachment":[{"href":"https:\/\/tiketi.com\/fr-fr\/wp-json\/wp\/v2\/media?parent=11692"}],"curies":[{"name":"wp","href":"https:\/\/api.w.org\/{rel}","templated":true}]}}