{"id":11693,"date":"2022-01-19T12:55:05","date_gmt":"2022-01-19T11:55:05","guid":{"rendered":"https:\/\/new.tiketi.com\/bus-tickets-from-nairobi-to-mombasa-bus-online-booking-fare-schedule\/"},"modified":"2023-07-26T17:52:02","modified_gmt":"2023-07-26T16:52:02","slug":"tickets-nairobi-to-mombasa","status":"publish","type":"page","link":"https:\/\/tiketi.com\/fr-fr\/routes\/bus\/tickets-nairobi-to-mombasa\/","title":{"rendered":"Billets de bus de Nairobi \u00e0 Mombasa R\u00e9servation en ligne de bus, tarifs et horaires"},"content":{"rendered":"<h2>Bus pas cher de Nairobi \u00e0 Mombasa R\u00e9servation en ligne<\/h2>\n<h3>D\u00e9couvrez votre itin\u00e9raire de voyage sur le web, le mobile ou l&#039;application et r\u00e9servez en ligne maintenant un billet de bus pas cher de Nairobi \u00e0 Mombasa.<\/h3>\n<p>Comparez et profitez des meilleurs billets de bus de Nairobi \u00e0 Mombasa, r\u00e9servation en ligne de bus et voyagez de Nairobi \u00e0 Mombasa en bus. Visitez la deuxi\u00e8me plus grande ville du Kenya, Mombasa - une ville au large de l&#039;oc\u00e9an Indien, est le centre du tourisme c\u00f4tier au Kenya. Une partie de la ville est reli\u00e9e au continent par des ponts construits sur les 2 criques qui la s\u00e9parent du continent et poss\u00e8de \u00e0 la fois un a\u00e9roport international et un port pour desservir les visiteurs de la r\u00e9gion. Consultez les itin\u00e9raires de bus de la navette Nairobi \u00e0 Mombasa, les horaires, le prix du billet, la distance et d&#039;autres d\u00e9tails pour profiter d&#039;un voyage sans encombre. Allez-y et profitez d&#039;offres incroyables sur les bus pas chers de Nairobi \u00e0 Mombasa en r\u00e9servant en ligne des voyages par la route.<\/p>\n<h2>Meilleurs billets de bus de Nairobi \u00e0 Mombasa R\u00e9servation en ligne de bus, itin\u00e9raire, tarifs et horaires FAQ sur les horaires<\/h2>\n<h3>Quel est le prix du bus de Nairobi \u00e0 Mombasa ?<\/h3>\n<p>Le moyen abordable de se rendre de Nairobi \u00e0 Mombasa est le bus. Le trajet de Nairobi \u00e0 Mombasa en bus co\u00fbte $8 \u2013 $25 et prend 8h.<\/p>\n<h3>Y a-t-il un bus direct de Nairobi \u00e0 Mombasa ?<\/h3>\n<p>Oui, il y a un bus direct de Nairobi \u00e0 Mombasa et arrive \u00e0 Mombasa.<\/p>\n<h3>Quels sont les horaires de bus de Nairobi \u00e0 Mombasa ?<\/h3>\n<p>Les services de bus de Nairobi \u00e0 Mombasa partent toutes les heures et circulent tous les jours. Le trajet en bus de Nairobi \u00e0 Mombasa prend environ 7h 50m.<\/p>\n<h3>Quelle est la distance entre Nairobi et Mombasa en bus ?<\/h3>\n<p>La distance parcourue par les bus de Nairobi \u00e0 Mombasa est de 442 km.<\/p>\n<h3>O\u00f9 puis-je prendre les bus de Nairobi \u00e0 Mombasa ?<\/h3>\n<p>Services de r\u00e9servation en ligne de bus pas chers de Nairobi \u00e0 Mombasa, op\u00e9r\u00e9s par Dreamline Express, Mash Bus, Simba Coach, Tahmeed Coach, Transline Classic, Crown Bus Service et Coast Bus.<\/p>\n<h3>Combien de temps de bus de Nairobi \u00e0 Mombasa faut-il pour se rendre \u00e0 Mombasa ?<\/h3>\n<p>L&#039;excellent moyen de se rendre de Nairobi \u00e0 Mombasa est de <a href=\"https:\/\/tiketi.com\/fr-fr\/flights-nairobi-mombasa-nbo-mba\/\" target=\"_blank\" rel=\"noopener\">voler<\/a> qui dure 1h 20m et co\u00fbte $100 \u2013 $300. Alternativement, vous pouvez <a href=\"https:\/\/tiketi.com\/fr-fr\/sgr-nairobi-to-mombasa-train-tickets-online-booking\/\" target=\"_blank\" rel=\"noopener\">former<\/a>, ce qui co\u00fbte $75 \u2013 $125 et dure 5h 20m, vous pouvez \u00e9galement prendre bus, best shuttle Nairobi to Mombasa tarif de bus $8 -$25 et dure 8h.<\/p>\n<h2>R\u00e9servez un bus de Nairobi \u00e0 Mombasa<\/h2>\n<p>R\u00e9servez votre navette de Nairobi \u00e0 Mombasa et explorez quelques-uns des meilleurs <a href=\"https:\/\/tiketi.com\/fr-fr\/tours\/Kenya\/Mombasa\/\" target=\"_blank\" rel=\"noopener\">attractions<\/a> \u00e0 Mombasa :<\/p>\n<h3>Fort J\u00e9sus<\/h3>\n<p>Fort Jesus est la vieille ville portugaise qui est une attraction touristique tr\u00e8s c\u00e9l\u00e8bre, avec son vieux fort aux hauts murs et son mus\u00e9e en plein air, ses rues \u00e9troites et sinueuses avec un caf\u00e9 servant du caf\u00e9 local et de petits endroits o\u00f9 vous pouvez obtenir des curieux locaux. et artefacts.<\/p>\n<h3>Plage de Bamburi<\/h3>\n<p>La plage de Bamburi est la plage pr\u00e9f\u00e9r\u00e9e des visiteurs de Mombasa, avec du sable blanc brillant et des eaux turquoise profondes de l&#039;oc\u00e9an Indien qui clapotent sur ses rives. Quoi qu&#039;il en soit, cette plage peut \u00eatre trop fr\u00e9quent\u00e9e pendant la saison des visiteurs et peut-\u00eatre qu&#039;une visite des plages de la c\u00f4te sud comme Diani serait pr\u00e9f\u00e9rable pour ceux qui veulent une exp\u00e9rience silencieuse et isol\u00e9e.<\/p>","protected":false},"excerpt":{"rendered":"<p>Cheap Bus from Nairobi to Mombasa Online Booking Discover your travel route on web, mobile or app and book cheap bus ticket from Nairobi to Mombasa online now. Compare and do best bus tickets from Nairobi to Mombasa bus online booking and travel from Nairobi to Mombasa by bus. Visit the second biggest city in [&hellip;]<\/p>\n","protected":false},"author":1,"featured_media":13999,"parent":25566,"menu_order":0,"comment_status":"open","ping_status":"closed","template":"template-home-modern.php","meta":{"footnotes":""},"class_list":["post-11693","page","type-page","status-publish","has-post-thumbnail","hentry"],"yoast_head":"<!-- This site is optimized with the Yoast SEO plugin v27.5 - https:\/\/yoast.com\/product\/yoast-seo-wordpress\/ -->\n<title>Bus Tickets from\u00a0Nairobi to Mombasa Bus Online Booking, Fare &amp; Schedule<\/title>\n<meta name=\"description\" content=\"Looking for book bus from Nairobi to Mombasa bus online booking app, route, fare &amp; schedule. See buses travel time table, ticket price, distance and book your cheap bus tickets from\u00a0Nairobi to Mombasa now!\" \/>\n<meta name=\"robots\" content=\"index, follow, max-snippet:-1, max-image-preview:large, max-video-preview:-1\" \/>\n<link rel=\"canonical\" href=\"https:\/\/tiketi.com\/fr-fr\/routes\/bus\/tickets-nairobi-to-mombasa\/\" \/>\n<meta property=\"og:locale\" content=\"fr_FR\" \/>\n<meta property=\"og:type\" content=\"article\" \/>\n<meta property=\"og:title\" content=\"Bus Tickets from\u00a0Nairobi to Mombasa Bus Online Booking, Fare &amp; Schedule\" \/>\n<meta property=\"og:description\" content=\"Looking for book bus from Nairobi to Mombasa bus online booking app, route, fare &amp; schedule. See buses travel time table, ticket price, distance and book your cheap bus tickets from\u00a0Nairobi to Mombasa now!\" \/>\n<meta property=\"og:url\" content=\"https:\/\/tiketi.com\/fr-fr\/routes\/bus\/tickets-nairobi-to-mombasa\/\" \/>\n<meta property=\"og:site_name\" content=\"Tiketi.com\" \/>\n<meta property=\"article:publisher\" content=\"https:\/\/www.facebook.com\/TiketiCom\/\" \/>\n<meta property=\"article:modified_time\" content=\"2023-07-26T16:52:02+00:00\" \/>\n<meta property=\"og:image\" content=\"https:\/\/tiketi.com\/wp-content\/uploads\/2022\/01\/bus-ticket-online-booking.jpg\" \/>\n\t<meta property=\"og:image:width\" content=\"1200\" \/>\n\t<meta property=\"og:image:height\" content=\"206\" \/>\n\t<meta property=\"og:image:type\" content=\"image\/jpeg\" \/>\n<meta name=\"twitter:card\" content=\"summary_large_image\" \/>\n<meta name=\"twitter:label1\" content=\"Dur\u00e9e de lecture estim\u00e9e\" \/>\n\t<meta name=\"twitter:data1\" content=\"3 minutes\" \/>\n<script type=\"application\/ld+json\" class=\"yoast-schema-graph\">{\"@context\":\"https:\\\/\\\/schema.org\",\"@graph\":[{\"@type\":\"WebPage\",\"@id\":\"https:\\\/\\\/tiketi.com\\\/routes\\\/bus\\\/tickets-nairobi-to-mombasa\\\/\",\"url\":\"https:\\\/\\\/tiketi.com\\\/routes\\\/bus\\\/tickets-nairobi-to-mombasa\\\/\",\"name\":\"Bus Tickets from\u00a0Nairobi to Mombasa Bus Online Booking, Fare & Schedule\",\"isPartOf\":{\"@id\":\"https:\\\/\\\/tiketi.com\\\/#website\"},\"primaryImageOfPage\":{\"@id\":\"https:\\\/\\\/tiketi.com\\\/routes\\\/bus\\\/tickets-nairobi-to-mombasa\\\/#primaryimage\"},\"image\":{\"@id\":\"https:\\\/\\\/tiketi.com\\\/routes\\\/bus\\\/tickets-nairobi-to-mombasa\\\/#primaryimage\"},\"thumbnailUrl\":\"https:\\\/\\\/tiketi.com\\\/wp-content\\\/uploads\\\/2022\\\/01\\\/bus-ticket-online-booking.jpg\",\"datePublished\":\"2022-01-19T11:55:05+00:00\",\"dateModified\":\"2023-07-26T16:52:02+00:00\",\"description\":\"Looking for book bus from Nairobi to Mombasa bus online booking app, route, fare & schedule. See buses travel time table, ticket price, distance and book your cheap bus tickets from\u00a0Nairobi to Mombasa now!\",\"breadcrumb\":{\"@id\":\"https:\\\/\\\/tiketi.com\\\/routes\\\/bus\\\/tickets-nairobi-to-mombasa\\\/#breadcrumb\"},\"inLanguage\":\"fr-FR\",\"potentialAction\":[{\"@type\":\"ReadAction\",\"target\":[\"https:\\\/\\\/tiketi.com\\\/routes\\\/bus\\\/tickets-nairobi-to-mombasa\\\/\"]}]},{\"@type\":\"ImageObject\",\"inLanguage\":\"fr-FR\",\"@id\":\"https:\\\/\\\/tiketi.com\\\/routes\\\/bus\\\/tickets-nairobi-to-mombasa\\\/#primaryimage\",\"url\":\"https:\\\/\\\/tiketi.com\\\/wp-content\\\/uploads\\\/2022\\\/01\\\/bus-ticket-online-booking.jpg\",\"contentUrl\":\"https:\\\/\\\/tiketi.com\\\/wp-content\\\/uploads\\\/2022\\\/01\\\/bus-ticket-online-booking.jpg\",\"width\":1200,\"height\":206,\"caption\":\"Online Bus Ticket Booking\"},{\"@type\":\"BreadcrumbList\",\"@id\":\"https:\\\/\\\/tiketi.com\\\/routes\\\/bus\\\/tickets-nairobi-to-mombasa\\\/#breadcrumb\",\"itemListElement\":[{\"@type\":\"ListItem\",\"position\":1,\"name\":\"Home\",\"item\":\"https:\\\/\\\/tiketi.com\\\/\"},{\"@type\":\"ListItem\",\"position\":2,\"name\":\"Routes\",\"item\":\"https:\\\/\\\/tiketi.com\\\/routes\\\/\"},{\"@type\":\"ListItem\",\"position\":3,\"name\":\"Bus\",\"item\":\"https:\\\/\\\/tiketi.com\\\/routes\\\/bus\\\/\"},{\"@type\":\"ListItem\",\"position\":4,\"name\":\"Bus Tickets from\u00a0Nairobi to Mombasa Bus Online Booking, Fare &#038; Schedule\"}]},{\"@type\":\"WebSite\",\"@id\":\"https:\\\/\\\/tiketi.com\\\/#website\",\"url\":\"https:\\\/\\\/tiketi.com\\\/\",\"name\":\"Flight & Bus Tickets, Tour Packages & Activitites - Tiketi.com\",\"description\":\"Flight &amp; Bus Tickets, Tours, Activitites\",\"publisher\":{\"@id\":\"https:\\\/\\\/tiketi.com\\\/#organization\"},\"potentialAction\":[{\"@type\":\"SearchAction\",\"target\":{\"@type\":\"EntryPoint\",\"urlTemplate\":\"https:\\\/\\\/tiketi.com\\\/?s={search_term_string}\"},\"query-input\":{\"@type\":\"PropertyValueSpecification\",\"valueRequired\":true,\"valueName\":\"search_term_string\"}}],\"inLanguage\":\"fr-FR\"},{\"@type\":\"Organization\",\"@id\":\"https:\\\/\\\/tiketi.com\\\/#organization\",\"name\":\"Tiketi.com\",\"alternateName\":\"Tiketi\",\"url\":\"https:\\\/\\\/tiketi.com\\\/\",\"logo\":{\"@type\":\"ImageObject\",\"inLanguage\":\"fr-FR\",\"@id\":\"https:\\\/\\\/tiketi.com\\\/#\\\/schema\\\/logo\\\/image\\\/\",\"url\":\"https:\\\/\\\/tiketi.com\\\/wp-content\\\/uploads\\\/2019\\\/05\\\/tiketi-logo-696.png\",\"contentUrl\":\"https:\\\/\\\/tiketi.com\\\/wp-content\\\/uploads\\\/2019\\\/05\\\/tiketi-logo-696.png\",\"width\":696,\"height\":696,\"caption\":\"Tiketi.com\"},\"image\":{\"@id\":\"https:\\\/\\\/tiketi.com\\\/#\\\/schema\\\/logo\\\/image\\\/\"},\"sameAs\":[\"https:\\\/\\\/www.facebook.com\\\/TiketiCom\\\/\"]}]}<\/script>\n<!-- \/ Yoast SEO plugin. -->","yoast_head_json":{"title":"Billets de bus de Nairobi \u00e0 Mombasa R\u00e9servation en ligne de bus, tarifs et horaires","description":"Vous recherchez une application de r\u00e9servation en ligne de bus de Nairobi \u00e0 Mombasa, un itin\u00e9raire, un tarif et un horaire. Consultez les horaires de trajet des bus, le prix des billets, la distance et r\u00e9servez d\u00e8s maintenant vos billets de bus pas chers de Nairobi \u00e0 Mombasa !","robots":{"index":"index","follow":"follow","max-snippet":"max-snippet:-1","max-image-preview":"max-image-preview:large","max-video-preview":"max-video-preview:-1"},"canonical":"https:\/\/tiketi.com\/fr-fr\/routes\/bus\/tickets-nairobi-to-mombasa\/","og_locale":"fr_FR","og_type":"article","og_title":"Bus Tickets from\u00a0Nairobi to Mombasa Bus Online Booking, Fare & Schedule","og_description":"Looking for book bus from Nairobi to Mombasa bus online booking app, route, fare & schedule. See buses travel time table, ticket price, distance and book your cheap bus tickets from\u00a0Nairobi to Mombasa now!","og_url":"https:\/\/tiketi.com\/fr-fr\/routes\/bus\/tickets-nairobi-to-mombasa\/","og_site_name":"Tiketi.com","article_publisher":"https:\/\/www.facebook.com\/TiketiCom\/","article_modified_time":"2023-07-26T16:52:02+00:00","og_image":[{"width":1200,"height":206,"url":"https:\/\/tiketi.com\/wp-content\/uploads\/2022\/01\/bus-ticket-online-booking.jpg","type":"image\/jpeg"}],"twitter_card":"summary_large_image","twitter_misc":{"Dur\u00e9e de lecture estim\u00e9e":"3 minutes"},"schema":{"@context":"https:\/\/schema.org","@graph":[{"@type":"WebPage","@id":"https:\/\/tiketi.com\/routes\/bus\/tickets-nairobi-to-mombasa\/","url":"https:\/\/tiketi.com\/routes\/bus\/tickets-nairobi-to-mombasa\/","name":"Billets de bus de Nairobi \u00e0 Mombasa R\u00e9servation en ligne de bus, tarifs et horaires","isPartOf":{"@id":"https:\/\/tiketi.com\/#website"},"primaryImageOfPage":{"@id":"https:\/\/tiketi.com\/routes\/bus\/tickets-nairobi-to-mombasa\/#primaryimage"},"image":{"@id":"https:\/\/tiketi.com\/routes\/bus\/tickets-nairobi-to-mombasa\/#primaryimage"},"thumbnailUrl":"https:\/\/tiketi.com\/wp-content\/uploads\/2022\/01\/bus-ticket-online-booking.jpg","datePublished":"2022-01-19T11:55:05+00:00","dateModified":"2023-07-26T16:52:02+00:00","description":"Vous recherchez une application de r\u00e9servation en ligne de bus de Nairobi \u00e0 Mombasa, un itin\u00e9raire, un tarif et un horaire. Consultez les horaires de trajet des bus, le prix des billets, la distance et r\u00e9servez d\u00e8s maintenant vos billets de bus pas chers de Nairobi \u00e0 Mombasa !","breadcrumb":{"@id":"https:\/\/tiketi.com\/routes\/bus\/tickets-nairobi-to-mombasa\/#breadcrumb"},"inLanguage":"fr-FR","potentialAction":[{"@type":"ReadAction","target":["https:\/\/tiketi.com\/routes\/bus\/tickets-nairobi-to-mombasa\/"]}]},{"@type":"ImageObject","inLanguage":"fr-FR","@id":"https:\/\/tiketi.com\/routes\/bus\/tickets-nairobi-to-mombasa\/#primaryimage","url":"https:\/\/tiketi.com\/wp-content\/uploads\/2022\/01\/bus-ticket-online-booking.jpg","contentUrl":"https:\/\/tiketi.com\/wp-content\/uploads\/2022\/01\/bus-ticket-online-booking.jpg","width":1200,"height":206,"caption":"Online Bus Ticket Booking"},{"@type":"BreadcrumbList","@id":"https:\/\/tiketi.com\/routes\/bus\/tickets-nairobi-to-mombasa\/#breadcrumb","itemListElement":[{"@type":"ListItem","position":1,"name":"Home","item":"https:\/\/tiketi.com\/"},{"@type":"ListItem","position":2,"name":"Routes","item":"https:\/\/tiketi.com\/routes\/"},{"@type":"ListItem","position":3,"name":"Bus","item":"https:\/\/tiketi.com\/routes\/bus\/"},{"@type":"ListItem","position":4,"name":"Bus Tickets from\u00a0Nairobi to Mombasa Bus Online Booking, Fare &#038; Schedule"}]},{"@type":"WebSite","@id":"https:\/\/tiketi.com\/#website","url":"https:\/\/tiketi.com\/","name":"Billets d&#039;avion et de bus, forfaits touristiques et activit\u00e9s - Tiketi.com","description":"Billets d&#039;avion et de bus, Tours, Activit\u00e9s","publisher":{"@id":"https:\/\/tiketi.com\/#organization"},"potentialAction":[{"@type":"SearchAction","target":{"@type":"EntryPoint","urlTemplate":"https:\/\/tiketi.com\/?s={search_term_string}"},"query-input":{"@type":"PropertyValueSpecification","valueRequired":true,"valueName":"search_term_string"}}],"inLanguage":"fr-FR"},{"@type":"Organization","@id":"https:\/\/tiketi.com\/#organization","name":"Tiketi.com","alternateName":"Tiketi","url":"https:\/\/tiketi.com\/","logo":{"@type":"ImageObject","inLanguage":"fr-FR","@id":"https:\/\/tiketi.com\/#\/schema\/logo\/image\/","url":"https:\/\/tiketi.com\/wp-content\/uploads\/2019\/05\/tiketi-logo-696.png","contentUrl":"https:\/\/tiketi.com\/wp-content\/uploads\/2019\/05\/tiketi-logo-696.png","width":696,"height":696,"caption":"Tiketi.com"},"image":{"@id":"https:\/\/tiketi.com\/#\/schema\/logo\/image\/"},"sameAs":["https:\/\/www.facebook.com\/TiketiCom\/"]}]}},"_links":{"self":[{"href":"https:\/\/tiketi.com\/fr-fr\/wp-json\/wp\/v2\/pages\/11693","targetHints":{"allow":["GET"]}}],"collection":[{"href":"https:\/\/tiketi.com\/fr-fr\/wp-json\/wp\/v2\/pages"}],"about":[{"href":"https:\/\/tiketi.com\/fr-fr\/wp-json\/wp\/v2\/types\/page"}],"author":[{"embeddable":true,"href":"https:\/\/tiketi.com\/fr-fr\/wp-json\/wp\/v2\/users\/1"}],"replies":[{"embeddable":true,"href":"https:\/\/tiketi.com\/fr-fr\/wp-json\/wp\/v2\/comments?post=11693"}],"version-history":[{"count":0,"href":"https:\/\/tiketi.com\/fr-fr\/wp-json\/wp\/v2\/pages\/11693\/revisions"}],"up":[{"embeddable":true,"href":"https:\/\/tiketi.com\/fr-fr\/wp-json\/wp\/v2\/pages\/25566"}],"wp:featuredmedia":[{"embeddable":true,"href":"https:\/\/tiketi.com\/fr-fr\/wp-json\/wp\/v2\/media\/13999"}],"wp:attachment":[{"href":"https:\/\/tiketi.com\/fr-fr\/wp-json\/wp\/v2\/media?parent=11693"}],"curies":[{"name":"wp","href":"https:\/\/api.w.org\/{rel}","templated":true}]}}