{"id":11694,"date":"2022-01-19T12:55:05","date_gmt":"2022-01-19T11:55:05","guid":{"rendered":"https:\/\/new.tiketi.com\/bus-from-dar-es-salaam-to-arusha-bus-tickets-route-schedule-fare\/"},"modified":"2023-07-26T17:32:10","modified_gmt":"2023-07-26T16:32:10","slug":"tickets-dar-es-salaam-to-arusha","status":"publish","type":"page","link":"https:\/\/tiketi.com\/fr-fr\/routes\/bus\/tickets-dar-es-salaam-to-arusha\/","title":{"rendered":"Bus de Dar es Salaam \u00e0 Arusha Billets de bus, itin\u00e9raire, horaires et tarifs"},"content":{"rendered":"<h2>Billets de bus pas chers de Dar es Salaam \u00e0 Arusha R\u00e9servation en ligne<\/h2>\n<h3>D\u00e9couvrez votre itin\u00e9raire sur le web, le mobile ou l&#039;application et r\u00e9servez en ligne maintenant un billet de bus pas cher de Dar es Salam \u00e0 Arusha.<\/h3>\n<p>Faites la meilleure r\u00e9servation en ligne de billets de bus ordinaires ou de luxe de Dar es Salaam \u00e0 Arusha et voyagez de Dar es Salaam \u00e0 Arusha en bus. Voyagez de Dar es Salaam \u00e0 Arusha par la route et visitez Arusha, une ville populaire principalement en raison de sa proximit\u00e9 avec le parc national du Serengeti. Dans la r\u00e9gion, c&#039;est la plus grande ville, ce qui en fait le point de d\u00e9part de nombreuses visites, que ce soit Meru, Kilimandjaro, le parc national de Tarangire et de nombreuses autres attractions. R\u00e9servez en ligne d\u00e8s maintenant des billets de bus navette de Dar es Salaam \u00e0 Arusha et voyagez par la route.<\/p>\n<h2>Meilleur bus de Dar es Salaam \u00e0 Arusha FAQ sur les tarifs de bus, les itin\u00e9raires et les horaires<\/h2>\n<h3>Est-ce que Dar es Salaam \u00e0 Arusha en bus est le moyen le plus abordable pour se rendre \u00e0 Arusha ?<\/h3>\n<p>Oui, le bus ordinaire et de luxe Dar es Salaam \u00e0 Arusha est l&#039;un des moyens les plus abordables pour se rendre \u00e0 Arusha.<\/p>\n<h3>Combien co\u00fbtent les billets de bus de Dar es Salaam \u00e0 Arusha ?<\/h3>\n<p>Dar es Salaam \u00e0 Arusha en bus co\u00fbte 20 000 \u00e0 27 000 Tsh et prend 9 \u00e0 13h.<\/p>\n<h3>Y a-t-il un bus ordinaire ou de luxe direct de Dar es Salaam \u00e0 Arusha ?<\/h3>\n<p>Non, il n&#039;y a pas de bus direct. Quoi qu&#039;il en soit, il y a des services au d\u00e9part de Jangwani et arrivant \u00e0 Arusha. Le trajet de Dar es Salaam \u00e0 Arusha par la route prend environ 9 \u00e0 13h.<\/p>\n<h3>Comment voyager de Dar es Salam \u00e0 Arusha par la route sans voiture ?<\/h3>\n<p>L&#039;excellent moyen de se rendre \u00e0 Arusha sans v\u00e9hicule priv\u00e9 est de prendre le bus qui prend 9 - 13h ou vous pouvez <a href=\"https:\/\/tiketi.com\/fr-fr\/car-rentals\/\" target=\"_blank\" rel=\"noopener\">louer<\/a> une voiture.<\/p>\n<h3>O\u00f9 puis-je prendre les bus depuis Dar es Salam pour Arusha ?<\/h3>\n<p>Les meilleurs bus de Dar es Salaam \u00e0 Arusha, op\u00e9r\u00e9s par Dar es Salaam \u00e0 Arusha bus Tahmeed Express, Darlux, Dar Express, etc. partent de la gare de Dar es Salaam.<\/p>\n<h2>Avion ou Dar es Salaam \u00e0 Arusha en bus?<\/h2>\n<h3>Quel est le temps et le prix du vol de Dar es Salaam \u00e0 Arusha<\/h3>\n<p>L&#039;excellent moyen de se rendre de Dar es Salaam \u00e0 Arusha est de <u><a href=\"https:\/\/tiketi.com\/fr-fr\/cheap-flights\/\" target=\"_blank\" rel=\"noopener\">voler<\/a><\/u> qui dure 1h30 et co\u00fbte $90 \u2013 $250.<\/p>\n<h3>Quel est le temps et le prix du bus de Dar es Salam \u00e0 Arusha<\/h3>\n<p>Alternativement, vous pouvez voyager de Dar es Salaam \u00e0 Arusha par la route, en bus ordinaire et de luxe pas cher Dar es Salaam \u00e0 Arusha, temps et prix Tsh 20 000 \u2013 27 000 et prend 9 \u2013 13h.<\/p>\n<h2>Billets de bus de Dar es Salaam \u00e0 Arusha<\/h2>\n<p><strong>Voici quelques-uns des meilleurs <a href=\"https:\/\/tiketi.com\/fr-fr\/vacations\/arusha-tour-packages\/\" target=\"_blank\" rel=\"noopener\">attractions<\/a> \u00e0 Arusha :<\/strong><\/p>\n<h3>Tanzanite<\/h3>\n<p>La tanzanite est une pierre charmante caract\u00e9ristique de la Tanzanie. Il est exploit\u00e9 en grande partie dans la r\u00e9gion du Kilimandjaro. Il y a beaucoup de magasins vendant cette pierre, l&#039;exp\u00e9rience Tanzanite est la seule d&#039;entre elles. Mais ce qui les rend uniques, c&#039;est qu&#039;ils ont \u00e9galement cr\u00e9\u00e9 un petit mus\u00e9e o\u00f9 les clients peuvent en savoir plus sur les origines de cette pierre \u00e9tonnante.<\/p>\n<h3>Centre du patrimoine culturel<\/h3>\n<p>C&#039;est l&#039;endroit o\u00f9 aller si vous cherchez des cadeaux ou des souvenirs pour votre famille et vos amis. Bien que les prix soient un peu plus \u00e9lev\u00e9s que dans d&#039;autres endroits, il est beaucoup plus facile d&#039;acheter des choses ici, et c&#039;est un environnement plus d\u00e9tendu que dans la plupart des autres \u00e9tablissements similaires.<\/p>","protected":false},"excerpt":{"rendered":"<p>Cheap Bus Tickets from Dar es Salaam to Arusha Online Booking Discover your travel route on web, mobile or app and book cheap bus ticket from Dar es Salaam to Arusha online now. Do cheap best ordinary or luxury bus from Dar es Salaam to Arusha bus tickets online booking and travel Dar es Salaam [&hellip;]<\/p>\n","protected":false},"author":1,"featured_media":13999,"parent":25566,"menu_order":0,"comment_status":"open","ping_status":"closed","template":"template-home-modern.php","meta":{"footnotes":""},"class_list":["post-11694","page","type-page","status-publish","has-post-thumbnail","hentry"],"yoast_head":"<!-- This site is optimized with the Yoast SEO plugin v27.3 - https:\/\/yoast.com\/product\/yoast-seo-wordpress\/ -->\n<title>Bus from Dar es Salaam to Arusha Bus Tickets, Schedule &amp; Fares<\/title>\n<meta name=\"description\" content=\"Looking for best bus from\u00a0Dar es Salaam to Arusha bus ticket booking app, routes, schedule &amp; fares? Book cheap shuttle bus tickets from Dar es Salaam to Arusha transfer online\" \/>\n<meta name=\"robots\" content=\"index, follow, max-snippet:-1, max-image-preview:large, max-video-preview:-1\" \/>\n<link rel=\"canonical\" href=\"https:\/\/tiketi.com\/fr-fr\/routes\/bus\/tickets-dar-es-salaam-to-arusha\/\" \/>\n<meta property=\"og:locale\" content=\"fr_FR\" \/>\n<meta property=\"og:type\" content=\"article\" \/>\n<meta property=\"og:title\" content=\"Bus from Dar es Salaam to Arusha Bus Tickets, Schedule &amp; Fares\" \/>\n<meta property=\"og:description\" content=\"Looking for best bus from\u00a0Dar es Salaam to Arusha bus ticket booking app, routes, schedule &amp; fares? Book cheap shuttle bus tickets from Dar es Salaam to Arusha transfer online\" \/>\n<meta property=\"og:url\" content=\"https:\/\/tiketi.com\/fr-fr\/routes\/bus\/tickets-dar-es-salaam-to-arusha\/\" \/>\n<meta property=\"og:site_name\" content=\"Tiketi.com\" \/>\n<meta property=\"article:publisher\" content=\"https:\/\/www.facebook.com\/TiketiCom\/\" \/>\n<meta property=\"article:modified_time\" content=\"2023-07-26T16:32:10+00:00\" \/>\n<meta property=\"og:image\" content=\"https:\/\/tiketi.com\/wp-content\/uploads\/2022\/01\/bus-ticket-online-booking.jpg\" \/>\n\t<meta property=\"og:image:width\" content=\"1200\" \/>\n\t<meta property=\"og:image:height\" content=\"206\" \/>\n\t<meta property=\"og:image:type\" content=\"image\/jpeg\" \/>\n<meta name=\"twitter:card\" content=\"summary_large_image\" \/>\n<meta name=\"twitter:label1\" content=\"Dur\u00e9e de lecture estim\u00e9e\" \/>\n\t<meta name=\"twitter:data1\" content=\"3 minutes\" \/>\n<script type=\"application\/ld+json\" class=\"yoast-schema-graph\">{\"@context\":\"https:\\\/\\\/schema.org\",\"@graph\":[{\"@type\":\"WebPage\",\"@id\":\"https:\\\/\\\/tiketi.com\\\/routes\\\/bus\\\/tickets-dar-es-salaam-to-arusha\\\/\",\"url\":\"https:\\\/\\\/tiketi.com\\\/routes\\\/bus\\\/tickets-dar-es-salaam-to-arusha\\\/\",\"name\":\"Bus from Dar es Salaam to Arusha Bus Tickets, Schedule & Fares\",\"isPartOf\":{\"@id\":\"https:\\\/\\\/tiketi.com\\\/#website\"},\"primaryImageOfPage\":{\"@id\":\"https:\\\/\\\/tiketi.com\\\/routes\\\/bus\\\/tickets-dar-es-salaam-to-arusha\\\/#primaryimage\"},\"image\":{\"@id\":\"https:\\\/\\\/tiketi.com\\\/routes\\\/bus\\\/tickets-dar-es-salaam-to-arusha\\\/#primaryimage\"},\"thumbnailUrl\":\"https:\\\/\\\/tiketi.com\\\/wp-content\\\/uploads\\\/2022\\\/01\\\/bus-ticket-online-booking.jpg\",\"datePublished\":\"2022-01-19T11:55:05+00:00\",\"dateModified\":\"2023-07-26T16:32:10+00:00\",\"description\":\"Looking for best bus from\u00a0Dar es Salaam to Arusha bus ticket booking app, routes, schedule & fares? Book cheap shuttle bus tickets from Dar es Salaam to Arusha transfer online\",\"breadcrumb\":{\"@id\":\"https:\\\/\\\/tiketi.com\\\/routes\\\/bus\\\/tickets-dar-es-salaam-to-arusha\\\/#breadcrumb\"},\"inLanguage\":\"fr-FR\",\"potentialAction\":[{\"@type\":\"ReadAction\",\"target\":[\"https:\\\/\\\/tiketi.com\\\/routes\\\/bus\\\/tickets-dar-es-salaam-to-arusha\\\/\"]}]},{\"@type\":\"ImageObject\",\"inLanguage\":\"fr-FR\",\"@id\":\"https:\\\/\\\/tiketi.com\\\/routes\\\/bus\\\/tickets-dar-es-salaam-to-arusha\\\/#primaryimage\",\"url\":\"https:\\\/\\\/tiketi.com\\\/wp-content\\\/uploads\\\/2022\\\/01\\\/bus-ticket-online-booking.jpg\",\"contentUrl\":\"https:\\\/\\\/tiketi.com\\\/wp-content\\\/uploads\\\/2022\\\/01\\\/bus-ticket-online-booking.jpg\",\"width\":1200,\"height\":206,\"caption\":\"Online Bus Ticket Booking\"},{\"@type\":\"BreadcrumbList\",\"@id\":\"https:\\\/\\\/tiketi.com\\\/routes\\\/bus\\\/tickets-dar-es-salaam-to-arusha\\\/#breadcrumb\",\"itemListElement\":[{\"@type\":\"ListItem\",\"position\":1,\"name\":\"Home\",\"item\":\"https:\\\/\\\/tiketi.com\\\/\"},{\"@type\":\"ListItem\",\"position\":2,\"name\":\"Routes\",\"item\":\"https:\\\/\\\/tiketi.com\\\/routes\\\/\"},{\"@type\":\"ListItem\",\"position\":3,\"name\":\"Bus\",\"item\":\"https:\\\/\\\/tiketi.com\\\/routes\\\/bus\\\/\"},{\"@type\":\"ListItem\",\"position\":4,\"name\":\"Bus from Dar es Salaam to Arusha Bus Tickets, Route, Schedule &#038; Fare\"}]},{\"@type\":\"WebSite\",\"@id\":\"https:\\\/\\\/tiketi.com\\\/#website\",\"url\":\"https:\\\/\\\/tiketi.com\\\/\",\"name\":\"Flight & Bus Tickets, Tour Packages & Activitites - Tiketi.com\",\"description\":\"Flight &amp; Bus Tickets, Tours, Activitites\",\"publisher\":{\"@id\":\"https:\\\/\\\/tiketi.com\\\/#organization\"},\"potentialAction\":[{\"@type\":\"SearchAction\",\"target\":{\"@type\":\"EntryPoint\",\"urlTemplate\":\"https:\\\/\\\/tiketi.com\\\/?s={search_term_string}\"},\"query-input\":{\"@type\":\"PropertyValueSpecification\",\"valueRequired\":true,\"valueName\":\"search_term_string\"}}],\"inLanguage\":\"fr-FR\"},{\"@type\":\"Organization\",\"@id\":\"https:\\\/\\\/tiketi.com\\\/#organization\",\"name\":\"Tiketi.com\",\"alternateName\":\"Tiketi\",\"url\":\"https:\\\/\\\/tiketi.com\\\/\",\"logo\":{\"@type\":\"ImageObject\",\"inLanguage\":\"fr-FR\",\"@id\":\"https:\\\/\\\/tiketi.com\\\/#\\\/schema\\\/logo\\\/image\\\/\",\"url\":\"https:\\\/\\\/tiketi.com\\\/wp-content\\\/uploads\\\/2019\\\/05\\\/tiketi-logo-696.png\",\"contentUrl\":\"https:\\\/\\\/tiketi.com\\\/wp-content\\\/uploads\\\/2019\\\/05\\\/tiketi-logo-696.png\",\"width\":696,\"height\":696,\"caption\":\"Tiketi.com\"},\"image\":{\"@id\":\"https:\\\/\\\/tiketi.com\\\/#\\\/schema\\\/logo\\\/image\\\/\"},\"sameAs\":[\"https:\\\/\\\/www.facebook.com\\\/TiketiCom\\\/\"]}]}<\/script>\n<!-- \/ Yoast SEO plugin. -->","yoast_head_json":{"title":"Bus de Dar es Salaam \u00e0 Arusha Billets de bus, horaires et tarifs","description":"\u00c0 la recherche de la meilleure application de r\u00e9servation de billets de bus de Dar es Salaam \u00e0 Arusha, des itin\u00e9raires, des horaires et des tarifs\u00a0? R\u00e9servez en ligne des billets de bus navette de Dar es Salaam \u00e0 Arusha","robots":{"index":"index","follow":"follow","max-snippet":"max-snippet:-1","max-image-preview":"max-image-preview:large","max-video-preview":"max-video-preview:-1"},"canonical":"https:\/\/tiketi.com\/fr-fr\/routes\/bus\/tickets-dar-es-salaam-to-arusha\/","og_locale":"fr_FR","og_type":"article","og_title":"Bus from Dar es Salaam to Arusha Bus Tickets, Schedule & Fares","og_description":"Looking for best bus from\u00a0Dar es Salaam to Arusha bus ticket booking app, routes, schedule & fares? Book cheap shuttle bus tickets from Dar es Salaam to Arusha transfer online","og_url":"https:\/\/tiketi.com\/fr-fr\/routes\/bus\/tickets-dar-es-salaam-to-arusha\/","og_site_name":"Tiketi.com","article_publisher":"https:\/\/www.facebook.com\/TiketiCom\/","article_modified_time":"2023-07-26T16:32:10+00:00","og_image":[{"width":1200,"height":206,"url":"https:\/\/tiketi.com\/wp-content\/uploads\/2022\/01\/bus-ticket-online-booking.jpg","type":"image\/jpeg"}],"twitter_card":"summary_large_image","twitter_misc":{"Dur\u00e9e de lecture estim\u00e9e":"3 minutes"},"schema":{"@context":"https:\/\/schema.org","@graph":[{"@type":"WebPage","@id":"https:\/\/tiketi.com\/routes\/bus\/tickets-dar-es-salaam-to-arusha\/","url":"https:\/\/tiketi.com\/routes\/bus\/tickets-dar-es-salaam-to-arusha\/","name":"Bus de Dar es Salaam \u00e0 Arusha Billets de bus, horaires et tarifs","isPartOf":{"@id":"https:\/\/tiketi.com\/#website"},"primaryImageOfPage":{"@id":"https:\/\/tiketi.com\/routes\/bus\/tickets-dar-es-salaam-to-arusha\/#primaryimage"},"image":{"@id":"https:\/\/tiketi.com\/routes\/bus\/tickets-dar-es-salaam-to-arusha\/#primaryimage"},"thumbnailUrl":"https:\/\/tiketi.com\/wp-content\/uploads\/2022\/01\/bus-ticket-online-booking.jpg","datePublished":"2022-01-19T11:55:05+00:00","dateModified":"2023-07-26T16:32:10+00:00","description":"\u00c0 la recherche de la meilleure application de r\u00e9servation de billets de bus de Dar es Salaam \u00e0 Arusha, des itin\u00e9raires, des horaires et des tarifs\u00a0? R\u00e9servez en ligne des billets de bus navette de Dar es Salaam \u00e0 Arusha","breadcrumb":{"@id":"https:\/\/tiketi.com\/routes\/bus\/tickets-dar-es-salaam-to-arusha\/#breadcrumb"},"inLanguage":"fr-FR","potentialAction":[{"@type":"ReadAction","target":["https:\/\/tiketi.com\/routes\/bus\/tickets-dar-es-salaam-to-arusha\/"]}]},{"@type":"ImageObject","inLanguage":"fr-FR","@id":"https:\/\/tiketi.com\/routes\/bus\/tickets-dar-es-salaam-to-arusha\/#primaryimage","url":"https:\/\/tiketi.com\/wp-content\/uploads\/2022\/01\/bus-ticket-online-booking.jpg","contentUrl":"https:\/\/tiketi.com\/wp-content\/uploads\/2022\/01\/bus-ticket-online-booking.jpg","width":1200,"height":206,"caption":"Online Bus Ticket Booking"},{"@type":"BreadcrumbList","@id":"https:\/\/tiketi.com\/routes\/bus\/tickets-dar-es-salaam-to-arusha\/#breadcrumb","itemListElement":[{"@type":"ListItem","position":1,"name":"Home","item":"https:\/\/tiketi.com\/"},{"@type":"ListItem","position":2,"name":"Routes","item":"https:\/\/tiketi.com\/routes\/"},{"@type":"ListItem","position":3,"name":"Bus","item":"https:\/\/tiketi.com\/routes\/bus\/"},{"@type":"ListItem","position":4,"name":"Bus from Dar es Salaam to Arusha Bus Tickets, Route, Schedule &#038; Fare"}]},{"@type":"WebSite","@id":"https:\/\/tiketi.com\/#website","url":"https:\/\/tiketi.com\/","name":"Billets d&#039;avion et de bus, forfaits touristiques et activit\u00e9s - Tiketi.com","description":"Billets d&#039;avion et de bus, Tours, Activit\u00e9s","publisher":{"@id":"https:\/\/tiketi.com\/#organization"},"potentialAction":[{"@type":"SearchAction","target":{"@type":"EntryPoint","urlTemplate":"https:\/\/tiketi.com\/?s={search_term_string}"},"query-input":{"@type":"PropertyValueSpecification","valueRequired":true,"valueName":"search_term_string"}}],"inLanguage":"fr-FR"},{"@type":"Organization","@id":"https:\/\/tiketi.com\/#organization","name":"Tiketi.com","alternateName":"Tiketi","url":"https:\/\/tiketi.com\/","logo":{"@type":"ImageObject","inLanguage":"fr-FR","@id":"https:\/\/tiketi.com\/#\/schema\/logo\/image\/","url":"https:\/\/tiketi.com\/wp-content\/uploads\/2019\/05\/tiketi-logo-696.png","contentUrl":"https:\/\/tiketi.com\/wp-content\/uploads\/2019\/05\/tiketi-logo-696.png","width":696,"height":696,"caption":"Tiketi.com"},"image":{"@id":"https:\/\/tiketi.com\/#\/schema\/logo\/image\/"},"sameAs":["https:\/\/www.facebook.com\/TiketiCom\/"]}]}},"_links":{"self":[{"href":"https:\/\/tiketi.com\/fr-fr\/wp-json\/wp\/v2\/pages\/11694","targetHints":{"allow":["GET"]}}],"collection":[{"href":"https:\/\/tiketi.com\/fr-fr\/wp-json\/wp\/v2\/pages"}],"about":[{"href":"https:\/\/tiketi.com\/fr-fr\/wp-json\/wp\/v2\/types\/page"}],"author":[{"embeddable":true,"href":"https:\/\/tiketi.com\/fr-fr\/wp-json\/wp\/v2\/users\/1"}],"replies":[{"embeddable":true,"href":"https:\/\/tiketi.com\/fr-fr\/wp-json\/wp\/v2\/comments?post=11694"}],"version-history":[{"count":0,"href":"https:\/\/tiketi.com\/fr-fr\/wp-json\/wp\/v2\/pages\/11694\/revisions"}],"up":[{"embeddable":true,"href":"https:\/\/tiketi.com\/fr-fr\/wp-json\/wp\/v2\/pages\/25566"}],"wp:featuredmedia":[{"embeddable":true,"href":"https:\/\/tiketi.com\/fr-fr\/wp-json\/wp\/v2\/media\/13999"}],"wp:attachment":[{"href":"https:\/\/tiketi.com\/fr-fr\/wp-json\/wp\/v2\/media?parent=11694"}],"curies":[{"name":"wp","href":"https:\/\/api.w.org\/{rel}","templated":true}]}}