{"id":11699,"date":"2022-01-19T12:55:05","date_gmt":"2022-01-19T11:55:05","guid":{"rendered":"https:\/\/new.tiketi.com\/bus-tickets-from-johannesburg-to-durban-bus-booking-fare-schedule\/"},"modified":"2022-10-24T11:57:17","modified_gmt":"2022-10-24T10:57:17","slug":"tickets-johannesburg-to-durban","status":"publish","type":"page","link":"https:\/\/tiketi.com\/fr-fr\/routes\/bus\/tickets-johannesburg-to-durban\/","title":{"rendered":"Billets de bus de Johannesburg \u00e0 Durban R\u00e9servation de bus, tarifs et horaires"},"content":{"rendered":"<h2>Bus de Johannesburg \u00e0 Durban Billets de bus pas chers en ligne<\/h2>\n<h3>D\u00e9couvrez votre itin\u00e9raire sur le web, le mobile ou l&#039;application et r\u00e9servez en ligne maintenant un billet de bus pas cher de Johannesbourg \u00e0 Durban.<\/h3>\n<p>Comparez les tarifs et les caract\u00e9ristiques de confort de tous les billets de bus interurbains pas chers de Johannesbourg \u00e0 la r\u00e9servation de bus Durban. Durban, en Afrique du Sud, est c\u00e9l\u00e8bre pour son temps chaud, ses balades en pousse-pousse, ses balades relaxantes et sa longue \u00e9tendue de surf bleu. Allez-y et profitez d&#039;offres incroyables sur les billets de bus pas chers de Johannesbourg \u00e0 Durban en ligne d\u00e8s maintenant.<\/p>\n<h2>Billets de bus de Johannesburg \u00e0 Durban FAQ sur la r\u00e9servation, les tarifs et les horaires des bus<\/h2>\n<h3>La ligne de bus Johannesburg-Durban est-elle le moyen abordable de se rendre \u00e0 Durban ?<\/h3>\n<p>Le moyen le moins cher de se rendre de Johannesbourg \u00e0 Durban est en train qui co\u00fbte $12 \u2013 $26 et prend 14h 30m.<\/p>\n<h3>Est-ce que le bus est le moyen le plus rapide pour se rendre de Johannesbourg \u00e0 Durban ?<\/h3>\n<p>Le moyen le plus rapide pour se rendre de Johannesbourg \u00e0 Durban en bus et <a href=\"https:\/\/tiketi.com\/fr-fr\/flights-johannesburg-durban-jnb-dur\/\" target=\"_blank\" rel=\"noopener\">voler<\/a> qui co\u00fbte $85 -$200 et prend 3h 10m.<\/p>\n<h3>Y a-t-il des horaires de bus directs entre Johannesburg et Durban ?<\/h3>\n<p>Oui, il y a un bus direct Johannesbourg jusqu&#039;\u00e0 Durban qui arrive \u00e0 Durban. Les services d&#039;horaires de bus de Johannesbourg \u00e0 Durban partent toutes les heures et op\u00e8rent tous les jours. Le trajet dure environ 7h.<\/p>\n<h3>Quelle est la distance entre Johannesburg et Durban en bus ?<\/h3>\n<p>La distance de l&#039;itin\u00e9raire des bus de Johannesburg \u00e0 Durban est de 500 km. La distance routi\u00e8re est de 570,6 km.<\/p>\n<h3>Comment puis-je effectuer une r\u00e9servation de bus de Johannesburg \u00e0 Durban et voyager sans v\u00e9hicule priv\u00e9 ?<\/h3>\n<p>Le meilleur moyen pour se rendre de Johannesburg \u00e0 Durban en voiture est de bus, ce qui dure 7h et des billets de bus pas chers de Johannesburg \u00e0 Durban tarif de bus $15 \u2013 $40.<\/p>\n<h3>Quel est le prix d&#039;un billet de bus de Johannesbourg \u00e0 Durban ?<\/h3>\n<p>L&#039;excellent moyen de se rendre \u00e0 Durban est le bus de Johannesburg \u00e0 Durban qui prend 7 heures et le bus de Johannesburg \u00e0 Durban au prix des billets de bus $15 - $40.<\/p>\n<h2>R\u00e9servez un bus de Johannesburg \u00e0 Durban Tips<\/h2>\n<p>Voici quelques-unes des meilleures attractions de Durban\u00a0:<\/p>\n<p><strong>Jardins botaniques de Durban<\/strong><\/p>\n<p>Les jardins de Kirstenbosch Cape Town sont peut-\u00eatre plus populaires, mais le jardin botanique de Durban d\u00e9tient le titre de plus ancien jardin botanique d&#039;Afrique. Fond\u00e9 en 1851, ce jardin \u00e9tait une r\u00e9ponse au d\u00e9fi de Kew Gardens de cr\u00e9er des jardins botaniques autour de la plan\u00e8te.<\/p>\n<p><strong>Col de Sani<\/strong><\/p>\n<p>Le col de Sani est un tron\u00e7on de route tr\u00e8s peu d\u00e9velopp\u00e9 qui relie l&#039;Afrique du Sud KwaZulu-Natal au royaume montagneux du Lesotho. Ce n&#039;est ni pour les lecteurs abordables ni rien d&#039;autre qu&#039;un 4\u00d74.<\/p>\n<p><strong>Shakaland<\/strong><\/p>\n<p>Les Zoulous appartiennent au plus grand groupe ethnique de la nation arc-en-ciel du pays, et la province du KwaZulu-Natal est leur c\u0153ur. Shakaland est un mus\u00e9e en plein air ou un village culturel, offrant une introduction de premi\u00e8re classe \u00e0 la culture zouloue.<\/p>","protected":false},"excerpt":{"rendered":"<p>Cheap Bus from Johannesburg to Durban Bus Tickets Online Discover your travel route on web, mobile or app and book cheap bus ticket from Johannesburg to Durban online now. Compare fares and comfort features of all intercity\u00a0cheap bus tickets from Johannesburg to Durban bus booking.\u00a0Durban, South Africa is famous for its hot weather, rickshaw rides, [&hellip;]<\/p>\n","protected":false},"author":1,"featured_media":13999,"parent":25566,"menu_order":0,"comment_status":"open","ping_status":"closed","template":"template-home-modern.php","meta":{"footnotes":""},"class_list":["post-11699","page","type-page","status-publish","has-post-thumbnail","hentry"],"yoast_head":"<!-- This site is optimized with the Yoast SEO plugin v27.5 - https:\/\/yoast.com\/product\/yoast-seo-wordpress\/ -->\n<title>Bus Tickets from\u00a0Johannesburg to Durban Bus Booking, Fare &amp; Schedule<\/title>\n<meta name=\"description\" content=\"Looking for book bus from Johannesburg to Durban bus booking app, fare &amp; schedule? Book cheap bus tickets from Johannesburg to Harare online\" \/>\n<meta name=\"robots\" content=\"index, follow, max-snippet:-1, max-image-preview:large, max-video-preview:-1\" \/>\n<link rel=\"canonical\" href=\"https:\/\/tiketi.com\/fr-fr\/routes\/bus\/tickets-johannesburg-to-durban\/\" \/>\n<meta property=\"og:locale\" content=\"fr_FR\" \/>\n<meta property=\"og:type\" content=\"article\" \/>\n<meta property=\"og:title\" content=\"Bus Tickets from\u00a0Johannesburg to Durban Bus Booking, Fare &amp; Schedule\" \/>\n<meta property=\"og:description\" content=\"Looking for book bus from Johannesburg to Durban bus booking app, fare &amp; schedule? Book cheap bus tickets from Johannesburg to Harare online\" \/>\n<meta property=\"og:url\" content=\"https:\/\/tiketi.com\/fr-fr\/routes\/bus\/tickets-johannesburg-to-durban\/\" \/>\n<meta property=\"og:site_name\" content=\"Tiketi.com\" \/>\n<meta property=\"article:publisher\" content=\"https:\/\/www.facebook.com\/TiketiCom\/\" \/>\n<meta property=\"article:modified_time\" content=\"2022-10-24T10:57:17+00:00\" \/>\n<meta property=\"og:image\" content=\"https:\/\/tiketi.com\/wp-content\/uploads\/2022\/01\/bus-ticket-online-booking.jpg\" \/>\n\t<meta property=\"og:image:width\" content=\"1200\" \/>\n\t<meta property=\"og:image:height\" content=\"206\" \/>\n\t<meta property=\"og:image:type\" content=\"image\/jpeg\" \/>\n<meta name=\"twitter:card\" content=\"summary_large_image\" \/>\n<meta name=\"twitter:label1\" content=\"Dur\u00e9e de lecture estim\u00e9e\" \/>\n\t<meta name=\"twitter:data1\" content=\"2 minutes\" \/>\n<script type=\"application\/ld+json\" class=\"yoast-schema-graph\">{\"@context\":\"https:\\\/\\\/schema.org\",\"@graph\":[{\"@type\":\"WebPage\",\"@id\":\"https:\\\/\\\/tiketi.com\\\/routes\\\/bus\\\/tickets-johannesburg-to-durban\\\/\",\"url\":\"https:\\\/\\\/tiketi.com\\\/routes\\\/bus\\\/tickets-johannesburg-to-durban\\\/\",\"name\":\"Bus Tickets from\u00a0Johannesburg to Durban Bus Booking, Fare & Schedule\",\"isPartOf\":{\"@id\":\"https:\\\/\\\/tiketi.com\\\/#website\"},\"primaryImageOfPage\":{\"@id\":\"https:\\\/\\\/tiketi.com\\\/routes\\\/bus\\\/tickets-johannesburg-to-durban\\\/#primaryimage\"},\"image\":{\"@id\":\"https:\\\/\\\/tiketi.com\\\/routes\\\/bus\\\/tickets-johannesburg-to-durban\\\/#primaryimage\"},\"thumbnailUrl\":\"https:\\\/\\\/tiketi.com\\\/wp-content\\\/uploads\\\/2022\\\/01\\\/bus-ticket-online-booking.jpg\",\"datePublished\":\"2022-01-19T11:55:05+00:00\",\"dateModified\":\"2022-10-24T10:57:17+00:00\",\"description\":\"Looking for book bus from Johannesburg to Durban bus booking app, fare & schedule? Book cheap bus tickets from Johannesburg to Harare online\",\"breadcrumb\":{\"@id\":\"https:\\\/\\\/tiketi.com\\\/routes\\\/bus\\\/tickets-johannesburg-to-durban\\\/#breadcrumb\"},\"inLanguage\":\"fr-FR\",\"potentialAction\":[{\"@type\":\"ReadAction\",\"target\":[\"https:\\\/\\\/tiketi.com\\\/routes\\\/bus\\\/tickets-johannesburg-to-durban\\\/\"]}]},{\"@type\":\"ImageObject\",\"inLanguage\":\"fr-FR\",\"@id\":\"https:\\\/\\\/tiketi.com\\\/routes\\\/bus\\\/tickets-johannesburg-to-durban\\\/#primaryimage\",\"url\":\"https:\\\/\\\/tiketi.com\\\/wp-content\\\/uploads\\\/2022\\\/01\\\/bus-ticket-online-booking.jpg\",\"contentUrl\":\"https:\\\/\\\/tiketi.com\\\/wp-content\\\/uploads\\\/2022\\\/01\\\/bus-ticket-online-booking.jpg\",\"width\":1200,\"height\":206,\"caption\":\"Online Bus Ticket Booking\"},{\"@type\":\"BreadcrumbList\",\"@id\":\"https:\\\/\\\/tiketi.com\\\/routes\\\/bus\\\/tickets-johannesburg-to-durban\\\/#breadcrumb\",\"itemListElement\":[{\"@type\":\"ListItem\",\"position\":1,\"name\":\"Home\",\"item\":\"https:\\\/\\\/tiketi.com\\\/\"},{\"@type\":\"ListItem\",\"position\":2,\"name\":\"Routes\",\"item\":\"https:\\\/\\\/tiketi.com\\\/routes\\\/\"},{\"@type\":\"ListItem\",\"position\":3,\"name\":\"Bus\",\"item\":\"https:\\\/\\\/tiketi.com\\\/routes\\\/bus\\\/\"},{\"@type\":\"ListItem\",\"position\":4,\"name\":\"Bus Tickets from\u00a0Johannesburg to Durban Bus Booking, Fare &#038; Schedule\"}]},{\"@type\":\"WebSite\",\"@id\":\"https:\\\/\\\/tiketi.com\\\/#website\",\"url\":\"https:\\\/\\\/tiketi.com\\\/\",\"name\":\"Flight & Bus Tickets, Tour Packages & Activitites - Tiketi.com\",\"description\":\"Flight &amp; Bus Tickets, Tours, Activitites\",\"publisher\":{\"@id\":\"https:\\\/\\\/tiketi.com\\\/#organization\"},\"potentialAction\":[{\"@type\":\"SearchAction\",\"target\":{\"@type\":\"EntryPoint\",\"urlTemplate\":\"https:\\\/\\\/tiketi.com\\\/?s={search_term_string}\"},\"query-input\":{\"@type\":\"PropertyValueSpecification\",\"valueRequired\":true,\"valueName\":\"search_term_string\"}}],\"inLanguage\":\"fr-FR\"},{\"@type\":\"Organization\",\"@id\":\"https:\\\/\\\/tiketi.com\\\/#organization\",\"name\":\"Tiketi.com\",\"alternateName\":\"Tiketi\",\"url\":\"https:\\\/\\\/tiketi.com\\\/\",\"logo\":{\"@type\":\"ImageObject\",\"inLanguage\":\"fr-FR\",\"@id\":\"https:\\\/\\\/tiketi.com\\\/#\\\/schema\\\/logo\\\/image\\\/\",\"url\":\"https:\\\/\\\/tiketi.com\\\/wp-content\\\/uploads\\\/2019\\\/05\\\/tiketi-logo-696.png\",\"contentUrl\":\"https:\\\/\\\/tiketi.com\\\/wp-content\\\/uploads\\\/2019\\\/05\\\/tiketi-logo-696.png\",\"width\":696,\"height\":696,\"caption\":\"Tiketi.com\"},\"image\":{\"@id\":\"https:\\\/\\\/tiketi.com\\\/#\\\/schema\\\/logo\\\/image\\\/\"},\"sameAs\":[\"https:\\\/\\\/www.facebook.com\\\/TiketiCom\\\/\"]}]}<\/script>\n<!-- \/ Yoast SEO plugin. -->","yoast_head_json":{"title":"Billets de bus de Johannesburg \u00e0 Durban R\u00e9servation de bus, tarifs et horaires","description":"\u00c0 la recherche d&#039;une application de r\u00e9servation de bus de Johannesburg \u00e0 Durban, des tarifs et des horaires\u00a0? R\u00e9servez en ligne des billets de bus \u00e0 bas prix de Johannesbourg \u00e0 Harare","robots":{"index":"index","follow":"follow","max-snippet":"max-snippet:-1","max-image-preview":"max-image-preview:large","max-video-preview":"max-video-preview:-1"},"canonical":"https:\/\/tiketi.com\/fr-fr\/routes\/bus\/tickets-johannesburg-to-durban\/","og_locale":"fr_FR","og_type":"article","og_title":"Bus Tickets from\u00a0Johannesburg to Durban Bus Booking, Fare & Schedule","og_description":"Looking for book bus from Johannesburg to Durban bus booking app, fare & schedule? Book cheap bus tickets from Johannesburg to Harare online","og_url":"https:\/\/tiketi.com\/fr-fr\/routes\/bus\/tickets-johannesburg-to-durban\/","og_site_name":"Tiketi.com","article_publisher":"https:\/\/www.facebook.com\/TiketiCom\/","article_modified_time":"2022-10-24T10:57:17+00:00","og_image":[{"width":1200,"height":206,"url":"https:\/\/tiketi.com\/wp-content\/uploads\/2022\/01\/bus-ticket-online-booking.jpg","type":"image\/jpeg"}],"twitter_card":"summary_large_image","twitter_misc":{"Dur\u00e9e de lecture estim\u00e9e":"2 minutes"},"schema":{"@context":"https:\/\/schema.org","@graph":[{"@type":"WebPage","@id":"https:\/\/tiketi.com\/routes\/bus\/tickets-johannesburg-to-durban\/","url":"https:\/\/tiketi.com\/routes\/bus\/tickets-johannesburg-to-durban\/","name":"Billets de bus de Johannesburg \u00e0 Durban R\u00e9servation de bus, tarifs et horaires","isPartOf":{"@id":"https:\/\/tiketi.com\/#website"},"primaryImageOfPage":{"@id":"https:\/\/tiketi.com\/routes\/bus\/tickets-johannesburg-to-durban\/#primaryimage"},"image":{"@id":"https:\/\/tiketi.com\/routes\/bus\/tickets-johannesburg-to-durban\/#primaryimage"},"thumbnailUrl":"https:\/\/tiketi.com\/wp-content\/uploads\/2022\/01\/bus-ticket-online-booking.jpg","datePublished":"2022-01-19T11:55:05+00:00","dateModified":"2022-10-24T10:57:17+00:00","description":"\u00c0 la recherche d&#039;une application de r\u00e9servation de bus de Johannesburg \u00e0 Durban, des tarifs et des horaires\u00a0? R\u00e9servez en ligne des billets de bus \u00e0 bas prix de Johannesbourg \u00e0 Harare","breadcrumb":{"@id":"https:\/\/tiketi.com\/routes\/bus\/tickets-johannesburg-to-durban\/#breadcrumb"},"inLanguage":"fr-FR","potentialAction":[{"@type":"ReadAction","target":["https:\/\/tiketi.com\/routes\/bus\/tickets-johannesburg-to-durban\/"]}]},{"@type":"ImageObject","inLanguage":"fr-FR","@id":"https:\/\/tiketi.com\/routes\/bus\/tickets-johannesburg-to-durban\/#primaryimage","url":"https:\/\/tiketi.com\/wp-content\/uploads\/2022\/01\/bus-ticket-online-booking.jpg","contentUrl":"https:\/\/tiketi.com\/wp-content\/uploads\/2022\/01\/bus-ticket-online-booking.jpg","width":1200,"height":206,"caption":"Online Bus Ticket Booking"},{"@type":"BreadcrumbList","@id":"https:\/\/tiketi.com\/routes\/bus\/tickets-johannesburg-to-durban\/#breadcrumb","itemListElement":[{"@type":"ListItem","position":1,"name":"Home","item":"https:\/\/tiketi.com\/"},{"@type":"ListItem","position":2,"name":"Routes","item":"https:\/\/tiketi.com\/routes\/"},{"@type":"ListItem","position":3,"name":"Bus","item":"https:\/\/tiketi.com\/routes\/bus\/"},{"@type":"ListItem","position":4,"name":"Bus Tickets from\u00a0Johannesburg to Durban Bus Booking, Fare &#038; Schedule"}]},{"@type":"WebSite","@id":"https:\/\/tiketi.com\/#website","url":"https:\/\/tiketi.com\/","name":"Billets d&#039;avion et de bus, forfaits touristiques et activit\u00e9s - Tiketi.com","description":"Billets d&#039;avion et de bus, Tours, Activit\u00e9s","publisher":{"@id":"https:\/\/tiketi.com\/#organization"},"potentialAction":[{"@type":"SearchAction","target":{"@type":"EntryPoint","urlTemplate":"https:\/\/tiketi.com\/?s={search_term_string}"},"query-input":{"@type":"PropertyValueSpecification","valueRequired":true,"valueName":"search_term_string"}}],"inLanguage":"fr-FR"},{"@type":"Organization","@id":"https:\/\/tiketi.com\/#organization","name":"Tiketi.com","alternateName":"Tiketi","url":"https:\/\/tiketi.com\/","logo":{"@type":"ImageObject","inLanguage":"fr-FR","@id":"https:\/\/tiketi.com\/#\/schema\/logo\/image\/","url":"https:\/\/tiketi.com\/wp-content\/uploads\/2019\/05\/tiketi-logo-696.png","contentUrl":"https:\/\/tiketi.com\/wp-content\/uploads\/2019\/05\/tiketi-logo-696.png","width":696,"height":696,"caption":"Tiketi.com"},"image":{"@id":"https:\/\/tiketi.com\/#\/schema\/logo\/image\/"},"sameAs":["https:\/\/www.facebook.com\/TiketiCom\/"]}]}},"_links":{"self":[{"href":"https:\/\/tiketi.com\/fr-fr\/wp-json\/wp\/v2\/pages\/11699","targetHints":{"allow":["GET"]}}],"collection":[{"href":"https:\/\/tiketi.com\/fr-fr\/wp-json\/wp\/v2\/pages"}],"about":[{"href":"https:\/\/tiketi.com\/fr-fr\/wp-json\/wp\/v2\/types\/page"}],"author":[{"embeddable":true,"href":"https:\/\/tiketi.com\/fr-fr\/wp-json\/wp\/v2\/users\/1"}],"replies":[{"embeddable":true,"href":"https:\/\/tiketi.com\/fr-fr\/wp-json\/wp\/v2\/comments?post=11699"}],"version-history":[{"count":0,"href":"https:\/\/tiketi.com\/fr-fr\/wp-json\/wp\/v2\/pages\/11699\/revisions"}],"up":[{"embeddable":true,"href":"https:\/\/tiketi.com\/fr-fr\/wp-json\/wp\/v2\/pages\/25566"}],"wp:featuredmedia":[{"embeddable":true,"href":"https:\/\/tiketi.com\/fr-fr\/wp-json\/wp\/v2\/media\/13999"}],"wp:attachment":[{"href":"https:\/\/tiketi.com\/fr-fr\/wp-json\/wp\/v2\/media?parent=11699"}],"curies":[{"name":"wp","href":"https:\/\/api.w.org\/{rel}","templated":true}]}}