{"id":11700,"date":"2022-01-19T12:55:05","date_gmt":"2022-01-19T11:55:05","guid":{"rendered":"https:\/\/new.tiketi.com\/bus-tickets-from-johannesburg-to-cape-town-bus-booking-fare-schedule\/"},"modified":"2022-10-24T11:57:14","modified_gmt":"2022-10-24T10:57:14","slug":"cheap-bus-tickets-from-johannesburg-to-cape-town","status":"publish","type":"page","link":"https:\/\/tiketi.com\/fr-fr\/cheap-bus-tickets-from-johannesburg-to-cape-town\/","title":{"rendered":"Billets de bus de Johannesburg \u00e0 Cape Town R\u00e9servation de bus, tarifs et horaires"},"content":{"rendered":"<h2>Bus pas cher de Johannesburg \u00e0 Le Cap Billets de bus R\u00e9servation en ligne<\/h2>\n<h3>D\u00e9couvrez votre itin\u00e9raire sur le web, le mobile ou l&#039;application et r\u00e9servez en ligne maintenant un billet de bus pas cher de Johannesburg \u00e0 Le Cap.<\/h3>\n<p>Recherchez, comparez et r\u00e9servez simplement en ligne les billets de bus pas chers de Johannesburg \u00e0 Le Cap. La ville du Cap, \u00e0 la pointe sud de l&#039;Afrique, est un creuset populaire de cultures et un lieu de visite privil\u00e9gi\u00e9. Surnomm\u00e9e la \u00abville m\u00e8re\u00bb, cet endroit offre toutes les activit\u00e9s touristiques souhaitables sous le soleil. Alors, r\u00e9servez vos billets de bus pas chers de Johannesburg \u00e0 Le Cap en ligne d\u00e8s maintenant.<\/p>\n<h2>Billets de bus de Johannesburg \u00e0 Cape Town FAQ sur la r\u00e9servation de bus, les tarifs, les itin\u00e9raires et les horaires<\/h2>\n<h3>La ligne de bus de Johannesburg \u00e0 Cape Town est-elle le moyen abordable de se rendre \u00e0 Cape Town ?<\/h3>\n<p>La ligne de bus de Johannesburg \u00e0 Cape Town est le moyen abordable de se rendre \u00e0 Cape Town.<\/p>\n<h3>Quel est le prix d&#039;un bus entre Johannesburg et Le Cap ?<\/h3>\n<p>Billets de bus pas chers de Johannesburg \u00e0 Le Cap tarif de bus $30 \u2013 $70 et dure 18h 30m.<\/p>\n<h3>Y a-t-il un bus direct entre Johannesburg et Le Cap ?<\/h3>\n<p>Oui, il y a un bus direct Johannesbourg jusqu&#039;\u00e0 Le Cap et arrive \u00e0 Le Cap.<\/p>\n<h3>Quels sont les horaires de bus de Johannesburg \u00e0 Le Cap ?<\/h3>\n<p>Les horaires de bus de Johannesbourg \u00e0 Le Cap partent 4 fois par jour, et op\u00e8rent tous les jours. Le trajet dure environ 18h 30m.<\/p>\n<h3>Quelle est la distance entre Johannesbourg et Le Cap en bus ?<\/h3>\n<p>La distance entre Johannesbourg et Le Cap en bus est de 1262 km.<\/p>\n<h3>O\u00f9 puis-je prendre le bus de Johannesburg \u00e0 Le Cap ?<\/h3>\n<p>Le bus le moins cher de Johannesburg \u00e0 Cape Town, op\u00e9r\u00e9 par Intercape de Johannesburg \u00e0 Cape Town, part de la gare de Johannesburg.<\/p>\n<h2>Avion ou bus de Johannesbourg \u00e0 Le Cap<\/h2>\n<h3>Quel est le trajet en bus de Durban \u00e0 Johannesbourg ?<\/h3>\n<h3>Quel est le prix d&#039;un vol Johannesburg - Le Cap ?<\/h3>\n<p>L&#039;excellent moyen de se rendre de Johannesburg au Cap est de <a href=\"https:\/\/tiketi.com\/fr-fr\/flights-johannesburg-cape-town-jnb-cpt\/\" target=\"_blank\" rel=\"noopener\">voler<\/a> qui dure 4h 50m et co\u00fbte $65 \u2013 $250.<\/p>\n<h3>Quel est le prix d&#039;un billet de bus de Johannesbourg \u00e0 Le Cap ?<\/h3>\n<p>Alternativement, vous pouvez prendre le bus, le prix du billet de bus de Johannesburg \u00e0 Cape Town est $30 - $70 et dure 18h 30min.<\/p>\n<h2>Conseils de voyage pour r\u00e9server un bus de Johannesburg \u00e0 Le Cap<\/h2>\n<p><strong>Voici quelques-uns des meilleurs <a href=\"https:\/\/tiketi.com\/fr-fr\/vacations\/cape-town-tour-packages\/\" target=\"_blank\" rel=\"noopener\">attractions<\/a> au Cap :<\/strong><\/p>\n<p><strong>Table montagne<\/strong><\/p>\n<p>Table Mountain a r\u00e9cemment particip\u00e9 \u00e0 la derni\u00e8re manche du concours New Seven Wonders of Nature. Vous pouvez choisir de prendre un t\u00e9l\u00e9ph\u00e9rique jusqu&#039;au sommet ou de profiter d&#039;un travail stimulant via le sentier Skelton Gorge. Une fois l&#039;ascension termin\u00e9e, les vues imprenables sur la ville rendront l&#039;exp\u00e9rience pr\u00e9cieuse.<\/p>\n<p><strong>Robben Island<\/strong><\/p>\n<p>Situ\u00e9e dans la baie de la Table juste en dessous de la montagne de la Table, Robben Island est un grand symbole du pass\u00e9 s\u00e9gr\u00e9gu\u00e9 de l&#039;Afrique du Sud. On l&#039;appelle populairement pour la prison isol\u00e9e qu&#039;elle abritait pendant les ann\u00e9es de l&#039;apartheid lorsque des personnalit\u00e9s politiques de l&#039;opposition telles que le laur\u00e9at du prix Nobel et le pr\u00e9sident Mandela ont \u00e9t\u00e9 forc\u00e9es d&#039;y rester pendant de nombreuses ann\u00e9es.<\/p>","protected":false},"excerpt":{"rendered":"<p>Cheap Bus from Johannesburg to Cape Town Bus Tickets Online Booking Discover your travel route on web, mobile or app and book cheap bus ticket from Johannesburg to Cape Town online now. Simply search, compare and do\u00a0cheap bus tickets from Johannesburg to Cape Town bus booking online. The Cape Town City on the southern tip [&hellip;]<\/p>\n","protected":false},"author":1,"featured_media":13999,"parent":0,"menu_order":0,"comment_status":"open","ping_status":"closed","template":"template-home-modern.php","meta":{"footnotes":""},"class_list":["post-11700","page","type-page","status-publish","has-post-thumbnail","hentry"],"yoast_head":"<!-- This site is optimized with the Yoast SEO plugin v27.4 - https:\/\/yoast.com\/product\/yoast-seo-wordpress\/ -->\n<title>Bus Tickets from\u00a0Johannesburg to Cape Town Bus Booking, Fare &amp; Schedule<\/title>\n<meta name=\"description\" content=\"Looking for cheap bus tickets from Johannesburg to Cape Town bus booking app, fare&amp; schedule? Book your cheap bus tickets from\u00a0Johannesburg to Cape Town now!\" \/>\n<meta name=\"robots\" content=\"index, follow, max-snippet:-1, max-image-preview:large, max-video-preview:-1\" \/>\n<link rel=\"canonical\" href=\"https:\/\/tiketi.com\/fr-fr\/cheap-bus-tickets-from-johannesburg-to-cape-town\/\" \/>\n<meta property=\"og:locale\" content=\"fr_FR\" \/>\n<meta property=\"og:type\" content=\"article\" \/>\n<meta property=\"og:title\" content=\"Bus Tickets from\u00a0Johannesburg to Cape Town Bus Booking, Fare &amp; Schedule\" \/>\n<meta property=\"og:description\" content=\"Looking for cheap bus tickets from Johannesburg to Cape Town bus booking app, fare&amp; schedule? Book your cheap bus tickets from\u00a0Johannesburg to Cape Town now!\" \/>\n<meta property=\"og:url\" content=\"https:\/\/tiketi.com\/fr-fr\/cheap-bus-tickets-from-johannesburg-to-cape-town\/\" \/>\n<meta property=\"og:site_name\" content=\"Tiketi.com\" \/>\n<meta property=\"article:publisher\" content=\"https:\/\/www.facebook.com\/TiketiCom\/\" \/>\n<meta property=\"article:modified_time\" content=\"2022-10-24T10:57:14+00:00\" \/>\n<meta property=\"og:image\" content=\"https:\/\/tiketi.com\/wp-content\/uploads\/2022\/01\/bus-ticket-online-booking.jpg\" \/>\n\t<meta property=\"og:image:width\" content=\"1200\" \/>\n\t<meta property=\"og:image:height\" content=\"206\" \/>\n\t<meta property=\"og:image:type\" content=\"image\/jpeg\" \/>\n<meta name=\"twitter:card\" content=\"summary_large_image\" \/>\n<meta name=\"twitter:label1\" content=\"Dur\u00e9e de lecture estim\u00e9e\" \/>\n\t<meta name=\"twitter:data1\" content=\"3 minutes\" \/>\n<script type=\"application\/ld+json\" class=\"yoast-schema-graph\">{\"@context\":\"https:\\\/\\\/schema.org\",\"@graph\":[{\"@type\":\"WebPage\",\"@id\":\"https:\\\/\\\/tiketi.com\\\/en-gb\\\/cheap-bus-tickets-from-johannesburg-to-cape-town\\\/\",\"url\":\"https:\\\/\\\/tiketi.com\\\/en-gb\\\/cheap-bus-tickets-from-johannesburg-to-cape-town\\\/\",\"name\":\"Bus Tickets from\u00a0Johannesburg to Cape Town Bus Booking, Fare & Schedule\",\"isPartOf\":{\"@id\":\"https:\\\/\\\/tiketi.com\\\/#website\"},\"primaryImageOfPage\":{\"@id\":\"https:\\\/\\\/tiketi.com\\\/en-gb\\\/cheap-bus-tickets-from-johannesburg-to-cape-town\\\/#primaryimage\"},\"image\":{\"@id\":\"https:\\\/\\\/tiketi.com\\\/en-gb\\\/cheap-bus-tickets-from-johannesburg-to-cape-town\\\/#primaryimage\"},\"thumbnailUrl\":\"https:\\\/\\\/tiketi.com\\\/wp-content\\\/uploads\\\/2022\\\/01\\\/bus-ticket-online-booking.jpg\",\"datePublished\":\"2022-01-19T11:55:05+00:00\",\"dateModified\":\"2022-10-24T10:57:14+00:00\",\"description\":\"Looking for cheap bus tickets from Johannesburg to Cape Town bus booking app, fare& schedule? Book your cheap bus tickets from\u00a0Johannesburg to Cape Town now!\",\"breadcrumb\":{\"@id\":\"https:\\\/\\\/tiketi.com\\\/en-gb\\\/cheap-bus-tickets-from-johannesburg-to-cape-town\\\/#breadcrumb\"},\"inLanguage\":\"fr-FR\",\"potentialAction\":[{\"@type\":\"ReadAction\",\"target\":[\"https:\\\/\\\/tiketi.com\\\/en-gb\\\/cheap-bus-tickets-from-johannesburg-to-cape-town\\\/\"]}]},{\"@type\":\"ImageObject\",\"inLanguage\":\"fr-FR\",\"@id\":\"https:\\\/\\\/tiketi.com\\\/en-gb\\\/cheap-bus-tickets-from-johannesburg-to-cape-town\\\/#primaryimage\",\"url\":\"https:\\\/\\\/tiketi.com\\\/wp-content\\\/uploads\\\/2022\\\/01\\\/bus-ticket-online-booking.jpg\",\"contentUrl\":\"https:\\\/\\\/tiketi.com\\\/wp-content\\\/uploads\\\/2022\\\/01\\\/bus-ticket-online-booking.jpg\",\"width\":1200,\"height\":206,\"caption\":\"Online Bus Ticket Booking\"},{\"@type\":\"BreadcrumbList\",\"@id\":\"https:\\\/\\\/tiketi.com\\\/en-gb\\\/cheap-bus-tickets-from-johannesburg-to-cape-town\\\/#breadcrumb\",\"itemListElement\":[{\"@type\":\"ListItem\",\"position\":1,\"name\":\"Home\",\"item\":\"https:\\\/\\\/tiketi.com\\\/\"},{\"@type\":\"ListItem\",\"position\":2,\"name\":\"Bus Tickets from\u00a0Johannesburg to Cape Town Bus Booking, Fare &#038; Schedule\"}]},{\"@type\":\"WebSite\",\"@id\":\"https:\\\/\\\/tiketi.com\\\/#website\",\"url\":\"https:\\\/\\\/tiketi.com\\\/\",\"name\":\"Flight & Bus Tickets, Tour Packages & Activitites - Tiketi.com\",\"description\":\"Flight &amp; Bus Tickets, Tours, Activitites\",\"publisher\":{\"@id\":\"https:\\\/\\\/tiketi.com\\\/#organization\"},\"potentialAction\":[{\"@type\":\"SearchAction\",\"target\":{\"@type\":\"EntryPoint\",\"urlTemplate\":\"https:\\\/\\\/tiketi.com\\\/?s={search_term_string}\"},\"query-input\":{\"@type\":\"PropertyValueSpecification\",\"valueRequired\":true,\"valueName\":\"search_term_string\"}}],\"inLanguage\":\"fr-FR\"},{\"@type\":\"Organization\",\"@id\":\"https:\\\/\\\/tiketi.com\\\/#organization\",\"name\":\"Tiketi.com\",\"alternateName\":\"Tiketi\",\"url\":\"https:\\\/\\\/tiketi.com\\\/\",\"logo\":{\"@type\":\"ImageObject\",\"inLanguage\":\"fr-FR\",\"@id\":\"https:\\\/\\\/tiketi.com\\\/#\\\/schema\\\/logo\\\/image\\\/\",\"url\":\"https:\\\/\\\/tiketi.com\\\/wp-content\\\/uploads\\\/2019\\\/05\\\/tiketi-logo-696.png\",\"contentUrl\":\"https:\\\/\\\/tiketi.com\\\/wp-content\\\/uploads\\\/2019\\\/05\\\/tiketi-logo-696.png\",\"width\":696,\"height\":696,\"caption\":\"Tiketi.com\"},\"image\":{\"@id\":\"https:\\\/\\\/tiketi.com\\\/#\\\/schema\\\/logo\\\/image\\\/\"},\"sameAs\":[\"https:\\\/\\\/www.facebook.com\\\/TiketiCom\\\/\"]}]}<\/script>\n<!-- \/ Yoast SEO plugin. -->","yoast_head_json":{"title":"Billets de bus de Johannesburg \u00e0 Cape Town R\u00e9servation de bus, tarifs et horaires","description":"Vous recherchez des billets de bus pas chers de Johannesburg \u00e0 Le Cap, l&#039;application de r\u00e9servation de bus, les tarifs et les horaires ? R\u00e9servez d\u00e8s maintenant vos billets de bus \u00e0 bas prix de Johannesburg \u00e0 Le Cap !","robots":{"index":"index","follow":"follow","max-snippet":"max-snippet:-1","max-image-preview":"max-image-preview:large","max-video-preview":"max-video-preview:-1"},"canonical":"https:\/\/tiketi.com\/fr-fr\/cheap-bus-tickets-from-johannesburg-to-cape-town\/","og_locale":"fr_FR","og_type":"article","og_title":"Bus Tickets from\u00a0Johannesburg to Cape Town Bus Booking, Fare & Schedule","og_description":"Looking for cheap bus tickets from Johannesburg to Cape Town bus booking app, fare& schedule? Book your cheap bus tickets from\u00a0Johannesburg to Cape Town now!","og_url":"https:\/\/tiketi.com\/fr-fr\/cheap-bus-tickets-from-johannesburg-to-cape-town\/","og_site_name":"Tiketi.com","article_publisher":"https:\/\/www.facebook.com\/TiketiCom\/","article_modified_time":"2022-10-24T10:57:14+00:00","og_image":[{"width":1200,"height":206,"url":"https:\/\/tiketi.com\/wp-content\/uploads\/2022\/01\/bus-ticket-online-booking.jpg","type":"image\/jpeg"}],"twitter_card":"summary_large_image","twitter_misc":{"Dur\u00e9e de lecture estim\u00e9e":"3 minutes"},"schema":{"@context":"https:\/\/schema.org","@graph":[{"@type":"WebPage","@id":"https:\/\/tiketi.com\/en-gb\/cheap-bus-tickets-from-johannesburg-to-cape-town\/","url":"https:\/\/tiketi.com\/en-gb\/cheap-bus-tickets-from-johannesburg-to-cape-town\/","name":"Billets de bus de Johannesburg \u00e0 Cape Town R\u00e9servation de bus, tarifs et horaires","isPartOf":{"@id":"https:\/\/tiketi.com\/#website"},"primaryImageOfPage":{"@id":"https:\/\/tiketi.com\/en-gb\/cheap-bus-tickets-from-johannesburg-to-cape-town\/#primaryimage"},"image":{"@id":"https:\/\/tiketi.com\/en-gb\/cheap-bus-tickets-from-johannesburg-to-cape-town\/#primaryimage"},"thumbnailUrl":"https:\/\/tiketi.com\/wp-content\/uploads\/2022\/01\/bus-ticket-online-booking.jpg","datePublished":"2022-01-19T11:55:05+00:00","dateModified":"2022-10-24T10:57:14+00:00","description":"Vous recherchez des billets de bus pas chers de Johannesburg \u00e0 Le Cap, l&#039;application de r\u00e9servation de bus, les tarifs et les horaires ? R\u00e9servez d\u00e8s maintenant vos billets de bus \u00e0 bas prix de Johannesburg \u00e0 Le Cap !","breadcrumb":{"@id":"https:\/\/tiketi.com\/en-gb\/cheap-bus-tickets-from-johannesburg-to-cape-town\/#breadcrumb"},"inLanguage":"fr-FR","potentialAction":[{"@type":"ReadAction","target":["https:\/\/tiketi.com\/en-gb\/cheap-bus-tickets-from-johannesburg-to-cape-town\/"]}]},{"@type":"ImageObject","inLanguage":"fr-FR","@id":"https:\/\/tiketi.com\/en-gb\/cheap-bus-tickets-from-johannesburg-to-cape-town\/#primaryimage","url":"https:\/\/tiketi.com\/wp-content\/uploads\/2022\/01\/bus-ticket-online-booking.jpg","contentUrl":"https:\/\/tiketi.com\/wp-content\/uploads\/2022\/01\/bus-ticket-online-booking.jpg","width":1200,"height":206,"caption":"Online Bus Ticket Booking"},{"@type":"BreadcrumbList","@id":"https:\/\/tiketi.com\/en-gb\/cheap-bus-tickets-from-johannesburg-to-cape-town\/#breadcrumb","itemListElement":[{"@type":"ListItem","position":1,"name":"Home","item":"https:\/\/tiketi.com\/"},{"@type":"ListItem","position":2,"name":"Bus Tickets from\u00a0Johannesburg to Cape Town Bus Booking, Fare &#038; Schedule"}]},{"@type":"WebSite","@id":"https:\/\/tiketi.com\/#website","url":"https:\/\/tiketi.com\/","name":"Billets d&#039;avion et de bus, forfaits touristiques et activit\u00e9s - Tiketi.com","description":"Billets d&#039;avion et de bus, Tours, Activit\u00e9s","publisher":{"@id":"https:\/\/tiketi.com\/#organization"},"potentialAction":[{"@type":"SearchAction","target":{"@type":"EntryPoint","urlTemplate":"https:\/\/tiketi.com\/?s={search_term_string}"},"query-input":{"@type":"PropertyValueSpecification","valueRequired":true,"valueName":"search_term_string"}}],"inLanguage":"fr-FR"},{"@type":"Organization","@id":"https:\/\/tiketi.com\/#organization","name":"Tiketi.com","alternateName":"Tiketi","url":"https:\/\/tiketi.com\/","logo":{"@type":"ImageObject","inLanguage":"fr-FR","@id":"https:\/\/tiketi.com\/#\/schema\/logo\/image\/","url":"https:\/\/tiketi.com\/wp-content\/uploads\/2019\/05\/tiketi-logo-696.png","contentUrl":"https:\/\/tiketi.com\/wp-content\/uploads\/2019\/05\/tiketi-logo-696.png","width":696,"height":696,"caption":"Tiketi.com"},"image":{"@id":"https:\/\/tiketi.com\/#\/schema\/logo\/image\/"},"sameAs":["https:\/\/www.facebook.com\/TiketiCom\/"]}]}},"_links":{"self":[{"href":"https:\/\/tiketi.com\/fr-fr\/wp-json\/wp\/v2\/pages\/11700","targetHints":{"allow":["GET"]}}],"collection":[{"href":"https:\/\/tiketi.com\/fr-fr\/wp-json\/wp\/v2\/pages"}],"about":[{"href":"https:\/\/tiketi.com\/fr-fr\/wp-json\/wp\/v2\/types\/page"}],"author":[{"embeddable":true,"href":"https:\/\/tiketi.com\/fr-fr\/wp-json\/wp\/v2\/users\/1"}],"replies":[{"embeddable":true,"href":"https:\/\/tiketi.com\/fr-fr\/wp-json\/wp\/v2\/comments?post=11700"}],"version-history":[{"count":0,"href":"https:\/\/tiketi.com\/fr-fr\/wp-json\/wp\/v2\/pages\/11700\/revisions"}],"wp:featuredmedia":[{"embeddable":true,"href":"https:\/\/tiketi.com\/fr-fr\/wp-json\/wp\/v2\/media\/13999"}],"wp:attachment":[{"href":"https:\/\/tiketi.com\/fr-fr\/wp-json\/wp\/v2\/media?parent=11700"}],"curies":[{"name":"wp","href":"https:\/\/api.w.org\/{rel}","templated":true}]}}