{"id":11701,"date":"2022-01-19T12:55:05","date_gmt":"2022-01-19T11:55:05","guid":{"rendered":"https:\/\/new.tiketi.com\/bus-tickets-from-durban-to-johannesburg-bus-booking-fare-schedule\/"},"modified":"2022-10-24T11:59:50","modified_gmt":"2022-10-24T10:59:50","slug":"tickets-from-durban-to-johannesburg","status":"publish","type":"page","link":"https:\/\/tiketi.com\/fr-fr\/routes\/bus\/tickets-from-durban-to-johannesburg\/","title":{"rendered":"Billets de bus de Durban \u00e0 Johannesbourg : r\u00e9servation, tarifs et horaires de bus"},"content":{"rendered":"<h2>Bus pas cher de Durban \u00e0 Johannesbourg Billets de bus en ligne<\/h2>\n<h3>D\u00e9couvrez votre itin\u00e9raire de voyage sur le Web, votre mobile ou votre application et r\u00e9servez d\u00e8s maintenant en ligne un billet de bus pas cher de Durban \u00e0 Johannesbourg.<\/h3>\n<p>Il existe un total de six compagnies de bus qui proposent des billets de bus pas chers de Durban \u00e0 Johannesbourg en ligne. Eagle Linder, All Eldo Coaches, Intercity, Greyhound, City to City, Intercape doivent combiner un total de vingt-sept horaires de bus de Durban \u00e0 Johannesburg. Six services proposent des prix et des horaires diff\u00e9rents pour les billets de bus de Durban \u00e0 Johannesburg.<\/p>\n<h2>Billets de bus pas chers de Durban \u00e0 Johannesbourg : FAQ, tarifs et horaires de bus<\/h2>\n<p>Le bus de Durban \u00e0 Johannesburg est li\u00e9 \u00e0 la ponctualit\u00e9, au niveau de qualit\u00e9, au comportement du personnel et \u00e0 la propret\u00e9.<\/p>\n<p>Ceci est un d\u00e9tail utile pour rechercher et comparer les prix des billets de bus de Durban \u00e0 Johannesbourg.<\/p>\n<p>R\u00e9server en ligne \u00e0 l&#039;avance un bus de Durban \u00e0 Johannesbourg est le meilleur conseil pour trouver un bus pas cher de Durban \u00e0 Johannesbourg.<\/p>\n<h3>Prix des bus de Durban \u00e0 Johannesbourg<\/h3>\n<p>Le tarif du bus de Durban \u00e0 Johannesburg co\u00fbte entre 160,00 ZAR et 530,00 ZAR par si\u00e8ge.<\/p>\n<p>Eldo Coaches propose des bus de Durban \u00e0 Johannesburg au tarif de 160,00 ZAR.<\/p>\n<p>Ce bus part \u00e0 7h30 de la gare de Johannesburg Park. Au contraire, les bus partant \u00e0 10h00 sont les billets de bus les plus chers de Durban \u00e0 Johannesburg. Ce bus de Durban \u00e0 Johannesbourg co\u00fbte environ 520,00 ZAR.<\/p>\n<p>Les tarifs des bus peuvent changer selon les services de bus \u00e0 bord de Durban \u00e0 Johannesburg, les promotions quotidiennes et l&#039;accessibilit\u00e9 des si\u00e8ges de bus.<\/p>\n<h3>Quelle est la distance depuis Durban vers Johannesbourg en bus ?<\/h3>\n<p>Le trajet de Durban \u00e0 Johannesbourg en bus dure environ 8h 15m. Eldo Coaches annonce qu&#039;il dispose du transport le plus rapide depuis Johannesburg. En choisissant cette entreprise, vous arriverez probablement dans environ 6h 30 \u00e0 Durban.<\/p>\n<h3>Quel est l&#039;excellent moyen de r\u00e9server des billets de bus de Durban \u00e0 Johannesbourg ?<\/h3>\n<p>Il existe de nombreuses fa\u00e7ons diff\u00e9rentes d&#039;acqu\u00e9rir un billet de bus de Durban \u00e0 Johannesburg. Vous pouvez obtenir votre billet de bus en r\u00e9servant Durban \u00e0 Johannesburg via Internet sur Eagle Linder, Eldo Coaches, City to City et Intercape. Alternativement, r\u00e9servation par t\u00e9l\u00e9phone ou ouvertement au comptoir.<\/p>\n<h3>Quel est le trajet en bus de Durban \u00e0 Johannesbourg ?<\/h3>\n<p>Il y a g\u00e9n\u00e9ralement 189 d\u00e9parts chaque semaine sur la route Durban-Johannesbourg. Pendant la haute saison, les compagnies de bus peuvent augmenter le nombre de bus accessibles de Durban \u00e0 Johannesburg. La soci\u00e9t\u00e9 Greyhound poss\u00e8de la plus grande flotte sur la route de Durban. Cela repr\u00e9sente en moyenne sept passages de bus par jour.<\/p>\n<h3>Quel est le trajet en bus de Durban \u00e0 Johannesbourg ?<\/h3>\n<p>En moyenne, trouvez vingt-sept horaires de bus quotidiens de Durban \u00e0 Johannesbourg.<\/p>\n<h2>Conseils pour r\u00e9server un bus de Durban \u00e0 Johannesbourg<\/h2>\n<p>Comparez tous les prix des bus de Durban \u00e0 Johannesbourg qui changent en fonction du confort et de la disponibilit\u00e9. N&#039;oubliez pas de consulter les avis clients pour Intercity, Greyhound, Eagle Liner, Eldo Coaches, City to City et Intercape.<\/p>\n<p>Voici quelques-uns des meilleurs <a href=\"https:\/\/tiketi.com\/fr-fr\/vacations\/johannesburg-tour-packages\/\" target=\"_blank\" rel=\"noopener\">attractions<\/a> \u00e0 Johannesbourg :<\/p>","protected":false},"excerpt":{"rendered":"<p>Cheap Bus from Durban to Johannesburg Bus Tickets Online Discover your travel route on web, mobile or app and book cheap bus ticket from Durban to Johannesburg online now. There is a total of six bus companies operating for cheap bus tickets from Durban to Johannesburg bus booking online. Eagle Linder, All Eldo Coaches, Intercity, [&hellip;]<\/p>\n","protected":false},"author":1,"featured_media":13999,"parent":25566,"menu_order":0,"comment_status":"open","ping_status":"closed","template":"template-home-modern.php","meta":{"footnotes":""},"class_list":["post-11701","page","type-page","status-publish","has-post-thumbnail","hentry"],"yoast_head":"<!-- This site is optimized with the Yoast SEO plugin v27.4 - https:\/\/yoast.com\/product\/yoast-seo-wordpress\/ -->\n<title>Bus Tickets from\u00a0Durban to Johannesburg Bus Booking, Fare &amp; Schedule<\/title>\n<meta name=\"description\" content=\"Looking for bus from Durban to Johannesburg bus ticket booking app, schedule &amp; fare? Book cheap bus tickets from\u00a0Durban to Johannesburg online\" \/>\n<meta name=\"robots\" content=\"index, follow, max-snippet:-1, max-image-preview:large, max-video-preview:-1\" \/>\n<link rel=\"canonical\" href=\"https:\/\/tiketi.com\/fr-fr\/routes\/bus\/tickets-from-durban-to-johannesburg\/\" \/>\n<meta property=\"og:locale\" content=\"fr_FR\" \/>\n<meta property=\"og:type\" content=\"article\" \/>\n<meta property=\"og:title\" content=\"Bus Tickets from\u00a0Durban to Johannesburg Bus Booking, Fare &amp; Schedule\" \/>\n<meta property=\"og:description\" content=\"Looking for bus from Durban to Johannesburg bus ticket booking app, schedule &amp; fare? Book cheap bus tickets from\u00a0Durban to Johannesburg online\" \/>\n<meta property=\"og:url\" content=\"https:\/\/tiketi.com\/fr-fr\/routes\/bus\/tickets-from-durban-to-johannesburg\/\" \/>\n<meta property=\"og:site_name\" content=\"Tiketi.com\" \/>\n<meta property=\"article:publisher\" content=\"https:\/\/www.facebook.com\/TiketiCom\/\" \/>\n<meta property=\"article:modified_time\" content=\"2022-10-24T10:59:50+00:00\" \/>\n<meta property=\"og:image\" content=\"https:\/\/tiketi.com\/wp-content\/uploads\/2022\/01\/bus-ticket-online-booking.jpg\" \/>\n\t<meta property=\"og:image:width\" content=\"1200\" \/>\n\t<meta property=\"og:image:height\" content=\"206\" \/>\n\t<meta property=\"og:image:type\" content=\"image\/jpeg\" \/>\n<meta name=\"twitter:card\" content=\"summary_large_image\" \/>\n<meta name=\"twitter:label1\" content=\"Dur\u00e9e de lecture estim\u00e9e\" \/>\n\t<meta name=\"twitter:data1\" content=\"2 minutes\" \/>\n<script type=\"application\/ld+json\" class=\"yoast-schema-graph\">{\"@context\":\"https:\\\/\\\/schema.org\",\"@graph\":[{\"@type\":\"WebPage\",\"@id\":\"https:\\\/\\\/tiketi.com\\\/routes\\\/bus\\\/tickets-from-durban-to-johannesburg\\\/\",\"url\":\"https:\\\/\\\/tiketi.com\\\/routes\\\/bus\\\/tickets-from-durban-to-johannesburg\\\/\",\"name\":\"Bus Tickets from\u00a0Durban to Johannesburg Bus Booking, Fare & Schedule\",\"isPartOf\":{\"@id\":\"https:\\\/\\\/tiketi.com\\\/#website\"},\"primaryImageOfPage\":{\"@id\":\"https:\\\/\\\/tiketi.com\\\/routes\\\/bus\\\/tickets-from-durban-to-johannesburg\\\/#primaryimage\"},\"image\":{\"@id\":\"https:\\\/\\\/tiketi.com\\\/routes\\\/bus\\\/tickets-from-durban-to-johannesburg\\\/#primaryimage\"},\"thumbnailUrl\":\"https:\\\/\\\/tiketi.com\\\/wp-content\\\/uploads\\\/2022\\\/01\\\/bus-ticket-online-booking.jpg\",\"datePublished\":\"2022-01-19T11:55:05+00:00\",\"dateModified\":\"2022-10-24T10:59:50+00:00\",\"description\":\"Looking for bus from Durban to Johannesburg bus ticket booking app, schedule & fare? Book cheap bus tickets from\u00a0Durban to Johannesburg online\",\"breadcrumb\":{\"@id\":\"https:\\\/\\\/tiketi.com\\\/routes\\\/bus\\\/tickets-from-durban-to-johannesburg\\\/#breadcrumb\"},\"inLanguage\":\"fr-FR\",\"potentialAction\":[{\"@type\":\"ReadAction\",\"target\":[\"https:\\\/\\\/tiketi.com\\\/routes\\\/bus\\\/tickets-from-durban-to-johannesburg\\\/\"]}]},{\"@type\":\"ImageObject\",\"inLanguage\":\"fr-FR\",\"@id\":\"https:\\\/\\\/tiketi.com\\\/routes\\\/bus\\\/tickets-from-durban-to-johannesburg\\\/#primaryimage\",\"url\":\"https:\\\/\\\/tiketi.com\\\/wp-content\\\/uploads\\\/2022\\\/01\\\/bus-ticket-online-booking.jpg\",\"contentUrl\":\"https:\\\/\\\/tiketi.com\\\/wp-content\\\/uploads\\\/2022\\\/01\\\/bus-ticket-online-booking.jpg\",\"width\":1200,\"height\":206,\"caption\":\"Online Bus Ticket Booking\"},{\"@type\":\"BreadcrumbList\",\"@id\":\"https:\\\/\\\/tiketi.com\\\/routes\\\/bus\\\/tickets-from-durban-to-johannesburg\\\/#breadcrumb\",\"itemListElement\":[{\"@type\":\"ListItem\",\"position\":1,\"name\":\"Home\",\"item\":\"https:\\\/\\\/tiketi.com\\\/\"},{\"@type\":\"ListItem\",\"position\":2,\"name\":\"Routes\",\"item\":\"https:\\\/\\\/tiketi.com\\\/routes\\\/\"},{\"@type\":\"ListItem\",\"position\":3,\"name\":\"Bus\",\"item\":\"https:\\\/\\\/tiketi.com\\\/routes\\\/bus\\\/\"},{\"@type\":\"ListItem\",\"position\":4,\"name\":\"Bus Tickets from\u00a0Durban to Johannesburg Bus Booking, Fare &#038; Schedule\"}]},{\"@type\":\"WebSite\",\"@id\":\"https:\\\/\\\/tiketi.com\\\/#website\",\"url\":\"https:\\\/\\\/tiketi.com\\\/\",\"name\":\"Flight & Bus Tickets, Tour Packages & Activitites - Tiketi.com\",\"description\":\"Flight &amp; Bus Tickets, Tours, Activitites\",\"publisher\":{\"@id\":\"https:\\\/\\\/tiketi.com\\\/#organization\"},\"potentialAction\":[{\"@type\":\"SearchAction\",\"target\":{\"@type\":\"EntryPoint\",\"urlTemplate\":\"https:\\\/\\\/tiketi.com\\\/?s={search_term_string}\"},\"query-input\":{\"@type\":\"PropertyValueSpecification\",\"valueRequired\":true,\"valueName\":\"search_term_string\"}}],\"inLanguage\":\"fr-FR\"},{\"@type\":\"Organization\",\"@id\":\"https:\\\/\\\/tiketi.com\\\/#organization\",\"name\":\"Tiketi.com\",\"alternateName\":\"Tiketi\",\"url\":\"https:\\\/\\\/tiketi.com\\\/\",\"logo\":{\"@type\":\"ImageObject\",\"inLanguage\":\"fr-FR\",\"@id\":\"https:\\\/\\\/tiketi.com\\\/#\\\/schema\\\/logo\\\/image\\\/\",\"url\":\"https:\\\/\\\/tiketi.com\\\/wp-content\\\/uploads\\\/2019\\\/05\\\/tiketi-logo-696.png\",\"contentUrl\":\"https:\\\/\\\/tiketi.com\\\/wp-content\\\/uploads\\\/2019\\\/05\\\/tiketi-logo-696.png\",\"width\":696,\"height\":696,\"caption\":\"Tiketi.com\"},\"image\":{\"@id\":\"https:\\\/\\\/tiketi.com\\\/#\\\/schema\\\/logo\\\/image\\\/\"},\"sameAs\":[\"https:\\\/\\\/www.facebook.com\\\/TiketiCom\\\/\"]}]}<\/script>\n<!-- \/ Yoast SEO plugin. -->","yoast_head_json":{"title":"Billets de bus de Durban \u00e0 Johannesbourg : r\u00e9servation, tarifs et horaires de bus","description":"Vous recherchez des bus de Durban \u00e0 Johannesbourg, une application de r\u00e9servation de billets de bus, des horaires et des tarifs ? R\u00e9servez vos billets de bus pas chers de Durban \u00e0 Johannesbourg en ligne","robots":{"index":"index","follow":"follow","max-snippet":"max-snippet:-1","max-image-preview":"max-image-preview:large","max-video-preview":"max-video-preview:-1"},"canonical":"https:\/\/tiketi.com\/fr-fr\/routes\/bus\/tickets-from-durban-to-johannesburg\/","og_locale":"fr_FR","og_type":"article","og_title":"Bus Tickets from\u00a0Durban to Johannesburg Bus Booking, Fare & Schedule","og_description":"Looking for bus from Durban to Johannesburg bus ticket booking app, schedule & fare? Book cheap bus tickets from\u00a0Durban to Johannesburg online","og_url":"https:\/\/tiketi.com\/fr-fr\/routes\/bus\/tickets-from-durban-to-johannesburg\/","og_site_name":"Tiketi.com","article_publisher":"https:\/\/www.facebook.com\/TiketiCom\/","article_modified_time":"2022-10-24T10:59:50+00:00","og_image":[{"width":1200,"height":206,"url":"https:\/\/tiketi.com\/wp-content\/uploads\/2022\/01\/bus-ticket-online-booking.jpg","type":"image\/jpeg"}],"twitter_card":"summary_large_image","twitter_misc":{"Dur\u00e9e de lecture estim\u00e9e":"2 minutes"},"schema":{"@context":"https:\/\/schema.org","@graph":[{"@type":"WebPage","@id":"https:\/\/tiketi.com\/routes\/bus\/tickets-from-durban-to-johannesburg\/","url":"https:\/\/tiketi.com\/routes\/bus\/tickets-from-durban-to-johannesburg\/","name":"Billets de bus de Durban \u00e0 Johannesbourg : r\u00e9servation, tarifs et horaires de bus","isPartOf":{"@id":"https:\/\/tiketi.com\/#website"},"primaryImageOfPage":{"@id":"https:\/\/tiketi.com\/routes\/bus\/tickets-from-durban-to-johannesburg\/#primaryimage"},"image":{"@id":"https:\/\/tiketi.com\/routes\/bus\/tickets-from-durban-to-johannesburg\/#primaryimage"},"thumbnailUrl":"https:\/\/tiketi.com\/wp-content\/uploads\/2022\/01\/bus-ticket-online-booking.jpg","datePublished":"2022-01-19T11:55:05+00:00","dateModified":"2022-10-24T10:59:50+00:00","description":"Vous recherchez des bus de Durban \u00e0 Johannesbourg, une application de r\u00e9servation de billets de bus, des horaires et des tarifs ? R\u00e9servez vos billets de bus pas chers de Durban \u00e0 Johannesbourg en ligne","breadcrumb":{"@id":"https:\/\/tiketi.com\/routes\/bus\/tickets-from-durban-to-johannesburg\/#breadcrumb"},"inLanguage":"fr-FR","potentialAction":[{"@type":"ReadAction","target":["https:\/\/tiketi.com\/routes\/bus\/tickets-from-durban-to-johannesburg\/"]}]},{"@type":"ImageObject","inLanguage":"fr-FR","@id":"https:\/\/tiketi.com\/routes\/bus\/tickets-from-durban-to-johannesburg\/#primaryimage","url":"https:\/\/tiketi.com\/wp-content\/uploads\/2022\/01\/bus-ticket-online-booking.jpg","contentUrl":"https:\/\/tiketi.com\/wp-content\/uploads\/2022\/01\/bus-ticket-online-booking.jpg","width":1200,"height":206,"caption":"Online Bus Ticket Booking"},{"@type":"BreadcrumbList","@id":"https:\/\/tiketi.com\/routes\/bus\/tickets-from-durban-to-johannesburg\/#breadcrumb","itemListElement":[{"@type":"ListItem","position":1,"name":"Home","item":"https:\/\/tiketi.com\/"},{"@type":"ListItem","position":2,"name":"Routes","item":"https:\/\/tiketi.com\/routes\/"},{"@type":"ListItem","position":3,"name":"Bus","item":"https:\/\/tiketi.com\/routes\/bus\/"},{"@type":"ListItem","position":4,"name":"Bus Tickets from\u00a0Durban to Johannesburg Bus Booking, Fare &#038; Schedule"}]},{"@type":"WebSite","@id":"https:\/\/tiketi.com\/#website","url":"https:\/\/tiketi.com\/","name":"Billets d&#039;avion et de bus, forfaits touristiques et activit\u00e9s - Tiketi.com","description":"Billets d&#039;avion et de bus, Tours, Activit\u00e9s","publisher":{"@id":"https:\/\/tiketi.com\/#organization"},"potentialAction":[{"@type":"SearchAction","target":{"@type":"EntryPoint","urlTemplate":"https:\/\/tiketi.com\/?s={search_term_string}"},"query-input":{"@type":"PropertyValueSpecification","valueRequired":true,"valueName":"search_term_string"}}],"inLanguage":"fr-FR"},{"@type":"Organization","@id":"https:\/\/tiketi.com\/#organization","name":"Tiketi.com","alternateName":"Tiketi","url":"https:\/\/tiketi.com\/","logo":{"@type":"ImageObject","inLanguage":"fr-FR","@id":"https:\/\/tiketi.com\/#\/schema\/logo\/image\/","url":"https:\/\/tiketi.com\/wp-content\/uploads\/2019\/05\/tiketi-logo-696.png","contentUrl":"https:\/\/tiketi.com\/wp-content\/uploads\/2019\/05\/tiketi-logo-696.png","width":696,"height":696,"caption":"Tiketi.com"},"image":{"@id":"https:\/\/tiketi.com\/#\/schema\/logo\/image\/"},"sameAs":["https:\/\/www.facebook.com\/TiketiCom\/"]}]}},"_links":{"self":[{"href":"https:\/\/tiketi.com\/fr-fr\/wp-json\/wp\/v2\/pages\/11701","targetHints":{"allow":["GET"]}}],"collection":[{"href":"https:\/\/tiketi.com\/fr-fr\/wp-json\/wp\/v2\/pages"}],"about":[{"href":"https:\/\/tiketi.com\/fr-fr\/wp-json\/wp\/v2\/types\/page"}],"author":[{"embeddable":true,"href":"https:\/\/tiketi.com\/fr-fr\/wp-json\/wp\/v2\/users\/1"}],"replies":[{"embeddable":true,"href":"https:\/\/tiketi.com\/fr-fr\/wp-json\/wp\/v2\/comments?post=11701"}],"version-history":[{"count":0,"href":"https:\/\/tiketi.com\/fr-fr\/wp-json\/wp\/v2\/pages\/11701\/revisions"}],"up":[{"embeddable":true,"href":"https:\/\/tiketi.com\/fr-fr\/wp-json\/wp\/v2\/pages\/25566"}],"wp:featuredmedia":[{"embeddable":true,"href":"https:\/\/tiketi.com\/fr-fr\/wp-json\/wp\/v2\/media\/13999"}],"wp:attachment":[{"href":"https:\/\/tiketi.com\/fr-fr\/wp-json\/wp\/v2\/media?parent=11701"}],"curies":[{"name":"wp","href":"https:\/\/api.w.org\/{rel}","templated":true}]}}