{"id":11702,"date":"2022-01-19T12:55:05","date_gmt":"2022-01-19T11:55:05","guid":{"rendered":"https:\/\/new.tiketi.com\/bus-tickets-from-cape-town-to-pretoria-bus-booking-schedule-fare\/"},"modified":"2022-02-01T09:45:42","modified_gmt":"2022-02-01T08:45:42","slug":"cheap-bus-tickets-from-cape-town-to-pretoria","status":"publish","type":"page","link":"https:\/\/tiketi.com\/fr-fr\/cheap-bus-tickets-from-cape-town-to-pretoria\/","title":{"rendered":"Billets de bus de Cape Town \u00e0 Pretoria R\u00e9servation de bus, horaires et tarifs"},"content":{"rendered":"<p>[wbtm-bus-search]<\/p>\n<h2>Cheap Bus from\u00a0Cape Town to Pretoria Online Booking<\/h2>\n<h3>Discover your travel route on web, mobile or app and book cheap bus ticket from Cape Town to Pretoria online now.<\/h3>\n<p>Simply compare and\u00a0do cheap bus tickets from Cape Town to Pretoria bus booking online. Pretoria is a city of diplomats, servants, and trim and little residential district with a big population of Afrikaners. It is also a vital industrial town and an educational and central hub.\u00a0So what are you waiting for, book your cheap bus from Cape Town to Pretoria bus tickets online now.<\/p>\n<h2>Cheap Bus Tickets from\u00a0Cape Town to Pretoria Bus Booking, Routes, Schedules &amp; Fares FAQs<\/h2>\n<h3>Which is the cheap way to get from Cape Town to Pretoria?<\/h3>\n<p>The cheap way to get from Cape Town to Pretoria is to bus through Claremont. Bus Cape Town to Pretoria fare costs $33 and takes 20h and 25m.<\/p>\n<h3>Is there a direct bus Cape Town to Pretoria?<\/h3>\n<p>Yes, there is a direct buses from Cape Town to Pretoria and arriving at Pretoria. Services depart 4 times a day, and operate every day. The journey takes about 18h 55m.<\/p>\n<h3>What is the distance between Cape Town to Pretoria by bus?<\/h3>\n<p>The distance between Pretoria and Cape Town is 1308 km. The road distance Cape Town to Pretoria by bus is 1460km.<\/p>\n<h3>Where do I catch the cheap Cape Town to Pretoria bus?<\/h3>\n<p>Cheap bus tickets from Cape Town to Pretoria, operated by Citiliner, depart from Cape Town station.<\/p>\n<h3>Train, bus from Cape Town to Pretoria?<\/h3>\n<p>The excellent way to get from Cape Town to Pretoria by bus which takes 18h 55m and ticket fare\u00a0from Cape Town to Pretoria bus $30 &#8211; $70. Alternatively, you can train, which costs $210 and 260 \u00a0and takes 26h 40m.<\/p>\n<h2>Bus from Cape Town to Pretoria Tips<\/h2>\n<p><strong>Here are some of the best attractions of Pretoria:<\/strong><\/p>\n<h3>Pretoria National Botanical Garden<\/h3>\n<p>This garden in the city&#8217;s eastern suburbs, is a calm oasis near to the city. The 76-hectare gardens spotlight South African species, with a big number of tree species, as well as many aloes, flowering plants, cycads, and other amazing collections.<\/p>\n<h3>Voortrekker Monument<\/h3>\n<p>High on a hilltop South of the City center, the Voortrekker Monument is a country famous heritage place. It was built in 1949 to commemorate the Voortrekkers, the Boers who pushed northward into unknown area in the mid nineteen century.<\/p>\n<h3>Union Building<\/h3>\n<p>Designed by Sir Herbert Baker in 1913, this amazing range of sandstone buildings mixes English Renaissance, and Cape Dutch styles.<\/p>\n","protected":false},"excerpt":{"rendered":"<p>[wbtm-bus-search] Cheap Bus from\u00a0Cape Town to Pretoria Online Booking Discover your travel route on web, mobile or app and book cheap bus ticket from Cape Town to Pretoria online now. Simply compare and\u00a0do cheap bus tickets from Cape Town to Pretoria bus booking online. Pretoria is a city of diplomats, servants, and trim and little [&hellip;]<\/p>\n","protected":false},"author":1,"featured_media":13999,"parent":0,"menu_order":0,"comment_status":"open","ping_status":"closed","template":"template-home-modern.php","meta":{"footnotes":""},"class_list":["post-11702","page","type-page","status-publish","has-post-thumbnail","hentry"],"yoast_head":"<!-- This site is optimized with the Yoast SEO plugin v27.3 - https:\/\/yoast.com\/product\/yoast-seo-wordpress\/ -->\n<title>Bus Tickets from Cape Town to Pretoria Bus Booking, Schedule &amp; Fare<\/title>\n<meta name=\"description\" content=\"Looking for bus tickets from Cape Town to Pretoria bus booking app, schedules &amp; fares? Book cheap bus from\u00a0Cape Town to Pretoria online now\" \/>\n<meta name=\"robots\" content=\"index, follow, max-snippet:-1, max-image-preview:large, max-video-preview:-1\" \/>\n<link rel=\"canonical\" href=\"https:\/\/tiketi.com\/fr-fr\/cheap-bus-tickets-from-cape-town-to-pretoria\/\" \/>\n<meta property=\"og:locale\" content=\"fr_FR\" \/>\n<meta property=\"og:type\" content=\"article\" \/>\n<meta property=\"og:title\" content=\"Bus Tickets from Cape Town to Pretoria Bus Booking, Schedule &amp; Fare\" \/>\n<meta property=\"og:description\" content=\"Looking for bus tickets from Cape Town to Pretoria bus booking app, schedules &amp; fares? Book cheap bus from\u00a0Cape Town to Pretoria online now\" \/>\n<meta property=\"og:url\" content=\"https:\/\/tiketi.com\/fr-fr\/cheap-bus-tickets-from-cape-town-to-pretoria\/\" \/>\n<meta property=\"og:site_name\" content=\"Tiketi.com\" \/>\n<meta property=\"article:publisher\" content=\"https:\/\/www.facebook.com\/TiketiCom\/\" \/>\n<meta property=\"article:modified_time\" content=\"2022-02-01T08:45:42+00:00\" \/>\n<meta property=\"og:image\" content=\"https:\/\/tiketi.com\/wp-content\/uploads\/2022\/01\/bus-ticket-online-booking.jpg\" \/>\n\t<meta property=\"og:image:width\" content=\"1200\" \/>\n\t<meta property=\"og:image:height\" content=\"206\" \/>\n\t<meta property=\"og:image:type\" content=\"image\/jpeg\" \/>\n<meta name=\"twitter:card\" content=\"summary_large_image\" \/>\n<meta name=\"twitter:label1\" content=\"Dur\u00e9e de lecture estim\u00e9e\" \/>\n\t<meta name=\"twitter:data1\" content=\"2 minutes\" \/>\n<script type=\"application\/ld+json\" class=\"yoast-schema-graph\">{\"@context\":\"https:\\\/\\\/schema.org\",\"@graph\":[{\"@type\":\"WebPage\",\"@id\":\"https:\\\/\\\/tiketi.com\\\/en-gb\\\/cheap-bus-tickets-from-cape-town-to-pretoria\\\/\",\"url\":\"https:\\\/\\\/tiketi.com\\\/en-gb\\\/cheap-bus-tickets-from-cape-town-to-pretoria\\\/\",\"name\":\"Bus Tickets from Cape Town to Pretoria Bus Booking, Schedule & Fare\",\"isPartOf\":{\"@id\":\"https:\\\/\\\/tiketi.com\\\/#website\"},\"primaryImageOfPage\":{\"@id\":\"https:\\\/\\\/tiketi.com\\\/en-gb\\\/cheap-bus-tickets-from-cape-town-to-pretoria\\\/#primaryimage\"},\"image\":{\"@id\":\"https:\\\/\\\/tiketi.com\\\/en-gb\\\/cheap-bus-tickets-from-cape-town-to-pretoria\\\/#primaryimage\"},\"thumbnailUrl\":\"https:\\\/\\\/tiketi.com\\\/wp-content\\\/uploads\\\/2022\\\/01\\\/bus-ticket-online-booking.jpg\",\"datePublished\":\"2022-01-19T11:55:05+00:00\",\"dateModified\":\"2022-02-01T08:45:42+00:00\",\"description\":\"Looking for bus tickets from Cape Town to Pretoria bus booking app, schedules & fares? Book cheap bus from\u00a0Cape Town to Pretoria online now\",\"breadcrumb\":{\"@id\":\"https:\\\/\\\/tiketi.com\\\/en-gb\\\/cheap-bus-tickets-from-cape-town-to-pretoria\\\/#breadcrumb\"},\"inLanguage\":\"fr-FR\",\"potentialAction\":[{\"@type\":\"ReadAction\",\"target\":[\"https:\\\/\\\/tiketi.com\\\/en-gb\\\/cheap-bus-tickets-from-cape-town-to-pretoria\\\/\"]}]},{\"@type\":\"ImageObject\",\"inLanguage\":\"fr-FR\",\"@id\":\"https:\\\/\\\/tiketi.com\\\/en-gb\\\/cheap-bus-tickets-from-cape-town-to-pretoria\\\/#primaryimage\",\"url\":\"https:\\\/\\\/tiketi.com\\\/wp-content\\\/uploads\\\/2022\\\/01\\\/bus-ticket-online-booking.jpg\",\"contentUrl\":\"https:\\\/\\\/tiketi.com\\\/wp-content\\\/uploads\\\/2022\\\/01\\\/bus-ticket-online-booking.jpg\",\"width\":1200,\"height\":206,\"caption\":\"Online Bus Ticket Booking\"},{\"@type\":\"BreadcrumbList\",\"@id\":\"https:\\\/\\\/tiketi.com\\\/en-gb\\\/cheap-bus-tickets-from-cape-town-to-pretoria\\\/#breadcrumb\",\"itemListElement\":[{\"@type\":\"ListItem\",\"position\":1,\"name\":\"Home\",\"item\":\"https:\\\/\\\/tiketi.com\\\/\"},{\"@type\":\"ListItem\",\"position\":2,\"name\":\"Bus Tickets from Cape Town to Pretoria Bus Booking, Schedule &#038; Fare\"}]},{\"@type\":\"WebSite\",\"@id\":\"https:\\\/\\\/tiketi.com\\\/#website\",\"url\":\"https:\\\/\\\/tiketi.com\\\/\",\"name\":\"Flight & Bus Tickets, Tour Packages & Activitites - Tiketi.com\",\"description\":\"Flight &amp; Bus Tickets, Tours, Activitites\",\"publisher\":{\"@id\":\"https:\\\/\\\/tiketi.com\\\/#organization\"},\"potentialAction\":[{\"@type\":\"SearchAction\",\"target\":{\"@type\":\"EntryPoint\",\"urlTemplate\":\"https:\\\/\\\/tiketi.com\\\/?s={search_term_string}\"},\"query-input\":{\"@type\":\"PropertyValueSpecification\",\"valueRequired\":true,\"valueName\":\"search_term_string\"}}],\"inLanguage\":\"fr-FR\"},{\"@type\":\"Organization\",\"@id\":\"https:\\\/\\\/tiketi.com\\\/#organization\",\"name\":\"Tiketi.com\",\"alternateName\":\"Tiketi\",\"url\":\"https:\\\/\\\/tiketi.com\\\/\",\"logo\":{\"@type\":\"ImageObject\",\"inLanguage\":\"fr-FR\",\"@id\":\"https:\\\/\\\/tiketi.com\\\/#\\\/schema\\\/logo\\\/image\\\/\",\"url\":\"https:\\\/\\\/tiketi.com\\\/wp-content\\\/uploads\\\/2019\\\/05\\\/tiketi-logo-696.png\",\"contentUrl\":\"https:\\\/\\\/tiketi.com\\\/wp-content\\\/uploads\\\/2019\\\/05\\\/tiketi-logo-696.png\",\"width\":696,\"height\":696,\"caption\":\"Tiketi.com\"},\"image\":{\"@id\":\"https:\\\/\\\/tiketi.com\\\/#\\\/schema\\\/logo\\\/image\\\/\"},\"sameAs\":[\"https:\\\/\\\/www.facebook.com\\\/TiketiCom\\\/\"]}]}<\/script>\n<!-- \/ Yoast SEO plugin. -->","yoast_head_json":{"title":"Billets de bus de Cape Town \u00e0 Pretoria R\u00e9servation de bus, horaires et tarifs","description":"Vous recherchez des billets de bus de Le Cap \u00e0 Pretoria, l&#039;application de r\u00e9servation de bus, les horaires et les tarifs ? R\u00e9servez en ligne maintenant un bus pas cher de Le Cap \u00e0 Pretoria","robots":{"index":"index","follow":"follow","max-snippet":"max-snippet:-1","max-image-preview":"max-image-preview:large","max-video-preview":"max-video-preview:-1"},"canonical":"https:\/\/tiketi.com\/fr-fr\/cheap-bus-tickets-from-cape-town-to-pretoria\/","og_locale":"fr_FR","og_type":"article","og_title":"Bus Tickets from Cape Town to Pretoria Bus Booking, Schedule & Fare","og_description":"Looking for bus tickets from Cape Town to Pretoria bus booking app, schedules & fares? Book cheap bus from\u00a0Cape Town to Pretoria online now","og_url":"https:\/\/tiketi.com\/fr-fr\/cheap-bus-tickets-from-cape-town-to-pretoria\/","og_site_name":"Tiketi.com","article_publisher":"https:\/\/www.facebook.com\/TiketiCom\/","article_modified_time":"2022-02-01T08:45:42+00:00","og_image":[{"width":1200,"height":206,"url":"https:\/\/tiketi.com\/wp-content\/uploads\/2022\/01\/bus-ticket-online-booking.jpg","type":"image\/jpeg"}],"twitter_card":"summary_large_image","twitter_misc":{"Dur\u00e9e de lecture estim\u00e9e":"2 minutes"},"schema":{"@context":"https:\/\/schema.org","@graph":[{"@type":"WebPage","@id":"https:\/\/tiketi.com\/en-gb\/cheap-bus-tickets-from-cape-town-to-pretoria\/","url":"https:\/\/tiketi.com\/en-gb\/cheap-bus-tickets-from-cape-town-to-pretoria\/","name":"Billets de bus de Cape Town \u00e0 Pretoria R\u00e9servation de bus, horaires et tarifs","isPartOf":{"@id":"https:\/\/tiketi.com\/#website"},"primaryImageOfPage":{"@id":"https:\/\/tiketi.com\/en-gb\/cheap-bus-tickets-from-cape-town-to-pretoria\/#primaryimage"},"image":{"@id":"https:\/\/tiketi.com\/en-gb\/cheap-bus-tickets-from-cape-town-to-pretoria\/#primaryimage"},"thumbnailUrl":"https:\/\/tiketi.com\/wp-content\/uploads\/2022\/01\/bus-ticket-online-booking.jpg","datePublished":"2022-01-19T11:55:05+00:00","dateModified":"2022-02-01T08:45:42+00:00","description":"Vous recherchez des billets de bus de Le Cap \u00e0 Pretoria, l&#039;application de r\u00e9servation de bus, les horaires et les tarifs ? R\u00e9servez en ligne maintenant un bus pas cher de Le Cap \u00e0 Pretoria","breadcrumb":{"@id":"https:\/\/tiketi.com\/en-gb\/cheap-bus-tickets-from-cape-town-to-pretoria\/#breadcrumb"},"inLanguage":"fr-FR","potentialAction":[{"@type":"ReadAction","target":["https:\/\/tiketi.com\/en-gb\/cheap-bus-tickets-from-cape-town-to-pretoria\/"]}]},{"@type":"ImageObject","inLanguage":"fr-FR","@id":"https:\/\/tiketi.com\/en-gb\/cheap-bus-tickets-from-cape-town-to-pretoria\/#primaryimage","url":"https:\/\/tiketi.com\/wp-content\/uploads\/2022\/01\/bus-ticket-online-booking.jpg","contentUrl":"https:\/\/tiketi.com\/wp-content\/uploads\/2022\/01\/bus-ticket-online-booking.jpg","width":1200,"height":206,"caption":"Online Bus Ticket Booking"},{"@type":"BreadcrumbList","@id":"https:\/\/tiketi.com\/en-gb\/cheap-bus-tickets-from-cape-town-to-pretoria\/#breadcrumb","itemListElement":[{"@type":"ListItem","position":1,"name":"Home","item":"https:\/\/tiketi.com\/"},{"@type":"ListItem","position":2,"name":"Bus Tickets from Cape Town to Pretoria Bus Booking, Schedule &#038; Fare"}]},{"@type":"WebSite","@id":"https:\/\/tiketi.com\/#website","url":"https:\/\/tiketi.com\/","name":"Billets d&#039;avion et de bus, forfaits touristiques et activit\u00e9s - Tiketi.com","description":"Billets d&#039;avion et de bus, Tours, Activit\u00e9s","publisher":{"@id":"https:\/\/tiketi.com\/#organization"},"potentialAction":[{"@type":"SearchAction","target":{"@type":"EntryPoint","urlTemplate":"https:\/\/tiketi.com\/?s={search_term_string}"},"query-input":{"@type":"PropertyValueSpecification","valueRequired":true,"valueName":"search_term_string"}}],"inLanguage":"fr-FR"},{"@type":"Organization","@id":"https:\/\/tiketi.com\/#organization","name":"Tiketi.com","alternateName":"Tiketi","url":"https:\/\/tiketi.com\/","logo":{"@type":"ImageObject","inLanguage":"fr-FR","@id":"https:\/\/tiketi.com\/#\/schema\/logo\/image\/","url":"https:\/\/tiketi.com\/wp-content\/uploads\/2019\/05\/tiketi-logo-696.png","contentUrl":"https:\/\/tiketi.com\/wp-content\/uploads\/2019\/05\/tiketi-logo-696.png","width":696,"height":696,"caption":"Tiketi.com"},"image":{"@id":"https:\/\/tiketi.com\/#\/schema\/logo\/image\/"},"sameAs":["https:\/\/www.facebook.com\/TiketiCom\/"]}]}},"_links":{"self":[{"href":"https:\/\/tiketi.com\/fr-fr\/wp-json\/wp\/v2\/pages\/11702","targetHints":{"allow":["GET"]}}],"collection":[{"href":"https:\/\/tiketi.com\/fr-fr\/wp-json\/wp\/v2\/pages"}],"about":[{"href":"https:\/\/tiketi.com\/fr-fr\/wp-json\/wp\/v2\/types\/page"}],"author":[{"embeddable":true,"href":"https:\/\/tiketi.com\/fr-fr\/wp-json\/wp\/v2\/users\/1"}],"replies":[{"embeddable":true,"href":"https:\/\/tiketi.com\/fr-fr\/wp-json\/wp\/v2\/comments?post=11702"}],"version-history":[{"count":0,"href":"https:\/\/tiketi.com\/fr-fr\/wp-json\/wp\/v2\/pages\/11702\/revisions"}],"wp:featuredmedia":[{"embeddable":true,"href":"https:\/\/tiketi.com\/fr-fr\/wp-json\/wp\/v2\/media\/13999"}],"wp:attachment":[{"href":"https:\/\/tiketi.com\/fr-fr\/wp-json\/wp\/v2\/media?parent=11702"}],"curies":[{"name":"wp","href":"https:\/\/api.w.org\/{rel}","templated":true}]}}