{"id":11703,"date":"2022-01-19T12:55:05","date_gmt":"2022-01-19T11:55:05","guid":{"rendered":"https:\/\/new.tiketi.com\/bus-tickets-from-cape-town-to-johannesburg-bus-booking-fare-schedule\/"},"modified":"2022-10-13T11:46:38","modified_gmt":"2022-10-13T10:46:38","slug":"tickets-cape-town-to-johannesburg","status":"publish","type":"page","link":"https:\/\/tiketi.com\/fr-fr\/routes\/bus\/tickets-cape-town-to-johannesburg\/","title":{"rendered":"Billets de bus de Cape Town \u00e0 Johannesburg R\u00e9servation de bus, tarifs et horaires"},"content":{"rendered":"<p>[wbtm-bus-search]<\/p>\n<h2>Cheap Bus from Cape Town to Johannesburg Bus Tickets Online Booking<\/h2>\n<h3>Discover your travel route on web, mobile or app and book cheap bus ticket from Cape Town to Johannesburg online now.<\/h3>\n<p>Compare and do cheap bus tickets from\u00a0Cape Town to Johannesburg bus booking and\u00a0save money and time. Johannesburg is the most biggest and dynamic city in South Africa. It has a lot to provide visitors to pick from and tour around its botanical gardens, mountain trails, nature escape, pulsating wildlife, historical places, and other recreational facilities. In Johannesburg you can further grab a wonderful look at places like bird sanctuary, open-air museum, music activity, village constructions, folk customs, concert hall, and also observe ethnic people joining their culture.\u00a0Go ahead, and grab amazing offers on discounted bus from Cape Town to Johannesburg tickets now.<\/p>\n<h2>Bus Tickets from Cape Town to Johannesburg Bus Booking, Fares, Routes &amp; Schedules FAQs<\/h2>\n<h3>Which is the quickest way to get from Cape Town to Johannesburg?<\/h3>\n<p>The fastest way to get from Cape Town to Johannesburg is to fly and bus from Cape Town to Johannesburg. Cheap bus from Cape Town to Johannesburg bus fare is $30 &#8211; $75 and takes 4h 10m.<\/p>\n<h3>Is there a direct Cape Town to Johannesburg bus service ?<\/h3>\n<p>Yes, there is a direct buses Cape Town to Johannesburg at Johannesburg. Services depart every 4 hours, and operate every day. The bus from Cape Town to Johannesburg trip takes about 17h 55m.<\/p>\n<h3>What is the distance between Cape Town to Johannesburg by bus?<\/h3>\n<p>The distance between Cape Town to Johannesburg by bus is 1260km. The road distance is 1405 km.<\/p>\n<h3>Where do I catch the bus Cape Town to Johannesburg?<\/h3>\n<p>Cheap bus tickets from\u00a0Cape Town to Johannesburg\u00a0service, operated by greyhound bus Cape Town to Johannesburg.<\/p>\n<h3>Fly, train, or bus from Cape Town to Johannesburg?<\/h3>\n<p>The excellent way to get from Cape Town to Johannesburg is to <a href=\"https:\/\/tiketi.com\/flights-cape-town-johannesburg-cpt-jnb\" target=\"_blank\" rel=\"noopener\">fly<\/a> which takes 4h 30m and costs $70 &#8211; $250. Alternatively, you can get bus, prices Cape Town to Johannesburg $30 &#8211; $75 and takes 17h 56m, you could also train, which costs $210 &#8211; $250 and takes 25h 60m.<\/p>\n<h2>Bus from Cape Town to Johannesburg Tips<\/h2>\n<p>Honeydew is one of the most wonderful locations in the city that is set in a natural hilly surrounding. It is placed between Krugerdrop and Randburg, and is home to the Heia Safari Ranch, wherein visitors can spend biggest nights with luxuriously equipped rondavels or in culture-specific Zulu huts.<\/p>\n<p>A vacation to this stunning and dynamic city will permit you to spend standard time with your family. Have a joyful holiday by visiting all the best tourist places in Johannesburg.<\/p>\n","protected":false},"excerpt":{"rendered":"<p>[wbtm-bus-search] Cheap Bus from Cape Town to Johannesburg Bus Tickets Online Booking Discover your travel route on web, mobile or app and book cheap bus ticket from Cape Town to Johannesburg online now. Compare and do cheap bus tickets from\u00a0Cape Town to Johannesburg bus booking and\u00a0save money and time. Johannesburg is the most biggest and [&hellip;]<\/p>\n","protected":false},"author":1,"featured_media":13999,"parent":25566,"menu_order":0,"comment_status":"open","ping_status":"closed","template":"template-home-modern.php","meta":{"footnotes":""},"class_list":["post-11703","page","type-page","status-publish","has-post-thumbnail","hentry"],"yoast_head":"<!-- This site is optimized with the Yoast SEO plugin v27.2 - https:\/\/yoast.com\/product\/yoast-seo-wordpress\/ -->\n<title>Bus Tickets from Cape Town to Johannesburg Bus Booking, Fare &amp; Schedule<\/title>\n<meta name=\"description\" content=\"Looking for bus from Cape Town to Johannesburg bus booking app, schedule &amp; fare? Book cheap bus tickets from Cape Town to Johannesburg online\" \/>\n<meta name=\"robots\" content=\"index, follow, max-snippet:-1, max-image-preview:large, max-video-preview:-1\" \/>\n<link rel=\"canonical\" href=\"https:\/\/tiketi.com\/fr-fr\/routes\/bus\/tickets-cape-town-to-johannesburg\/\" \/>\n<meta property=\"og:locale\" content=\"fr_FR\" \/>\n<meta property=\"og:type\" content=\"article\" \/>\n<meta property=\"og:title\" content=\"Bus Tickets from Cape Town to Johannesburg Bus Booking, Fare &amp; Schedule\" \/>\n<meta property=\"og:description\" content=\"Looking for bus from Cape Town to Johannesburg bus booking app, schedule &amp; fare? Book cheap bus tickets from Cape Town to Johannesburg online\" \/>\n<meta property=\"og:url\" content=\"https:\/\/tiketi.com\/fr-fr\/routes\/bus\/tickets-cape-town-to-johannesburg\/\" \/>\n<meta property=\"og:site_name\" content=\"Tiketi.com\" \/>\n<meta property=\"article:publisher\" content=\"https:\/\/www.facebook.com\/TiketiCom\/\" \/>\n<meta property=\"article:modified_time\" content=\"2022-10-13T10:46:38+00:00\" \/>\n<meta property=\"og:image\" content=\"https:\/\/tiketi.com\/wp-content\/uploads\/2022\/01\/bus-ticket-online-booking.jpg\" \/>\n\t<meta property=\"og:image:width\" content=\"1200\" \/>\n\t<meta property=\"og:image:height\" content=\"206\" \/>\n\t<meta property=\"og:image:type\" content=\"image\/jpeg\" \/>\n<meta name=\"twitter:card\" content=\"summary_large_image\" \/>\n<meta name=\"twitter:label1\" content=\"Dur\u00e9e de lecture estim\u00e9e\" \/>\n\t<meta name=\"twitter:data1\" content=\"2 minutes\" \/>\n<script type=\"application\/ld+json\" class=\"yoast-schema-graph\">{\"@context\":\"https:\/\/schema.org\",\"@graph\":[{\"@type\":\"WebPage\",\"@id\":\"https:\/\/tiketi.com\/en-gb\/routes\/bus\/tickets-cape-town-to-johannesburg\/\",\"url\":\"https:\/\/tiketi.com\/en-gb\/routes\/bus\/tickets-cape-town-to-johannesburg\/\",\"name\":\"Bus Tickets from Cape Town to Johannesburg Bus Booking, Fare & Schedule\",\"isPartOf\":{\"@id\":\"https:\/\/tiketi.com\/#website\"},\"primaryImageOfPage\":{\"@id\":\"https:\/\/tiketi.com\/en-gb\/routes\/bus\/tickets-cape-town-to-johannesburg\/#primaryimage\"},\"image\":{\"@id\":\"https:\/\/tiketi.com\/en-gb\/routes\/bus\/tickets-cape-town-to-johannesburg\/#primaryimage\"},\"thumbnailUrl\":\"https:\/\/tiketi.com\/wp-content\/uploads\/2022\/01\/bus-ticket-online-booking.jpg\",\"datePublished\":\"2022-01-19T11:55:05+00:00\",\"dateModified\":\"2022-10-13T10:46:38+00:00\",\"description\":\"Looking for bus from Cape Town to Johannesburg bus booking app, schedule & fare? Book cheap bus tickets from Cape Town to Johannesburg online\",\"breadcrumb\":{\"@id\":\"https:\/\/tiketi.com\/en-gb\/routes\/bus\/tickets-cape-town-to-johannesburg\/#breadcrumb\"},\"inLanguage\":\"fr-FR\",\"potentialAction\":[{\"@type\":\"ReadAction\",\"target\":[\"https:\/\/tiketi.com\/en-gb\/routes\/bus\/tickets-cape-town-to-johannesburg\/\"]}]},{\"@type\":\"ImageObject\",\"inLanguage\":\"fr-FR\",\"@id\":\"https:\/\/tiketi.com\/en-gb\/routes\/bus\/tickets-cape-town-to-johannesburg\/#primaryimage\",\"url\":\"https:\/\/tiketi.com\/wp-content\/uploads\/2022\/01\/bus-ticket-online-booking.jpg\",\"contentUrl\":\"https:\/\/tiketi.com\/wp-content\/uploads\/2022\/01\/bus-ticket-online-booking.jpg\",\"width\":1200,\"height\":206,\"caption\":\"Online Bus Ticket Booking\"},{\"@type\":\"BreadcrumbList\",\"@id\":\"https:\/\/tiketi.com\/en-gb\/routes\/bus\/tickets-cape-town-to-johannesburg\/#breadcrumb\",\"itemListElement\":[{\"@type\":\"ListItem\",\"position\":1,\"name\":\"Home\",\"item\":\"https:\/\/tiketi.com\/\"},{\"@type\":\"ListItem\",\"position\":2,\"name\":\"Routes\",\"item\":\"https:\/\/tiketi.com\/routes\/\"},{\"@type\":\"ListItem\",\"position\":3,\"name\":\"Bus\",\"item\":\"https:\/\/tiketi.com\/routes\/bus\/\"},{\"@type\":\"ListItem\",\"position\":4,\"name\":\"Bus Tickets from Cape Town to Johannesburg Bus Booking, Fare &#038; Schedule\"}]},{\"@type\":\"WebSite\",\"@id\":\"https:\/\/tiketi.com\/#website\",\"url\":\"https:\/\/tiketi.com\/\",\"name\":\"Flight & Bus Tickets, Tour Packages & Activitites - Tiketi.com\",\"description\":\"Flight &amp; Bus Tickets, Tours, Activitites\",\"publisher\":{\"@id\":\"https:\/\/tiketi.com\/#organization\"},\"potentialAction\":[{\"@type\":\"SearchAction\",\"target\":{\"@type\":\"EntryPoint\",\"urlTemplate\":\"https:\/\/tiketi.com\/?s={search_term_string}\"},\"query-input\":{\"@type\":\"PropertyValueSpecification\",\"valueRequired\":true,\"valueName\":\"search_term_string\"}}],\"inLanguage\":\"fr-FR\"},{\"@type\":\"Organization\",\"@id\":\"https:\/\/tiketi.com\/#organization\",\"name\":\"Tiketi.com\",\"alternateName\":\"Tiketi\",\"url\":\"https:\/\/tiketi.com\/\",\"logo\":{\"@type\":\"ImageObject\",\"inLanguage\":\"fr-FR\",\"@id\":\"https:\/\/tiketi.com\/#\/schema\/logo\/image\/\",\"url\":\"https:\/\/tiketi.com\/wp-content\/uploads\/2019\/05\/tiketi-logo-696.png\",\"contentUrl\":\"https:\/\/tiketi.com\/wp-content\/uploads\/2019\/05\/tiketi-logo-696.png\",\"width\":696,\"height\":696,\"caption\":\"Tiketi.com\"},\"image\":{\"@id\":\"https:\/\/tiketi.com\/#\/schema\/logo\/image\/\"},\"sameAs\":[\"https:\/\/www.facebook.com\/TiketiCom\/\"]}]}<\/script>\n<!-- \/ Yoast SEO plugin. -->","yoast_head_json":{"title":"Billets de bus de Cape Town \u00e0 Johannesburg R\u00e9servation de bus, tarifs et horaires","description":"\u00c0 la recherche d&#039;une application de r\u00e9servation de bus de Cape Town \u00e0 Johannesburg, des horaires et des tarifs\u00a0? R\u00e9servez en ligne des billets de bus \u00e0 bas prix de Le Cap \u00e0 Johannesbourg","robots":{"index":"index","follow":"follow","max-snippet":"max-snippet:-1","max-image-preview":"max-image-preview:large","max-video-preview":"max-video-preview:-1"},"canonical":"https:\/\/tiketi.com\/fr-fr\/routes\/bus\/tickets-cape-town-to-johannesburg\/","og_locale":"fr_FR","og_type":"article","og_title":"Bus Tickets from Cape Town to Johannesburg Bus Booking, Fare & Schedule","og_description":"Looking for bus from Cape Town to Johannesburg bus booking app, schedule & fare? Book cheap bus tickets from Cape Town to Johannesburg online","og_url":"https:\/\/tiketi.com\/fr-fr\/routes\/bus\/tickets-cape-town-to-johannesburg\/","og_site_name":"Tiketi.com","article_publisher":"https:\/\/www.facebook.com\/TiketiCom\/","article_modified_time":"2022-10-13T10:46:38+00:00","og_image":[{"width":1200,"height":206,"url":"https:\/\/tiketi.com\/wp-content\/uploads\/2022\/01\/bus-ticket-online-booking.jpg","type":"image\/jpeg"}],"twitter_card":"summary_large_image","twitter_misc":{"Dur\u00e9e de lecture estim\u00e9e":"2 minutes"},"schema":{"@context":"https:\/\/schema.org","@graph":[{"@type":"WebPage","@id":"https:\/\/tiketi.com\/en-gb\/routes\/bus\/tickets-cape-town-to-johannesburg\/","url":"https:\/\/tiketi.com\/en-gb\/routes\/bus\/tickets-cape-town-to-johannesburg\/","name":"Billets de bus de Cape Town \u00e0 Johannesburg R\u00e9servation de bus, tarifs et horaires","isPartOf":{"@id":"https:\/\/tiketi.com\/#website"},"primaryImageOfPage":{"@id":"https:\/\/tiketi.com\/en-gb\/routes\/bus\/tickets-cape-town-to-johannesburg\/#primaryimage"},"image":{"@id":"https:\/\/tiketi.com\/en-gb\/routes\/bus\/tickets-cape-town-to-johannesburg\/#primaryimage"},"thumbnailUrl":"https:\/\/tiketi.com\/wp-content\/uploads\/2022\/01\/bus-ticket-online-booking.jpg","datePublished":"2022-01-19T11:55:05+00:00","dateModified":"2022-10-13T10:46:38+00:00","description":"\u00c0 la recherche d&#039;une application de r\u00e9servation de bus de Cape Town \u00e0 Johannesburg, des horaires et des tarifs\u00a0? R\u00e9servez en ligne des billets de bus \u00e0 bas prix de Le Cap \u00e0 Johannesbourg","breadcrumb":{"@id":"https:\/\/tiketi.com\/en-gb\/routes\/bus\/tickets-cape-town-to-johannesburg\/#breadcrumb"},"inLanguage":"fr-FR","potentialAction":[{"@type":"ReadAction","target":["https:\/\/tiketi.com\/en-gb\/routes\/bus\/tickets-cape-town-to-johannesburg\/"]}]},{"@type":"ImageObject","inLanguage":"fr-FR","@id":"https:\/\/tiketi.com\/en-gb\/routes\/bus\/tickets-cape-town-to-johannesburg\/#primaryimage","url":"https:\/\/tiketi.com\/wp-content\/uploads\/2022\/01\/bus-ticket-online-booking.jpg","contentUrl":"https:\/\/tiketi.com\/wp-content\/uploads\/2022\/01\/bus-ticket-online-booking.jpg","width":1200,"height":206,"caption":"Online Bus Ticket Booking"},{"@type":"BreadcrumbList","@id":"https:\/\/tiketi.com\/en-gb\/routes\/bus\/tickets-cape-town-to-johannesburg\/#breadcrumb","itemListElement":[{"@type":"ListItem","position":1,"name":"Home","item":"https:\/\/tiketi.com\/"},{"@type":"ListItem","position":2,"name":"Routes","item":"https:\/\/tiketi.com\/routes\/"},{"@type":"ListItem","position":3,"name":"Bus","item":"https:\/\/tiketi.com\/routes\/bus\/"},{"@type":"ListItem","position":4,"name":"Bus Tickets from Cape Town to Johannesburg Bus Booking, Fare &#038; Schedule"}]},{"@type":"WebSite","@id":"https:\/\/tiketi.com\/#website","url":"https:\/\/tiketi.com\/","name":"Billets d&#039;avion et de bus, forfaits touristiques et activit\u00e9s - Tiketi.com","description":"Billets d&#039;avion et de bus, Tours, Activit\u00e9s","publisher":{"@id":"https:\/\/tiketi.com\/#organization"},"potentialAction":[{"@type":"SearchAction","target":{"@type":"EntryPoint","urlTemplate":"https:\/\/tiketi.com\/?s={search_term_string}"},"query-input":{"@type":"PropertyValueSpecification","valueRequired":true,"valueName":"search_term_string"}}],"inLanguage":"fr-FR"},{"@type":"Organization","@id":"https:\/\/tiketi.com\/#organization","name":"Tiketi.com","alternateName":"Tiketi","url":"https:\/\/tiketi.com\/","logo":{"@type":"ImageObject","inLanguage":"fr-FR","@id":"https:\/\/tiketi.com\/#\/schema\/logo\/image\/","url":"https:\/\/tiketi.com\/wp-content\/uploads\/2019\/05\/tiketi-logo-696.png","contentUrl":"https:\/\/tiketi.com\/wp-content\/uploads\/2019\/05\/tiketi-logo-696.png","width":696,"height":696,"caption":"Tiketi.com"},"image":{"@id":"https:\/\/tiketi.com\/#\/schema\/logo\/image\/"},"sameAs":["https:\/\/www.facebook.com\/TiketiCom\/"]}]}},"_links":{"self":[{"href":"https:\/\/tiketi.com\/fr-fr\/wp-json\/wp\/v2\/pages\/11703","targetHints":{"allow":["GET"]}}],"collection":[{"href":"https:\/\/tiketi.com\/fr-fr\/wp-json\/wp\/v2\/pages"}],"about":[{"href":"https:\/\/tiketi.com\/fr-fr\/wp-json\/wp\/v2\/types\/page"}],"author":[{"embeddable":true,"href":"https:\/\/tiketi.com\/fr-fr\/wp-json\/wp\/v2\/users\/1"}],"replies":[{"embeddable":true,"href":"https:\/\/tiketi.com\/fr-fr\/wp-json\/wp\/v2\/comments?post=11703"}],"version-history":[{"count":0,"href":"https:\/\/tiketi.com\/fr-fr\/wp-json\/wp\/v2\/pages\/11703\/revisions"}],"up":[{"embeddable":true,"href":"https:\/\/tiketi.com\/fr-fr\/wp-json\/wp\/v2\/pages\/25566"}],"wp:featuredmedia":[{"embeddable":true,"href":"https:\/\/tiketi.com\/fr-fr\/wp-json\/wp\/v2\/media\/13999"}],"wp:attachment":[{"href":"https:\/\/tiketi.com\/fr-fr\/wp-json\/wp\/v2\/media?parent=11703"}],"curies":[{"name":"wp","href":"https:\/\/api.w.org\/{rel}","templated":true}]}}