{"id":11705,"date":"2022-01-19T12:55:05","date_gmt":"2022-01-19T11:55:05","guid":{"rendered":"https:\/\/new.tiketi.com\/cheap-flights-to-rwanda\/"},"modified":"2022-02-10T16:47:04","modified_gmt":"2022-02-10T15:47:04","slug":"cheap-flights-to-rwanda","status":"publish","type":"page","link":"https:\/\/tiketi.com\/fr-fr\/cheap-flights-to-rwanda\/","title":{"rendered":"Vols pas chers vers Rwanda"},"content":{"rendered":"<h2>\u00c0 la recherche d&#039;un billet d&#039;avion pas cher pour le Rwanda ou d&#039;offres de derni\u00e8re minute ?<\/h2>\n<h3>Recherchez, comparez et r\u00e9servez des vols pas chers pour Rwanda (AUH) en ligne d\u00e8s maintenant.<\/h3>\n<p>R\u00e9servez en ligne des vols pas chers pour le Rwanda et \u00e9conomisez de l&#039;argent sur les billets d&#039;avion. Le Rwanda, le pays des 1 000 collines et des centaines d&#039;attractions est un endroit extraordinaire o\u00f9 des paysages sereins et des gens paisibles vous accueillent \u00e0 chaque instant. Le Rwanda est s\u00fbr et s\u00e9curis\u00e9 avec une grande renaissance de la fiert\u00e9 nationale rwandaise et de la reconstruction culturelle. Il est plein de d\u00e9lices et de curiosit\u00e9s, attendant d&#039;\u00eatre explor\u00e9. Si le Rwanda est sur votre liste de voyage, il n&#039;y a pas d&#039;excellent moment pour partir au Rwanda. En raison de sa petite taille, les attractions du Rwanda sont proches les unes des autres et sont accessibles en toute s\u00e9curit\u00e9 et facilement. Comparez les prix et obtenez les tarifs les plus bas sur les billets d&#039;avion pour Rwanda gr\u00e2ce \u00e0 des offres exceptionnelles sur la r\u00e9servation de billets en ligne de vols Rwanda.<\/p>\n<h2>Voici quelques-unes des meilleures attractions du Rwanda<\/h2>\n<h3>Les montagnes<\/h3>\n<p>Le Rwanda n&#039;est pas surnomm\u00e9 &quot;le pays des 1000 collines&quot; par choix, le pays est tr\u00e8s montagneux, le plus important \u00e9tant la large gamme de volcans dans le nord-ouest du pays. D&#039;autres montagnes contiennent entre autres le Nyiragongo actif et les Montagnes Nyamuragira.<\/p>\n<h3>Les lacs<\/h3>\n<p>Le Rwanda est situ\u00e9 dans la r\u00e9gion des Grands Lacs et poss\u00e8de de nombreux lacs charmants et de nombreux lacs charmants et sereins qui le bordent. Des visiteurs de toute la plan\u00e8te viennent admirer ces lacs sereins du Rwanda. Il y a 5 lacs volcaniques qui se trouvent \u00e0 la fronti\u00e8re du Rwanda et du Congo et ont leurs propres attractions. Les grands lacs rwandais contiennent le lac Kivu, le lac Mugesera, le lac Ruhondo, le lac lhema, le lac Muhazi et le lac Ruhondo. Les lacs du Rwanda offrent des possibilit\u00e9s suffisantes pour la baignade, la glisse sur l&#039;eau, le ski nautique et le cano\u00eb.<\/p>\n<h3>Des plages<\/h3>\n<p>Le Rwanda poss\u00e8de de nombreux lacs charmants et de nombreuses rivi\u00e8res avec de superbes plages. Les plages du Rwanda sont id\u00e9ales pour passer une journ\u00e9e compl\u00e8te de d\u00e9tente, paresser et profiter avec vos amis et votre famille. Consid\u00e9r\u00e9es comme l&#039;un des pays les plus s\u00fbrs d&#039;Afrique, les plages du Rwanda attirent des vacanciers de toute la plan\u00e8te.<\/p>\n<h3>Les parcs nationaux<\/h3>\n<p>Les parcs nationaux du Rwanda sont les attractions touristiques les plus visit\u00e9es pour tous ceux qui voyagent dans ce pays dot\u00e9 de nature. Ils abritent une grande vari\u00e9t\u00e9 d&#039;animaux sauvages, notamment des \u00e9l\u00e9phants g\u00e9ants, des gorilles de montagne, des z\u00e8bres, des cerfs, des impalas, des girafes et des buffles. Certains des plus populaires sont les parcs nationaux de Nyungwe, Akagera et des volcans.<\/p>\n<h2>FAQ sur les vols pas chers vers le Rwanda<\/h2>\n<h3>Quel est le meilleur moment pour r\u00e9server des vols pour le Rwanda ?<\/h3>\n<p>Le prix que vous payez pour vos vols vers Rwanda pas cher peut varier selon la date de r\u00e9servation. Pour avoir la meilleure chance d&#039;obtenir un tarif inf\u00e9rieur, pensez \u00e0 r\u00e9server 33 jours avant votre voyage. Le prix des billets pour le Rwanda est susceptible d&#039;augmenter environ quinze jours avant votre date de d\u00e9part.<\/p>\n<h3>Quel jour est le moins cher pour voyager au Rwanda ?<\/h3>\n<p>Les vols bon march\u00e9 vers le Rwanda se trouvent g\u00e9n\u00e9ralement au d\u00e9part un jeudi. Le jour de d\u00e9part avec le co\u00fbt le plus \u00e9lev\u00e9 actuellement est le vendredi.<\/p>\n<h3>\u00c0 quelle heure de la journ\u00e9e est le moins cher pour prendre l&#039;avion pour Rwanda ?<\/h3>\n<p>Les vols \u00e0 midi sont g\u00e9n\u00e9ralement les meilleurs billets d&#039;avion pour le Rwanda. Les vols du matin sont g\u00e9n\u00e9ralement les plus co\u00fbteux.<\/p>\n<h3>Quelle est la meilleure p\u00e9riode pour visiter le Rwanda ?<\/h3>\n<p>La saison s\u00e8che du pays est c\u00e9l\u00e8bre pour attirer des centaines de visiteurs et d&#039;amateurs de safari de toute la plan\u00e8te. \u00c0 partir de juin et jusqu&#039;\u00e0 fin ao\u00fbt, la saison s\u00e8che offre de nombreuses possibilit\u00e9s d&#039;excursions d&#039;une journ\u00e9e, de randonn\u00e9es et de suivi de la faune. Il y a peu ou pas de pluie et la temp\u00e9rature oscille autour de 26\u00b0C.<\/p>\n<h3>Vols Rwanda par mois<\/h3>\n<p>Actuellement, octobre est le mois le moins cher au cours duquel vous pouvez r\u00e9server un vol pas cher pour le Rwanda. Voler au Rwanda en juillet s&#039;av\u00e9rera le plus cher. Il y a plusieurs raisons qui influencent les offres de vols vers le Rwanda, donc faire correspondre les compagnies a\u00e9riennes, les a\u00e9roports de d\u00e9part et les horaires peut aider \u00e0 r\u00e9duire les co\u00fbts.<\/p>\n<h3>Quelles compagnies a\u00e9riennes desservent le Rwanda<\/h3>\n<p>\u2022 KLM\/Air France<br \/>\n\u2022 Rwanda Air<br \/>\n\u2022 Compagnies a\u00e9riennes \u00e9thiopiennes<br \/>\n\u2022 Kenya Airways<br \/>\n\u2022 British Airways<br \/>\n\u2022 \u00c9mirats<br \/>\n\u2022 Ethihad Airways<br \/>\n\u2022 Compagnies a\u00e9riennes autrichiennes<br \/>\n\u2022 Brussels Airlines<br \/>\n\u2022 Egypt Air<\/p>\n<h3>Quelle est la compagnie a\u00e9rienne pas ch\u00e8re qui dessert le Rwanda ?<\/h3>\n<p>Turkish Airlines est la meilleure compagnie a\u00e9rienne pour les visiteurs voyageant avec un budget limit\u00e9. De toutes les grandes compagnies a\u00e9riennes desservant le Rwanda, c&#039;est la seule \u00e0 proposer des tarifs bon march\u00e9. En moyenne, le co\u00fbt d&#039;un billet aller-retour pour le Rwanda depuis Londres avec Turkish Airlines sera de 369 GBP.<\/p>\n<h3>Quelle est la dur\u00e9e du vol vers le Rwanda ?<\/h3>\n<p>\u2022 Le petit vol entre le Royaume-Uni et le Rwanda ne dure que neuf heures et quarante minutes. Il s&#039;agit d&#039;un vol direct op\u00e9r\u00e9 par RwandaAir au d\u00e9part de Londres Gatwick.<\/p>\n<p>\u2022 Depuis l&#039;a\u00e9roport de Manchester, Brussels Airlines met au moins onze heures et cinquante-cinq minutes pour atteindre sa cible, le Rwanda.<\/p>\n<p>\u2022 La dur\u00e9e minimale du vol de Londres Heathrow au Rwanda est de onze heures et quinze minutes avec Brussels Airlines.<\/p>\n<p>\u2022 Il faut une heure et demie depuis Nairobi pour rejoindre Kigali. Kenya Airways ou Jambojet sont les compagnies a\u00e9riennes exploitantes.<\/p>\n<h2>Se d\u00e9placer au Rwanda<\/h2>\n<p>\u2022 Le Rwanda dispose d&#039;un r\u00e9seau routier bien goudronn\u00e9 reliant les grandes villes, et la meilleure fa\u00e7on de parcourir le pays est en voiture. Les petites routes sont souvent non rev\u00eatues avec des situations variables, en particulier pendant la saison des pluies.<\/p>\n<p>\u2022 Les voyagistes peuvent r\u00e9server un v\u00e9hicule avec chauffeur, ou un certain nombre d&#039;agences louent des v\u00e9hicules et des 4x4.<\/p>\n<p>\u2022 Les taxis op\u00e8rent dans les grandes villes. L&#039;assurance voyage peut ne pas couvrir les taxis-motos, qui sont \u00e9galement g\u00e9n\u00e9raux.<\/p>\n<p>\u2022 Il n&#039;y a pas de services ferroviaires et le type de transport public le plus connu est le minibus partag\u00e9.<\/p>","protected":false},"excerpt":{"rendered":"<p>Looking for cheap airline ticket to Rwanda or last minute deals? Search, compare and book cheap Rwanda flights (AUH) online now. Book cheap flights to Rwanda online and save money on airfare. Rwanda, the land of 1,000 hills and hundreds of attraction is an extraordinary location where serene scenery and peaceful people welcome you at [&hellip;]<\/p>\n","protected":false},"author":1,"featured_media":14041,"parent":0,"menu_order":0,"comment_status":"open","ping_status":"closed","template":"template-home-modern.php","meta":{"footnotes":""},"class_list":["post-11705","page","type-page","status-publish","has-post-thumbnail","hentry"],"yoast_head":"<!-- This site is optimized with the Yoast SEO plugin v27.3 - https:\/\/yoast.com\/product\/yoast-seo-wordpress\/ -->\n<title>Cheap Flights to Rwanda<\/title>\n<meta name=\"description\" content=\"Looking for cheap flights to\u00a0Rwanda? Search, compare and book cheap airline ticket from to\u00a0Rwanda online and save money\" \/>\n<meta name=\"robots\" content=\"index, follow, max-snippet:-1, max-image-preview:large, max-video-preview:-1\" \/>\n<link rel=\"canonical\" href=\"https:\/\/tiketi.com\/fr-fr\/cheap-flights-to-rwanda\/\" \/>\n<meta property=\"og:locale\" content=\"fr_FR\" \/>\n<meta property=\"og:type\" content=\"article\" \/>\n<meta property=\"og:title\" content=\"Cheap Flights to Rwanda\" \/>\n<meta property=\"og:description\" content=\"Looking for cheap flights to\u00a0Rwanda? Search, compare and book cheap airline ticket from to\u00a0Rwanda online and save money\" \/>\n<meta property=\"og:url\" content=\"https:\/\/tiketi.com\/fr-fr\/cheap-flights-to-rwanda\/\" \/>\n<meta property=\"og:site_name\" content=\"Tiketi.com\" \/>\n<meta property=\"article:publisher\" content=\"https:\/\/www.facebook.com\/TiketiCom\/\" \/>\n<meta property=\"article:modified_time\" content=\"2022-02-10T15:47:04+00:00\" \/>\n<meta property=\"og:image\" content=\"https:\/\/tiketi.com\/wp-content\/uploads\/2022\/01\/flight-ticket-booking-sorasak-KxCJXXGsv9I-unsplas.jpg\" \/>\n\t<meta property=\"og:image:width\" content=\"1200\" \/>\n\t<meta property=\"og:image:height\" content=\"240\" \/>\n\t<meta property=\"og:image:type\" content=\"image\/jpeg\" \/>\n<meta name=\"twitter:card\" content=\"summary_large_image\" \/>\n<meta name=\"twitter:label1\" content=\"Dur\u00e9e de lecture estim\u00e9e\" \/>\n\t<meta name=\"twitter:data1\" content=\"4 minutes\" \/>\n<script type=\"application\/ld+json\" class=\"yoast-schema-graph\">{\"@context\":\"https:\\\/\\\/schema.org\",\"@graph\":[{\"@type\":\"WebPage\",\"@id\":\"https:\\\/\\\/tiketi.com\\\/cheap-flights-to-rwanda\\\/\",\"url\":\"https:\\\/\\\/tiketi.com\\\/cheap-flights-to-rwanda\\\/\",\"name\":\"Cheap Flights to Rwanda\",\"isPartOf\":{\"@id\":\"https:\\\/\\\/tiketi.com\\\/#website\"},\"primaryImageOfPage\":{\"@id\":\"https:\\\/\\\/tiketi.com\\\/cheap-flights-to-rwanda\\\/#primaryimage\"},\"image\":{\"@id\":\"https:\\\/\\\/tiketi.com\\\/cheap-flights-to-rwanda\\\/#primaryimage\"},\"thumbnailUrl\":\"https:\\\/\\\/tiketi.com\\\/wp-content\\\/uploads\\\/2022\\\/01\\\/flight-ticket-booking-sorasak-KxCJXXGsv9I-unsplas.jpg\",\"datePublished\":\"2022-01-19T11:55:05+00:00\",\"dateModified\":\"2022-02-10T15:47:04+00:00\",\"description\":\"Looking for cheap flights to\u00a0Rwanda? Search, compare and book cheap airline ticket from to\u00a0Rwanda online and save money\",\"breadcrumb\":{\"@id\":\"https:\\\/\\\/tiketi.com\\\/cheap-flights-to-rwanda\\\/#breadcrumb\"},\"inLanguage\":\"fr-FR\",\"potentialAction\":[{\"@type\":\"ReadAction\",\"target\":[\"https:\\\/\\\/tiketi.com\\\/cheap-flights-to-rwanda\\\/\"]}]},{\"@type\":\"ImageObject\",\"inLanguage\":\"fr-FR\",\"@id\":\"https:\\\/\\\/tiketi.com\\\/cheap-flights-to-rwanda\\\/#primaryimage\",\"url\":\"https:\\\/\\\/tiketi.com\\\/wp-content\\\/uploads\\\/2022\\\/01\\\/flight-ticket-booking-sorasak-KxCJXXGsv9I-unsplas.jpg\",\"contentUrl\":\"https:\\\/\\\/tiketi.com\\\/wp-content\\\/uploads\\\/2022\\\/01\\\/flight-ticket-booking-sorasak-KxCJXXGsv9I-unsplas.jpg\",\"width\":1200,\"height\":240,\"caption\":\"Online flight ticket booking\"},{\"@type\":\"BreadcrumbList\",\"@id\":\"https:\\\/\\\/tiketi.com\\\/cheap-flights-to-rwanda\\\/#breadcrumb\",\"itemListElement\":[{\"@type\":\"ListItem\",\"position\":1,\"name\":\"Home\",\"item\":\"https:\\\/\\\/tiketi.com\\\/\"},{\"@type\":\"ListItem\",\"position\":2,\"name\":\"Cheap Flights to Rwanda\"}]},{\"@type\":\"WebSite\",\"@id\":\"https:\\\/\\\/tiketi.com\\\/#website\",\"url\":\"https:\\\/\\\/tiketi.com\\\/\",\"name\":\"Flight & Bus Tickets, Tour Packages & Activitites - Tiketi.com\",\"description\":\"Flight &amp; Bus Tickets, Tours, Activitites\",\"publisher\":{\"@id\":\"https:\\\/\\\/tiketi.com\\\/#organization\"},\"potentialAction\":[{\"@type\":\"SearchAction\",\"target\":{\"@type\":\"EntryPoint\",\"urlTemplate\":\"https:\\\/\\\/tiketi.com\\\/?s={search_term_string}\"},\"query-input\":{\"@type\":\"PropertyValueSpecification\",\"valueRequired\":true,\"valueName\":\"search_term_string\"}}],\"inLanguage\":\"fr-FR\"},{\"@type\":\"Organization\",\"@id\":\"https:\\\/\\\/tiketi.com\\\/#organization\",\"name\":\"Tiketi.com\",\"alternateName\":\"Tiketi\",\"url\":\"https:\\\/\\\/tiketi.com\\\/\",\"logo\":{\"@type\":\"ImageObject\",\"inLanguage\":\"fr-FR\",\"@id\":\"https:\\\/\\\/tiketi.com\\\/#\\\/schema\\\/logo\\\/image\\\/\",\"url\":\"https:\\\/\\\/tiketi.com\\\/wp-content\\\/uploads\\\/2019\\\/05\\\/tiketi-logo-696.png\",\"contentUrl\":\"https:\\\/\\\/tiketi.com\\\/wp-content\\\/uploads\\\/2019\\\/05\\\/tiketi-logo-696.png\",\"width\":696,\"height\":696,\"caption\":\"Tiketi.com\"},\"image\":{\"@id\":\"https:\\\/\\\/tiketi.com\\\/#\\\/schema\\\/logo\\\/image\\\/\"},\"sameAs\":[\"https:\\\/\\\/www.facebook.com\\\/TiketiCom\\\/\"]}]}<\/script>\n<!-- \/ Yoast SEO plugin. -->","yoast_head_json":{"title":"Vols pas chers vers Rwanda","description":"Vous cherchez des vols pas chers pour le Rwanda ? Recherchez, comparez et r\u00e9servez en ligne un billet d&#039;avion pas cher de vers Rwanda et \u00e9conomisez de l&#039;argent","robots":{"index":"index","follow":"follow","max-snippet":"max-snippet:-1","max-image-preview":"max-image-preview:large","max-video-preview":"max-video-preview:-1"},"canonical":"https:\/\/tiketi.com\/fr-fr\/cheap-flights-to-rwanda\/","og_locale":"fr_FR","og_type":"article","og_title":"Cheap Flights to Rwanda","og_description":"Looking for cheap flights to\u00a0Rwanda? Search, compare and book cheap airline ticket from to\u00a0Rwanda online and save money","og_url":"https:\/\/tiketi.com\/fr-fr\/cheap-flights-to-rwanda\/","og_site_name":"Tiketi.com","article_publisher":"https:\/\/www.facebook.com\/TiketiCom\/","article_modified_time":"2022-02-10T15:47:04+00:00","og_image":[{"width":1200,"height":240,"url":"https:\/\/tiketi.com\/wp-content\/uploads\/2022\/01\/flight-ticket-booking-sorasak-KxCJXXGsv9I-unsplas.jpg","type":"image\/jpeg"}],"twitter_card":"summary_large_image","twitter_misc":{"Dur\u00e9e de lecture estim\u00e9e":"4 minutes"},"schema":{"@context":"https:\/\/schema.org","@graph":[{"@type":"WebPage","@id":"https:\/\/tiketi.com\/cheap-flights-to-rwanda\/","url":"https:\/\/tiketi.com\/cheap-flights-to-rwanda\/","name":"Vols pas chers vers Rwanda","isPartOf":{"@id":"https:\/\/tiketi.com\/#website"},"primaryImageOfPage":{"@id":"https:\/\/tiketi.com\/cheap-flights-to-rwanda\/#primaryimage"},"image":{"@id":"https:\/\/tiketi.com\/cheap-flights-to-rwanda\/#primaryimage"},"thumbnailUrl":"https:\/\/tiketi.com\/wp-content\/uploads\/2022\/01\/flight-ticket-booking-sorasak-KxCJXXGsv9I-unsplas.jpg","datePublished":"2022-01-19T11:55:05+00:00","dateModified":"2022-02-10T15:47:04+00:00","description":"Vous cherchez des vols pas chers pour le Rwanda ? Recherchez, comparez et r\u00e9servez en ligne un billet d&#039;avion pas cher de vers Rwanda et \u00e9conomisez de l&#039;argent","breadcrumb":{"@id":"https:\/\/tiketi.com\/cheap-flights-to-rwanda\/#breadcrumb"},"inLanguage":"fr-FR","potentialAction":[{"@type":"ReadAction","target":["https:\/\/tiketi.com\/cheap-flights-to-rwanda\/"]}]},{"@type":"ImageObject","inLanguage":"fr-FR","@id":"https:\/\/tiketi.com\/cheap-flights-to-rwanda\/#primaryimage","url":"https:\/\/tiketi.com\/wp-content\/uploads\/2022\/01\/flight-ticket-booking-sorasak-KxCJXXGsv9I-unsplas.jpg","contentUrl":"https:\/\/tiketi.com\/wp-content\/uploads\/2022\/01\/flight-ticket-booking-sorasak-KxCJXXGsv9I-unsplas.jpg","width":1200,"height":240,"caption":"Online flight ticket booking"},{"@type":"BreadcrumbList","@id":"https:\/\/tiketi.com\/cheap-flights-to-rwanda\/#breadcrumb","itemListElement":[{"@type":"ListItem","position":1,"name":"Home","item":"https:\/\/tiketi.com\/"},{"@type":"ListItem","position":2,"name":"Cheap Flights to Rwanda"}]},{"@type":"WebSite","@id":"https:\/\/tiketi.com\/#website","url":"https:\/\/tiketi.com\/","name":"Billets d&#039;avion et de bus, forfaits touristiques et activit\u00e9s - Tiketi.com","description":"Billets d&#039;avion et de bus, Tours, Activit\u00e9s","publisher":{"@id":"https:\/\/tiketi.com\/#organization"},"potentialAction":[{"@type":"SearchAction","target":{"@type":"EntryPoint","urlTemplate":"https:\/\/tiketi.com\/?s={search_term_string}"},"query-input":{"@type":"PropertyValueSpecification","valueRequired":true,"valueName":"search_term_string"}}],"inLanguage":"fr-FR"},{"@type":"Organization","@id":"https:\/\/tiketi.com\/#organization","name":"Tiketi.com","alternateName":"Tiketi","url":"https:\/\/tiketi.com\/","logo":{"@type":"ImageObject","inLanguage":"fr-FR","@id":"https:\/\/tiketi.com\/#\/schema\/logo\/image\/","url":"https:\/\/tiketi.com\/wp-content\/uploads\/2019\/05\/tiketi-logo-696.png","contentUrl":"https:\/\/tiketi.com\/wp-content\/uploads\/2019\/05\/tiketi-logo-696.png","width":696,"height":696,"caption":"Tiketi.com"},"image":{"@id":"https:\/\/tiketi.com\/#\/schema\/logo\/image\/"},"sameAs":["https:\/\/www.facebook.com\/TiketiCom\/"]}]}},"_links":{"self":[{"href":"https:\/\/tiketi.com\/fr-fr\/wp-json\/wp\/v2\/pages\/11705","targetHints":{"allow":["GET"]}}],"collection":[{"href":"https:\/\/tiketi.com\/fr-fr\/wp-json\/wp\/v2\/pages"}],"about":[{"href":"https:\/\/tiketi.com\/fr-fr\/wp-json\/wp\/v2\/types\/page"}],"author":[{"embeddable":true,"href":"https:\/\/tiketi.com\/fr-fr\/wp-json\/wp\/v2\/users\/1"}],"replies":[{"embeddable":true,"href":"https:\/\/tiketi.com\/fr-fr\/wp-json\/wp\/v2\/comments?post=11705"}],"version-history":[{"count":0,"href":"https:\/\/tiketi.com\/fr-fr\/wp-json\/wp\/v2\/pages\/11705\/revisions"}],"wp:featuredmedia":[{"embeddable":true,"href":"https:\/\/tiketi.com\/fr-fr\/wp-json\/wp\/v2\/media\/14041"}],"wp:attachment":[{"href":"https:\/\/tiketi.com\/fr-fr\/wp-json\/wp\/v2\/media?parent=11705"}],"curies":[{"name":"wp","href":"https:\/\/api.w.org\/{rel}","templated":true}]}}