{"id":11706,"date":"2022-01-19T12:55:05","date_gmt":"2022-01-19T11:55:05","guid":{"rendered":"https:\/\/new.tiketi.com\/cheap-flights-from-mauritius-to-reunion\/"},"modified":"2022-02-09T11:36:39","modified_gmt":"2022-02-09T10:36:39","slug":"flights-mauritius-reunion-mru-run","status":"publish","type":"page","link":"https:\/\/tiketi.com\/fr-fr\/flights-mauritius-reunion-mru-run\/","title":{"rendered":"Vols \u00e0 bas prix de Maurice \u00e0 La R\u00e9union"},"content":{"rendered":"<h2>Vous recherchez un billet d&#039;avion pas cher de Maurice vers La R\u00e9union ou des offres de derni\u00e8re minute ?<\/h2>\n<h3>Recherchez, comparez et r\u00e9servez un billet d&#039;avion pas cher entre Ile Maurice (MRU) et R\u00e9union (RUN)<span style=\"font-size: 16px;\">\u00a0<\/span>maintenant en ligne.<\/h3>\n<p>R\u00e9servez en ligne des vols \u00e0 bas prix de Maurice pour La R\u00e9union et \u00e9conomisez de l&#039;argent sur les billets d&#039;avion. L&#039;\u00eele de la R\u00e9union est une \u00eele volcanique vieille de 3 millions d&#039;ann\u00e9es situ\u00e9e dans l&#039;oc\u00e9an Indien. L&#039;UNESCO classe pr\u00e8s de la moiti\u00e9 de la superficie totale de l&#039;\u00eele de La R\u00e9union au patrimoine mondial devrait rapidement attirer l&#039;int\u00e9r\u00eat de tout voyageur averti. Comparez les prix et obtenez les tarifs les plus bas sur les billets d&#039;avion de Ile Maurice \u00e0 R\u00e9union gr\u00e2ce \u00e0 des offres exceptionnelles sur la r\u00e9servation de billets en ligne de vols Ile Maurice \u00e0 R\u00e9union.<\/p>\n<h2>Voici quelques-unes des meilleures attractions de l&#039;\u00eele de la R\u00e9union :<\/h2>\n<h3>Le Piton de La Fournaise<\/h3>\n<p>Le Piton de La Fournaise est plus ou moins le lieu de p\u00e8lerinage des \u00eeles de la R\u00e9union car des tonnes de personnes visitent r\u00e9guli\u00e8rement l&#039;\u00eele pour explorer cette attraction remarquable de l&#039;oc\u00e9an Indien. Le Piton de La Fournaise est l&#039;un des volcans les plus dynamiques de la terre et peut \u00eatre visit\u00e9 en ULM ou en h\u00e9licopt\u00e8re, mais la meilleure fa\u00e7on de le d\u00e9couvrir est la voie difficile, le trekking !<\/p>\n<h3>Trou de Fer<\/h3>\n<p>C&#039;est l&#039;un des plus beaux canyons \u00e0 sous de la plan\u00e8te, ador\u00e9 avec d&#039;innombrables cascades en plus du ruisseau Bras de Caverne, avec des chutes de 725 m de haut.<\/p>\n<h3>Cilaos<\/h3>\n<p>Cilaos est une caldeira avec de magnifiques paysages spectaculaires. Son pic embl\u00e9matique, le Piton des Neiges, qui domine la commune \u00e0 environ 3070 m\u00e8tres d&#039;altitude, est le paradis des randonneurs. Cilaos est \u00e9galement populaire pour ses remarquables canyons et cascades qui accueillent des activit\u00e9s sportives extr\u00eames comme l&#039;escalade et le canyoing.<\/p>\n<h2>FAQ sur les vols pas chers de Maurice \u00e0 La R\u00e9union<\/h2>\n<h3>Quelle est la distance de La R\u00e9union \u00e0 Maurice ?<\/h3>\n<p>La distance de Maurice \u00e0 la R\u00e9union est de 230 kilom\u00e8tres.<\/p>\n<h3>Combien de temps dure le vol Maurice-R\u00e9union le moins cher ?<\/h3>\n<p>La dur\u00e9e moyenne d&#039;un vol Maurice-R\u00e9union est de quarante-six minutes.<\/p>\n<h3>Quelle est la fr\u00e9quence des vols directs Maurice-R\u00e9union ?<\/h3>\n<p>Il y a cinquante-cinq vols Maurice-R\u00e9union directs.<\/p>\n<h3>Quelles sont les compagnies a\u00e9riennes de Maurice les plus c\u00e9l\u00e8bres pour les vols directs de Maurice vers La R\u00e9union ?<\/h3>\n<p>Air Mauritius propose cinquante-cinq pour cent des vols sans escale entre St-Denis et Maurice.<\/p>\n<h3>Le meilleur moment pour r\u00e9server un billet d&#039;avion pas cher de Maurice \u00e0 La R\u00e9union.<\/h3>\n<p>G\u00e9n\u00e9ralement, le meilleur moment pour r\u00e9server un billet d&#039;avion de Maurice \u00e0 La R\u00e9union est de 2 mois \u00e0 l&#039;avance. Et le jour le moins cher pour voler est le mercredi, le mardi et le samedi. Le dimanche est le plus cher.<\/p>\n<h2>Conseils sur les vols de Maurice \u00e0 La R\u00e9union<\/h2>\n<p>\u2022 Les destinations urbaines les plus c\u00e9l\u00e8bres de la R\u00e9union sont St Pierre de la R\u00e9union, Saint-Denis, Les Aviorns.<\/p>\n<p>\u2022 Le vol le plus rapide de Maurice \u00e0 La R\u00e9union avec une dur\u00e9e moyenne de vol de 45m.<\/p>","protected":false},"excerpt":{"rendered":"<p>Looking for cheap airline ticket from Mauritius to Reunion\u00a0or last minute deals? Search, compare and book cheap airline ticket from Mauritius (MRU) to Reunion (RUN)\u00a0online now. Book cheap flights from Mauritius to Reunion online and save money on airfare. Reunion Island is a 3 million-year old volcanic island placed in the Indian Ocean. UNESCO classifies [&hellip;]<\/p>\n","protected":false},"author":1,"featured_media":14041,"parent":0,"menu_order":0,"comment_status":"open","ping_status":"closed","template":"template-home-modern.php","meta":{"footnotes":""},"class_list":["post-11706","page","type-page","status-publish","has-post-thumbnail","hentry"],"yoast_head":"<!-- This site is optimized with the Yoast SEO plugin v27.5 - https:\/\/yoast.com\/product\/yoast-seo-wordpress\/ -->\n<title>Cheap Flights from Mauritius to Reunion<\/title>\n<meta name=\"description\" content=\"Looking for cheap flights from Mauritius to Reunion? Search, compare and book cheap airline ticket from Mauritius to Reunion online\" \/>\n<meta name=\"robots\" content=\"index, follow, max-snippet:-1, max-image-preview:large, max-video-preview:-1\" \/>\n<link rel=\"canonical\" href=\"https:\/\/tiketi.com\/fr-fr\/flights-mauritius-reunion-mru-run\/\" \/>\n<meta property=\"og:locale\" content=\"fr_FR\" \/>\n<meta property=\"og:type\" content=\"article\" \/>\n<meta property=\"og:title\" content=\"Cheap Flights from Mauritius to Reunion\" \/>\n<meta property=\"og:description\" content=\"Looking for cheap flights from Mauritius to Reunion? Search, compare and book cheap airline ticket from Mauritius to Reunion online\" \/>\n<meta property=\"og:url\" content=\"https:\/\/tiketi.com\/fr-fr\/flights-mauritius-reunion-mru-run\/\" \/>\n<meta property=\"og:site_name\" content=\"Tiketi.com\" \/>\n<meta property=\"article:publisher\" content=\"https:\/\/www.facebook.com\/TiketiCom\/\" \/>\n<meta property=\"article:modified_time\" content=\"2022-02-09T10:36:39+00:00\" \/>\n<meta property=\"og:image\" content=\"https:\/\/tiketi.com\/wp-content\/uploads\/2022\/01\/flight-ticket-booking-sorasak-KxCJXXGsv9I-unsplas.jpg\" \/>\n\t<meta property=\"og:image:width\" content=\"1200\" \/>\n\t<meta property=\"og:image:height\" content=\"240\" \/>\n\t<meta property=\"og:image:type\" content=\"image\/jpeg\" \/>\n<meta name=\"twitter:card\" content=\"summary_large_image\" \/>\n<meta name=\"twitter:label1\" content=\"Dur\u00e9e de lecture estim\u00e9e\" \/>\n\t<meta name=\"twitter:data1\" content=\"2 minutes\" \/>\n<script type=\"application\/ld+json\" class=\"yoast-schema-graph\">{\"@context\":\"https:\\\/\\\/schema.org\",\"@graph\":[{\"@type\":\"WebPage\",\"@id\":\"https:\\\/\\\/tiketi.com\\\/fr-fr\\\/flights-mauritius-reunion-mru-run\\\/\",\"url\":\"https:\\\/\\\/tiketi.com\\\/fr-fr\\\/flights-mauritius-reunion-mru-run\\\/\",\"name\":\"Cheap Flights from Mauritius to Reunion\",\"isPartOf\":{\"@id\":\"https:\\\/\\\/tiketi.com\\\/#website\"},\"primaryImageOfPage\":{\"@id\":\"https:\\\/\\\/tiketi.com\\\/fr-fr\\\/flights-mauritius-reunion-mru-run\\\/#primaryimage\"},\"image\":{\"@id\":\"https:\\\/\\\/tiketi.com\\\/fr-fr\\\/flights-mauritius-reunion-mru-run\\\/#primaryimage\"},\"thumbnailUrl\":\"https:\\\/\\\/tiketi.com\\\/wp-content\\\/uploads\\\/2022\\\/01\\\/flight-ticket-booking-sorasak-KxCJXXGsv9I-unsplas.jpg\",\"datePublished\":\"2022-01-19T11:55:05+00:00\",\"dateModified\":\"2022-02-09T10:36:39+00:00\",\"description\":\"Looking for cheap flights from Mauritius to Reunion? Search, compare and book cheap airline ticket from Mauritius to Reunion online\",\"breadcrumb\":{\"@id\":\"https:\\\/\\\/tiketi.com\\\/fr-fr\\\/flights-mauritius-reunion-mru-run\\\/#breadcrumb\"},\"inLanguage\":\"fr-FR\",\"potentialAction\":[{\"@type\":\"ReadAction\",\"target\":[\"https:\\\/\\\/tiketi.com\\\/fr-fr\\\/flights-mauritius-reunion-mru-run\\\/\"]}]},{\"@type\":\"ImageObject\",\"inLanguage\":\"fr-FR\",\"@id\":\"https:\\\/\\\/tiketi.com\\\/fr-fr\\\/flights-mauritius-reunion-mru-run\\\/#primaryimage\",\"url\":\"https:\\\/\\\/tiketi.com\\\/wp-content\\\/uploads\\\/2022\\\/01\\\/flight-ticket-booking-sorasak-KxCJXXGsv9I-unsplas.jpg\",\"contentUrl\":\"https:\\\/\\\/tiketi.com\\\/wp-content\\\/uploads\\\/2022\\\/01\\\/flight-ticket-booking-sorasak-KxCJXXGsv9I-unsplas.jpg\",\"width\":1200,\"height\":240,\"caption\":\"Online flight ticket booking\"},{\"@type\":\"BreadcrumbList\",\"@id\":\"https:\\\/\\\/tiketi.com\\\/fr-fr\\\/flights-mauritius-reunion-mru-run\\\/#breadcrumb\",\"itemListElement\":[{\"@type\":\"ListItem\",\"position\":1,\"name\":\"Home\",\"item\":\"https:\\\/\\\/tiketi.com\\\/\"},{\"@type\":\"ListItem\",\"position\":2,\"name\":\"Cheap Flights from Mauritius to Reunion\"}]},{\"@type\":\"WebSite\",\"@id\":\"https:\\\/\\\/tiketi.com\\\/#website\",\"url\":\"https:\\\/\\\/tiketi.com\\\/\",\"name\":\"Flight & Bus Tickets, Tour Packages & Activitites - Tiketi.com\",\"description\":\"Flight &amp; Bus Tickets, Tours, Activitites\",\"publisher\":{\"@id\":\"https:\\\/\\\/tiketi.com\\\/#organization\"},\"potentialAction\":[{\"@type\":\"SearchAction\",\"target\":{\"@type\":\"EntryPoint\",\"urlTemplate\":\"https:\\\/\\\/tiketi.com\\\/?s={search_term_string}\"},\"query-input\":{\"@type\":\"PropertyValueSpecification\",\"valueRequired\":true,\"valueName\":\"search_term_string\"}}],\"inLanguage\":\"fr-FR\"},{\"@type\":\"Organization\",\"@id\":\"https:\\\/\\\/tiketi.com\\\/#organization\",\"name\":\"Tiketi.com\",\"alternateName\":\"Tiketi\",\"url\":\"https:\\\/\\\/tiketi.com\\\/\",\"logo\":{\"@type\":\"ImageObject\",\"inLanguage\":\"fr-FR\",\"@id\":\"https:\\\/\\\/tiketi.com\\\/#\\\/schema\\\/logo\\\/image\\\/\",\"url\":\"https:\\\/\\\/tiketi.com\\\/wp-content\\\/uploads\\\/2019\\\/05\\\/tiketi-logo-696.png\",\"contentUrl\":\"https:\\\/\\\/tiketi.com\\\/wp-content\\\/uploads\\\/2019\\\/05\\\/tiketi-logo-696.png\",\"width\":696,\"height\":696,\"caption\":\"Tiketi.com\"},\"image\":{\"@id\":\"https:\\\/\\\/tiketi.com\\\/#\\\/schema\\\/logo\\\/image\\\/\"},\"sameAs\":[\"https:\\\/\\\/www.facebook.com\\\/TiketiCom\\\/\"]}]}<\/script>\n<!-- \/ Yoast SEO plugin. -->","yoast_head_json":{"title":"Vols \u00e0 bas prix de Maurice \u00e0 La R\u00e9union","description":"Vous recherchez des vols \u00e0 bas prix de Ile Maurice \u00e0 La R\u00e9union ? Recherchez, comparez et r\u00e9servez en ligne un billet d&#039;avion pas cher de Ile Maurice \u00e0 R\u00e9union","robots":{"index":"index","follow":"follow","max-snippet":"max-snippet:-1","max-image-preview":"max-image-preview:large","max-video-preview":"max-video-preview:-1"},"canonical":"https:\/\/tiketi.com\/fr-fr\/flights-mauritius-reunion-mru-run\/","og_locale":"fr_FR","og_type":"article","og_title":"Cheap Flights from Mauritius to Reunion","og_description":"Looking for cheap flights from Mauritius to Reunion? Search, compare and book cheap airline ticket from Mauritius to Reunion online","og_url":"https:\/\/tiketi.com\/fr-fr\/flights-mauritius-reunion-mru-run\/","og_site_name":"Tiketi.com","article_publisher":"https:\/\/www.facebook.com\/TiketiCom\/","article_modified_time":"2022-02-09T10:36:39+00:00","og_image":[{"width":1200,"height":240,"url":"https:\/\/tiketi.com\/wp-content\/uploads\/2022\/01\/flight-ticket-booking-sorasak-KxCJXXGsv9I-unsplas.jpg","type":"image\/jpeg"}],"twitter_card":"summary_large_image","twitter_misc":{"Dur\u00e9e de lecture estim\u00e9e":"2 minutes"},"schema":{"@context":"https:\/\/schema.org","@graph":[{"@type":"WebPage","@id":"https:\/\/tiketi.com\/fr-fr\/flights-mauritius-reunion-mru-run\/","url":"https:\/\/tiketi.com\/fr-fr\/flights-mauritius-reunion-mru-run\/","name":"Vols \u00e0 bas prix de Maurice \u00e0 La R\u00e9union","isPartOf":{"@id":"https:\/\/tiketi.com\/#website"},"primaryImageOfPage":{"@id":"https:\/\/tiketi.com\/fr-fr\/flights-mauritius-reunion-mru-run\/#primaryimage"},"image":{"@id":"https:\/\/tiketi.com\/fr-fr\/flights-mauritius-reunion-mru-run\/#primaryimage"},"thumbnailUrl":"https:\/\/tiketi.com\/wp-content\/uploads\/2022\/01\/flight-ticket-booking-sorasak-KxCJXXGsv9I-unsplas.jpg","datePublished":"2022-01-19T11:55:05+00:00","dateModified":"2022-02-09T10:36:39+00:00","description":"Vous recherchez des vols \u00e0 bas prix de Ile Maurice \u00e0 La R\u00e9union ? Recherchez, comparez et r\u00e9servez en ligne un billet d&#039;avion pas cher de Ile Maurice \u00e0 R\u00e9union","breadcrumb":{"@id":"https:\/\/tiketi.com\/fr-fr\/flights-mauritius-reunion-mru-run\/#breadcrumb"},"inLanguage":"fr-FR","potentialAction":[{"@type":"ReadAction","target":["https:\/\/tiketi.com\/fr-fr\/flights-mauritius-reunion-mru-run\/"]}]},{"@type":"ImageObject","inLanguage":"fr-FR","@id":"https:\/\/tiketi.com\/fr-fr\/flights-mauritius-reunion-mru-run\/#primaryimage","url":"https:\/\/tiketi.com\/wp-content\/uploads\/2022\/01\/flight-ticket-booking-sorasak-KxCJXXGsv9I-unsplas.jpg","contentUrl":"https:\/\/tiketi.com\/wp-content\/uploads\/2022\/01\/flight-ticket-booking-sorasak-KxCJXXGsv9I-unsplas.jpg","width":1200,"height":240,"caption":"Online flight ticket booking"},{"@type":"BreadcrumbList","@id":"https:\/\/tiketi.com\/fr-fr\/flights-mauritius-reunion-mru-run\/#breadcrumb","itemListElement":[{"@type":"ListItem","position":1,"name":"Home","item":"https:\/\/tiketi.com\/"},{"@type":"ListItem","position":2,"name":"Cheap Flights from Mauritius to Reunion"}]},{"@type":"WebSite","@id":"https:\/\/tiketi.com\/#website","url":"https:\/\/tiketi.com\/","name":"Billets d&#039;avion et de bus, forfaits touristiques et activit\u00e9s - Tiketi.com","description":"Billets d&#039;avion et de bus, Tours, Activit\u00e9s","publisher":{"@id":"https:\/\/tiketi.com\/#organization"},"potentialAction":[{"@type":"SearchAction","target":{"@type":"EntryPoint","urlTemplate":"https:\/\/tiketi.com\/?s={search_term_string}"},"query-input":{"@type":"PropertyValueSpecification","valueRequired":true,"valueName":"search_term_string"}}],"inLanguage":"fr-FR"},{"@type":"Organization","@id":"https:\/\/tiketi.com\/#organization","name":"Tiketi.com","alternateName":"Tiketi","url":"https:\/\/tiketi.com\/","logo":{"@type":"ImageObject","inLanguage":"fr-FR","@id":"https:\/\/tiketi.com\/#\/schema\/logo\/image\/","url":"https:\/\/tiketi.com\/wp-content\/uploads\/2019\/05\/tiketi-logo-696.png","contentUrl":"https:\/\/tiketi.com\/wp-content\/uploads\/2019\/05\/tiketi-logo-696.png","width":696,"height":696,"caption":"Tiketi.com"},"image":{"@id":"https:\/\/tiketi.com\/#\/schema\/logo\/image\/"},"sameAs":["https:\/\/www.facebook.com\/TiketiCom\/"]}]}},"_links":{"self":[{"href":"https:\/\/tiketi.com\/fr-fr\/wp-json\/wp\/v2\/pages\/11706","targetHints":{"allow":["GET"]}}],"collection":[{"href":"https:\/\/tiketi.com\/fr-fr\/wp-json\/wp\/v2\/pages"}],"about":[{"href":"https:\/\/tiketi.com\/fr-fr\/wp-json\/wp\/v2\/types\/page"}],"author":[{"embeddable":true,"href":"https:\/\/tiketi.com\/fr-fr\/wp-json\/wp\/v2\/users\/1"}],"replies":[{"embeddable":true,"href":"https:\/\/tiketi.com\/fr-fr\/wp-json\/wp\/v2\/comments?post=11706"}],"version-history":[{"count":0,"href":"https:\/\/tiketi.com\/fr-fr\/wp-json\/wp\/v2\/pages\/11706\/revisions"}],"wp:featuredmedia":[{"embeddable":true,"href":"https:\/\/tiketi.com\/fr-fr\/wp-json\/wp\/v2\/media\/14041"}],"wp:attachment":[{"href":"https:\/\/tiketi.com\/fr-fr\/wp-json\/wp\/v2\/media?parent=11706"}],"curies":[{"name":"wp","href":"https:\/\/api.w.org\/{rel}","templated":true}]}}