{"id":11707,"date":"2022-01-19T12:55:05","date_gmt":"2022-01-19T11:55:05","guid":{"rendered":"https:\/\/new.tiketi.com\/cheap-flights-from-entebbe-to-nairobi\/"},"modified":"2022-02-08T11:49:36","modified_gmt":"2022-02-08T10:49:36","slug":"flights-entebbe-nairobi-ebb-nbo","status":"publish","type":"page","link":"https:\/\/tiketi.com\/fr-fr\/flights-entebbe-nairobi-ebb-nbo\/","title":{"rendered":"Vols pas chers Entebbe - Nairobi"},"content":{"rendered":"<h2>Vous cherchez un billet d&#039;avion pas cher \u00e0 partir de Entebbe pour Nairobi ou des offres de derni\u00e8re minute ?<\/h2>\n<h3>Recherchez, comparez et r\u00e9servez d\u00e8s maintenant un billet d&#039;avion pas cher de Entebbe (EBB) \u00e0 Nairobi (NBO).<\/h3>\n<p>R\u00e9servez des vols pas chers de Entebbe \u00e0 Nairobi en ligne avec Tiketi.com pour b\u00e9n\u00e9ficier des meilleures offres. Nairobi est la capitale du Kenya. C&#039;est une ville anim\u00e9e avec une forte population et de nombreux lieux de visite. Le parc national de Nairobi est l&#039;attraction la plus grande et la plus populaire, situ\u00e9e \u00e0 environ 7 kilom\u00e8tres de la ville. Visitez Nairobi gr\u00e2ce \u00e0 des offres exceptionnelles sur les billets d&#039;avion de Entebbe \u00e0 Nairobi et volez des vols de Entebbe \u00e0 Nairobi \u00e0 bas prix.<\/p>\n<h2>Voici quelques-unes des meilleures attractions de Nairobi<\/h2>\n<h3>Mus\u00e9e ferroviaire<\/h3>\n<p>Le mus\u00e9e ferroviaire vous ram\u00e8ne aux gens de l&#039;histoire d&#039;il y a plus d&#039;un si\u00e8cle. Dans ce mus\u00e9e, des expositions de nombreuses machines \u00e0 vapeur et locomotives utilis\u00e9es pendant la p\u00e9riode coloniale le long du chemin de fer Kenya-Ouganda sont encore conserv\u00e9es. Le mus\u00e9e Karen Brixen est un autre meilleur endroit de Nairobi avec une culture riche.<\/p>\n<h3>Parc aux serpents<\/h3>\n<p>Le Snake Park est un autre lieu touristique populaire. Ici, vous aurez l&#039;occasion d&#039;observer les serpents les plus mortels et les plus venimeux dans des cages d&#039;herbe. Si vous n&#039;avez pas peur des serpents, vous pouvez toujours observer davantage d&#039;animaux gard\u00e9s en profondeur et \u00e0 d\u00e9couvert. Vous aurez \u00e9galement l\u2019occasion d\u2019observer des esp\u00e8ces rares de crocodiles que l\u2019on ne trouve nulle part ailleurs qu\u2019en Afrique.<\/p>\n<h3>Parc Uhuru<\/h3>\n<p>Le parc Uhuru est un parc public situ\u00e9 au centre de la ville. Uhuru est un mot swahili qui signifie libert\u00e9 et c&#039;est le parc o\u00f9 se tiennent les discours publics et les rassemblements. Certains monuments de la libert\u00e9 du Kenya sont encore bien conserv\u00e9s.<\/p>\n<h2>FAQ sur les vols pas chers de Entebbe \u00e0 Nairobi<\/h2>\n<h3>Quelle est la distance entre Nairobi et Entebbe ?<\/h3>\n<p>La distance entre le taxi a\u00e9rien d\u2019Entebbe et Nairobi est de 519 kilom\u00e8tres.<\/p>\n<h3>Quelle est la dur\u00e9e du vol d&#039;Entebbe \u00e0 Nairobi ?<\/h3>\n<p>La dur\u00e9e moyenne d&#039;un vol en taxi a\u00e9rien d&#039;Entebbe \u00e0 Nairobi est d&#039;une heure et onze minutes.<\/p>\n<h3>Quelle est la fr\u00e9quence des vols directs Entebbe-Nairobi ?<\/h3>\n<p>Il existe soixante vols directs d\u2019Entebbe \u00e0 Nairobi.<\/p>\n<h3>Quelles sont les compagnies a\u00e9riennes les plus connues d&#039;Entebbe pour les vols d&#039;Entebbe \u00e0 Nairobi ?<\/h3>\n<p>Kenya Airways propose soixante pour cent des vols sans escale de Nairobi au d\u00e9part d&#039;Entebbe.<\/p>\n<h3>Quel est le jour le moins cher pour r\u00e9server un billet d&#039;avion de Entebbe \u00e0 Nairobi ?<\/h3>\n<p>Le jour le moins cher pour r\u00e9server un billet d&#039;avion d&#039;Entebbe \u00e0 Nairobi est le dimanche.<\/p>\n<h2>Conseils pour les vols d\u2019Entebbe \u00e0 Nairobi<\/h2>\n<p>\u2022 Kenya Airways propose le plus grand nombre de vols sans escale entre Nairobi et Entebbe.<\/p>\n<p>\u2022 Addis-Abeba, \u00c9thiopie \u2013 Bole est la liaison la plus c\u00e9l\u00e8bre pour les vols \u00e0 escale entre Nairobi et Entebbe.<\/p>","protected":false},"excerpt":{"rendered":"<p>Looking for cheap airline ticket from Entebbe to Nairobi&nbsp;or last minute deals? Search, compare and book cheap airline ticket from Entebbe (EBB) to Nairobi (NBO) online now. Book cheap flights from Entebbe to Nairobi online with Tiketi.com for the best deals. Nairobi is the Kenya capital city. It is a busy town with a high [&hellip;]<\/p>\n","protected":false},"author":1,"featured_media":17853,"parent":0,"menu_order":0,"comment_status":"open","ping_status":"closed","template":"template-home-modern.php","meta":{"footnotes":""},"class_list":["post-11707","page","type-page","status-publish","has-post-thumbnail","hentry"],"yoast_head":"<!-- This site is optimized with the Yoast SEO plugin v27.2 - https:\/\/yoast.com\/product\/yoast-seo-wordpress\/ -->\n<title>Cheap Flights from Entebbe to Nairobi<\/title>\n<meta name=\"description\" content=\"Looking for cheap flights from\u00a0Entebbe to Nairobi? Search, compare and book cheap airline ticket from Entebbe to Nairobi online\" \/>\n<meta name=\"robots\" content=\"index, follow, max-snippet:-1, max-image-preview:large, max-video-preview:-1\" \/>\n<link rel=\"canonical\" href=\"https:\/\/tiketi.com\/fr-fr\/flights-entebbe-nairobi-ebb-nbo\/\" \/>\n<meta property=\"og:locale\" content=\"fr_FR\" \/>\n<meta property=\"og:type\" content=\"article\" \/>\n<meta property=\"og:title\" content=\"Cheap Flights from Entebbe to Nairobi\" \/>\n<meta property=\"og:description\" content=\"Looking for cheap flights from\u00a0Entebbe to Nairobi? Search, compare and book cheap airline ticket from Entebbe to Nairobi online\" \/>\n<meta property=\"og:url\" content=\"https:\/\/tiketi.com\/fr-fr\/flights-entebbe-nairobi-ebb-nbo\/\" \/>\n<meta property=\"og:site_name\" content=\"Tiketi.com\" \/>\n<meta property=\"article:publisher\" content=\"https:\/\/www.facebook.com\/TiketiCom\/\" \/>\n<meta property=\"article:modified_time\" content=\"2022-02-08T10:49:36+00:00\" \/>\n<meta property=\"og:image\" content=\"https:\/\/tiketi.com\/wp-content\/uploads\/2019\/05\/nairobi-city-3143632_1280.jpg\" \/>\n\t<meta property=\"og:image:width\" content=\"1200\" \/>\n\t<meta property=\"og:image:height\" content=\"202\" \/>\n\t<meta property=\"og:image:type\" content=\"image\/jpeg\" \/>\n<meta name=\"twitter:card\" content=\"summary_large_image\" \/>\n<meta name=\"twitter:label1\" content=\"Dur\u00e9e de lecture estim\u00e9e\" \/>\n\t<meta name=\"twitter:data1\" content=\"2 minutes\" \/>\n<script type=\"application\/ld+json\" class=\"yoast-schema-graph\">{\"@context\":\"https:\/\/schema.org\",\"@graph\":[{\"@type\":\"WebPage\",\"@id\":\"https:\/\/tiketi.com\/flights-entebbe-nairobi-ebb-nbo\/\",\"url\":\"https:\/\/tiketi.com\/flights-entebbe-nairobi-ebb-nbo\/\",\"name\":\"Cheap Flights from Entebbe to Nairobi\",\"isPartOf\":{\"@id\":\"https:\/\/tiketi.com\/#website\"},\"primaryImageOfPage\":{\"@id\":\"https:\/\/tiketi.com\/flights-entebbe-nairobi-ebb-nbo\/#primaryimage\"},\"image\":{\"@id\":\"https:\/\/tiketi.com\/flights-entebbe-nairobi-ebb-nbo\/#primaryimage\"},\"thumbnailUrl\":\"https:\/\/tiketi.com\/wp-content\/uploads\/2019\/05\/nairobi-city-3143632_1280.jpg\",\"datePublished\":\"2022-01-19T11:55:05+00:00\",\"dateModified\":\"2022-02-08T10:49:36+00:00\",\"description\":\"Looking for cheap flights from\u00a0Entebbe to Nairobi? Search, compare and book cheap airline ticket from Entebbe to Nairobi online\",\"breadcrumb\":{\"@id\":\"https:\/\/tiketi.com\/flights-entebbe-nairobi-ebb-nbo\/#breadcrumb\"},\"inLanguage\":\"fr-FR\",\"potentialAction\":[{\"@type\":\"ReadAction\",\"target\":[\"https:\/\/tiketi.com\/flights-entebbe-nairobi-ebb-nbo\/\"]}]},{\"@type\":\"ImageObject\",\"inLanguage\":\"fr-FR\",\"@id\":\"https:\/\/tiketi.com\/flights-entebbe-nairobi-ebb-nbo\/#primaryimage\",\"url\":\"https:\/\/tiketi.com\/wp-content\/uploads\/2019\/05\/nairobi-city-3143632_1280.jpg\",\"contentUrl\":\"https:\/\/tiketi.com\/wp-content\/uploads\/2019\/05\/nairobi-city-3143632_1280.jpg\",\"width\":1200,\"height\":202,\"caption\":\"Air Taxi in Nairobi\"},{\"@type\":\"BreadcrumbList\",\"@id\":\"https:\/\/tiketi.com\/flights-entebbe-nairobi-ebb-nbo\/#breadcrumb\",\"itemListElement\":[{\"@type\":\"ListItem\",\"position\":1,\"name\":\"Home\",\"item\":\"https:\/\/tiketi.com\/\"},{\"@type\":\"ListItem\",\"position\":2,\"name\":\"Cheap Flights from Entebbe to Nairobi\"}]},{\"@type\":\"WebSite\",\"@id\":\"https:\/\/tiketi.com\/#website\",\"url\":\"https:\/\/tiketi.com\/\",\"name\":\"Flight & Bus Tickets, Tour Packages & Activitites - Tiketi.com\",\"description\":\"Flight &amp; Bus Tickets, Tours, Activitites\",\"publisher\":{\"@id\":\"https:\/\/tiketi.com\/#organization\"},\"potentialAction\":[{\"@type\":\"SearchAction\",\"target\":{\"@type\":\"EntryPoint\",\"urlTemplate\":\"https:\/\/tiketi.com\/?s={search_term_string}\"},\"query-input\":{\"@type\":\"PropertyValueSpecification\",\"valueRequired\":true,\"valueName\":\"search_term_string\"}}],\"inLanguage\":\"fr-FR\"},{\"@type\":\"Organization\",\"@id\":\"https:\/\/tiketi.com\/#organization\",\"name\":\"Tiketi.com\",\"alternateName\":\"Tiketi\",\"url\":\"https:\/\/tiketi.com\/\",\"logo\":{\"@type\":\"ImageObject\",\"inLanguage\":\"fr-FR\",\"@id\":\"https:\/\/tiketi.com\/#\/schema\/logo\/image\/\",\"url\":\"https:\/\/tiketi.com\/wp-content\/uploads\/2019\/05\/tiketi-logo-696.png\",\"contentUrl\":\"https:\/\/tiketi.com\/wp-content\/uploads\/2019\/05\/tiketi-logo-696.png\",\"width\":696,\"height\":696,\"caption\":\"Tiketi.com\"},\"image\":{\"@id\":\"https:\/\/tiketi.com\/#\/schema\/logo\/image\/\"},\"sameAs\":[\"https:\/\/www.facebook.com\/TiketiCom\/\"]}]}<\/script>\n<!-- \/ Yoast SEO plugin. -->","yoast_head_json":{"title":"Vols pas chers Entebbe - Nairobi","description":"Vous recherchez des vols \u00e0 bas prix au Entebbe vers Nairobi? Recherchez, comparez et r\u00e9servez un billet d&#039;avion pas cher de Entebbe \u00e0 Nairobi en ligne","robots":{"index":"index","follow":"follow","max-snippet":"max-snippet:-1","max-image-preview":"max-image-preview:large","max-video-preview":"max-video-preview:-1"},"canonical":"https:\/\/tiketi.com\/fr-fr\/flights-entebbe-nairobi-ebb-nbo\/","og_locale":"fr_FR","og_type":"article","og_title":"Cheap Flights from Entebbe to Nairobi","og_description":"Looking for cheap flights from\u00a0Entebbe to Nairobi? Search, compare and book cheap airline ticket from Entebbe to Nairobi online","og_url":"https:\/\/tiketi.com\/fr-fr\/flights-entebbe-nairobi-ebb-nbo\/","og_site_name":"Tiketi.com","article_publisher":"https:\/\/www.facebook.com\/TiketiCom\/","article_modified_time":"2022-02-08T10:49:36+00:00","og_image":[{"width":1200,"height":202,"url":"https:\/\/tiketi.com\/wp-content\/uploads\/2019\/05\/nairobi-city-3143632_1280.jpg","type":"image\/jpeg"}],"twitter_card":"summary_large_image","twitter_misc":{"Dur\u00e9e de lecture estim\u00e9e":"2 minutes"},"schema":{"@context":"https:\/\/schema.org","@graph":[{"@type":"WebPage","@id":"https:\/\/tiketi.com\/flights-entebbe-nairobi-ebb-nbo\/","url":"https:\/\/tiketi.com\/flights-entebbe-nairobi-ebb-nbo\/","name":"Vols pas chers Entebbe - Nairobi","isPartOf":{"@id":"https:\/\/tiketi.com\/#website"},"primaryImageOfPage":{"@id":"https:\/\/tiketi.com\/flights-entebbe-nairobi-ebb-nbo\/#primaryimage"},"image":{"@id":"https:\/\/tiketi.com\/flights-entebbe-nairobi-ebb-nbo\/#primaryimage"},"thumbnailUrl":"https:\/\/tiketi.com\/wp-content\/uploads\/2019\/05\/nairobi-city-3143632_1280.jpg","datePublished":"2022-01-19T11:55:05+00:00","dateModified":"2022-02-08T10:49:36+00:00","description":"Vous recherchez des vols \u00e0 bas prix au Entebbe vers Nairobi? Recherchez, comparez et r\u00e9servez un billet d&#039;avion pas cher de Entebbe \u00e0 Nairobi en ligne","breadcrumb":{"@id":"https:\/\/tiketi.com\/flights-entebbe-nairobi-ebb-nbo\/#breadcrumb"},"inLanguage":"fr-FR","potentialAction":[{"@type":"ReadAction","target":["https:\/\/tiketi.com\/flights-entebbe-nairobi-ebb-nbo\/"]}]},{"@type":"ImageObject","inLanguage":"fr-FR","@id":"https:\/\/tiketi.com\/flights-entebbe-nairobi-ebb-nbo\/#primaryimage","url":"https:\/\/tiketi.com\/wp-content\/uploads\/2019\/05\/nairobi-city-3143632_1280.jpg","contentUrl":"https:\/\/tiketi.com\/wp-content\/uploads\/2019\/05\/nairobi-city-3143632_1280.jpg","width":1200,"height":202,"caption":"Air Taxi in Nairobi"},{"@type":"BreadcrumbList","@id":"https:\/\/tiketi.com\/flights-entebbe-nairobi-ebb-nbo\/#breadcrumb","itemListElement":[{"@type":"ListItem","position":1,"name":"Home","item":"https:\/\/tiketi.com\/"},{"@type":"ListItem","position":2,"name":"Cheap Flights from Entebbe to Nairobi"}]},{"@type":"WebSite","@id":"https:\/\/tiketi.com\/#website","url":"https:\/\/tiketi.com\/","name":"Billets d&#039;avion et de bus, forfaits touristiques et activit\u00e9s - Tiketi.com","description":"Billets d&#039;avion et de bus, Tours, Activit\u00e9s","publisher":{"@id":"https:\/\/tiketi.com\/#organization"},"potentialAction":[{"@type":"SearchAction","target":{"@type":"EntryPoint","urlTemplate":"https:\/\/tiketi.com\/?s={search_term_string}"},"query-input":{"@type":"PropertyValueSpecification","valueRequired":true,"valueName":"search_term_string"}}],"inLanguage":"fr-FR"},{"@type":"Organization","@id":"https:\/\/tiketi.com\/#organization","name":"Tiketi.com","alternateName":"Tiketi","url":"https:\/\/tiketi.com\/","logo":{"@type":"ImageObject","inLanguage":"fr-FR","@id":"https:\/\/tiketi.com\/#\/schema\/logo\/image\/","url":"https:\/\/tiketi.com\/wp-content\/uploads\/2019\/05\/tiketi-logo-696.png","contentUrl":"https:\/\/tiketi.com\/wp-content\/uploads\/2019\/05\/tiketi-logo-696.png","width":696,"height":696,"caption":"Tiketi.com"},"image":{"@id":"https:\/\/tiketi.com\/#\/schema\/logo\/image\/"},"sameAs":["https:\/\/www.facebook.com\/TiketiCom\/"]}]}},"_links":{"self":[{"href":"https:\/\/tiketi.com\/fr-fr\/wp-json\/wp\/v2\/pages\/11707","targetHints":{"allow":["GET"]}}],"collection":[{"href":"https:\/\/tiketi.com\/fr-fr\/wp-json\/wp\/v2\/pages"}],"about":[{"href":"https:\/\/tiketi.com\/fr-fr\/wp-json\/wp\/v2\/types\/page"}],"author":[{"embeddable":true,"href":"https:\/\/tiketi.com\/fr-fr\/wp-json\/wp\/v2\/users\/1"}],"replies":[{"embeddable":true,"href":"https:\/\/tiketi.com\/fr-fr\/wp-json\/wp\/v2\/comments?post=11707"}],"version-history":[{"count":0,"href":"https:\/\/tiketi.com\/fr-fr\/wp-json\/wp\/v2\/pages\/11707\/revisions"}],"wp:featuredmedia":[{"embeddable":true,"href":"https:\/\/tiketi.com\/fr-fr\/wp-json\/wp\/v2\/media\/17853"}],"wp:attachment":[{"href":"https:\/\/tiketi.com\/fr-fr\/wp-json\/wp\/v2\/media?parent=11707"}],"curies":[{"name":"wp","href":"https:\/\/api.w.org\/{rel}","templated":true}]}}