{"id":11710,"date":"2022-01-19T12:55:07","date_gmt":"2022-01-19T11:55:07","guid":{"rendered":"https:\/\/new.tiketi.com\/cheap-flights-from-johannesburg-to-maputo\/"},"modified":"2022-02-08T15:04:22","modified_gmt":"2022-02-08T14:04:22","slug":"flights-johannesburg-maputo-jnb-mpm","status":"publish","type":"page","link":"https:\/\/tiketi.com\/fr-fr\/flights-johannesburg-maputo-jnb-mpm\/","title":{"rendered":"Vols pas chers de Johannesbourg \u00e0 Maputo"},"content":{"rendered":"<h2>Vous cherchez un billet d&#039;avion pas cher \u00e0 partir de Johannesbourg pour Maputo ou des offres de derni\u00e8re minute ?<\/h2>\n<h3>Recherchez, comparez et r\u00e9servez d\u00e8s maintenant un billet d&#039;avion pas cher de Johannesbourg (JNB) \u00e0 Maputo (MPM).<\/h3>\n<p>R\u00e9servez des vols pas chers de Johannesbourg \u00e0 Maputo en ligne et \u00e9conomisez de l&#039;argent sur les billets d&#039;avion. La capitale du Mozambique, Maputo, n&#039;a cess\u00e9 de se d\u00e9barrasser de sa vie urbaine pauvre pour \u00e9merger comme un centre de confiance et de dynamisme. Parall\u00e8lement \u00e0 l&#039;architecture portugaise historique, des r\u00e9novations modernis\u00e9es d&#039;h\u00f4tels et de gratte-ciel, s\u00e9par\u00e9s par la vieille ville et le centre-ville, contribuent \u00e0 offrir aux visiteurs des options plus abondantes en mati\u00e8re de tourisme et de loisirs. Visitez Maputo gr\u00e2ce \u00e0 des offres exceptionnelles sur les billets d&#039;avion de Johannesburg \u00e0 Maputo et volez des vols de Johannesburg \u00e0 Maputo pas chers.<\/p>\n<h2>Voici quelques-unes des meilleures attractions de Maputo<\/h2>\n<h3>March\u00e9 municipal<\/h3>\n<p>La premi\u00e8re chose qui vous frappe lorsque vous entrez dans le Mercado Municipal est le centre passionnant des couleurs \u2013 partout ! Des capulanas port\u00e9es par les femmes \u00e0 la large gamme de produits expos\u00e9s : \u00e9pices, l\u00e9gumes, paniers, tous parfaitement dispos\u00e9s, pr\u00eats \u00e0 attirer votre attention.<\/p>\n<h3>Mesquita de la Baixa<\/h3>\n<p>Il s&#039;agit de la mosqu\u00e9e la plus ancienne et la plus grande de Maputo et constitue un merveilleux exemple de conception architecturale arabe et portugaise avec ses formes g\u00e9om\u00e9triques en pierre sur le mur avant qui se d\u00e9tachent avec fiert\u00e9. Situ\u00e9e dans la vieille ville, elle a \u00e9t\u00e9 construite \u00e0 la fin du XIXe si\u00e8cle et la mosqu\u00e9e et ses six minarets ont \u00e9t\u00e9 r\u00e9cemment restaur\u00e9s.<\/p>\n<h3>Nucleo de Arte<\/h3>\n<p>Espace d&#039;art d&#039;artistes, Nucleo de Arte est un m\u00e9lange d&#039;\u0153uvres d&#039;art collectives, permanentes et individuelles via des ateliers et des expositions qui peuvent \u00eatre \u00e0 la fois vues et acquises.<\/p>\n<h2>FAQ sur les vols pas chers de Johannesbourg \u00e0 Maputo<\/h2>\n<h3>Quelle est la distance entre Maputo et Johannesbourg ?<\/h3>\n<p>La distance entre Johannesbourg et Maputo en avion est de 431 kilom\u00e8tres.<\/p>\n<h3>Quelle est la dur\u00e9e du vol Maputo au d\u00e9part de Johannesbourg ?<\/h3>\n<p>La dur\u00e9e moyenne d&#039;un vol de Johannesburg \u00e0 Maputo est d&#039;une heure et trois minutes.<\/p>\n<h3>Quelle est la fr\u00e9quence des vols directs de Johannesbourg \u00e0 Maputo ?<\/h3>\n<p>Il existe trente-trois vols directs de Johannesburg \u00e0 Maputo.<\/p>\n<h3>Quelles sont les compagnies a\u00e9riennes les plus connues de Johannesbourg pour des vols de Johannesbourg \u00e0 Maputo ?<\/h3>\n<p>South African Airways propose 63 % des vols sans escale entre Maputo et Johannesburg.<\/p>\n<h3>En moyenne, combien de vols par jour d\u00e9collent de Johannesbourg \u00e0 Maputo ?<\/h3>\n<p>\u2022 Vingt-deux vols au d\u00e9part de Johannesburg vers Maputo Intl par jour en moyenne.<\/p>\n<p>\u2022 Matin \u2013 trente-six pour cent des d\u00e9parts de vols<\/p>\n<p>\u2022 Apr\u00e8s-midi \u2013 trente-six pour cent des d\u00e9parts de vols<\/p>\n<p>\u2022 Soir \u2013 cinquante-cinq pour cent des d\u00e9parts de vols<\/p>","protected":false},"excerpt":{"rendered":"<p>Looking for cheap airline ticket from Johannesburg to Maputo\u00a0or last minute deals? Search, compare and book cheap airline ticket from Johannesburg (JNB) to Maputo (MPM) online now. Book cheap flights from Johannesburg to Maputo online and save money on airfare. The Mozambique capital, Maputo, has continually been shaking off its impoverished city life to emerge [&hellip;]<\/p>\n","protected":false},"author":1,"featured_media":14041,"parent":0,"menu_order":0,"comment_status":"open","ping_status":"closed","template":"template-home-modern.php","meta":{"footnotes":""},"class_list":["post-11710","page","type-page","status-publish","has-post-thumbnail","hentry"],"yoast_head":"<!-- This site is optimized with the Yoast SEO plugin v27.3 - https:\/\/yoast.com\/product\/yoast-seo-wordpress\/ -->\n<title>Cheap Flights from Johannesburg to Maputo<\/title>\n<meta name=\"description\" content=\"Looking for cheap flights from\u00a0Johannesburg to Maputo? Search, compare and book cheap airline ticket from Johannesburg to Maputo online\" \/>\n<meta name=\"robots\" content=\"index, follow, max-snippet:-1, max-image-preview:large, max-video-preview:-1\" \/>\n<link rel=\"canonical\" href=\"https:\/\/tiketi.com\/fr-fr\/flights-johannesburg-maputo-jnb-mpm\/\" \/>\n<meta property=\"og:locale\" content=\"fr_FR\" \/>\n<meta property=\"og:type\" content=\"article\" \/>\n<meta property=\"og:title\" content=\"Cheap Flights from Johannesburg to Maputo\" \/>\n<meta property=\"og:description\" content=\"Looking for cheap flights from\u00a0Johannesburg to Maputo? Search, compare and book cheap airline ticket from Johannesburg to Maputo online\" \/>\n<meta property=\"og:url\" content=\"https:\/\/tiketi.com\/fr-fr\/flights-johannesburg-maputo-jnb-mpm\/\" \/>\n<meta property=\"og:site_name\" content=\"Tiketi.com\" \/>\n<meta property=\"article:publisher\" content=\"https:\/\/www.facebook.com\/TiketiCom\/\" \/>\n<meta property=\"article:modified_time\" content=\"2022-02-08T14:04:22+00:00\" \/>\n<meta property=\"og:image\" content=\"https:\/\/tiketi.com\/wp-content\/uploads\/2022\/01\/flight-ticket-booking-sorasak-KxCJXXGsv9I-unsplas.jpg\" \/>\n\t<meta property=\"og:image:width\" content=\"1200\" \/>\n\t<meta property=\"og:image:height\" content=\"240\" \/>\n\t<meta property=\"og:image:type\" content=\"image\/jpeg\" \/>\n<meta name=\"twitter:card\" content=\"summary_large_image\" \/>\n<meta name=\"twitter:label1\" content=\"Dur\u00e9e de lecture estim\u00e9e\" \/>\n\t<meta name=\"twitter:data1\" content=\"2 minutes\" \/>\n<script type=\"application\/ld+json\" class=\"yoast-schema-graph\">{\"@context\":\"https:\\\/\\\/schema.org\",\"@graph\":[{\"@type\":\"WebPage\",\"@id\":\"https:\\\/\\\/tiketi.com\\\/flights-johannesburg-maputo-jnb-mpm\\\/\",\"url\":\"https:\\\/\\\/tiketi.com\\\/flights-johannesburg-maputo-jnb-mpm\\\/\",\"name\":\"Cheap Flights from Johannesburg to Maputo\",\"isPartOf\":{\"@id\":\"https:\\\/\\\/tiketi.com\\\/#website\"},\"primaryImageOfPage\":{\"@id\":\"https:\\\/\\\/tiketi.com\\\/flights-johannesburg-maputo-jnb-mpm\\\/#primaryimage\"},\"image\":{\"@id\":\"https:\\\/\\\/tiketi.com\\\/flights-johannesburg-maputo-jnb-mpm\\\/#primaryimage\"},\"thumbnailUrl\":\"https:\\\/\\\/tiketi.com\\\/wp-content\\\/uploads\\\/2022\\\/01\\\/flight-ticket-booking-sorasak-KxCJXXGsv9I-unsplas.jpg\",\"datePublished\":\"2022-01-19T11:55:07+00:00\",\"dateModified\":\"2022-02-08T14:04:22+00:00\",\"description\":\"Looking for cheap flights from\u00a0Johannesburg to Maputo? Search, compare and book cheap airline ticket from Johannesburg to Maputo online\",\"breadcrumb\":{\"@id\":\"https:\\\/\\\/tiketi.com\\\/flights-johannesburg-maputo-jnb-mpm\\\/#breadcrumb\"},\"inLanguage\":\"fr-FR\",\"potentialAction\":[{\"@type\":\"ReadAction\",\"target\":[\"https:\\\/\\\/tiketi.com\\\/flights-johannesburg-maputo-jnb-mpm\\\/\"]}]},{\"@type\":\"ImageObject\",\"inLanguage\":\"fr-FR\",\"@id\":\"https:\\\/\\\/tiketi.com\\\/flights-johannesburg-maputo-jnb-mpm\\\/#primaryimage\",\"url\":\"https:\\\/\\\/tiketi.com\\\/wp-content\\\/uploads\\\/2022\\\/01\\\/flight-ticket-booking-sorasak-KxCJXXGsv9I-unsplas.jpg\",\"contentUrl\":\"https:\\\/\\\/tiketi.com\\\/wp-content\\\/uploads\\\/2022\\\/01\\\/flight-ticket-booking-sorasak-KxCJXXGsv9I-unsplas.jpg\",\"width\":1200,\"height\":240,\"caption\":\"Online flight ticket booking\"},{\"@type\":\"BreadcrumbList\",\"@id\":\"https:\\\/\\\/tiketi.com\\\/flights-johannesburg-maputo-jnb-mpm\\\/#breadcrumb\",\"itemListElement\":[{\"@type\":\"ListItem\",\"position\":1,\"name\":\"Home\",\"item\":\"https:\\\/\\\/tiketi.com\\\/\"},{\"@type\":\"ListItem\",\"position\":2,\"name\":\"Cheap Flights from Johannesburg to Maputo\"}]},{\"@type\":\"WebSite\",\"@id\":\"https:\\\/\\\/tiketi.com\\\/#website\",\"url\":\"https:\\\/\\\/tiketi.com\\\/\",\"name\":\"Flight & Bus Tickets, Tour Packages & Activitites - Tiketi.com\",\"description\":\"Flight &amp; Bus Tickets, Tours, Activitites\",\"publisher\":{\"@id\":\"https:\\\/\\\/tiketi.com\\\/#organization\"},\"potentialAction\":[{\"@type\":\"SearchAction\",\"target\":{\"@type\":\"EntryPoint\",\"urlTemplate\":\"https:\\\/\\\/tiketi.com\\\/?s={search_term_string}\"},\"query-input\":{\"@type\":\"PropertyValueSpecification\",\"valueRequired\":true,\"valueName\":\"search_term_string\"}}],\"inLanguage\":\"fr-FR\"},{\"@type\":\"Organization\",\"@id\":\"https:\\\/\\\/tiketi.com\\\/#organization\",\"name\":\"Tiketi.com\",\"alternateName\":\"Tiketi\",\"url\":\"https:\\\/\\\/tiketi.com\\\/\",\"logo\":{\"@type\":\"ImageObject\",\"inLanguage\":\"fr-FR\",\"@id\":\"https:\\\/\\\/tiketi.com\\\/#\\\/schema\\\/logo\\\/image\\\/\",\"url\":\"https:\\\/\\\/tiketi.com\\\/wp-content\\\/uploads\\\/2019\\\/05\\\/tiketi-logo-696.png\",\"contentUrl\":\"https:\\\/\\\/tiketi.com\\\/wp-content\\\/uploads\\\/2019\\\/05\\\/tiketi-logo-696.png\",\"width\":696,\"height\":696,\"caption\":\"Tiketi.com\"},\"image\":{\"@id\":\"https:\\\/\\\/tiketi.com\\\/#\\\/schema\\\/logo\\\/image\\\/\"},\"sameAs\":[\"https:\\\/\\\/www.facebook.com\\\/TiketiCom\\\/\"]}]}<\/script>\n<!-- \/ Yoast SEO plugin. -->","yoast_head_json":{"title":"Vols pas chers de Johannesbourg \u00e0 Maputo","description":"Vous recherchez des vols \u00e0 bas prix au Johannesbourg vers Maputo? Recherchez, comparez et r\u00e9servez un billet d&#039;avion pas cher de Johannesbourg \u00e0 Maputo en ligne","robots":{"index":"index","follow":"follow","max-snippet":"max-snippet:-1","max-image-preview":"max-image-preview:large","max-video-preview":"max-video-preview:-1"},"canonical":"https:\/\/tiketi.com\/fr-fr\/flights-johannesburg-maputo-jnb-mpm\/","og_locale":"fr_FR","og_type":"article","og_title":"Cheap Flights from Johannesburg to Maputo","og_description":"Looking for cheap flights from\u00a0Johannesburg to Maputo? Search, compare and book cheap airline ticket from Johannesburg to Maputo online","og_url":"https:\/\/tiketi.com\/fr-fr\/flights-johannesburg-maputo-jnb-mpm\/","og_site_name":"Tiketi.com","article_publisher":"https:\/\/www.facebook.com\/TiketiCom\/","article_modified_time":"2022-02-08T14:04:22+00:00","og_image":[{"width":1200,"height":240,"url":"https:\/\/tiketi.com\/wp-content\/uploads\/2022\/01\/flight-ticket-booking-sorasak-KxCJXXGsv9I-unsplas.jpg","type":"image\/jpeg"}],"twitter_card":"summary_large_image","twitter_misc":{"Dur\u00e9e de lecture estim\u00e9e":"2 minutes"},"schema":{"@context":"https:\/\/schema.org","@graph":[{"@type":"WebPage","@id":"https:\/\/tiketi.com\/flights-johannesburg-maputo-jnb-mpm\/","url":"https:\/\/tiketi.com\/flights-johannesburg-maputo-jnb-mpm\/","name":"Vols pas chers de Johannesbourg \u00e0 Maputo","isPartOf":{"@id":"https:\/\/tiketi.com\/#website"},"primaryImageOfPage":{"@id":"https:\/\/tiketi.com\/flights-johannesburg-maputo-jnb-mpm\/#primaryimage"},"image":{"@id":"https:\/\/tiketi.com\/flights-johannesburg-maputo-jnb-mpm\/#primaryimage"},"thumbnailUrl":"https:\/\/tiketi.com\/wp-content\/uploads\/2022\/01\/flight-ticket-booking-sorasak-KxCJXXGsv9I-unsplas.jpg","datePublished":"2022-01-19T11:55:07+00:00","dateModified":"2022-02-08T14:04:22+00:00","description":"Vous recherchez des vols \u00e0 bas prix au Johannesbourg vers Maputo? Recherchez, comparez et r\u00e9servez un billet d&#039;avion pas cher de Johannesbourg \u00e0 Maputo en ligne","breadcrumb":{"@id":"https:\/\/tiketi.com\/flights-johannesburg-maputo-jnb-mpm\/#breadcrumb"},"inLanguage":"fr-FR","potentialAction":[{"@type":"ReadAction","target":["https:\/\/tiketi.com\/flights-johannesburg-maputo-jnb-mpm\/"]}]},{"@type":"ImageObject","inLanguage":"fr-FR","@id":"https:\/\/tiketi.com\/flights-johannesburg-maputo-jnb-mpm\/#primaryimage","url":"https:\/\/tiketi.com\/wp-content\/uploads\/2022\/01\/flight-ticket-booking-sorasak-KxCJXXGsv9I-unsplas.jpg","contentUrl":"https:\/\/tiketi.com\/wp-content\/uploads\/2022\/01\/flight-ticket-booking-sorasak-KxCJXXGsv9I-unsplas.jpg","width":1200,"height":240,"caption":"Online flight ticket booking"},{"@type":"BreadcrumbList","@id":"https:\/\/tiketi.com\/flights-johannesburg-maputo-jnb-mpm\/#breadcrumb","itemListElement":[{"@type":"ListItem","position":1,"name":"Home","item":"https:\/\/tiketi.com\/"},{"@type":"ListItem","position":2,"name":"Cheap Flights from Johannesburg to Maputo"}]},{"@type":"WebSite","@id":"https:\/\/tiketi.com\/#website","url":"https:\/\/tiketi.com\/","name":"Billets d&#039;avion et de bus, forfaits touristiques et activit\u00e9s - Tiketi.com","description":"Billets d&#039;avion et de bus, Tours, Activit\u00e9s","publisher":{"@id":"https:\/\/tiketi.com\/#organization"},"potentialAction":[{"@type":"SearchAction","target":{"@type":"EntryPoint","urlTemplate":"https:\/\/tiketi.com\/?s={search_term_string}"},"query-input":{"@type":"PropertyValueSpecification","valueRequired":true,"valueName":"search_term_string"}}],"inLanguage":"fr-FR"},{"@type":"Organization","@id":"https:\/\/tiketi.com\/#organization","name":"Tiketi.com","alternateName":"Tiketi","url":"https:\/\/tiketi.com\/","logo":{"@type":"ImageObject","inLanguage":"fr-FR","@id":"https:\/\/tiketi.com\/#\/schema\/logo\/image\/","url":"https:\/\/tiketi.com\/wp-content\/uploads\/2019\/05\/tiketi-logo-696.png","contentUrl":"https:\/\/tiketi.com\/wp-content\/uploads\/2019\/05\/tiketi-logo-696.png","width":696,"height":696,"caption":"Tiketi.com"},"image":{"@id":"https:\/\/tiketi.com\/#\/schema\/logo\/image\/"},"sameAs":["https:\/\/www.facebook.com\/TiketiCom\/"]}]}},"_links":{"self":[{"href":"https:\/\/tiketi.com\/fr-fr\/wp-json\/wp\/v2\/pages\/11710","targetHints":{"allow":["GET"]}}],"collection":[{"href":"https:\/\/tiketi.com\/fr-fr\/wp-json\/wp\/v2\/pages"}],"about":[{"href":"https:\/\/tiketi.com\/fr-fr\/wp-json\/wp\/v2\/types\/page"}],"author":[{"embeddable":true,"href":"https:\/\/tiketi.com\/fr-fr\/wp-json\/wp\/v2\/users\/1"}],"replies":[{"embeddable":true,"href":"https:\/\/tiketi.com\/fr-fr\/wp-json\/wp\/v2\/comments?post=11710"}],"version-history":[{"count":0,"href":"https:\/\/tiketi.com\/fr-fr\/wp-json\/wp\/v2\/pages\/11710\/revisions"}],"wp:featuredmedia":[{"embeddable":true,"href":"https:\/\/tiketi.com\/fr-fr\/wp-json\/wp\/v2\/media\/14041"}],"wp:attachment":[{"href":"https:\/\/tiketi.com\/fr-fr\/wp-json\/wp\/v2\/media?parent=11710"}],"curies":[{"name":"wp","href":"https:\/\/api.w.org\/{rel}","templated":true}]}}