{"id":11712,"date":"2022-01-19T12:55:07","date_gmt":"2022-01-19T11:55:07","guid":{"rendered":"https:\/\/new.tiketi.com\/cheap-flights-from-dar-es-salaam-to-nairobi\/"},"modified":"2022-09-17T16:53:45","modified_gmt":"2022-09-17T15:53:45","slug":"dar-es-salaam-to-nairobi-dar-nbo","status":"publish","type":"page","link":"https:\/\/tiketi.com\/fr-fr\/cheap-flights\/dar-es-salaam-to-nairobi-dar-nbo\/","title":{"rendered":"Vols \u00e0 bas prix de Dar es Salam \u00e0 Nairobi"},"content":{"rendered":"<h2>Vous recherchez un billet d&#039;avion pas cher de Dar Es Salaam \u00e0 Nairobi ou des offres de derni\u00e8re minute ?<\/h2>\n<h3>Cherchez, comparez et r\u00e9servez en ligne maintenant un billet d&#039;avion pas cher entre Dar es Salam (DAR) et Nairobi (NBO).<\/h3>\n<p>R\u00e9servez en ligne des vols \u00e0 bas prix de Dar Es Salaam \u00e0 Nairobi et \u00e9conomisez du temps et de l&#039;argent. La capitale du Kenya offre de nombreux moments remarquables \u00e0 ses r\u00e9sidents et visiteurs. Outre les vues magnifiques sur la ville qu&#039;offre l&#039;h\u00e9liport KICC, il y a tellement de choses \u00e9tonnantes \u00e0 faire et d&#039;endroits amusants \u00e0 voir. Alors r\u00e9servez des offres exceptionnelles sur les billets d&#039;avion de Dar Es Salaam \u00e0 Nairobi et volez de Dar Es Salaam \u00e0 Nairobi \u00e0 bas prix.<\/p>\n<h2>Voici quelques-unes des meilleures attractions de Nairobi<\/h2>\n<h3>Jardins de JeevanJee<\/h3>\n<p>JeevanJee Gardens est un endroit relaxant et serein. Le jardin de loisirs est parsem\u00e9 de magnifiques arbres feuillus, de sculptures, d&#039;arbres ombrag\u00e9s et de bancs artistiques. Le jardin est principalement amusant lorsque vous passez du temps avec votre famille et vos amis, c&#039;est un meilleur endroit pour un pique-nique car vous profitez de la tranquillit\u00e9 remarquable et passez du temps standard avec votre famille.<\/p>\n<h3>Finix Casino<\/h3>\n<p>Finix Casino est une maison de sensations fortes, un endroit o\u00f9 vous pouvez agir comme un flambeur sans rouler haut. Si vous voulez vous amuser et avoir beaucoup de plaisir de jeu et d&#039;action, Finix Casino est l&#039;endroit id\u00e9al. Le casino propose aux joueurs de nombreux jeux et une grande s\u00e9lection de machines \u00e0 sous, y compris une table de roulette \u00e9lectronique.<\/p>\n<h3>Centre Sarit<\/h3>\n<p>Sarit Center est l&#039;un des grands centres commerciaux de Nairobi. Situ\u00e9 \u00e0 Westland, il abrite les marques les plus renomm\u00e9es et les favoris de la rue comme Airtel, Bata, Adidas, Levis, Truworths et Safaricom et bien d&#039;autres.<\/p>\n<h2>FAQ sur les vols pas chers Dar Es Salaam - Nairobi, Kenya<\/h2>\n<h3>Quelle est la distance entre Nairobi et Dar es Salam ?<\/h3>\n<p>La distance des vols les moins chers Dar Es Salaam \u00e0 Nairobi est de 666 kilom\u00e8tres.<\/p>\n<h3>Quelle est la dur\u00e9e des vols de Dar es Salam \u00e0 Nairobi ?<\/h3>\n<p>La dur\u00e9e moyenne d&#039;un vol entre Dar Es Salaam et Nairobi est d&#039;une heure et vingt-cinq minutes.<\/p>\n<h3>Quelle est la fr\u00e9quence des vols directs de Dar Es Salaam \u00e0 Nairobi ?<\/h3>\n<p>Il y a quarante-trois vols directs entre Dar es Salaam et Nairobi.<\/p>\n<h3>Quelles sont les compagnies a\u00e9riennes les plus c\u00e9l\u00e8bres de Dar es Salaam pour les billets d&#039;avion pas chers de Dar Es Salaam \u00e0 Nairobi ?<\/h3>\n<p>Kenya Airways propose 79% des vols sans escale entre Nairobi et Dar es Salaam.<\/p>\n<h2>Conseils sur les vols Dar Es Salaam - Nairobi<\/h2>\n<p>\u2022 Kenya Airways propose le plus de vols sans escale entre Nairobi et Dar es Salaam.<\/p>\n<p>\u2022 Zanzibar \u2013 Tanzanie \u2013 Zanzibar Kisauni est la liaison la plus connue pour les vols \u00e0 escale entre Nairobi et Dar es Salaam.<\/p>","protected":false},"excerpt":{"rendered":"<p>Looking for cheap airline ticket from Dar Es Salaam to Nairobi\u00a0or last minute deals? Search, compare and book cheap airline ticket from Dar es Salaam (DAR) to Nairobi (NBO) online now. Book cheap flights from Dar Es Salaam to Nairobi online and save time and money. The capital City of Kenya, provides many remarkable times [&hellip;]<\/p>\n","protected":false},"author":1,"featured_media":17853,"parent":23264,"menu_order":0,"comment_status":"open","ping_status":"closed","template":"template-home-modern.php","meta":{"footnotes":""},"class_list":["post-11712","page","type-page","status-publish","has-post-thumbnail","hentry"],"yoast_head":"<!-- This site is optimized with the Yoast SEO plugin v27.4 - https:\/\/yoast.com\/product\/yoast-seo-wordpress\/ -->\n<title>Cheap Flights from Dar Es Salaam to Nairobi<\/title>\n<meta name=\"description\" content=\"Looking for cheap flights from\u00a0Dar es Salaam to Mwanza? Search, compare and book cheap airline ticket from Dar es Salaam to Mwanza online\" \/>\n<meta name=\"robots\" content=\"index, follow, max-snippet:-1, max-image-preview:large, max-video-preview:-1\" \/>\n<link rel=\"canonical\" href=\"https:\/\/tiketi.com\/fr-fr\/nauli-ndege\/dar-es-salaam-kwenda-nairobi-dar-nbo\/\" \/>\n<meta property=\"og:locale\" content=\"fr_FR\" \/>\n<meta property=\"og:type\" content=\"article\" \/>\n<meta property=\"og:title\" content=\"Cheap Flights from Dar Es Salaam to Nairobi\" \/>\n<meta property=\"og:description\" content=\"Looking for cheap flights from\u00a0Dar es Salaam to Mwanza? Search, compare and book cheap airline ticket from Dar es Salaam to Mwanza online\" \/>\n<meta property=\"og:url\" content=\"https:\/\/tiketi.com\/fr-fr\/nauli-ndege\/dar-es-salaam-kwenda-nairobi-dar-nbo\/\" \/>\n<meta property=\"og:site_name\" content=\"Tiketi.com\" \/>\n<meta property=\"article:publisher\" content=\"https:\/\/www.facebook.com\/TiketiCom\/\" \/>\n<meta property=\"article:modified_time\" content=\"2022-09-17T15:53:45+00:00\" \/>\n<meta property=\"og:image\" content=\"https:\/\/tiketi.com\/wp-content\/uploads\/2019\/05\/nairobi-city-3143632_1280.jpg\" \/>\n\t<meta property=\"og:image:width\" content=\"1200\" \/>\n\t<meta property=\"og:image:height\" content=\"202\" \/>\n\t<meta property=\"og:image:type\" content=\"image\/jpeg\" \/>\n<meta name=\"twitter:card\" content=\"summary_large_image\" \/>\n<meta name=\"twitter:label1\" content=\"Dur\u00e9e de lecture estim\u00e9e\" \/>\n\t<meta name=\"twitter:data1\" content=\"2 minutes\" \/>\n<script type=\"application\/ld+json\" class=\"yoast-schema-graph\">{\"@context\":\"https:\\\/\\\/schema.org\",\"@graph\":[{\"@type\":\"WebPage\",\"@id\":\"https:\\\/\\\/tiketi.com\\\/sw\\\/nauli-ndege\\\/dar-es-salaam-kwenda-nairobi-dar-nbo\\\/\",\"url\":\"https:\\\/\\\/tiketi.com\\\/sw\\\/nauli-ndege\\\/dar-es-salaam-kwenda-nairobi-dar-nbo\\\/\",\"name\":\"Cheap Flights from Dar Es Salaam to Nairobi\",\"isPartOf\":{\"@id\":\"https:\\\/\\\/tiketi.com\\\/#website\"},\"primaryImageOfPage\":{\"@id\":\"https:\\\/\\\/tiketi.com\\\/sw\\\/nauli-ndege\\\/dar-es-salaam-kwenda-nairobi-dar-nbo\\\/#primaryimage\"},\"image\":{\"@id\":\"https:\\\/\\\/tiketi.com\\\/sw\\\/nauli-ndege\\\/dar-es-salaam-kwenda-nairobi-dar-nbo\\\/#primaryimage\"},\"thumbnailUrl\":\"https:\\\/\\\/tiketi.com\\\/wp-content\\\/uploads\\\/2019\\\/05\\\/nairobi-city-3143632_1280.jpg\",\"datePublished\":\"2022-01-19T11:55:07+00:00\",\"dateModified\":\"2022-09-17T15:53:45+00:00\",\"description\":\"Looking for cheap flights from\u00a0Dar es Salaam to Mwanza? Search, compare and book cheap airline ticket from Dar es Salaam to Mwanza online\",\"breadcrumb\":{\"@id\":\"https:\\\/\\\/tiketi.com\\\/sw\\\/nauli-ndege\\\/dar-es-salaam-kwenda-nairobi-dar-nbo\\\/#breadcrumb\"},\"inLanguage\":\"fr-FR\",\"potentialAction\":[{\"@type\":\"ReadAction\",\"target\":[\"https:\\\/\\\/tiketi.com\\\/sw\\\/nauli-ndege\\\/dar-es-salaam-kwenda-nairobi-dar-nbo\\\/\"]}]},{\"@type\":\"ImageObject\",\"inLanguage\":\"fr-FR\",\"@id\":\"https:\\\/\\\/tiketi.com\\\/sw\\\/nauli-ndege\\\/dar-es-salaam-kwenda-nairobi-dar-nbo\\\/#primaryimage\",\"url\":\"https:\\\/\\\/tiketi.com\\\/wp-content\\\/uploads\\\/2019\\\/05\\\/nairobi-city-3143632_1280.jpg\",\"contentUrl\":\"https:\\\/\\\/tiketi.com\\\/wp-content\\\/uploads\\\/2019\\\/05\\\/nairobi-city-3143632_1280.jpg\",\"width\":1200,\"height\":202,\"caption\":\"Air Taxi in Nairobi\"},{\"@type\":\"BreadcrumbList\",\"@id\":\"https:\\\/\\\/tiketi.com\\\/sw\\\/nauli-ndege\\\/dar-es-salaam-kwenda-nairobi-dar-nbo\\\/#breadcrumb\",\"itemListElement\":[{\"@type\":\"ListItem\",\"position\":1,\"name\":\"Home\",\"item\":\"https:\\\/\\\/tiketi.com\\\/\"},{\"@type\":\"ListItem\",\"position\":2,\"name\":\"Cheap Flights\",\"item\":\"https:\\\/\\\/tiketi.com\\\/cheap-flights\\\/\"},{\"@type\":\"ListItem\",\"position\":3,\"name\":\"Cheap Flights from Dar Es Salaam to Nairobi\"}]},{\"@type\":\"WebSite\",\"@id\":\"https:\\\/\\\/tiketi.com\\\/#website\",\"url\":\"https:\\\/\\\/tiketi.com\\\/\",\"name\":\"Flight & Bus Tickets, Tour Packages & Activitites - Tiketi.com\",\"description\":\"Flight &amp; Bus Tickets, Tours, Activitites\",\"publisher\":{\"@id\":\"https:\\\/\\\/tiketi.com\\\/#organization\"},\"potentialAction\":[{\"@type\":\"SearchAction\",\"target\":{\"@type\":\"EntryPoint\",\"urlTemplate\":\"https:\\\/\\\/tiketi.com\\\/?s={search_term_string}\"},\"query-input\":{\"@type\":\"PropertyValueSpecification\",\"valueRequired\":true,\"valueName\":\"search_term_string\"}}],\"inLanguage\":\"fr-FR\"},{\"@type\":\"Organization\",\"@id\":\"https:\\\/\\\/tiketi.com\\\/#organization\",\"name\":\"Tiketi.com\",\"alternateName\":\"Tiketi\",\"url\":\"https:\\\/\\\/tiketi.com\\\/\",\"logo\":{\"@type\":\"ImageObject\",\"inLanguage\":\"fr-FR\",\"@id\":\"https:\\\/\\\/tiketi.com\\\/#\\\/schema\\\/logo\\\/image\\\/\",\"url\":\"https:\\\/\\\/tiketi.com\\\/wp-content\\\/uploads\\\/2019\\\/05\\\/tiketi-logo-696.png\",\"contentUrl\":\"https:\\\/\\\/tiketi.com\\\/wp-content\\\/uploads\\\/2019\\\/05\\\/tiketi-logo-696.png\",\"width\":696,\"height\":696,\"caption\":\"Tiketi.com\"},\"image\":{\"@id\":\"https:\\\/\\\/tiketi.com\\\/#\\\/schema\\\/logo\\\/image\\\/\"},\"sameAs\":[\"https:\\\/\\\/www.facebook.com\\\/TiketiCom\\\/\"]}]}<\/script>\n<!-- \/ Yoast SEO plugin. -->","yoast_head_json":{"title":"Vols \u00e0 bas prix de Dar es Salam \u00e0 Nairobi","description":"Vous recherchez des vols \u00e0 bas prix de Dar es Salam \u00e0 Mwanza ? Recherchez, comparez et r\u00e9servez en ligne un billet d&#039;avion pas cher de Dar es Salam \u00e0 Mwanza","robots":{"index":"index","follow":"follow","max-snippet":"max-snippet:-1","max-image-preview":"max-image-preview:large","max-video-preview":"max-video-preview:-1"},"canonical":"https:\/\/tiketi.com\/fr-fr\/nauli-ndege\/dar-es-salaam-kwenda-nairobi-dar-nbo\/","og_locale":"fr_FR","og_type":"article","og_title":"Cheap Flights from Dar Es Salaam to Nairobi","og_description":"Looking for cheap flights from\u00a0Dar es Salaam to Mwanza? Search, compare and book cheap airline ticket from Dar es Salaam to Mwanza online","og_url":"https:\/\/tiketi.com\/fr-fr\/nauli-ndege\/dar-es-salaam-kwenda-nairobi-dar-nbo\/","og_site_name":"Tiketi.com","article_publisher":"https:\/\/www.facebook.com\/TiketiCom\/","article_modified_time":"2022-09-17T15:53:45+00:00","og_image":[{"width":1200,"height":202,"url":"https:\/\/tiketi.com\/wp-content\/uploads\/2019\/05\/nairobi-city-3143632_1280.jpg","type":"image\/jpeg"}],"twitter_card":"summary_large_image","twitter_misc":{"Dur\u00e9e de lecture estim\u00e9e":"2 minutes"},"schema":{"@context":"https:\/\/schema.org","@graph":[{"@type":"WebPage","@id":"https:\/\/tiketi.com\/sw\/nauli-ndege\/dar-es-salaam-kwenda-nairobi-dar-nbo\/","url":"https:\/\/tiketi.com\/sw\/nauli-ndege\/dar-es-salaam-kwenda-nairobi-dar-nbo\/","name":"Vols \u00e0 bas prix de Dar es Salam \u00e0 Nairobi","isPartOf":{"@id":"https:\/\/tiketi.com\/#website"},"primaryImageOfPage":{"@id":"https:\/\/tiketi.com\/sw\/nauli-ndege\/dar-es-salaam-kwenda-nairobi-dar-nbo\/#primaryimage"},"image":{"@id":"https:\/\/tiketi.com\/sw\/nauli-ndege\/dar-es-salaam-kwenda-nairobi-dar-nbo\/#primaryimage"},"thumbnailUrl":"https:\/\/tiketi.com\/wp-content\/uploads\/2019\/05\/nairobi-city-3143632_1280.jpg","datePublished":"2022-01-19T11:55:07+00:00","dateModified":"2022-09-17T15:53:45+00:00","description":"Vous recherchez des vols \u00e0 bas prix de Dar es Salam \u00e0 Mwanza ? Recherchez, comparez et r\u00e9servez en ligne un billet d&#039;avion pas cher de Dar es Salam \u00e0 Mwanza","breadcrumb":{"@id":"https:\/\/tiketi.com\/sw\/nauli-ndege\/dar-es-salaam-kwenda-nairobi-dar-nbo\/#breadcrumb"},"inLanguage":"fr-FR","potentialAction":[{"@type":"ReadAction","target":["https:\/\/tiketi.com\/sw\/nauli-ndege\/dar-es-salaam-kwenda-nairobi-dar-nbo\/"]}]},{"@type":"ImageObject","inLanguage":"fr-FR","@id":"https:\/\/tiketi.com\/sw\/nauli-ndege\/dar-es-salaam-kwenda-nairobi-dar-nbo\/#primaryimage","url":"https:\/\/tiketi.com\/wp-content\/uploads\/2019\/05\/nairobi-city-3143632_1280.jpg","contentUrl":"https:\/\/tiketi.com\/wp-content\/uploads\/2019\/05\/nairobi-city-3143632_1280.jpg","width":1200,"height":202,"caption":"Air Taxi in Nairobi"},{"@type":"BreadcrumbList","@id":"https:\/\/tiketi.com\/sw\/nauli-ndege\/dar-es-salaam-kwenda-nairobi-dar-nbo\/#breadcrumb","itemListElement":[{"@type":"ListItem","position":1,"name":"Home","item":"https:\/\/tiketi.com\/"},{"@type":"ListItem","position":2,"name":"Cheap Flights","item":"https:\/\/tiketi.com\/cheap-flights\/"},{"@type":"ListItem","position":3,"name":"Cheap Flights from Dar Es Salaam to Nairobi"}]},{"@type":"WebSite","@id":"https:\/\/tiketi.com\/#website","url":"https:\/\/tiketi.com\/","name":"Billets d&#039;avion et de bus, forfaits touristiques et activit\u00e9s - Tiketi.com","description":"Billets d&#039;avion et de bus, Tours, Activit\u00e9s","publisher":{"@id":"https:\/\/tiketi.com\/#organization"},"potentialAction":[{"@type":"SearchAction","target":{"@type":"EntryPoint","urlTemplate":"https:\/\/tiketi.com\/?s={search_term_string}"},"query-input":{"@type":"PropertyValueSpecification","valueRequired":true,"valueName":"search_term_string"}}],"inLanguage":"fr-FR"},{"@type":"Organization","@id":"https:\/\/tiketi.com\/#organization","name":"Tiketi.com","alternateName":"Tiketi","url":"https:\/\/tiketi.com\/","logo":{"@type":"ImageObject","inLanguage":"fr-FR","@id":"https:\/\/tiketi.com\/#\/schema\/logo\/image\/","url":"https:\/\/tiketi.com\/wp-content\/uploads\/2019\/05\/tiketi-logo-696.png","contentUrl":"https:\/\/tiketi.com\/wp-content\/uploads\/2019\/05\/tiketi-logo-696.png","width":696,"height":696,"caption":"Tiketi.com"},"image":{"@id":"https:\/\/tiketi.com\/#\/schema\/logo\/image\/"},"sameAs":["https:\/\/www.facebook.com\/TiketiCom\/"]}]}},"_links":{"self":[{"href":"https:\/\/tiketi.com\/fr-fr\/wp-json\/wp\/v2\/pages\/11712","targetHints":{"allow":["GET"]}}],"collection":[{"href":"https:\/\/tiketi.com\/fr-fr\/wp-json\/wp\/v2\/pages"}],"about":[{"href":"https:\/\/tiketi.com\/fr-fr\/wp-json\/wp\/v2\/types\/page"}],"author":[{"embeddable":true,"href":"https:\/\/tiketi.com\/fr-fr\/wp-json\/wp\/v2\/users\/1"}],"replies":[{"embeddable":true,"href":"https:\/\/tiketi.com\/fr-fr\/wp-json\/wp\/v2\/comments?post=11712"}],"version-history":[{"count":0,"href":"https:\/\/tiketi.com\/fr-fr\/wp-json\/wp\/v2\/pages\/11712\/revisions"}],"up":[{"embeddable":true,"href":"https:\/\/tiketi.com\/fr-fr\/wp-json\/wp\/v2\/pages\/23264"}],"wp:featuredmedia":[{"embeddable":true,"href":"https:\/\/tiketi.com\/fr-fr\/wp-json\/wp\/v2\/media\/17853"}],"wp:attachment":[{"href":"https:\/\/tiketi.com\/fr-fr\/wp-json\/wp\/v2\/media?parent=11712"}],"curies":[{"name":"wp","href":"https:\/\/api.w.org\/{rel}","templated":true}]}}