{"id":11713,"date":"2022-01-19T12:55:07","date_gmt":"2022-01-19T11:55:07","guid":{"rendered":"https:\/\/new.tiketi.com\/cheap-flights-from-entebbe-to-kigali\/"},"modified":"2022-02-08T11:36:16","modified_gmt":"2022-02-08T10:36:16","slug":"flights-entebbe-kigali-ebb-kgl","status":"publish","type":"page","link":"https:\/\/tiketi.com\/fr-fr\/flights-entebbe-kigali-ebb-kgl\/","title":{"rendered":"Vols pas chers Entebbe - Kigali"},"content":{"rendered":"<h2>Vous cherchez un billet d&#039;avion pas cher \u00e0 partir de Entebbe pour Kigali ou des offres de derni\u00e8re minute ?<\/h2>\n<h3>Recherchez, comparez et r\u00e9servez d\u00e8s maintenant un billet d&#039;avion pas cher de Entebbe (EBB) \u00e0 Kigali (KGL).<\/h3>\n<p>R\u00e9servez des vols pas chers de Entebbe \u00e0 Kigali en ligne avec Tiketi.com pour b\u00e9n\u00e9ficier des meilleures offres. La plupart des voyageurs utilisent la ville uniquement comme point de transit vers les parcs nationaux recul\u00e9s du pays, o\u00f9 ils peuvent observer les gorilles des montagnes, la faune sauvage, les singes dor\u00e9s ou escalader l&#039;un des volcans. Cela ne devrait pas \u00eatre le cas \u00e9tant donn\u00e9 ce que Kigali a \u00e0 offrir. Il existe d&#039;innombrables endroits \u00e0 visiter, des choses amusantes \u00e0 d\u00e9couvrir et \u00e0 faire \u00e0 Kigali. Visitez Kigali gr\u00e2ce \u00e0 des offres exceptionnelles sur les billets d&#039;avion de Entebbe \u00e0 Kigali et volez des vols de Entebbe \u00e0 Kigali \u00e0 bas prix.<\/p>\n<h2>Voici quelques-unes des meilleures attractions de Londres<\/h2>\n<h3>Grimper le mont Kigali<\/h3>\n<p>Pour ceux qui aiment les sensations fortes et l&#039;aventure, l&#039;ascension du mont Kigali pourrait \u00eatre exactement ce dont vous avez besoin. Ce n\u2019est pas une montagne en tant que telle mais la plus haute colline de Kigali atteignant six mille pieds. Le point de d\u00e9part est \u00e0 Nyamirambo, pr\u00e8s de l&#039;h\u00f4tel Sun City. Dans l\u2019ensemble, la randonn\u00e9e jusqu\u2019au sommet de la montagne est simple en raison de ses pentes douces.<\/p>\n<h3>Visitez un bowling<\/h3>\n<p>Le club Mamba a \u00e9t\u00e9 le premier endroit \u00e0 implanter un bowling \u00e0 Kigali. Le club se trouve \u00e0 Kimihurura et a contribu\u00e9 \u00e0 \u00e9lever le statut de ce sport parmi les Rwandais.<\/p>\n<h3>Le Centre Conventionnel de Kigali<\/h3>\n<p>Le centre est construit \u00e0 c\u00f4t\u00e9 du c\u00e9l\u00e8bre h\u00f4tel Radisson Blu. Le Kigali Convention Center est l&#039;un des meilleurs endroits de Kigali. Il a \u00e9t\u00e9 construit en forme de ruche avec de charmantes lumi\u00e8res qui semblent remarquables la nuit.<\/p>\n<h2>FAQ sur les vols pas chers de Entebbe \u00e0 Kigali<\/h2>\n<h3>Quelle est la distance entre Kigali et Entebbe ?<\/h3>\n<p>La distance entre Entebbe et Kigali en avion est de 339 kilom\u00e8tres.<\/p>\n<h3>Quelle est la dur\u00e9e d&#039;un vol Entebbe - Kigali ?<\/h3>\n<p>La dur\u00e9e moyenne d\u2019un vol d\u2019Entebbe \u00e0 Kigali est de 46 minutes.<\/p>\n<h3>Quelle est la fr\u00e9quence des vols directs Entebbe-Kigali ?<\/h3>\n<p>Il existe vingt et un vols directs d\u2019Entebbe \u00e0 Kigali.<\/p>\n<h3>Quelles sont les compagnies a\u00e9riennes les plus c\u00e9l\u00e8bres d&#039;Entebbe proposant des billets d&#039;avion d&#039;Entebbe \u00e0 Kigali ?<\/h3>\n<p>Rwanda Air Express propose 100 % des vols sans escale entre Kigali et Entebbe.<\/p>\n<h2>Conseils pour les vols de Entebbe \u00e0 Kigali<\/h2>\n<p>\u2022 Rwanda Air propose le plus de vols sans escale entre Kigali et Entebbe.<\/p>\n<p>\u2022 Deux vols directs op\u00e8rent d&#039;Entebbe \u00e0 Kigali.<\/p>\n<p>\u2022 RwandaAir propose le plus de vols directs entre Kigali et Entebbe.<\/p>\n<p>\u2022 Nairobi, Kenya \u2013 Jomo Kenyatta Intl est la liaison la plus c\u00e9l\u00e8bre pour les vols \u00e0 escale entre Kigali et Entebbe.<\/p>","protected":false},"excerpt":{"rendered":"<p>Looking for cheap airline ticket from Entebbe to Kigali&nbsp;or last minute deals? Search, compare and book cheap airline ticket from Entebbe(EBB) to Kigali (KGL)&nbsp;online now. Book cheap flights from Entebbe to Kigali online with Tiketi.com for the best deals. Most travellers only use the city as transit point to the country&#8217;s remote national parks where [&hellip;]<\/p>\n","protected":false},"author":1,"featured_media":14041,"parent":0,"menu_order":0,"comment_status":"open","ping_status":"closed","template":"template-home-modern.php","meta":{"footnotes":""},"class_list":["post-11713","page","type-page","status-publish","has-post-thumbnail","hentry"],"yoast_head":"<!-- This site is optimized with the Yoast SEO plugin v27.2 - https:\/\/yoast.com\/product\/yoast-seo-wordpress\/ -->\n<title>Cheap Flights from Entebbe to Kigali<\/title>\n<meta name=\"description\" content=\"Looking for cheap flights from\u00a0Entebbe to Kigali? Search, compare and book cheap airline ticket from Entebbe to Kigali online\" \/>\n<meta name=\"robots\" content=\"index, follow, max-snippet:-1, max-image-preview:large, max-video-preview:-1\" \/>\n<link rel=\"canonical\" href=\"https:\/\/tiketi.com\/fr-fr\/flights-entebbe-kigali-ebb-kgl\/\" \/>\n<meta property=\"og:locale\" content=\"fr_FR\" \/>\n<meta property=\"og:type\" content=\"article\" \/>\n<meta property=\"og:title\" content=\"Cheap Flights from Entebbe to Kigali\" \/>\n<meta property=\"og:description\" content=\"Looking for cheap flights from\u00a0Entebbe to Kigali? Search, compare and book cheap airline ticket from Entebbe to Kigali online\" \/>\n<meta property=\"og:url\" content=\"https:\/\/tiketi.com\/fr-fr\/flights-entebbe-kigali-ebb-kgl\/\" \/>\n<meta property=\"og:site_name\" content=\"Tiketi.com\" \/>\n<meta property=\"article:publisher\" content=\"https:\/\/www.facebook.com\/TiketiCom\/\" \/>\n<meta property=\"article:modified_time\" content=\"2022-02-08T10:36:16+00:00\" \/>\n<meta property=\"og:image\" content=\"https:\/\/tiketi.com\/wp-content\/uploads\/2022\/01\/flight-ticket-booking-sorasak-KxCJXXGsv9I-unsplas.jpg\" \/>\n\t<meta property=\"og:image:width\" content=\"1200\" \/>\n\t<meta property=\"og:image:height\" content=\"240\" \/>\n\t<meta property=\"og:image:type\" content=\"image\/jpeg\" \/>\n<meta name=\"twitter:card\" content=\"summary_large_image\" \/>\n<meta name=\"twitter:label1\" content=\"Dur\u00e9e de lecture estim\u00e9e\" \/>\n\t<meta name=\"twitter:data1\" content=\"2 minutes\" \/>\n<script type=\"application\/ld+json\" class=\"yoast-schema-graph\">{\"@context\":\"https:\/\/schema.org\",\"@graph\":[{\"@type\":\"WebPage\",\"@id\":\"https:\/\/tiketi.com\/flights-entebbe-kigali-ebb-kgl\/\",\"url\":\"https:\/\/tiketi.com\/flights-entebbe-kigali-ebb-kgl\/\",\"name\":\"Cheap Flights from Entebbe to Kigali\",\"isPartOf\":{\"@id\":\"https:\/\/tiketi.com\/#website\"},\"primaryImageOfPage\":{\"@id\":\"https:\/\/tiketi.com\/flights-entebbe-kigali-ebb-kgl\/#primaryimage\"},\"image\":{\"@id\":\"https:\/\/tiketi.com\/flights-entebbe-kigali-ebb-kgl\/#primaryimage\"},\"thumbnailUrl\":\"https:\/\/tiketi.com\/wp-content\/uploads\/2022\/01\/flight-ticket-booking-sorasak-KxCJXXGsv9I-unsplas.jpg\",\"datePublished\":\"2022-01-19T11:55:07+00:00\",\"dateModified\":\"2022-02-08T10:36:16+00:00\",\"description\":\"Looking for cheap flights from\u00a0Entebbe to Kigali? Search, compare and book cheap airline ticket from Entebbe to Kigali online\",\"breadcrumb\":{\"@id\":\"https:\/\/tiketi.com\/flights-entebbe-kigali-ebb-kgl\/#breadcrumb\"},\"inLanguage\":\"fr-FR\",\"potentialAction\":[{\"@type\":\"ReadAction\",\"target\":[\"https:\/\/tiketi.com\/flights-entebbe-kigali-ebb-kgl\/\"]}]},{\"@type\":\"ImageObject\",\"inLanguage\":\"fr-FR\",\"@id\":\"https:\/\/tiketi.com\/flights-entebbe-kigali-ebb-kgl\/#primaryimage\",\"url\":\"https:\/\/tiketi.com\/wp-content\/uploads\/2022\/01\/flight-ticket-booking-sorasak-KxCJXXGsv9I-unsplas.jpg\",\"contentUrl\":\"https:\/\/tiketi.com\/wp-content\/uploads\/2022\/01\/flight-ticket-booking-sorasak-KxCJXXGsv9I-unsplas.jpg\",\"width\":1200,\"height\":240,\"caption\":\"Online flight ticket booking\"},{\"@type\":\"BreadcrumbList\",\"@id\":\"https:\/\/tiketi.com\/flights-entebbe-kigali-ebb-kgl\/#breadcrumb\",\"itemListElement\":[{\"@type\":\"ListItem\",\"position\":1,\"name\":\"Home\",\"item\":\"https:\/\/tiketi.com\/\"},{\"@type\":\"ListItem\",\"position\":2,\"name\":\"Cheap Flights from Entebbe to Kigali\"}]},{\"@type\":\"WebSite\",\"@id\":\"https:\/\/tiketi.com\/#website\",\"url\":\"https:\/\/tiketi.com\/\",\"name\":\"Flight & Bus Tickets, Tour Packages & Activitites - Tiketi.com\",\"description\":\"Flight &amp; Bus Tickets, Tours, Activitites\",\"publisher\":{\"@id\":\"https:\/\/tiketi.com\/#organization\"},\"potentialAction\":[{\"@type\":\"SearchAction\",\"target\":{\"@type\":\"EntryPoint\",\"urlTemplate\":\"https:\/\/tiketi.com\/?s={search_term_string}\"},\"query-input\":{\"@type\":\"PropertyValueSpecification\",\"valueRequired\":true,\"valueName\":\"search_term_string\"}}],\"inLanguage\":\"fr-FR\"},{\"@type\":\"Organization\",\"@id\":\"https:\/\/tiketi.com\/#organization\",\"name\":\"Tiketi.com\",\"alternateName\":\"Tiketi\",\"url\":\"https:\/\/tiketi.com\/\",\"logo\":{\"@type\":\"ImageObject\",\"inLanguage\":\"fr-FR\",\"@id\":\"https:\/\/tiketi.com\/#\/schema\/logo\/image\/\",\"url\":\"https:\/\/tiketi.com\/wp-content\/uploads\/2019\/05\/tiketi-logo-696.png\",\"contentUrl\":\"https:\/\/tiketi.com\/wp-content\/uploads\/2019\/05\/tiketi-logo-696.png\",\"width\":696,\"height\":696,\"caption\":\"Tiketi.com\"},\"image\":{\"@id\":\"https:\/\/tiketi.com\/#\/schema\/logo\/image\/\"},\"sameAs\":[\"https:\/\/www.facebook.com\/TiketiCom\/\"]}]}<\/script>\n<!-- \/ Yoast SEO plugin. -->","yoast_head_json":{"title":"Vols pas chers Entebbe - Kigali","description":"Vous recherchez des vols \u00e0 bas prix au Entebbe vers Kigali? Recherchez, comparez et r\u00e9servez en ligne un billet d&#039;avion pas cher de Entebbe \u00e0 Kigali","robots":{"index":"index","follow":"follow","max-snippet":"max-snippet:-1","max-image-preview":"max-image-preview:large","max-video-preview":"max-video-preview:-1"},"canonical":"https:\/\/tiketi.com\/fr-fr\/flights-entebbe-kigali-ebb-kgl\/","og_locale":"fr_FR","og_type":"article","og_title":"Cheap Flights from Entebbe to Kigali","og_description":"Looking for cheap flights from\u00a0Entebbe to Kigali? Search, compare and book cheap airline ticket from Entebbe to Kigali online","og_url":"https:\/\/tiketi.com\/fr-fr\/flights-entebbe-kigali-ebb-kgl\/","og_site_name":"Tiketi.com","article_publisher":"https:\/\/www.facebook.com\/TiketiCom\/","article_modified_time":"2022-02-08T10:36:16+00:00","og_image":[{"width":1200,"height":240,"url":"https:\/\/tiketi.com\/wp-content\/uploads\/2022\/01\/flight-ticket-booking-sorasak-KxCJXXGsv9I-unsplas.jpg","type":"image\/jpeg"}],"twitter_card":"summary_large_image","twitter_misc":{"Dur\u00e9e de lecture estim\u00e9e":"2 minutes"},"schema":{"@context":"https:\/\/schema.org","@graph":[{"@type":"WebPage","@id":"https:\/\/tiketi.com\/flights-entebbe-kigali-ebb-kgl\/","url":"https:\/\/tiketi.com\/flights-entebbe-kigali-ebb-kgl\/","name":"Vols pas chers Entebbe - Kigali","isPartOf":{"@id":"https:\/\/tiketi.com\/#website"},"primaryImageOfPage":{"@id":"https:\/\/tiketi.com\/flights-entebbe-kigali-ebb-kgl\/#primaryimage"},"image":{"@id":"https:\/\/tiketi.com\/flights-entebbe-kigali-ebb-kgl\/#primaryimage"},"thumbnailUrl":"https:\/\/tiketi.com\/wp-content\/uploads\/2022\/01\/flight-ticket-booking-sorasak-KxCJXXGsv9I-unsplas.jpg","datePublished":"2022-01-19T11:55:07+00:00","dateModified":"2022-02-08T10:36:16+00:00","description":"Vous recherchez des vols \u00e0 bas prix au Entebbe vers Kigali? Recherchez, comparez et r\u00e9servez en ligne un billet d&#039;avion pas cher de Entebbe \u00e0 Kigali","breadcrumb":{"@id":"https:\/\/tiketi.com\/flights-entebbe-kigali-ebb-kgl\/#breadcrumb"},"inLanguage":"fr-FR","potentialAction":[{"@type":"ReadAction","target":["https:\/\/tiketi.com\/flights-entebbe-kigali-ebb-kgl\/"]}]},{"@type":"ImageObject","inLanguage":"fr-FR","@id":"https:\/\/tiketi.com\/flights-entebbe-kigali-ebb-kgl\/#primaryimage","url":"https:\/\/tiketi.com\/wp-content\/uploads\/2022\/01\/flight-ticket-booking-sorasak-KxCJXXGsv9I-unsplas.jpg","contentUrl":"https:\/\/tiketi.com\/wp-content\/uploads\/2022\/01\/flight-ticket-booking-sorasak-KxCJXXGsv9I-unsplas.jpg","width":1200,"height":240,"caption":"Online flight ticket booking"},{"@type":"BreadcrumbList","@id":"https:\/\/tiketi.com\/flights-entebbe-kigali-ebb-kgl\/#breadcrumb","itemListElement":[{"@type":"ListItem","position":1,"name":"Home","item":"https:\/\/tiketi.com\/"},{"@type":"ListItem","position":2,"name":"Cheap Flights from Entebbe to Kigali"}]},{"@type":"WebSite","@id":"https:\/\/tiketi.com\/#website","url":"https:\/\/tiketi.com\/","name":"Billets d&#039;avion et de bus, forfaits touristiques et activit\u00e9s - Tiketi.com","description":"Billets d&#039;avion et de bus, Tours, Activit\u00e9s","publisher":{"@id":"https:\/\/tiketi.com\/#organization"},"potentialAction":[{"@type":"SearchAction","target":{"@type":"EntryPoint","urlTemplate":"https:\/\/tiketi.com\/?s={search_term_string}"},"query-input":{"@type":"PropertyValueSpecification","valueRequired":true,"valueName":"search_term_string"}}],"inLanguage":"fr-FR"},{"@type":"Organization","@id":"https:\/\/tiketi.com\/#organization","name":"Tiketi.com","alternateName":"Tiketi","url":"https:\/\/tiketi.com\/","logo":{"@type":"ImageObject","inLanguage":"fr-FR","@id":"https:\/\/tiketi.com\/#\/schema\/logo\/image\/","url":"https:\/\/tiketi.com\/wp-content\/uploads\/2019\/05\/tiketi-logo-696.png","contentUrl":"https:\/\/tiketi.com\/wp-content\/uploads\/2019\/05\/tiketi-logo-696.png","width":696,"height":696,"caption":"Tiketi.com"},"image":{"@id":"https:\/\/tiketi.com\/#\/schema\/logo\/image\/"},"sameAs":["https:\/\/www.facebook.com\/TiketiCom\/"]}]}},"_links":{"self":[{"href":"https:\/\/tiketi.com\/fr-fr\/wp-json\/wp\/v2\/pages\/11713","targetHints":{"allow":["GET"]}}],"collection":[{"href":"https:\/\/tiketi.com\/fr-fr\/wp-json\/wp\/v2\/pages"}],"about":[{"href":"https:\/\/tiketi.com\/fr-fr\/wp-json\/wp\/v2\/types\/page"}],"author":[{"embeddable":true,"href":"https:\/\/tiketi.com\/fr-fr\/wp-json\/wp\/v2\/users\/1"}],"replies":[{"embeddable":true,"href":"https:\/\/tiketi.com\/fr-fr\/wp-json\/wp\/v2\/comments?post=11713"}],"version-history":[{"count":0,"href":"https:\/\/tiketi.com\/fr-fr\/wp-json\/wp\/v2\/pages\/11713\/revisions"}],"wp:featuredmedia":[{"embeddable":true,"href":"https:\/\/tiketi.com\/fr-fr\/wp-json\/wp\/v2\/media\/14041"}],"wp:attachment":[{"href":"https:\/\/tiketi.com\/fr-fr\/wp-json\/wp\/v2\/media?parent=11713"}],"curies":[{"name":"wp","href":"https:\/\/api.w.org\/{rel}","templated":true}]}}