{"id":11714,"date":"2022-01-19T12:55:07","date_gmt":"2022-01-19T11:55:07","guid":{"rendered":"https:\/\/new.tiketi.com\/cheap-flights-to-jeddah\/"},"modified":"2022-07-14T11:06:42","modified_gmt":"2022-07-14T10:06:42","slug":"cheap-flights-to-jeddah-jed","status":"publish","type":"page","link":"https:\/\/tiketi.com\/fr-fr\/cheap-flights-to-jeddah-jed\/","title":{"rendered":"Vols pas chers vers Djeddah"},"content":{"rendered":"<h2>Vous recherchez un billet d&#039;avion pas cher pour Djeddah ou des offres de derni\u00e8re minute ?<\/h2>\n<h3>Recherchez, comparez et r\u00e9servez en ligne d\u00e8s maintenant des vols pas chers \u00e0 Djeddah (JED).<\/h3>\n<p>R\u00e9servez des vols pas chers vers Djeddah en ligne et \u00e9conomisez de l&#039;argent sur les billets d&#039;avion. Djeddah est un grand centre commercial, politique et industriel de l&#039;Arabie saoudite. C&#039;est l&#039;une des villes les plus charmantes du pays. L&#039;aspect particulier des vieux quartiers, le grand nombre de b\u00e2timents faisant r\u00e9f\u00e9rence \u00e0 diff\u00e9rentes \u00e9poques et styles, les centres de divertissement et les restaurants modernes \u2013 tous ces facteurs ont rendu cette ville tr\u00e8s attractive pour les touristes. Depuis des d\u00e9cennies, Djeddah accueille des invit\u00e9s du monde entier et tous les visiteurs quittent cet endroit merveilleux avec un profond \u00e9tonnement en raison du charme de son patrimoine naturel et de ses couleurs. Comparez les prix et obtenez le tarif le plus bas sur les billets d&#039;avion pour Djeddah gr\u00e2ce \u00e0 des offres exceptionnelles sur la r\u00e9servation de billets en ligne de vols pour Djeddah.<\/p>\n<h2>Voici quelques-unes des meilleures attractions de Djeddah<\/h2>\n<h3>Promenade de la Corniche<\/h3>\n<p>La promenade pr\u00e9f\u00e9r\u00e9e de nombreux visiteurs de la ville est la magnifique promenade de la Corniche. Il est enti\u00e8rement d\u00e9di\u00e9 aux pi\u00e9tons et s&#039;\u00e9tend sur plus de 35 km. Sur le front de mer se trouvent des boutiques c\u00e9l\u00e8bres, des lieux de divertissement et des restaurants. De nombreuses zones de loisirs et de d\u00e9tente avec des bancs sont \u00e9galement situ\u00e9es ici. Sur le quai se trouvent un grand nombre de sculptures dont l&#039;\u00e9tude peut devenir un \u00e9v\u00e9nement passionnant et \u00e9tonnant.<\/p>\n<h3>Mosqu\u00e9e Al-Rahma<\/h3>\n<p>La mosqu\u00e9e Al-Rahma, \u00e9galement connue de nombreux visiteurs sous le nom de mosqu\u00e9e flottante, est consid\u00e9r\u00e9e comme le monument architectural le plus charmant. La chose qui est plac\u00e9e pr\u00e8s de la c\u00f4te, de sorte que les bases du b\u00e2timent soient baign\u00e9es par les vagues de la mer. Le mat\u00e9riau cl\u00e9 pour la construction de la mosqu\u00e9e \u00e9tait le marbre. Le b\u00e2timent a l&#039;air remarquable et est consid\u00e9r\u00e9 comme un v\u00e9ritable exemple de l&#039;architecture nationale.<\/p>\n<h3>Mus\u00e9e municipal<\/h3>\n<p>Dans le mus\u00e9e municipal national, vous trouverez une grande exposition d&#039;objets historiques. Les amateurs de peinture devraient se rendre au mus\u00e9e Abdel Raouf Hassan Khalil qui pr\u00e9sente un ensemble de peintures faisant r\u00e9f\u00e9rence aux XVIIe et XIXe si\u00e8cles. Le mus\u00e9e de Djeddah est l&#039;endroit id\u00e9al pour admirer les d\u00e9couvertes inestimables des arch\u00e9ologues. L&#039;une des salles de ce mus\u00e9e est consacr\u00e9e \u00e0 un ensemble ethnographique. La majorit\u00e9 des visiteurs de loisirs appellent Djeddah \u00ab la ville des march\u00e9s et des monuments \u00bb. En effet, il y a beaucoup de vendeurs hospitaliers \u00e0 cet endroit.<\/p>\n<h2>FAQ sur les vols pas chers vers Djeddah<\/h2>\n<h3>Quel jour est le moins cher pour r\u00e9server un billet d&#039;avion pour Djeddah ?<\/h3>\n<p>Les billets d&#039;avion pour Djeddah sont g\u00e9n\u00e9ralement trouv\u00e9s avec un d\u00e9part un lundi. Le jour de d\u00e9part le plus cher actuellement est le samedi.<\/p>\n<h3>Quelle est la meilleure p\u00e9riode de vol pour Djeddah ?<\/h3>\n<p>Pour vous assurer d&#039;obtenir le prix abordable possible pour un vol \u00e0 destination de Djeddah, vous devez r\u00e9server au moins soixante jours \u00e0 l&#039;avance de la date de voyage pr\u00e9vue. Le prix des billets pour Djeddah peut augmenter et laisser la r\u00e9servation jusqu&#039;\u00e0 environ une semaine avant le d\u00e9part.<\/p>\n<h3>\u00c0 quel moment de la journ\u00e9e les vols pour Djeddah sont-ils les moins chers ?<\/h3>\n<p>Les billets d\u2019avion pour Djeddah peuvent \u00eatre abordables si vous choisissez un vol dans la matin\u00e9e. Les vols directs vers Djeddah dans la soir\u00e9e seront probablement synonymes de prix tr\u00e8s \u00e9lev\u00e9s.<\/p>\n<h3>Quelle est la meilleure p\u00e9riode pour visiter Djeddah ?<\/h3>\n<p>La meilleure p\u00e9riode pour r\u00e9server un vol pour Djeddah est les mois de janvier et f\u00e9vrier. L&#039;Arabie Saoudite est un pays tr\u00e8s chaud et sec. Ce n\u2019est pas faux non plus pour la ville. La temp\u00e9rature pendant les mois chauds peut d\u00e9passer les 40 \u00b0C, ce qui peut \u00eatre un peu dur. Quoi qu&#039;il en soit, venir \u00e0 Djeddah en janvier est extr\u00eamement agr\u00e9able puisque la temp\u00e9rature ne d\u00e9passe pratiquement jamais les 28\u00b0C durant ce mois complet. Il convient de noter que Djeddah ayant un climat typiquement d\u00e9sertique, les nuits sont beaucoup plus fra\u00eeches que les journ\u00e9es. Pendant les hivers, la temp\u00e9rature nocturne peut descendre jusqu&#039;\u00e0 16\u00b0C.<\/p>\n<h3>Quelle est la p\u00e9riode de l\u2019ann\u00e9e la moins ch\u00e8re pour prendre un vol pour Djeddah ?<\/h3>\n<p>Le mois le moins cher pour obtenir des vols et un h\u00f4tel \u00e0 Djeddah est le mois d\u2019ao\u00fbt. Ao\u00fbt est le mois le plus chaud de l\u2019ann\u00e9e \u00e0 Djeddah. Le soleil tape fort sur la ville br\u00fbl\u00e9e par le soleil, ce qui tient la plupart des visiteurs \u00e0 distance, ce qui rend les prix des vols pour Djeddah bas. La plupart ne r\u00e9alisent pas que Djeddah est une ville extr\u00eamement moderne. Les h\u00f4tels, les centres commerciaux et les restaurants, ainsi que les taxis et les bus qui circulent entre ces imposants b\u00e2timents \u00e9tonnants, sont climatis\u00e9s. \u00c0 part les petites entr\u00e9es et sorties du v\u00e9hicule, vous ne ressentirez rien. Donc, si vous \u00eates amateur de jeux d&#039;int\u00e9rieur, venir en ville en ao\u00fbt pourrait \u00eatre une p\u00e9riode abordable pour profiter du temps.<\/p>\n<h3>Quels sont les grands a\u00e9roports internationaux de Djeddah ?<\/h3>\n<p>\u00c0 environ dix-neuf kilom\u00e8tres au nord de Djeddah se trouve l&#039;a\u00e9roport international King Abdualaziz, un a\u00e9roport important en Arabie Saoudite. L&#039;a\u00e9roport est le plus fr\u00e9quent\u00e9 du pays et le 3\u00e8me plus grand a\u00e9roport en termes de superficie. King Abdulaziz International invite les p\u00e8lerins musulmans qui font le voyage \u00e0 faire le p\u00e8lerinage du Hajj, car La Mecque est assez proche de la ville de Djeddah. En 2017, l&#039;a\u00e9roport a accueilli plus de trente millions de passagers.<\/p>\n<h2>Se d\u00e9placer \u00e0 Djeddah<\/h2>\n<p>En Arabie Saoudite, le prix de l&#039;essence est d&#039;environ $ 0,40 US par litre, ce qui rend les visites dans la ville tr\u00e8s abordables. Les taxis blancs sont enregistr\u00e9s, s\u00fbrs et dot\u00e9s de compteurs \u00e0 Djeddah. En dehors de cela, si le visiteur a acc\u00e8s au monde en ligne, des applications comme Uber sont d\u00e9sormais largement utilis\u00e9es dans la ville. Non seulement ces v\u00e9hicules sont climatis\u00e9s, mais ils sont \u00e9galement li\u00e9s \u00e0 Google Maps afin que vous et votre chauffeur ne soyez jamais perdus dans la ville.<\/p>\n<h2>Vols Vols Djeddah<\/h2>\n<h3>Vols int\u00e9rieurs et tarifs au d\u00e9part de Djeddah<\/h3>\n<table border=\"0\" cellspacing=\"2\" cellpadding=\"2\">\n<tbody>\n<tr>\n<td>Vols pas chers de Djeddah \u00e0 <a href=\"https:\/\/tiketi.com\/fr-fr\/cheap-flights-from-jeddah-to-riyadh\/\" target=\"_blank\" rel=\"noopener\">Riyad<\/a><\/td>\n<td><\/td>\n<td><\/td>\n<\/tr>\n<\/tbody>\n<\/table>","protected":false},"excerpt":{"rendered":"<p>Looking for cheap airline ticket to Jeddah or last minute deals? Search, compare and book cheap Jeddah flights (JED) online now. Book cheap flights to Jeddah online and save money on airfare. Jeddah is a big trading, political and industrial center of Saudi Arabia. This is one of the most charming towns of the country. [&hellip;]<\/p>\n","protected":false},"author":1,"featured_media":14041,"parent":0,"menu_order":0,"comment_status":"open","ping_status":"closed","template":"template-home-modern.php","meta":{"footnotes":""},"class_list":["post-11714","page","type-page","status-publish","has-post-thumbnail","hentry"],"yoast_head":"<!-- This site is optimized with the Yoast SEO plugin v27.4 - https:\/\/yoast.com\/product\/yoast-seo-wordpress\/ -->\n<title>Cheap Flights to Jeddah<\/title>\n<meta name=\"description\" content=\"Looking for cheap flights to\u00a0Jeddah? Search, compare and book cheap airline ticket from to\u00a0Jeddah online and save time and money\" \/>\n<meta name=\"robots\" content=\"index, follow, max-snippet:-1, max-image-preview:large, max-video-preview:-1\" \/>\n<link rel=\"canonical\" href=\"https:\/\/tiketi.com\/fr-fr\/cheap-flights-to-jeddah-jed\/\" \/>\n<meta property=\"og:locale\" content=\"fr_FR\" \/>\n<meta property=\"og:type\" content=\"article\" \/>\n<meta property=\"og:title\" content=\"Cheap Flights to Jeddah\" \/>\n<meta property=\"og:description\" content=\"Looking for cheap flights to\u00a0Jeddah? Search, compare and book cheap airline ticket from to\u00a0Jeddah online and save time and money\" \/>\n<meta property=\"og:url\" content=\"https:\/\/tiketi.com\/fr-fr\/cheap-flights-to-jeddah-jed\/\" \/>\n<meta property=\"og:site_name\" content=\"Tiketi.com\" \/>\n<meta property=\"article:publisher\" content=\"https:\/\/www.facebook.com\/TiketiCom\/\" \/>\n<meta property=\"article:modified_time\" content=\"2022-07-14T10:06:42+00:00\" \/>\n<meta property=\"og:image\" content=\"https:\/\/tiketi.com\/wp-content\/uploads\/2022\/01\/flight-ticket-booking-sorasak-KxCJXXGsv9I-unsplas.jpg\" \/>\n\t<meta property=\"og:image:width\" content=\"1200\" \/>\n\t<meta property=\"og:image:height\" content=\"240\" \/>\n\t<meta property=\"og:image:type\" content=\"image\/jpeg\" \/>\n<meta name=\"twitter:card\" content=\"summary_large_image\" \/>\n<meta name=\"twitter:label1\" content=\"Dur\u00e9e de lecture estim\u00e9e\" \/>\n\t<meta name=\"twitter:data1\" content=\"5 minutes\" \/>\n<script type=\"application\/ld+json\" class=\"yoast-schema-graph\">{\"@context\":\"https:\\\/\\\/schema.org\",\"@graph\":[{\"@type\":\"WebPage\",\"@id\":\"https:\\\/\\\/tiketi.com\\\/cheap-flights-to-jeddah-jed\\\/\",\"url\":\"https:\\\/\\\/tiketi.com\\\/cheap-flights-to-jeddah-jed\\\/\",\"name\":\"Cheap Flights to Jeddah\",\"isPartOf\":{\"@id\":\"https:\\\/\\\/tiketi.com\\\/#website\"},\"primaryImageOfPage\":{\"@id\":\"https:\\\/\\\/tiketi.com\\\/cheap-flights-to-jeddah-jed\\\/#primaryimage\"},\"image\":{\"@id\":\"https:\\\/\\\/tiketi.com\\\/cheap-flights-to-jeddah-jed\\\/#primaryimage\"},\"thumbnailUrl\":\"https:\\\/\\\/tiketi.com\\\/wp-content\\\/uploads\\\/2022\\\/01\\\/flight-ticket-booking-sorasak-KxCJXXGsv9I-unsplas.jpg\",\"datePublished\":\"2022-01-19T11:55:07+00:00\",\"dateModified\":\"2022-07-14T10:06:42+00:00\",\"description\":\"Looking for cheap flights to\u00a0Jeddah? Search, compare and book cheap airline ticket from to\u00a0Jeddah online and save time and money\",\"breadcrumb\":{\"@id\":\"https:\\\/\\\/tiketi.com\\\/cheap-flights-to-jeddah-jed\\\/#breadcrumb\"},\"inLanguage\":\"fr-FR\",\"potentialAction\":[{\"@type\":\"ReadAction\",\"target\":[\"https:\\\/\\\/tiketi.com\\\/cheap-flights-to-jeddah-jed\\\/\"]}]},{\"@type\":\"ImageObject\",\"inLanguage\":\"fr-FR\",\"@id\":\"https:\\\/\\\/tiketi.com\\\/cheap-flights-to-jeddah-jed\\\/#primaryimage\",\"url\":\"https:\\\/\\\/tiketi.com\\\/wp-content\\\/uploads\\\/2022\\\/01\\\/flight-ticket-booking-sorasak-KxCJXXGsv9I-unsplas.jpg\",\"contentUrl\":\"https:\\\/\\\/tiketi.com\\\/wp-content\\\/uploads\\\/2022\\\/01\\\/flight-ticket-booking-sorasak-KxCJXXGsv9I-unsplas.jpg\",\"width\":1200,\"height\":240,\"caption\":\"Online flight ticket booking\"},{\"@type\":\"BreadcrumbList\",\"@id\":\"https:\\\/\\\/tiketi.com\\\/cheap-flights-to-jeddah-jed\\\/#breadcrumb\",\"itemListElement\":[{\"@type\":\"ListItem\",\"position\":1,\"name\":\"Home\",\"item\":\"https:\\\/\\\/tiketi.com\\\/\"},{\"@type\":\"ListItem\",\"position\":2,\"name\":\"Cheap Flights to Jeddah\"}]},{\"@type\":\"WebSite\",\"@id\":\"https:\\\/\\\/tiketi.com\\\/#website\",\"url\":\"https:\\\/\\\/tiketi.com\\\/\",\"name\":\"Flight & Bus Tickets, Tour Packages & Activitites - Tiketi.com\",\"description\":\"Flight &amp; Bus Tickets, Tours, Activitites\",\"publisher\":{\"@id\":\"https:\\\/\\\/tiketi.com\\\/#organization\"},\"potentialAction\":[{\"@type\":\"SearchAction\",\"target\":{\"@type\":\"EntryPoint\",\"urlTemplate\":\"https:\\\/\\\/tiketi.com\\\/?s={search_term_string}\"},\"query-input\":{\"@type\":\"PropertyValueSpecification\",\"valueRequired\":true,\"valueName\":\"search_term_string\"}}],\"inLanguage\":\"fr-FR\"},{\"@type\":\"Organization\",\"@id\":\"https:\\\/\\\/tiketi.com\\\/#organization\",\"name\":\"Tiketi.com\",\"alternateName\":\"Tiketi\",\"url\":\"https:\\\/\\\/tiketi.com\\\/\",\"logo\":{\"@type\":\"ImageObject\",\"inLanguage\":\"fr-FR\",\"@id\":\"https:\\\/\\\/tiketi.com\\\/#\\\/schema\\\/logo\\\/image\\\/\",\"url\":\"https:\\\/\\\/tiketi.com\\\/wp-content\\\/uploads\\\/2019\\\/05\\\/tiketi-logo-696.png\",\"contentUrl\":\"https:\\\/\\\/tiketi.com\\\/wp-content\\\/uploads\\\/2019\\\/05\\\/tiketi-logo-696.png\",\"width\":696,\"height\":696,\"caption\":\"Tiketi.com\"},\"image\":{\"@id\":\"https:\\\/\\\/tiketi.com\\\/#\\\/schema\\\/logo\\\/image\\\/\"},\"sameAs\":[\"https:\\\/\\\/www.facebook.com\\\/TiketiCom\\\/\"]}]}<\/script>\n<!-- \/ Yoast SEO plugin. -->","yoast_head_json":{"title":"Vols pas chers vers Djeddah","description":"Vous recherchez des vols pas chers pour Djeddah ? Recherchez, comparez et r\u00e9servez un billet d&#039;avion pas cher de \u00e0 Djeddah en ligne et \u00e9conomisez du temps et de l&#039;argent.","robots":{"index":"index","follow":"follow","max-snippet":"max-snippet:-1","max-image-preview":"max-image-preview:large","max-video-preview":"max-video-preview:-1"},"canonical":"https:\/\/tiketi.com\/fr-fr\/cheap-flights-to-jeddah-jed\/","og_locale":"fr_FR","og_type":"article","og_title":"Cheap Flights to Jeddah","og_description":"Looking for cheap flights to\u00a0Jeddah? Search, compare and book cheap airline ticket from to\u00a0Jeddah online and save time and money","og_url":"https:\/\/tiketi.com\/fr-fr\/cheap-flights-to-jeddah-jed\/","og_site_name":"Tiketi.com","article_publisher":"https:\/\/www.facebook.com\/TiketiCom\/","article_modified_time":"2022-07-14T10:06:42+00:00","og_image":[{"width":1200,"height":240,"url":"https:\/\/tiketi.com\/wp-content\/uploads\/2022\/01\/flight-ticket-booking-sorasak-KxCJXXGsv9I-unsplas.jpg","type":"image\/jpeg"}],"twitter_card":"summary_large_image","twitter_misc":{"Dur\u00e9e de lecture estim\u00e9e":"5 minutes"},"schema":{"@context":"https:\/\/schema.org","@graph":[{"@type":"WebPage","@id":"https:\/\/tiketi.com\/cheap-flights-to-jeddah-jed\/","url":"https:\/\/tiketi.com\/cheap-flights-to-jeddah-jed\/","name":"Vols pas chers vers Djeddah","isPartOf":{"@id":"https:\/\/tiketi.com\/#website"},"primaryImageOfPage":{"@id":"https:\/\/tiketi.com\/cheap-flights-to-jeddah-jed\/#primaryimage"},"image":{"@id":"https:\/\/tiketi.com\/cheap-flights-to-jeddah-jed\/#primaryimage"},"thumbnailUrl":"https:\/\/tiketi.com\/wp-content\/uploads\/2022\/01\/flight-ticket-booking-sorasak-KxCJXXGsv9I-unsplas.jpg","datePublished":"2022-01-19T11:55:07+00:00","dateModified":"2022-07-14T10:06:42+00:00","description":"Vous recherchez des vols pas chers pour Djeddah ? Recherchez, comparez et r\u00e9servez un billet d&#039;avion pas cher de \u00e0 Djeddah en ligne et \u00e9conomisez du temps et de l&#039;argent.","breadcrumb":{"@id":"https:\/\/tiketi.com\/cheap-flights-to-jeddah-jed\/#breadcrumb"},"inLanguage":"fr-FR","potentialAction":[{"@type":"ReadAction","target":["https:\/\/tiketi.com\/cheap-flights-to-jeddah-jed\/"]}]},{"@type":"ImageObject","inLanguage":"fr-FR","@id":"https:\/\/tiketi.com\/cheap-flights-to-jeddah-jed\/#primaryimage","url":"https:\/\/tiketi.com\/wp-content\/uploads\/2022\/01\/flight-ticket-booking-sorasak-KxCJXXGsv9I-unsplas.jpg","contentUrl":"https:\/\/tiketi.com\/wp-content\/uploads\/2022\/01\/flight-ticket-booking-sorasak-KxCJXXGsv9I-unsplas.jpg","width":1200,"height":240,"caption":"Online flight ticket booking"},{"@type":"BreadcrumbList","@id":"https:\/\/tiketi.com\/cheap-flights-to-jeddah-jed\/#breadcrumb","itemListElement":[{"@type":"ListItem","position":1,"name":"Home","item":"https:\/\/tiketi.com\/"},{"@type":"ListItem","position":2,"name":"Cheap Flights to Jeddah"}]},{"@type":"WebSite","@id":"https:\/\/tiketi.com\/#website","url":"https:\/\/tiketi.com\/","name":"Billets d&#039;avion et de bus, forfaits touristiques et activit\u00e9s - Tiketi.com","description":"Billets d&#039;avion et de bus, Tours, Activit\u00e9s","publisher":{"@id":"https:\/\/tiketi.com\/#organization"},"potentialAction":[{"@type":"SearchAction","target":{"@type":"EntryPoint","urlTemplate":"https:\/\/tiketi.com\/?s={search_term_string}"},"query-input":{"@type":"PropertyValueSpecification","valueRequired":true,"valueName":"search_term_string"}}],"inLanguage":"fr-FR"},{"@type":"Organization","@id":"https:\/\/tiketi.com\/#organization","name":"Tiketi.com","alternateName":"Tiketi","url":"https:\/\/tiketi.com\/","logo":{"@type":"ImageObject","inLanguage":"fr-FR","@id":"https:\/\/tiketi.com\/#\/schema\/logo\/image\/","url":"https:\/\/tiketi.com\/wp-content\/uploads\/2019\/05\/tiketi-logo-696.png","contentUrl":"https:\/\/tiketi.com\/wp-content\/uploads\/2019\/05\/tiketi-logo-696.png","width":696,"height":696,"caption":"Tiketi.com"},"image":{"@id":"https:\/\/tiketi.com\/#\/schema\/logo\/image\/"},"sameAs":["https:\/\/www.facebook.com\/TiketiCom\/"]}]}},"_links":{"self":[{"href":"https:\/\/tiketi.com\/fr-fr\/wp-json\/wp\/v2\/pages\/11714","targetHints":{"allow":["GET"]}}],"collection":[{"href":"https:\/\/tiketi.com\/fr-fr\/wp-json\/wp\/v2\/pages"}],"about":[{"href":"https:\/\/tiketi.com\/fr-fr\/wp-json\/wp\/v2\/types\/page"}],"author":[{"embeddable":true,"href":"https:\/\/tiketi.com\/fr-fr\/wp-json\/wp\/v2\/users\/1"}],"replies":[{"embeddable":true,"href":"https:\/\/tiketi.com\/fr-fr\/wp-json\/wp\/v2\/comments?post=11714"}],"version-history":[{"count":0,"href":"https:\/\/tiketi.com\/fr-fr\/wp-json\/wp\/v2\/pages\/11714\/revisions"}],"wp:featuredmedia":[{"embeddable":true,"href":"https:\/\/tiketi.com\/fr-fr\/wp-json\/wp\/v2\/media\/14041"}],"wp:attachment":[{"href":"https:\/\/tiketi.com\/fr-fr\/wp-json\/wp\/v2\/media?parent=11714"}],"curies":[{"name":"wp","href":"https:\/\/api.w.org\/{rel}","templated":true}]}}