{"id":11715,"date":"2022-01-19T12:55:07","date_gmt":"2022-01-19T11:55:07","guid":{"rendered":"https:\/\/new.tiketi.com\/cheap-flights-to-riyadh\/"},"modified":"2022-07-14T12:04:54","modified_gmt":"2022-07-14T11:04:54","slug":"cheap-flights-to-riyadh-ruh","status":"publish","type":"page","link":"https:\/\/tiketi.com\/fr-fr\/cheap-flights-to-riyadh-ruh\/","title":{"rendered":"Vols pas chers vers Riyad"},"content":{"rendered":"<h2>Vous recherchez un billet d&#039;avion pas cher pour Riyad ou des offres de derni\u00e8re minute ?<\/h2>\n<h3>Recherchez, comparez et r\u00e9servez d\u00e8s maintenant des vols pas chers pour Riyad (AUH) en ligne.<\/h3>\n<p>R\u00e9servez des vols pas chers vers Riyad en ligne et \u00e9conomisez de l&#039;argent sur les billets d&#039;avion. Riyad est la capitale de l&#039;Arabie Saoudite et sa plus grande ville est l&#039;une des villes les plus co\u00fbteuses de la plan\u00e8te. La plus grande population est de religion musulmane et abrite plus de six millions d&#039;habitants. La c\u00e9l\u00e8bre ville appartient aux r\u00e9gions historiques du Najd et d&#039;Al-Yamama. Le sable dor\u00e9, les centres financiers et commerciaux et le d\u00e9veloppement urbain rapide caract\u00e9risent Riyad. La ville compte de nombreux restaurants proposant une cuisine locale traditionnelle, tels que Madfoon, Kabsa, Kunafeh, Mandi et Umm Ali, \u00e0 ne pas manquer. Comparez les prix et obtenez le tarif le plus bas sur les billets d&#039;avion pour Riyad gr\u00e2ce \u00e0 des offres exceptionnelles sur la r\u00e9servation de billets en ligne de vols pour Riyad.<\/p>\n<h2>Voici quelques-unes des meilleures attractions de Riyad<\/h2>\n<h3>Oued Hanifa<\/h3>\n<p>Situ\u00e9 au sud de Riyad, Wadi Hanifi est l&#039;un des plus grands parcs d&#039;Arabie Saoudite et s&#039;\u00e9tend sur quatre-vingts kilom\u00e8tres de long. La vall\u00e9e rec\u00e8le de nombreux paysages charmants. Il contient de nombreux arbres et plantes diff\u00e9rents, en plus d&#039;un flux d&#039;eau continu, ce qui fait de cet endroit l&#039;un des sites touristiques les plus charmants de la r\u00e9gion. Si vous \u00eates un amoureux de la nature, vous ne voudrez certainement pas manquer ce spectacle merveilleux.<\/p>\n<h3>Tour Al Faisaliya<\/h3>\n<p>La tour Al Faisaliya est consid\u00e9r\u00e9e comme l&#039;un des sites touristiques les plus populaires de Riyad. La tour se caract\u00e9rise par sa conception pyramidale incurv\u00e9e et la grande boule de verre qui s&#039;\u00e9l\u00e8ve au-dessus de la tour. La tour abrite un centre commercial, un h\u00f4tel de luxe et de nombreux bureaux d&#039;affaires. De plus, il compte plus de 150 magasins diff\u00e9rents proposant les meilleures marques du monde, en plus d&#039;un h\u00f4tel 5 \u00e9toiles qui occupe huit \u00e9tages de la tour. La tour Al Faisaliya est le 40\u00e8me b\u00e2timent le plus haut de la plan\u00e8te.<\/p>\n<h3>Centre historique du roi AbdualAziz<\/h3>\n<p>Ce centre historique est situ\u00e9 \u00e0 proximit\u00e9 du Mus\u00e9e national et est consid\u00e9r\u00e9 comme l&#039;un des lieux touristiques les plus distinctifs de Riyad. Il s&#039;\u00e9tend sur une vaste zone et contient de nombreuses expositions qui couvrent diff\u00e9rents sujets, tels que l&#039;histoire du pays, la p\u00e9ninsule arabique moderne et ancienne, la relation de l&#039;homme avec l&#039;univers et l&#039;histoire de l&#039;Islam et d&#039;autres civilisations arabes.<\/p>\n<h2>FAQ sur les vols pas chers vers Riyad<\/h2>\n<h3>Quelle est la meilleure p\u00e9riode pour r\u00e9server un billet d\u2019avion pour Riyad ?<\/h3>\n<p>Le prix que vous payez pour votre billet d&#039;avion pour Riyad peut changer en fonction du moment o\u00f9 vous r\u00e9servez. Pour avoir les meilleures chances d&#039;obtenir un tarif inf\u00e9rieur, r\u00e9servez soixante jours avant votre voyage. Le prix des billets pour Riyad est susceptible d\u2019augmenter une quinzaine de jours avant votre date de d\u00e9part.<\/p>\n<h3>\u00c0 quelle heure de la journ\u00e9e est-il moins cher de voler ?<\/h3>\n<p>Pour obtenir le meilleur rapport qualit\u00e9-prix, essayez les vols pas chers pour Riyad le soir lorsque vous visitez Riyad. En g\u00e9n\u00e9ral, les prix augmenteront pour les vols l&#039;apr\u00e8s-midi, car ceux-ci ont tendance \u00e0 \u00eatre tr\u00e8s demand\u00e9s.<\/p>\n<h3>Quel est le jour le moins cher pour prendre un vol pour Riyad ?<\/h3>\n<p>Lundi est actuellement, en moyenne, le jour le moins cher pour prendre un vol pour Riyad. Les vols \u00e0 Riyad samedi entra\u00eeneront une hausse des prix des vols.<\/p>\n<h3>Meilleure p\u00e9riode pour voyager \u00e0 Riyad<\/h3>\n<p>Comme vous pouvez le deviner, les temp\u00e9ratures pendant les mois chauds de juin \u00e0 ao\u00fbt en Arabie saoudite peuvent atteindre des niveaux d&#039;intol\u00e9rance \u00e9lev\u00e9s, ce qui rend difficile de profiter confortablement de votre visite. Il est donc conseill\u00e9 aux visiteurs de voyager entre novembre et mars, l&#039;hiver de la ville, lorsque le temps est n\u00e9anmoins suffisamment parfait pour visiter tous les principaux lieux touristiques de Riyad. Avril et octobre sont g\u00e9n\u00e9ralement la meilleure p\u00e9riode pour les vols et les h\u00f4tels \u00e0 Riyad en raison de la basse saison, donc si vous n&#039;\u00eates pas limit\u00e9 dans les horaires de voyage, ces mois sont une bonne affaire pour \u00e9conomiser de l&#039;argent.<\/p>\n<h3>Quelle est la meilleure p\u00e9riode pour visiter Riyad ?<\/h3>\n<p>La meilleure p\u00e9riode pour d\u00e9couvrir tout ce que Riyad peut offrir se situe entre les mois de novembre et avril. Pendant ces p\u00e9riodes, la temp\u00e9rature reste comprise entre 13 \u00b0C la nuit et 26 \u00b0C au maximum pendant la journ\u00e9e. La ville est g\u00e9n\u00e9ralement s\u00e8che et chaude en \u00e9t\u00e9, mais venir \u00e0 Riyad en hiver peut vraiment \u00eatre une exp\u00e9rience agr\u00e9able. De tous les mois froids d\u00e9crits ci-dessus, novembre semble \u00eatre le plus beau, car de plus en plus de visiteurs ont tendance \u00e0 se promener dans les rues de Riyad au cours de ce mois.<\/p>\n<h3>Y a-t-il un grand a\u00e9roport international \u00e0 Riyad ?<\/h3>\n<p>Riyad est desservie par l&#039;a\u00e9roport international King Khalid. L&#039;a\u00e9roport est le deuxi\u00e8me plus grand en termes de superficie au monde. L&#039;ann\u00e9e derni\u00e8re, l&#039;a\u00e9roport a aid\u00e9 plus de vingt-cinq millions de passagers \u00e0 atteindre leur destination. L&#039;a\u00e9roport King Khalid est situ\u00e9 \u00e0 trente-cinq kilom\u00e8tres du centre-ville de Riyad, ce qui \u00e9quivaut \u00e0 trente-cinq minutes de trajet de l&#039;h\u00f4tel du centre-ville.<\/p>\n<h2>Se d\u00e9placer \u00e0 Riyad<\/h2>\n<p>Une fois arriv\u00e9 chez vous via des vols directs vers Riyad, il est simple de d\u00e9couvrir \u00e0 pied de nombreuses attractions de la ville. Quoi qu&#039;il en soit, si vous souhaitez vous aventurer plus loin, il est pr\u00e9f\u00e9rable d&#039;envisager de voyager en taxi ou de louer un v\u00e9hicule, car Riyad est une ville dont les transports sont largement domin\u00e9s par les voitures. Bien qu&#039;il soit largement admis que les femmes n&#039;ont pas le droit de conduire ici, cela est parfois n\u00e9glig\u00e9 pour les visiteurs \u00e9trangers.<\/p>\n<h2>Vols au d\u00e9part de Djeddah<\/h2>\n<h3>Vols int\u00e9rieurs et tarifs au d\u00e9part de Djeddah<\/h3>\n<table border=\"0\" cellspacing=\"2\" cellpadding=\"2\">\n<tbody>\n<tr>\n<td>Vols pas chers \u00e0 partir de <a href=\"https:\/\/tiketi.com\/fr-fr\/flights-riyadh-jeddah-ruh-jed\/\" target=\"_blank\" rel=\"noopener\">Riyad \u00e0 Djeddah<\/a><\/td>\n<td><\/td>\n<td><\/td>\n<\/tr>\n<\/tbody>\n<\/table>\n<p>&nbsp;<\/p>\n<p>&nbsp;<\/p>\n<p>&nbsp;<\/p>","protected":false},"excerpt":{"rendered":"<p>Looking for cheap airline ticket to Riyadh or last minute deals? Search, compare and book cheap Riyadh flights (AUH) online now. Book cheap flights to Riyadh online and save money on airfare. Riyadh is the capital of the Saudi Arabia and its biggest city is one of the most costly cities in the planet. Biggest [&hellip;]<\/p>\n","protected":false},"author":1,"featured_media":17189,"parent":0,"menu_order":0,"comment_status":"open","ping_status":"closed","template":"template-home-modern.php","meta":{"footnotes":""},"class_list":["post-11715","page","type-page","status-publish","has-post-thumbnail","hentry"],"yoast_head":"<!-- This site is optimized with the Yoast SEO plugin v27.4 - https:\/\/yoast.com\/product\/yoast-seo-wordpress\/ -->\n<title>Cheap Flights to Riyadh<\/title>\n<meta name=\"description\" content=\"Looking for cheap flights to\u00a0Riyadh? Search, compare and book cheap airline ticket from to\u00a0Riyadh online and save money\" \/>\n<meta name=\"robots\" content=\"index, follow, max-snippet:-1, max-image-preview:large, max-video-preview:-1\" \/>\n<link rel=\"canonical\" href=\"https:\/\/tiketi.com\/fr-fr\/cheap-flights-to-riyadh-ruh\/\" \/>\n<meta property=\"og:locale\" content=\"fr_FR\" \/>\n<meta property=\"og:type\" content=\"article\" \/>\n<meta property=\"og:title\" content=\"Cheap Flights to Riyadh\" \/>\n<meta property=\"og:description\" content=\"Looking for cheap flights to\u00a0Riyadh? Search, compare and book cheap airline ticket from to\u00a0Riyadh online and save money\" \/>\n<meta property=\"og:url\" content=\"https:\/\/tiketi.com\/fr-fr\/cheap-flights-to-riyadh-ruh\/\" \/>\n<meta property=\"og:site_name\" content=\"Tiketi.com\" \/>\n<meta property=\"article:publisher\" content=\"https:\/\/www.facebook.com\/TiketiCom\/\" \/>\n<meta property=\"article:modified_time\" content=\"2022-07-14T11:04:54+00:00\" \/>\n<meta property=\"og:image\" content=\"https:\/\/tiketi.com\/wp-content\/uploads\/2022\/02\/riyadh-2197496_1280.jpg\" \/>\n\t<meta property=\"og:image:width\" content=\"1200\" \/>\n\t<meta property=\"og:image:height\" content=\"203\" \/>\n\t<meta property=\"og:image:type\" content=\"image\/jpeg\" \/>\n<meta name=\"twitter:card\" content=\"summary_large_image\" \/>\n<meta name=\"twitter:label1\" content=\"Dur\u00e9e de lecture estim\u00e9e\" \/>\n\t<meta name=\"twitter:data1\" content=\"4 minutes\" \/>\n<script type=\"application\/ld+json\" class=\"yoast-schema-graph\">{\"@context\":\"https:\\\/\\\/schema.org\",\"@graph\":[{\"@type\":\"WebPage\",\"@id\":\"https:\\\/\\\/tiketi.com\\\/sw\\\/cheap-flights-to-riyadh-ruh\\\/\",\"url\":\"https:\\\/\\\/tiketi.com\\\/sw\\\/cheap-flights-to-riyadh-ruh\\\/\",\"name\":\"Cheap Flights to Riyadh\",\"isPartOf\":{\"@id\":\"https:\\\/\\\/tiketi.com\\\/#website\"},\"primaryImageOfPage\":{\"@id\":\"https:\\\/\\\/tiketi.com\\\/sw\\\/cheap-flights-to-riyadh-ruh\\\/#primaryimage\"},\"image\":{\"@id\":\"https:\\\/\\\/tiketi.com\\\/sw\\\/cheap-flights-to-riyadh-ruh\\\/#primaryimage\"},\"thumbnailUrl\":\"https:\\\/\\\/tiketi.com\\\/wp-content\\\/uploads\\\/2022\\\/02\\\/riyadh-2197496_1280.jpg\",\"datePublished\":\"2022-01-19T11:55:07+00:00\",\"dateModified\":\"2022-07-14T11:04:54+00:00\",\"description\":\"Looking for cheap flights to\u00a0Riyadh? Search, compare and book cheap airline ticket from to\u00a0Riyadh online and save money\",\"breadcrumb\":{\"@id\":\"https:\\\/\\\/tiketi.com\\\/sw\\\/cheap-flights-to-riyadh-ruh\\\/#breadcrumb\"},\"inLanguage\":\"fr-FR\",\"potentialAction\":[{\"@type\":\"ReadAction\",\"target\":[\"https:\\\/\\\/tiketi.com\\\/sw\\\/cheap-flights-to-riyadh-ruh\\\/\"]}]},{\"@type\":\"ImageObject\",\"inLanguage\":\"fr-FR\",\"@id\":\"https:\\\/\\\/tiketi.com\\\/sw\\\/cheap-flights-to-riyadh-ruh\\\/#primaryimage\",\"url\":\"https:\\\/\\\/tiketi.com\\\/wp-content\\\/uploads\\\/2022\\\/02\\\/riyadh-2197496_1280.jpg\",\"contentUrl\":\"https:\\\/\\\/tiketi.com\\\/wp-content\\\/uploads\\\/2022\\\/02\\\/riyadh-2197496_1280.jpg\",\"width\":1200,\"height\":203,\"caption\":\"Air Taxi in Riyadh Booking\"},{\"@type\":\"BreadcrumbList\",\"@id\":\"https:\\\/\\\/tiketi.com\\\/sw\\\/cheap-flights-to-riyadh-ruh\\\/#breadcrumb\",\"itemListElement\":[{\"@type\":\"ListItem\",\"position\":1,\"name\":\"Home\",\"item\":\"https:\\\/\\\/tiketi.com\\\/\"},{\"@type\":\"ListItem\",\"position\":2,\"name\":\"Cheap Flights to Riyadh\"}]},{\"@type\":\"WebSite\",\"@id\":\"https:\\\/\\\/tiketi.com\\\/#website\",\"url\":\"https:\\\/\\\/tiketi.com\\\/\",\"name\":\"Flight & Bus Tickets, Tour Packages & Activitites - Tiketi.com\",\"description\":\"Flight &amp; Bus Tickets, Tours, Activitites\",\"publisher\":{\"@id\":\"https:\\\/\\\/tiketi.com\\\/#organization\"},\"potentialAction\":[{\"@type\":\"SearchAction\",\"target\":{\"@type\":\"EntryPoint\",\"urlTemplate\":\"https:\\\/\\\/tiketi.com\\\/?s={search_term_string}\"},\"query-input\":{\"@type\":\"PropertyValueSpecification\",\"valueRequired\":true,\"valueName\":\"search_term_string\"}}],\"inLanguage\":\"fr-FR\"},{\"@type\":\"Organization\",\"@id\":\"https:\\\/\\\/tiketi.com\\\/#organization\",\"name\":\"Tiketi.com\",\"alternateName\":\"Tiketi\",\"url\":\"https:\\\/\\\/tiketi.com\\\/\",\"logo\":{\"@type\":\"ImageObject\",\"inLanguage\":\"fr-FR\",\"@id\":\"https:\\\/\\\/tiketi.com\\\/#\\\/schema\\\/logo\\\/image\\\/\",\"url\":\"https:\\\/\\\/tiketi.com\\\/wp-content\\\/uploads\\\/2019\\\/05\\\/tiketi-logo-696.png\",\"contentUrl\":\"https:\\\/\\\/tiketi.com\\\/wp-content\\\/uploads\\\/2019\\\/05\\\/tiketi-logo-696.png\",\"width\":696,\"height\":696,\"caption\":\"Tiketi.com\"},\"image\":{\"@id\":\"https:\\\/\\\/tiketi.com\\\/#\\\/schema\\\/logo\\\/image\\\/\"},\"sameAs\":[\"https:\\\/\\\/www.facebook.com\\\/TiketiCom\\\/\"]}]}<\/script>\n<!-- \/ Yoast SEO plugin. -->","yoast_head_json":{"title":"Vols pas chers vers Riyad","description":"Vous recherchez des vols pas chers pour Riyad ? Recherchez, comparez et r\u00e9servez un billet d&#039;avion pas cher de \u00e0 Riyad en ligne et \u00e9conomisez de l&#039;argent.","robots":{"index":"index","follow":"follow","max-snippet":"max-snippet:-1","max-image-preview":"max-image-preview:large","max-video-preview":"max-video-preview:-1"},"canonical":"https:\/\/tiketi.com\/fr-fr\/cheap-flights-to-riyadh-ruh\/","og_locale":"fr_FR","og_type":"article","og_title":"Cheap Flights to Riyadh","og_description":"Looking for cheap flights to\u00a0Riyadh? Search, compare and book cheap airline ticket from to\u00a0Riyadh online and save money","og_url":"https:\/\/tiketi.com\/fr-fr\/cheap-flights-to-riyadh-ruh\/","og_site_name":"Tiketi.com","article_publisher":"https:\/\/www.facebook.com\/TiketiCom\/","article_modified_time":"2022-07-14T11:04:54+00:00","og_image":[{"width":1200,"height":203,"url":"https:\/\/tiketi.com\/wp-content\/uploads\/2022\/02\/riyadh-2197496_1280.jpg","type":"image\/jpeg"}],"twitter_card":"summary_large_image","twitter_misc":{"Dur\u00e9e de lecture estim\u00e9e":"4 minutes"},"schema":{"@context":"https:\/\/schema.org","@graph":[{"@type":"WebPage","@id":"https:\/\/tiketi.com\/sw\/cheap-flights-to-riyadh-ruh\/","url":"https:\/\/tiketi.com\/sw\/cheap-flights-to-riyadh-ruh\/","name":"Vols pas chers vers Riyad","isPartOf":{"@id":"https:\/\/tiketi.com\/#website"},"primaryImageOfPage":{"@id":"https:\/\/tiketi.com\/sw\/cheap-flights-to-riyadh-ruh\/#primaryimage"},"image":{"@id":"https:\/\/tiketi.com\/sw\/cheap-flights-to-riyadh-ruh\/#primaryimage"},"thumbnailUrl":"https:\/\/tiketi.com\/wp-content\/uploads\/2022\/02\/riyadh-2197496_1280.jpg","datePublished":"2022-01-19T11:55:07+00:00","dateModified":"2022-07-14T11:04:54+00:00","description":"Vous recherchez des vols pas chers pour Riyad ? Recherchez, comparez et r\u00e9servez un billet d&#039;avion pas cher de \u00e0 Riyad en ligne et \u00e9conomisez de l&#039;argent.","breadcrumb":{"@id":"https:\/\/tiketi.com\/sw\/cheap-flights-to-riyadh-ruh\/#breadcrumb"},"inLanguage":"fr-FR","potentialAction":[{"@type":"ReadAction","target":["https:\/\/tiketi.com\/sw\/cheap-flights-to-riyadh-ruh\/"]}]},{"@type":"ImageObject","inLanguage":"fr-FR","@id":"https:\/\/tiketi.com\/sw\/cheap-flights-to-riyadh-ruh\/#primaryimage","url":"https:\/\/tiketi.com\/wp-content\/uploads\/2022\/02\/riyadh-2197496_1280.jpg","contentUrl":"https:\/\/tiketi.com\/wp-content\/uploads\/2022\/02\/riyadh-2197496_1280.jpg","width":1200,"height":203,"caption":"Air Taxi in Riyadh Booking"},{"@type":"BreadcrumbList","@id":"https:\/\/tiketi.com\/sw\/cheap-flights-to-riyadh-ruh\/#breadcrumb","itemListElement":[{"@type":"ListItem","position":1,"name":"Home","item":"https:\/\/tiketi.com\/"},{"@type":"ListItem","position":2,"name":"Cheap Flights to Riyadh"}]},{"@type":"WebSite","@id":"https:\/\/tiketi.com\/#website","url":"https:\/\/tiketi.com\/","name":"Billets d&#039;avion et de bus, forfaits touristiques et activit\u00e9s - Tiketi.com","description":"Billets d&#039;avion et de bus, Tours, Activit\u00e9s","publisher":{"@id":"https:\/\/tiketi.com\/#organization"},"potentialAction":[{"@type":"SearchAction","target":{"@type":"EntryPoint","urlTemplate":"https:\/\/tiketi.com\/?s={search_term_string}"},"query-input":{"@type":"PropertyValueSpecification","valueRequired":true,"valueName":"search_term_string"}}],"inLanguage":"fr-FR"},{"@type":"Organization","@id":"https:\/\/tiketi.com\/#organization","name":"Tiketi.com","alternateName":"Tiketi","url":"https:\/\/tiketi.com\/","logo":{"@type":"ImageObject","inLanguage":"fr-FR","@id":"https:\/\/tiketi.com\/#\/schema\/logo\/image\/","url":"https:\/\/tiketi.com\/wp-content\/uploads\/2019\/05\/tiketi-logo-696.png","contentUrl":"https:\/\/tiketi.com\/wp-content\/uploads\/2019\/05\/tiketi-logo-696.png","width":696,"height":696,"caption":"Tiketi.com"},"image":{"@id":"https:\/\/tiketi.com\/#\/schema\/logo\/image\/"},"sameAs":["https:\/\/www.facebook.com\/TiketiCom\/"]}]}},"_links":{"self":[{"href":"https:\/\/tiketi.com\/fr-fr\/wp-json\/wp\/v2\/pages\/11715","targetHints":{"allow":["GET"]}}],"collection":[{"href":"https:\/\/tiketi.com\/fr-fr\/wp-json\/wp\/v2\/pages"}],"about":[{"href":"https:\/\/tiketi.com\/fr-fr\/wp-json\/wp\/v2\/types\/page"}],"author":[{"embeddable":true,"href":"https:\/\/tiketi.com\/fr-fr\/wp-json\/wp\/v2\/users\/1"}],"replies":[{"embeddable":true,"href":"https:\/\/tiketi.com\/fr-fr\/wp-json\/wp\/v2\/comments?post=11715"}],"version-history":[{"count":0,"href":"https:\/\/tiketi.com\/fr-fr\/wp-json\/wp\/v2\/pages\/11715\/revisions"}],"wp:featuredmedia":[{"embeddable":true,"href":"https:\/\/tiketi.com\/fr-fr\/wp-json\/wp\/v2\/media\/17189"}],"wp:attachment":[{"href":"https:\/\/tiketi.com\/fr-fr\/wp-json\/wp\/v2\/media?parent=11715"}],"curies":[{"name":"wp","href":"https:\/\/api.w.org\/{rel}","templated":true}]}}