{"id":11718,"date":"2022-01-19T12:55:07","date_gmt":"2022-01-19T11:55:07","guid":{"rendered":"https:\/\/new.tiketi.com\/cheap-flights-from-port-elizabeth-to-johannesburg-best-air-taxi\/"},"modified":"2022-02-09T16:31:52","modified_gmt":"2022-02-09T15:31:52","slug":"flights-port-elizabeth-johannesburg-plz-jnb","status":"publish","type":"page","link":"https:\/\/tiketi.com\/fr-fr\/flights-port-elizabeth-johannesburg-plz-jnb\/","title":{"rendered":"Vols pas chers de Port Elizabeth \u00e0 Johannesburg \u2013 Meilleur taxi a\u00e9rien"},"content":{"rendered":"<h2>Vous recherchez un billet d&#039;avion pas cher de Port Elizabeth \u00e0 Johannesbourg ou des offres de derni\u00e8re minute ?<\/h2>\n<h3>Recherchez, comparez et r\u00e9servez un billet d&#039;avion pas cher depuis\u00a0<span style=\"font-size: 16px;\">De Port Elizabeth (PLZ) \u00e0 Johannesbourg (JNB) <\/span>maintenant en ligne.<\/h3>\n<p>R\u00e9servez en ligne des vols \u00e0 bas prix de Port Elizabeth \u00e0 Johannesbourg et \u00e9conomisez de l&#039;argent sur les billets d&#039;avion. Johannesburg, affectueusement surnomm\u00e9e E Goli, et Jo burg, la \u00abville de l&#039;or\u00bb, est la m\u00e9tropole industrielle et financi\u00e8re de l&#039;Afrique du Sud, construite dans une riche histoire d&#039;extraction de l&#039;or. Comparez les prix et obtenez les meilleurs tarifs sur les billets d&#039;avion de Port Elizabeth \u00e0 Johannesburg gr\u00e2ce \u00e0 des offres exceptionnelles sur la r\u00e9servation de billets en ligne de Port Elizabeth \u00e0 Johannesburg.<\/p>\n<h2>Voici quelques-unes des meilleures attractions de Johannesburg sont<\/h2>\n<h3>Montecasino<\/h3>\n<p>Des jardins d&#039;oiseaux pour les amoureux de la nature aux th\u00e9\u00e2tres de premier ordre pour les amateurs de culture, il y a quelque chose pour chaque personne \u00e0 Montecasino et \u00e0 cause de cela, il est c\u00e9l\u00e8bre comme centre de divertissement num\u00e9ro 1 de Gauteng - Montecasino est en fait une attraction \u00e0 visiter.<\/p>\n<h3>Colline de la Constitution<\/h3>\n<p>Constitution Hill parmi les endroits les plus merveilleux de Johannesburg en raison du fait que l&#039;on peut contempler une vue magnifique sur toute la ville d&#039;ici. Autrefois une prison, cet endroit fournit d\u00e9sormais des d\u00e9tails perspicaces sur l&#039;histoire de l&#039;Afrique du Sud. Pr\u00e9sentant le traitement brutal des criminels politiques et des prisonniers \u00e0 cette \u00e9poque, cette ancienne prison propose des expositions plut\u00f4t provocantes dans ses mus\u00e9es comme Women&#039;s Gaol, Number Four et Old Fort.<\/p>\n<h3>Mus\u00e9e national d&#039;histoire militaire<\/h3>\n<p>R\u00e9citant l&#039;histoire des conflits de l&#039;arm\u00e9e africaine au fil des ans, le Mus\u00e9e sud-africain d&#039;histoire militaire est l&#039;une des attractions et des mus\u00e9es les plus \u00e9tonnants de Johannesburg pour ceux qui aiment entendre des histoires de guerre. Les points forts de ce mus\u00e9e contiennent des chars, des avions, des munitions et des armes, des bombardiers et m\u00eame des m\u00e9dailles de la Seconde Guerre mondiale. La section pr\u00e9f\u00e9r\u00e9e des visiteurs contient l&#039;exposition sur la m\u00e9decine de guerre, qui pr\u00e9sente les d\u00e9tails de la technique zoulou de gu\u00e9rison traditionnelle pendant la guerre anglo-zouloue, ainsi que le traitement moderne utilis\u00e9 sur le champ de bataille.<\/p>\n<h3>R\u00e9serve naturelle de Kliprivierberg<\/h3>\n<p>Appel\u00e9e joyau de Johannesburg, la jungle de b\u00e9ton a assur\u00e9 la protection de la flore et de la faune de cette r\u00e9serve naturelle. C&#039;est un endroit remarquable pour les amateurs de plein air qui souhaitent \u00e9chapper \u00e0 la vie urbaine et profiter d&#039;une randonn\u00e9e dans la nature.<\/p>\n<h3>Th\u00e9\u00e2tre de la Victoire<\/h3>\n<p>C&#039;est l&#039;un des plus anciens th\u00e9\u00e2tres de la ville, ce qui en fait un lieu patrimonial particulier. Ici, vous pouvez profiter de l&#039;environnement de la culture sud-africaine avec des spectacles et des pi\u00e8ces de th\u00e9\u00e2tre tout en d\u00eenant.<\/p>\n<h2>FAQ sur les vols pas chers Port Elizabeth - Johannesbourg<\/h2>\n<h3>Quelle est la distance de Johannesbourg \u00e0 Port Elizabeth ?<\/h3>\n<p>La distance du taxi a\u00e9rien de Port Elizabeth \u00e0 Johannesburg est de 906 kilom\u00e8tres.<\/p>\n<h3>Combien de temps dure le vol Port Elizabeth Johannesbourg ?<\/h3>\n<p>Une heure et trente-sept minutes.<\/p>\n<h3>Quelle est la fr\u00e9quence des vols directs vers Johannesburg au d\u00e9part de Port Elizabeth ?<\/h3>\n<p>Il y a 105 vols direct entre Port Elizabeth et Johannesbourg.<\/p>\n<h3>Quelles compagnies a\u00e9riennes proposent des vols pas chers de Port Elizabeth \u00e0 Johannesbourg ?<\/h3>\n<p>Vous pouvez trouver des vols pas chers de Port Elizabeth \u00e0 Johannesburg avec des compagnies a\u00e9riennes telles que South African Airways, British Airways, Mango et Safair Airlines.<\/p>\n<h3>Quelle est la compagnie a\u00e9rienne la plus c\u00e9l\u00e8bre pour les vols directs Port Elizabeth - Johannesbourg ?<\/h3>\n<p>British Airways propose 36 des vols sans escale entre Johannesburg et Port Elizabeth.<\/p>\n<h3>Quels a\u00e9roports desservent Johannesburg et Port Elizabeth ?<\/h3>\n<p>R\u00e9servez un vol pas cher de Port Elizabeth \u00e0 Johannesburg et vous partirez de PLZ ou de l&#039;a\u00e9roport de Port Elizabeth et arriverez \u00e0 l&#039;a\u00e9roport international Tambo de Johannesburg.<\/p>\n<h3>Combien de vols pas chers de Port Elizabeth vers Johannesbourg partent en moyenne par jour ?<\/h3>\n<p>Chaque jour, soixante et onze vols partent de Port Elizabeth vers Johannesburg en moyenne.<\/p>\n<p>\u2022 T\u00f4t le matin\u00a0: 10\u00a0% des d\u00e9parts de vols<\/p>\n<p>\u2022 Matin - vingt-trois pour cent des d\u00e9parts de vol<\/p>\n<p>\u2022 Apr\u00e8s-midi\u00a0: 61\u00a0% des d\u00e9parts de vols<\/p>\n<p>\u2022 Soir - sept pour cent des d\u00e9parts de vol<\/p>\n<h3>Quel est le meilleur moment pour r\u00e9server un billet d&#039;avion de Port Elizabeth \u00e0 Johannesburg ?<\/h3>\n<p>G\u00e9n\u00e9ralement, le d\u00e9lai de r\u00e9servation d&#039;un billet d&#039;avion de Port Elizabeth \u00e0 Johannesburg est g\u00e9n\u00e9ralement de 2 mois \u00e0 l&#039;avance. Et les jours les moins chers pour voler sont les mercredis, mardis et samedis. Le dimanche est le plus cher.<\/p>\n<h2>Meilleur moment pour visiter Johannesbourg<\/h2>\n<p>Johannesburg est une ville au merveilleux climat subtropical des hautes terres, gr\u00e2ce \u00e0 sa place sur le plateau du Highveld, ce qui signifie que vous pouvez visiter cette charmante ville sud-africaine \u00e0 tout moment de l&#039;ann\u00e9e. Mais s&#039;il faut \u00eatre pr\u00e9cis, les mois d&#039;hiver de mai \u00e0 octobre sont les meilleurs avec des matin\u00e9es ensoleill\u00e9es et s\u00e8ches et des nuits fra\u00eeches.<\/p>\n<p><strong>Haute saison<\/strong><br \/>\nC&#039;est \u00e0 ce moment-l\u00e0 que Johannesburg est la plus fr\u00e9quent\u00e9e, car l&#039;\u00e9t\u00e9 est le plus achaland\u00e9 dans tous les lieux touristiques. Avec toutes les \u00e9coles et les vacances chaudes, les attractions et les rues de Johannesburg regorgent de visiteurs. Vous pouvez certainement visiter l&#039;emplacement, car la temp\u00e9rature sera assez agr\u00e9able allant de 20 \u00e0 30.<\/p>\n<p><strong>Hors saison<\/strong><br \/>\nDe mars \u00e0 juin, c&#039;est la saison d&#039;automne \u00e0 Johannesburg, ce qui signifie que les prix des h\u00f4tels et des billets d&#039;avion baissent apr\u00e8s un \u00e9t\u00e9 charg\u00e9, et font de la place pour visiter la ville avec un budget limit\u00e9. \u00c9tant donn\u00e9 que Johannesburg a un meilleur climat toute l&#039;ann\u00e9e, il n&#039;y aura aucun probl\u00e8me avec les activit\u00e9s ou les activit\u00e9s.<\/p>\n<h2>Conseils pour un taxi a\u00e9rien pas cher de Port Elizabeth \u00e0 Johannesburg<\/h2>\n<p>\u2022 Port Elizabeth est \u00e0 565 miles de Johannesburg.<\/p>\n<p>\u2022 Il y a quarante et un vols de Port Elizabeth \u00e0 Johannesburg.<\/p>\n<p>\u2022 Vingt-neuf vols sans escale op\u00e8rent de Port Elizabeth \u00e0 Johannesburg.<\/p>\n<p>\u2022 British Airways propose le plus de vols sans escale entre Johannesburg et Port Elizabeth.<\/p>\n<p>\u2022 Cape Town, Afrique du Sud \u2013 Cape Town Intl est le lien le plus c\u00e9l\u00e8bre pour les vols \u00e0 escale entre Johannesburg et Port Elizabeth.<\/p>\n<p>\u2022 La dur\u00e9e moyenne d&#039;un vol entre Port Elizabeth et Johannesburg est d&#039;une heure trente-six minutes.<\/p>\n<p>&nbsp;<\/p>","protected":false},"excerpt":{"rendered":"<p>Looking for cheap airline ticket from Port Elizabeth to Johannesburg\u00a0or last minute deals? Search, compare and book cheap airline ticket from\u00a0Port Elizabeth (PLZ) to Johannesburg (JNB) online now. Book cheap flights from Port Elizabeth to Johannesburg online and save money on airfare. Johannesburg, affectionately known as E Goli, and Jo burg, the &#8220;city of gold,&#8221; [&hellip;]<\/p>\n","protected":false},"author":1,"featured_media":17849,"parent":0,"menu_order":0,"comment_status":"open","ping_status":"closed","template":"template-home-modern.php","meta":{"footnotes":""},"class_list":["post-11718","page","type-page","status-publish","has-post-thumbnail","hentry"],"yoast_head":"<!-- This site is optimized with the Yoast SEO plugin v27.3 - https:\/\/yoast.com\/product\/yoast-seo-wordpress\/ -->\n<title>Cheap Flights from\u00a0Port Elizabeth to Johannesburg - Best Air Taxi<\/title>\n<meta name=\"description\" content=\"Looking for cheap flights from Port Elizabeth to Johannesburg? Compare and book cheap airline ticket from Port Elizabeth to Johannesburg online\" \/>\n<meta name=\"robots\" content=\"index, follow, max-snippet:-1, max-image-preview:large, max-video-preview:-1\" \/>\n<link rel=\"canonical\" href=\"https:\/\/tiketi.com\/fr-fr\/flights-port-elizabeth-johannesburg-plz-jnb\/\" \/>\n<meta property=\"og:locale\" content=\"fr_FR\" \/>\n<meta property=\"og:type\" content=\"article\" \/>\n<meta property=\"og:title\" content=\"Cheap Flights from\u00a0Port Elizabeth to Johannesburg - Best Air Taxi\" \/>\n<meta property=\"og:description\" content=\"Looking for cheap flights from Port Elizabeth to Johannesburg? Compare and book cheap airline ticket from Port Elizabeth to Johannesburg online\" \/>\n<meta property=\"og:url\" content=\"https:\/\/tiketi.com\/fr-fr\/flights-port-elizabeth-johannesburg-plz-jnb\/\" \/>\n<meta property=\"og:site_name\" content=\"Tiketi.com\" \/>\n<meta property=\"article:publisher\" content=\"https:\/\/www.facebook.com\/TiketiCom\/\" \/>\n<meta property=\"article:modified_time\" content=\"2022-02-09T15:31:52+00:00\" \/>\n<meta property=\"og:image\" content=\"https:\/\/tiketi.com\/wp-content\/uploads\/2019\/05\/johannesburg-4322256_1280.jpg\" \/>\n\t<meta property=\"og:image:width\" content=\"1200\" \/>\n\t<meta property=\"og:image:height\" content=\"206\" \/>\n\t<meta property=\"og:image:type\" content=\"image\/jpeg\" \/>\n<meta name=\"twitter:card\" content=\"summary_large_image\" \/>\n<meta name=\"twitter:label1\" content=\"Dur\u00e9e de lecture estim\u00e9e\" \/>\n\t<meta name=\"twitter:data1\" content=\"4 minutes\" \/>\n<script type=\"application\/ld+json\" class=\"yoast-schema-graph\">{\"@context\":\"https:\\\/\\\/schema.org\",\"@graph\":[{\"@type\":\"WebPage\",\"@id\":\"https:\\\/\\\/tiketi.com\\\/fr-fr\\\/flights-port-elizabeth-johannesburg-plz-jnb\\\/\",\"url\":\"https:\\\/\\\/tiketi.com\\\/fr-fr\\\/flights-port-elizabeth-johannesburg-plz-jnb\\\/\",\"name\":\"Cheap Flights from\u00a0Port Elizabeth to Johannesburg - Best Air Taxi\",\"isPartOf\":{\"@id\":\"https:\\\/\\\/tiketi.com\\\/#website\"},\"primaryImageOfPage\":{\"@id\":\"https:\\\/\\\/tiketi.com\\\/fr-fr\\\/flights-port-elizabeth-johannesburg-plz-jnb\\\/#primaryimage\"},\"image\":{\"@id\":\"https:\\\/\\\/tiketi.com\\\/fr-fr\\\/flights-port-elizabeth-johannesburg-plz-jnb\\\/#primaryimage\"},\"thumbnailUrl\":\"https:\\\/\\\/tiketi.com\\\/wp-content\\\/uploads\\\/2019\\\/05\\\/johannesburg-4322256_1280.jpg\",\"datePublished\":\"2022-01-19T11:55:07+00:00\",\"dateModified\":\"2022-02-09T15:31:52+00:00\",\"description\":\"Looking for cheap flights from Port Elizabeth to Johannesburg? Compare and book cheap airline ticket from Port Elizabeth to Johannesburg online\",\"breadcrumb\":{\"@id\":\"https:\\\/\\\/tiketi.com\\\/fr-fr\\\/flights-port-elizabeth-johannesburg-plz-jnb\\\/#breadcrumb\"},\"inLanguage\":\"fr-FR\",\"potentialAction\":[{\"@type\":\"ReadAction\",\"target\":[\"https:\\\/\\\/tiketi.com\\\/fr-fr\\\/flights-port-elizabeth-johannesburg-plz-jnb\\\/\"]}]},{\"@type\":\"ImageObject\",\"inLanguage\":\"fr-FR\",\"@id\":\"https:\\\/\\\/tiketi.com\\\/fr-fr\\\/flights-port-elizabeth-johannesburg-plz-jnb\\\/#primaryimage\",\"url\":\"https:\\\/\\\/tiketi.com\\\/wp-content\\\/uploads\\\/2019\\\/05\\\/johannesburg-4322256_1280.jpg\",\"contentUrl\":\"https:\\\/\\\/tiketi.com\\\/wp-content\\\/uploads\\\/2019\\\/05\\\/johannesburg-4322256_1280.jpg\",\"width\":1200,\"height\":206,\"caption\":\"Cheap Flights from Cape Town to Johannesburg\"},{\"@type\":\"BreadcrumbList\",\"@id\":\"https:\\\/\\\/tiketi.com\\\/fr-fr\\\/flights-port-elizabeth-johannesburg-plz-jnb\\\/#breadcrumb\",\"itemListElement\":[{\"@type\":\"ListItem\",\"position\":1,\"name\":\"Home\",\"item\":\"https:\\\/\\\/tiketi.com\\\/\"},{\"@type\":\"ListItem\",\"position\":2,\"name\":\"Cheap Flights from\u00a0Port Elizabeth to Johannesburg &#8211; Best Air Taxi\"}]},{\"@type\":\"WebSite\",\"@id\":\"https:\\\/\\\/tiketi.com\\\/#website\",\"url\":\"https:\\\/\\\/tiketi.com\\\/\",\"name\":\"Flight & Bus Tickets, Tour Packages & Activitites - Tiketi.com\",\"description\":\"Flight &amp; Bus Tickets, Tours, Activitites\",\"publisher\":{\"@id\":\"https:\\\/\\\/tiketi.com\\\/#organization\"},\"potentialAction\":[{\"@type\":\"SearchAction\",\"target\":{\"@type\":\"EntryPoint\",\"urlTemplate\":\"https:\\\/\\\/tiketi.com\\\/?s={search_term_string}\"},\"query-input\":{\"@type\":\"PropertyValueSpecification\",\"valueRequired\":true,\"valueName\":\"search_term_string\"}}],\"inLanguage\":\"fr-FR\"},{\"@type\":\"Organization\",\"@id\":\"https:\\\/\\\/tiketi.com\\\/#organization\",\"name\":\"Tiketi.com\",\"alternateName\":\"Tiketi\",\"url\":\"https:\\\/\\\/tiketi.com\\\/\",\"logo\":{\"@type\":\"ImageObject\",\"inLanguage\":\"fr-FR\",\"@id\":\"https:\\\/\\\/tiketi.com\\\/#\\\/schema\\\/logo\\\/image\\\/\",\"url\":\"https:\\\/\\\/tiketi.com\\\/wp-content\\\/uploads\\\/2019\\\/05\\\/tiketi-logo-696.png\",\"contentUrl\":\"https:\\\/\\\/tiketi.com\\\/wp-content\\\/uploads\\\/2019\\\/05\\\/tiketi-logo-696.png\",\"width\":696,\"height\":696,\"caption\":\"Tiketi.com\"},\"image\":{\"@id\":\"https:\\\/\\\/tiketi.com\\\/#\\\/schema\\\/logo\\\/image\\\/\"},\"sameAs\":[\"https:\\\/\\\/www.facebook.com\\\/TiketiCom\\\/\"]}]}<\/script>\n<!-- \/ Yoast SEO plugin. -->","yoast_head_json":{"title":"Vols pas chers de Port Elizabeth \u00e0 Johannesbourg - Meilleurs taxis a\u00e9riens","description":"Vous recherchez des vols \u00e0 bas prix de Port Elizabeth \u00e0 Johannesbourg ? Comparez et r\u00e9servez en ligne les billets d&#039;avion pas chers de Port Elizabeth \u00e0 Johannesbourg","robots":{"index":"index","follow":"follow","max-snippet":"max-snippet:-1","max-image-preview":"max-image-preview:large","max-video-preview":"max-video-preview:-1"},"canonical":"https:\/\/tiketi.com\/fr-fr\/flights-port-elizabeth-johannesburg-plz-jnb\/","og_locale":"fr_FR","og_type":"article","og_title":"Cheap Flights from\u00a0Port Elizabeth to Johannesburg - Best Air Taxi","og_description":"Looking for cheap flights from Port Elizabeth to Johannesburg? Compare and book cheap airline ticket from Port Elizabeth to Johannesburg online","og_url":"https:\/\/tiketi.com\/fr-fr\/flights-port-elizabeth-johannesburg-plz-jnb\/","og_site_name":"Tiketi.com","article_publisher":"https:\/\/www.facebook.com\/TiketiCom\/","article_modified_time":"2022-02-09T15:31:52+00:00","og_image":[{"width":1200,"height":206,"url":"https:\/\/tiketi.com\/wp-content\/uploads\/2019\/05\/johannesburg-4322256_1280.jpg","type":"image\/jpeg"}],"twitter_card":"summary_large_image","twitter_misc":{"Dur\u00e9e de lecture estim\u00e9e":"4 minutes"},"schema":{"@context":"https:\/\/schema.org","@graph":[{"@type":"WebPage","@id":"https:\/\/tiketi.com\/fr-fr\/flights-port-elizabeth-johannesburg-plz-jnb\/","url":"https:\/\/tiketi.com\/fr-fr\/flights-port-elizabeth-johannesburg-plz-jnb\/","name":"Vols pas chers de Port Elizabeth \u00e0 Johannesbourg - Meilleurs taxis a\u00e9riens","isPartOf":{"@id":"https:\/\/tiketi.com\/#website"},"primaryImageOfPage":{"@id":"https:\/\/tiketi.com\/fr-fr\/flights-port-elizabeth-johannesburg-plz-jnb\/#primaryimage"},"image":{"@id":"https:\/\/tiketi.com\/fr-fr\/flights-port-elizabeth-johannesburg-plz-jnb\/#primaryimage"},"thumbnailUrl":"https:\/\/tiketi.com\/wp-content\/uploads\/2019\/05\/johannesburg-4322256_1280.jpg","datePublished":"2022-01-19T11:55:07+00:00","dateModified":"2022-02-09T15:31:52+00:00","description":"Vous recherchez des vols \u00e0 bas prix de Port Elizabeth \u00e0 Johannesbourg ? Comparez et r\u00e9servez en ligne les billets d&#039;avion pas chers de Port Elizabeth \u00e0 Johannesbourg","breadcrumb":{"@id":"https:\/\/tiketi.com\/fr-fr\/flights-port-elizabeth-johannesburg-plz-jnb\/#breadcrumb"},"inLanguage":"fr-FR","potentialAction":[{"@type":"ReadAction","target":["https:\/\/tiketi.com\/fr-fr\/flights-port-elizabeth-johannesburg-plz-jnb\/"]}]},{"@type":"ImageObject","inLanguage":"fr-FR","@id":"https:\/\/tiketi.com\/fr-fr\/flights-port-elizabeth-johannesburg-plz-jnb\/#primaryimage","url":"https:\/\/tiketi.com\/wp-content\/uploads\/2019\/05\/johannesburg-4322256_1280.jpg","contentUrl":"https:\/\/tiketi.com\/wp-content\/uploads\/2019\/05\/johannesburg-4322256_1280.jpg","width":1200,"height":206,"caption":"Cheap Flights from Cape Town to Johannesburg"},{"@type":"BreadcrumbList","@id":"https:\/\/tiketi.com\/fr-fr\/flights-port-elizabeth-johannesburg-plz-jnb\/#breadcrumb","itemListElement":[{"@type":"ListItem","position":1,"name":"Home","item":"https:\/\/tiketi.com\/"},{"@type":"ListItem","position":2,"name":"Cheap Flights from\u00a0Port Elizabeth to Johannesburg &#8211; Best Air Taxi"}]},{"@type":"WebSite","@id":"https:\/\/tiketi.com\/#website","url":"https:\/\/tiketi.com\/","name":"Billets d&#039;avion et de bus, forfaits touristiques et activit\u00e9s - Tiketi.com","description":"Billets d&#039;avion et de bus, Tours, Activit\u00e9s","publisher":{"@id":"https:\/\/tiketi.com\/#organization"},"potentialAction":[{"@type":"SearchAction","target":{"@type":"EntryPoint","urlTemplate":"https:\/\/tiketi.com\/?s={search_term_string}"},"query-input":{"@type":"PropertyValueSpecification","valueRequired":true,"valueName":"search_term_string"}}],"inLanguage":"fr-FR"},{"@type":"Organization","@id":"https:\/\/tiketi.com\/#organization","name":"Tiketi.com","alternateName":"Tiketi","url":"https:\/\/tiketi.com\/","logo":{"@type":"ImageObject","inLanguage":"fr-FR","@id":"https:\/\/tiketi.com\/#\/schema\/logo\/image\/","url":"https:\/\/tiketi.com\/wp-content\/uploads\/2019\/05\/tiketi-logo-696.png","contentUrl":"https:\/\/tiketi.com\/wp-content\/uploads\/2019\/05\/tiketi-logo-696.png","width":696,"height":696,"caption":"Tiketi.com"},"image":{"@id":"https:\/\/tiketi.com\/#\/schema\/logo\/image\/"},"sameAs":["https:\/\/www.facebook.com\/TiketiCom\/"]}]}},"_links":{"self":[{"href":"https:\/\/tiketi.com\/fr-fr\/wp-json\/wp\/v2\/pages\/11718","targetHints":{"allow":["GET"]}}],"collection":[{"href":"https:\/\/tiketi.com\/fr-fr\/wp-json\/wp\/v2\/pages"}],"about":[{"href":"https:\/\/tiketi.com\/fr-fr\/wp-json\/wp\/v2\/types\/page"}],"author":[{"embeddable":true,"href":"https:\/\/tiketi.com\/fr-fr\/wp-json\/wp\/v2\/users\/1"}],"replies":[{"embeddable":true,"href":"https:\/\/tiketi.com\/fr-fr\/wp-json\/wp\/v2\/comments?post=11718"}],"version-history":[{"count":0,"href":"https:\/\/tiketi.com\/fr-fr\/wp-json\/wp\/v2\/pages\/11718\/revisions"}],"wp:featuredmedia":[{"embeddable":true,"href":"https:\/\/tiketi.com\/fr-fr\/wp-json\/wp\/v2\/media\/17849"}],"wp:attachment":[{"href":"https:\/\/tiketi.com\/fr-fr\/wp-json\/wp\/v2\/media?parent=11718"}],"curies":[{"name":"wp","href":"https:\/\/api.w.org\/{rel}","templated":true}]}}