{"id":11719,"date":"2022-01-19T12:55:07","date_gmt":"2022-01-19T11:55:07","guid":{"rendered":"https:\/\/new.tiketi.com\/cheap-flights-to-lebanon\/"},"modified":"2022-02-10T13:38:18","modified_gmt":"2022-02-10T12:38:18","slug":"cheap-flights-to-lebanon","status":"publish","type":"page","link":"https:\/\/tiketi.com\/fr-fr\/cheap-flights-to-lebanon\/","title":{"rendered":"Vols pas chers vers Liban"},"content":{"rendered":"<h2>\u00c0 la recherche d&#039;un billet d&#039;avion pas cher pour le Liban ou d&#039;offres de derni\u00e8re minute ?<\/h2>\n<h3>Cherchez, comparez et r\u00e9servez des vols pas chers Liban en ligne d\u00e8s maintenant.<\/h3>\n<p>R\u00e9servez en ligne des vols pas chers pour le Liban et \u00e9conomisez de l&#039;argent sur les billets d&#039;avion. Le Liban est un petit pays souverain situ\u00e9 sur le bassin m\u00e9diterran\u00e9en, entre certaines des nations les plus influentes du Moyen-Orient. Elle poss\u00e8de un riche patrimoine mijot\u00e9 de diversit\u00e9 ethnique et culturelle. Avec une population touchant six millions d&#039;habitants, le Liban a d\u00e9velopp\u00e9 une puissante r\u00e9putation financi\u00e8re et commerciale aupr\u00e8s de la plan\u00e8te arabe. Beyrouth, \u00e9galement appel\u00e9e Paris du Moyen-Orient, est la capitale et la plus grande ville du pays. Comparez les prix et obtenez les tarifs les plus bas sur les billets d&#039;avion pour Liban gr\u00e2ce \u00e0 des offres exceptionnelles sur la r\u00e9servation de billets en ligne de vols Liban.<\/p>\n<h2>Voici quelques-unes des meilleures attractions du Liban<\/h2>\n<h3>Grotte de Jeita<\/h3>\n<p>Jeita Grotto est un syst\u00e8me de grottes interconnect\u00e9es compos\u00e9 de magnifiques formations calcaires de plus de 1000 ans. Il est situ\u00e9 dans la vall\u00e9e de Nahr-al-Kalb, \u00e0 une vingtaine de kilom\u00e8tres de route de Beyrouth. Les visiteurs font de petites excursions guid\u00e9es en bateau \u00e0 travers la rivi\u00e8re naturelle pour atteindre la magnifique entr\u00e9e des grottes. Les galeries sup\u00e9rieures de la grotte comprennent une s\u00e9rie de chambres de structures rocheuses color\u00e9es ainsi que la plus grande stalactite de la plan\u00e8te.<\/p>\n<h3>Quartier central de Beyrouth<\/h3>\n<p>La zone centrale de Beyrouth est la place historique de Beyrouth connue comme le noyau culturel, financier et commercial du Liban. Il est plac\u00e9 sur la rive nord de la ville et simplement accessible depuis toutes les sections. Outre les bureaux du gouvernement et le Parlement libanais, il abrite des bureaux internationaux tels que la Banque mondiale, l&#039;UNESCO et l&#039;ONU. En suivant le sentier du patrimoine et la promenade du littoral, les visiteurs peuvent explorer les merveilleux lieux classiques, notamment la place Nejme, le jardin du pardon, les thermes romains et la ville de Beyrouth.<\/p>\n<h3>Pneu<\/h3>\n<p>Situ\u00e9e dans la partie sud du pays, Tyr est une petite ville r\u00e9ellement construite sur des formations rocheuses qui refl\u00e8tent les tr\u00e8s anciennes ruines d&#039;un grand centre commercial. C&#039;est une ville ph\u00e9nicienne primitive et est populaire pour ses lieux traditionnels, notamment les hippodromes romains, les vestiges et les ports maritimes datant d&#039;aussi loin que 2750 av. Aujourd&#039;hui, Tyr est une ville portuaire active avec toutes les commodit\u00e9s d&#039;une colonie moderne.<\/p>\n<h2>FAQ sur les vols pas chers vers le Liban<\/h2>\n<h3>Quel jour est le moins cher pour partir pour Liban ?<\/h3>\n<p>En ce moment, le mardi est le jour le plus \u00e9conomique pour prendre un vol pas cher vers le Liban. Le dimanche est probablement le plus cher.<\/p>\n<h3>\u00c0 quelle heure de la journ\u00e9e les vols pour Liban sont-ils les moins chers ?<\/h3>\n<p>Pour le moment, les vols au Liban dans l&#039;apr\u00e8s-midi sont susceptibles d&#039;offrir le meilleur rapport qualit\u00e9-prix pour votre voyage au Liban. Un billet d&#039;avion pour le Liban direct \u00e0 midi est le plus souvent d&#039;un co\u00fbt plus \u00e9lev\u00e9.<\/p>\n<h3>Quel est le meilleur moment pour r\u00e9server un billet d&#039;avion pour le Liban ?<\/h3>\n<p>Pour vous assurer que les offres de vols au Liban, vous devez rechercher un billet d&#039;avion pour le Liban au moins soixante jours avant la date pr\u00e9vue de votre voyage. Le prix de votre vol peut augmenter si vous retardez et laissez la r\u00e9servation jusqu&#039;\u00e0 une semaine environ avant le d\u00e9part.<\/p>\n<h3>Quelles compagnies a\u00e9riennes proposent des vols pas chers au Liban ?<\/h3>\n<p>Air France, Lufthansa, Turkish Airlines, Emirates et Qatar Airways sont parmi les meilleures compagnies a\u00e9riennes qui proposent des vols directs bon march\u00e9 vers le Liban. Les autres compagnies a\u00e9riennes incluent British Airways, Aegean Airlines, Middle East Airlines, Alitalia et Egypt Air.<\/p>\n<h3>Quel est le meilleur mois pour partir \u00e0 Liban ?<\/h3>\n<p>Voler vers le Liban en janvier est g\u00e9n\u00e9ralement consid\u00e9r\u00e9 comme le meilleur vol vers le Liban. Quoi qu&#039;il en soit, vous trouverez d&#039;autres vols et h\u00f4tels au Liban toujours accessibles toute l&#039;ann\u00e9e. Le mois d&#039;ao\u00fbt a tendance \u00e0 \u00eatre la p\u00e9riode la plus chaude au Liban, donc si vous recherchez des climats plus chauds ou ensoleill\u00e9s, cherchez \u00e0 voler \u00e0 cette \u00e9poque.<\/p>\n<h3>Quelle est la meilleure p\u00e9riode pour visiter le Liban ?<\/h3>\n<p><strong>Hivers \u2013 (d\u00e9cembre \u2013 mars)<\/strong><br \/>\nLes hivers y sont assez doux, les journ\u00e9es \u00e9tant chaudes et les nuits froides. Il n&#039;y a pas non plus beaucoup de monde pendant cette p\u00e9riode, car la haute saison des visiteurs aurait pris fin. Les sports d&#039;hiver commencent \u00e9galement en force, ce qui le rend encore plus agr\u00e9able et le meilleur moment pour r\u00e9server des vols au Liban.<\/p>\n<p><strong>Printemps (avril \u2013 mai)<\/strong><br \/>\nLe printemps apporte son temps parfait et ses visages heureux. Vous trouverez des montagnes enneig\u00e9es coexistant avec des fleurs \u00e9panouies et color\u00e9es. Le printemps vous offre \u00e9galement des possibilit\u00e9s de randonn\u00e9e et de trekking. C&#039;est aussi le meilleur moment pour r\u00e9server des vols vers le Liban.<\/p>\n<p><strong>\u00c9t\u00e9 (juin \u2013 septembre)<\/strong><br \/>\nLes \u00e9t\u00e9s au Liban sont remplis d&#039;activit\u00e9s et de plaisir. F\u00eates sur la plage, activit\u00e9s de plein air, \u00e9v\u00e9nements culturels et bien plus encore sont quelques-unes des choses propos\u00e9es. Le ciel est toujours clair et le temps est chaud et relaxant.<\/p>\n<h2>Se d\u00e9placer au Liban<\/h2>\n<p>Les principaux choix de transports publics accessibles au Liban sont les taxis et les bus. Des entreprises priv\u00e9es comme la soci\u00e9t\u00e9 libanaise Commuting exploitaient des bus blancs et rouges dans tout le pays uniquement pendant les heures de travail de la journ\u00e9e. Apr\u00e8s 19h, lorsque les heures de travail sont termin\u00e9es, les m\u00eames routes sont emprunt\u00e9es par plus de petits bus. Une forme de transport plus parfaite au Liban consiste \u00e0 utiliser le service de taxi. Les taxis peuvent \u00eatre des taxis priv\u00e9s ou des taxis partag\u00e9s. Vous pouvez \u00e9galement trouver de nombreuses cha\u00eenes internationales de soci\u00e9t\u00e9s de location de voitures au Liban.<\/p>","protected":false},"excerpt":{"rendered":"<p>Looking for cheap airline ticket to Lebanon or last minute deals? Search, compare and book cheap Lebanon flights online now. Book cheap flights to Lebanon online and save money on airfare. Lebanon is a little sovereign country placed on the Mediterranean Basin, in between some of the most influential nations of the Middle-East. It boasts [&hellip;]<\/p>\n","protected":false},"author":1,"featured_media":14041,"parent":0,"menu_order":0,"comment_status":"open","ping_status":"closed","template":"template-home-modern.php","meta":{"footnotes":""},"class_list":["post-11719","page","type-page","status-publish","has-post-thumbnail","hentry"],"yoast_head":"<!-- This site is optimized with the Yoast SEO plugin v27.2 - https:\/\/yoast.com\/product\/yoast-seo-wordpress\/ -->\n<title>Cheap Flights to Lebanon<\/title>\n<meta name=\"description\" content=\"Looking for cheap flights to\u00a0Lebanon? Search, compare and book cheap airline ticket from to\u00a0Lebanon online\" \/>\n<meta name=\"robots\" content=\"index, follow, max-snippet:-1, max-image-preview:large, max-video-preview:-1\" \/>\n<link rel=\"canonical\" href=\"https:\/\/tiketi.com\/fr-fr\/cheap-flights-to-lebanon\/\" \/>\n<meta property=\"og:locale\" content=\"fr_FR\" \/>\n<meta property=\"og:type\" content=\"article\" \/>\n<meta property=\"og:title\" content=\"Cheap Flights to Lebanon\" \/>\n<meta property=\"og:description\" content=\"Looking for cheap flights to\u00a0Lebanon? Search, compare and book cheap airline ticket from to\u00a0Lebanon online\" \/>\n<meta property=\"og:url\" content=\"https:\/\/tiketi.com\/fr-fr\/cheap-flights-to-lebanon\/\" \/>\n<meta property=\"og:site_name\" content=\"Tiketi.com\" \/>\n<meta property=\"article:publisher\" content=\"https:\/\/www.facebook.com\/TiketiCom\/\" \/>\n<meta property=\"article:modified_time\" content=\"2022-02-10T12:38:18+00:00\" \/>\n<meta property=\"og:image\" content=\"https:\/\/tiketi.com\/wp-content\/uploads\/2022\/01\/flight-ticket-booking-sorasak-KxCJXXGsv9I-unsplas.jpg\" \/>\n\t<meta property=\"og:image:width\" content=\"1200\" \/>\n\t<meta property=\"og:image:height\" content=\"240\" \/>\n\t<meta property=\"og:image:type\" content=\"image\/jpeg\" \/>\n<meta name=\"twitter:card\" content=\"summary_large_image\" \/>\n<meta name=\"twitter:label1\" content=\"Dur\u00e9e de lecture estim\u00e9e\" \/>\n\t<meta name=\"twitter:data1\" content=\"4 minutes\" \/>\n<script type=\"application\/ld+json\" class=\"yoast-schema-graph\">{\"@context\":\"https:\/\/schema.org\",\"@graph\":[{\"@type\":\"WebPage\",\"@id\":\"https:\/\/tiketi.com\/sw\/cheap-flights-to-lebanon\/\",\"url\":\"https:\/\/tiketi.com\/sw\/cheap-flights-to-lebanon\/\",\"name\":\"Cheap Flights to Lebanon\",\"isPartOf\":{\"@id\":\"https:\/\/tiketi.com\/#website\"},\"primaryImageOfPage\":{\"@id\":\"https:\/\/tiketi.com\/sw\/cheap-flights-to-lebanon\/#primaryimage\"},\"image\":{\"@id\":\"https:\/\/tiketi.com\/sw\/cheap-flights-to-lebanon\/#primaryimage\"},\"thumbnailUrl\":\"https:\/\/tiketi.com\/wp-content\/uploads\/2022\/01\/flight-ticket-booking-sorasak-KxCJXXGsv9I-unsplas.jpg\",\"datePublished\":\"2022-01-19T11:55:07+00:00\",\"dateModified\":\"2022-02-10T12:38:18+00:00\",\"description\":\"Looking for cheap flights to\u00a0Lebanon? Search, compare and book cheap airline ticket from to\u00a0Lebanon online\",\"breadcrumb\":{\"@id\":\"https:\/\/tiketi.com\/sw\/cheap-flights-to-lebanon\/#breadcrumb\"},\"inLanguage\":\"fr-FR\",\"potentialAction\":[{\"@type\":\"ReadAction\",\"target\":[\"https:\/\/tiketi.com\/sw\/cheap-flights-to-lebanon\/\"]}]},{\"@type\":\"ImageObject\",\"inLanguage\":\"fr-FR\",\"@id\":\"https:\/\/tiketi.com\/sw\/cheap-flights-to-lebanon\/#primaryimage\",\"url\":\"https:\/\/tiketi.com\/wp-content\/uploads\/2022\/01\/flight-ticket-booking-sorasak-KxCJXXGsv9I-unsplas.jpg\",\"contentUrl\":\"https:\/\/tiketi.com\/wp-content\/uploads\/2022\/01\/flight-ticket-booking-sorasak-KxCJXXGsv9I-unsplas.jpg\",\"width\":1200,\"height\":240,\"caption\":\"Online flight ticket booking\"},{\"@type\":\"BreadcrumbList\",\"@id\":\"https:\/\/tiketi.com\/sw\/cheap-flights-to-lebanon\/#breadcrumb\",\"itemListElement\":[{\"@type\":\"ListItem\",\"position\":1,\"name\":\"Home\",\"item\":\"https:\/\/tiketi.com\/\"},{\"@type\":\"ListItem\",\"position\":2,\"name\":\"Cheap Flights to Lebanon\"}]},{\"@type\":\"WebSite\",\"@id\":\"https:\/\/tiketi.com\/#website\",\"url\":\"https:\/\/tiketi.com\/\",\"name\":\"Flight & Bus Tickets, Tour Packages & Activitites - Tiketi.com\",\"description\":\"Flight &amp; Bus Tickets, Tours, Activitites\",\"publisher\":{\"@id\":\"https:\/\/tiketi.com\/#organization\"},\"potentialAction\":[{\"@type\":\"SearchAction\",\"target\":{\"@type\":\"EntryPoint\",\"urlTemplate\":\"https:\/\/tiketi.com\/?s={search_term_string}\"},\"query-input\":{\"@type\":\"PropertyValueSpecification\",\"valueRequired\":true,\"valueName\":\"search_term_string\"}}],\"inLanguage\":\"fr-FR\"},{\"@type\":\"Organization\",\"@id\":\"https:\/\/tiketi.com\/#organization\",\"name\":\"Tiketi.com\",\"alternateName\":\"Tiketi\",\"url\":\"https:\/\/tiketi.com\/\",\"logo\":{\"@type\":\"ImageObject\",\"inLanguage\":\"fr-FR\",\"@id\":\"https:\/\/tiketi.com\/#\/schema\/logo\/image\/\",\"url\":\"https:\/\/tiketi.com\/wp-content\/uploads\/2019\/05\/tiketi-logo-696.png\",\"contentUrl\":\"https:\/\/tiketi.com\/wp-content\/uploads\/2019\/05\/tiketi-logo-696.png\",\"width\":696,\"height\":696,\"caption\":\"Tiketi.com\"},\"image\":{\"@id\":\"https:\/\/tiketi.com\/#\/schema\/logo\/image\/\"},\"sameAs\":[\"https:\/\/www.facebook.com\/TiketiCom\/\"]}]}<\/script>\n<!-- \/ Yoast SEO plugin. -->","yoast_head_json":{"title":"Vols pas chers vers Liban","description":"Vous cherchez des vols pas chers pour le Liban ? Recherchez, comparez et r\u00e9servez en ligne un billet d&#039;avion pas cher du vers Liban","robots":{"index":"index","follow":"follow","max-snippet":"max-snippet:-1","max-image-preview":"max-image-preview:large","max-video-preview":"max-video-preview:-1"},"canonical":"https:\/\/tiketi.com\/fr-fr\/cheap-flights-to-lebanon\/","og_locale":"fr_FR","og_type":"article","og_title":"Cheap Flights to Lebanon","og_description":"Looking for cheap flights to\u00a0Lebanon? Search, compare and book cheap airline ticket from to\u00a0Lebanon online","og_url":"https:\/\/tiketi.com\/fr-fr\/cheap-flights-to-lebanon\/","og_site_name":"Tiketi.com","article_publisher":"https:\/\/www.facebook.com\/TiketiCom\/","article_modified_time":"2022-02-10T12:38:18+00:00","og_image":[{"width":1200,"height":240,"url":"https:\/\/tiketi.com\/wp-content\/uploads\/2022\/01\/flight-ticket-booking-sorasak-KxCJXXGsv9I-unsplas.jpg","type":"image\/jpeg"}],"twitter_card":"summary_large_image","twitter_misc":{"Dur\u00e9e de lecture estim\u00e9e":"4 minutes"},"schema":{"@context":"https:\/\/schema.org","@graph":[{"@type":"WebPage","@id":"https:\/\/tiketi.com\/sw\/cheap-flights-to-lebanon\/","url":"https:\/\/tiketi.com\/sw\/cheap-flights-to-lebanon\/","name":"Vols pas chers vers Liban","isPartOf":{"@id":"https:\/\/tiketi.com\/#website"},"primaryImageOfPage":{"@id":"https:\/\/tiketi.com\/sw\/cheap-flights-to-lebanon\/#primaryimage"},"image":{"@id":"https:\/\/tiketi.com\/sw\/cheap-flights-to-lebanon\/#primaryimage"},"thumbnailUrl":"https:\/\/tiketi.com\/wp-content\/uploads\/2022\/01\/flight-ticket-booking-sorasak-KxCJXXGsv9I-unsplas.jpg","datePublished":"2022-01-19T11:55:07+00:00","dateModified":"2022-02-10T12:38:18+00:00","description":"Vous cherchez des vols pas chers pour le Liban ? Recherchez, comparez et r\u00e9servez en ligne un billet d&#039;avion pas cher du vers Liban","breadcrumb":{"@id":"https:\/\/tiketi.com\/sw\/cheap-flights-to-lebanon\/#breadcrumb"},"inLanguage":"fr-FR","potentialAction":[{"@type":"ReadAction","target":["https:\/\/tiketi.com\/sw\/cheap-flights-to-lebanon\/"]}]},{"@type":"ImageObject","inLanguage":"fr-FR","@id":"https:\/\/tiketi.com\/sw\/cheap-flights-to-lebanon\/#primaryimage","url":"https:\/\/tiketi.com\/wp-content\/uploads\/2022\/01\/flight-ticket-booking-sorasak-KxCJXXGsv9I-unsplas.jpg","contentUrl":"https:\/\/tiketi.com\/wp-content\/uploads\/2022\/01\/flight-ticket-booking-sorasak-KxCJXXGsv9I-unsplas.jpg","width":1200,"height":240,"caption":"Online flight ticket booking"},{"@type":"BreadcrumbList","@id":"https:\/\/tiketi.com\/sw\/cheap-flights-to-lebanon\/#breadcrumb","itemListElement":[{"@type":"ListItem","position":1,"name":"Home","item":"https:\/\/tiketi.com\/"},{"@type":"ListItem","position":2,"name":"Cheap Flights to Lebanon"}]},{"@type":"WebSite","@id":"https:\/\/tiketi.com\/#website","url":"https:\/\/tiketi.com\/","name":"Billets d&#039;avion et de bus, forfaits touristiques et activit\u00e9s - Tiketi.com","description":"Billets d&#039;avion et de bus, Tours, Activit\u00e9s","publisher":{"@id":"https:\/\/tiketi.com\/#organization"},"potentialAction":[{"@type":"SearchAction","target":{"@type":"EntryPoint","urlTemplate":"https:\/\/tiketi.com\/?s={search_term_string}"},"query-input":{"@type":"PropertyValueSpecification","valueRequired":true,"valueName":"search_term_string"}}],"inLanguage":"fr-FR"},{"@type":"Organization","@id":"https:\/\/tiketi.com\/#organization","name":"Tiketi.com","alternateName":"Tiketi","url":"https:\/\/tiketi.com\/","logo":{"@type":"ImageObject","inLanguage":"fr-FR","@id":"https:\/\/tiketi.com\/#\/schema\/logo\/image\/","url":"https:\/\/tiketi.com\/wp-content\/uploads\/2019\/05\/tiketi-logo-696.png","contentUrl":"https:\/\/tiketi.com\/wp-content\/uploads\/2019\/05\/tiketi-logo-696.png","width":696,"height":696,"caption":"Tiketi.com"},"image":{"@id":"https:\/\/tiketi.com\/#\/schema\/logo\/image\/"},"sameAs":["https:\/\/www.facebook.com\/TiketiCom\/"]}]}},"_links":{"self":[{"href":"https:\/\/tiketi.com\/fr-fr\/wp-json\/wp\/v2\/pages\/11719","targetHints":{"allow":["GET"]}}],"collection":[{"href":"https:\/\/tiketi.com\/fr-fr\/wp-json\/wp\/v2\/pages"}],"about":[{"href":"https:\/\/tiketi.com\/fr-fr\/wp-json\/wp\/v2\/types\/page"}],"author":[{"embeddable":true,"href":"https:\/\/tiketi.com\/fr-fr\/wp-json\/wp\/v2\/users\/1"}],"replies":[{"embeddable":true,"href":"https:\/\/tiketi.com\/fr-fr\/wp-json\/wp\/v2\/comments?post=11719"}],"version-history":[{"count":0,"href":"https:\/\/tiketi.com\/fr-fr\/wp-json\/wp\/v2\/pages\/11719\/revisions"}],"wp:featuredmedia":[{"embeddable":true,"href":"https:\/\/tiketi.com\/fr-fr\/wp-json\/wp\/v2\/media\/14041"}],"wp:attachment":[{"href":"https:\/\/tiketi.com\/fr-fr\/wp-json\/wp\/v2\/media?parent=11719"}],"curies":[{"name":"wp","href":"https:\/\/api.w.org\/{rel}","templated":true}]}}