{"id":11720,"date":"2022-01-19T12:55:07","date_gmt":"2022-01-19T11:55:07","guid":{"rendered":"https:\/\/new.tiketi.com\/cheap-flights-to-kuwait\/"},"modified":"2022-02-10T12:54:26","modified_gmt":"2022-02-10T11:54:26","slug":"cheap-flights-to-kuwait","status":"publish","type":"page","link":"https:\/\/tiketi.com\/fr-fr\/cheap-flights-to-kuwait\/","title":{"rendered":"Vols pas chers vers Kowe\u00eft"},"content":{"rendered":"<h2>\u00c0 la recherche d&#039;un billet d&#039;avion pas cher pour le Kowe\u00eft ou d&#039;offres de derni\u00e8re minute ?<\/h2>\n<h3>Recherchez, comparez et r\u00e9servez en ligne d\u00e8s maintenant des vols pas chers pour Kowe\u00eft.<\/h3>\n<p>R\u00e9servez en ligne des vols pas chers pour le Kowe\u00eft et \u00e9conomisez de l&#039;argent sur les billets d&#039;avion. Le Kowe\u00eft respire la magie de l&#039;aventure arabe, et ainsi, les voyageurs trouvent beaucoup de choses \u00e0 faire au Kowe\u00eft. En plus de profiter d&#039;un h\u00e9bergement merveilleux et d&#039;une cuisine raffin\u00e9e, il y a beaucoup de choses \u00e0 faire pour les visiteurs au Kowe\u00eft. Comparez les prix et obtenez les tarifs les plus bas sur les billets d&#039;avion pour Kowe\u00eft gr\u00e2ce \u00e0 des offres exceptionnelles sur la r\u00e9servation de billets en ligne de vols Kowe\u00eft.<\/p>\n<h2>Voici quelques-unes des meilleures attractions du Kowe\u00eft<\/h2>\n<h3>Tours du Kowe\u00eft<\/h3>\n<p>Kuwait Towers est un groupe de 3 tours \u00e9lanc\u00e9es qui symbolise la r\u00e9surgence \u00e9conomique du Kowe\u00eft et \u00e9galement la culture mondiale ainsi que le point de rep\u00e8re des visiteurs. La structure est g\u00e9n\u00e9ralement appel\u00e9e tour du Kowe\u00eft au singulier bien qu&#039;il y ait 3 tours. Debout sur un promontoire dans le golfe Persique, les tours du Kowe\u00eft ont \u00e9t\u00e9 inaugur\u00e9es en 1979 et sont consid\u00e9r\u00e9es comme une attraction touristique et un magnifique b\u00e2timent du Kowe\u00eft moderne.<\/p>\n<h3>La tour de la lib\u00e9ration<\/h3>\n<p>C&#039;est le symbole de la lib\u00e9ration du Kowe\u00eft, la repr\u00e9sentation de la r\u00e9surgence du Kowe\u00eft, la deuxi\u00e8me plus haute tour du Kowe\u00eft et la 5e plus haute tour de t\u00e9l\u00e9communication de la plan\u00e8te. Inaugur\u00e9e officiellement par feu le cheikh kowe\u00eftien Jaber Al-Ahmad Al-Sabah le 10 mars 1996, cette tour de 372 m\u00e8tres de haut d\u00e9passe de quarante m\u00e8tres la tour Eiffel.<\/p>\n<h3>Plage d&#039;Al Kouch<\/h3>\n<p>Le Kowe\u00eft b\u00e9n\u00e9ficie d&#039;un cadre remarquable sur le golfe Persique, avec certaines des c\u00f4tes les plus charmantes du Moyen-Orient qui s&#039;\u00e9tendent sur environ 499 km. Les plages du Kowe\u00eft offrent un emplacement exceptionnel pour se d\u00e9tendre au bord des eaux pittoresques avec un grand nombre de clubs de plage, de plages publiques et de parcs de plage. La charmante beaut\u00e9 du littoral est tout simplement \u00e9th\u00e9r\u00e9e et les visiteurs passent un meilleur moment sur les plages en se promenant ou en profitant de la brise fra\u00eeche de la mer, en prenant des bains de soleil et en faisant du sport. Pour ceux qui veulent profiter de la saison hivernale dans un endroit de sable et de mer, le Kowe\u00eft est l&#039;endroit id\u00e9al pour eux.<\/p>\n<h3>Port de boutre<\/h3>\n<p>Les visiteurs du port de Dhow au Kowe\u00eft peuvent voir les anciens boutres et navires \u00e0 voile qui \u00e9taient autrefois utilis\u00e9s pour le commerce c\u00f4tier, la p\u00eache et la plong\u00e9e de perles. Les visiteurs peuvent \u00e9galement monter \u00e0 bord du navire connu sous le nom de Fateh E-Kheir. Le navire est le boutre en bois le plus grand et le dernier survivant. Ceci est plac\u00e9 derri\u00e8re le complexe scientifique dans la r\u00e9gion d&#039;Al-Ard.<\/p>\n<h2>FAQ sur les vols pas chers vers le Kowe\u00eft<\/h2>\n<h3>Quel jour est le moins cher pour partir \u00e0 Kowe\u00eft ?<\/h3>\n<p>En ce moment, lundi est le jour le plus \u00e9conomique pour prendre un vol pas cher vers Kowe\u00eft. Le dimanche est probablement le plus co\u00fbteux.<\/p>\n<h3>\u00c0 quelle heure de la journ\u00e9e est-il bon march\u00e9 de voler\u00a0?<\/h3>\n<p>Les vols \u00e0 midi sont g\u00e9n\u00e9ralement le moment le moins cher de la journ\u00e9e pour se rendre au Kowe\u00eft. Les vols vers le Kowe\u00eft le matin sont g\u00e9n\u00e9ralement les plus chers.<\/p>\n<h3>Quel est le meilleur moment pour r\u00e9server un billet d&#039;avion pas cher pour le Kowe\u00eft ?<\/h3>\n<p>R\u00e9servation 55 jours avant la date de d\u00e9part pr\u00e9vue, en moyenne, le meilleur billet d&#039;avion pour le Kowe\u00eft. La tendance g\u00e9n\u00e9rale est que plus vous r\u00e9servez pr\u00e8s de la date de d\u00e9part, plus votre vol sera co\u00fbteux.<\/p>\n<h3>Quel est le meilleur moment pour partir au Kowe\u00eft ?<\/h3>\n<p>La saison printani\u00e8re de f\u00e9vrier \u00e0 avril est fra\u00eeche et agr\u00e9able, ce qui en fait le meilleur temps pour voyager. Pendant ce temps, le d\u00e9sert est drap\u00e9 de p\u00e9tunias. Quoi qu&#039;il en soit, les visiteurs doivent s&#039;assurer de rester \u00e0 l&#039;abri des temp\u00eates de sable.<\/p>\n<p>Le temps humide et chaud des mois d&#039;\u00e9t\u00e9 de mai \u00e0 octobre, lorsque les temp\u00e9ratures peuvent atteindre environ 49 degr\u00e9s, \u00e9loigne g\u00e9n\u00e9ralement les visiteurs. Quoi qu&#039;il en soit, si vous pensez pouvoir supporter les conditions chaudes, c&#039;est l&#039;excellente p\u00e9riode de l&#039;ann\u00e9e pour trouver des billets d&#039;avion pas chers pour le Kowe\u00eft avec peu de pluie et un temps frais pendant la journ\u00e9e.<\/p>\n<p>Pas de probl\u00e8me lorsque vous r\u00e9servez des billets d&#039;avion pas chers pour le Kowe\u00eft, vous ne vous amuserez pas en raison de son calendrier rempli de festivals, d&#039;\u00e9v\u00e9nements et de c\u00e9l\u00e9brations. L&#039;un des \u00e9v\u00e9nements marquants du Kowe\u00eft est leur festival Hala d&#039;un mois en f\u00e9vrier, qui pr\u00e9sente des d\u00e9fil\u00e9s, des activit\u00e9s culturelles et des d\u00e9fil\u00e9s. Le festival attire plus de 90 000 visiteurs, de sorte que les offres de vols vers le Kowe\u00eft peuvent \u00eatre plus r\u00e9serv\u00e9es que d&#039;habitude.<\/p>\n<h3>Quel est le meilleur mois pour partir \u00e0 Kowe\u00eft ?<\/h3>\n<p>F\u00e9vrier est g\u00e9n\u00e9ralement le meilleur moment pour voyager au Kowe\u00eft, mais il y a d&#039;autres moments o\u00f9 les vols et les offres d&#039;h\u00f4tels au Kowe\u00eft sont accessibles. Si vous recherchez un temps chaud \u00e0 l&#039;arriv\u00e9e de votre vol pour le Kowe\u00eft, le mois de juin est statistiquement le plus chaud.<\/p>\n<h3>Quelles sont les meilleures compagnies a\u00e9riennes proposant des vols vers le Kowe\u00eft ?<\/h3>\n<p>Qatar Airways<br \/>\nEmirats<br \/>\nBritish Airways<br \/>\nKowe\u00eft Airways<br \/>\nLufthansa<br \/>\nEthihad Airways<br \/>\nKLM<br \/>\nCompagnies a\u00e9riennes royales jordaniennes<\/p>\n<h2>Se d\u00e9placer au Kowe\u00eft<\/h2>\n<p>Utilisez le syst\u00e8me de transport en commun pour vous rendre de l&#039;a\u00e9roport \u00e0 votre lieu au Kowe\u00eft une fois que vos billets d&#039;avion pas chers pour le Kowe\u00eft ont atterri. Le service de bus est un choix abordable et couvre la majeure partie du pays sur diff\u00e9rents itin\u00e9raires.<\/p>\n<p>Si vous pr\u00e9voyez de prendre un taxi, vous devrez n\u00e9gocier le prix avec votre chauffeur d\u00e8s votre entr\u00e9e dans le taxi. La plupart des services de voiture au Kowe\u00eft ne fonctionnent pas sur les syst\u00e8mes de compteurs. La location d&#039;un v\u00e9hicule n\u00e9cessite un permis de conduire international ou un permis de conduire d&#039;un autre pays du Golfe, mais dans tous les cas, vous devrez souscrire une assurance v\u00e9hicule, ce qui peut \u00eatre fait \u00e0 l&#039;agence de location.<\/p>","protected":false},"excerpt":{"rendered":"<p>Looking for cheap airline ticket to Kuwait or last minute deals? Search, compare and book cheap Kuwait flights online now. Book cheap flights to Kuwait online and save money on airfare. Kuwait exudes the magic of Arabian adventure, and so, the travelers find lots of things to do in Kuwait. Apart from enjoying wonderful accommodation [&hellip;]<\/p>\n","protected":false},"author":1,"featured_media":14041,"parent":0,"menu_order":0,"comment_status":"open","ping_status":"closed","template":"template-home-modern.php","meta":{"footnotes":""},"class_list":["post-11720","page","type-page","status-publish","has-post-thumbnail","hentry"],"yoast_head":"<!-- This site is optimized with the Yoast SEO plugin v27.4 - https:\/\/yoast.com\/product\/yoast-seo-wordpress\/ -->\n<title>Cheap Flights to Kuwait<\/title>\n<meta name=\"description\" content=\"Looking for cheap flights to Kuwait? Search, compare and book cheap airline ticket from to\u00a0Kuwait online and save money\" \/>\n<meta name=\"robots\" content=\"index, follow, max-snippet:-1, max-image-preview:large, max-video-preview:-1\" \/>\n<link rel=\"canonical\" href=\"https:\/\/tiketi.com\/fr-fr\/cheap-flights-to-kuwait\/\" \/>\n<meta property=\"og:locale\" content=\"fr_FR\" \/>\n<meta property=\"og:type\" content=\"article\" \/>\n<meta property=\"og:title\" content=\"Cheap Flights to Kuwait\" \/>\n<meta property=\"og:description\" content=\"Looking for cheap flights to Kuwait? Search, compare and book cheap airline ticket from to\u00a0Kuwait online and save money\" \/>\n<meta property=\"og:url\" content=\"https:\/\/tiketi.com\/fr-fr\/cheap-flights-to-kuwait\/\" \/>\n<meta property=\"og:site_name\" content=\"Tiketi.com\" \/>\n<meta property=\"article:publisher\" content=\"https:\/\/www.facebook.com\/TiketiCom\/\" \/>\n<meta property=\"article:modified_time\" content=\"2022-02-10T11:54:26+00:00\" \/>\n<meta property=\"og:image\" content=\"https:\/\/tiketi.com\/wp-content\/uploads\/2022\/01\/flight-ticket-booking-sorasak-KxCJXXGsv9I-unsplas.jpg\" \/>\n\t<meta property=\"og:image:width\" content=\"1200\" \/>\n\t<meta property=\"og:image:height\" content=\"240\" \/>\n\t<meta property=\"og:image:type\" content=\"image\/jpeg\" \/>\n<meta name=\"twitter:card\" content=\"summary_large_image\" \/>\n<meta name=\"twitter:label1\" content=\"Dur\u00e9e de lecture estim\u00e9e\" \/>\n\t<meta name=\"twitter:data1\" content=\"4 minutes\" \/>\n<script type=\"application\/ld+json\" class=\"yoast-schema-graph\">{\"@context\":\"https:\\\/\\\/schema.org\",\"@graph\":[{\"@type\":\"WebPage\",\"@id\":\"https:\\\/\\\/tiketi.com\\\/cheap-flights-to-kuwait\\\/\",\"url\":\"https:\\\/\\\/tiketi.com\\\/cheap-flights-to-kuwait\\\/\",\"name\":\"Cheap Flights to Kuwait\",\"isPartOf\":{\"@id\":\"https:\\\/\\\/tiketi.com\\\/#website\"},\"primaryImageOfPage\":{\"@id\":\"https:\\\/\\\/tiketi.com\\\/cheap-flights-to-kuwait\\\/#primaryimage\"},\"image\":{\"@id\":\"https:\\\/\\\/tiketi.com\\\/cheap-flights-to-kuwait\\\/#primaryimage\"},\"thumbnailUrl\":\"https:\\\/\\\/tiketi.com\\\/wp-content\\\/uploads\\\/2022\\\/01\\\/flight-ticket-booking-sorasak-KxCJXXGsv9I-unsplas.jpg\",\"datePublished\":\"2022-01-19T11:55:07+00:00\",\"dateModified\":\"2022-02-10T11:54:26+00:00\",\"description\":\"Looking for cheap flights to Kuwait? Search, compare and book cheap airline ticket from to\u00a0Kuwait online and save money\",\"breadcrumb\":{\"@id\":\"https:\\\/\\\/tiketi.com\\\/cheap-flights-to-kuwait\\\/#breadcrumb\"},\"inLanguage\":\"fr-FR\",\"potentialAction\":[{\"@type\":\"ReadAction\",\"target\":[\"https:\\\/\\\/tiketi.com\\\/cheap-flights-to-kuwait\\\/\"]}]},{\"@type\":\"ImageObject\",\"inLanguage\":\"fr-FR\",\"@id\":\"https:\\\/\\\/tiketi.com\\\/cheap-flights-to-kuwait\\\/#primaryimage\",\"url\":\"https:\\\/\\\/tiketi.com\\\/wp-content\\\/uploads\\\/2022\\\/01\\\/flight-ticket-booking-sorasak-KxCJXXGsv9I-unsplas.jpg\",\"contentUrl\":\"https:\\\/\\\/tiketi.com\\\/wp-content\\\/uploads\\\/2022\\\/01\\\/flight-ticket-booking-sorasak-KxCJXXGsv9I-unsplas.jpg\",\"width\":1200,\"height\":240,\"caption\":\"Online flight ticket booking\"},{\"@type\":\"BreadcrumbList\",\"@id\":\"https:\\\/\\\/tiketi.com\\\/cheap-flights-to-kuwait\\\/#breadcrumb\",\"itemListElement\":[{\"@type\":\"ListItem\",\"position\":1,\"name\":\"Home\",\"item\":\"https:\\\/\\\/tiketi.com\\\/\"},{\"@type\":\"ListItem\",\"position\":2,\"name\":\"Cheap Flights to Kuwait\"}]},{\"@type\":\"WebSite\",\"@id\":\"https:\\\/\\\/tiketi.com\\\/#website\",\"url\":\"https:\\\/\\\/tiketi.com\\\/\",\"name\":\"Flight & Bus Tickets, Tour Packages & Activitites - Tiketi.com\",\"description\":\"Flight &amp; Bus Tickets, Tours, Activitites\",\"publisher\":{\"@id\":\"https:\\\/\\\/tiketi.com\\\/#organization\"},\"potentialAction\":[{\"@type\":\"SearchAction\",\"target\":{\"@type\":\"EntryPoint\",\"urlTemplate\":\"https:\\\/\\\/tiketi.com\\\/?s={search_term_string}\"},\"query-input\":{\"@type\":\"PropertyValueSpecification\",\"valueRequired\":true,\"valueName\":\"search_term_string\"}}],\"inLanguage\":\"fr-FR\"},{\"@type\":\"Organization\",\"@id\":\"https:\\\/\\\/tiketi.com\\\/#organization\",\"name\":\"Tiketi.com\",\"alternateName\":\"Tiketi\",\"url\":\"https:\\\/\\\/tiketi.com\\\/\",\"logo\":{\"@type\":\"ImageObject\",\"inLanguage\":\"fr-FR\",\"@id\":\"https:\\\/\\\/tiketi.com\\\/#\\\/schema\\\/logo\\\/image\\\/\",\"url\":\"https:\\\/\\\/tiketi.com\\\/wp-content\\\/uploads\\\/2019\\\/05\\\/tiketi-logo-696.png\",\"contentUrl\":\"https:\\\/\\\/tiketi.com\\\/wp-content\\\/uploads\\\/2019\\\/05\\\/tiketi-logo-696.png\",\"width\":696,\"height\":696,\"caption\":\"Tiketi.com\"},\"image\":{\"@id\":\"https:\\\/\\\/tiketi.com\\\/#\\\/schema\\\/logo\\\/image\\\/\"},\"sameAs\":[\"https:\\\/\\\/www.facebook.com\\\/TiketiCom\\\/\"]}]}<\/script>\n<!-- \/ Yoast SEO plugin. -->","yoast_head_json":{"title":"Vols pas chers vers Kowe\u00eft","description":"Vous cherchez des vols pas chers pour le Kowe\u00eft ? Recherchez, comparez et r\u00e9servez en ligne un billet d&#039;avion pas cher de vers Kowe\u00eft et \u00e9conomisez de l&#039;argent","robots":{"index":"index","follow":"follow","max-snippet":"max-snippet:-1","max-image-preview":"max-image-preview:large","max-video-preview":"max-video-preview:-1"},"canonical":"https:\/\/tiketi.com\/fr-fr\/cheap-flights-to-kuwait\/","og_locale":"fr_FR","og_type":"article","og_title":"Cheap Flights to Kuwait","og_description":"Looking for cheap flights to Kuwait? Search, compare and book cheap airline ticket from to\u00a0Kuwait online and save money","og_url":"https:\/\/tiketi.com\/fr-fr\/cheap-flights-to-kuwait\/","og_site_name":"Tiketi.com","article_publisher":"https:\/\/www.facebook.com\/TiketiCom\/","article_modified_time":"2022-02-10T11:54:26+00:00","og_image":[{"width":1200,"height":240,"url":"https:\/\/tiketi.com\/wp-content\/uploads\/2022\/01\/flight-ticket-booking-sorasak-KxCJXXGsv9I-unsplas.jpg","type":"image\/jpeg"}],"twitter_card":"summary_large_image","twitter_misc":{"Dur\u00e9e de lecture estim\u00e9e":"4 minutes"},"schema":{"@context":"https:\/\/schema.org","@graph":[{"@type":"WebPage","@id":"https:\/\/tiketi.com\/cheap-flights-to-kuwait\/","url":"https:\/\/tiketi.com\/cheap-flights-to-kuwait\/","name":"Vols pas chers vers Kowe\u00eft","isPartOf":{"@id":"https:\/\/tiketi.com\/#website"},"primaryImageOfPage":{"@id":"https:\/\/tiketi.com\/cheap-flights-to-kuwait\/#primaryimage"},"image":{"@id":"https:\/\/tiketi.com\/cheap-flights-to-kuwait\/#primaryimage"},"thumbnailUrl":"https:\/\/tiketi.com\/wp-content\/uploads\/2022\/01\/flight-ticket-booking-sorasak-KxCJXXGsv9I-unsplas.jpg","datePublished":"2022-01-19T11:55:07+00:00","dateModified":"2022-02-10T11:54:26+00:00","description":"Vous cherchez des vols pas chers pour le Kowe\u00eft ? Recherchez, comparez et r\u00e9servez en ligne un billet d&#039;avion pas cher de vers Kowe\u00eft et \u00e9conomisez de l&#039;argent","breadcrumb":{"@id":"https:\/\/tiketi.com\/cheap-flights-to-kuwait\/#breadcrumb"},"inLanguage":"fr-FR","potentialAction":[{"@type":"ReadAction","target":["https:\/\/tiketi.com\/cheap-flights-to-kuwait\/"]}]},{"@type":"ImageObject","inLanguage":"fr-FR","@id":"https:\/\/tiketi.com\/cheap-flights-to-kuwait\/#primaryimage","url":"https:\/\/tiketi.com\/wp-content\/uploads\/2022\/01\/flight-ticket-booking-sorasak-KxCJXXGsv9I-unsplas.jpg","contentUrl":"https:\/\/tiketi.com\/wp-content\/uploads\/2022\/01\/flight-ticket-booking-sorasak-KxCJXXGsv9I-unsplas.jpg","width":1200,"height":240,"caption":"Online flight ticket booking"},{"@type":"BreadcrumbList","@id":"https:\/\/tiketi.com\/cheap-flights-to-kuwait\/#breadcrumb","itemListElement":[{"@type":"ListItem","position":1,"name":"Home","item":"https:\/\/tiketi.com\/"},{"@type":"ListItem","position":2,"name":"Cheap Flights to Kuwait"}]},{"@type":"WebSite","@id":"https:\/\/tiketi.com\/#website","url":"https:\/\/tiketi.com\/","name":"Billets d&#039;avion et de bus, forfaits touristiques et activit\u00e9s - Tiketi.com","description":"Billets d&#039;avion et de bus, Tours, Activit\u00e9s","publisher":{"@id":"https:\/\/tiketi.com\/#organization"},"potentialAction":[{"@type":"SearchAction","target":{"@type":"EntryPoint","urlTemplate":"https:\/\/tiketi.com\/?s={search_term_string}"},"query-input":{"@type":"PropertyValueSpecification","valueRequired":true,"valueName":"search_term_string"}}],"inLanguage":"fr-FR"},{"@type":"Organization","@id":"https:\/\/tiketi.com\/#organization","name":"Tiketi.com","alternateName":"Tiketi","url":"https:\/\/tiketi.com\/","logo":{"@type":"ImageObject","inLanguage":"fr-FR","@id":"https:\/\/tiketi.com\/#\/schema\/logo\/image\/","url":"https:\/\/tiketi.com\/wp-content\/uploads\/2019\/05\/tiketi-logo-696.png","contentUrl":"https:\/\/tiketi.com\/wp-content\/uploads\/2019\/05\/tiketi-logo-696.png","width":696,"height":696,"caption":"Tiketi.com"},"image":{"@id":"https:\/\/tiketi.com\/#\/schema\/logo\/image\/"},"sameAs":["https:\/\/www.facebook.com\/TiketiCom\/"]}]}},"_links":{"self":[{"href":"https:\/\/tiketi.com\/fr-fr\/wp-json\/wp\/v2\/pages\/11720","targetHints":{"allow":["GET"]}}],"collection":[{"href":"https:\/\/tiketi.com\/fr-fr\/wp-json\/wp\/v2\/pages"}],"about":[{"href":"https:\/\/tiketi.com\/fr-fr\/wp-json\/wp\/v2\/types\/page"}],"author":[{"embeddable":true,"href":"https:\/\/tiketi.com\/fr-fr\/wp-json\/wp\/v2\/users\/1"}],"replies":[{"embeddable":true,"href":"https:\/\/tiketi.com\/fr-fr\/wp-json\/wp\/v2\/comments?post=11720"}],"version-history":[{"count":0,"href":"https:\/\/tiketi.com\/fr-fr\/wp-json\/wp\/v2\/pages\/11720\/revisions"}],"wp:featuredmedia":[{"embeddable":true,"href":"https:\/\/tiketi.com\/fr-fr\/wp-json\/wp\/v2\/media\/14041"}],"wp:attachment":[{"href":"https:\/\/tiketi.com\/fr-fr\/wp-json\/wp\/v2\/media?parent=11720"}],"curies":[{"name":"wp","href":"https:\/\/api.w.org\/{rel}","templated":true}]}}