{"id":11721,"date":"2022-01-19T12:55:07","date_gmt":"2022-01-19T11:55:07","guid":{"rendered":"https:\/\/new.tiketi.com\/cheap-flights-to-pakistan\/"},"modified":"2022-02-10T15:31:05","modified_gmt":"2022-02-10T14:31:05","slug":"cheap-flights-to-pakistan","status":"publish","type":"page","link":"https:\/\/tiketi.com\/fr-fr\/cheap-flights-to-pakistan\/","title":{"rendered":"Vols pas chers vers Pakistan"},"content":{"rendered":"<h2>Vous recherchez un billet d&#039;avion pas cher pour le Pakistan ou des offres de derni\u00e8re minute ?<\/h2>\n<h3>Recherchez, comparez et r\u00e9servez en ligne d\u00e8s maintenant des vols pas chers au Pakistan.<\/h3>\n<p>R\u00e9servez en ligne des vols pas chers pour le Pakistan et \u00e9conomisez de l&#039;argent sur les billets d&#039;avion. Pendant des si\u00e8cles avant d&#039;obtenir son ind\u00e9pendance, le Pakistan \u00e9tait gouvern\u00e9 par diff\u00e9rents dirigeants, des colonialistes britanniques aux empereurs moghols amoureux de la nature. Une histoire aussi merveilleuse et complexe a laiss\u00e9 derri\u00e8re elle diff\u00e9rents monuments militaires et religieux diss\u00e9min\u00e9s \u00e0 travers le pays, o\u00f9 d&#039;\u00e9tonnants forts, mosqu\u00e9es, monuments nationaux et mausol\u00e9es se dressent encore aujourd&#039;hui. Comparez les prix et obtenez les tarifs les plus bas sur les billets d&#039;avion de Pakistan gr\u00e2ce \u00e0 des offres exceptionnelles sur la r\u00e9servation de billets en ligne de vols Pakistan.<\/p>\n<h2>Voici quelques-unes des meilleures attractions du Pakistan<\/h2>\n<h3>Mosqu\u00e9e Fay\u00e7al<\/h3>\n<p>Les travaux de construction ont commenc\u00e9 en 1976 et se sont finalement termin\u00e9s 10 ans plus tard. La mosqu\u00e9e porte le nom de Faisal Bin Abdul-Aziz, le Saoudien qui a conseill\u00e9 l&#039;id\u00e9e d&#039;une mosqu\u00e9e nationale pakistanaise et a largement financ\u00e9 sa construction. La salle de pri\u00e8re de cinq mille m\u00e8tres carr\u00e9s est une structure en b\u00e9ton \u00e0 8 c\u00f4t\u00e9s, inspir\u00e9e des tendances tr\u00e8s anciennes des B\u00e9douins, avec une capacit\u00e9 de 100 000 fid\u00e8les.<\/p>\n<h3>Monument du Pakistan<\/h3>\n<p>Le monument du Pakistan a \u00e9t\u00e9 inaugur\u00e9 \u00e0 Islamabad le 23 mars 2007 en tant que monument national incarnant l&#039;histoire du Pakistan et est en effet riche de r\u00e9f\u00e9rences culturelles importantes. Pour sa conception, Arif Masood (architecte) s&#039;est inspir\u00e9 de la figure d&#039;une fleur \u00e9panouie pour repr\u00e9senter les 4 provinces et 3 territoires dans lesquels le Pakistan est divis\u00e9. La structure se compose de 4 p\u00e9tales plus grands, altern\u00e9s avec 3 plus petits, construits en granit et d\u00e9cor\u00e9s de peintures murales.<\/p>\n<h3>Minar-e-Pakistan<\/h3>\n<p>Le 23 mars 1940, la Ligue musulmane de toute l&#039;Inde a adopt\u00e9 une r\u00e9solution qui montrait l&#039;\u00e9tape d\u00e9cisive vers la fondation du Pakistan. 20 ans plus tard, sur le site de Lahore o\u00f9 cet \u00e9v\u00e9nement historique avait eu lieu, les travaux de construction d&#039;un monument comm\u00e9moratif, le Minar-e-Pakistan, ont commenc\u00e9 8 ans plus tard.<\/p>\n<h3>Mosqu\u00e9e Badshahi<\/h3>\n<p>La magnifique mosqu\u00e9e Badshahi \u00e0 Lahore est l&#039;un des sites les plus effrayants pour les musulmans. Construite en 1673, cette mosqu\u00e9e a \u00e9t\u00e9 la plus grande du monde pendant plus de 300 ans jusqu&#039;\u00e0 l&#039;ach\u00e8vement de la mosqu\u00e9e Faisal en 1986. Sa grande cour, qui s&#039;\u00e9tend sur une superficie de 26 000 m\u00e8tres carr\u00e9s, reste la plus grande du monde et peut accueillir jusqu&#039;\u00e0 97 000 personnes. adorateurs. Les murs ext\u00e9rieurs des mosqu\u00e9es sont rev\u00eatus de panneaux de gr\u00e8s rouge, minutieusement sculpt\u00e9s de charmants motifs lotiformes et agr\u00e9ment\u00e9s d&#039;incrustations de marbre.<\/p>\n<h2>FAQ sur les vols pas chers vers le Pakistan<\/h2>\n<h3>Quelles compagnies a\u00e9riennes op\u00e8rent des vols vers le Pakistan ?<\/h3>\n<p><strong>Compagnies a\u00e9riennes pakistanaises internationales<\/strong><\/p>\n<p>British Airways<br \/>\nEmirats<br \/>\nEtihad Airways<br \/>\nTurkish Airlines<br \/>\nCompagnies a\u00e9riennes saoudiennes<br \/>\nQatar Airways<br \/>\nAir d&#039;Oman<br \/>\nAir du Golfe<\/p>\n<h3>Grands a\u00e9roports internationaux au Pakistan pour des vols pas chers vers le Pakistan<\/h3>\n<p>A\u00e9roport international de Jinnah<\/p>\n<p>A\u00e9roport international d&#039;Islamabad<\/p>\n<p>A\u00e9roport international Allama-Iqbal<\/p>\n<p>A\u00e9roport international de Quetta<\/p>\n<p>A\u00e9roport international de Multan<\/p>\n<p>A\u00e9roport international de Sialkot<\/p>\n<p>A\u00e9roport international de Quetta<\/p>\n<h3>Quelles sont les destinations les plus c\u00e9l\u00e8bres du Pakistan ?<\/h3>\n<p>La destination la plus c\u00e9l\u00e8bre est Islamabad (cinquante-deux pour cent du total des recherches vers des vols directs vers le Pakistan). Les destinations les plus c\u00e9l\u00e8bres sont Lahore (vingt-quatre pour cent), Karachi (seize pour cent). Les vols vers Sialkot (quatre pour cent), Faisalabad (deux pour cent) et Multan (un pour cent) sont \u00e9galement c\u00e9l\u00e8bres.<\/p>\n<h3>Temps de r\u00e9servation pour r\u00e9server un billet d&#039;avion pas cher pour le Pakistan<\/h3>\n<p>Si le surf et la voile sont sur votre liste de choses \u00e0 faire, alors r\u00e9servez un billet d&#039;avion pour le Pakistan et des offres d&#039;h\u00f4tel entre mai et octobre, lorsque les conditions chaudes font de la mer d&#039;Oman le meilleur endroit pour jouer.<\/p>\n<p><strong>Haute saison<\/strong><br \/>\nSi vous pr\u00e9voyez de rester pr\u00e8s du Balouchistan, du Sind et du Pendjab, r\u00e9servez des vols pour le Pakistan pendant les mois froids entre octobre et f\u00e9vrier, car apr\u00e8s, la chaleur peut \u00eatre tr\u00e8s \u00e9lev\u00e9e. Si vous avez le trekking \u00e0 l&#039;esprit, vous voudrez r\u00e9server vos vols entre mai et octobre, car m\u00eame s&#039;il peut encore y avoir des temp\u00eates.<\/p>\n<p><strong>Hors saison<\/strong><br \/>\nMoins de personnes r\u00e9servent des vols pour le Pakistan pendant le Ramadan, car l&#039;activit\u00e9 diminue et les restaurants et caf\u00e9s ouverts sont difficiles \u00e0 trouver. Bien que ce soit un moment moins souhaitable pour la plupart, c&#039;est aussi un moment remarquable pour \u00e9conomiser sur les compagnies a\u00e9riennes.<\/p>\n<h3>Vols au Pakistan depuis les a\u00e9roports britanniques<\/h3>\n<p>Des vols bon march\u00e9 vers le Pakistan depuis le Royaume-Uni partent des a\u00e9roports de Manchester, Londres Heathrow, Leads Bradford et Birmingham, des vols directs vers Karachi, Islamabad et Lahore en aussi peu que 8 heures. Des compagnies a\u00e9riennes reliant le Pakistan sont alors accessibles pour vous emmener dans des lieux c\u00e9l\u00e8bres tels que Peshawar et Hyderabad.<\/p>\n<h2>Se d\u00e9placer au Pakistan<\/h2>\n<p>Avec une multitude de vols locaux au d\u00e9part tous les jours, ainsi que des services d&#039;autocars interurbains et un grand r\u00e9seau ferroviaire, se d\u00e9placer au Pakistan est assez simple. Vous trouverez des vols internationaux r\u00e9guliers entre les grandes villes comme Lahore, Karachi, Islamabad, Peshawar, Multan et Faisalabad avec des compagnies a\u00e9riennes telles que Pakistan International Airlines, Airblue et Shaheen Air. Si vous ne voulez pas prendre l&#039;avion, des compagnies d&#039;autocars comme Daewoo Express proposent un service de bus relaxant entre les grandes villes.<\/p>\n<p>Les trains sont \u00e9galement un meilleur choix - mais sachez qu&#039;ils peuvent devenir extr\u00eamement encombr\u00e9s. Pour un voyage le plus relaxant possible, r\u00e9servez un billet en classe affaires climatis\u00e9e. Dans ce grand pays, les trajets peuvent prendre de nombreuses heures - de Karachi \u00e0 Lahore, comptez environ vingt heures de trajet, tandis que de Karachi \u00e0 Peshawar, vous pourriez avoir un trajet pouvant aller jusqu&#039;\u00e0 30 heures. Vous pouvez \u00e9galement louer une voiture de location. Les routes sont bien construites dans le cadre du nouveau projet CPEC. Si vous \u00eates d\u00e9termin\u00e9 \u00e0 conduire, l&#039;embauche d&#039;un chauffeur avec votre v\u00e9hicule pourrait \u00eatre envisag\u00e9e.<\/p>","protected":false},"excerpt":{"rendered":"<p>Looking for cheap airline ticket to Pakistan or last minute deals? Search, compare and book cheap Pakistan flights&nbsp; online now. Book cheap flights to Pakistan online and save money on airfare.&nbsp;For centuries before getting independence, Pakistan was governed by different rulers, from the British colonialists to nature-loving Mughal Emperors. Such a wonderful and complex history [&hellip;]<\/p>\n","protected":false},"author":1,"featured_media":14041,"parent":0,"menu_order":0,"comment_status":"open","ping_status":"closed","template":"template-home-modern.php","meta":{"footnotes":""},"class_list":["post-11721","page","type-page","status-publish","has-post-thumbnail","hentry"],"yoast_head":"<!-- This site is optimized with the Yoast SEO plugin v27.3 - https:\/\/yoast.com\/product\/yoast-seo-wordpress\/ -->\n<title>Cheap\u00a0Flights to Pakistan<\/title>\n<meta name=\"description\" content=\"Looking for cheap flights to\u00a0Pakistan? Search, compare and book cheap airline ticket from to\u00a0Pakistan online\" \/>\n<meta name=\"robots\" content=\"index, follow, max-snippet:-1, max-image-preview:large, max-video-preview:-1\" \/>\n<link rel=\"canonical\" href=\"https:\/\/tiketi.com\/fr-fr\/cheap-flights-to-pakistan\/\" \/>\n<meta property=\"og:locale\" content=\"fr_FR\" \/>\n<meta property=\"og:type\" content=\"article\" \/>\n<meta property=\"og:title\" content=\"Cheap\u00a0Flights to Pakistan\" \/>\n<meta property=\"og:description\" content=\"Looking for cheap flights to\u00a0Pakistan? Search, compare and book cheap airline ticket from to\u00a0Pakistan online\" \/>\n<meta property=\"og:url\" content=\"https:\/\/tiketi.com\/fr-fr\/cheap-flights-to-pakistan\/\" \/>\n<meta property=\"og:site_name\" content=\"Tiketi.com\" \/>\n<meta property=\"article:publisher\" content=\"https:\/\/www.facebook.com\/TiketiCom\/\" \/>\n<meta property=\"article:modified_time\" content=\"2022-02-10T14:31:05+00:00\" \/>\n<meta property=\"og:image\" content=\"https:\/\/tiketi.com\/wp-content\/uploads\/2022\/01\/flight-ticket-booking-sorasak-KxCJXXGsv9I-unsplas.jpg\" \/>\n\t<meta property=\"og:image:width\" content=\"1200\" \/>\n\t<meta property=\"og:image:height\" content=\"240\" \/>\n\t<meta property=\"og:image:type\" content=\"image\/jpeg\" \/>\n<meta name=\"twitter:card\" content=\"summary_large_image\" \/>\n<meta name=\"twitter:label1\" content=\"Dur\u00e9e de lecture estim\u00e9e\" \/>\n\t<meta name=\"twitter:data1\" content=\"4 minutes\" \/>\n<script type=\"application\/ld+json\" class=\"yoast-schema-graph\">{\"@context\":\"https:\\\/\\\/schema.org\",\"@graph\":[{\"@type\":\"WebPage\",\"@id\":\"https:\\\/\\\/tiketi.com\\\/sw\\\/cheap-flights-to-pakistan\\\/\",\"url\":\"https:\\\/\\\/tiketi.com\\\/sw\\\/cheap-flights-to-pakistan\\\/\",\"name\":\"Cheap\u00a0Flights to Pakistan\",\"isPartOf\":{\"@id\":\"https:\\\/\\\/tiketi.com\\\/#website\"},\"primaryImageOfPage\":{\"@id\":\"https:\\\/\\\/tiketi.com\\\/sw\\\/cheap-flights-to-pakistan\\\/#primaryimage\"},\"image\":{\"@id\":\"https:\\\/\\\/tiketi.com\\\/sw\\\/cheap-flights-to-pakistan\\\/#primaryimage\"},\"thumbnailUrl\":\"https:\\\/\\\/tiketi.com\\\/wp-content\\\/uploads\\\/2022\\\/01\\\/flight-ticket-booking-sorasak-KxCJXXGsv9I-unsplas.jpg\",\"datePublished\":\"2022-01-19T11:55:07+00:00\",\"dateModified\":\"2022-02-10T14:31:05+00:00\",\"description\":\"Looking for cheap flights to\u00a0Pakistan? Search, compare and book cheap airline ticket from to\u00a0Pakistan online\",\"breadcrumb\":{\"@id\":\"https:\\\/\\\/tiketi.com\\\/sw\\\/cheap-flights-to-pakistan\\\/#breadcrumb\"},\"inLanguage\":\"fr-FR\",\"potentialAction\":[{\"@type\":\"ReadAction\",\"target\":[\"https:\\\/\\\/tiketi.com\\\/sw\\\/cheap-flights-to-pakistan\\\/\"]}]},{\"@type\":\"ImageObject\",\"inLanguage\":\"fr-FR\",\"@id\":\"https:\\\/\\\/tiketi.com\\\/sw\\\/cheap-flights-to-pakistan\\\/#primaryimage\",\"url\":\"https:\\\/\\\/tiketi.com\\\/wp-content\\\/uploads\\\/2022\\\/01\\\/flight-ticket-booking-sorasak-KxCJXXGsv9I-unsplas.jpg\",\"contentUrl\":\"https:\\\/\\\/tiketi.com\\\/wp-content\\\/uploads\\\/2022\\\/01\\\/flight-ticket-booking-sorasak-KxCJXXGsv9I-unsplas.jpg\",\"width\":1200,\"height\":240,\"caption\":\"Online flight ticket booking\"},{\"@type\":\"BreadcrumbList\",\"@id\":\"https:\\\/\\\/tiketi.com\\\/sw\\\/cheap-flights-to-pakistan\\\/#breadcrumb\",\"itemListElement\":[{\"@type\":\"ListItem\",\"position\":1,\"name\":\"Home\",\"item\":\"https:\\\/\\\/tiketi.com\\\/\"},{\"@type\":\"ListItem\",\"position\":2,\"name\":\"Cheap\u00a0Flights to Pakistan\"}]},{\"@type\":\"WebSite\",\"@id\":\"https:\\\/\\\/tiketi.com\\\/#website\",\"url\":\"https:\\\/\\\/tiketi.com\\\/\",\"name\":\"Flight & Bus Tickets, Tour Packages & Activitites - Tiketi.com\",\"description\":\"Flight &amp; Bus Tickets, Tours, Activitites\",\"publisher\":{\"@id\":\"https:\\\/\\\/tiketi.com\\\/#organization\"},\"potentialAction\":[{\"@type\":\"SearchAction\",\"target\":{\"@type\":\"EntryPoint\",\"urlTemplate\":\"https:\\\/\\\/tiketi.com\\\/?s={search_term_string}\"},\"query-input\":{\"@type\":\"PropertyValueSpecification\",\"valueRequired\":true,\"valueName\":\"search_term_string\"}}],\"inLanguage\":\"fr-FR\"},{\"@type\":\"Organization\",\"@id\":\"https:\\\/\\\/tiketi.com\\\/#organization\",\"name\":\"Tiketi.com\",\"alternateName\":\"Tiketi\",\"url\":\"https:\\\/\\\/tiketi.com\\\/\",\"logo\":{\"@type\":\"ImageObject\",\"inLanguage\":\"fr-FR\",\"@id\":\"https:\\\/\\\/tiketi.com\\\/#\\\/schema\\\/logo\\\/image\\\/\",\"url\":\"https:\\\/\\\/tiketi.com\\\/wp-content\\\/uploads\\\/2019\\\/05\\\/tiketi-logo-696.png\",\"contentUrl\":\"https:\\\/\\\/tiketi.com\\\/wp-content\\\/uploads\\\/2019\\\/05\\\/tiketi-logo-696.png\",\"width\":696,\"height\":696,\"caption\":\"Tiketi.com\"},\"image\":{\"@id\":\"https:\\\/\\\/tiketi.com\\\/#\\\/schema\\\/logo\\\/image\\\/\"},\"sameAs\":[\"https:\\\/\\\/www.facebook.com\\\/TiketiCom\\\/\"]}]}<\/script>\n<!-- \/ Yoast SEO plugin. -->","yoast_head_json":{"title":"Vols pas chers vers Pakistan","description":"Vous cherchez des vols pas chers pour le Pakistan ? Recherchez, comparez et r\u00e9servez en ligne un billet d&#039;avion pas cher du vers Pakistan","robots":{"index":"index","follow":"follow","max-snippet":"max-snippet:-1","max-image-preview":"max-image-preview:large","max-video-preview":"max-video-preview:-1"},"canonical":"https:\/\/tiketi.com\/fr-fr\/cheap-flights-to-pakistan\/","og_locale":"fr_FR","og_type":"article","og_title":"Cheap\u00a0Flights to Pakistan","og_description":"Looking for cheap flights to\u00a0Pakistan? Search, compare and book cheap airline ticket from to\u00a0Pakistan online","og_url":"https:\/\/tiketi.com\/fr-fr\/cheap-flights-to-pakistan\/","og_site_name":"Tiketi.com","article_publisher":"https:\/\/www.facebook.com\/TiketiCom\/","article_modified_time":"2022-02-10T14:31:05+00:00","og_image":[{"width":1200,"height":240,"url":"https:\/\/tiketi.com\/wp-content\/uploads\/2022\/01\/flight-ticket-booking-sorasak-KxCJXXGsv9I-unsplas.jpg","type":"image\/jpeg"}],"twitter_card":"summary_large_image","twitter_misc":{"Dur\u00e9e de lecture estim\u00e9e":"4 minutes"},"schema":{"@context":"https:\/\/schema.org","@graph":[{"@type":"WebPage","@id":"https:\/\/tiketi.com\/sw\/cheap-flights-to-pakistan\/","url":"https:\/\/tiketi.com\/sw\/cheap-flights-to-pakistan\/","name":"Vols pas chers vers Pakistan","isPartOf":{"@id":"https:\/\/tiketi.com\/#website"},"primaryImageOfPage":{"@id":"https:\/\/tiketi.com\/sw\/cheap-flights-to-pakistan\/#primaryimage"},"image":{"@id":"https:\/\/tiketi.com\/sw\/cheap-flights-to-pakistan\/#primaryimage"},"thumbnailUrl":"https:\/\/tiketi.com\/wp-content\/uploads\/2022\/01\/flight-ticket-booking-sorasak-KxCJXXGsv9I-unsplas.jpg","datePublished":"2022-01-19T11:55:07+00:00","dateModified":"2022-02-10T14:31:05+00:00","description":"Vous cherchez des vols pas chers pour le Pakistan ? Recherchez, comparez et r\u00e9servez en ligne un billet d&#039;avion pas cher du vers Pakistan","breadcrumb":{"@id":"https:\/\/tiketi.com\/sw\/cheap-flights-to-pakistan\/#breadcrumb"},"inLanguage":"fr-FR","potentialAction":[{"@type":"ReadAction","target":["https:\/\/tiketi.com\/sw\/cheap-flights-to-pakistan\/"]}]},{"@type":"ImageObject","inLanguage":"fr-FR","@id":"https:\/\/tiketi.com\/sw\/cheap-flights-to-pakistan\/#primaryimage","url":"https:\/\/tiketi.com\/wp-content\/uploads\/2022\/01\/flight-ticket-booking-sorasak-KxCJXXGsv9I-unsplas.jpg","contentUrl":"https:\/\/tiketi.com\/wp-content\/uploads\/2022\/01\/flight-ticket-booking-sorasak-KxCJXXGsv9I-unsplas.jpg","width":1200,"height":240,"caption":"Online flight ticket booking"},{"@type":"BreadcrumbList","@id":"https:\/\/tiketi.com\/sw\/cheap-flights-to-pakistan\/#breadcrumb","itemListElement":[{"@type":"ListItem","position":1,"name":"Home","item":"https:\/\/tiketi.com\/"},{"@type":"ListItem","position":2,"name":"Cheap\u00a0Flights to Pakistan"}]},{"@type":"WebSite","@id":"https:\/\/tiketi.com\/#website","url":"https:\/\/tiketi.com\/","name":"Billets d&#039;avion et de bus, forfaits touristiques et activit\u00e9s - Tiketi.com","description":"Billets d&#039;avion et de bus, Tours, Activit\u00e9s","publisher":{"@id":"https:\/\/tiketi.com\/#organization"},"potentialAction":[{"@type":"SearchAction","target":{"@type":"EntryPoint","urlTemplate":"https:\/\/tiketi.com\/?s={search_term_string}"},"query-input":{"@type":"PropertyValueSpecification","valueRequired":true,"valueName":"search_term_string"}}],"inLanguage":"fr-FR"},{"@type":"Organization","@id":"https:\/\/tiketi.com\/#organization","name":"Tiketi.com","alternateName":"Tiketi","url":"https:\/\/tiketi.com\/","logo":{"@type":"ImageObject","inLanguage":"fr-FR","@id":"https:\/\/tiketi.com\/#\/schema\/logo\/image\/","url":"https:\/\/tiketi.com\/wp-content\/uploads\/2019\/05\/tiketi-logo-696.png","contentUrl":"https:\/\/tiketi.com\/wp-content\/uploads\/2019\/05\/tiketi-logo-696.png","width":696,"height":696,"caption":"Tiketi.com"},"image":{"@id":"https:\/\/tiketi.com\/#\/schema\/logo\/image\/"},"sameAs":["https:\/\/www.facebook.com\/TiketiCom\/"]}]}},"_links":{"self":[{"href":"https:\/\/tiketi.com\/fr-fr\/wp-json\/wp\/v2\/pages\/11721","targetHints":{"allow":["GET"]}}],"collection":[{"href":"https:\/\/tiketi.com\/fr-fr\/wp-json\/wp\/v2\/pages"}],"about":[{"href":"https:\/\/tiketi.com\/fr-fr\/wp-json\/wp\/v2\/types\/page"}],"author":[{"embeddable":true,"href":"https:\/\/tiketi.com\/fr-fr\/wp-json\/wp\/v2\/users\/1"}],"replies":[{"embeddable":true,"href":"https:\/\/tiketi.com\/fr-fr\/wp-json\/wp\/v2\/comments?post=11721"}],"version-history":[{"count":0,"href":"https:\/\/tiketi.com\/fr-fr\/wp-json\/wp\/v2\/pages\/11721\/revisions"}],"wp:featuredmedia":[{"embeddable":true,"href":"https:\/\/tiketi.com\/fr-fr\/wp-json\/wp\/v2\/media\/14041"}],"wp:attachment":[{"href":"https:\/\/tiketi.com\/fr-fr\/wp-json\/wp\/v2\/media?parent=11721"}],"curies":[{"name":"wp","href":"https:\/\/api.w.org\/{rel}","templated":true}]}}