{"id":11722,"date":"2022-01-19T12:55:07","date_gmt":"2022-01-19T11:55:07","guid":{"rendered":"https:\/\/new.tiketi.com\/cheap-flights-from-port-elizabeth-to-durban-best-air-taxi\/"},"modified":"2022-02-09T16:37:52","modified_gmt":"2022-02-09T15:37:52","slug":"flights-port-elizabeth-durban-plz-dur","status":"publish","type":"page","link":"https:\/\/tiketi.com\/fr-fr\/flights-port-elizabeth-durban-plz-dur\/","title":{"rendered":"Vols pas chers de Port Elizabeth \u00e0 Durban \u2013 Meilleur taxi a\u00e9rien"},"content":{"rendered":"<h2>Vous recherchez un billet d&#039;avion pas cher Kilimandjaro vers Arusha ou des offres de derni\u00e8re minute ?<\/h2>\n<h3>Recherchez, comparez et r\u00e9servez un billet d&#039;avion pas cher entre Port Elizabeth (PLZ) et Durban (DUR)<span style=\"font-size: 16px;\">\u00a0<\/span>maintenant en ligne.<\/h3>\n<p>R\u00e9servez en ligne des vols \u00e0 bas prix de Kilimandjaro \u00e0 Arusha et \u00e9conomisez de l&#039;argent sur les billets d&#039;avion. Situ\u00e9e sur la c\u00f4te nord-est de l&#039;Afrique du Sud, Durban est la plus grande ville de la province du KwaZulu-Natal et un lieu de pr\u00e9dilection pour les visiteurs en qu\u00eate de mer, de soleil et de surf. Alors trouvez et comparez les billets d&#039;avion de Port Elizabeth (PLZ) \u00e0 Durban (DUR) et r\u00e9servez en ligne d\u00e8s maintenant des offres exceptionnelles sur des taxis a\u00e9riens pas chers de Port Elizabeth \u00e0 Durban. Comparez les prix et obtenez les meilleurs tarifs sur les billets d&#039;avion de Kilimandjaro \u00e0 Arusha gr\u00e2ce \u00e0 des offres exceptionnelles sur la r\u00e9servation de billets en ligne de vols Kilimandjaro \u00e0 Arusha.<\/p>\n<h2>Voici quelques-unes des meilleures attractions de Durban<\/h2>\n<h3>Allez \u00e0 la plage<\/h3>\n<p>Durban est populaire pour ses plages, tant en ville qu&#039;en banlieue. Prenez un livre parfait et une serviette et passez la journ\u00e9e \u00e0 peaufiner votre bronzage, ou passez \u00e0 la vitesse sup\u00e9rieure avec la saison de kitesurf t\u00f4t le matin. La plage d&#039;uShaka est populaire pour ses artistes de ch\u00e2teaux de sable, qui cr\u00e9ent des chefs-d&#039;\u0153uvre dignes d&#039;\u00eatre photographi\u00e9s pour les visiteurs de passage.<\/p>\n<h3>Stade Mo\u00efse Mabhida<\/h3>\n<p>Ic\u00f4ne du front de mer de Durban, ce mus\u00e9e est le lieu cl\u00e9 de la ville pour les \u00e9v\u00e9nements musicaux et sportifs. C&#039;est aussi un paradis pour les amateurs de merveilles proposant plusieurs activit\u00e9s pleines d&#039;adr\u00e9naline, dont le Big Rush Swing. Mont\u00e9e \u00e0 80 m\u00e8tres\/262 pieds au-dessus du sol sur l&#039;arche gracieuse du stade, la balan\u00e7oire est la plus haute de la plan\u00e8te.<\/p>\n<h3>Monde marin UShaka<\/h3>\n<p>Situ\u00e9 \u00e0 l&#039;extr\u00e9mit\u00e9 sud du Golden Mile de Durban, c&#039;est l&#039;attraction touristique la plus appr\u00e9ci\u00e9e de la ville. L&#039;immense complexe comprend plusieurs zones diff\u00e9rentes, dont un parc d&#039;aventure en corde, une maison de reptiles et le Village Walk, un lieu de shopping et de restauration en plein air.<\/p>\n<h2>FAQ sur les vols pas chers Port Elizabeth - Durban<\/h2>\n<h3>Quelle est la distance entre Durban et Port Elizabeth ?<\/h3>\n<p>La distance des vols en taxi a\u00e9rien entre Port Elizabeth et Durban est de 709 kilom\u00e8tres.<\/p>\n<h3>Combien de temps dure le vol Port Elizabeth-Durban ?<\/h3>\n<p>Le temps de vol commun de Port Elizabeth \u00e0 Durban est d&#039;une heure et dix-huit minutes.<\/p>\n<h3>Quelle est la fr\u00e9quence des vols directs de Port Elizabeth \u00e0 Durban ?<\/h3>\n<p>Il y a dix-neuf vols directs pas chers de Port Elizabeth \u00e0 Durban.<\/p>\n<h3>Combien de vols pas chers de Port Elizabeth vers Durban partent en moyenne par jour ?<\/h3>\n<p>\u2022 Vous pouvez deviner pour voir quatre vols de Port Elizabeth \u00e0 Durban par jour.<\/p>\n<p>\u2022 Apr\u00e8s-midi - cent pour cent des d\u00e9parts de vol<\/p>\n<h3>Quelles compagnies a\u00e9riennes proposent des billets d&#039;avion pas chers de Kilimandjaro \u00e0 Arusha ?<\/h3>\n<p>Il existe actuellement quatre compagnies a\u00e9riennes proposant des billets d&#039;avion du Kilimandjaro \u00e0 Arusha, notamment SAA, FlySafair, Proflight Zambia.<\/p>\n<h2>Conseils pour un taxi a\u00e9rien pas cher de Port Elizabeth \u00e0 Durban<\/h2>\n<p>\u2022 Port Elizabeth est \u00e0 443 milles de Durban.<\/p>\n<p>\u2022 Il y a deux vols quotidiens de Port Elizabeth \u00e0 Durban.<\/p>\n<p>\u2022 Il y a trois vols hebdomadaires de Port Elizabeth \u00e0 Durban.<\/p>\n<p>\u2022 Deux vols sans escale op\u00e8rent de Port Elizabeth \u00e0 Durban.<\/p>\n<p>\u2022 FlySafair propose le plus de vols sans escale entre Durban et Port Elizabeth.<\/p>\n<p>\u2022 Johannesburg, Afrique du Sud \u2013 OR Tambo International est la liaison la plus c\u00e9l\u00e8bre pour les vols \u00e0 escale entre Durban et Port Elizabeth.<\/p>","protected":false},"excerpt":{"rendered":"<p>Looking for cheap airline ticket from Kilimanjaro to Arusha\u00a0or last minute deals? Search, compare and book cheap airline ticket from Port Elizabeth (PLZ) to Durban (DUR)\u00a0online now. Book cheap flights from Kilimanjaro to Arusha online and save money on airfare. Placed on South Africa northeast coast, Durban is the biggest city in the province of [&hellip;]<\/p>\n","protected":false},"author":1,"featured_media":18135,"parent":0,"menu_order":0,"comment_status":"open","ping_status":"closed","template":"template-home-modern.php","meta":{"footnotes":""},"class_list":["post-11722","page","type-page","status-publish","has-post-thumbnail","hentry"],"yoast_head":"<!-- This site is optimized with the Yoast SEO plugin v27.2 - https:\/\/yoast.com\/product\/yoast-seo-wordpress\/ -->\n<title>Cheap Flights from\u00a0Port Elizabeth to Durban - Best Air Taxi<\/title>\n<meta name=\"description\" content=\"Looking for cheap flights from Port Elizabeth to Durban? Search, compare and book cheap airline ticket from Port Elizabeth to Durban online\" \/>\n<meta name=\"robots\" content=\"index, follow, max-snippet:-1, max-image-preview:large, max-video-preview:-1\" \/>\n<link rel=\"canonical\" href=\"https:\/\/tiketi.com\/fr-fr\/flights-port-elizabeth-durban-plz-dur\/\" \/>\n<meta property=\"og:locale\" content=\"fr_FR\" \/>\n<meta property=\"og:type\" content=\"article\" \/>\n<meta property=\"og:title\" content=\"Cheap Flights from\u00a0Port Elizabeth to Durban - Best Air Taxi\" \/>\n<meta property=\"og:description\" content=\"Looking for cheap flights from Port Elizabeth to Durban? Search, compare and book cheap airline ticket from Port Elizabeth to Durban online\" \/>\n<meta property=\"og:url\" content=\"https:\/\/tiketi.com\/fr-fr\/flights-port-elizabeth-durban-plz-dur\/\" \/>\n<meta property=\"og:site_name\" content=\"Tiketi.com\" \/>\n<meta property=\"article:publisher\" content=\"https:\/\/www.facebook.com\/TiketiCom\/\" \/>\n<meta property=\"article:modified_time\" content=\"2022-02-09T15:37:52+00:00\" \/>\n<meta property=\"og:image\" content=\"https:\/\/tiketi.com\/wp-content\/uploads\/2019\/05\/durban-captureson-photography-YYWr.jpg\" \/>\n\t<meta property=\"og:image:width\" content=\"1200\" \/>\n\t<meta property=\"og:image:height\" content=\"202\" \/>\n\t<meta property=\"og:image:type\" content=\"image\/jpeg\" \/>\n<meta name=\"twitter:card\" content=\"summary_large_image\" \/>\n<meta name=\"twitter:label1\" content=\"Dur\u00e9e de lecture estim\u00e9e\" \/>\n\t<meta name=\"twitter:data1\" content=\"3 minutes\" \/>\n<script type=\"application\/ld+json\" class=\"yoast-schema-graph\">{\"@context\":\"https:\/\/schema.org\",\"@graph\":[{\"@type\":\"WebPage\",\"@id\":\"https:\/\/tiketi.com\/flights-port-elizabeth-durban-plz-dur\/\",\"url\":\"https:\/\/tiketi.com\/flights-port-elizabeth-durban-plz-dur\/\",\"name\":\"Cheap Flights from\u00a0Port Elizabeth to Durban - Best Air Taxi\",\"isPartOf\":{\"@id\":\"https:\/\/tiketi.com\/#website\"},\"primaryImageOfPage\":{\"@id\":\"https:\/\/tiketi.com\/flights-port-elizabeth-durban-plz-dur\/#primaryimage\"},\"image\":{\"@id\":\"https:\/\/tiketi.com\/flights-port-elizabeth-durban-plz-dur\/#primaryimage\"},\"thumbnailUrl\":\"https:\/\/tiketi.com\/wp-content\/uploads\/2019\/05\/durban-captureson-photography-YYWr.jpg\",\"datePublished\":\"2022-01-19T11:55:07+00:00\",\"dateModified\":\"2022-02-09T15:37:52+00:00\",\"description\":\"Looking for cheap flights from Port Elizabeth to Durban? Search, compare and book cheap airline ticket from Port Elizabeth to Durban online\",\"breadcrumb\":{\"@id\":\"https:\/\/tiketi.com\/flights-port-elizabeth-durban-plz-dur\/#breadcrumb\"},\"inLanguage\":\"fr-FR\",\"potentialAction\":[{\"@type\":\"ReadAction\",\"target\":[\"https:\/\/tiketi.com\/flights-port-elizabeth-durban-plz-dur\/\"]}]},{\"@type\":\"ImageObject\",\"inLanguage\":\"fr-FR\",\"@id\":\"https:\/\/tiketi.com\/flights-port-elizabeth-durban-plz-dur\/#primaryimage\",\"url\":\"https:\/\/tiketi.com\/wp-content\/uploads\/2019\/05\/durban-captureson-photography-YYWr.jpg\",\"contentUrl\":\"https:\/\/tiketi.com\/wp-content\/uploads\/2019\/05\/durban-captureson-photography-YYWr.jpg\",\"width\":1200,\"height\":202,\"caption\":\"Durban air taxi\"},{\"@type\":\"BreadcrumbList\",\"@id\":\"https:\/\/tiketi.com\/flights-port-elizabeth-durban-plz-dur\/#breadcrumb\",\"itemListElement\":[{\"@type\":\"ListItem\",\"position\":1,\"name\":\"Home\",\"item\":\"https:\/\/tiketi.com\/\"},{\"@type\":\"ListItem\",\"position\":2,\"name\":\"Cheap Flights from\u00a0Port Elizabeth to Durban &#8211; Best Air Taxi\"}]},{\"@type\":\"WebSite\",\"@id\":\"https:\/\/tiketi.com\/#website\",\"url\":\"https:\/\/tiketi.com\/\",\"name\":\"Flight & Bus Tickets, Tour Packages & Activitites - Tiketi.com\",\"description\":\"Flight &amp; Bus Tickets, Tours, Activitites\",\"publisher\":{\"@id\":\"https:\/\/tiketi.com\/#organization\"},\"potentialAction\":[{\"@type\":\"SearchAction\",\"target\":{\"@type\":\"EntryPoint\",\"urlTemplate\":\"https:\/\/tiketi.com\/?s={search_term_string}\"},\"query-input\":{\"@type\":\"PropertyValueSpecification\",\"valueRequired\":true,\"valueName\":\"search_term_string\"}}],\"inLanguage\":\"fr-FR\"},{\"@type\":\"Organization\",\"@id\":\"https:\/\/tiketi.com\/#organization\",\"name\":\"Tiketi.com\",\"alternateName\":\"Tiketi\",\"url\":\"https:\/\/tiketi.com\/\",\"logo\":{\"@type\":\"ImageObject\",\"inLanguage\":\"fr-FR\",\"@id\":\"https:\/\/tiketi.com\/#\/schema\/logo\/image\/\",\"url\":\"https:\/\/tiketi.com\/wp-content\/uploads\/2019\/05\/tiketi-logo-696.png\",\"contentUrl\":\"https:\/\/tiketi.com\/wp-content\/uploads\/2019\/05\/tiketi-logo-696.png\",\"width\":696,\"height\":696,\"caption\":\"Tiketi.com\"},\"image\":{\"@id\":\"https:\/\/tiketi.com\/#\/schema\/logo\/image\/\"},\"sameAs\":[\"https:\/\/www.facebook.com\/TiketiCom\/\"]}]}<\/script>\n<!-- \/ Yoast SEO plugin. -->","yoast_head_json":{"title":"Vols pas chers de Port Elizabeth \u00e0 Durban - Meilleurs taxis a\u00e9riens","description":"Vous recherchez des vols \u00e0 bas prix de Port Elizabeth \u00e0 Durban ? Recherchez, comparez et r\u00e9servez en ligne un billet d&#039;avion pas cher de Port Elizabeth \u00e0 Durban","robots":{"index":"index","follow":"follow","max-snippet":"max-snippet:-1","max-image-preview":"max-image-preview:large","max-video-preview":"max-video-preview:-1"},"canonical":"https:\/\/tiketi.com\/fr-fr\/flights-port-elizabeth-durban-plz-dur\/","og_locale":"fr_FR","og_type":"article","og_title":"Cheap Flights from\u00a0Port Elizabeth to Durban - Best Air Taxi","og_description":"Looking for cheap flights from Port Elizabeth to Durban? Search, compare and book cheap airline ticket from Port Elizabeth to Durban online","og_url":"https:\/\/tiketi.com\/fr-fr\/flights-port-elizabeth-durban-plz-dur\/","og_site_name":"Tiketi.com","article_publisher":"https:\/\/www.facebook.com\/TiketiCom\/","article_modified_time":"2022-02-09T15:37:52+00:00","og_image":[{"width":1200,"height":202,"url":"https:\/\/tiketi.com\/wp-content\/uploads\/2019\/05\/durban-captureson-photography-YYWr.jpg","type":"image\/jpeg"}],"twitter_card":"summary_large_image","twitter_misc":{"Dur\u00e9e de lecture estim\u00e9e":"3 minutes"},"schema":{"@context":"https:\/\/schema.org","@graph":[{"@type":"WebPage","@id":"https:\/\/tiketi.com\/flights-port-elizabeth-durban-plz-dur\/","url":"https:\/\/tiketi.com\/flights-port-elizabeth-durban-plz-dur\/","name":"Vols pas chers de Port Elizabeth \u00e0 Durban - Meilleurs taxis a\u00e9riens","isPartOf":{"@id":"https:\/\/tiketi.com\/#website"},"primaryImageOfPage":{"@id":"https:\/\/tiketi.com\/flights-port-elizabeth-durban-plz-dur\/#primaryimage"},"image":{"@id":"https:\/\/tiketi.com\/flights-port-elizabeth-durban-plz-dur\/#primaryimage"},"thumbnailUrl":"https:\/\/tiketi.com\/wp-content\/uploads\/2019\/05\/durban-captureson-photography-YYWr.jpg","datePublished":"2022-01-19T11:55:07+00:00","dateModified":"2022-02-09T15:37:52+00:00","description":"Vous recherchez des vols \u00e0 bas prix de Port Elizabeth \u00e0 Durban ? Recherchez, comparez et r\u00e9servez en ligne un billet d&#039;avion pas cher de Port Elizabeth \u00e0 Durban","breadcrumb":{"@id":"https:\/\/tiketi.com\/flights-port-elizabeth-durban-plz-dur\/#breadcrumb"},"inLanguage":"fr-FR","potentialAction":[{"@type":"ReadAction","target":["https:\/\/tiketi.com\/flights-port-elizabeth-durban-plz-dur\/"]}]},{"@type":"ImageObject","inLanguage":"fr-FR","@id":"https:\/\/tiketi.com\/flights-port-elizabeth-durban-plz-dur\/#primaryimage","url":"https:\/\/tiketi.com\/wp-content\/uploads\/2019\/05\/durban-captureson-photography-YYWr.jpg","contentUrl":"https:\/\/tiketi.com\/wp-content\/uploads\/2019\/05\/durban-captureson-photography-YYWr.jpg","width":1200,"height":202,"caption":"Durban air taxi"},{"@type":"BreadcrumbList","@id":"https:\/\/tiketi.com\/flights-port-elizabeth-durban-plz-dur\/#breadcrumb","itemListElement":[{"@type":"ListItem","position":1,"name":"Home","item":"https:\/\/tiketi.com\/"},{"@type":"ListItem","position":2,"name":"Cheap Flights from\u00a0Port Elizabeth to Durban &#8211; Best Air Taxi"}]},{"@type":"WebSite","@id":"https:\/\/tiketi.com\/#website","url":"https:\/\/tiketi.com\/","name":"Billets d&#039;avion et de bus, forfaits touristiques et activit\u00e9s - Tiketi.com","description":"Billets d&#039;avion et de bus, Tours, Activit\u00e9s","publisher":{"@id":"https:\/\/tiketi.com\/#organization"},"potentialAction":[{"@type":"SearchAction","target":{"@type":"EntryPoint","urlTemplate":"https:\/\/tiketi.com\/?s={search_term_string}"},"query-input":{"@type":"PropertyValueSpecification","valueRequired":true,"valueName":"search_term_string"}}],"inLanguage":"fr-FR"},{"@type":"Organization","@id":"https:\/\/tiketi.com\/#organization","name":"Tiketi.com","alternateName":"Tiketi","url":"https:\/\/tiketi.com\/","logo":{"@type":"ImageObject","inLanguage":"fr-FR","@id":"https:\/\/tiketi.com\/#\/schema\/logo\/image\/","url":"https:\/\/tiketi.com\/wp-content\/uploads\/2019\/05\/tiketi-logo-696.png","contentUrl":"https:\/\/tiketi.com\/wp-content\/uploads\/2019\/05\/tiketi-logo-696.png","width":696,"height":696,"caption":"Tiketi.com"},"image":{"@id":"https:\/\/tiketi.com\/#\/schema\/logo\/image\/"},"sameAs":["https:\/\/www.facebook.com\/TiketiCom\/"]}]}},"_links":{"self":[{"href":"https:\/\/tiketi.com\/fr-fr\/wp-json\/wp\/v2\/pages\/11722","targetHints":{"allow":["GET"]}}],"collection":[{"href":"https:\/\/tiketi.com\/fr-fr\/wp-json\/wp\/v2\/pages"}],"about":[{"href":"https:\/\/tiketi.com\/fr-fr\/wp-json\/wp\/v2\/types\/page"}],"author":[{"embeddable":true,"href":"https:\/\/tiketi.com\/fr-fr\/wp-json\/wp\/v2\/users\/1"}],"replies":[{"embeddable":true,"href":"https:\/\/tiketi.com\/fr-fr\/wp-json\/wp\/v2\/comments?post=11722"}],"version-history":[{"count":0,"href":"https:\/\/tiketi.com\/fr-fr\/wp-json\/wp\/v2\/pages\/11722\/revisions"}],"wp:featuredmedia":[{"embeddable":true,"href":"https:\/\/tiketi.com\/fr-fr\/wp-json\/wp\/v2\/media\/18135"}],"wp:attachment":[{"href":"https:\/\/tiketi.com\/fr-fr\/wp-json\/wp\/v2\/media?parent=11722"}],"curies":[{"name":"wp","href":"https:\/\/api.w.org\/{rel}","templated":true}]}}