{"id":11724,"date":"2022-01-19T12:55:07","date_gmt":"2022-01-19T11:55:07","guid":{"rendered":"https:\/\/new.tiketi.com\/cheap-flights-from-manchester-to-cape-verde\/"},"modified":"2022-02-09T10:53:24","modified_gmt":"2022-02-09T09:53:24","slug":"flights-manchester-cape-verde","status":"publish","type":"page","link":"https:\/\/tiketi.com\/fr-fr\/flights-manchester-cape-verde\/","title":{"rendered":"Vols \u00e0 bas prix de Manchester \u00e0 Cap-Vert"},"content":{"rendered":"<h2>Vous recherchez un billet d&#039;avion pas cher de Manchester vers Cap-Vert ou des offres de derni\u00e8re minute ?<\/h2>\n<h3>Recherchez, comparez et r\u00e9servez un billet d&#039;avion pas cher depuis\u00a0<span style=\"font-size: 16px;\">Kilimandjaro (JRO) \u00e0 Arusha (ARK) <\/span>maintenant en ligne.<\/h3>\n<p>R\u00e9servez en ligne des vols \u00e0 bas prix de Manchester \u00e0 Cap-Vert et \u00e9conomisez de l&#039;argent sur les billets d&#039;avion. Les \u00eeles du Cap-Vert ou Cabo Verde m\u00e9ritent vraiment leur surnom avec le temps doux, la culture cr\u00e9ole dynamique et les plages de sable blanc de Sal. Comparez les prix et obtenez les meilleurs tarifs sur les billets d&#039;avion de Manchester \u00e0 Cap-Vert gr\u00e2ce \u00e0 des offres exceptionnelles sur la r\u00e9servation de billets en ligne de vols de Manchester \u00e0 Cap-Vert.<\/p>\n<h2>Voici quelques-unes des meilleures attractions de Cabo Verde<\/h2>\n<h3>Buracona \/ Oeil bleu<\/h3>\n<p>Blue Eye est une autre attraction remarquable sur l&#039;\u00eele de Sal. Il s&#039;agit d&#039;une piscine naturelle aux eaux turquoises et d&#039;une grotte sous-marine de plusieurs m\u00e8tres de profondeur, r\u00e9sultant du fracas des vagues contre la roche volcanique. M\u00eame s&#039;il existe des moyens de marche pour atteindre Buracona, assurez-vous d&#039;apporter des chaussures de d\u00e9tente. Il y a un caf\u00e9 sur place, ainsi qu&#039;une boutique pour acheter un souvenir.<\/p>\n<h3>Ville Velha<\/h3>\n<p>Santiago est la plus grande \u00eele du Cap-Vert, la premi\u00e8re d\u00e9couverte par les explorateurs portugais en 1460. Cidade Velha est la tr\u00e8s ancienne capitale de l&#039;archipel, fond\u00e9e en 1462. De son doux pas subsiste un pr\u00e9cieux patrimoine architectural.<\/p>\n<h3>Praia<\/h3>\n<p>Seulement 14 km s\u00e9parent Cidade Velha de Praia, la capitale et la plus grande ville du Cap-Vert. Situ\u00e9e sur la c\u00f4te sud de l&#039;\u00eele de Santiago, Praia est un endroit \u00e9tonnant en raison des b\u00e2timents historiques de la zone centrale appel\u00e9e Plateau, du march\u00e9 dynamique et des habitants accueillants. Quintal da Musica est l&#039;un des meilleurs restaurants de Praia.<\/p>\n<h2>FAQ sur les vols pas chers de Manchester \u00e0 Cap-Vert<\/h2>\n<h3>Quelles sont les compagnies a\u00e9riennes les plus c\u00e9l\u00e8bres qui proposent des vols de Manchester \u00e0 Cap-Vert ?<\/h3>\n<p>Consid\u00e9rez Thomas Cook Airlines, TUI Airways ou TAP AIR Portugal lors de la r\u00e9servation de vos vols Cap-Vert au d\u00e9part de Manchester. Celles-ci pr\u00e9sentent les compagnies a\u00e9riennes les plus c\u00e9l\u00e8bres pour les vols pas chers de Manchester \u00e0 Cap-Vert.<\/p>\n<h3>Quel est le billet d&#039;avion le moins cher de Manchester vers Cap-Vert ?<\/h3>\n<p>En regardant tous les choix, votre billet d&#039;avion pas cher de Manchester \u00e0 Cap-Vert peut \u00eatre r\u00e9serv\u00e9 pour 316 \u20ac. Alors que le trajet le plus c\u00e9l\u00e8bre (Manchester \u2013 Rabil) peut \u00eatre r\u00e9serv\u00e9 pour 521 \u20ac en moyenne.<\/p>\n<h3>Quels sont les itin\u00e9raires les plus c\u00e9l\u00e8bres de Manchester au Cap-Vert ?<\/h3>\n<p>Alors que certains choisissent Manchester \u2013 Manchester ou Praia Nelson Mandela \u2013 Espargos Amilcar Cabral Intl, Manchester \u2013 Rabil est la route la plus c\u00e9l\u00e8bre pour les vols directs Manchester-Cap-Vert.<\/p>\n<h3>Quelle est la dur\u00e9e du vol de Manchester \u00e0 Cap-Vert ?<\/h3>\n<p>La dur\u00e9e totale du vol de Manchester, au Royaume-Uni, au Cap-Vert est de six heures et onze minutes.<\/p>\n<h3>Quelle est la distance des vols de Manchester \u00e0 Cap-Vert ?<\/h3>\n<p>La distance entre les vols Manchester et Cap-Vert est de 4 656\/ 2 895 km.<\/p>\n<h2>Conseils sur les vols de Manchester \u00e0 Cap-Vert<\/h2>\n<p>\u2022 Manchester est desservie par un a\u00e9roport A\u00e9roport de Manchester.<\/p>\n<p>\u2022 Le Cap-Vert est desservi par un a\u00e9roport A\u00e9roport international d&#039;Espargos Amilcar Cabral.<\/p>","protected":false},"excerpt":{"rendered":"<p>Looking for cheap airline ticket from Manchester to Cape Verde\u00a0or last minute deals? Search, compare and book cheap airline ticket from\u00a0Kilimanjaro (JRO) to Arusha (ARK) online now. Book cheap flights from Manchester to Cape Verde online and save money on airfare. The Cape Verde Islands or Cabo Verde really earn their nickname with the sweet [&hellip;]<\/p>\n","protected":false},"author":1,"featured_media":14041,"parent":0,"menu_order":0,"comment_status":"open","ping_status":"closed","template":"template-home-modern.php","meta":{"footnotes":""},"class_list":["post-11724","page","type-page","status-publish","has-post-thumbnail","hentry"],"yoast_head":"<!-- This site is optimized with the Yoast SEO plugin v27.3 - https:\/\/yoast.com\/product\/yoast-seo-wordpress\/ -->\n<title>Cheap Flights from\u00a0Manchester to Cape Verde<\/title>\n<meta name=\"description\" content=\"Looking for cheap flights from\u00a0Manchester to Cape Verde? Search, compare and book cheap airline ticket from Manchester to Cape Verde online\" \/>\n<meta name=\"robots\" content=\"index, follow, max-snippet:-1, max-image-preview:large, max-video-preview:-1\" \/>\n<link rel=\"canonical\" href=\"https:\/\/tiketi.com\/fr-fr\/flights-manchester-cape-verde\/\" \/>\n<meta property=\"og:locale\" content=\"fr_FR\" \/>\n<meta property=\"og:type\" content=\"article\" \/>\n<meta property=\"og:title\" content=\"Cheap Flights from\u00a0Manchester to Cape Verde\" \/>\n<meta property=\"og:description\" content=\"Looking for cheap flights from\u00a0Manchester to Cape Verde? Search, compare and book cheap airline ticket from Manchester to Cape Verde online\" \/>\n<meta property=\"og:url\" content=\"https:\/\/tiketi.com\/fr-fr\/flights-manchester-cape-verde\/\" \/>\n<meta property=\"og:site_name\" content=\"Tiketi.com\" \/>\n<meta property=\"article:publisher\" content=\"https:\/\/www.facebook.com\/TiketiCom\/\" \/>\n<meta property=\"article:modified_time\" content=\"2022-02-09T09:53:24+00:00\" \/>\n<meta property=\"og:image\" content=\"https:\/\/tiketi.com\/wp-content\/uploads\/2022\/01\/flight-ticket-booking-sorasak-KxCJXXGsv9I-unsplas.jpg\" \/>\n\t<meta property=\"og:image:width\" content=\"1200\" \/>\n\t<meta property=\"og:image:height\" content=\"240\" \/>\n\t<meta property=\"og:image:type\" content=\"image\/jpeg\" \/>\n<meta name=\"twitter:card\" content=\"summary_large_image\" \/>\n<meta name=\"twitter:label1\" content=\"Dur\u00e9e de lecture estim\u00e9e\" \/>\n\t<meta name=\"twitter:data1\" content=\"3 minutes\" \/>\n<script type=\"application\/ld+json\" class=\"yoast-schema-graph\">{\"@context\":\"https:\\\/\\\/schema.org\",\"@graph\":[{\"@type\":\"WebPage\",\"@id\":\"https:\\\/\\\/tiketi.com\\\/flights-manchester-cape-verde\\\/\",\"url\":\"https:\\\/\\\/tiketi.com\\\/flights-manchester-cape-verde\\\/\",\"name\":\"Cheap Flights from\u00a0Manchester to Cape Verde\",\"isPartOf\":{\"@id\":\"https:\\\/\\\/tiketi.com\\\/#website\"},\"primaryImageOfPage\":{\"@id\":\"https:\\\/\\\/tiketi.com\\\/flights-manchester-cape-verde\\\/#primaryimage\"},\"image\":{\"@id\":\"https:\\\/\\\/tiketi.com\\\/flights-manchester-cape-verde\\\/#primaryimage\"},\"thumbnailUrl\":\"https:\\\/\\\/tiketi.com\\\/wp-content\\\/uploads\\\/2022\\\/01\\\/flight-ticket-booking-sorasak-KxCJXXGsv9I-unsplas.jpg\",\"datePublished\":\"2022-01-19T11:55:07+00:00\",\"dateModified\":\"2022-02-09T09:53:24+00:00\",\"description\":\"Looking for cheap flights from\u00a0Manchester to Cape Verde? Search, compare and book cheap airline ticket from Manchester to Cape Verde online\",\"breadcrumb\":{\"@id\":\"https:\\\/\\\/tiketi.com\\\/flights-manchester-cape-verde\\\/#breadcrumb\"},\"inLanguage\":\"fr-FR\",\"potentialAction\":[{\"@type\":\"ReadAction\",\"target\":[\"https:\\\/\\\/tiketi.com\\\/flights-manchester-cape-verde\\\/\"]}]},{\"@type\":\"ImageObject\",\"inLanguage\":\"fr-FR\",\"@id\":\"https:\\\/\\\/tiketi.com\\\/flights-manchester-cape-verde\\\/#primaryimage\",\"url\":\"https:\\\/\\\/tiketi.com\\\/wp-content\\\/uploads\\\/2022\\\/01\\\/flight-ticket-booking-sorasak-KxCJXXGsv9I-unsplas.jpg\",\"contentUrl\":\"https:\\\/\\\/tiketi.com\\\/wp-content\\\/uploads\\\/2022\\\/01\\\/flight-ticket-booking-sorasak-KxCJXXGsv9I-unsplas.jpg\",\"width\":1200,\"height\":240,\"caption\":\"Online flight ticket booking\"},{\"@type\":\"BreadcrumbList\",\"@id\":\"https:\\\/\\\/tiketi.com\\\/flights-manchester-cape-verde\\\/#breadcrumb\",\"itemListElement\":[{\"@type\":\"ListItem\",\"position\":1,\"name\":\"Home\",\"item\":\"https:\\\/\\\/tiketi.com\\\/\"},{\"@type\":\"ListItem\",\"position\":2,\"name\":\"Cheap Flights from\u00a0Manchester to Cape Verde\"}]},{\"@type\":\"WebSite\",\"@id\":\"https:\\\/\\\/tiketi.com\\\/#website\",\"url\":\"https:\\\/\\\/tiketi.com\\\/\",\"name\":\"Flight & Bus Tickets, Tour Packages & Activitites - Tiketi.com\",\"description\":\"Flight &amp; Bus Tickets, Tours, Activitites\",\"publisher\":{\"@id\":\"https:\\\/\\\/tiketi.com\\\/#organization\"},\"potentialAction\":[{\"@type\":\"SearchAction\",\"target\":{\"@type\":\"EntryPoint\",\"urlTemplate\":\"https:\\\/\\\/tiketi.com\\\/?s={search_term_string}\"},\"query-input\":{\"@type\":\"PropertyValueSpecification\",\"valueRequired\":true,\"valueName\":\"search_term_string\"}}],\"inLanguage\":\"fr-FR\"},{\"@type\":\"Organization\",\"@id\":\"https:\\\/\\\/tiketi.com\\\/#organization\",\"name\":\"Tiketi.com\",\"alternateName\":\"Tiketi\",\"url\":\"https:\\\/\\\/tiketi.com\\\/\",\"logo\":{\"@type\":\"ImageObject\",\"inLanguage\":\"fr-FR\",\"@id\":\"https:\\\/\\\/tiketi.com\\\/#\\\/schema\\\/logo\\\/image\\\/\",\"url\":\"https:\\\/\\\/tiketi.com\\\/wp-content\\\/uploads\\\/2019\\\/05\\\/tiketi-logo-696.png\",\"contentUrl\":\"https:\\\/\\\/tiketi.com\\\/wp-content\\\/uploads\\\/2019\\\/05\\\/tiketi-logo-696.png\",\"width\":696,\"height\":696,\"caption\":\"Tiketi.com\"},\"image\":{\"@id\":\"https:\\\/\\\/tiketi.com\\\/#\\\/schema\\\/logo\\\/image\\\/\"},\"sameAs\":[\"https:\\\/\\\/www.facebook.com\\\/TiketiCom\\\/\"]}]}<\/script>\n<!-- \/ Yoast SEO plugin. -->","yoast_head_json":{"title":"Vols \u00e0 bas prix de Manchester \u00e0 Cap-Vert","description":"Vous recherchez des vols \u00e0 bas prix de Manchester vers Cap-Vert ? Recherchez, comparez et r\u00e9servez en ligne un billet d&#039;avion pas cher de Manchester \u00e0 Cap-Vert","robots":{"index":"index","follow":"follow","max-snippet":"max-snippet:-1","max-image-preview":"max-image-preview:large","max-video-preview":"max-video-preview:-1"},"canonical":"https:\/\/tiketi.com\/fr-fr\/flights-manchester-cape-verde\/","og_locale":"fr_FR","og_type":"article","og_title":"Cheap Flights from\u00a0Manchester to Cape Verde","og_description":"Looking for cheap flights from\u00a0Manchester to Cape Verde? Search, compare and book cheap airline ticket from Manchester to Cape Verde online","og_url":"https:\/\/tiketi.com\/fr-fr\/flights-manchester-cape-verde\/","og_site_name":"Tiketi.com","article_publisher":"https:\/\/www.facebook.com\/TiketiCom\/","article_modified_time":"2022-02-09T09:53:24+00:00","og_image":[{"width":1200,"height":240,"url":"https:\/\/tiketi.com\/wp-content\/uploads\/2022\/01\/flight-ticket-booking-sorasak-KxCJXXGsv9I-unsplas.jpg","type":"image\/jpeg"}],"twitter_card":"summary_large_image","twitter_misc":{"Dur\u00e9e de lecture estim\u00e9e":"3 minutes"},"schema":{"@context":"https:\/\/schema.org","@graph":[{"@type":"WebPage","@id":"https:\/\/tiketi.com\/flights-manchester-cape-verde\/","url":"https:\/\/tiketi.com\/flights-manchester-cape-verde\/","name":"Vols \u00e0 bas prix de Manchester \u00e0 Cap-Vert","isPartOf":{"@id":"https:\/\/tiketi.com\/#website"},"primaryImageOfPage":{"@id":"https:\/\/tiketi.com\/flights-manchester-cape-verde\/#primaryimage"},"image":{"@id":"https:\/\/tiketi.com\/flights-manchester-cape-verde\/#primaryimage"},"thumbnailUrl":"https:\/\/tiketi.com\/wp-content\/uploads\/2022\/01\/flight-ticket-booking-sorasak-KxCJXXGsv9I-unsplas.jpg","datePublished":"2022-01-19T11:55:07+00:00","dateModified":"2022-02-09T09:53:24+00:00","description":"Vous recherchez des vols \u00e0 bas prix de Manchester vers Cap-Vert ? Recherchez, comparez et r\u00e9servez en ligne un billet d&#039;avion pas cher de Manchester \u00e0 Cap-Vert","breadcrumb":{"@id":"https:\/\/tiketi.com\/flights-manchester-cape-verde\/#breadcrumb"},"inLanguage":"fr-FR","potentialAction":[{"@type":"ReadAction","target":["https:\/\/tiketi.com\/flights-manchester-cape-verde\/"]}]},{"@type":"ImageObject","inLanguage":"fr-FR","@id":"https:\/\/tiketi.com\/flights-manchester-cape-verde\/#primaryimage","url":"https:\/\/tiketi.com\/wp-content\/uploads\/2022\/01\/flight-ticket-booking-sorasak-KxCJXXGsv9I-unsplas.jpg","contentUrl":"https:\/\/tiketi.com\/wp-content\/uploads\/2022\/01\/flight-ticket-booking-sorasak-KxCJXXGsv9I-unsplas.jpg","width":1200,"height":240,"caption":"Online flight ticket booking"},{"@type":"BreadcrumbList","@id":"https:\/\/tiketi.com\/flights-manchester-cape-verde\/#breadcrumb","itemListElement":[{"@type":"ListItem","position":1,"name":"Home","item":"https:\/\/tiketi.com\/"},{"@type":"ListItem","position":2,"name":"Cheap Flights from\u00a0Manchester to Cape Verde"}]},{"@type":"WebSite","@id":"https:\/\/tiketi.com\/#website","url":"https:\/\/tiketi.com\/","name":"Billets d&#039;avion et de bus, forfaits touristiques et activit\u00e9s - Tiketi.com","description":"Billets d&#039;avion et de bus, Tours, Activit\u00e9s","publisher":{"@id":"https:\/\/tiketi.com\/#organization"},"potentialAction":[{"@type":"SearchAction","target":{"@type":"EntryPoint","urlTemplate":"https:\/\/tiketi.com\/?s={search_term_string}"},"query-input":{"@type":"PropertyValueSpecification","valueRequired":true,"valueName":"search_term_string"}}],"inLanguage":"fr-FR"},{"@type":"Organization","@id":"https:\/\/tiketi.com\/#organization","name":"Tiketi.com","alternateName":"Tiketi","url":"https:\/\/tiketi.com\/","logo":{"@type":"ImageObject","inLanguage":"fr-FR","@id":"https:\/\/tiketi.com\/#\/schema\/logo\/image\/","url":"https:\/\/tiketi.com\/wp-content\/uploads\/2019\/05\/tiketi-logo-696.png","contentUrl":"https:\/\/tiketi.com\/wp-content\/uploads\/2019\/05\/tiketi-logo-696.png","width":696,"height":696,"caption":"Tiketi.com"},"image":{"@id":"https:\/\/tiketi.com\/#\/schema\/logo\/image\/"},"sameAs":["https:\/\/www.facebook.com\/TiketiCom\/"]}]}},"_links":{"self":[{"href":"https:\/\/tiketi.com\/fr-fr\/wp-json\/wp\/v2\/pages\/11724","targetHints":{"allow":["GET"]}}],"collection":[{"href":"https:\/\/tiketi.com\/fr-fr\/wp-json\/wp\/v2\/pages"}],"about":[{"href":"https:\/\/tiketi.com\/fr-fr\/wp-json\/wp\/v2\/types\/page"}],"author":[{"embeddable":true,"href":"https:\/\/tiketi.com\/fr-fr\/wp-json\/wp\/v2\/users\/1"}],"replies":[{"embeddable":true,"href":"https:\/\/tiketi.com\/fr-fr\/wp-json\/wp\/v2\/comments?post=11724"}],"version-history":[{"count":0,"href":"https:\/\/tiketi.com\/fr-fr\/wp-json\/wp\/v2\/pages\/11724\/revisions"}],"wp:featuredmedia":[{"embeddable":true,"href":"https:\/\/tiketi.com\/fr-fr\/wp-json\/wp\/v2\/media\/14041"}],"wp:attachment":[{"href":"https:\/\/tiketi.com\/fr-fr\/wp-json\/wp\/v2\/media?parent=11724"}],"curies":[{"name":"wp","href":"https:\/\/api.w.org\/{rel}","templated":true}]}}