{"id":11725,"date":"2022-01-19T12:55:07","date_gmt":"2022-01-19T11:55:07","guid":{"rendered":"https:\/\/new.tiketi.com\/cheap-flights-from-london-to-cape-verde\/"},"modified":"2022-02-08T20:19:33","modified_gmt":"2022-02-08T19:19:33","slug":"flights-london-cape-verde","status":"publish","type":"page","link":"https:\/\/tiketi.com\/fr-fr\/flights-london-cape-verde\/","title":{"rendered":"Vols \u00e0 bas prix de Londres \u00e0 Cap-Vert"},"content":{"rendered":"<h2>Vous recherchez un billet d&#039;avion pas cher de Londres vers Cap-Vert ou des offres de derni\u00e8re minute ?<\/h2>\n<h3>Recherchez, comparez et r\u00e9servez en ligne maintenant un billet d&#039;avion pas cher entre Lodwar (LOK) et Eldoret (EDL).<\/h3>\n<p>R\u00e9servez en ligne des vols \u00e0 bas prix de Londres \u00e0 Cap-Vert et \u00e9conomisez de l&#039;argent sur les billets d&#039;avion. Si vous allez visiter le Cap-Vert, vous voulez en fait savoir quels sont les points forts de l&#039;archipel. Avec la beaut\u00e9 incroyable et l&#039;immense diversit\u00e9, il peut \u00eatre difficile de choisir les points forts que vous voulez voir. Visitez Eldoret gr\u00e2ce \u00e0 des offres exceptionnelles sur les billets d&#039;avion de Londres \u00e0 Cap-Vert et volez de Londres \u00e0 Cap-Vert \u00e0 bas prix.<\/p>\n<h2>Voici quelques-unes des meilleures attractions du Cap-Vert<\/h2>\n<h3>Volcan Fogo<\/h3>\n<p>L&#039;un des symboles de Cape Verse est le volcan sur l&#039;\u00eele de Fogo. Le sommet est plac\u00e9 \u00e0 2 829 m\u00e8tres d&#039;altitude. Par temps clair, vous pouvez voir le volcan dynamique depuis les \u00eeles voisines de Brava et Santiago. Le d\u00e9cor dynamique est aussi bien pour les grimpeurs que pour les spectateurs remarquable.<\/p>\n<h3>Plage de Santa Mar\u00eda<\/h3>\n<p>La plage de Santa Maria sur l&#039;\u00eele de Sal est une plage de sable blanc longue de plusieurs kilom\u00e8tres, qui brille sous le soleil et la mer blanche en arri\u00e8re-plan. Un meilleur endroit pour nager dans la mer ou pour prendre un verre. Directement sur la plage, vous pourrez \u00e9galement d\u00e9guster le meilleur de la cuisine capverdienne, comme le homard et le thon fra\u00eechement p\u00each\u00e9s.<\/p>\n<h3>Salines de Pedra de Lume<\/h3>\n<p>L&#039;un des endroits les plus visit\u00e9s est Perda de Lume sur Sal avec ses marais salants. Ce n&#039;est pas pour rien. En 1833 cet emplacement est mis \u00e0 profit pour faire du sel. Les salines color\u00e9es, les anciennes maisons de stockage et les fondations en bois du c\u00e2ble de transport sont encore visibles.<\/p>\n<h2>FAQ sur les vols pas chers de Londres \u00e0 Cap-Vert<\/h2>\n<h3>Quelle est la dur\u00e9e du vol Londres Cap Vert ?<\/h3>\n<p>Le temps de vol de Londres \u00e0 Cape Verse est de six heures et quatre minutes.<\/p>\n<h3>Quelle est la distance de vol entre Londres et Cap-Vert ?<\/h3>\n<p>La distance entre Londres et le Cap-Vert est de 2 779 miles ou 44 673 km en vol.<\/p>\n<h3>Comment s&#039;appellent les principaux a\u00e9roports du Cap-Vert ?<\/h3>\n<p>Les sept grands a\u00e9roports r\u00e9pertori\u00e9s sont tous des vols directs entre Londres et le Cap-Vert.<\/p>\n<p>\u2022 A\u00e9roport international Amilcar Cabral<\/p>\n<p>\u2022 A\u00e9roport de S\u00e3o Pedro<\/p>\n<p>\u2022 A\u00e9roport international de Praia<\/p>\n<p>\u2022 A\u00e9roport international Aristides Pereira<\/p>\n<p>\u2022 A\u00e9roport de S\u00e3o Filipe<\/p>\n<p>\u2022 A\u00e9roport de Preguica<\/p>\n<p>\u2022 A\u00e9roport Maio.<\/p>\n<h3>Quel est le prix du billet d&#039;avion le moins cher de Londres au Cap-Vert ?<\/h3>\n<p>Le billet d&#039;avion pas cher de Londres au Cap-Vert qui co\u00fbte $450 - $800.<\/p>\n<h3>Quelle est le d\u00e9calage horaire entre Londres et Le Cap ?<\/h3>\n<p>Cape Verse est 2h en retard sur Londres. Il est actuellement 08h50 \u00e0 Londres et 06h50 au Cap-Vert.<\/p>\n<h3>Comment s&#039;appelle la ville \u00e0 mi-chemin entre Londres et le Cap-Vert ?<\/h3>\n<p>Le point \u00e0 mi-chemin entre Londres et les vols bon march\u00e9 du Cap-Vert est Camacha, au Portugal.<\/p>","protected":false},"excerpt":{"rendered":"<p>Looking for cheap airline ticket from London to Cape Verde\u00a0or last minute deals? Search, compare and book cheap airline ticket from Lodwar (LOK) to Eldoret (EDL) online now. Book cheap flights from London to Cape Verde online and save money on airfare. If you are going to visit Cape Verde you actually want to know [&hellip;]<\/p>\n","protected":false},"author":1,"featured_media":14041,"parent":0,"menu_order":0,"comment_status":"open","ping_status":"closed","template":"template-home-modern.php","meta":{"footnotes":""},"class_list":["post-11725","page","type-page","status-publish","has-post-thumbnail","hentry"],"yoast_head":"<!-- This site is optimized with the Yoast SEO plugin v27.3 - https:\/\/yoast.com\/product\/yoast-seo-wordpress\/ -->\n<title>Cheap Flights from\u00a0London to Cape Verde<\/title>\n<meta name=\"description\" content=\"Looking for cheap flights from\u00a0London to Cape Verde? Search, compare and book cheap airline ticket from London to Cape Verde online\" \/>\n<meta name=\"robots\" content=\"index, follow, max-snippet:-1, max-image-preview:large, max-video-preview:-1\" \/>\n<link rel=\"canonical\" href=\"https:\/\/tiketi.com\/fr-fr\/flights-london-cape-verde\/\" \/>\n<meta property=\"og:locale\" content=\"fr_FR\" \/>\n<meta property=\"og:type\" content=\"article\" \/>\n<meta property=\"og:title\" content=\"Cheap Flights from\u00a0London to Cape Verde\" \/>\n<meta property=\"og:description\" content=\"Looking for cheap flights from\u00a0London to Cape Verde? Search, compare and book cheap airline ticket from London to Cape Verde online\" \/>\n<meta property=\"og:url\" content=\"https:\/\/tiketi.com\/fr-fr\/flights-london-cape-verde\/\" \/>\n<meta property=\"og:site_name\" content=\"Tiketi.com\" \/>\n<meta property=\"article:publisher\" content=\"https:\/\/www.facebook.com\/TiketiCom\/\" \/>\n<meta property=\"article:modified_time\" content=\"2022-02-08T19:19:33+00:00\" \/>\n<meta property=\"og:image\" content=\"https:\/\/tiketi.com\/wp-content\/uploads\/2022\/01\/flight-ticket-booking-sorasak-KxCJXXGsv9I-unsplas.jpg\" \/>\n\t<meta property=\"og:image:width\" content=\"1200\" \/>\n\t<meta property=\"og:image:height\" content=\"240\" \/>\n\t<meta property=\"og:image:type\" content=\"image\/jpeg\" \/>\n<meta name=\"twitter:card\" content=\"summary_large_image\" \/>\n<meta name=\"twitter:label1\" content=\"Dur\u00e9e de lecture estim\u00e9e\" \/>\n\t<meta name=\"twitter:data1\" content=\"3 minutes\" \/>\n<script type=\"application\/ld+json\" class=\"yoast-schema-graph\">{\"@context\":\"https:\\\/\\\/schema.org\",\"@graph\":[{\"@type\":\"WebPage\",\"@id\":\"https:\\\/\\\/tiketi.com\\\/flights-london-cape-verde\\\/\",\"url\":\"https:\\\/\\\/tiketi.com\\\/flights-london-cape-verde\\\/\",\"name\":\"Cheap Flights from\u00a0London to Cape Verde\",\"isPartOf\":{\"@id\":\"https:\\\/\\\/tiketi.com\\\/#website\"},\"primaryImageOfPage\":{\"@id\":\"https:\\\/\\\/tiketi.com\\\/flights-london-cape-verde\\\/#primaryimage\"},\"image\":{\"@id\":\"https:\\\/\\\/tiketi.com\\\/flights-london-cape-verde\\\/#primaryimage\"},\"thumbnailUrl\":\"https:\\\/\\\/tiketi.com\\\/wp-content\\\/uploads\\\/2022\\\/01\\\/flight-ticket-booking-sorasak-KxCJXXGsv9I-unsplas.jpg\",\"datePublished\":\"2022-01-19T11:55:07+00:00\",\"dateModified\":\"2022-02-08T19:19:33+00:00\",\"description\":\"Looking for cheap flights from\u00a0London to Cape Verde? Search, compare and book cheap airline ticket from London to Cape Verde online\",\"breadcrumb\":{\"@id\":\"https:\\\/\\\/tiketi.com\\\/flights-london-cape-verde\\\/#breadcrumb\"},\"inLanguage\":\"fr-FR\",\"potentialAction\":[{\"@type\":\"ReadAction\",\"target\":[\"https:\\\/\\\/tiketi.com\\\/flights-london-cape-verde\\\/\"]}]},{\"@type\":\"ImageObject\",\"inLanguage\":\"fr-FR\",\"@id\":\"https:\\\/\\\/tiketi.com\\\/flights-london-cape-verde\\\/#primaryimage\",\"url\":\"https:\\\/\\\/tiketi.com\\\/wp-content\\\/uploads\\\/2022\\\/01\\\/flight-ticket-booking-sorasak-KxCJXXGsv9I-unsplas.jpg\",\"contentUrl\":\"https:\\\/\\\/tiketi.com\\\/wp-content\\\/uploads\\\/2022\\\/01\\\/flight-ticket-booking-sorasak-KxCJXXGsv9I-unsplas.jpg\",\"width\":1200,\"height\":240,\"caption\":\"Online flight ticket booking\"},{\"@type\":\"BreadcrumbList\",\"@id\":\"https:\\\/\\\/tiketi.com\\\/flights-london-cape-verde\\\/#breadcrumb\",\"itemListElement\":[{\"@type\":\"ListItem\",\"position\":1,\"name\":\"Home\",\"item\":\"https:\\\/\\\/tiketi.com\\\/\"},{\"@type\":\"ListItem\",\"position\":2,\"name\":\"Cheap Flights from\u00a0London to Cape Verde\"}]},{\"@type\":\"WebSite\",\"@id\":\"https:\\\/\\\/tiketi.com\\\/#website\",\"url\":\"https:\\\/\\\/tiketi.com\\\/\",\"name\":\"Flight & Bus Tickets, Tour Packages & Activitites - Tiketi.com\",\"description\":\"Flight &amp; Bus Tickets, Tours, Activitites\",\"publisher\":{\"@id\":\"https:\\\/\\\/tiketi.com\\\/#organization\"},\"potentialAction\":[{\"@type\":\"SearchAction\",\"target\":{\"@type\":\"EntryPoint\",\"urlTemplate\":\"https:\\\/\\\/tiketi.com\\\/?s={search_term_string}\"},\"query-input\":{\"@type\":\"PropertyValueSpecification\",\"valueRequired\":true,\"valueName\":\"search_term_string\"}}],\"inLanguage\":\"fr-FR\"},{\"@type\":\"Organization\",\"@id\":\"https:\\\/\\\/tiketi.com\\\/#organization\",\"name\":\"Tiketi.com\",\"alternateName\":\"Tiketi\",\"url\":\"https:\\\/\\\/tiketi.com\\\/\",\"logo\":{\"@type\":\"ImageObject\",\"inLanguage\":\"fr-FR\",\"@id\":\"https:\\\/\\\/tiketi.com\\\/#\\\/schema\\\/logo\\\/image\\\/\",\"url\":\"https:\\\/\\\/tiketi.com\\\/wp-content\\\/uploads\\\/2019\\\/05\\\/tiketi-logo-696.png\",\"contentUrl\":\"https:\\\/\\\/tiketi.com\\\/wp-content\\\/uploads\\\/2019\\\/05\\\/tiketi-logo-696.png\",\"width\":696,\"height\":696,\"caption\":\"Tiketi.com\"},\"image\":{\"@id\":\"https:\\\/\\\/tiketi.com\\\/#\\\/schema\\\/logo\\\/image\\\/\"},\"sameAs\":[\"https:\\\/\\\/www.facebook.com\\\/TiketiCom\\\/\"]}]}<\/script>\n<!-- \/ Yoast SEO plugin. -->","yoast_head_json":{"title":"Vols \u00e0 bas prix de Londres \u00e0 Cap-Vert","description":"Vous recherchez des vols \u00e0 bas prix de Londres vers Cap-Vert ? Recherchez, comparez et r\u00e9servez en ligne un billet d&#039;avion pas cher de Londres \u00e0 Cap-Vert","robots":{"index":"index","follow":"follow","max-snippet":"max-snippet:-1","max-image-preview":"max-image-preview:large","max-video-preview":"max-video-preview:-1"},"canonical":"https:\/\/tiketi.com\/fr-fr\/flights-london-cape-verde\/","og_locale":"fr_FR","og_type":"article","og_title":"Cheap Flights from\u00a0London to Cape Verde","og_description":"Looking for cheap flights from\u00a0London to Cape Verde? Search, compare and book cheap airline ticket from London to Cape Verde online","og_url":"https:\/\/tiketi.com\/fr-fr\/flights-london-cape-verde\/","og_site_name":"Tiketi.com","article_publisher":"https:\/\/www.facebook.com\/TiketiCom\/","article_modified_time":"2022-02-08T19:19:33+00:00","og_image":[{"width":1200,"height":240,"url":"https:\/\/tiketi.com\/wp-content\/uploads\/2022\/01\/flight-ticket-booking-sorasak-KxCJXXGsv9I-unsplas.jpg","type":"image\/jpeg"}],"twitter_card":"summary_large_image","twitter_misc":{"Dur\u00e9e de lecture estim\u00e9e":"3 minutes"},"schema":{"@context":"https:\/\/schema.org","@graph":[{"@type":"WebPage","@id":"https:\/\/tiketi.com\/flights-london-cape-verde\/","url":"https:\/\/tiketi.com\/flights-london-cape-verde\/","name":"Vols \u00e0 bas prix de Londres \u00e0 Cap-Vert","isPartOf":{"@id":"https:\/\/tiketi.com\/#website"},"primaryImageOfPage":{"@id":"https:\/\/tiketi.com\/flights-london-cape-verde\/#primaryimage"},"image":{"@id":"https:\/\/tiketi.com\/flights-london-cape-verde\/#primaryimage"},"thumbnailUrl":"https:\/\/tiketi.com\/wp-content\/uploads\/2022\/01\/flight-ticket-booking-sorasak-KxCJXXGsv9I-unsplas.jpg","datePublished":"2022-01-19T11:55:07+00:00","dateModified":"2022-02-08T19:19:33+00:00","description":"Vous recherchez des vols \u00e0 bas prix de Londres vers Cap-Vert ? Recherchez, comparez et r\u00e9servez en ligne un billet d&#039;avion pas cher de Londres \u00e0 Cap-Vert","breadcrumb":{"@id":"https:\/\/tiketi.com\/flights-london-cape-verde\/#breadcrumb"},"inLanguage":"fr-FR","potentialAction":[{"@type":"ReadAction","target":["https:\/\/tiketi.com\/flights-london-cape-verde\/"]}]},{"@type":"ImageObject","inLanguage":"fr-FR","@id":"https:\/\/tiketi.com\/flights-london-cape-verde\/#primaryimage","url":"https:\/\/tiketi.com\/wp-content\/uploads\/2022\/01\/flight-ticket-booking-sorasak-KxCJXXGsv9I-unsplas.jpg","contentUrl":"https:\/\/tiketi.com\/wp-content\/uploads\/2022\/01\/flight-ticket-booking-sorasak-KxCJXXGsv9I-unsplas.jpg","width":1200,"height":240,"caption":"Online flight ticket booking"},{"@type":"BreadcrumbList","@id":"https:\/\/tiketi.com\/flights-london-cape-verde\/#breadcrumb","itemListElement":[{"@type":"ListItem","position":1,"name":"Home","item":"https:\/\/tiketi.com\/"},{"@type":"ListItem","position":2,"name":"Cheap Flights from\u00a0London to Cape Verde"}]},{"@type":"WebSite","@id":"https:\/\/tiketi.com\/#website","url":"https:\/\/tiketi.com\/","name":"Billets d&#039;avion et de bus, forfaits touristiques et activit\u00e9s - Tiketi.com","description":"Billets d&#039;avion et de bus, Tours, Activit\u00e9s","publisher":{"@id":"https:\/\/tiketi.com\/#organization"},"potentialAction":[{"@type":"SearchAction","target":{"@type":"EntryPoint","urlTemplate":"https:\/\/tiketi.com\/?s={search_term_string}"},"query-input":{"@type":"PropertyValueSpecification","valueRequired":true,"valueName":"search_term_string"}}],"inLanguage":"fr-FR"},{"@type":"Organization","@id":"https:\/\/tiketi.com\/#organization","name":"Tiketi.com","alternateName":"Tiketi","url":"https:\/\/tiketi.com\/","logo":{"@type":"ImageObject","inLanguage":"fr-FR","@id":"https:\/\/tiketi.com\/#\/schema\/logo\/image\/","url":"https:\/\/tiketi.com\/wp-content\/uploads\/2019\/05\/tiketi-logo-696.png","contentUrl":"https:\/\/tiketi.com\/wp-content\/uploads\/2019\/05\/tiketi-logo-696.png","width":696,"height":696,"caption":"Tiketi.com"},"image":{"@id":"https:\/\/tiketi.com\/#\/schema\/logo\/image\/"},"sameAs":["https:\/\/www.facebook.com\/TiketiCom\/"]}]}},"_links":{"self":[{"href":"https:\/\/tiketi.com\/fr-fr\/wp-json\/wp\/v2\/pages\/11725","targetHints":{"allow":["GET"]}}],"collection":[{"href":"https:\/\/tiketi.com\/fr-fr\/wp-json\/wp\/v2\/pages"}],"about":[{"href":"https:\/\/tiketi.com\/fr-fr\/wp-json\/wp\/v2\/types\/page"}],"author":[{"embeddable":true,"href":"https:\/\/tiketi.com\/fr-fr\/wp-json\/wp\/v2\/users\/1"}],"replies":[{"embeddable":true,"href":"https:\/\/tiketi.com\/fr-fr\/wp-json\/wp\/v2\/comments?post=11725"}],"version-history":[{"count":0,"href":"https:\/\/tiketi.com\/fr-fr\/wp-json\/wp\/v2\/pages\/11725\/revisions"}],"wp:featuredmedia":[{"embeddable":true,"href":"https:\/\/tiketi.com\/fr-fr\/wp-json\/wp\/v2\/media\/14041"}],"wp:attachment":[{"href":"https:\/\/tiketi.com\/fr-fr\/wp-json\/wp\/v2\/media?parent=11725"}],"curies":[{"name":"wp","href":"https:\/\/api.w.org\/{rel}","templated":true}]}}