{"id":11726,"date":"2022-01-19T12:55:07","date_gmt":"2022-01-19T11:55:07","guid":{"rendered":"https:\/\/new.tiketi.com\/cheap-flights-from-johannesburg-to-pemba\/"},"modified":"2022-02-08T15:18:43","modified_gmt":"2022-02-08T14:18:43","slug":"flights-johannesburg-pemba-jnb-pol","status":"publish","type":"page","link":"https:\/\/tiketi.com\/fr-fr\/flights-johannesburg-pemba-jnb-pol\/","title":{"rendered":"Vols pas chers Johannesbourg - Pemba"},"content":{"rendered":"<h2>Vous cherchez un billet d&#039;avion pas cher \u00e0 partir de Johannesbourg pour Pemba ou des offres de derni\u00e8re minute ?<\/h2>\n<h3>Recherchez, comparez et r\u00e9servez en ligne d\u00e8s maintenant un billet d&#039;avion pas cher de Johannesburg (JNB) \u00e0 Pemba (POL), Mozambique.<\/h3>\n<p>R\u00e9servez des vols pas chers de Johannesbourg \u00e0 Pemba en ligne et \u00e9conomisez de l&#039;argent sur les tarifs a\u00e9riens. Pemba est une ville portuaire pittoresque proche de l&#039;archipel des Quirimbas. Il est situ\u00e9 sur l&#039;une des plus grandes baies naturelles du monde. Les habitants vivent dans de petites cabanes entour\u00e9es de grands baobabs. La c\u00e9l\u00e8bre plage de Wimbe est proche d&#039;un r\u00e9cif de corail, ce qui en fait un lieu privil\u00e9gi\u00e9 pour la plong\u00e9e en apn\u00e9e et sous-marine. Visitez Pemba gr\u00e2ce \u00e0 des offres exceptionnelles sur les billets d&#039;avion de Johannesburg \u00e0 Pemba et volez des vols de Johannesburg \u00e0 Pemba \u00e0 bas prix.<\/p>\n<h2>Voici quelques-unes des meilleures attractions de Pemba, au Mozambique<\/h2>\n<h3>Artes Maconde<\/h3>\n<p>M\u00eame si vous ne souhaitez pas acheter d&#039;artisanat, cela vaut la peine de vous arr\u00eater \u00e0 l&#039;incroyable Artes Maconde de l&#039;Avani Pemba Beach Hotel. Il vend une large gamme de sculptures, de textiles et d&#039;artisanat standards provenant de tout le Mozambique ainsi que d&#039;ailleurs dans la r\u00e9gion.<\/p>\n<h3>Plage de Wimbi<\/h3>\n<p>Pemba, c&#039;est la plage de Wimbi, situ\u00e9e \u00e0 4 km \u00e0 l&#039;est du centre-ville. L&#039;incroyable arc de sable est soutenu par un ensemble vari\u00e9 mais jamais oppressant de bars de plage, d&#039;h\u00e9bergements et de restaurants. La baignade est s\u00e9curitaire et les brises marines sont fra\u00eeches. Il y a de la plong\u00e9e de premi\u00e8re classe \u00e0 un kilom\u00e8tre au large.<\/p>\n<h3>March\u00e9 Mbanguia<\/h3>\n<p>Le march\u00e9 le plus remarquable de Pemba, dans le quartier de Natite, pr\u00e8s de l&#039;intersection de l&#039;Avenida Marginal et de l&#039;Avenida Eduardo Mondlane. Il s\u2019agit d\u2019une grande et \u00e9tonnante affaire qui semble vendre tout, sauf peut-\u00eatre l\u2019\u00e9vier de la cuisine.<\/p>\n<h3>Paquitequete<\/h3>\n<p>Si vous visitez simplement l&#039;un des bairros de Pemba, assurez-vous qu&#039;il s&#039;agit bien de Paquitequte, situ\u00e9 \u00e0 c\u00f4t\u00e9 de la baie en contrebas du centre. Domin\u00e9 par son march\u00e9 aux poissons au bord de l&#039;eau et sa mosqu\u00e9e blanche et verte distinctive, c&#039;est comme un village de p\u00eacheurs envelopp\u00e9 dans une plus grande ville.<\/p>\n<h2>FAQ sur les vols pas chers de Johannesbourg \u00e0 Pemba<\/h2>\n<h3>Quelle est la distance entre Pemba et Johannesbourg ?<\/h3>\n<p>La distance des vols Pemba au d\u00e9part de Johannesbourg est de 1942 kilom\u00e8tres.<\/p>\n<h3>Combien de temps dure un vol pas cher depuis Johannesbourg vers Pemba ?<\/h3>\n<p>Le temps de vol commun de Johannesburg \u00e0 Pemba est de deux heures et cinquante-cinq minutes.<\/p>\n<h3>Quelle est la fr\u00e9quence des vols directs de Johannesbourg \u00e0 Pemba ?<\/h3>\n<p>Il existe six vols directs de Johannesburg \u00e0 Pemba.<\/p>\n<h3>Quel est le billet d&#039;avion le plus c\u00e9l\u00e8bre de Johannesbourg \u00e0 Pemba ?<\/h3>\n<p>South African Airways propose 100 % des vols sans escale entre Pemba et Johannesburg.<\/p>\n<h2>Conseils pour les vols de Johannesbourg \u00e0 Pemba<\/h2>\n<p>\u2022 Johannesbourg est \u00e0 1945 km de Pemba.<\/p>\n<p>\u2022 Il y a un vol quotidien de Johannesburg \u00e0 Pemba.<\/p>\n<p>\u2022 Il y a un vol hebdomadaire de Johannesburg \u00e0 Pemba.<\/p>\n<p>\u2022 Un vol sans escale est assur\u00e9 de Johannesburg \u00e0 Pemba.<\/p>\n<p>\u2022 South African Airways propose le plus grand nombre de vols directs entre Johannesburg et Pemba.<\/p>\n<p>\u2022 Maputo, Mozambique \u2013 Maputo Intl est la liaison la plus c\u00e9l\u00e8bre pour les vols \u00e0 escale entre Pemba et Johannesburg.<\/p>\n<p>\u2022 Le temps de vol commun de Johannesburg \u00e0 Pemba est de deux heures cinquante-cinq minutes.<\/p>","protected":false},"excerpt":{"rendered":"<p>Looking for cheap airline ticket from Johannesburg to Pemba\u00a0or last minute deals? Search, compare and book cheap airline ticket from Johannesburg (JNB) to Pemba (POL), Mozambique online now. Book cheap flights from Johannesburg to Pemba online and save money on airfare. Pemba is a quaint port town near to the Quirimbas Archipelago. It is placed [&hellip;]<\/p>\n","protected":false},"author":1,"featured_media":14041,"parent":0,"menu_order":0,"comment_status":"open","ping_status":"closed","template":"template-home-modern.php","meta":{"footnotes":""},"class_list":["post-11726","page","type-page","status-publish","has-post-thumbnail","hentry"],"yoast_head":"<!-- This site is optimized with the Yoast SEO plugin v27.3 - https:\/\/yoast.com\/product\/yoast-seo-wordpress\/ -->\n<title>Cheap Flights from\u00a0Johannesburg to Pemba<\/title>\n<meta name=\"description\" content=\"Looking for cheap flights from\u00a0Johannesburg to Pemba? Search, compare and book cheap airline ticket from Johannesburg to Pemba online\" \/>\n<meta name=\"robots\" content=\"index, follow, max-snippet:-1, max-image-preview:large, max-video-preview:-1\" \/>\n<link rel=\"canonical\" href=\"https:\/\/tiketi.com\/fr-fr\/flights-johannesburg-pemba-jnb-pol\/\" \/>\n<meta property=\"og:locale\" content=\"fr_FR\" \/>\n<meta property=\"og:type\" content=\"article\" \/>\n<meta property=\"og:title\" content=\"Cheap Flights from\u00a0Johannesburg to Pemba\" \/>\n<meta property=\"og:description\" content=\"Looking for cheap flights from\u00a0Johannesburg to Pemba? Search, compare and book cheap airline ticket from Johannesburg to Pemba online\" \/>\n<meta property=\"og:url\" content=\"https:\/\/tiketi.com\/fr-fr\/flights-johannesburg-pemba-jnb-pol\/\" \/>\n<meta property=\"og:site_name\" content=\"Tiketi.com\" \/>\n<meta property=\"article:publisher\" content=\"https:\/\/www.facebook.com\/TiketiCom\/\" \/>\n<meta property=\"article:modified_time\" content=\"2022-02-08T14:18:43+00:00\" \/>\n<meta property=\"og:image\" content=\"https:\/\/tiketi.com\/wp-content\/uploads\/2022\/01\/flight-ticket-booking-sorasak-KxCJXXGsv9I-unsplas.jpg\" \/>\n\t<meta property=\"og:image:width\" content=\"1200\" \/>\n\t<meta property=\"og:image:height\" content=\"240\" \/>\n\t<meta property=\"og:image:type\" content=\"image\/jpeg\" \/>\n<meta name=\"twitter:card\" content=\"summary_large_image\" \/>\n<meta name=\"twitter:label1\" content=\"Dur\u00e9e de lecture estim\u00e9e\" \/>\n\t<meta name=\"twitter:data1\" content=\"3 minutes\" \/>\n<script type=\"application\/ld+json\" class=\"yoast-schema-graph\">{\"@context\":\"https:\\\/\\\/schema.org\",\"@graph\":[{\"@type\":\"WebPage\",\"@id\":\"https:\\\/\\\/tiketi.com\\\/flights-johannesburg-pemba-jnb-pol\\\/\",\"url\":\"https:\\\/\\\/tiketi.com\\\/flights-johannesburg-pemba-jnb-pol\\\/\",\"name\":\"Cheap Flights from\u00a0Johannesburg to Pemba\",\"isPartOf\":{\"@id\":\"https:\\\/\\\/tiketi.com\\\/#website\"},\"primaryImageOfPage\":{\"@id\":\"https:\\\/\\\/tiketi.com\\\/flights-johannesburg-pemba-jnb-pol\\\/#primaryimage\"},\"image\":{\"@id\":\"https:\\\/\\\/tiketi.com\\\/flights-johannesburg-pemba-jnb-pol\\\/#primaryimage\"},\"thumbnailUrl\":\"https:\\\/\\\/tiketi.com\\\/wp-content\\\/uploads\\\/2022\\\/01\\\/flight-ticket-booking-sorasak-KxCJXXGsv9I-unsplas.jpg\",\"datePublished\":\"2022-01-19T11:55:07+00:00\",\"dateModified\":\"2022-02-08T14:18:43+00:00\",\"description\":\"Looking for cheap flights from\u00a0Johannesburg to Pemba? Search, compare and book cheap airline ticket from Johannesburg to Pemba online\",\"breadcrumb\":{\"@id\":\"https:\\\/\\\/tiketi.com\\\/flights-johannesburg-pemba-jnb-pol\\\/#breadcrumb\"},\"inLanguage\":\"fr-FR\",\"potentialAction\":[{\"@type\":\"ReadAction\",\"target\":[\"https:\\\/\\\/tiketi.com\\\/flights-johannesburg-pemba-jnb-pol\\\/\"]}]},{\"@type\":\"ImageObject\",\"inLanguage\":\"fr-FR\",\"@id\":\"https:\\\/\\\/tiketi.com\\\/flights-johannesburg-pemba-jnb-pol\\\/#primaryimage\",\"url\":\"https:\\\/\\\/tiketi.com\\\/wp-content\\\/uploads\\\/2022\\\/01\\\/flight-ticket-booking-sorasak-KxCJXXGsv9I-unsplas.jpg\",\"contentUrl\":\"https:\\\/\\\/tiketi.com\\\/wp-content\\\/uploads\\\/2022\\\/01\\\/flight-ticket-booking-sorasak-KxCJXXGsv9I-unsplas.jpg\",\"width\":1200,\"height\":240,\"caption\":\"Online flight ticket booking\"},{\"@type\":\"BreadcrumbList\",\"@id\":\"https:\\\/\\\/tiketi.com\\\/flights-johannesburg-pemba-jnb-pol\\\/#breadcrumb\",\"itemListElement\":[{\"@type\":\"ListItem\",\"position\":1,\"name\":\"Home\",\"item\":\"https:\\\/\\\/tiketi.com\\\/\"},{\"@type\":\"ListItem\",\"position\":2,\"name\":\"Cheap Flights from\u00a0Johannesburg to Pemba\"}]},{\"@type\":\"WebSite\",\"@id\":\"https:\\\/\\\/tiketi.com\\\/#website\",\"url\":\"https:\\\/\\\/tiketi.com\\\/\",\"name\":\"Flight & Bus Tickets, Tour Packages & Activitites - Tiketi.com\",\"description\":\"Flight &amp; Bus Tickets, Tours, Activitites\",\"publisher\":{\"@id\":\"https:\\\/\\\/tiketi.com\\\/#organization\"},\"potentialAction\":[{\"@type\":\"SearchAction\",\"target\":{\"@type\":\"EntryPoint\",\"urlTemplate\":\"https:\\\/\\\/tiketi.com\\\/?s={search_term_string}\"},\"query-input\":{\"@type\":\"PropertyValueSpecification\",\"valueRequired\":true,\"valueName\":\"search_term_string\"}}],\"inLanguage\":\"fr-FR\"},{\"@type\":\"Organization\",\"@id\":\"https:\\\/\\\/tiketi.com\\\/#organization\",\"name\":\"Tiketi.com\",\"alternateName\":\"Tiketi\",\"url\":\"https:\\\/\\\/tiketi.com\\\/\",\"logo\":{\"@type\":\"ImageObject\",\"inLanguage\":\"fr-FR\",\"@id\":\"https:\\\/\\\/tiketi.com\\\/#\\\/schema\\\/logo\\\/image\\\/\",\"url\":\"https:\\\/\\\/tiketi.com\\\/wp-content\\\/uploads\\\/2019\\\/05\\\/tiketi-logo-696.png\",\"contentUrl\":\"https:\\\/\\\/tiketi.com\\\/wp-content\\\/uploads\\\/2019\\\/05\\\/tiketi-logo-696.png\",\"width\":696,\"height\":696,\"caption\":\"Tiketi.com\"},\"image\":{\"@id\":\"https:\\\/\\\/tiketi.com\\\/#\\\/schema\\\/logo\\\/image\\\/\"},\"sameAs\":[\"https:\\\/\\\/www.facebook.com\\\/TiketiCom\\\/\"]}]}<\/script>\n<!-- \/ Yoast SEO plugin. -->","yoast_head_json":{"title":"Vols pas chers Johannesbourg - Pemba","description":"Vous recherchez des vols \u00e0 bas prix au Johannesbourg vers Pemba? Recherchez, comparez et r\u00e9servez un billet d&#039;avion pas cher de Johannesbourg \u00e0 Pemba en ligne","robots":{"index":"index","follow":"follow","max-snippet":"max-snippet:-1","max-image-preview":"max-image-preview:large","max-video-preview":"max-video-preview:-1"},"canonical":"https:\/\/tiketi.com\/fr-fr\/flights-johannesburg-pemba-jnb-pol\/","og_locale":"fr_FR","og_type":"article","og_title":"Cheap Flights from\u00a0Johannesburg to Pemba","og_description":"Looking for cheap flights from\u00a0Johannesburg to Pemba? Search, compare and book cheap airline ticket from Johannesburg to Pemba online","og_url":"https:\/\/tiketi.com\/fr-fr\/flights-johannesburg-pemba-jnb-pol\/","og_site_name":"Tiketi.com","article_publisher":"https:\/\/www.facebook.com\/TiketiCom\/","article_modified_time":"2022-02-08T14:18:43+00:00","og_image":[{"width":1200,"height":240,"url":"https:\/\/tiketi.com\/wp-content\/uploads\/2022\/01\/flight-ticket-booking-sorasak-KxCJXXGsv9I-unsplas.jpg","type":"image\/jpeg"}],"twitter_card":"summary_large_image","twitter_misc":{"Dur\u00e9e de lecture estim\u00e9e":"3 minutes"},"schema":{"@context":"https:\/\/schema.org","@graph":[{"@type":"WebPage","@id":"https:\/\/tiketi.com\/flights-johannesburg-pemba-jnb-pol\/","url":"https:\/\/tiketi.com\/flights-johannesburg-pemba-jnb-pol\/","name":"Vols pas chers Johannesbourg - Pemba","isPartOf":{"@id":"https:\/\/tiketi.com\/#website"},"primaryImageOfPage":{"@id":"https:\/\/tiketi.com\/flights-johannesburg-pemba-jnb-pol\/#primaryimage"},"image":{"@id":"https:\/\/tiketi.com\/flights-johannesburg-pemba-jnb-pol\/#primaryimage"},"thumbnailUrl":"https:\/\/tiketi.com\/wp-content\/uploads\/2022\/01\/flight-ticket-booking-sorasak-KxCJXXGsv9I-unsplas.jpg","datePublished":"2022-01-19T11:55:07+00:00","dateModified":"2022-02-08T14:18:43+00:00","description":"Vous recherchez des vols \u00e0 bas prix au Johannesbourg vers Pemba? Recherchez, comparez et r\u00e9servez un billet d&#039;avion pas cher de Johannesbourg \u00e0 Pemba en ligne","breadcrumb":{"@id":"https:\/\/tiketi.com\/flights-johannesburg-pemba-jnb-pol\/#breadcrumb"},"inLanguage":"fr-FR","potentialAction":[{"@type":"ReadAction","target":["https:\/\/tiketi.com\/flights-johannesburg-pemba-jnb-pol\/"]}]},{"@type":"ImageObject","inLanguage":"fr-FR","@id":"https:\/\/tiketi.com\/flights-johannesburg-pemba-jnb-pol\/#primaryimage","url":"https:\/\/tiketi.com\/wp-content\/uploads\/2022\/01\/flight-ticket-booking-sorasak-KxCJXXGsv9I-unsplas.jpg","contentUrl":"https:\/\/tiketi.com\/wp-content\/uploads\/2022\/01\/flight-ticket-booking-sorasak-KxCJXXGsv9I-unsplas.jpg","width":1200,"height":240,"caption":"Online flight ticket booking"},{"@type":"BreadcrumbList","@id":"https:\/\/tiketi.com\/flights-johannesburg-pemba-jnb-pol\/#breadcrumb","itemListElement":[{"@type":"ListItem","position":1,"name":"Home","item":"https:\/\/tiketi.com\/"},{"@type":"ListItem","position":2,"name":"Cheap Flights from\u00a0Johannesburg to Pemba"}]},{"@type":"WebSite","@id":"https:\/\/tiketi.com\/#website","url":"https:\/\/tiketi.com\/","name":"Billets d&#039;avion et de bus, forfaits touristiques et activit\u00e9s - Tiketi.com","description":"Billets d&#039;avion et de bus, Tours, Activit\u00e9s","publisher":{"@id":"https:\/\/tiketi.com\/#organization"},"potentialAction":[{"@type":"SearchAction","target":{"@type":"EntryPoint","urlTemplate":"https:\/\/tiketi.com\/?s={search_term_string}"},"query-input":{"@type":"PropertyValueSpecification","valueRequired":true,"valueName":"search_term_string"}}],"inLanguage":"fr-FR"},{"@type":"Organization","@id":"https:\/\/tiketi.com\/#organization","name":"Tiketi.com","alternateName":"Tiketi","url":"https:\/\/tiketi.com\/","logo":{"@type":"ImageObject","inLanguage":"fr-FR","@id":"https:\/\/tiketi.com\/#\/schema\/logo\/image\/","url":"https:\/\/tiketi.com\/wp-content\/uploads\/2019\/05\/tiketi-logo-696.png","contentUrl":"https:\/\/tiketi.com\/wp-content\/uploads\/2019\/05\/tiketi-logo-696.png","width":696,"height":696,"caption":"Tiketi.com"},"image":{"@id":"https:\/\/tiketi.com\/#\/schema\/logo\/image\/"},"sameAs":["https:\/\/www.facebook.com\/TiketiCom\/"]}]}},"_links":{"self":[{"href":"https:\/\/tiketi.com\/fr-fr\/wp-json\/wp\/v2\/pages\/11726","targetHints":{"allow":["GET"]}}],"collection":[{"href":"https:\/\/tiketi.com\/fr-fr\/wp-json\/wp\/v2\/pages"}],"about":[{"href":"https:\/\/tiketi.com\/fr-fr\/wp-json\/wp\/v2\/types\/page"}],"author":[{"embeddable":true,"href":"https:\/\/tiketi.com\/fr-fr\/wp-json\/wp\/v2\/users\/1"}],"replies":[{"embeddable":true,"href":"https:\/\/tiketi.com\/fr-fr\/wp-json\/wp\/v2\/comments?post=11726"}],"version-history":[{"count":0,"href":"https:\/\/tiketi.com\/fr-fr\/wp-json\/wp\/v2\/pages\/11726\/revisions"}],"wp:featuredmedia":[{"embeddable":true,"href":"https:\/\/tiketi.com\/fr-fr\/wp-json\/wp\/v2\/media\/14041"}],"wp:attachment":[{"href":"https:\/\/tiketi.com\/fr-fr\/wp-json\/wp\/v2\/media?parent=11726"}],"curies":[{"name":"wp","href":"https:\/\/api.w.org\/{rel}","templated":true}]}}