{"id":11727,"date":"2022-01-19T12:55:07","date_gmt":"2022-01-19T11:55:07","guid":{"rendered":"https:\/\/new.tiketi.com\/cheap-flights-from-durban-to-port-elizabeth\/"},"modified":"2022-02-08T11:27:18","modified_gmt":"2022-02-08T10:27:18","slug":"flights-durban-port-elizabeth-dur-plz","status":"publish","type":"page","link":"https:\/\/tiketi.com\/fr-fr\/flights-durban-port-elizabeth-dur-plz\/","title":{"rendered":"Vols \u00e0 bas prix de Montr\u00e9al \u00e0 Port Elizabeth"},"content":{"rendered":"<h2>Vous cherchez un taxi a\u00e9rien abordable de Durban \u00e0 Port Elizabeth ?<\/h2>\n<h3>Recherchez, comparez et r\u00e9servez en ligne maintenant des billets d&#039;avion \u00e0 bas prix entre Durban (DUR) et Port Elizabeth (PLZ).<\/h3>\n<p>R\u00e9servez en ligne des vols \u00e0 bas prix de Durban \u00e0 Port Elizabeth. Port Elizabeth est une ville de la baie d&#039;Algoa dans la province sud-africaine du Cap oriental. Grand port, elle est \u00e9galement c\u00e9l\u00e8bre pour ses nombreuses plages. Trouvez et comparez donc les billets d&#039;avion de Durban \u00e0 Port Elizabeth et r\u00e9servez d\u00e8s maintenant en ligne des offres exceptionnelles sur des taxis a\u00e9riens pas chers de Durban \u00e0 Port Elizabeth.<\/p>\n<h2>Voici quelques-unes des meilleures attractions de Port Elizabeth<\/h2>\n<h3>Parc des \u00e9l\u00e9phants d&#039;Addo<\/h3>\n<p>Il s&#039;agit du 3\u00e8me plus grand parc national d&#039;Afrique du Sud et s&#039;est \u00e9tendu pour conserver une grande vari\u00e9t\u00e9 d&#039;animaux sauvages et de flore, du Karoo semi-d\u00e9sertique jusqu&#039;au littoral de Sundays River Valley Mouth. C&#039;est le seul endroit que vous devez visiter si vous \u00eates un amoureux des animaux. Les \u00e9l\u00e9phants passent devant vous tr\u00e8s pr\u00e8s de ce parc et l&#039;exp\u00e9rience est \u00e9crasante.<\/p>\n<h3>Plage d&#039;Algoa<\/h3>\n<p>Avec son bon m\u00e9lange d&#039;eau chaude, de brise l\u00e9g\u00e8re et de mer calme, c&#039;est l&#039;un des meilleurs sites de voile de la plan\u00e8te et une Mecque pour tous les amateurs de sports de plage et nautiques. Rassurez-vous, les plages de baignade sont surveill\u00e9es par des sauveteurs experts hautement qualifi\u00e9s pendant la saison chaude.<\/p>\n<h3>Mus\u00e9e de l&#039;emplacement rouge<\/h3>\n<p>Symbole de la libert\u00e9 sud-africaine et de sa guerre, le Red Place Museum offre une riche histoire sur son peuple. L&#039;emplacement rouge est l&#039;un des plus anciens cantons de Nelson Mandela Bay, du nom des solides b\u00e2timents de caserne en fer qui ont rouill\u00e9 en rouge fonc\u00e9.<\/p>\n<h2>FAQ sur les vols pas chers de Durban \u00e0 Port Elizabeth<\/h2>\n<h3>Quelle est la distance entre Port Elizabeth et Durban ?<\/h3>\n<p>La distance du vol en taxi a\u00e9rien de Durban \u00e0 Port Elizabeth est de 709 kilom\u00e8tres.<\/p>\n<h3>Quelle est la dur\u00e9e des vols Durban-Port Elizabeth ?<\/h3>\n<p>Le temps de vol commun entre Durban et Port Elizabeth est d&#039;une heure et vingt-cinq minutes.<\/p>\n<h3>Quelle est la fr\u00e9quence des vols directs Durban-Port Elizabeth ?<\/h3>\n<p>Il y a dix-neuf vols directs entre Durban et Port Elizabeth.<\/p>\n<h3>Quelles sont les compagnies a\u00e9riennes Durban les plus c\u00e9l\u00e8bres pour un billet d&#039;avion direct Durban Port Elizabeth ?<\/h3>\n<p>British Airways assure trente-six pour cent des vols sans escale entre Port Elizabeth et Durban.<\/p>\n<h3>Combien de vols de Durban \u00e0 Port Elizabeth partent en moyenne par jour ?<\/h3>\n<p>Quatre d\u00e9parts de vols de Durban \u00e0 Port Elizabeth par jour en moyenne.<\/p>\n<p>\u2022 Matin - cinquante pour cent des d\u00e9parts de vol<\/p>\n<p>\u2022 Apr\u00e8s-midi\u00a0: 50\u00a0% des d\u00e9parts de vols<\/p>\n<h2>Conseils pour un taxi a\u00e9rien pas cher de Durban \u00e0 Port Elizabeth<\/h2>\n<p>\u2022 Durban est \u00e0 443 milles de Port Elizabeth.<\/p>\n<p>\u2022 Il y a deux vols quotidiens de Durban \u00e0 Port Elizabeth.<\/p>\n<p>\u2022 Il y a trois vols hebdomadaires entre Durban et Port Elizabeth.<\/p>\n<p>\u2022 FlySafair propose le plus de vols sans escale entre Port Elizabeth et Durban.<\/p>\n<p>\u2022 Johannesburg, Afrique du Sud \u2013 OR Tambo International est la liaison la plus c\u00e9l\u00e8bre pour les vols \u00e0 escale entre Port Elizabeth et Durban.<\/p>","protected":false},"excerpt":{"rendered":"<p>Looking for affordable air taxi from Durban to Port Elizabeth? Search, compare and book cheap flight tickets from Durban (DUR) to Port Elizabeth (PLZ) online now. Book cheap flights from Durban to Port Elizabeth online. Port Elizabeth is a city on Algoa Bay in South Africans East Cape Province. A big port, it is also [&hellip;]<\/p>\n","protected":false},"author":1,"featured_media":14041,"parent":0,"menu_order":0,"comment_status":"open","ping_status":"closed","template":"template-home-modern.php","meta":{"footnotes":""},"class_list":["post-11727","page","type-page","status-publish","has-post-thumbnail","hentry"],"yoast_head":"<!-- This site is optimized with the Yoast SEO plugin v27.2 - https:\/\/yoast.com\/product\/yoast-seo-wordpress\/ -->\n<title>Cheap Flights from\u00a0Durban to Port Elizabeth - Best Air Taxi<\/title>\n<meta name=\"description\" content=\"Looking for cheap flights from\u00a0Durban to Port Elizabeth? Search, compare and book cheap airline ticket from Durban to Port Elizabeth online\" \/>\n<meta name=\"robots\" content=\"index, follow, max-snippet:-1, max-image-preview:large, max-video-preview:-1\" \/>\n<link rel=\"canonical\" href=\"https:\/\/tiketi.com\/fr-fr\/flights-durban-port-elizabeth-dur-plz\/\" \/>\n<meta property=\"og:locale\" content=\"fr_FR\" \/>\n<meta property=\"og:type\" content=\"article\" \/>\n<meta property=\"og:title\" content=\"Cheap Flights from\u00a0Durban to Port Elizabeth - Best Air Taxi\" \/>\n<meta property=\"og:description\" content=\"Looking for cheap flights from\u00a0Durban to Port Elizabeth? Search, compare and book cheap airline ticket from Durban to Port Elizabeth online\" \/>\n<meta property=\"og:url\" content=\"https:\/\/tiketi.com\/fr-fr\/flights-durban-port-elizabeth-dur-plz\/\" \/>\n<meta property=\"og:site_name\" content=\"Tiketi.com\" \/>\n<meta property=\"article:publisher\" content=\"https:\/\/www.facebook.com\/TiketiCom\/\" \/>\n<meta property=\"article:modified_time\" content=\"2022-02-08T10:27:18+00:00\" \/>\n<meta property=\"og:image\" content=\"https:\/\/tiketi.com\/wp-content\/uploads\/2022\/01\/flight-ticket-booking-sorasak-KxCJXXGsv9I-unsplas.jpg\" \/>\n\t<meta property=\"og:image:width\" content=\"1200\" \/>\n\t<meta property=\"og:image:height\" content=\"240\" \/>\n\t<meta property=\"og:image:type\" content=\"image\/jpeg\" \/>\n<meta name=\"twitter:card\" content=\"summary_large_image\" \/>\n<meta name=\"twitter:label1\" content=\"Dur\u00e9e de lecture estim\u00e9e\" \/>\n\t<meta name=\"twitter:data1\" content=\"3 minutes\" \/>\n<script type=\"application\/ld+json\" class=\"yoast-schema-graph\">{\"@context\":\"https:\/\/schema.org\",\"@graph\":[{\"@type\":\"WebPage\",\"@id\":\"https:\/\/tiketi.com\/sw\/flights-durban-port-elizabeth-dur-plz\/\",\"url\":\"https:\/\/tiketi.com\/sw\/flights-durban-port-elizabeth-dur-plz\/\",\"name\":\"Cheap Flights from\u00a0Durban to Port Elizabeth - Best Air Taxi\",\"isPartOf\":{\"@id\":\"https:\/\/tiketi.com\/#website\"},\"primaryImageOfPage\":{\"@id\":\"https:\/\/tiketi.com\/sw\/flights-durban-port-elizabeth-dur-plz\/#primaryimage\"},\"image\":{\"@id\":\"https:\/\/tiketi.com\/sw\/flights-durban-port-elizabeth-dur-plz\/#primaryimage\"},\"thumbnailUrl\":\"https:\/\/tiketi.com\/wp-content\/uploads\/2022\/01\/flight-ticket-booking-sorasak-KxCJXXGsv9I-unsplas.jpg\",\"datePublished\":\"2022-01-19T11:55:07+00:00\",\"dateModified\":\"2022-02-08T10:27:18+00:00\",\"description\":\"Looking for cheap flights from\u00a0Durban to Port Elizabeth? Search, compare and book cheap airline ticket from Durban to Port Elizabeth online\",\"breadcrumb\":{\"@id\":\"https:\/\/tiketi.com\/sw\/flights-durban-port-elizabeth-dur-plz\/#breadcrumb\"},\"inLanguage\":\"fr-FR\",\"potentialAction\":[{\"@type\":\"ReadAction\",\"target\":[\"https:\/\/tiketi.com\/sw\/flights-durban-port-elizabeth-dur-plz\/\"]}]},{\"@type\":\"ImageObject\",\"inLanguage\":\"fr-FR\",\"@id\":\"https:\/\/tiketi.com\/sw\/flights-durban-port-elizabeth-dur-plz\/#primaryimage\",\"url\":\"https:\/\/tiketi.com\/wp-content\/uploads\/2022\/01\/flight-ticket-booking-sorasak-KxCJXXGsv9I-unsplas.jpg\",\"contentUrl\":\"https:\/\/tiketi.com\/wp-content\/uploads\/2022\/01\/flight-ticket-booking-sorasak-KxCJXXGsv9I-unsplas.jpg\",\"width\":1200,\"height\":240,\"caption\":\"Online flight ticket booking\"},{\"@type\":\"BreadcrumbList\",\"@id\":\"https:\/\/tiketi.com\/sw\/flights-durban-port-elizabeth-dur-plz\/#breadcrumb\",\"itemListElement\":[{\"@type\":\"ListItem\",\"position\":1,\"name\":\"Home\",\"item\":\"https:\/\/tiketi.com\/\"},{\"@type\":\"ListItem\",\"position\":2,\"name\":\"Cheap Flights from\u00a0Durban to Port Elizabeth\"}]},{\"@type\":\"WebSite\",\"@id\":\"https:\/\/tiketi.com\/#website\",\"url\":\"https:\/\/tiketi.com\/\",\"name\":\"Flight & Bus Tickets, Tour Packages & Activitites - Tiketi.com\",\"description\":\"Flight &amp; Bus Tickets, Tours, Activitites\",\"publisher\":{\"@id\":\"https:\/\/tiketi.com\/#organization\"},\"potentialAction\":[{\"@type\":\"SearchAction\",\"target\":{\"@type\":\"EntryPoint\",\"urlTemplate\":\"https:\/\/tiketi.com\/?s={search_term_string}\"},\"query-input\":{\"@type\":\"PropertyValueSpecification\",\"valueRequired\":true,\"valueName\":\"search_term_string\"}}],\"inLanguage\":\"fr-FR\"},{\"@type\":\"Organization\",\"@id\":\"https:\/\/tiketi.com\/#organization\",\"name\":\"Tiketi.com\",\"alternateName\":\"Tiketi\",\"url\":\"https:\/\/tiketi.com\/\",\"logo\":{\"@type\":\"ImageObject\",\"inLanguage\":\"fr-FR\",\"@id\":\"https:\/\/tiketi.com\/#\/schema\/logo\/image\/\",\"url\":\"https:\/\/tiketi.com\/wp-content\/uploads\/2019\/05\/tiketi-logo-696.png\",\"contentUrl\":\"https:\/\/tiketi.com\/wp-content\/uploads\/2019\/05\/tiketi-logo-696.png\",\"width\":696,\"height\":696,\"caption\":\"Tiketi.com\"},\"image\":{\"@id\":\"https:\/\/tiketi.com\/#\/schema\/logo\/image\/\"},\"sameAs\":[\"https:\/\/www.facebook.com\/TiketiCom\/\"]}]}<\/script>\n<!-- \/ Yoast SEO plugin. -->","yoast_head_json":{"title":"Vols pas chers de Durban \u00e0 Port Elizabeth - Meilleurs taxis a\u00e9riens","description":"Vous recherchez des vols \u00e0 bas prix de Durban \u00e0 Port Elizabeth ? Recherchez, comparez et r\u00e9servez en ligne un billet d&#039;avion pas cher de Durban \u00e0 Port Elizabeth","robots":{"index":"index","follow":"follow","max-snippet":"max-snippet:-1","max-image-preview":"max-image-preview:large","max-video-preview":"max-video-preview:-1"},"canonical":"https:\/\/tiketi.com\/fr-fr\/flights-durban-port-elizabeth-dur-plz\/","og_locale":"fr_FR","og_type":"article","og_title":"Cheap Flights from\u00a0Durban to Port Elizabeth - Best Air Taxi","og_description":"Looking for cheap flights from\u00a0Durban to Port Elizabeth? Search, compare and book cheap airline ticket from Durban to Port Elizabeth online","og_url":"https:\/\/tiketi.com\/fr-fr\/flights-durban-port-elizabeth-dur-plz\/","og_site_name":"Tiketi.com","article_publisher":"https:\/\/www.facebook.com\/TiketiCom\/","article_modified_time":"2022-02-08T10:27:18+00:00","og_image":[{"width":1200,"height":240,"url":"https:\/\/tiketi.com\/wp-content\/uploads\/2022\/01\/flight-ticket-booking-sorasak-KxCJXXGsv9I-unsplas.jpg","type":"image\/jpeg"}],"twitter_card":"summary_large_image","twitter_misc":{"Dur\u00e9e de lecture estim\u00e9e":"3 minutes"},"schema":{"@context":"https:\/\/schema.org","@graph":[{"@type":"WebPage","@id":"https:\/\/tiketi.com\/sw\/flights-durban-port-elizabeth-dur-plz\/","url":"https:\/\/tiketi.com\/sw\/flights-durban-port-elizabeth-dur-plz\/","name":"Vols pas chers de Durban \u00e0 Port Elizabeth - Meilleurs taxis a\u00e9riens","isPartOf":{"@id":"https:\/\/tiketi.com\/#website"},"primaryImageOfPage":{"@id":"https:\/\/tiketi.com\/sw\/flights-durban-port-elizabeth-dur-plz\/#primaryimage"},"image":{"@id":"https:\/\/tiketi.com\/sw\/flights-durban-port-elizabeth-dur-plz\/#primaryimage"},"thumbnailUrl":"https:\/\/tiketi.com\/wp-content\/uploads\/2022\/01\/flight-ticket-booking-sorasak-KxCJXXGsv9I-unsplas.jpg","datePublished":"2022-01-19T11:55:07+00:00","dateModified":"2022-02-08T10:27:18+00:00","description":"Vous recherchez des vols \u00e0 bas prix de Durban \u00e0 Port Elizabeth ? Recherchez, comparez et r\u00e9servez en ligne un billet d&#039;avion pas cher de Durban \u00e0 Port Elizabeth","breadcrumb":{"@id":"https:\/\/tiketi.com\/sw\/flights-durban-port-elizabeth-dur-plz\/#breadcrumb"},"inLanguage":"fr-FR","potentialAction":[{"@type":"ReadAction","target":["https:\/\/tiketi.com\/sw\/flights-durban-port-elizabeth-dur-plz\/"]}]},{"@type":"ImageObject","inLanguage":"fr-FR","@id":"https:\/\/tiketi.com\/sw\/flights-durban-port-elizabeth-dur-plz\/#primaryimage","url":"https:\/\/tiketi.com\/wp-content\/uploads\/2022\/01\/flight-ticket-booking-sorasak-KxCJXXGsv9I-unsplas.jpg","contentUrl":"https:\/\/tiketi.com\/wp-content\/uploads\/2022\/01\/flight-ticket-booking-sorasak-KxCJXXGsv9I-unsplas.jpg","width":1200,"height":240,"caption":"Online flight ticket booking"},{"@type":"BreadcrumbList","@id":"https:\/\/tiketi.com\/sw\/flights-durban-port-elizabeth-dur-plz\/#breadcrumb","itemListElement":[{"@type":"ListItem","position":1,"name":"Home","item":"https:\/\/tiketi.com\/"},{"@type":"ListItem","position":2,"name":"Cheap Flights from\u00a0Durban to Port Elizabeth"}]},{"@type":"WebSite","@id":"https:\/\/tiketi.com\/#website","url":"https:\/\/tiketi.com\/","name":"Billets d&#039;avion et de bus, forfaits touristiques et activit\u00e9s - Tiketi.com","description":"Billets d&#039;avion et de bus, Tours, Activit\u00e9s","publisher":{"@id":"https:\/\/tiketi.com\/#organization"},"potentialAction":[{"@type":"SearchAction","target":{"@type":"EntryPoint","urlTemplate":"https:\/\/tiketi.com\/?s={search_term_string}"},"query-input":{"@type":"PropertyValueSpecification","valueRequired":true,"valueName":"search_term_string"}}],"inLanguage":"fr-FR"},{"@type":"Organization","@id":"https:\/\/tiketi.com\/#organization","name":"Tiketi.com","alternateName":"Tiketi","url":"https:\/\/tiketi.com\/","logo":{"@type":"ImageObject","inLanguage":"fr-FR","@id":"https:\/\/tiketi.com\/#\/schema\/logo\/image\/","url":"https:\/\/tiketi.com\/wp-content\/uploads\/2019\/05\/tiketi-logo-696.png","contentUrl":"https:\/\/tiketi.com\/wp-content\/uploads\/2019\/05\/tiketi-logo-696.png","width":696,"height":696,"caption":"Tiketi.com"},"image":{"@id":"https:\/\/tiketi.com\/#\/schema\/logo\/image\/"},"sameAs":["https:\/\/www.facebook.com\/TiketiCom\/"]}]}},"_links":{"self":[{"href":"https:\/\/tiketi.com\/fr-fr\/wp-json\/wp\/v2\/pages\/11727","targetHints":{"allow":["GET"]}}],"collection":[{"href":"https:\/\/tiketi.com\/fr-fr\/wp-json\/wp\/v2\/pages"}],"about":[{"href":"https:\/\/tiketi.com\/fr-fr\/wp-json\/wp\/v2\/types\/page"}],"author":[{"embeddable":true,"href":"https:\/\/tiketi.com\/fr-fr\/wp-json\/wp\/v2\/users\/1"}],"replies":[{"embeddable":true,"href":"https:\/\/tiketi.com\/fr-fr\/wp-json\/wp\/v2\/comments?post=11727"}],"version-history":[{"count":0,"href":"https:\/\/tiketi.com\/fr-fr\/wp-json\/wp\/v2\/pages\/11727\/revisions"}],"wp:featuredmedia":[{"embeddable":true,"href":"https:\/\/tiketi.com\/fr-fr\/wp-json\/wp\/v2\/media\/14041"}],"wp:attachment":[{"href":"https:\/\/tiketi.com\/fr-fr\/wp-json\/wp\/v2\/media?parent=11727"}],"curies":[{"name":"wp","href":"https:\/\/api.w.org\/{rel}","templated":true}]}}