{"id":11728,"date":"2022-01-19T12:55:07","date_gmt":"2022-01-19T11:55:07","guid":{"rendered":"https:\/\/new.tiketi.com\/cheap-flights-from-dubai-to-marrakech\/"},"modified":"2022-02-08T10:40:54","modified_gmt":"2022-02-08T09:40:54","slug":"flights-dubai-marrakech-dxb-rak","status":"publish","type":"page","link":"https:\/\/tiketi.com\/fr-fr\/flights-dubai-marrakech-dxb-rak\/","title":{"rendered":"Vols pas chers de Duba\u00ef \u00e0 Marrakech"},"content":{"rendered":"<h2>Vous cherchez un billet d&#039;avion pas cher \u00e0 partir de Duba\u00ef pour Marrakech ou des offres de derni\u00e8re minute ?<\/h2>\n<h3>Recherchez, comparez et r\u00e9servez d\u00e8s maintenant un billet d&#039;avion pas cher de Duba\u00ef (DXB) \u00e0 Marrakech (RAK).<\/h3>\n<p>Recherchez des vols pas chers de Duba\u00ef \u00e0 Marrakech et \u00e9conomisez de l&#039;argent. Marrakech, ancienne ville majestueuse de l&#039;ouest du Maroc, est un grand centre \u00e9conomique et abrite des palais, des mosqu\u00e9es et des jardins. Un symbole de la ville, visible \u00e0 des kilom\u00e8tres \u00e0 la ronde, est le minaret maure de la mosqu\u00e9e Koutobia du XIIe si\u00e8cle. Visitez Tanga gr\u00e2ce \u00e0 des offres exceptionnelles sur les billets d&#039;avion de Duba\u00ef \u00e0 Marrakech et volez des vols de Duba\u00ef \u00e0 Marrakech \u00e0 bas prix.<\/p>\n<h2>Voici quelques-unes des meilleures attractions de la ville de Marrakech<\/h2>\n<h3>Place Dejemaa el Fna<\/h3>\n<p>Allez \u00e0 cet endroit \u00e0 tout moment de la journ\u00e9e et cet endroit ressemblera \u00e0 un festival en soi. Il y a un rythme distinctif dans ce carnaval remarquable avec les sons apaisants des cymbales, des tambours et des fl\u00fbtes. Pendant la journ\u00e9e, vous pouvez trouver de nombreux vendeurs de jus de fruits, vendeurs d&#039;eau, charmeurs de serpents, chacun ajoutant au dynamisme de ce quartier.<\/p>\n<h3>Souks de la M\u00e9dina<\/h3>\n<p>Le quartier des affaires de la M\u00e9dina se trouve au nord de Jemaa El Fna et constitue un labyrinthe alambiqu\u00e9 qui ne manquera pas de vous d\u00e9router mais qui devient tr\u00e8s \u00e9tonnant lorsque vous atteignez le centre. Le charmant r\u00e9seau d&#039;\u00e2mes comprend \u00e9galement de nombreux magasins et boutiques que vous pouvez explorer.<\/p>\n<h3>Koutoubia<\/h3>\n<p>La grande Koutoubia est la plus ancienne tour et aussi l&#039;une des structures les plus hautes de Marrakech, bien visible de loin. C\u2019est sans aucun doute l\u2019un des monuments les plus visit\u00e9s de la ville.<\/p>\n<h2>FAQ sur les vols pas chers de Duba\u00ef \u00e0 Marrakech<\/h2>\n<h3>Combien de temps dure un vol Marrakech \u00e0 Duba\u00ef ?<\/h3>\n<p>Le temps de vol Duba\u00ef-Marrakech est de 11 h 20 min.<\/p>\n<h3>Combien de compagnies a\u00e9riennes op\u00e8rent des vols directs Duba\u00ef - Marrakech ?<\/h3>\n<p>1 compagnie a\u00e9rienne op\u00e8re des vols directs de Duba\u00ef \u00e0 Marrakech.<\/p>\n<h3>Quelle est la meilleure p\u00e9riode pour r\u00e9server un billet d&#039;avion de Duba\u00ef \u00e0 Marrakech ?<\/h3>\n<p>G\u00e9n\u00e9ralement, le bon moment pour r\u00e9server un billet d&#039;avion de Duba\u00ef \u00e0 Marrakech est 2 mois \u00e0 l&#039;avance. Et les jours les moins chers pour voler sont les mercredis, mardis et samedis. Le dimanche est le plus cher.<\/p>\n<h3>Quelle est la compagnie a\u00e9rienne la plus c\u00e9l\u00e8bre proposant des vols directs Duba\u00ef-Marrakech ?<\/h3>\n<p>Emirates propose des vols pas chers sans escale de Duba\u00ef \u00e0 Marrakech.<\/p>\n<h3>Quel est le principal a\u00e9roport de Marrakech ?<\/h3>\n<p>Le premier a\u00e9roport de Marrakech est l\u2019a\u00e9roport de Marrakech Menara. Le code de l&#039;a\u00e9roport est RAK.<\/p>\n<h2>Conseils pour les vols de Duba\u00ef \u00e0 Marrakech<\/h2>\n<p>\u2022 Duba\u00ef est \u00e0 3 830 milles de Marrakech.<\/p>\n<p>\u2022 Kowe\u00eft \u2013 Kowe\u00eft \u2013 Kowe\u00eft Intl est la liaison la plus connue pour les vols \u00e0 escale de Duba\u00ef \u00e0 Marrakech.<\/p>\n<p>\u2022 La dur\u00e9e de vol la plus rapide pour les vols avec escales est de dix heures trente minutes.<\/p>\n<p>\u2022 Le premier vol de la journ\u00e9e part \u00e0 00h45. Le dernier vol de la journ\u00e9e part \u00e0 16h15.<\/p>","protected":false},"excerpt":{"rendered":"<p>Looking for cheap airline ticket from Dubai to Marrakech\u00a0or last minute deals? Search, compare and book cheap airline ticket from Dubai (DXB) to Marrakech (RAK) online now. Search great deals on cheap flights from Dubai to Marrakech and save money. Marrakesh, a former majestic city in western Morocco, is a big economic center and home [&hellip;]<\/p>\n","protected":false},"author":1,"featured_media":18053,"parent":0,"menu_order":0,"comment_status":"open","ping_status":"closed","template":"template-home-modern.php","meta":{"footnotes":""},"class_list":["post-11728","page","type-page","status-publish","has-post-thumbnail","hentry"],"yoast_head":"<!-- This site is optimized with the Yoast SEO plugin v27.3 - https:\/\/yoast.com\/product\/yoast-seo-wordpress\/ -->\n<title>Cheap Flights from\u00a0Dubai to Marrakech<\/title>\n<meta name=\"description\" content=\"Looking for cheap flights from\u00a0Dubai to Marrakech? Search, compare and book cheap airline ticket from Dubai to Marrakech online\" \/>\n<meta name=\"robots\" content=\"index, follow, max-snippet:-1, max-image-preview:large, max-video-preview:-1\" \/>\n<link rel=\"canonical\" href=\"https:\/\/tiketi.com\/fr-fr\/flights-dubai-marrakech-dxb-rak\/\" \/>\n<meta property=\"og:locale\" content=\"fr_FR\" \/>\n<meta property=\"og:type\" content=\"article\" \/>\n<meta property=\"og:title\" content=\"Cheap Flights from\u00a0Dubai to Marrakech\" \/>\n<meta property=\"og:description\" content=\"Looking for cheap flights from\u00a0Dubai to Marrakech? Search, compare and book cheap airline ticket from Dubai to Marrakech online\" \/>\n<meta property=\"og:url\" content=\"https:\/\/tiketi.com\/fr-fr\/flights-dubai-marrakech-dxb-rak\/\" \/>\n<meta property=\"og:site_name\" content=\"Tiketi.com\" \/>\n<meta property=\"article:publisher\" content=\"https:\/\/www.facebook.com\/TiketiCom\/\" \/>\n<meta property=\"article:modified_time\" content=\"2022-02-08T09:40:54+00:00\" \/>\n<meta property=\"og:image\" content=\"https:\/\/tiketi.com\/wp-content\/uploads\/2022\/02\/marrakech-jemaa-el-fna-squa.jpg\" \/>\n\t<meta property=\"og:image:width\" content=\"1200\" \/>\n\t<meta property=\"og:image:height\" content=\"202\" \/>\n\t<meta property=\"og:image:type\" content=\"image\/jpeg\" \/>\n<meta name=\"twitter:card\" content=\"summary_large_image\" \/>\n<meta name=\"twitter:label1\" content=\"Dur\u00e9e de lecture estim\u00e9e\" \/>\n\t<meta name=\"twitter:data1\" content=\"3 minutes\" \/>\n<script type=\"application\/ld+json\" class=\"yoast-schema-graph\">{\"@context\":\"https:\\\/\\\/schema.org\",\"@graph\":[{\"@type\":\"WebPage\",\"@id\":\"https:\\\/\\\/tiketi.com\\\/fr-fr\\\/flights-dubai-marrakech-dxb-rak\\\/\",\"url\":\"https:\\\/\\\/tiketi.com\\\/fr-fr\\\/flights-dubai-marrakech-dxb-rak\\\/\",\"name\":\"Cheap Flights from\u00a0Dubai to Marrakech\",\"isPartOf\":{\"@id\":\"https:\\\/\\\/tiketi.com\\\/#website\"},\"primaryImageOfPage\":{\"@id\":\"https:\\\/\\\/tiketi.com\\\/fr-fr\\\/flights-dubai-marrakech-dxb-rak\\\/#primaryimage\"},\"image\":{\"@id\":\"https:\\\/\\\/tiketi.com\\\/fr-fr\\\/flights-dubai-marrakech-dxb-rak\\\/#primaryimage\"},\"thumbnailUrl\":\"https:\\\/\\\/tiketi.com\\\/wp-content\\\/uploads\\\/2022\\\/02\\\/marrakech-jemaa-el-fna-squa.jpg\",\"datePublished\":\"2022-01-19T11:55:07+00:00\",\"dateModified\":\"2022-02-08T09:40:54+00:00\",\"description\":\"Looking for cheap flights from\u00a0Dubai to Marrakech? Search, compare and book cheap airline ticket from Dubai to Marrakech online\",\"breadcrumb\":{\"@id\":\"https:\\\/\\\/tiketi.com\\\/fr-fr\\\/flights-dubai-marrakech-dxb-rak\\\/#breadcrumb\"},\"inLanguage\":\"fr-FR\",\"potentialAction\":[{\"@type\":\"ReadAction\",\"target\":[\"https:\\\/\\\/tiketi.com\\\/fr-fr\\\/flights-dubai-marrakech-dxb-rak\\\/\"]}]},{\"@type\":\"ImageObject\",\"inLanguage\":\"fr-FR\",\"@id\":\"https:\\\/\\\/tiketi.com\\\/fr-fr\\\/flights-dubai-marrakech-dxb-rak\\\/#primaryimage\",\"url\":\"https:\\\/\\\/tiketi.com\\\/wp-content\\\/uploads\\\/2022\\\/02\\\/marrakech-jemaa-el-fna-squa.jpg\",\"contentUrl\":\"https:\\\/\\\/tiketi.com\\\/wp-content\\\/uploads\\\/2022\\\/02\\\/marrakech-jemaa-el-fna-squa.jpg\",\"width\":1200,\"height\":202,\"caption\":\"air taxi in Marrakech\"},{\"@type\":\"BreadcrumbList\",\"@id\":\"https:\\\/\\\/tiketi.com\\\/fr-fr\\\/flights-dubai-marrakech-dxb-rak\\\/#breadcrumb\",\"itemListElement\":[{\"@type\":\"ListItem\",\"position\":1,\"name\":\"Home\",\"item\":\"https:\\\/\\\/tiketi.com\\\/\"},{\"@type\":\"ListItem\",\"position\":2,\"name\":\"Cheap Flights from\u00a0Dubai to Marrakech\"}]},{\"@type\":\"WebSite\",\"@id\":\"https:\\\/\\\/tiketi.com\\\/#website\",\"url\":\"https:\\\/\\\/tiketi.com\\\/\",\"name\":\"Flight & Bus Tickets, Tour Packages & Activitites - Tiketi.com\",\"description\":\"Flight &amp; Bus Tickets, Tours, Activitites\",\"publisher\":{\"@id\":\"https:\\\/\\\/tiketi.com\\\/#organization\"},\"potentialAction\":[{\"@type\":\"SearchAction\",\"target\":{\"@type\":\"EntryPoint\",\"urlTemplate\":\"https:\\\/\\\/tiketi.com\\\/?s={search_term_string}\"},\"query-input\":{\"@type\":\"PropertyValueSpecification\",\"valueRequired\":true,\"valueName\":\"search_term_string\"}}],\"inLanguage\":\"fr-FR\"},{\"@type\":\"Organization\",\"@id\":\"https:\\\/\\\/tiketi.com\\\/#organization\",\"name\":\"Tiketi.com\",\"alternateName\":\"Tiketi\",\"url\":\"https:\\\/\\\/tiketi.com\\\/\",\"logo\":{\"@type\":\"ImageObject\",\"inLanguage\":\"fr-FR\",\"@id\":\"https:\\\/\\\/tiketi.com\\\/#\\\/schema\\\/logo\\\/image\\\/\",\"url\":\"https:\\\/\\\/tiketi.com\\\/wp-content\\\/uploads\\\/2019\\\/05\\\/tiketi-logo-696.png\",\"contentUrl\":\"https:\\\/\\\/tiketi.com\\\/wp-content\\\/uploads\\\/2019\\\/05\\\/tiketi-logo-696.png\",\"width\":696,\"height\":696,\"caption\":\"Tiketi.com\"},\"image\":{\"@id\":\"https:\\\/\\\/tiketi.com\\\/#\\\/schema\\\/logo\\\/image\\\/\"},\"sameAs\":[\"https:\\\/\\\/www.facebook.com\\\/TiketiCom\\\/\"]}]}<\/script>\n<!-- \/ Yoast SEO plugin. -->","yoast_head_json":{"title":"Vols pas chers de Duba\u00ef \u00e0 Marrakech","description":"Vous recherchez des vols \u00e0 bas prix au Duba\u00ef vers Marrakech? Recherchez, comparez et r\u00e9servez un billet d&#039;avion pas cher de Duba\u00ef \u00e0 Marrakech en ligne","robots":{"index":"index","follow":"follow","max-snippet":"max-snippet:-1","max-image-preview":"max-image-preview:large","max-video-preview":"max-video-preview:-1"},"canonical":"https:\/\/tiketi.com\/fr-fr\/flights-dubai-marrakech-dxb-rak\/","og_locale":"fr_FR","og_type":"article","og_title":"Cheap Flights from\u00a0Dubai to Marrakech","og_description":"Looking for cheap flights from\u00a0Dubai to Marrakech? Search, compare and book cheap airline ticket from Dubai to Marrakech online","og_url":"https:\/\/tiketi.com\/fr-fr\/flights-dubai-marrakech-dxb-rak\/","og_site_name":"Tiketi.com","article_publisher":"https:\/\/www.facebook.com\/TiketiCom\/","article_modified_time":"2022-02-08T09:40:54+00:00","og_image":[{"width":1200,"height":202,"url":"https:\/\/tiketi.com\/wp-content\/uploads\/2022\/02\/marrakech-jemaa-el-fna-squa.jpg","type":"image\/jpeg"}],"twitter_card":"summary_large_image","twitter_misc":{"Dur\u00e9e de lecture estim\u00e9e":"3 minutes"},"schema":{"@context":"https:\/\/schema.org","@graph":[{"@type":"WebPage","@id":"https:\/\/tiketi.com\/fr-fr\/flights-dubai-marrakech-dxb-rak\/","url":"https:\/\/tiketi.com\/fr-fr\/flights-dubai-marrakech-dxb-rak\/","name":"Vols pas chers de Duba\u00ef \u00e0 Marrakech","isPartOf":{"@id":"https:\/\/tiketi.com\/#website"},"primaryImageOfPage":{"@id":"https:\/\/tiketi.com\/fr-fr\/flights-dubai-marrakech-dxb-rak\/#primaryimage"},"image":{"@id":"https:\/\/tiketi.com\/fr-fr\/flights-dubai-marrakech-dxb-rak\/#primaryimage"},"thumbnailUrl":"https:\/\/tiketi.com\/wp-content\/uploads\/2022\/02\/marrakech-jemaa-el-fna-squa.jpg","datePublished":"2022-01-19T11:55:07+00:00","dateModified":"2022-02-08T09:40:54+00:00","description":"Vous recherchez des vols \u00e0 bas prix au Duba\u00ef vers Marrakech? Recherchez, comparez et r\u00e9servez un billet d&#039;avion pas cher de Duba\u00ef \u00e0 Marrakech en ligne","breadcrumb":{"@id":"https:\/\/tiketi.com\/fr-fr\/flights-dubai-marrakech-dxb-rak\/#breadcrumb"},"inLanguage":"fr-FR","potentialAction":[{"@type":"ReadAction","target":["https:\/\/tiketi.com\/fr-fr\/flights-dubai-marrakech-dxb-rak\/"]}]},{"@type":"ImageObject","inLanguage":"fr-FR","@id":"https:\/\/tiketi.com\/fr-fr\/flights-dubai-marrakech-dxb-rak\/#primaryimage","url":"https:\/\/tiketi.com\/wp-content\/uploads\/2022\/02\/marrakech-jemaa-el-fna-squa.jpg","contentUrl":"https:\/\/tiketi.com\/wp-content\/uploads\/2022\/02\/marrakech-jemaa-el-fna-squa.jpg","width":1200,"height":202,"caption":"air taxi in Marrakech"},{"@type":"BreadcrumbList","@id":"https:\/\/tiketi.com\/fr-fr\/flights-dubai-marrakech-dxb-rak\/#breadcrumb","itemListElement":[{"@type":"ListItem","position":1,"name":"Home","item":"https:\/\/tiketi.com\/"},{"@type":"ListItem","position":2,"name":"Cheap Flights from\u00a0Dubai to Marrakech"}]},{"@type":"WebSite","@id":"https:\/\/tiketi.com\/#website","url":"https:\/\/tiketi.com\/","name":"Billets d&#039;avion et de bus, forfaits touristiques et activit\u00e9s - Tiketi.com","description":"Billets d&#039;avion et de bus, Tours, Activit\u00e9s","publisher":{"@id":"https:\/\/tiketi.com\/#organization"},"potentialAction":[{"@type":"SearchAction","target":{"@type":"EntryPoint","urlTemplate":"https:\/\/tiketi.com\/?s={search_term_string}"},"query-input":{"@type":"PropertyValueSpecification","valueRequired":true,"valueName":"search_term_string"}}],"inLanguage":"fr-FR"},{"@type":"Organization","@id":"https:\/\/tiketi.com\/#organization","name":"Tiketi.com","alternateName":"Tiketi","url":"https:\/\/tiketi.com\/","logo":{"@type":"ImageObject","inLanguage":"fr-FR","@id":"https:\/\/tiketi.com\/#\/schema\/logo\/image\/","url":"https:\/\/tiketi.com\/wp-content\/uploads\/2019\/05\/tiketi-logo-696.png","contentUrl":"https:\/\/tiketi.com\/wp-content\/uploads\/2019\/05\/tiketi-logo-696.png","width":696,"height":696,"caption":"Tiketi.com"},"image":{"@id":"https:\/\/tiketi.com\/#\/schema\/logo\/image\/"},"sameAs":["https:\/\/www.facebook.com\/TiketiCom\/"]}]}},"_links":{"self":[{"href":"https:\/\/tiketi.com\/fr-fr\/wp-json\/wp\/v2\/pages\/11728","targetHints":{"allow":["GET"]}}],"collection":[{"href":"https:\/\/tiketi.com\/fr-fr\/wp-json\/wp\/v2\/pages"}],"about":[{"href":"https:\/\/tiketi.com\/fr-fr\/wp-json\/wp\/v2\/types\/page"}],"author":[{"embeddable":true,"href":"https:\/\/tiketi.com\/fr-fr\/wp-json\/wp\/v2\/users\/1"}],"replies":[{"embeddable":true,"href":"https:\/\/tiketi.com\/fr-fr\/wp-json\/wp\/v2\/comments?post=11728"}],"version-history":[{"count":0,"href":"https:\/\/tiketi.com\/fr-fr\/wp-json\/wp\/v2\/pages\/11728\/revisions"}],"wp:featuredmedia":[{"embeddable":true,"href":"https:\/\/tiketi.com\/fr-fr\/wp-json\/wp\/v2\/media\/18053"}],"wp:attachment":[{"href":"https:\/\/tiketi.com\/fr-fr\/wp-json\/wp\/v2\/media?parent=11728"}],"curies":[{"name":"wp","href":"https:\/\/api.w.org\/{rel}","templated":true}]}}