{"id":11729,"date":"2022-01-19T12:55:08","date_gmt":"2022-01-19T11:55:08","guid":{"rendered":"https:\/\/new.tiketi.com\/cheap-flights-from-cape-town-to-victoria-falls\/"},"modified":"2022-02-07T15:28:54","modified_gmt":"2022-02-07T14:28:54","slug":"flights-cape-town-victoria-falls-cpt-vfa","status":"publish","type":"page","link":"https:\/\/tiketi.com\/fr-fr\/flights-cape-town-victoria-falls-cpt-vfa\/","title":{"rendered":"Vols pas chers de Le Cap \u00e0 Chutes Victoria"},"content":{"rendered":"<h2 id=\"looking-for-cheap-airline-ticket-from-cape-town-to-victoria-falls-or-last-minute-deals\">Vous cherchez un billet d&#039;avion pas cher \u00e0 partir de Le Cap pour Chutes Victoria ou des offres de derni\u00e8re minute ?<\/h2>\r\n<h2><span style=\"font-size: 16px;\"><!-- \/wp:post-content --><!-- wp:heading {\"level\":3} --><\/span><\/h2>\r\n<h3 id=\"search-compare-and-book-cheap-airline-ticket-from-cape-town-cpt-to-victoria-falls-vfa-online-now\">Recherchez, comparez et r\u00e9servez d\u00e8s maintenant un billet d&#039;avion pas cher de Le Cap (CPT) \u00e0 Chutes Victoria (VFA).<\/h3>\r\n<h2><span style=\"font-size: 16px;\"><!-- \/wp:heading --><!-- wp:paragraph --><\/span><\/h2>\r\nComparez et r\u00e9servez en ligne des vols pas chers de Le Cap \u00e0 Chutes Victoria et \u00e9conomisez du temps et de l&#039;argent. <span style=\"font-size: 16px;\">Il y a quelque chose \u00e0 faire pour chaque personne. Pour les accros \u00e0 l&#039;adr\u00e9naline, il y a l&#039;excursion de rafting en eaux vives d&#039;une journ\u00e9e la plus folle de la plan\u00e8te, le saut \u00e0 l&#039;\u00e9lastique de 111 m\u00e8tres de haut, le kayak, le surf sur la rivi\u00e8re, les arr\u00eats cardiaques, les tyroliennes, les balan\u00e7oires dans les gorges et bien d&#039;autres encore. <\/span><span style=\"font-size: 16px;\">R\u00e9servez des vols de Cape Town \u00e0 Victoria Falls au prix le moins cher \u2013 obtenez des offres exceptionnelles sur votre billet d&#039;avion de Cape Town \u00e0 Victoria Falls en ligne. Allez-y et profitez d&#039;offres incroyables sur les billets d&#039;avion du Cap \u00e0 Victoria Falls.<\/span>\r\n<h3>Parc national des chutes Victoria<\/h3>\r\nIci, du c\u00f4t\u00e9 des chutes du Zimbabwe, vous allez vous r\u00e9galer. Environ les 2\/3 des chutes Victoria se trouvent ici, y compris les chutes Key elles-m\u00eames, qui coulent incroyablement toute l&#039;ann\u00e9e. La promenade se d\u00e9roule au sommet de la gorge, en suivant un sentier avec diff\u00e9rents points de vue qui s&#039;ouvrent sur des panoramas \u00e9tonnamment frontaux de ces cascades les plus populaires.\r\n<h3>Centre du patrimoine de Jafuta<\/h3>\r\nCe joli et \u00e9tonnant mus\u00e9e d\u00e9taille le patrimoine culturel des groupes ethniques d&#039;origine du Zimbabwe. Il existe les meilleures informations g\u00e9n\u00e9rales sur les peuples Ndebele, Shona, Tonga et Lozi, ainsi que des bijoux, des objets et des costumes \u00e9tonnants.\r\n<h3>Fosse aux serpents<\/h3>\r\nLes cobras cracheurs, les mambas noirs et les vip\u00e8res bouffantes sont des animaux c\u00e9l\u00e8bres dans cette r\u00e9gion, alors heureusement, ils sont tous l\u00e0 pour observer derri\u00e8re la vitre en toute s\u00e9curit\u00e9. L\u2019\u00e9tonnante s\u00e9lection de reptiles comprend en grande partie des serpents africains. R\u00e9serve animali\u00e8re priv\u00e9e de Stanley et Livingstone Situ\u00e9e \u00e0 12 km de la ville se trouve cette r\u00e9serve animali\u00e8re priv\u00e9e couvrant 4 000 hectares. C&#039;est la maison des Big Five, y compris le rhinoc\u00e9ros noir, une esp\u00e8ce en danger critique d&#039;extinction, qu&#039;on vous promet presque d&#039;observer.\r\n<h2>FAQ sur les vols pas chers de Le Cap \u00e0 Chutes Victoria<\/h2>\r\n<h3>Quelle est la distance entre Chutes Victoria et Le Cap ?<\/h3>\r\nLa distance entre les vols des Chutes Victoria et du Cap est de 1903 kilom\u00e8tres.\r\n<h3>Quelle est la dur\u00e9e d&#039;un vol Le Cap - Chutes Victoria ?<\/h3>\r\nLe temps de vol commun du Cap \u00e0 Victoria Falls est de deux heures et quarante-six minutes.\r\n<h3>Quelle est la fr\u00e9quence des vols directs Le Cap - Chutes Victoria ?<\/h3>\r\nIl existe neuf vols directs entre Le Cap et les chutes Victoria.\r\n<h3>Quelles sont les compagnies a\u00e9riennes les plus connues du Cap pour des billets d&#039;avion directs du Cap aux Chutes Victoria ?<\/h3>\r\nSouth African Airways propose 66 pour cent du billet d&#039;avion sans escale du Cap aux chutes Victoria.\r\n<h3>En moyenne, combien de vols par jour d\u00e9collent de Le Cap \u00e0 Chutes Victoria ?<\/h3>\r\nEn moyenne, vous pouvez deviner qu\u2019il y a quatre vols quotidiens entre Le Cap et les Chutes Victoria. \u2022 Matin \u2013 vingt-cinq pour cent des d\u00e9parts de vols \u2022 Apr\u00e8s-midi \u2013 soixante-quinze pour cent des d\u00e9parts de vols\r\n<h2>Conseils pour les vols du Cap \u00e0 Chutes Victoria<\/h2>\r\n\u2022 Il y a trois vols hebdomadaires entre Cape Town et Victoria Falls. \u2022 Un vol sans escale est assur\u00e9 entre Cape Town et Victoria Falls. \u2022 South African Airways propose le plus de vols sans escale entre Le Cap et les Chutes Victoria.","protected":false},"excerpt":{"rendered":"<p>Looking for cheap airline ticket from Cape Town to Victoria Falls or last minute deals? Search, compare and book cheap airline ticket from Cape Town (CPT) to Victoria Falls (VFA) online now. Compare and book cheap flights from Cape Town to Victoria Falls online and save time and money. There is something to do for [&hellip;]<\/p>\n","protected":false},"author":1,"featured_media":14041,"parent":0,"menu_order":0,"comment_status":"open","ping_status":"closed","template":"template-home-modern.php","meta":{"footnotes":""},"class_list":["post-11729","page","type-page","status-publish","has-post-thumbnail","hentry"],"yoast_head":"<!-- This site is optimized with the Yoast SEO plugin v27.3 - https:\/\/yoast.com\/product\/yoast-seo-wordpress\/ -->\n<title>Cheap Flights from\u00a0Cape Town to Victoria Falls<\/title>\n<meta name=\"description\" content=\"Looking for cheap flights from\u00a0Cape Town to Victoria Falls? Compare and book cheap airline ticket from Cape Town to Victoria Falls online\" \/>\n<meta name=\"robots\" content=\"index, follow, max-snippet:-1, max-image-preview:large, max-video-preview:-1\" \/>\n<link rel=\"canonical\" href=\"https:\/\/tiketi.com\/fr-fr\/flights-cape-town-victoria-falls-cpt-vfa\/\" \/>\n<meta property=\"og:locale\" content=\"fr_FR\" \/>\n<meta property=\"og:type\" content=\"article\" \/>\n<meta property=\"og:title\" content=\"Cheap Flights from\u00a0Cape Town to Victoria Falls\" \/>\n<meta property=\"og:description\" content=\"Looking for cheap flights from\u00a0Cape Town to Victoria Falls? Compare and book cheap airline ticket from Cape Town to Victoria Falls online\" \/>\n<meta property=\"og:url\" content=\"https:\/\/tiketi.com\/fr-fr\/flights-cape-town-victoria-falls-cpt-vfa\/\" \/>\n<meta property=\"og:site_name\" content=\"Tiketi.com\" \/>\n<meta property=\"article:publisher\" content=\"https:\/\/www.facebook.com\/TiketiCom\/\" \/>\n<meta property=\"article:modified_time\" content=\"2022-02-07T14:28:54+00:00\" \/>\n<meta property=\"og:image\" content=\"https:\/\/tiketi.com\/wp-content\/uploads\/2022\/01\/flight-ticket-booking-sorasak-KxCJXXGsv9I-unsplas.jpg\" \/>\n\t<meta property=\"og:image:width\" content=\"1200\" \/>\n\t<meta property=\"og:image:height\" content=\"240\" \/>\n\t<meta property=\"og:image:type\" content=\"image\/jpeg\" \/>\n<meta name=\"twitter:card\" content=\"summary_large_image\" \/>\n<meta name=\"twitter:label1\" content=\"Dur\u00e9e de lecture estim\u00e9e\" \/>\n\t<meta name=\"twitter:data1\" content=\"3 minutes\" \/>\n<script type=\"application\/ld+json\" class=\"yoast-schema-graph\">{\"@context\":\"https:\\\/\\\/schema.org\",\"@graph\":[{\"@type\":\"WebPage\",\"@id\":\"https:\\\/\\\/tiketi.com\\\/flights-cape-town-victoria-falls-cpt-vfa\\\/\",\"url\":\"https:\\\/\\\/tiketi.com\\\/flights-cape-town-victoria-falls-cpt-vfa\\\/\",\"name\":\"Cheap Flights from\u00a0Cape Town to Victoria Falls\",\"isPartOf\":{\"@id\":\"https:\\\/\\\/tiketi.com\\\/#website\"},\"primaryImageOfPage\":{\"@id\":\"https:\\\/\\\/tiketi.com\\\/flights-cape-town-victoria-falls-cpt-vfa\\\/#primaryimage\"},\"image\":{\"@id\":\"https:\\\/\\\/tiketi.com\\\/flights-cape-town-victoria-falls-cpt-vfa\\\/#primaryimage\"},\"thumbnailUrl\":\"https:\\\/\\\/tiketi.com\\\/wp-content\\\/uploads\\\/2022\\\/01\\\/flight-ticket-booking-sorasak-KxCJXXGsv9I-unsplas.jpg\",\"datePublished\":\"2022-01-19T11:55:08+00:00\",\"dateModified\":\"2022-02-07T14:28:54+00:00\",\"description\":\"Looking for cheap flights from\u00a0Cape Town to Victoria Falls? Compare and book cheap airline ticket from Cape Town to Victoria Falls online\",\"breadcrumb\":{\"@id\":\"https:\\\/\\\/tiketi.com\\\/flights-cape-town-victoria-falls-cpt-vfa\\\/#breadcrumb\"},\"inLanguage\":\"fr-FR\",\"potentialAction\":[{\"@type\":\"ReadAction\",\"target\":[\"https:\\\/\\\/tiketi.com\\\/flights-cape-town-victoria-falls-cpt-vfa\\\/\"]}]},{\"@type\":\"ImageObject\",\"inLanguage\":\"fr-FR\",\"@id\":\"https:\\\/\\\/tiketi.com\\\/flights-cape-town-victoria-falls-cpt-vfa\\\/#primaryimage\",\"url\":\"https:\\\/\\\/tiketi.com\\\/wp-content\\\/uploads\\\/2022\\\/01\\\/flight-ticket-booking-sorasak-KxCJXXGsv9I-unsplas.jpg\",\"contentUrl\":\"https:\\\/\\\/tiketi.com\\\/wp-content\\\/uploads\\\/2022\\\/01\\\/flight-ticket-booking-sorasak-KxCJXXGsv9I-unsplas.jpg\",\"width\":1200,\"height\":240,\"caption\":\"Online flight ticket booking\"},{\"@type\":\"BreadcrumbList\",\"@id\":\"https:\\\/\\\/tiketi.com\\\/flights-cape-town-victoria-falls-cpt-vfa\\\/#breadcrumb\",\"itemListElement\":[{\"@type\":\"ListItem\",\"position\":1,\"name\":\"Home\",\"item\":\"https:\\\/\\\/tiketi.com\\\/\"},{\"@type\":\"ListItem\",\"position\":2,\"name\":\"Cheap Flights from\u00a0Cape Town to Victoria Falls\"}]},{\"@type\":\"WebSite\",\"@id\":\"https:\\\/\\\/tiketi.com\\\/#website\",\"url\":\"https:\\\/\\\/tiketi.com\\\/\",\"name\":\"Flight & Bus Tickets, Tour Packages & Activitites - Tiketi.com\",\"description\":\"Flight &amp; Bus Tickets, Tours, Activitites\",\"publisher\":{\"@id\":\"https:\\\/\\\/tiketi.com\\\/#organization\"},\"potentialAction\":[{\"@type\":\"SearchAction\",\"target\":{\"@type\":\"EntryPoint\",\"urlTemplate\":\"https:\\\/\\\/tiketi.com\\\/?s={search_term_string}\"},\"query-input\":{\"@type\":\"PropertyValueSpecification\",\"valueRequired\":true,\"valueName\":\"search_term_string\"}}],\"inLanguage\":\"fr-FR\"},{\"@type\":\"Organization\",\"@id\":\"https:\\\/\\\/tiketi.com\\\/#organization\",\"name\":\"Tiketi.com\",\"alternateName\":\"Tiketi\",\"url\":\"https:\\\/\\\/tiketi.com\\\/\",\"logo\":{\"@type\":\"ImageObject\",\"inLanguage\":\"fr-FR\",\"@id\":\"https:\\\/\\\/tiketi.com\\\/#\\\/schema\\\/logo\\\/image\\\/\",\"url\":\"https:\\\/\\\/tiketi.com\\\/wp-content\\\/uploads\\\/2019\\\/05\\\/tiketi-logo-696.png\",\"contentUrl\":\"https:\\\/\\\/tiketi.com\\\/wp-content\\\/uploads\\\/2019\\\/05\\\/tiketi-logo-696.png\",\"width\":696,\"height\":696,\"caption\":\"Tiketi.com\"},\"image\":{\"@id\":\"https:\\\/\\\/tiketi.com\\\/#\\\/schema\\\/logo\\\/image\\\/\"},\"sameAs\":[\"https:\\\/\\\/www.facebook.com\\\/TiketiCom\\\/\"]}]}<\/script>\n<!-- \/ Yoast SEO plugin. -->","yoast_head_json":{"title":"Vols pas chers de Le Cap \u00e0 Chutes Victoria","description":"Vous recherchez des vols \u00e0 bas prix au Le Cap vers Chutes Victoria? Comparez et r\u00e9servez en ligne un billet d&#039;avion pas cher de Le Cap \u00e0 Chutes Victoria","robots":{"index":"index","follow":"follow","max-snippet":"max-snippet:-1","max-image-preview":"max-image-preview:large","max-video-preview":"max-video-preview:-1"},"canonical":"https:\/\/tiketi.com\/fr-fr\/flights-cape-town-victoria-falls-cpt-vfa\/","og_locale":"fr_FR","og_type":"article","og_title":"Cheap Flights from\u00a0Cape Town to Victoria Falls","og_description":"Looking for cheap flights from\u00a0Cape Town to Victoria Falls? Compare and book cheap airline ticket from Cape Town to Victoria Falls online","og_url":"https:\/\/tiketi.com\/fr-fr\/flights-cape-town-victoria-falls-cpt-vfa\/","og_site_name":"Tiketi.com","article_publisher":"https:\/\/www.facebook.com\/TiketiCom\/","article_modified_time":"2022-02-07T14:28:54+00:00","og_image":[{"width":1200,"height":240,"url":"https:\/\/tiketi.com\/wp-content\/uploads\/2022\/01\/flight-ticket-booking-sorasak-KxCJXXGsv9I-unsplas.jpg","type":"image\/jpeg"}],"twitter_card":"summary_large_image","twitter_misc":{"Dur\u00e9e de lecture estim\u00e9e":"3 minutes"},"schema":{"@context":"https:\/\/schema.org","@graph":[{"@type":"WebPage","@id":"https:\/\/tiketi.com\/flights-cape-town-victoria-falls-cpt-vfa\/","url":"https:\/\/tiketi.com\/flights-cape-town-victoria-falls-cpt-vfa\/","name":"Vols pas chers de Le Cap \u00e0 Chutes Victoria","isPartOf":{"@id":"https:\/\/tiketi.com\/#website"},"primaryImageOfPage":{"@id":"https:\/\/tiketi.com\/flights-cape-town-victoria-falls-cpt-vfa\/#primaryimage"},"image":{"@id":"https:\/\/tiketi.com\/flights-cape-town-victoria-falls-cpt-vfa\/#primaryimage"},"thumbnailUrl":"https:\/\/tiketi.com\/wp-content\/uploads\/2022\/01\/flight-ticket-booking-sorasak-KxCJXXGsv9I-unsplas.jpg","datePublished":"2022-01-19T11:55:08+00:00","dateModified":"2022-02-07T14:28:54+00:00","description":"Vous recherchez des vols \u00e0 bas prix au Le Cap vers Chutes Victoria? Comparez et r\u00e9servez en ligne un billet d&#039;avion pas cher de Le Cap \u00e0 Chutes Victoria","breadcrumb":{"@id":"https:\/\/tiketi.com\/flights-cape-town-victoria-falls-cpt-vfa\/#breadcrumb"},"inLanguage":"fr-FR","potentialAction":[{"@type":"ReadAction","target":["https:\/\/tiketi.com\/flights-cape-town-victoria-falls-cpt-vfa\/"]}]},{"@type":"ImageObject","inLanguage":"fr-FR","@id":"https:\/\/tiketi.com\/flights-cape-town-victoria-falls-cpt-vfa\/#primaryimage","url":"https:\/\/tiketi.com\/wp-content\/uploads\/2022\/01\/flight-ticket-booking-sorasak-KxCJXXGsv9I-unsplas.jpg","contentUrl":"https:\/\/tiketi.com\/wp-content\/uploads\/2022\/01\/flight-ticket-booking-sorasak-KxCJXXGsv9I-unsplas.jpg","width":1200,"height":240,"caption":"Online flight ticket booking"},{"@type":"BreadcrumbList","@id":"https:\/\/tiketi.com\/flights-cape-town-victoria-falls-cpt-vfa\/#breadcrumb","itemListElement":[{"@type":"ListItem","position":1,"name":"Home","item":"https:\/\/tiketi.com\/"},{"@type":"ListItem","position":2,"name":"Cheap Flights from\u00a0Cape Town to Victoria Falls"}]},{"@type":"WebSite","@id":"https:\/\/tiketi.com\/#website","url":"https:\/\/tiketi.com\/","name":"Billets d&#039;avion et de bus, forfaits touristiques et activit\u00e9s - Tiketi.com","description":"Billets d&#039;avion et de bus, Tours, Activit\u00e9s","publisher":{"@id":"https:\/\/tiketi.com\/#organization"},"potentialAction":[{"@type":"SearchAction","target":{"@type":"EntryPoint","urlTemplate":"https:\/\/tiketi.com\/?s={search_term_string}"},"query-input":{"@type":"PropertyValueSpecification","valueRequired":true,"valueName":"search_term_string"}}],"inLanguage":"fr-FR"},{"@type":"Organization","@id":"https:\/\/tiketi.com\/#organization","name":"Tiketi.com","alternateName":"Tiketi","url":"https:\/\/tiketi.com\/","logo":{"@type":"ImageObject","inLanguage":"fr-FR","@id":"https:\/\/tiketi.com\/#\/schema\/logo\/image\/","url":"https:\/\/tiketi.com\/wp-content\/uploads\/2019\/05\/tiketi-logo-696.png","contentUrl":"https:\/\/tiketi.com\/wp-content\/uploads\/2019\/05\/tiketi-logo-696.png","width":696,"height":696,"caption":"Tiketi.com"},"image":{"@id":"https:\/\/tiketi.com\/#\/schema\/logo\/image\/"},"sameAs":["https:\/\/www.facebook.com\/TiketiCom\/"]}]}},"_links":{"self":[{"href":"https:\/\/tiketi.com\/fr-fr\/wp-json\/wp\/v2\/pages\/11729","targetHints":{"allow":["GET"]}}],"collection":[{"href":"https:\/\/tiketi.com\/fr-fr\/wp-json\/wp\/v2\/pages"}],"about":[{"href":"https:\/\/tiketi.com\/fr-fr\/wp-json\/wp\/v2\/types\/page"}],"author":[{"embeddable":true,"href":"https:\/\/tiketi.com\/fr-fr\/wp-json\/wp\/v2\/users\/1"}],"replies":[{"embeddable":true,"href":"https:\/\/tiketi.com\/fr-fr\/wp-json\/wp\/v2\/comments?post=11729"}],"version-history":[{"count":0,"href":"https:\/\/tiketi.com\/fr-fr\/wp-json\/wp\/v2\/pages\/11729\/revisions"}],"wp:featuredmedia":[{"embeddable":true,"href":"https:\/\/tiketi.com\/fr-fr\/wp-json\/wp\/v2\/media\/14041"}],"wp:attachment":[{"href":"https:\/\/tiketi.com\/fr-fr\/wp-json\/wp\/v2\/media?parent=11729"}],"curies":[{"name":"wp","href":"https:\/\/api.w.org\/{rel}","templated":true}]}}