{"id":11730,"date":"2022-01-19T12:55:08","date_gmt":"2022-01-19T11:55:08","guid":{"rendered":"https:\/\/new.tiketi.com\/cheap-flights-from-medina-to-dubai\/"},"modified":"2022-02-09T11:40:25","modified_gmt":"2022-02-09T10:40:25","slug":"flights-medina-dubai-med-dxb","status":"publish","type":"page","link":"https:\/\/tiketi.com\/fr-fr\/flights-medina-dubai-med-dxb\/","title":{"rendered":"Vols \u00e0 bas prix de M\u00e9dine \u00e0 Duba\u00ef"},"content":{"rendered":"<h2>Vous recherchez un billet d&#039;avion pas cher de M\u00e9dine \u00e0 Duba\u00ef ou des offres de derni\u00e8re minute ?<\/h2>\n<h3>Recherchez, comparez et r\u00e9servez un billet d&#039;avion pas cher entre M\u00e9dine (MED) et Duba\u00ef (DXB)<span style=\"font-size: 16px;\">\u00a0<\/span>maintenant en ligne.<\/h3>\n<p>R\u00e9servez en ligne des vols \u00e0 bas prix de M\u00e9dine \u00e0 Duba\u00ef et \u00e9conomisez de l&#039;argent sur les billets d&#039;avion. Les dunes de sable dor\u00e9 de Duba\u00ef font de cette ville un nom c\u00e9l\u00e8bre dans les pays d\u00e9sertiques les plus exaltants. Le sable scintillant et les immeubles imposants qui se dressent au c\u0153ur seront en fait une vue magnifique. La ville est visit\u00e9e par des millions de visiteurs tout au long de l&#039;ann\u00e9e et accueille les voyageurs avec ses destinations de shopping de classe mondiale, ses plages exotiques, sa cuisine d\u00e9licieuse et bien plus encore. Comparez les prix et obtenez les tarifs les plus bas sur les billets d&#039;avion de M\u00e9dine \u00e0 Duba\u00ef gr\u00e2ce \u00e0 des offres exceptionnelles sur la r\u00e9servation de billets en ligne de vols M\u00e9dine \u00e0 Duba\u00ef.<\/p>\n<h2>Voici quelques-unes des meilleures attractions de Duba\u00ef<\/h2>\n<h3>D\u00eener Croisi\u00e8re Marina Dhow<\/h3>\n<p>La d\u00e9tente ultime Down offre une vue \u00e9tonnante et intrigante sur la ville aventureuse de Duba\u00ef. Si vous avez pr\u00e9vu une visite \u00e0 Duba\u00ef, vous ne pouvez pas vous permettre de manquer la merveilleuse ing\u00e9nierie et architecture de la marina de Duba\u00ef. Pour profiter de l&#039;exp\u00e9rience culinaire lors d&#039;une croisi\u00e8re en boutre, c&#039;est la meilleure id\u00e9e.<\/p>\n<h3>Monde Ferrari<\/h3>\n<p>C&#039;est un hommage \u00e0 la c\u00e9l\u00e8bre marque de v\u00e9hicules Ferrari. Le parc \u00e0 th\u00e8me couvre une r\u00e9gion de 86 000 m\u00e8tres carr\u00e9s qui abrite 5 restaurants \u00e0 th\u00e8me italien, des boutiques, vingt man\u00e8ges, dont les montagnes russes les plus rapides au monde, la Formula Rossa. Il atteint jusqu&#039;\u00e0 la vitesse de 240 km\/h. Profitez du mill\u00e9sime des v\u00e9hicules Ferrari dans le plus grand mus\u00e9e de Ferrari.<\/p>\n<h3>Yas Waterworld<\/h3>\n<p>Profitez de plus de quarante toboggans et man\u00e8ges \u00e0 travers le Yas Waterworld qui couvre une r\u00e9gion de quinze hectares. Vous trouverez de nombreux restaurants, boutiques \u00e0 l&#039;int\u00e9rieur du parc. Quoi qu&#039;il en soit, gardez \u00e0 l&#039;esprit que pendant Ramada, vous ne b\u00e9n\u00e9ficierez pas de l&#039;avantage de la soir\u00e9e sp\u00e9ciale dames le jeudi.<\/p>\n<h2>FAQ sur les vols pas chers de M\u00e9dine \u00e0 Duba\u00ef<\/h2>\n<h3>Quelle est la distance de Duba\u00ef \u00e0 M\u00e9dine ?<\/h3>\n<p>La distance entre les vols Duba\u00ef et M\u00e9dine est de 1 578 kilom\u00e8tres.<\/p>\n<h3>Combien de temps dure le vol M\u00e9dine-Duba\u00ef ?<\/h3>\n<p>Le temps de vol commun de M\u00e9dine \u00e0 Duba\u00ef est de deux heures et quarante minutes.<\/p>\n<h3>Quelle est la fr\u00e9quence des vols directs M\u00e9dine-Duba\u00ef ?<\/h3>\n<p>Il y a vingt et un vols directs de M\u00e9dine \u00e0 Duba\u00ef.<\/p>\n<h3>Quelles sont les compagnies a\u00e9riennes M\u00e9dine les plus c\u00e9l\u00e8bres pour les vols directs M\u00e9dine - Duba\u00ef ?<\/h3>\n<p>Emirates propose trente-trois pour cent des vols sans escale entre Duba\u00ef et M\u00e9dine.<\/p>\n<h3>Quel est le jour le moins cher pour r\u00e9server un billet d&#039;avion de M\u00e9dine \u00e0 Duba\u00ef ?<\/h3>\n<p>Le jour le moins cher pour r\u00e9server un billet d&#039;avion de M\u00e9dine \u00e0 Duba\u00ef est le samedi.<\/p>\n<h3>Combien de compagnies a\u00e9riennes op\u00e8rent des vols pas chers entre M\u00e9dine et Duba\u00ef ?<\/h3>\n<p>Trois compagnies a\u00e9riennes op\u00e8rent des vols directs entre M\u00e9dine et Duba\u00ef.<\/p>\n<h2>Conseils sur les vols de M\u00e9dine \u00e0 Duba\u00ef<\/h2>\n<p>\u2022 La distance de vol entre M\u00e9dine et Duba\u00ef est de 1586 km.<\/p>\n<p>\u2022 La compagnie a\u00e9rienne la plus c\u00e9l\u00e8bre effectuant des vols entre M\u00e9dine et Duba\u00ef est Emirates.<\/p>\n<p>\u2022 Le temps de vol le plus rapide pour les vols pas chers de M\u00e9dine \u00e0 Duba\u00ef est de deux heures vingt-cinq minutes. Le temps de vol moyen est de deux heures trente-six minutes.<\/p>\n<p>\u2022 Le temps de vol le plus rapide pour les vols avec escale est de quatre heures cinq minutes.<\/p>","protected":false},"excerpt":{"rendered":"<p>Looking for cheap airline ticket from Medina to Dubai\u00a0or last minute deals? Search, compare and book cheap airline ticket from Medina (MED) to Dubai (DXB)\u00a0online now. Book cheap flights from Medina to Dubai online and save money on airfare. The golden sand dunes of Dubai make this city famous name in the most exhilarating desert [&hellip;]<\/p>\n","protected":false},"author":1,"featured_media":16474,"parent":0,"menu_order":0,"comment_status":"open","ping_status":"closed","template":"template-home-modern.php","meta":{"footnotes":""},"class_list":["post-11730","page","type-page","status-publish","has-post-thumbnail","hentry"],"yoast_head":"<!-- This site is optimized with the Yoast SEO plugin v27.3 - https:\/\/yoast.com\/product\/yoast-seo-wordpress\/ -->\n<title>Cheap Flights from\u00a0Medina to Dubai<\/title>\n<meta name=\"description\" content=\"Looking for cheap flights from Medina to Dubai? Search, compare and book cheap airline ticket from Medina to Dubai online\" \/>\n<meta name=\"robots\" content=\"index, follow, max-snippet:-1, max-image-preview:large, max-video-preview:-1\" \/>\n<link rel=\"canonical\" href=\"https:\/\/tiketi.com\/fr-fr\/flights-medina-dubai-med-dxb\/\" \/>\n<meta property=\"og:locale\" content=\"fr_FR\" \/>\n<meta property=\"og:type\" content=\"article\" \/>\n<meta property=\"og:title\" content=\"Cheap Flights from\u00a0Medina to Dubai\" \/>\n<meta property=\"og:description\" content=\"Looking for cheap flights from Medina to Dubai? Search, compare and book cheap airline ticket from Medina to Dubai online\" \/>\n<meta property=\"og:url\" content=\"https:\/\/tiketi.com\/fr-fr\/flights-medina-dubai-med-dxb\/\" \/>\n<meta property=\"og:site_name\" content=\"Tiketi.com\" \/>\n<meta property=\"article:publisher\" content=\"https:\/\/www.facebook.com\/TiketiCom\/\" \/>\n<meta property=\"article:modified_time\" content=\"2022-02-09T10:40:25+00:00\" \/>\n<meta property=\"og:image\" content=\"https:\/\/tiketi.com\/wp-content\/uploads\/2022\/02\/dubai-skyline-buildings-183.jpg\" \/>\n\t<meta property=\"og:image:width\" content=\"1200\" \/>\n\t<meta property=\"og:image:height\" content=\"202\" \/>\n\t<meta property=\"og:image:type\" content=\"image\/jpeg\" \/>\n<meta name=\"twitter:card\" content=\"summary_large_image\" \/>\n<meta name=\"twitter:label1\" content=\"Dur\u00e9e de lecture estim\u00e9e\" \/>\n\t<meta name=\"twitter:data1\" content=\"3 minutes\" \/>\n<script type=\"application\/ld+json\" class=\"yoast-schema-graph\">{\"@context\":\"https:\\\/\\\/schema.org\",\"@graph\":[{\"@type\":\"WebPage\",\"@id\":\"https:\\\/\\\/tiketi.com\\\/flights-medina-dubai-med-dxb\\\/\",\"url\":\"https:\\\/\\\/tiketi.com\\\/flights-medina-dubai-med-dxb\\\/\",\"name\":\"Cheap Flights from\u00a0Medina to Dubai\",\"isPartOf\":{\"@id\":\"https:\\\/\\\/tiketi.com\\\/#website\"},\"primaryImageOfPage\":{\"@id\":\"https:\\\/\\\/tiketi.com\\\/flights-medina-dubai-med-dxb\\\/#primaryimage\"},\"image\":{\"@id\":\"https:\\\/\\\/tiketi.com\\\/flights-medina-dubai-med-dxb\\\/#primaryimage\"},\"thumbnailUrl\":\"https:\\\/\\\/tiketi.com\\\/wp-content\\\/uploads\\\/2022\\\/02\\\/dubai-skyline-buildings-183.jpg\",\"datePublished\":\"2022-01-19T11:55:08+00:00\",\"dateModified\":\"2022-02-09T10:40:25+00:00\",\"description\":\"Looking for cheap flights from Medina to Dubai? Search, compare and book cheap airline ticket from Medina to Dubai online\",\"breadcrumb\":{\"@id\":\"https:\\\/\\\/tiketi.com\\\/flights-medina-dubai-med-dxb\\\/#breadcrumb\"},\"inLanguage\":\"fr-FR\",\"potentialAction\":[{\"@type\":\"ReadAction\",\"target\":[\"https:\\\/\\\/tiketi.com\\\/flights-medina-dubai-med-dxb\\\/\"]}]},{\"@type\":\"ImageObject\",\"inLanguage\":\"fr-FR\",\"@id\":\"https:\\\/\\\/tiketi.com\\\/flights-medina-dubai-med-dxb\\\/#primaryimage\",\"url\":\"https:\\\/\\\/tiketi.com\\\/wp-content\\\/uploads\\\/2022\\\/02\\\/dubai-skyline-buildings-183.jpg\",\"contentUrl\":\"https:\\\/\\\/tiketi.com\\\/wp-content\\\/uploads\\\/2022\\\/02\\\/dubai-skyline-buildings-183.jpg\",\"width\":1200,\"height\":202,\"caption\":\"Air Taxi in Dubai\"},{\"@type\":\"BreadcrumbList\",\"@id\":\"https:\\\/\\\/tiketi.com\\\/flights-medina-dubai-med-dxb\\\/#breadcrumb\",\"itemListElement\":[{\"@type\":\"ListItem\",\"position\":1,\"name\":\"Home\",\"item\":\"https:\\\/\\\/tiketi.com\\\/\"},{\"@type\":\"ListItem\",\"position\":2,\"name\":\"Cheap Flights from\u00a0Medina to Dubai\"}]},{\"@type\":\"WebSite\",\"@id\":\"https:\\\/\\\/tiketi.com\\\/#website\",\"url\":\"https:\\\/\\\/tiketi.com\\\/\",\"name\":\"Flight & Bus Tickets, Tour Packages & Activitites - Tiketi.com\",\"description\":\"Flight &amp; Bus Tickets, Tours, Activitites\",\"publisher\":{\"@id\":\"https:\\\/\\\/tiketi.com\\\/#organization\"},\"potentialAction\":[{\"@type\":\"SearchAction\",\"target\":{\"@type\":\"EntryPoint\",\"urlTemplate\":\"https:\\\/\\\/tiketi.com\\\/?s={search_term_string}\"},\"query-input\":{\"@type\":\"PropertyValueSpecification\",\"valueRequired\":true,\"valueName\":\"search_term_string\"}}],\"inLanguage\":\"fr-FR\"},{\"@type\":\"Organization\",\"@id\":\"https:\\\/\\\/tiketi.com\\\/#organization\",\"name\":\"Tiketi.com\",\"alternateName\":\"Tiketi\",\"url\":\"https:\\\/\\\/tiketi.com\\\/\",\"logo\":{\"@type\":\"ImageObject\",\"inLanguage\":\"fr-FR\",\"@id\":\"https:\\\/\\\/tiketi.com\\\/#\\\/schema\\\/logo\\\/image\\\/\",\"url\":\"https:\\\/\\\/tiketi.com\\\/wp-content\\\/uploads\\\/2019\\\/05\\\/tiketi-logo-696.png\",\"contentUrl\":\"https:\\\/\\\/tiketi.com\\\/wp-content\\\/uploads\\\/2019\\\/05\\\/tiketi-logo-696.png\",\"width\":696,\"height\":696,\"caption\":\"Tiketi.com\"},\"image\":{\"@id\":\"https:\\\/\\\/tiketi.com\\\/#\\\/schema\\\/logo\\\/image\\\/\"},\"sameAs\":[\"https:\\\/\\\/www.facebook.com\\\/TiketiCom\\\/\"]}]}<\/script>\n<!-- \/ Yoast SEO plugin. -->","yoast_head_json":{"title":"Vols \u00e0 bas prix de M\u00e9dine \u00e0 Duba\u00ef","description":"Vous recherchez des vols \u00e0 bas prix de M\u00e9dine vers Duba\u00ef ? Recherchez, comparez et r\u00e9servez en ligne un billet d&#039;avion pas cher de M\u00e9dine \u00e0 Duba\u00ef","robots":{"index":"index","follow":"follow","max-snippet":"max-snippet:-1","max-image-preview":"max-image-preview:large","max-video-preview":"max-video-preview:-1"},"canonical":"https:\/\/tiketi.com\/fr-fr\/flights-medina-dubai-med-dxb\/","og_locale":"fr_FR","og_type":"article","og_title":"Cheap Flights from\u00a0Medina to Dubai","og_description":"Looking for cheap flights from Medina to Dubai? Search, compare and book cheap airline ticket from Medina to Dubai online","og_url":"https:\/\/tiketi.com\/fr-fr\/flights-medina-dubai-med-dxb\/","og_site_name":"Tiketi.com","article_publisher":"https:\/\/www.facebook.com\/TiketiCom\/","article_modified_time":"2022-02-09T10:40:25+00:00","og_image":[{"width":1200,"height":202,"url":"https:\/\/tiketi.com\/wp-content\/uploads\/2022\/02\/dubai-skyline-buildings-183.jpg","type":"image\/jpeg"}],"twitter_card":"summary_large_image","twitter_misc":{"Dur\u00e9e de lecture estim\u00e9e":"3 minutes"},"schema":{"@context":"https:\/\/schema.org","@graph":[{"@type":"WebPage","@id":"https:\/\/tiketi.com\/flights-medina-dubai-med-dxb\/","url":"https:\/\/tiketi.com\/flights-medina-dubai-med-dxb\/","name":"Vols \u00e0 bas prix de M\u00e9dine \u00e0 Duba\u00ef","isPartOf":{"@id":"https:\/\/tiketi.com\/#website"},"primaryImageOfPage":{"@id":"https:\/\/tiketi.com\/flights-medina-dubai-med-dxb\/#primaryimage"},"image":{"@id":"https:\/\/tiketi.com\/flights-medina-dubai-med-dxb\/#primaryimage"},"thumbnailUrl":"https:\/\/tiketi.com\/wp-content\/uploads\/2022\/02\/dubai-skyline-buildings-183.jpg","datePublished":"2022-01-19T11:55:08+00:00","dateModified":"2022-02-09T10:40:25+00:00","description":"Vous recherchez des vols \u00e0 bas prix de M\u00e9dine vers Duba\u00ef ? Recherchez, comparez et r\u00e9servez en ligne un billet d&#039;avion pas cher de M\u00e9dine \u00e0 Duba\u00ef","breadcrumb":{"@id":"https:\/\/tiketi.com\/flights-medina-dubai-med-dxb\/#breadcrumb"},"inLanguage":"fr-FR","potentialAction":[{"@type":"ReadAction","target":["https:\/\/tiketi.com\/flights-medina-dubai-med-dxb\/"]}]},{"@type":"ImageObject","inLanguage":"fr-FR","@id":"https:\/\/tiketi.com\/flights-medina-dubai-med-dxb\/#primaryimage","url":"https:\/\/tiketi.com\/wp-content\/uploads\/2022\/02\/dubai-skyline-buildings-183.jpg","contentUrl":"https:\/\/tiketi.com\/wp-content\/uploads\/2022\/02\/dubai-skyline-buildings-183.jpg","width":1200,"height":202,"caption":"Air Taxi in Dubai"},{"@type":"BreadcrumbList","@id":"https:\/\/tiketi.com\/flights-medina-dubai-med-dxb\/#breadcrumb","itemListElement":[{"@type":"ListItem","position":1,"name":"Home","item":"https:\/\/tiketi.com\/"},{"@type":"ListItem","position":2,"name":"Cheap Flights from\u00a0Medina to Dubai"}]},{"@type":"WebSite","@id":"https:\/\/tiketi.com\/#website","url":"https:\/\/tiketi.com\/","name":"Billets d&#039;avion et de bus, forfaits touristiques et activit\u00e9s - Tiketi.com","description":"Billets d&#039;avion et de bus, Tours, Activit\u00e9s","publisher":{"@id":"https:\/\/tiketi.com\/#organization"},"potentialAction":[{"@type":"SearchAction","target":{"@type":"EntryPoint","urlTemplate":"https:\/\/tiketi.com\/?s={search_term_string}"},"query-input":{"@type":"PropertyValueSpecification","valueRequired":true,"valueName":"search_term_string"}}],"inLanguage":"fr-FR"},{"@type":"Organization","@id":"https:\/\/tiketi.com\/#organization","name":"Tiketi.com","alternateName":"Tiketi","url":"https:\/\/tiketi.com\/","logo":{"@type":"ImageObject","inLanguage":"fr-FR","@id":"https:\/\/tiketi.com\/#\/schema\/logo\/image\/","url":"https:\/\/tiketi.com\/wp-content\/uploads\/2019\/05\/tiketi-logo-696.png","contentUrl":"https:\/\/tiketi.com\/wp-content\/uploads\/2019\/05\/tiketi-logo-696.png","width":696,"height":696,"caption":"Tiketi.com"},"image":{"@id":"https:\/\/tiketi.com\/#\/schema\/logo\/image\/"},"sameAs":["https:\/\/www.facebook.com\/TiketiCom\/"]}]}},"_links":{"self":[{"href":"https:\/\/tiketi.com\/fr-fr\/wp-json\/wp\/v2\/pages\/11730","targetHints":{"allow":["GET"]}}],"collection":[{"href":"https:\/\/tiketi.com\/fr-fr\/wp-json\/wp\/v2\/pages"}],"about":[{"href":"https:\/\/tiketi.com\/fr-fr\/wp-json\/wp\/v2\/types\/page"}],"author":[{"embeddable":true,"href":"https:\/\/tiketi.com\/fr-fr\/wp-json\/wp\/v2\/users\/1"}],"replies":[{"embeddable":true,"href":"https:\/\/tiketi.com\/fr-fr\/wp-json\/wp\/v2\/comments?post=11730"}],"version-history":[{"count":0,"href":"https:\/\/tiketi.com\/fr-fr\/wp-json\/wp\/v2\/pages\/11730\/revisions"}],"wp:featuredmedia":[{"embeddable":true,"href":"https:\/\/tiketi.com\/fr-fr\/wp-json\/wp\/v2\/media\/16474"}],"wp:attachment":[{"href":"https:\/\/tiketi.com\/fr-fr\/wp-json\/wp\/v2\/media?parent=11730"}],"curies":[{"name":"wp","href":"https:\/\/api.w.org\/{rel}","templated":true}]}}