{"id":11732,"date":"2022-01-19T12:55:08","date_gmt":"2022-01-19T11:55:08","guid":{"rendered":"https:\/\/new.tiketi.com\/cheap-flights-from-johannesburg-to-shanghai\/"},"modified":"2022-02-08T15:42:47","modified_gmt":"2022-02-08T14:42:47","slug":"flights-johannesburg-shanghai-jnb-pvg","status":"publish","type":"page","link":"https:\/\/tiketi.com\/fr-fr\/flights-johannesburg-shanghai-jnb-pvg\/","title":{"rendered":"Vols \u00e0 bas prix de Johannesbourg \u00e0 Shanghai"},"content":{"rendered":"<h2>Vous recherchez un billet d&#039;avion pas cher Johannesbourg - Shanghai ou des offres de derni\u00e8re minute ?<\/h2>\n<h3>Cherchez, comparez et r\u00e9servez en ligne maintenant un billet d&#039;avion pas cher entre Johannesbourg (JNB) et Shanghai (PVG).<\/h3>\n<p>R\u00e9servez en ligne des vols \u00e0 bas prix de Johannesbourg \u00e0 Shanghai et \u00e9conomisez de l&#039;argent sur les billets d&#039;avion. La capitale \u00e9conomique de la Chine, situ\u00e9e sur le delta du fleuve Yangtze, est un endroit merveilleux o\u00f9 les visiteurs peuvent trouver ici des poches de culture et de charme tr\u00e8s anciens qui font de cette ville un gagnant. Visitez Shanghai gr\u00e2ce \u00e0 des offres exceptionnelles sur les billets d&#039;avion de Johannesbourg \u00e0 Shanghai et volez Johannesbourg \u00e0 Shanghai \u00e0 bas prix.<\/p>\n<h2>Voici quelques-unes des meilleures attractions de Shanghai<\/h2>\n<h3>Le Bund<\/h3>\n<p>Se promener le long du bund n&#039;est qu&#039;une des choses que tout visiteur \u00e0 Shanghai doit faire. Situ\u00e9 sur la rive ouest de la rivi\u00e8re Huangpu, le Bund est l&#039;une des attractions touristiques les plus populaires de Shanghai. La Bunk est flanqu\u00e9e de b\u00e2timents anciens repr\u00e9sentant diff\u00e9rents styles, dont le roman, le gothique et la Renaissance.<\/p>\n<h3>Jardin Yu<\/h3>\n<p>Yu Garden est un lieu de Shanghai depuis le XVIe si\u00e8cle, lorsqu&#039;un dirigeant de la dynastie Ming a voulu cr\u00e9er un jardin tranquille pour que ses parents puissent passer leurs ann\u00e9es de vieillesse. Aujourd&#039;hui, c&#039;est l&#039;un des jardins classiques les plus populaires de Chine. Yu se traduit par relaxant et agr\u00e9able, une id\u00e9e extr\u00eamement pertinente dans le jardin d&#039;aujourd&#039;hui.<\/p>\n<h3>Route de Nankin<\/h3>\n<p>C&#039;est l&#039;un des plus grands et des plus populaires au monde, attirant environ un million de clients par jour. La route, cr\u00e9\u00e9e en 1845, est divis\u00e9e en Ouest et Est ; la section Est est le premier lieu de shopping. Alors qu&#039;elle \u00e9tait autrefois bord\u00e9e de magasins chinois traditionnels vendant des produits de premi\u00e8re n\u00e9cessit\u00e9, Nanjing Road est aujourd&#039;hui bord\u00e9e de magnifiques boutiques, h\u00f4tels et restaurants.<\/p>\n<h2>FAQ sur les vols pas chers de Johannesbourg \u00e0 Shanghai<\/h2>\n<h3>Quelles compagnies a\u00e9riennes proposent des vols directs Johannesbourg - Shanghai ?<\/h3>\n<p>Il n&#039;y a pas de vols directs entre Johannesburg et Shanghai.<\/p>\n<h3>Quel est le meilleur moment pour r\u00e9server un billet d&#039;avion de Johannesburg \u00e0 Shanghai ?<\/h3>\n<p>G\u00e9n\u00e9ralement, le meilleur temps de vol de Johannesbourg \u00e0 Shanghai est de 2 mois \u00e0 l&#039;avance. Et les jours les moins chers pour voler sont le mercredi, le mardi et le samedi. Le dimanche est le plus cher.<\/p>\n<h3>Quelle est la compagnie a\u00e9rienne la plus c\u00e9l\u00e8bre pour les vols sans escale de Johannesbourg \u00e0 Shanghai ?<\/h3>\n<p>South African Airways propose les c\u00e9l\u00e8bres vols entre Shanghai et Johannesburg.<\/p>\n<h3>Quelle est la dur\u00e9e du vol Johannesbourg-Shanghai ?<\/h3>\n<p>Le temps de vol le plus rapide pour les vols avec escale est de dix-sept heures et vingt-cinq minutes.<\/p>\n<h3>Combien d&#039;a\u00e9roports y a-t-il \u00e0 Shanghai, Chine ?<\/h3>\n<p>Il y a trois a\u00e9roports \u00e0 Shanghai : Shanghai Hongqiao, Shanghai Pu Dong et Changhai.<\/p>\n<p>Le premier vol de la journ\u00e9e part \u00e0 10h15. Le dernier vol de la journ\u00e9e part \u00e0 22h20.<\/p>\n<h2>Conseils sur les vols de Johannesbourg \u00e0 Shanghai<\/h2>\n<p>\u2022 Johannesbourg est \u00e0 12 000 kilom\u00e8tres de Shanghai.<\/p>\n<p>\u2022 Cape Town, Afrique du Sud \u2013 Cape Town Intl est le lien le plus c\u00e9l\u00e8bre pour les vols \u00e0 escale entre Shanghai et Johannesburg.<\/p>\n<p>\u2022 L&#039;a\u00e9roport de Pu Dong Shanghai propose des vols sans escale vers 210 villes.<\/p>","protected":false},"excerpt":{"rendered":"<p>Looking for cheap airline ticket from Johannesburg to Shanghai\u00a0or last minute deals? Search, compare and book cheap airline ticket from Johannesburg (JNB) to Shanghai (PVG) online now. Book cheap flights from Johannesburg to Shanghai online and save money on airfare. China economic capital, placed on the Yangtze River Delta, is a wonderful place visitors can [&hellip;]<\/p>\n","protected":false},"author":1,"featured_media":14331,"parent":0,"menu_order":0,"comment_status":"open","ping_status":"closed","template":"template-home-modern.php","meta":{"footnotes":""},"class_list":["post-11732","page","type-page","status-publish","has-post-thumbnail","hentry"],"yoast_head":"<!-- This site is optimized with the Yoast SEO plugin v27.3 - https:\/\/yoast.com\/product\/yoast-seo-wordpress\/ -->\n<title>Cheap Flights from\u00a0Johannesburg to Shanghai<\/title>\n<meta name=\"description\" content=\"Looking for cheap flights from\u00a0Johannesburg to Shanghai? Search, compare and book cheap airline ticket from Johannesburg to Shanghai online\" \/>\n<meta name=\"robots\" content=\"index, follow, max-snippet:-1, max-image-preview:large, max-video-preview:-1\" \/>\n<link rel=\"canonical\" href=\"https:\/\/tiketi.com\/fr-fr\/flights-johannesburg-shanghai-jnb-pvg\/\" \/>\n<meta property=\"og:locale\" content=\"fr_FR\" \/>\n<meta property=\"og:type\" content=\"article\" \/>\n<meta property=\"og:title\" content=\"Cheap Flights from\u00a0Johannesburg to Shanghai\" \/>\n<meta property=\"og:description\" content=\"Looking for cheap flights from\u00a0Johannesburg to Shanghai? Search, compare and book cheap airline ticket from Johannesburg to Shanghai online\" \/>\n<meta property=\"og:url\" content=\"https:\/\/tiketi.com\/fr-fr\/flights-johannesburg-shanghai-jnb-pvg\/\" \/>\n<meta property=\"og:site_name\" content=\"Tiketi.com\" \/>\n<meta property=\"article:publisher\" content=\"https:\/\/www.facebook.com\/TiketiCom\/\" \/>\n<meta property=\"article:modified_time\" content=\"2022-02-08T14:42:47+00:00\" \/>\n<meta property=\"og:image\" content=\"https:\/\/tiketi.com\/wp-content\/uploads\/2022\/01\/shanghai-city-2446326_1280.jpg\" \/>\n\t<meta property=\"og:image:width\" content=\"1200\" \/>\n\t<meta property=\"og:image:height\" content=\"207\" \/>\n\t<meta property=\"og:image:type\" content=\"image\/jpeg\" \/>\n<meta name=\"twitter:card\" content=\"summary_large_image\" \/>\n<meta name=\"twitter:label1\" content=\"Dur\u00e9e de lecture estim\u00e9e\" \/>\n\t<meta name=\"twitter:data1\" content=\"3 minutes\" \/>\n<script type=\"application\/ld+json\" class=\"yoast-schema-graph\">{\"@context\":\"https:\\\/\\\/schema.org\",\"@graph\":[{\"@type\":\"WebPage\",\"@id\":\"https:\\\/\\\/tiketi.com\\\/en-gb\\\/flights-johannesburg-shanghai-jnb-pvg\\\/\",\"url\":\"https:\\\/\\\/tiketi.com\\\/en-gb\\\/flights-johannesburg-shanghai-jnb-pvg\\\/\",\"name\":\"Cheap Flights from\u00a0Johannesburg to Shanghai\",\"isPartOf\":{\"@id\":\"https:\\\/\\\/tiketi.com\\\/#website\"},\"primaryImageOfPage\":{\"@id\":\"https:\\\/\\\/tiketi.com\\\/en-gb\\\/flights-johannesburg-shanghai-jnb-pvg\\\/#primaryimage\"},\"image\":{\"@id\":\"https:\\\/\\\/tiketi.com\\\/en-gb\\\/flights-johannesburg-shanghai-jnb-pvg\\\/#primaryimage\"},\"thumbnailUrl\":\"https:\\\/\\\/tiketi.com\\\/wp-content\\\/uploads\\\/2022\\\/01\\\/shanghai-city-2446326_1280.jpg\",\"datePublished\":\"2022-01-19T11:55:08+00:00\",\"dateModified\":\"2022-02-08T14:42:47+00:00\",\"description\":\"Looking for cheap flights from\u00a0Johannesburg to Shanghai? Search, compare and book cheap airline ticket from Johannesburg to Shanghai online\",\"breadcrumb\":{\"@id\":\"https:\\\/\\\/tiketi.com\\\/en-gb\\\/flights-johannesburg-shanghai-jnb-pvg\\\/#breadcrumb\"},\"inLanguage\":\"fr-FR\",\"potentialAction\":[{\"@type\":\"ReadAction\",\"target\":[\"https:\\\/\\\/tiketi.com\\\/en-gb\\\/flights-johannesburg-shanghai-jnb-pvg\\\/\"]}]},{\"@type\":\"ImageObject\",\"inLanguage\":\"fr-FR\",\"@id\":\"https:\\\/\\\/tiketi.com\\\/en-gb\\\/flights-johannesburg-shanghai-jnb-pvg\\\/#primaryimage\",\"url\":\"https:\\\/\\\/tiketi.com\\\/wp-content\\\/uploads\\\/2022\\\/01\\\/shanghai-city-2446326_1280.jpg\",\"contentUrl\":\"https:\\\/\\\/tiketi.com\\\/wp-content\\\/uploads\\\/2022\\\/01\\\/shanghai-city-2446326_1280.jpg\",\"width\":1200,\"height\":207,\"caption\":\"Air Taxi in Shanghai City\"},{\"@type\":\"BreadcrumbList\",\"@id\":\"https:\\\/\\\/tiketi.com\\\/en-gb\\\/flights-johannesburg-shanghai-jnb-pvg\\\/#breadcrumb\",\"itemListElement\":[{\"@type\":\"ListItem\",\"position\":1,\"name\":\"Home\",\"item\":\"https:\\\/\\\/tiketi.com\\\/\"},{\"@type\":\"ListItem\",\"position\":2,\"name\":\"Cheap Flights from\u00a0Johannesburg to Shanghai\"}]},{\"@type\":\"WebSite\",\"@id\":\"https:\\\/\\\/tiketi.com\\\/#website\",\"url\":\"https:\\\/\\\/tiketi.com\\\/\",\"name\":\"Flight & Bus Tickets, Tour Packages & Activitites - Tiketi.com\",\"description\":\"Flight &amp; Bus Tickets, Tours, Activitites\",\"publisher\":{\"@id\":\"https:\\\/\\\/tiketi.com\\\/#organization\"},\"potentialAction\":[{\"@type\":\"SearchAction\",\"target\":{\"@type\":\"EntryPoint\",\"urlTemplate\":\"https:\\\/\\\/tiketi.com\\\/?s={search_term_string}\"},\"query-input\":{\"@type\":\"PropertyValueSpecification\",\"valueRequired\":true,\"valueName\":\"search_term_string\"}}],\"inLanguage\":\"fr-FR\"},{\"@type\":\"Organization\",\"@id\":\"https:\\\/\\\/tiketi.com\\\/#organization\",\"name\":\"Tiketi.com\",\"alternateName\":\"Tiketi\",\"url\":\"https:\\\/\\\/tiketi.com\\\/\",\"logo\":{\"@type\":\"ImageObject\",\"inLanguage\":\"fr-FR\",\"@id\":\"https:\\\/\\\/tiketi.com\\\/#\\\/schema\\\/logo\\\/image\\\/\",\"url\":\"https:\\\/\\\/tiketi.com\\\/wp-content\\\/uploads\\\/2019\\\/05\\\/tiketi-logo-696.png\",\"contentUrl\":\"https:\\\/\\\/tiketi.com\\\/wp-content\\\/uploads\\\/2019\\\/05\\\/tiketi-logo-696.png\",\"width\":696,\"height\":696,\"caption\":\"Tiketi.com\"},\"image\":{\"@id\":\"https:\\\/\\\/tiketi.com\\\/#\\\/schema\\\/logo\\\/image\\\/\"},\"sameAs\":[\"https:\\\/\\\/www.facebook.com\\\/TiketiCom\\\/\"]}]}<\/script>\n<!-- \/ Yoast SEO plugin. -->","yoast_head_json":{"title":"Vols \u00e0 bas prix de Johannesbourg \u00e0 Shanghai","description":"Vous recherchez des vols \u00e0 bas prix de Johannesbourg \u00e0 Shanghai ? Recherchez, comparez et r\u00e9servez en ligne un billet d&#039;avion pas cher de Johannesbourg \u00e0 Shanghai","robots":{"index":"index","follow":"follow","max-snippet":"max-snippet:-1","max-image-preview":"max-image-preview:large","max-video-preview":"max-video-preview:-1"},"canonical":"https:\/\/tiketi.com\/fr-fr\/flights-johannesburg-shanghai-jnb-pvg\/","og_locale":"fr_FR","og_type":"article","og_title":"Cheap Flights from\u00a0Johannesburg to Shanghai","og_description":"Looking for cheap flights from\u00a0Johannesburg to Shanghai? Search, compare and book cheap airline ticket from Johannesburg to Shanghai online","og_url":"https:\/\/tiketi.com\/fr-fr\/flights-johannesburg-shanghai-jnb-pvg\/","og_site_name":"Tiketi.com","article_publisher":"https:\/\/www.facebook.com\/TiketiCom\/","article_modified_time":"2022-02-08T14:42:47+00:00","og_image":[{"width":1200,"height":207,"url":"https:\/\/tiketi.com\/wp-content\/uploads\/2022\/01\/shanghai-city-2446326_1280.jpg","type":"image\/jpeg"}],"twitter_card":"summary_large_image","twitter_misc":{"Dur\u00e9e de lecture estim\u00e9e":"3 minutes"},"schema":{"@context":"https:\/\/schema.org","@graph":[{"@type":"WebPage","@id":"https:\/\/tiketi.com\/en-gb\/flights-johannesburg-shanghai-jnb-pvg\/","url":"https:\/\/tiketi.com\/en-gb\/flights-johannesburg-shanghai-jnb-pvg\/","name":"Vols \u00e0 bas prix de Johannesbourg \u00e0 Shanghai","isPartOf":{"@id":"https:\/\/tiketi.com\/#website"},"primaryImageOfPage":{"@id":"https:\/\/tiketi.com\/en-gb\/flights-johannesburg-shanghai-jnb-pvg\/#primaryimage"},"image":{"@id":"https:\/\/tiketi.com\/en-gb\/flights-johannesburg-shanghai-jnb-pvg\/#primaryimage"},"thumbnailUrl":"https:\/\/tiketi.com\/wp-content\/uploads\/2022\/01\/shanghai-city-2446326_1280.jpg","datePublished":"2022-01-19T11:55:08+00:00","dateModified":"2022-02-08T14:42:47+00:00","description":"Vous recherchez des vols \u00e0 bas prix de Johannesbourg \u00e0 Shanghai ? Recherchez, comparez et r\u00e9servez en ligne un billet d&#039;avion pas cher de Johannesbourg \u00e0 Shanghai","breadcrumb":{"@id":"https:\/\/tiketi.com\/en-gb\/flights-johannesburg-shanghai-jnb-pvg\/#breadcrumb"},"inLanguage":"fr-FR","potentialAction":[{"@type":"ReadAction","target":["https:\/\/tiketi.com\/en-gb\/flights-johannesburg-shanghai-jnb-pvg\/"]}]},{"@type":"ImageObject","inLanguage":"fr-FR","@id":"https:\/\/tiketi.com\/en-gb\/flights-johannesburg-shanghai-jnb-pvg\/#primaryimage","url":"https:\/\/tiketi.com\/wp-content\/uploads\/2022\/01\/shanghai-city-2446326_1280.jpg","contentUrl":"https:\/\/tiketi.com\/wp-content\/uploads\/2022\/01\/shanghai-city-2446326_1280.jpg","width":1200,"height":207,"caption":"Air Taxi in Shanghai City"},{"@type":"BreadcrumbList","@id":"https:\/\/tiketi.com\/en-gb\/flights-johannesburg-shanghai-jnb-pvg\/#breadcrumb","itemListElement":[{"@type":"ListItem","position":1,"name":"Home","item":"https:\/\/tiketi.com\/"},{"@type":"ListItem","position":2,"name":"Cheap Flights from\u00a0Johannesburg to Shanghai"}]},{"@type":"WebSite","@id":"https:\/\/tiketi.com\/#website","url":"https:\/\/tiketi.com\/","name":"Billets d&#039;avion et de bus, forfaits touristiques et activit\u00e9s - Tiketi.com","description":"Billets d&#039;avion et de bus, Tours, Activit\u00e9s","publisher":{"@id":"https:\/\/tiketi.com\/#organization"},"potentialAction":[{"@type":"SearchAction","target":{"@type":"EntryPoint","urlTemplate":"https:\/\/tiketi.com\/?s={search_term_string}"},"query-input":{"@type":"PropertyValueSpecification","valueRequired":true,"valueName":"search_term_string"}}],"inLanguage":"fr-FR"},{"@type":"Organization","@id":"https:\/\/tiketi.com\/#organization","name":"Tiketi.com","alternateName":"Tiketi","url":"https:\/\/tiketi.com\/","logo":{"@type":"ImageObject","inLanguage":"fr-FR","@id":"https:\/\/tiketi.com\/#\/schema\/logo\/image\/","url":"https:\/\/tiketi.com\/wp-content\/uploads\/2019\/05\/tiketi-logo-696.png","contentUrl":"https:\/\/tiketi.com\/wp-content\/uploads\/2019\/05\/tiketi-logo-696.png","width":696,"height":696,"caption":"Tiketi.com"},"image":{"@id":"https:\/\/tiketi.com\/#\/schema\/logo\/image\/"},"sameAs":["https:\/\/www.facebook.com\/TiketiCom\/"]}]}},"_links":{"self":[{"href":"https:\/\/tiketi.com\/fr-fr\/wp-json\/wp\/v2\/pages\/11732","targetHints":{"allow":["GET"]}}],"collection":[{"href":"https:\/\/tiketi.com\/fr-fr\/wp-json\/wp\/v2\/pages"}],"about":[{"href":"https:\/\/tiketi.com\/fr-fr\/wp-json\/wp\/v2\/types\/page"}],"author":[{"embeddable":true,"href":"https:\/\/tiketi.com\/fr-fr\/wp-json\/wp\/v2\/users\/1"}],"replies":[{"embeddable":true,"href":"https:\/\/tiketi.com\/fr-fr\/wp-json\/wp\/v2\/comments?post=11732"}],"version-history":[{"count":0,"href":"https:\/\/tiketi.com\/fr-fr\/wp-json\/wp\/v2\/pages\/11732\/revisions"}],"wp:featuredmedia":[{"embeddable":true,"href":"https:\/\/tiketi.com\/fr-fr\/wp-json\/wp\/v2\/media\/14331"}],"wp:attachment":[{"href":"https:\/\/tiketi.com\/fr-fr\/wp-json\/wp\/v2\/media?parent=11732"}],"curies":[{"name":"wp","href":"https:\/\/api.w.org\/{rel}","templated":true}]}}