{"id":11733,"date":"2022-01-19T12:55:08","date_gmt":"2022-01-19T11:55:08","guid":{"rendered":"https:\/\/new.tiketi.com\/cheap-flights-from-johannesburg-to-richards-bay\/"},"modified":"2022-02-08T15:39:40","modified_gmt":"2022-02-08T14:39:40","slug":"flights-johannesburg-richards-bay-jnb-rcb","status":"publish","type":"page","link":"https:\/\/tiketi.com\/fr-fr\/flights-johannesburg-richards-bay-jnb-rcb\/","title":{"rendered":"Vols \u00e0 bas prix de Johannesbourg \u00e0 Richards Bay"},"content":{"rendered":"<h2>Vous recherchez un billet d&#039;avion pas cher de Johannesburg \u00e0 Richards Bay ou des offres de derni\u00e8re minute ?<\/h2>\n<h3>Recherchez, comparez et r\u00e9servez en ligne maintenant un billet d&#039;avion pas cher entre Johannesbourg (JNB) et Richards Bay (RCB).<\/h3>\n<p>R\u00e9servez en ligne des vols \u00e0 bas prix de Johannesbourg \u00e0 Richards Bay et \u00e9conomisez de l&#039;argent sur les billets d&#039;avion. Richards Bay est une ville du KwaZulu-Natal. Il est plac\u00e9 sur une lagune de trente kilom\u00e8tres carr\u00e9s de la rivi\u00e8re Mhlatuze, qui en fait l&#039;un des plus grands ports du pays. Visitez Richards Bay gr\u00e2ce \u00e0 des offres exceptionnelles sur les billets d&#039;avion de Johannesburg \u00e0 Richards Bay et volez de Johannesburg \u00e0 Richards Bay \u00e0 bas prix.<\/p>\n<h2>Voici quelques-unes des meilleures attractions de Richards Bay<\/h2>\n<h3>Montagne d&#039;Eopard<\/h3>\n<p>Un lodge quatre \u00e9toiles gagnant de cinq prix multiples, situ\u00e9 dans la r\u00e9serve de rhinoc\u00e9ros de Zululand. Profitez de la paix et de la tranquillit\u00e9 totales avec une atmosph\u00e8re chaleureuse et amicale dans un lodge merveilleux et charmant qui offre les vues les plus \u00e9tonnantes du Zoulouland, de la rivi\u00e8re qui serpente en contrebas jusqu&#039;aux lointaines montagnes Lebombo.<\/p>\n<h3>DuneSide Guest House<\/h3>\n<p>Ceci est plac\u00e9 \u00e0 Richards Bay, au c\u0153ur du Kwazulu Natal. La ville est dynamique et devient rapidement un lieu de vill\u00e9giature tr\u00e8s r\u00e9put\u00e9 sur la c\u00f4te nord. Richards Bay poss\u00e8de le plus grand port du pays et certains de ses paysages de zones humides les plus vitaux.<\/p>\n<h3>Oiseaux de paradis B&amp;B<\/h3>\n<p>Birds of Paradise B &amp; B est une maison d&#039;h\u00f4tes haut de gamme situ\u00e9e dans la plus ancienne ville de peuplement europ\u00e9en du Zoulouland, Eshowe. Cet \u00e9tablissement d&#039;h\u00e9bergement offre une atmosph\u00e8re priv\u00e9e et isol\u00e9e avec un environnement d\u00e9tendu. La salle \u00e0 manger priv\u00e9e propose un remarquable petit-d\u00e9jeuner continental, avec des fruits, des muffins et une s\u00e9lection de yaourts, ainsi qu&#039;un petit-d\u00e9jeuner anglais complet.<\/p>\n<h2>FAQ sur les vols pas chers Johannesbourg - Richards Bay, Afrique du Sud<\/h2>\n<h3>Combien de temps dure un vol Johannesbourg-Richards Bay, Afrique du Sud ?<\/h3>\n<p>Un vol direct entre Johannesburg et Richards Bay, en Afrique du Sud, prend jusqu&#039;\u00e0 deux heures et couvre une distance de 298 kilom\u00e8tres.<\/p>\n<h3>Quelles compagnies a\u00e9riennes proposent des billets d&#039;avion de Johannesburg \u00e0 Richards Bay ?<\/h3>\n<p>Des compagnies a\u00e9riennes telles que SAA proposent des billets d&#039;avion directs de Johannesburg \u00e0 Richards Bay.<\/p>\n<h3>Combien de vols de Johannesbourg \u00e0 Richards Bay, Afrique du Sud partent en moyenne par jour ?<\/h3>\n<p>Huit vols partent de Johannesburg vers Richards Bay par jour en moyenne.<\/p>\n<p>\u2022 T\u00f4t le matin \u2013 trente-huit pour cent des d\u00e9parts de vols.<\/p>\n<p>\u2022 Matin - vingt-cinq pour cent des d\u00e9parts de vol<\/p>\n<p>\u2022 Apr\u00e8s-midi\u00a0: 38\u00a0% des d\u00e9parts de vols<\/p>\n<h2>Conseils sur les vols de Johannesbourg \u00e0 Richards Bay, Afrique du Sud<\/h2>\n<p>\u2022 Johannesburg est \u00e0 297 miles de Richards Bay.<\/p>\n<p>\u2022 Il y a trois vols quotidiens de Johannesburg \u00e0 Richards Bay.<\/p>\n<p>\u2022 Il y a quatre vols hebdomadaires au d\u00e9part de Richards Bay, en Afrique du Sud, au d\u00e9part de Johannesburg.<\/p>\n<p>\u2022 Trois vols sans escale de Johannesburg \u00e0 Richards Bay, Afrique du Sud \u00e0 bas prix.<\/p>\n<p>\u2022 South African Airways propose le plus de vols sans escale entre Richards Bay et Johannesburg.<\/p>\n<p>\u2022 La dur\u00e9e moyenne d&#039;un vol entre Johannesburg et Richards Bay, en Afrique du Sud, est d&#039;une heure vingt-trois minutes.<\/p>","protected":false},"excerpt":{"rendered":"<p>Looking for cheap airline ticket from Johannesburg to Richards Bay&nbsp;or last minute deals? Search, compare and book cheap airline ticket from Johannesburg (JNB) to Richards Bay (RCB) online now. Book cheap flights from Johannesburg to Richards Bay online and save money on airfare. Richards Bay is a KwaZulu-Natal town. It is placed on a thirty [&hellip;]<\/p>\n","protected":false},"author":1,"featured_media":14041,"parent":0,"menu_order":0,"comment_status":"open","ping_status":"closed","template":"template-home-modern.php","meta":{"footnotes":""},"class_list":["post-11733","page","type-page","status-publish","has-post-thumbnail","hentry"],"yoast_head":"<!-- This site is optimized with the Yoast SEO plugin v27.3 - https:\/\/yoast.com\/product\/yoast-seo-wordpress\/ -->\n<title>Cheap Flights from\u00a0Johannesburg to Richards Bay<\/title>\n<meta name=\"description\" content=\"Looking for cheap flights from\u00a0Johannesburg to Richards Bay? Compare and book cheap airline ticket from Johannesburg to Richards Bay online\" \/>\n<meta name=\"robots\" content=\"index, follow, max-snippet:-1, max-image-preview:large, max-video-preview:-1\" \/>\n<link rel=\"canonical\" href=\"https:\/\/tiketi.com\/fr-fr\/flights-johannesburg-richards-bay-jnb-rcb\/\" \/>\n<meta property=\"og:locale\" content=\"fr_FR\" \/>\n<meta property=\"og:type\" content=\"article\" \/>\n<meta property=\"og:title\" content=\"Cheap Flights from\u00a0Johannesburg to Richards Bay\" \/>\n<meta property=\"og:description\" content=\"Looking for cheap flights from\u00a0Johannesburg to Richards Bay? Compare and book cheap airline ticket from Johannesburg to Richards Bay online\" \/>\n<meta property=\"og:url\" content=\"https:\/\/tiketi.com\/fr-fr\/flights-johannesburg-richards-bay-jnb-rcb\/\" \/>\n<meta property=\"og:site_name\" content=\"Tiketi.com\" \/>\n<meta property=\"article:publisher\" content=\"https:\/\/www.facebook.com\/TiketiCom\/\" \/>\n<meta property=\"article:modified_time\" content=\"2022-02-08T14:39:40+00:00\" \/>\n<meta property=\"og:image\" content=\"https:\/\/tiketi.com\/wp-content\/uploads\/2022\/01\/flight-ticket-booking-sorasak-KxCJXXGsv9I-unsplas.jpg\" \/>\n\t<meta property=\"og:image:width\" content=\"1200\" \/>\n\t<meta property=\"og:image:height\" content=\"240\" \/>\n\t<meta property=\"og:image:type\" content=\"image\/jpeg\" \/>\n<meta name=\"twitter:card\" content=\"summary_large_image\" \/>\n<meta name=\"twitter:label1\" content=\"Dur\u00e9e de lecture estim\u00e9e\" \/>\n\t<meta name=\"twitter:data1\" content=\"2 minutes\" \/>\n<script type=\"application\/ld+json\" class=\"yoast-schema-graph\">{\"@context\":\"https:\\\/\\\/schema.org\",\"@graph\":[{\"@type\":\"WebPage\",\"@id\":\"https:\\\/\\\/tiketi.com\\\/flights-johannesburg-richards-bay-jnb-rcb\\\/\",\"url\":\"https:\\\/\\\/tiketi.com\\\/flights-johannesburg-richards-bay-jnb-rcb\\\/\",\"name\":\"Cheap Flights from\u00a0Johannesburg to Richards Bay\",\"isPartOf\":{\"@id\":\"https:\\\/\\\/tiketi.com\\\/#website\"},\"primaryImageOfPage\":{\"@id\":\"https:\\\/\\\/tiketi.com\\\/flights-johannesburg-richards-bay-jnb-rcb\\\/#primaryimage\"},\"image\":{\"@id\":\"https:\\\/\\\/tiketi.com\\\/flights-johannesburg-richards-bay-jnb-rcb\\\/#primaryimage\"},\"thumbnailUrl\":\"https:\\\/\\\/tiketi.com\\\/wp-content\\\/uploads\\\/2022\\\/01\\\/flight-ticket-booking-sorasak-KxCJXXGsv9I-unsplas.jpg\",\"datePublished\":\"2022-01-19T11:55:08+00:00\",\"dateModified\":\"2022-02-08T14:39:40+00:00\",\"description\":\"Looking for cheap flights from\u00a0Johannesburg to Richards Bay? Compare and book cheap airline ticket from Johannesburg to Richards Bay online\",\"breadcrumb\":{\"@id\":\"https:\\\/\\\/tiketi.com\\\/flights-johannesburg-richards-bay-jnb-rcb\\\/#breadcrumb\"},\"inLanguage\":\"fr-FR\",\"potentialAction\":[{\"@type\":\"ReadAction\",\"target\":[\"https:\\\/\\\/tiketi.com\\\/flights-johannesburg-richards-bay-jnb-rcb\\\/\"]}]},{\"@type\":\"ImageObject\",\"inLanguage\":\"fr-FR\",\"@id\":\"https:\\\/\\\/tiketi.com\\\/flights-johannesburg-richards-bay-jnb-rcb\\\/#primaryimage\",\"url\":\"https:\\\/\\\/tiketi.com\\\/wp-content\\\/uploads\\\/2022\\\/01\\\/flight-ticket-booking-sorasak-KxCJXXGsv9I-unsplas.jpg\",\"contentUrl\":\"https:\\\/\\\/tiketi.com\\\/wp-content\\\/uploads\\\/2022\\\/01\\\/flight-ticket-booking-sorasak-KxCJXXGsv9I-unsplas.jpg\",\"width\":1200,\"height\":240,\"caption\":\"Online flight ticket booking\"},{\"@type\":\"BreadcrumbList\",\"@id\":\"https:\\\/\\\/tiketi.com\\\/flights-johannesburg-richards-bay-jnb-rcb\\\/#breadcrumb\",\"itemListElement\":[{\"@type\":\"ListItem\",\"position\":1,\"name\":\"Home\",\"item\":\"https:\\\/\\\/tiketi.com\\\/\"},{\"@type\":\"ListItem\",\"position\":2,\"name\":\"Cheap Flights from\u00a0Johannesburg to Richards Bay\"}]},{\"@type\":\"WebSite\",\"@id\":\"https:\\\/\\\/tiketi.com\\\/#website\",\"url\":\"https:\\\/\\\/tiketi.com\\\/\",\"name\":\"Flight & Bus Tickets, Tour Packages & Activitites - Tiketi.com\",\"description\":\"Flight &amp; Bus Tickets, Tours, Activitites\",\"publisher\":{\"@id\":\"https:\\\/\\\/tiketi.com\\\/#organization\"},\"potentialAction\":[{\"@type\":\"SearchAction\",\"target\":{\"@type\":\"EntryPoint\",\"urlTemplate\":\"https:\\\/\\\/tiketi.com\\\/?s={search_term_string}\"},\"query-input\":{\"@type\":\"PropertyValueSpecification\",\"valueRequired\":true,\"valueName\":\"search_term_string\"}}],\"inLanguage\":\"fr-FR\"},{\"@type\":\"Organization\",\"@id\":\"https:\\\/\\\/tiketi.com\\\/#organization\",\"name\":\"Tiketi.com\",\"alternateName\":\"Tiketi\",\"url\":\"https:\\\/\\\/tiketi.com\\\/\",\"logo\":{\"@type\":\"ImageObject\",\"inLanguage\":\"fr-FR\",\"@id\":\"https:\\\/\\\/tiketi.com\\\/#\\\/schema\\\/logo\\\/image\\\/\",\"url\":\"https:\\\/\\\/tiketi.com\\\/wp-content\\\/uploads\\\/2019\\\/05\\\/tiketi-logo-696.png\",\"contentUrl\":\"https:\\\/\\\/tiketi.com\\\/wp-content\\\/uploads\\\/2019\\\/05\\\/tiketi-logo-696.png\",\"width\":696,\"height\":696,\"caption\":\"Tiketi.com\"},\"image\":{\"@id\":\"https:\\\/\\\/tiketi.com\\\/#\\\/schema\\\/logo\\\/image\\\/\"},\"sameAs\":[\"https:\\\/\\\/www.facebook.com\\\/TiketiCom\\\/\"]}]}<\/script>\n<!-- \/ Yoast SEO plugin. -->","yoast_head_json":{"title":"Vols \u00e0 bas prix de Johannesbourg \u00e0 Richards Bay","description":"Vous recherchez des vols \u00e0 bas prix de Johannesbourg \u00e0 Richards Bay ? Comparez et r\u00e9servez en ligne les billets d&#039;avion pas chers de Johannesbourg \u00e0 Richards Bay","robots":{"index":"index","follow":"follow","max-snippet":"max-snippet:-1","max-image-preview":"max-image-preview:large","max-video-preview":"max-video-preview:-1"},"canonical":"https:\/\/tiketi.com\/fr-fr\/flights-johannesburg-richards-bay-jnb-rcb\/","og_locale":"fr_FR","og_type":"article","og_title":"Cheap Flights from\u00a0Johannesburg to Richards Bay","og_description":"Looking for cheap flights from\u00a0Johannesburg to Richards Bay? Compare and book cheap airline ticket from Johannesburg to Richards Bay online","og_url":"https:\/\/tiketi.com\/fr-fr\/flights-johannesburg-richards-bay-jnb-rcb\/","og_site_name":"Tiketi.com","article_publisher":"https:\/\/www.facebook.com\/TiketiCom\/","article_modified_time":"2022-02-08T14:39:40+00:00","og_image":[{"width":1200,"height":240,"url":"https:\/\/tiketi.com\/wp-content\/uploads\/2022\/01\/flight-ticket-booking-sorasak-KxCJXXGsv9I-unsplas.jpg","type":"image\/jpeg"}],"twitter_card":"summary_large_image","twitter_misc":{"Dur\u00e9e de lecture estim\u00e9e":"2 minutes"},"schema":{"@context":"https:\/\/schema.org","@graph":[{"@type":"WebPage","@id":"https:\/\/tiketi.com\/flights-johannesburg-richards-bay-jnb-rcb\/","url":"https:\/\/tiketi.com\/flights-johannesburg-richards-bay-jnb-rcb\/","name":"Vols \u00e0 bas prix de Johannesbourg \u00e0 Richards Bay","isPartOf":{"@id":"https:\/\/tiketi.com\/#website"},"primaryImageOfPage":{"@id":"https:\/\/tiketi.com\/flights-johannesburg-richards-bay-jnb-rcb\/#primaryimage"},"image":{"@id":"https:\/\/tiketi.com\/flights-johannesburg-richards-bay-jnb-rcb\/#primaryimage"},"thumbnailUrl":"https:\/\/tiketi.com\/wp-content\/uploads\/2022\/01\/flight-ticket-booking-sorasak-KxCJXXGsv9I-unsplas.jpg","datePublished":"2022-01-19T11:55:08+00:00","dateModified":"2022-02-08T14:39:40+00:00","description":"Vous recherchez des vols \u00e0 bas prix de Johannesbourg \u00e0 Richards Bay ? Comparez et r\u00e9servez en ligne les billets d&#039;avion pas chers de Johannesbourg \u00e0 Richards Bay","breadcrumb":{"@id":"https:\/\/tiketi.com\/flights-johannesburg-richards-bay-jnb-rcb\/#breadcrumb"},"inLanguage":"fr-FR","potentialAction":[{"@type":"ReadAction","target":["https:\/\/tiketi.com\/flights-johannesburg-richards-bay-jnb-rcb\/"]}]},{"@type":"ImageObject","inLanguage":"fr-FR","@id":"https:\/\/tiketi.com\/flights-johannesburg-richards-bay-jnb-rcb\/#primaryimage","url":"https:\/\/tiketi.com\/wp-content\/uploads\/2022\/01\/flight-ticket-booking-sorasak-KxCJXXGsv9I-unsplas.jpg","contentUrl":"https:\/\/tiketi.com\/wp-content\/uploads\/2022\/01\/flight-ticket-booking-sorasak-KxCJXXGsv9I-unsplas.jpg","width":1200,"height":240,"caption":"Online flight ticket booking"},{"@type":"BreadcrumbList","@id":"https:\/\/tiketi.com\/flights-johannesburg-richards-bay-jnb-rcb\/#breadcrumb","itemListElement":[{"@type":"ListItem","position":1,"name":"Home","item":"https:\/\/tiketi.com\/"},{"@type":"ListItem","position":2,"name":"Cheap Flights from\u00a0Johannesburg to Richards Bay"}]},{"@type":"WebSite","@id":"https:\/\/tiketi.com\/#website","url":"https:\/\/tiketi.com\/","name":"Billets d&#039;avion et de bus, forfaits touristiques et activit\u00e9s - Tiketi.com","description":"Billets d&#039;avion et de bus, Tours, Activit\u00e9s","publisher":{"@id":"https:\/\/tiketi.com\/#organization"},"potentialAction":[{"@type":"SearchAction","target":{"@type":"EntryPoint","urlTemplate":"https:\/\/tiketi.com\/?s={search_term_string}"},"query-input":{"@type":"PropertyValueSpecification","valueRequired":true,"valueName":"search_term_string"}}],"inLanguage":"fr-FR"},{"@type":"Organization","@id":"https:\/\/tiketi.com\/#organization","name":"Tiketi.com","alternateName":"Tiketi","url":"https:\/\/tiketi.com\/","logo":{"@type":"ImageObject","inLanguage":"fr-FR","@id":"https:\/\/tiketi.com\/#\/schema\/logo\/image\/","url":"https:\/\/tiketi.com\/wp-content\/uploads\/2019\/05\/tiketi-logo-696.png","contentUrl":"https:\/\/tiketi.com\/wp-content\/uploads\/2019\/05\/tiketi-logo-696.png","width":696,"height":696,"caption":"Tiketi.com"},"image":{"@id":"https:\/\/tiketi.com\/#\/schema\/logo\/image\/"},"sameAs":["https:\/\/www.facebook.com\/TiketiCom\/"]}]}},"_links":{"self":[{"href":"https:\/\/tiketi.com\/fr-fr\/wp-json\/wp\/v2\/pages\/11733","targetHints":{"allow":["GET"]}}],"collection":[{"href":"https:\/\/tiketi.com\/fr-fr\/wp-json\/wp\/v2\/pages"}],"about":[{"href":"https:\/\/tiketi.com\/fr-fr\/wp-json\/wp\/v2\/types\/page"}],"author":[{"embeddable":true,"href":"https:\/\/tiketi.com\/fr-fr\/wp-json\/wp\/v2\/users\/1"}],"replies":[{"embeddable":true,"href":"https:\/\/tiketi.com\/fr-fr\/wp-json\/wp\/v2\/comments?post=11733"}],"version-history":[{"count":0,"href":"https:\/\/tiketi.com\/fr-fr\/wp-json\/wp\/v2\/pages\/11733\/revisions"}],"wp:featuredmedia":[{"embeddable":true,"href":"https:\/\/tiketi.com\/fr-fr\/wp-json\/wp\/v2\/media\/14041"}],"wp:attachment":[{"href":"https:\/\/tiketi.com\/fr-fr\/wp-json\/wp\/v2\/media?parent=11733"}],"curies":[{"name":"wp","href":"https:\/\/api.w.org\/{rel}","templated":true}]}}